{"id":6756,"date":"2025-05-05T03:25:43","date_gmt":"2025-05-05T03:25:43","guid":{"rendered":"https:\/\/vapingnet.de\/?post_type=product&#038;p=6756"},"modified":"2026-04-15T07:36:43","modified_gmt":"2026-04-15T07:36:43","slug":"erstklassiger-strawberry-mango-geschmack-mit-waspe-15000-puffs-fuer-den-anspruchsvollsten-gaumen","status":"publish","type":"product","link":"https:\/\/vapingnet.de\/fr\/vape\/erstklassiger-strawberry-mango-geschmack-mit-waspe-15000-puffs-fuer-den-anspruchsvollsten-gaumen\/","title":{"rendered":"Go\u00fbt premier ordre Strawberry Mango Avec WASPE 15000 Puffs Pour les palais les plus exigeants"},"content":{"rendered":"<h2 data-start=\"0\" data-end=\"63\" data-immersive-translate-walked=\"3de21478-1246-4518-a7dd-f5616a47085e\">WASPE 15000 Bouff\u00e9es Une cigarette \u00e9lectronique de nouvelle g\u00e9n\u00e9ration<\/h2>\n<p class=\"\" data-start=\"65\" data-end=\"319\" data-immersive-translate-walked=\"3de21478-1246-4518-a7dd-f5616a47085e\" data-immersive-translate-paragraph=\"1\">La WASPE 15000 Bouff\u00e9es est une cigarette \u00e9lectronique jetable ultramoderne, qui \u00e9tablit de nouvelles normes en termes de performance, de convivialit\u00e9 et de go\u00fbt. Avec une multitude de fonctionnalit\u00e9s innovantes, c'est un appareil indispensable pour tous ceux qui aiment vapoter.<\/p>\n<h3>Caract\u00e9ristiques particuli\u00e8res de la WASPE 15000 Bouff\u00e9es<\/h3>\n<ol data-start=\"371\" data-end=\"1815\" data-immersive-translate-walked=\"3de21478-1246-4518-a7dd-f5616a47085e\">\n<li class=\"\" data-start=\"371\" data-end=\"733\" data-immersive-translate-walked=\"3de21478-1246-4518-a7dd-f5616a47085e\">\n<p class=\"\" data-start=\"374\" data-end=\"409\" data-immersive-translate-walked=\"3de21478-1246-4518-a7dd-f5616a47085e\">Capacit\u00e9 de bouff\u00e9e de 15 000 inhalations<\/p>\n<ul data-start=\"413\" data-end=\"733\" data-immersive-translate-walked=\"3de21478-1246-4518-a7dd-f5616a47085e\">\n<li class=\"\" data-start=\"413\" data-end=\"733\" data-immersive-translate-walked=\"3de21478-1246-4518-a7dd-f5616a47085e\">\n<p class=\"\" data-start=\"415\" data-end=\"733\" data-immersive-translate-walked=\"3de21478-1246-4518-a7dd-f5616a47085e\" data-immersive-translate-paragraph=\"1\">Avec une capacit\u00e9 de bouff\u00e9e exceptionnellement \u00e9lev\u00e9e, cette cigarette \u00e9lectronique jetable offre plus de 15 000 inhalations. Cela signifie que vous pouvez utiliser l'appareil pendant une longue p\u00e9riode sans avoir besoin de le recharger ou de le remplir. Le r\u00e9servoir d'e-liquide de 22 ml garantit une exp\u00e9rience de vapotage sans interruption.<\/p>\n<\/li>\n<\/ul>\n<\/li>\n<li class=\"\" data-start=\"735\" data-end=\"1170\" data-immersive-translate-walked=\"3de21478-1246-4518-a7dd-f5616a47085e\">\n<p class=\"\" data-start=\"738\" data-end=\"777\" data-immersive-translate-walked=\"3de21478-1246-4518-a7dd-f5616a47085e\">Technologie r\u00e9volutionnaire de coil en mesh<\/p>\n<ul data-start=\"781\" data-end=\"1170\" data-immersive-translate-walked=\"3de21478-1246-4518-a7dd-f5616a47085e\">\n<li class=\"\" data-start=\"781\" data-end=\"1170\" data-immersive-translate-walked=\"3de21478-1246-4518-a7dd-f5616a47085e\">\n<p class=\"\" data-start=\"783\" data-end=\"1170\" data-immersive-translate-walked=\"3de21478-1246-4518-a7dd-f5616a47085e\" data-immersive-translate-paragraph=\"1\">La technologie de coil en mesh de 0,8\u03a9 assure une vaporisation uniforme du liquide et intensifie la saveur. Gr\u00e2ce \u00e0 cette technologie, la vapeur est chauff\u00e9e de mani\u00e8re homog\u00e8ne, ce qui conduit \u00e0 une exp\u00e9rience plus riche, plus intense et plus savoureuse. La saveur \u00ab Fraise Mangue \u00bb se distingue particuli\u00e8rement ici \u2013 un m\u00e9lange fruit\u00e9 et sucr\u00e9 qui ravit le palais.<\/p>\n<\/li>\n<\/ul>\n<\/li>\n<li class=\"\" data-start=\"1172\" data-end=\"1496\" data-immersive-translate-walked=\"3de21478-1246-4518-a7dd-f5616a47085e\">\n<p class=\"\" data-start=\"1175\" data-end=\"1216\" data-immersive-translate-walked=\"3de21478-1246-4518-a7dd-f5616a47085e\">\u00c9cran LCD pour des informations en temps r\u00e9el<\/p>\n<ul data-start=\"1220\" data-end=\"1496\" data-immersive-translate-walked=\"3de21478-1246-4518-a7dd-f5616a47085e\">\n<li class=\"\" data-start=\"1220\" data-end=\"1496\" data-immersive-translate-walked=\"3de21478-1246-4518-a7dd-f5616a47085e\">\n<p class=\"\" data-start=\"1222\" data-end=\"1496\" data-immersive-translate-walked=\"3de21478-1246-4518-a7dd-f5616a47085e\" data-immersive-translate-paragraph=\"1\">L'\u00e9cran LCD vous fournit en permanence les informations les plus r\u00e9centes, telles que le niveau de la batterie, le nombre de bouff\u00e9es restantes et le niveau d'e-liquide. Cette fonction pratique vous aide \u00e0 garder un \u0153il sur l'appareil et \u00e0 vous assurer qu'il est toujours pr\u00eat \u00e0 l'emploi.<\/p>\n<\/li>\n<\/ul>\n<\/li>\n<li class=\"\" data-start=\"1498\" data-end=\"1815\" data-immersive-translate-walked=\"3de21478-1246-4518-a7dd-f5616a47085e\">\n<p class=\"\" data-start=\"1501\" data-end=\"1555\" data-immersive-translate-walked=\"3de21478-1246-4518-a7dd-f5616a47085e\">Utilisation prolong\u00e9e gr\u00e2ce \u00e0 une batterie rechargeable<\/p>\n<ul data-start=\"1559\" data-end=\"1815\" data-immersive-translate-walked=\"3de21478-1246-4518-a7dd-f5616a47085e\">\n<li class=\"\" data-start=\"1559\" data-end=\"1815\" data-immersive-translate-walked=\"3de21478-1246-4518-a7dd-f5616a47085e\">\n<p class=\"\" data-start=\"1561\" data-end=\"1815\" data-immersive-translate-walked=\"3de21478-1246-4518-a7dd-f5616a47085e\" data-immersive-translate-paragraph=\"1\">\u00c9quip\u00e9e d'une batterie de 850mAh pouvant \u00eatre recharg\u00e9e via le port Type-C moderne, vous pouvez recharger rapidement et efficacement l'appareil. Cette fonction prolonge l'utilisation et permet d'avoir l'appareil pr\u00eat \u00e0 tout moment.<\/p>\n<\/li>\n<\/ul>\n<\/li>\n<\/ol>\n<h4 data-start=\"1817\" data-end=\"1855\" data-immersive-translate-walked=\"3de21478-1246-4518-a7dd-f5616a47085e\"><img fetchpriority=\"high\" decoding=\"async\" class=\"wp-image-6883 aligncenter\" src=\"https:\/\/vapingnet.de\/wp-content\/uploads\/2025\/05\/3-300x169.jpg\" alt=\"\" width=\"1885\" height=\"1062\" srcset=\"https:\/\/vapingnet.de\/wp-content\/uploads\/2025\/05\/3-300x169.jpg 300w, https:\/\/vapingnet.de\/wp-content\/uploads\/2025\/05\/3-1024x576.jpg 1024w, https:\/\/vapingnet.de\/wp-content\/uploads\/2025\/05\/3-768x432.jpg 768w, https:\/\/vapingnet.de\/wp-content\/uploads\/2025\/05\/3-1536x864.jpg 1536w, https:\/\/vapingnet.de\/wp-content\/uploads\/2025\/05\/3-600x338.jpg 600w, https:\/\/vapingnet.de\/wp-content\/uploads\/2025\/05\/3-1x1.jpg 1w, https:\/\/vapingnet.de\/wp-content\/uploads\/2025\/05\/3-10x6.jpg 10w\" sizes=\"(max-width: 1885px) 100vw, 1885px\" \/><\/h4>\n<h4 data-start=\"1817\" data-end=\"1855\" data-immersive-translate-walked=\"3de21478-1246-4518-a7dd-f5616a47085e\">Avantages de la WASPE 15000 Bouff\u00e9es<\/h4>\n<ul data-start=\"1857\" data-end=\"2388\" data-immersive-translate-walked=\"3de21478-1246-4518-a7dd-f5616a47085e\">\n<li class=\"\" data-start=\"1857\" data-end=\"2119\" data-immersive-translate-walked=\"3de21478-1246-4518-a7dd-f5616a47085e\">\n<p class=\"\" data-start=\"1859\" data-end=\"2119\" data-immersive-translate-walked=\"3de21478-1246-4518-a7dd-f5616a47085e\" data-immersive-translate-paragraph=\"1\">Disponible sans douane : Commandez la WASPE 15000 Bouff\u00e9es sans souci de frais de douane suppl\u00e9mentaires ou de d\u00e9marches administratives. Sur vapingnet.fr, vous pouvez acqu\u00e9rir rapidement et facilement l'appareil et le faire livrer directement chez vous.<\/p>\n<\/li>\n<li class=\"\" data-start=\"2123\" data-end=\"2388\" data-immersive-translate-walked=\"3de21478-1246-4518-a7dd-f5616a47085e\">\n<p class=\"\" data-start=\"2125\" data-end=\"2388\" data-immersive-translate-walked=\"3de21478-1246-4518-a7dd-f5616a47085e\" data-immersive-translate-paragraph=\"1\">Utilisation pratique et maniement : La WASPE 15000 Bouff\u00e9es n'est pas seulement puissante, mais aussi extr\u00eamement facile \u00e0 utiliser. Avec l'option de charge pratique, l'\u00e9cran LCD bien structur\u00e9 et la forme ergonomique, l'appareil tient parfaitement dans la main.<\/p>\n<\/li>\n<\/ul>\n<h4>Pourquoi choisir la WASPE 15000 Bouff\u00e9es ?<\/h4>\n<p class=\"\" data-start=\"2435\" data-end=\"2796\" data-immersive-translate-walked=\"3de21478-1246-4518-a7dd-f5616a47085e\" data-immersive-translate-paragraph=\"1\">Pour les vapoteurs \u00e0 la recherche d'un appareil fiable et performant, la WASPE 15000 Bouff\u00e9es offre une solution parfaite. Elle combine une grande capacit\u00e9, une technologie innovante et une exp\u00e9rience gustative de premier ordre. Que vous soyez un vapoteur exp\u00e9riment\u00e9 ou un d\u00e9butant \u2013 cet appareil d\u00e9passera \u00e0 coup s\u00fbr vos attentes.<\/p>\n<h4 data-start=\"2798\" data-end=\"2842\" data-immersive-translate-walked=\"3de21478-1246-4518-a7dd-f5616a47085e\">Commandez d\u00e8s maintenant sur vapingnet.fr<\/h4>\n<p class=\"\" data-start=\"2844\" data-end=\"3054\" data-immersive-translate-walked=\"3de21478-1246-4518-a7dd-f5616a47085e\" data-immersive-translate-paragraph=\"1\">D\u00e9couvrez le futur du vapotage avec la WASPE 15000 Bouff\u00e9es et commandez d\u00e8s aujourd'hui sur vapingnet.fr. Profitez de d\u00e9lais de livraison rapides et d'un processus d'achat pratique sans frais de douane.<\/p>","protected":false},"excerpt":{"rendered":"<p>WASPE 15000 Puffs Eine E-Zigarette der n\u00e4chsten Generation Die WASPE 15000 Puffs ist eine hochmoderne Einweg E-Zigarette, die in puncto Leistung, Benutzerfreundlichkeit und Geschmack neue&#8230;<\/p>","protected":false},"featured_media":6740,"template":"","meta":[],"etheme_brands":[],"product_brand":[98],"product_cat":[53,49,61],"product_tag":[],"class_list":{"0":"post-6756","1":"product","2":"type-product","3":"status-publish","4":"has-post-thumbnail","6":"product_brand-waspe-vape","7":"product_cat-vape-15000-zuege","8":"product_cat-einweg-e-zigarette","9":"product_cat-f","11":"first","12":"instock","13":"shipping-taxable","14":"purchasable","15":"product-type-variable"},"yoast_head":"<!-- This site is optimized with the Yoast SEO plugin v26.5 - https:\/\/yoast.com\/wordpress\/plugins\/seo\/ -->\n<title>Erstklassiger Strawberry Mango Geschmack Mit WASPE 15000 Puffs F\u00fcr Den Anspruchsvollsten Gaumen | Vapingnet.de<\/title>\n<meta name=\"description\" content=\"Entdecke Erstklassiger Strawberry Mango Geschmack Mit WASPE 15000 Puffs F\u00fcr Den Anspruchsvollsten Gaumen bei vapingnet.de, \u25ba Gro\u00dfe Auswahl an Geschmacksrichtungen &amp; super g\u00fcnstig!\" \/>\n<meta name=\"robots\" content=\"index, follow, max-snippet:-1, max-image-preview:large, max-video-preview:-1\" \/>\n<link rel=\"canonical\" href=\"https:\/\/vapingnet.de\/fr\/vape\/erstklassiger-strawberry-mango-geschmack-mit-waspe-15000-puffs-fuer-den-anspruchsvollsten-gaumen\/\" \/>\n<meta property=\"og:locale\" content=\"fr_FR\" \/>\n<meta property=\"og:type\" content=\"article\" \/>\n<meta property=\"og:title\" content=\"Erstklassiger Strawberry Mango Geschmack Mit WASPE 15000 Puffs F\u00fcr Den Anspruchsvollsten Gaumen | Vapingnet.de\" \/>\n<meta property=\"og:description\" content=\"Entdecke Erstklassiger Strawberry Mango Geschmack Mit WASPE 15000 Puffs F\u00fcr Den Anspruchsvollsten Gaumen bei vapingnet.de, \u25ba Gro\u00dfe Auswahl an Geschmacksrichtungen &amp; super g\u00fcnstig!\" \/>\n<meta property=\"og:url\" content=\"https:\/\/vapingnet.de\/fr\/vape\/erstklassiger-strawberry-mango-geschmack-mit-waspe-15000-puffs-fuer-den-anspruchsvollsten-gaumen\/\" \/>\n<meta property=\"og:site_name\" content=\"Vapingnet.de\" \/>\n<meta property=\"article:publisher\" content=\"https:\/\/www.facebook.com\/vapingnetde\/\" \/>\n<meta property=\"article:modified_time\" content=\"2026-04-15T07:36:43+00:00\" \/>\n<meta property=\"og:image\" content=\"https:\/\/vapingnet.de\/wp-content\/uploads\/2025\/05\/Strawberry-Mango.webp\" \/>\n\t<meta property=\"og:image:width\" content=\"1000\" \/>\n\t<meta property=\"og:image:height\" content=\"1000\" \/>\n\t<meta property=\"og:image:type\" content=\"image\/webp\" \/>\n<meta name=\"twitter:card\" content=\"summary_large_image\" \/>\n<meta name=\"twitter:label1\" content=\"Dur\u00e9e de lecture estim\u00e9e\" \/>\n\t<meta name=\"twitter:data1\" content=\"3 minutes\" \/>\n<script type=\"application\/ld+json\" class=\"yoast-schema-graph\">{\"@context\":\"https:\/\/schema.org\",\"@graph\":[{\"@type\":\"WebPage\",\"@id\":\"https:\/\/vapingnet.de\/vape\/erstklassiger-strawberry-mango-geschmack-mit-waspe-15000-puffs-fuer-den-anspruchsvollsten-gaumen\/\",\"url\":\"https:\/\/vapingnet.de\/vape\/erstklassiger-strawberry-mango-geschmack-mit-waspe-15000-puffs-fuer-den-anspruchsvollsten-gaumen\/\",\"name\":\"Erstklassiger Strawberry Mango Geschmack Mit WASPE 15000 Puffs F\u00fcr Den Anspruchsvollsten Gaumen | Vapingnet.de\",\"isPartOf\":{\"@id\":\"https:\/\/vapingnet.de\/#website\"},\"primaryImageOfPage\":{\"@id\":\"https:\/\/vapingnet.de\/vape\/erstklassiger-strawberry-mango-geschmack-mit-waspe-15000-puffs-fuer-den-anspruchsvollsten-gaumen\/#primaryimage\"},\"image\":{\"@id\":\"https:\/\/vapingnet.de\/vape\/erstklassiger-strawberry-mango-geschmack-mit-waspe-15000-puffs-fuer-den-anspruchsvollsten-gaumen\/#primaryimage\"},\"thumbnailUrl\":\"https:\/\/vapingnet.de\/wp-content\/uploads\/2025\/05\/Strawberry-Mango.webp\",\"datePublished\":\"2025-05-05T03:25:43+00:00\",\"dateModified\":\"2026-04-15T07:36:43+00:00\",\"description\":\"Entdecke Erstklassiger Strawberry Mango Geschmack Mit WASPE 15000 Puffs F\u00fcr Den Anspruchsvollsten Gaumen bei vapingnet.de, \u25ba Gro\u00dfe Auswahl an Geschmacksrichtungen & super g\u00fcnstig!\",\"breadcrumb\":{\"@id\":\"https:\/\/vapingnet.de\/vape\/erstklassiger-strawberry-mango-geschmack-mit-waspe-15000-puffs-fuer-den-anspruchsvollsten-gaumen\/#breadcrumb\"},\"inLanguage\":\"fr-FR\",\"potentialAction\":[{\"@type\":\"ReadAction\",\"target\":[\"https:\/\/vapingnet.de\/vape\/erstklassiger-strawberry-mango-geschmack-mit-waspe-15000-puffs-fuer-den-anspruchsvollsten-gaumen\/\"]}]},{\"@type\":\"ImageObject\",\"inLanguage\":\"fr-FR\",\"@id\":\"https:\/\/vapingnet.de\/vape\/erstklassiger-strawberry-mango-geschmack-mit-waspe-15000-puffs-fuer-den-anspruchsvollsten-gaumen\/#primaryimage\",\"url\":\"https:\/\/vapingnet.de\/wp-content\/uploads\/2025\/05\/Strawberry-Mango.webp\",\"contentUrl\":\"https:\/\/vapingnet.de\/wp-content\/uploads\/2025\/05\/Strawberry-Mango.webp\",\"width\":1000,\"height\":1000},{\"@type\":\"BreadcrumbList\",\"@id\":\"https:\/\/vapingnet.de\/vape\/erstklassiger-strawberry-mango-geschmack-mit-waspe-15000-puffs-fuer-den-anspruchsvollsten-gaumen\/#breadcrumb\",\"itemListElement\":[{\"@type\":\"ListItem\",\"position\":1,\"name\":\"Home\",\"item\":\"https:\/\/vapingnet.de\/\"},{\"@type\":\"ListItem\",\"position\":2,\"name\":\"Shop\",\"item\":\"https:\/\/vapingnet.de\/vape\/\"},{\"@type\":\"ListItem\",\"position\":3,\"name\":\"Erstklassiger Strawberry Mango Geschmack Mit WASPE 15000 Puffs F\u00fcr Den Anspruchsvollsten Gaumen\"}]},{\"@type\":\"WebSite\",\"@id\":\"https:\/\/vapingnet.de\/#website\",\"url\":\"https:\/\/vapingnet.de\/\",\"name\":\"Vapingnet.de\",\"description\":\"\",\"publisher\":{\"@id\":\"https:\/\/vapingnet.de\/#organization\"},\"potentialAction\":[{\"@type\":\"SearchAction\",\"target\":{\"@type\":\"EntryPoint\",\"urlTemplate\":\"https:\/\/vapingnet.de\/?s={search_term_string}\"},\"query-input\":{\"@type\":\"PropertyValueSpecification\",\"valueRequired\":true,\"valueName\":\"search_term_string\"}}],\"inLanguage\":\"fr-FR\"},{\"@type\":\"Organization\",\"@id\":\"https:\/\/vapingnet.de\/#organization\",\"name\":\"Vapingnet.de\",\"url\":\"https:\/\/vapingnet.de\/\",\"logo\":{\"@type\":\"ImageObject\",\"inLanguage\":\"fr-FR\",\"@id\":\"https:\/\/vapingnet.de\/#\/schema\/logo\/image\/\",\"url\":\"https:\/\/vapingnet.de\/wp-content\/uploads\/2025\/03\/cropped-vapingnet.de_.jpg\",\"contentUrl\":\"https:\/\/vapingnet.de\/wp-content\/uploads\/2025\/03\/cropped-vapingnet.de_.jpg\",\"width\":512,\"height\":512,\"caption\":\"Vapingnet.de\"},\"image\":{\"@id\":\"https:\/\/vapingnet.de\/#\/schema\/logo\/image\/\"},\"sameAs\":[\"https:\/\/www.facebook.com\/vapingnetde\/\"]}]}<\/script>\n<!-- \/ Yoast SEO plugin. -->","yoast_head_json":{"title":"Erstklassiger Strawberry Mango Geschmack Mit WASPE 15000 Puffs F\u00fcr Den Anspruchsvollsten Gaumen | Vapingnet.de","description":"Entdecke Erstklassiger Strawberry Mango Geschmack Mit WASPE 15000 Puffs F\u00fcr Den Anspruchsvollsten Gaumen bei vapingnet.de, \u25ba Gro\u00dfe Auswahl an Geschmacksrichtungen & super g\u00fcnstig!","robots":{"index":"index","follow":"follow","max-snippet":"max-snippet:-1","max-image-preview":"max-image-preview:large","max-video-preview":"max-video-preview:-1"},"canonical":"https:\/\/vapingnet.de\/fr\/vape\/erstklassiger-strawberry-mango-geschmack-mit-waspe-15000-puffs-fuer-den-anspruchsvollsten-gaumen\/","og_locale":"fr_FR","og_type":"article","og_title":"Erstklassiger Strawberry Mango Geschmack Mit WASPE 15000 Puffs F\u00fcr Den Anspruchsvollsten Gaumen | Vapingnet.de","og_description":"Entdecke Erstklassiger Strawberry Mango Geschmack Mit WASPE 15000 Puffs F\u00fcr Den Anspruchsvollsten Gaumen bei vapingnet.de, \u25ba Gro\u00dfe Auswahl an Geschmacksrichtungen & super g\u00fcnstig!","og_url":"https:\/\/vapingnet.de\/fr\/vape\/erstklassiger-strawberry-mango-geschmack-mit-waspe-15000-puffs-fuer-den-anspruchsvollsten-gaumen\/","og_site_name":"Vapingnet.de","article_publisher":"https:\/\/www.facebook.com\/vapingnetde\/","article_modified_time":"2026-04-15T07:36:43+00:00","og_image":[{"width":1000,"height":1000,"url":"https:\/\/vapingnet.de\/wp-content\/uploads\/2025\/05\/Strawberry-Mango.webp","type":"image\/webp"}],"twitter_card":"summary_large_image","twitter_misc":{"Dur\u00e9e de lecture estim\u00e9e":"3 minutes"},"schema":{"@context":"https:\/\/schema.org","@graph":[{"@type":"WebPage","@id":"https:\/\/vapingnet.de\/vape\/erstklassiger-strawberry-mango-geschmack-mit-waspe-15000-puffs-fuer-den-anspruchsvollsten-gaumen\/","url":"https:\/\/vapingnet.de\/vape\/erstklassiger-strawberry-mango-geschmack-mit-waspe-15000-puffs-fuer-den-anspruchsvollsten-gaumen\/","name":"Erstklassiger Strawberry Mango Geschmack Mit WASPE 15000 Puffs F\u00fcr Den Anspruchsvollsten Gaumen | Vapingnet.de","isPartOf":{"@id":"https:\/\/vapingnet.de\/#website"},"primaryImageOfPage":{"@id":"https:\/\/vapingnet.de\/vape\/erstklassiger-strawberry-mango-geschmack-mit-waspe-15000-puffs-fuer-den-anspruchsvollsten-gaumen\/#primaryimage"},"image":{"@id":"https:\/\/vapingnet.de\/vape\/erstklassiger-strawberry-mango-geschmack-mit-waspe-15000-puffs-fuer-den-anspruchsvollsten-gaumen\/#primaryimage"},"thumbnailUrl":"https:\/\/vapingnet.de\/wp-content\/uploads\/2025\/05\/Strawberry-Mango.webp","datePublished":"2025-05-05T03:25:43+00:00","dateModified":"2026-04-15T07:36:43+00:00","description":"Entdecke Erstklassiger Strawberry Mango Geschmack Mit WASPE 15000 Puffs F\u00fcr Den Anspruchsvollsten Gaumen bei vapingnet.de, \u25ba Gro\u00dfe Auswahl an Geschmacksrichtungen & super g\u00fcnstig!","breadcrumb":{"@id":"https:\/\/vapingnet.de\/vape\/erstklassiger-strawberry-mango-geschmack-mit-waspe-15000-puffs-fuer-den-anspruchsvollsten-gaumen\/#breadcrumb"},"inLanguage":"fr-FR","potentialAction":[{"@type":"ReadAction","target":["https:\/\/vapingnet.de\/vape\/erstklassiger-strawberry-mango-geschmack-mit-waspe-15000-puffs-fuer-den-anspruchsvollsten-gaumen\/"]}]},{"@type":"ImageObject","inLanguage":"fr-FR","@id":"https:\/\/vapingnet.de\/vape\/erstklassiger-strawberry-mango-geschmack-mit-waspe-15000-puffs-fuer-den-anspruchsvollsten-gaumen\/#primaryimage","url":"https:\/\/vapingnet.de\/wp-content\/uploads\/2025\/05\/Strawberry-Mango.webp","contentUrl":"https:\/\/vapingnet.de\/wp-content\/uploads\/2025\/05\/Strawberry-Mango.webp","width":1000,"height":1000},{"@type":"BreadcrumbList","@id":"https:\/\/vapingnet.de\/vape\/erstklassiger-strawberry-mango-geschmack-mit-waspe-15000-puffs-fuer-den-anspruchsvollsten-gaumen\/#breadcrumb","itemListElement":[{"@type":"ListItem","position":1,"name":"Home","item":"https:\/\/vapingnet.de\/"},{"@type":"ListItem","position":2,"name":"Shop","item":"https:\/\/vapingnet.de\/vape\/"},{"@type":"ListItem","position":3,"name":"Erstklassiger Strawberry Mango Geschmack Mit WASPE 15000 Puffs F\u00fcr Den Anspruchsvollsten Gaumen"}]},{"@type":"WebSite","@id":"https:\/\/vapingnet.de\/#website","url":"https:\/\/vapingnet.de\/","name":"Vapingnet.de","description":"","publisher":{"@id":"https:\/\/vapingnet.de\/#organization"},"potentialAction":[{"@type":"SearchAction","target":{"@type":"EntryPoint","urlTemplate":"https:\/\/vapingnet.de\/?s={search_term_string}"},"query-input":{"@type":"PropertyValueSpecification","valueRequired":true,"valueName":"search_term_string"}}],"inLanguage":"fr-FR"},{"@type":"Organization","@id":"https:\/\/vapingnet.de\/#organization","name":"Vapingnet.de","url":"https:\/\/vapingnet.de\/","logo":{"@type":"ImageObject","inLanguage":"fr-FR","@id":"https:\/\/vapingnet.de\/#\/schema\/logo\/image\/","url":"https:\/\/vapingnet.de\/wp-content\/uploads\/2025\/03\/cropped-vapingnet.de_.jpg","contentUrl":"https:\/\/vapingnet.de\/wp-content\/uploads\/2025\/03\/cropped-vapingnet.de_.jpg","width":512,"height":512,"caption":"Vapingnet.de"},"image":{"@id":"https:\/\/vapingnet.de\/#\/schema\/logo\/image\/"},"sameAs":["https:\/\/www.facebook.com\/vapingnetde\/"]}]}},"tiered_pricing_type":"fixed","tiered_pricing_fixed_rules":[],"tiered_pricing_product_settings":{"layout":"default","base_unit_name":{"singular":null,"plural":null},"default_variation":null},"tiered_pricing_minimum_quantity":null,"tiered_pricing_roles_data":[],"tiered_pricing_percentage_rules":[],"_links":{"self":[{"href":"https:\/\/vapingnet.de\/fr\/wp-json\/wp\/v2\/product\/6756","targetHints":{"allow":["GET"]}}],"collection":[{"href":"https:\/\/vapingnet.de\/fr\/wp-json\/wp\/v2\/product"}],"about":[{"href":"https:\/\/vapingnet.de\/fr\/wp-json\/wp\/v2\/types\/product"}],"version-history":[{"count":4,"href":"https:\/\/vapingnet.de\/fr\/wp-json\/wp\/v2\/product\/6756\/revisions"}],"predecessor-version":[{"id":6884,"href":"https:\/\/vapingnet.de\/fr\/wp-json\/wp\/v2\/product\/6756\/revisions\/6884"}],"wp:featuredmedia":[{"embeddable":true,"href":"https:\/\/vapingnet.de\/fr\/wp-json\/wp\/v2\/media\/6740"}],"wp:attachment":[{"href":"https:\/\/vapingnet.de\/fr\/wp-json\/wp\/v2\/media?parent=6756"}],"wp:term":[{"taxonomy":"brand","embeddable":true,"href":"https:\/\/vapingnet.de\/fr\/wp-json\/wp\/v2\/etheme_brands?post=6756"},{"taxonomy":"product_brand","embeddable":true,"href":"https:\/\/vapingnet.de\/fr\/wp-json\/wp\/v2\/product_brand?post=6756"},{"taxonomy":"product_cat","embeddable":true,"href":"https:\/\/vapingnet.de\/fr\/wp-json\/wp\/v2\/product_cat?post=6756"},{"taxonomy":"product_tag","embeddable":true,"href":"https:\/\/vapingnet.de\/fr\/wp-json\/wp\/v2\/product_tag?post=6756"}],"curies":[{"name":"wp","href":"https:\/\/api.w.org\/{rel}","templated":true}]}}