{"id":6758,"date":"2025-05-05T03:26:27","date_gmt":"2025-05-05T03:26:27","guid":{"rendered":"https:\/\/vapingnet.de\/?post_type=product&#038;p=6758"},"modified":"2026-04-15T07:35:33","modified_gmt":"2026-04-15T07:35:33","slug":"peach-lce-geschmack-mit-waspe-15000-puffs-direkter-versand-weltweit-beliebt-top-qualitaet","status":"publish","type":"product","link":"https:\/\/vapingnet.de\/fr\/vape\/peach-lce-geschmack-mit-waspe-15000-puffs-direkter-versand-weltweit-beliebt-top-qualitaet\/","title":{"rendered":"Go\u00fbt p\u00eache glace Avec WASPE 15000 Puffs Livraison directe dans le monde entier, populaire, haute qualit\u00e9"},"content":{"rendered":"<h2 data-start=\"0\" data-end=\"72\">WASPE 15000 Bouff\u00e9es La cigarette \u00e9lectronique jetable pour les vapoteurs exigeants<\/h2>\n<p class=\"\" data-start=\"74\" data-end=\"358\" data-immersive-translate-walked=\"5e8aaed0-6db9-4f02-ae23-4d550e457d1c\" data-immersive-translate-paragraph=\"1\">La WASPE 15000 Bouff\u00e9es est une cigarette \u00e9lectronique jetable de premi\u00e8re classe, offrant des performances impressionnantes et une longue dur\u00e9e d'utilisation. Avec une technologie avanc\u00e9e et un design innovant, ce mod\u00e8le fournit tout ce dont les vapoteurs ont besoin pour une exp\u00e9rience de vapotage de qualit\u00e9 sup\u00e9rieure.<\/p>\n<p data-start=\"74\" data-end=\"358\" data-immersive-translate-walked=\"5e8aaed0-6db9-4f02-ae23-4d550e457d1c\" data-immersive-translate-paragraph=\"1\"><img fetchpriority=\"high\" decoding=\"async\" class=\"wp-image-6881 aligncenter\" src=\"https:\/\/vapingnet.de\/wp-content\/uploads\/2025\/05\/1-300x141.jpg\" alt=\"\" width=\"1215\" height=\"571\" srcset=\"https:\/\/vapingnet.de\/wp-content\/uploads\/2025\/05\/1-300x141.jpg 300w, https:\/\/vapingnet.de\/wp-content\/uploads\/2025\/05\/1-1024x480.jpg 1024w, https:\/\/vapingnet.de\/wp-content\/uploads\/2025\/05\/1-768x360.jpg 768w, https:\/\/vapingnet.de\/wp-content\/uploads\/2025\/05\/1-1536x720.jpg 1536w, https:\/\/vapingnet.de\/wp-content\/uploads\/2025\/05\/1-600x281.jpg 600w, https:\/\/vapingnet.de\/wp-content\/uploads\/2025\/05\/1-1x1.jpg 1w, https:\/\/vapingnet.de\/wp-content\/uploads\/2025\/05\/1-10x5.jpg 10w\" sizes=\"(max-width: 1215px) 100vw, 1215px\" \/><\/p>\n<h3>Avantages de la WASPE 15000 Bouff\u00e9es<\/h3>\n<p class=\"\" data-start=\"400\" data-end=\"579\" data-immersive-translate-walked=\"5e8aaed0-6db9-4f02-ae23-4d550e457d1c\" data-immersive-translate-paragraph=\"1\">La WASPE 15000 Bouff\u00e9es est \u00e9quip\u00e9e de plusieurs fonctionnalit\u00e9s qui en font l'une des meilleures cigarettes \u00e9lectroniques jetables sur le march\u00e9. Voici les principaux avantages :<\/p>\n<ul data-start=\"581\" data-end=\"1519\">\n<li class=\"\" data-start=\"581\" data-end=\"751\">\n<p class=\"\" data-start=\"583\" data-end=\"751\" data-immersive-translate-walked=\"5e8aaed0-6db9-4f02-ae23-4d550e457d1c\" data-immersive-translate-paragraph=\"1\">15 000 bouff\u00e9es : Avec une capacit\u00e9 \u00e9tonnante de 15 000 bouff\u00e9es, la WASPE 15000 Bouff\u00e9es permet une utilisation prolong\u00e9e sans recharges ou changements fr\u00e9quents.<\/p>\n<\/li>\n<li class=\"\" data-start=\"752\" data-end=\"936\">\n<p class=\"\" data-start=\"754\" data-end=\"936\" data-immersive-translate-walked=\"5e8aaed0-6db9-4f02-ae23-4d550e457d1c\" data-immersive-translate-paragraph=\"1\">Grand r\u00e9servoir de e-liquide de 22 ml : Gr\u00e2ce \u00e0 son r\u00e9servoir g\u00e9n\u00e9reux, vous n'avez pas \u00e0 vous soucier de le remplir fr\u00e9quemment. Il offre une longue dur\u00e9e de vapeur avant de se vider.<\/p>\n<\/li>\n<li class=\"\" data-start=\"937\" data-end=\"1092\">\n<p class=\"\" data-start=\"939\" data-end=\"1092\" data-immersive-translate-walked=\"5e8aaed0-6db9-4f02-ae23-4d550e457d1c\" data-immersive-translate-paragraph=\"1\">Technologie de coil en mesh : La coil en mesh de 0,8\u03a9 assure une vaporisation uniforme et un go\u00fbt plus intense. Chaque bouff\u00e9e est riche en ar\u00f4me et vapeur.<\/p>\n<\/li>\n<li class=\"\" data-start=\"1093\" data-end=\"1329\">\n<p class=\"\" data-start=\"1095\" data-end=\"1329\" data-immersive-translate-walked=\"5e8aaed0-6db9-4f02-ae23-4d550e457d1c\" data-immersive-translate-paragraph=\"1\">\u00c9cran LCD : L'\u00e9cran LCD affiche des informations importantes en temps r\u00e9el, telles que le niveau de la batterie, le niveau de e-liquide et le nombre de bouff\u00e9es restantes. Vous savez ainsi toujours quand il est temps de recharger ou de remplir.<\/p>\n<\/li>\n<li class=\"\" data-start=\"1330\" data-end=\"1519\">\n<p class=\"\" data-start=\"1332\" data-end=\"1519\" data-immersive-translate-walked=\"5e8aaed0-6db9-4f02-ae23-4d550e457d1c\" data-immersive-translate-paragraph=\"1\">Batterie rechargeable : Avec une batterie rechargeable de 850 mAh, la WASPE 15000 Bouff\u00e9es offre une longue autonomie, rapidement recharg\u00e9e via le port Type-C.<\/p>\n<\/li>\n<\/ul>\n<h4 data-start=\"1521\" data-end=\"1551\" data-immersive-translate-walked=\"5e8aaed0-6db9-4f02-ae23-4d550e457d1c\">Go\u00fbt et performance<\/h4>\n<p class=\"\" data-start=\"1553\" data-end=\"1885\" data-immersive-translate-walked=\"5e8aaed0-6db9-4f02-ae23-4d550e457d1c\" data-immersive-translate-paragraph=\"1\">La WASPE 15000 Bouff\u00e9es offre un go\u00fbt exceptionnel gr\u00e2ce \u00e0 la technologie de coil en mesh. Le go\u00fbt \u00ab Peach Ice \u00bb offre une combinaison rafra\u00eechissante de p\u00eaches sucr\u00e9es et de menthol rafra\u00eechissant. Ce m\u00e9lange procure une exp\u00e9rience de vapotage agr\u00e9able et rafra\u00eechissante, m\u00eame lors d'une utilisation prolong\u00e9e, sans perte de saveur.<\/p>\n<h4 data-start=\"1887\" data-end=\"1925\" data-immersive-translate-walked=\"5e8aaed0-6db9-4f02-ae23-4d550e457d1c\">Fonctions conviviales<\/h4>\n<p class=\"\" data-start=\"1927\" data-end=\"2364\" data-immersive-translate-walked=\"5e8aaed0-6db9-4f02-ae23-4d550e457d1c\" data-immersive-translate-paragraph=\"1\">La WASPE 15000 Bouff\u00e9es a \u00e9t\u00e9 con\u00e7ue pour \u00eatre facile \u00e0 utiliser. L'\u00e9cran LCD vous informe \u00e0 tout moment de l'\u00e9tat actuel de l'appareil, tandis que le port de charge Type-C permet une recharge rapide et simple. La grande capacit\u00e9 de bouff\u00e9es et le grand r\u00e9servoir de e-liquide garantissent que vous pouvez profiter de l'appareil pendant une longue p\u00e9riode sans avoir \u00e0 le remplir ou le recharger fr\u00e9quemment.<\/p>\n<h3>Pourquoi choisir la WASPE 15000 Bouff\u00e9es ?<\/h3>\n<ul data-start=\"2411\" data-end=\"2911\">\n<li class=\"\" data-start=\"2411\" data-end=\"2530\">\n<p class=\"\" data-start=\"2413\" data-end=\"2530\" data-immersive-translate-walked=\"5e8aaed0-6db9-4f02-ae23-4d550e457d1c\" data-immersive-translate-paragraph=\"1\">Durabilit\u00e9 et grande capacit\u00e9 : 15 000 bouff\u00e9es et un r\u00e9servoir de 22 ml offrent une exp\u00e9rience d'utilisation exceptionnelle.<\/p>\n<\/li>\n<li class=\"\" data-start=\"2531\" data-end=\"2644\">\n<p class=\"\" data-start=\"2533\" data-end=\"2644\" data-immersive-translate-walked=\"5e8aaed0-6db9-4f02-ae23-4d550e457d1c\" data-immersive-translate-paragraph=\"1\">Go\u00fbt rafra\u00eechissant : Le go\u00fbt \u00ab Peach Ice \u00bb procure une sensation intense et fra\u00eeche \u00e0 chaque bouff\u00e9e.<\/p>\n<\/li>\n<li class=\"\" data-start=\"2645\" data-end=\"2759\">\n<p class=\"\" data-start=\"2647\" data-end=\"2759\" data-immersive-translate-walked=\"5e8aaed0-6db9-4f02-ae23-4d550e457d1c\" data-immersive-translate-paragraph=\"1\">Facilit\u00e9 d'utilisation : Avec l'\u00e9cran LCD et le port de charge Type-C, l'appareil est particuli\u00e8rement convivial.<\/p>\n<\/li>\n<li class=\"\" data-start=\"2760\" data-end=\"2911\">\n<p class=\"\" data-start=\"2762\" data-end=\"2911\" data-immersive-translate-walked=\"5e8aaed0-6db9-4f02-ae23-4d550e457d1c\" data-immersive-translate-paragraph=\"1\">Disponible sans taxe : Sur vapingnet.fr, vous pouvez commander la WASPE 15000 Bouff\u00e9es facilement, sans vous soucier de frais suppl\u00e9mentaires.<\/p>\n<\/li>\n<\/ul>\n<h4 data-start=\"2913\" data-end=\"2973\" data-immersive-translate-walked=\"5e8aaed0-6db9-4f02-ae23-4d550e457d1c\">Commandez la WASPE 15000 Bouff\u00e9es sur vapingnet.fr<\/h4>\n<p class=\"\" data-start=\"2975\" data-end=\"3260\" data-immersive-translate-walked=\"5e8aaed0-6db9-4f02-ae23-4d550e457d1c\" data-immersive-translate-paragraph=\"1\">La WASPE 15000 Bouff\u00e9es est un choix parfait pour les vapoteurs recherchant une cigarette \u00e9lectronique jetable puissante, durable et au go\u00fbt intense. Commandez votre WASPE 15000 Bouff\u00e9es d\u00e8s aujourd'hui sur vapingnet.fr et profitez des avantages de cette cigarette \u00e9lectronique innovante.<\/p>","protected":false},"excerpt":{"rendered":"<p>WASPE 15000 Puffs Die Einweg E-Zigarette f\u00fcr anspruchsvolle Dampfer Die WASPE 15000 Puffs ist eine erstklassige Einweg E-Zigarette, die eine beeindruckende Leistung und eine lange&#8230;<\/p>","protected":false},"featured_media":6738,"template":"","meta":[],"etheme_brands":[],"product_brand":[98],"product_cat":[53,49,61],"product_tag":[],"class_list":{"0":"post-6758","1":"product","2":"type-product","3":"status-publish","4":"has-post-thumbnail","6":"product_brand-waspe-vape","7":"product_cat-vape-15000-zuege","8":"product_cat-einweg-e-zigarette","9":"product_cat-f","11":"first","12":"instock","13":"shipping-taxable","14":"purchasable","15":"product-type-variable"},"yoast_head":"<!-- This site is optimized with the Yoast SEO plugin v26.5 - https:\/\/yoast.com\/wordpress\/plugins\/seo\/ -->\n<title>Peach lce Geschmack Mit WASPE 15000 Puffs Direkter Versand Weltweit Beliebt Top Qualit\u00e4t | Vapingnet.de<\/title>\n<meta name=\"description\" content=\"Entdecke Peach lce Geschmack Mit WASPE 15000 Puffs Direkter Versand Weltweit Beliebt Top Qualit\u00e4t bei vapingnet.de, \u25ba Gro\u00dfe Auswahl an Geschmacksrichtungen &amp; super g\u00fcnstig!\" \/>\n<meta name=\"robots\" content=\"index, follow, max-snippet:-1, max-image-preview:large, max-video-preview:-1\" \/>\n<link rel=\"canonical\" href=\"https:\/\/vapingnet.de\/fr\/vape\/peach-lce-geschmack-mit-waspe-15000-puffs-direkter-versand-weltweit-beliebt-top-qualitaet\/\" \/>\n<meta property=\"og:locale\" content=\"fr_FR\" \/>\n<meta property=\"og:type\" content=\"article\" \/>\n<meta property=\"og:title\" content=\"Peach lce Geschmack Mit WASPE 15000 Puffs Direkter Versand Weltweit Beliebt Top Qualit\u00e4t | Vapingnet.de\" \/>\n<meta property=\"og:description\" content=\"Entdecke Peach lce Geschmack Mit WASPE 15000 Puffs Direkter Versand Weltweit Beliebt Top Qualit\u00e4t bei vapingnet.de, \u25ba Gro\u00dfe Auswahl an Geschmacksrichtungen &amp; super g\u00fcnstig!\" \/>\n<meta property=\"og:url\" content=\"https:\/\/vapingnet.de\/fr\/vape\/peach-lce-geschmack-mit-waspe-15000-puffs-direkter-versand-weltweit-beliebt-top-qualitaet\/\" \/>\n<meta property=\"og:site_name\" content=\"Vapingnet.de\" \/>\n<meta property=\"article:publisher\" content=\"https:\/\/www.facebook.com\/vapingnetde\/\" \/>\n<meta property=\"article:modified_time\" content=\"2026-04-15T07:35:33+00:00\" \/>\n<meta property=\"og:image\" content=\"https:\/\/vapingnet.de\/wp-content\/uploads\/2025\/05\/Peach-lce.webp\" \/>\n\t<meta property=\"og:image:width\" content=\"1000\" \/>\n\t<meta property=\"og:image:height\" content=\"1000\" \/>\n\t<meta property=\"og:image:type\" content=\"image\/webp\" \/>\n<meta name=\"twitter:card\" content=\"summary_large_image\" \/>\n<meta name=\"twitter:label1\" content=\"Dur\u00e9e de lecture estim\u00e9e\" \/>\n\t<meta name=\"twitter:data1\" content=\"3 minutes\" \/>\n<script type=\"application\/ld+json\" class=\"yoast-schema-graph\">{\"@context\":\"https:\/\/schema.org\",\"@graph\":[{\"@type\":\"WebPage\",\"@id\":\"https:\/\/vapingnet.de\/vape\/peach-lce-geschmack-mit-waspe-15000-puffs-direkter-versand-weltweit-beliebt-top-qualitaet\/\",\"url\":\"https:\/\/vapingnet.de\/vape\/peach-lce-geschmack-mit-waspe-15000-puffs-direkter-versand-weltweit-beliebt-top-qualitaet\/\",\"name\":\"Peach lce Geschmack Mit WASPE 15000 Puffs Direkter Versand Weltweit Beliebt Top Qualit\u00e4t | Vapingnet.de\",\"isPartOf\":{\"@id\":\"https:\/\/vapingnet.de\/#website\"},\"primaryImageOfPage\":{\"@id\":\"https:\/\/vapingnet.de\/vape\/peach-lce-geschmack-mit-waspe-15000-puffs-direkter-versand-weltweit-beliebt-top-qualitaet\/#primaryimage\"},\"image\":{\"@id\":\"https:\/\/vapingnet.de\/vape\/peach-lce-geschmack-mit-waspe-15000-puffs-direkter-versand-weltweit-beliebt-top-qualitaet\/#primaryimage\"},\"thumbnailUrl\":\"https:\/\/vapingnet.de\/wp-content\/uploads\/2025\/05\/Peach-lce.webp\",\"datePublished\":\"2025-05-05T03:26:27+00:00\",\"dateModified\":\"2026-04-15T07:35:33+00:00\",\"description\":\"Entdecke Peach lce Geschmack Mit WASPE 15000 Puffs Direkter Versand Weltweit Beliebt Top Qualit\u00e4t bei vapingnet.de, \u25ba Gro\u00dfe Auswahl an Geschmacksrichtungen & super g\u00fcnstig!\",\"breadcrumb\":{\"@id\":\"https:\/\/vapingnet.de\/vape\/peach-lce-geschmack-mit-waspe-15000-puffs-direkter-versand-weltweit-beliebt-top-qualitaet\/#breadcrumb\"},\"inLanguage\":\"fr-FR\",\"potentialAction\":[{\"@type\":\"ReadAction\",\"target\":[\"https:\/\/vapingnet.de\/vape\/peach-lce-geschmack-mit-waspe-15000-puffs-direkter-versand-weltweit-beliebt-top-qualitaet\/\"]}]},{\"@type\":\"ImageObject\",\"inLanguage\":\"fr-FR\",\"@id\":\"https:\/\/vapingnet.de\/vape\/peach-lce-geschmack-mit-waspe-15000-puffs-direkter-versand-weltweit-beliebt-top-qualitaet\/#primaryimage\",\"url\":\"https:\/\/vapingnet.de\/wp-content\/uploads\/2025\/05\/Peach-lce.webp\",\"contentUrl\":\"https:\/\/vapingnet.de\/wp-content\/uploads\/2025\/05\/Peach-lce.webp\",\"width\":1000,\"height\":1000},{\"@type\":\"BreadcrumbList\",\"@id\":\"https:\/\/vapingnet.de\/vape\/peach-lce-geschmack-mit-waspe-15000-puffs-direkter-versand-weltweit-beliebt-top-qualitaet\/#breadcrumb\",\"itemListElement\":[{\"@type\":\"ListItem\",\"position\":1,\"name\":\"Home\",\"item\":\"https:\/\/vapingnet.de\/\"},{\"@type\":\"ListItem\",\"position\":2,\"name\":\"Shop\",\"item\":\"https:\/\/vapingnet.de\/vape\/\"},{\"@type\":\"ListItem\",\"position\":3,\"name\":\"Peach lce Geschmack Mit WASPE 15000 Puffs Direkter Versand Weltweit Beliebt Top Qualit\u00e4t\"}]},{\"@type\":\"WebSite\",\"@id\":\"https:\/\/vapingnet.de\/#website\",\"url\":\"https:\/\/vapingnet.de\/\",\"name\":\"Vapingnet.de\",\"description\":\"\",\"publisher\":{\"@id\":\"https:\/\/vapingnet.de\/#organization\"},\"potentialAction\":[{\"@type\":\"SearchAction\",\"target\":{\"@type\":\"EntryPoint\",\"urlTemplate\":\"https:\/\/vapingnet.de\/?s={search_term_string}\"},\"query-input\":{\"@type\":\"PropertyValueSpecification\",\"valueRequired\":true,\"valueName\":\"search_term_string\"}}],\"inLanguage\":\"fr-FR\"},{\"@type\":\"Organization\",\"@id\":\"https:\/\/vapingnet.de\/#organization\",\"name\":\"Vapingnet.de\",\"url\":\"https:\/\/vapingnet.de\/\",\"logo\":{\"@type\":\"ImageObject\",\"inLanguage\":\"fr-FR\",\"@id\":\"https:\/\/vapingnet.de\/#\/schema\/logo\/image\/\",\"url\":\"https:\/\/vapingnet.de\/wp-content\/uploads\/2025\/03\/cropped-vapingnet.de_.jpg\",\"contentUrl\":\"https:\/\/vapingnet.de\/wp-content\/uploads\/2025\/03\/cropped-vapingnet.de_.jpg\",\"width\":512,\"height\":512,\"caption\":\"Vapingnet.de\"},\"image\":{\"@id\":\"https:\/\/vapingnet.de\/#\/schema\/logo\/image\/\"},\"sameAs\":[\"https:\/\/www.facebook.com\/vapingnetde\/\"]}]}<\/script>\n<!-- \/ Yoast SEO plugin. -->","yoast_head_json":{"title":"Peach lce Geschmack Mit WASPE 15000 Puffs Direkter Versand Weltweit Beliebt Top Qualit\u00e4t | Vapingnet.de","description":"Entdecke Peach lce Geschmack Mit WASPE 15000 Puffs Direkter Versand Weltweit Beliebt Top Qualit\u00e4t bei vapingnet.de, \u25ba Gro\u00dfe Auswahl an Geschmacksrichtungen & super g\u00fcnstig!","robots":{"index":"index","follow":"follow","max-snippet":"max-snippet:-1","max-image-preview":"max-image-preview:large","max-video-preview":"max-video-preview:-1"},"canonical":"https:\/\/vapingnet.de\/fr\/vape\/peach-lce-geschmack-mit-waspe-15000-puffs-direkter-versand-weltweit-beliebt-top-qualitaet\/","og_locale":"fr_FR","og_type":"article","og_title":"Peach lce Geschmack Mit WASPE 15000 Puffs Direkter Versand Weltweit Beliebt Top Qualit\u00e4t | Vapingnet.de","og_description":"Entdecke Peach lce Geschmack Mit WASPE 15000 Puffs Direkter Versand Weltweit Beliebt Top Qualit\u00e4t bei vapingnet.de, \u25ba Gro\u00dfe Auswahl an Geschmacksrichtungen & super g\u00fcnstig!","og_url":"https:\/\/vapingnet.de\/fr\/vape\/peach-lce-geschmack-mit-waspe-15000-puffs-direkter-versand-weltweit-beliebt-top-qualitaet\/","og_site_name":"Vapingnet.de","article_publisher":"https:\/\/www.facebook.com\/vapingnetde\/","article_modified_time":"2026-04-15T07:35:33+00:00","og_image":[{"width":1000,"height":1000,"url":"https:\/\/vapingnet.de\/wp-content\/uploads\/2025\/05\/Peach-lce.webp","type":"image\/webp"}],"twitter_card":"summary_large_image","twitter_misc":{"Dur\u00e9e de lecture estim\u00e9e":"3 minutes"},"schema":{"@context":"https:\/\/schema.org","@graph":[{"@type":"WebPage","@id":"https:\/\/vapingnet.de\/vape\/peach-lce-geschmack-mit-waspe-15000-puffs-direkter-versand-weltweit-beliebt-top-qualitaet\/","url":"https:\/\/vapingnet.de\/vape\/peach-lce-geschmack-mit-waspe-15000-puffs-direkter-versand-weltweit-beliebt-top-qualitaet\/","name":"Peach lce Geschmack Mit WASPE 15000 Puffs Direkter Versand Weltweit Beliebt Top Qualit\u00e4t | Vapingnet.de","isPartOf":{"@id":"https:\/\/vapingnet.de\/#website"},"primaryImageOfPage":{"@id":"https:\/\/vapingnet.de\/vape\/peach-lce-geschmack-mit-waspe-15000-puffs-direkter-versand-weltweit-beliebt-top-qualitaet\/#primaryimage"},"image":{"@id":"https:\/\/vapingnet.de\/vape\/peach-lce-geschmack-mit-waspe-15000-puffs-direkter-versand-weltweit-beliebt-top-qualitaet\/#primaryimage"},"thumbnailUrl":"https:\/\/vapingnet.de\/wp-content\/uploads\/2025\/05\/Peach-lce.webp","datePublished":"2025-05-05T03:26:27+00:00","dateModified":"2026-04-15T07:35:33+00:00","description":"Entdecke Peach lce Geschmack Mit WASPE 15000 Puffs Direkter Versand Weltweit Beliebt Top Qualit\u00e4t bei vapingnet.de, \u25ba Gro\u00dfe Auswahl an Geschmacksrichtungen & super g\u00fcnstig!","breadcrumb":{"@id":"https:\/\/vapingnet.de\/vape\/peach-lce-geschmack-mit-waspe-15000-puffs-direkter-versand-weltweit-beliebt-top-qualitaet\/#breadcrumb"},"inLanguage":"fr-FR","potentialAction":[{"@type":"ReadAction","target":["https:\/\/vapingnet.de\/vape\/peach-lce-geschmack-mit-waspe-15000-puffs-direkter-versand-weltweit-beliebt-top-qualitaet\/"]}]},{"@type":"ImageObject","inLanguage":"fr-FR","@id":"https:\/\/vapingnet.de\/vape\/peach-lce-geschmack-mit-waspe-15000-puffs-direkter-versand-weltweit-beliebt-top-qualitaet\/#primaryimage","url":"https:\/\/vapingnet.de\/wp-content\/uploads\/2025\/05\/Peach-lce.webp","contentUrl":"https:\/\/vapingnet.de\/wp-content\/uploads\/2025\/05\/Peach-lce.webp","width":1000,"height":1000},{"@type":"BreadcrumbList","@id":"https:\/\/vapingnet.de\/vape\/peach-lce-geschmack-mit-waspe-15000-puffs-direkter-versand-weltweit-beliebt-top-qualitaet\/#breadcrumb","itemListElement":[{"@type":"ListItem","position":1,"name":"Home","item":"https:\/\/vapingnet.de\/"},{"@type":"ListItem","position":2,"name":"Shop","item":"https:\/\/vapingnet.de\/vape\/"},{"@type":"ListItem","position":3,"name":"Peach lce Geschmack Mit WASPE 15000 Puffs Direkter Versand Weltweit Beliebt Top Qualit\u00e4t"}]},{"@type":"WebSite","@id":"https:\/\/vapingnet.de\/#website","url":"https:\/\/vapingnet.de\/","name":"Vapingnet.de","description":"","publisher":{"@id":"https:\/\/vapingnet.de\/#organization"},"potentialAction":[{"@type":"SearchAction","target":{"@type":"EntryPoint","urlTemplate":"https:\/\/vapingnet.de\/?s={search_term_string}"},"query-input":{"@type":"PropertyValueSpecification","valueRequired":true,"valueName":"search_term_string"}}],"inLanguage":"fr-FR"},{"@type":"Organization","@id":"https:\/\/vapingnet.de\/#organization","name":"Vapingnet.de","url":"https:\/\/vapingnet.de\/","logo":{"@type":"ImageObject","inLanguage":"fr-FR","@id":"https:\/\/vapingnet.de\/#\/schema\/logo\/image\/","url":"https:\/\/vapingnet.de\/wp-content\/uploads\/2025\/03\/cropped-vapingnet.de_.jpg","contentUrl":"https:\/\/vapingnet.de\/wp-content\/uploads\/2025\/03\/cropped-vapingnet.de_.jpg","width":512,"height":512,"caption":"Vapingnet.de"},"image":{"@id":"https:\/\/vapingnet.de\/#\/schema\/logo\/image\/"},"sameAs":["https:\/\/www.facebook.com\/vapingnetde\/"]}]}},"tiered_pricing_type":"fixed","tiered_pricing_fixed_rules":[],"tiered_pricing_product_settings":{"layout":"default","base_unit_name":{"singular":null,"plural":null},"default_variation":null},"tiered_pricing_minimum_quantity":null,"tiered_pricing_roles_data":[],"tiered_pricing_percentage_rules":[],"_links":{"self":[{"href":"https:\/\/vapingnet.de\/fr\/wp-json\/wp\/v2\/product\/6758","targetHints":{"allow":["GET"]}}],"collection":[{"href":"https:\/\/vapingnet.de\/fr\/wp-json\/wp\/v2\/product"}],"about":[{"href":"https:\/\/vapingnet.de\/fr\/wp-json\/wp\/v2\/types\/product"}],"version-history":[{"count":4,"href":"https:\/\/vapingnet.de\/fr\/wp-json\/wp\/v2\/product\/6758\/revisions"}],"predecessor-version":[{"id":6771,"href":"https:\/\/vapingnet.de\/fr\/wp-json\/wp\/v2\/product\/6758\/revisions\/6771"}],"wp:featuredmedia":[{"embeddable":true,"href":"https:\/\/vapingnet.de\/fr\/wp-json\/wp\/v2\/media\/6738"}],"wp:attachment":[{"href":"https:\/\/vapingnet.de\/fr\/wp-json\/wp\/v2\/media?parent=6758"}],"wp:term":[{"taxonomy":"brand","embeddable":true,"href":"https:\/\/vapingnet.de\/fr\/wp-json\/wp\/v2\/etheme_brands?post=6758"},{"taxonomy":"product_brand","embeddable":true,"href":"https:\/\/vapingnet.de\/fr\/wp-json\/wp\/v2\/product_brand?post=6758"},{"taxonomy":"product_cat","embeddable":true,"href":"https:\/\/vapingnet.de\/fr\/wp-json\/wp\/v2\/product_cat?post=6758"},{"taxonomy":"product_tag","embeddable":true,"href":"https:\/\/vapingnet.de\/fr\/wp-json\/wp\/v2\/product_tag?post=6758"}],"curies":[{"name":"wp","href":"https:\/\/api.w.org\/{rel}","templated":true}]}}