{"id":6775,"date":"2025-05-05T06:48:32","date_gmt":"2025-05-05T06:48:32","guid":{"rendered":"https:\/\/vapingnet.de\/?post_type=product&#038;p=6775"},"modified":"2026-04-15T07:31:42","modified_gmt":"2026-04-15T07:31:42","slug":"sommer-sonne-peach-ice-deine-chill-vape-waspe-20000-dual-mesh","status":"publish","type":"product","link":"https:\/\/vapingnet.de\/fr\/vape\/sommer-sonne-peach-ice-deine-chill-vape-waspe-20000-dual-mesh\/","title":{"rendered":"\u00c9t\u00e9 Soleil P\u00eache Glace Votre Chill Vape WASPE 20000 Dual Mesh"},"content":{"rendered":"<h2 data-start=\"0\" data-end=\"74\">La WASPE 20000 Puffs Une cigarette \u00e9lectronique jetable de nouvelle g\u00e9n\u00e9ration<\/h2>\n<p class=\"\" data-start=\"76\" data-end=\"354\">La WASPE 20000 Puffs Cigarette \u00e9lectronique jetable est le choix parfait pour les vapoteurs recherchant un m\u00e9lange de haute performance et de convivialit\u00e9. Cette cigarette \u00e9lectronique jetable offre impressionnants 20 000 bouff\u00e9es, ce qui la rend id\u00e9ale pour de longues sessions de vapotage sans interruption.<\/p>\n<h3 data-start=\"356\" data-end=\"380\">Caract\u00e9ristiques techniques :<\/h3>\n<ul data-start=\"382\" data-end=\"955\">\n<li class=\"\" data-start=\"382\" data-end=\"483\">\n<p class=\"\" data-start=\"384\" data-end=\"483\">Batterie : 900 mAh, rechargeable via un port Type-C pour une charge rapide et pratique.<\/p>\n<\/li>\n<li class=\"\" data-start=\"484\" data-end=\"591\">\n<p class=\"\" data-start=\"486\" data-end=\"591\">R\u00e9sistance : Dual Mesh avec une r\u00e9sistance de 0,8 Ohm pour des nuages de vapeur denses et une saveur intense.<\/p>\n<\/li>\n<li class=\"\" data-start=\"592\" data-end=\"674\">\n<p class=\"\" data-start=\"594\" data-end=\"674\">Capacit\u00e9 de liquide : 24 ml \u2013 suffisante pour toute la dur\u00e9e d\u2019utilisation.<\/p>\n<\/li>\n<li class=\"\" data-start=\"675\" data-end=\"778\">\n<p class=\"\" data-start=\"677\" data-end=\"778\">\u00c9cran : Affichage LCD indiquant le niveau de batterie et le niveau de liquide, pour toujours garder un \u0153il dessus.<\/p>\n<\/li>\n<li class=\"\" data-start=\"779\" data-end=\"877\">\n<p class=\"\" data-start=\"781\" data-end=\"877\">Nicotine : Disponible en concentrations de 0, %, 2 %, 3 % et 5 % pour une personnalisation individuelle.<\/p>\n<\/li>\n<li class=\"\" data-start=\"878\" data-end=\"955\">\n<p class=\"\" data-start=\"880\" data-end=\"955\">Poids : 110 g \u2013 l\u00e9ger et compact pour une utilisation pratique en d\u00e9placement.<\/p>\n<\/li>\n<\/ul>\n<h4 data-start=\"957\" data-end=\"981\">Go\u00fbt : Peach Ice<\/h4>\n<p class=\"\" data-start=\"983\" data-end=\"1226\">La WASPE 20000 Puffs offre la saveur d\u00e9licieuse de Peach Ice, \u00e0 la fois fruit\u00e9e et rafra\u00eechissante. La touche fra\u00eeche de Ice compl\u00e8te parfaitement l\u2019exp\u00e9rience gustative, faisant de cette cigarette \u00e9lectronique un plaisir pour tous les sens.<\/p>\n<h4 data-start=\"1228\" data-end=\"1241\">Avantages :<\/h4>\n<ul data-start=\"1243\" data-end=\"1757\">\n<li class=\"\" data-start=\"1243\" data-end=\"1376\">\n<p class=\"\" data-start=\"1245\" data-end=\"1376\">Facilit\u00e9 d\u2019utilisation : Pas de r\u00e9glages compliqu\u00e9s ni de recharges. La cigarette \u00e9lectronique jetable est pr\u00eate \u00e0 l\u2019emploi imm\u00e9diatement.<\/p>\n<\/li>\n<li class=\"\" data-start=\"1377\" data-end=\"1513\">\n<p class=\"\" data-start=\"1379\" data-end=\"1513\">Longue dur\u00e9e : Avec jusqu\u2019\u00e0 20 000 bouff\u00e9es et une grande capacit\u00e9 de liquide, cette cigarette \u00e9lectronique est id\u00e9ale pour de longues sessions de vapotage.<\/p>\n<\/li>\n<li class=\"\" data-start=\"1514\" data-end=\"1613\">\n<p class=\"\" data-start=\"1516\" data-end=\"1613\">Recharge facile : La batterie peut \u00eatre rapidement recharg\u00e9e via le port Type-C.<\/p>\n<\/li>\n<li class=\"\" data-start=\"1614\" data-end=\"1757\">\n<p class=\"\" data-start=\"1616\" data-end=\"1757\">Aucun douane : En achetant sur vapingnet.fr, vous \u00e9vitez la taxe d\u2019importation, ce qui constitue un avantage important pour les clients europ\u00e9ens.<\/p>\n<\/li>\n<\/ul>\n<h4 data-start=\"1759\" data-end=\"1769\">Pourquoi la WASPE 20000 Puffs est le meilleur choix pour les vapoteurs<\/h4>\n<p class=\"\" data-start=\"1771\" data-end=\"2112\">La WASPE 20000 Puffs offre une exp\u00e9rience de vapotage in\u00e9gal\u00e9e, gr\u00e2ce \u00e0 sa convivialit\u00e9, ses performances et son go\u00fbt d\u00e9licieux. Que vous soyez d\u00e9butant ou vapoteur exp\u00e9riment\u00e9, cette cigarette \u00e9lectronique jetable r\u00e9pond \u00e0 toutes les exigences d\u2019une cigarette \u00e9lectronique de haute qualit\u00e9 et est \u00e9galement tr\u00e8s pratique.<\/p>\n<p class=\"\" data-start=\"2114\" data-end=\"2196\">Pour plus de produits et de d\u00e9tails, visitez vapingnet.fr.<\/p>","protected":false},"excerpt":{"rendered":"<p>Die WASPE 20000 Puffs Eine Einweg E Zigarette der n\u00e4chsten Generation Die WASPE 20000 Puffs Einweg E Zigarette ist die perfekte Wahl f\u00fcr Dampfer, die&#8230;<\/p>","protected":false},"featured_media":6783,"template":"","meta":[],"etheme_brands":[],"product_brand":[98],"product_cat":[54,49,61],"product_tag":[],"class_list":{"0":"post-6775","1":"product","2":"type-product","3":"status-publish","4":"has-post-thumbnail","6":"product_brand-waspe-vape","7":"product_cat-vape-20000-zuege","8":"product_cat-einweg-e-zigarette","9":"product_cat-f","11":"first","12":"instock","13":"shipping-taxable","14":"purchasable","15":"product-type-variable"},"yoast_head":"<!-- This site is optimized with the Yoast SEO plugin v26.5 - https:\/\/yoast.com\/wordpress\/plugins\/seo\/ -->\n<title>Sommer Sonne Peach Ice Deine Chill Vape WASPE 20000 Dual Mesh | Vapingnet.de<\/title>\n<meta name=\"description\" content=\"Entdecke Sommer Sonne Peach Ice Deine Chill Vape WASPE 20000 Dual Mesh bei vapingnet.de, \u25ba Gro\u00dfe Auswahl an Geschmacksrichtungen &amp; super g\u00fcnstig!\" \/>\n<meta name=\"robots\" content=\"index, follow, max-snippet:-1, max-image-preview:large, max-video-preview:-1\" \/>\n<link rel=\"canonical\" href=\"https:\/\/vapingnet.de\/fr\/vape\/sommer-sonne-peach-ice-deine-chill-vape-waspe-20000-dual-mesh\/\" \/>\n<meta property=\"og:locale\" content=\"fr_FR\" \/>\n<meta property=\"og:type\" content=\"article\" \/>\n<meta property=\"og:title\" content=\"Sommer Sonne Peach Ice Deine Chill Vape WASPE 20000 Dual Mesh | Vapingnet.de\" \/>\n<meta property=\"og:description\" content=\"Entdecke Sommer Sonne Peach Ice Deine Chill Vape WASPE 20000 Dual Mesh bei vapingnet.de, \u25ba Gro\u00dfe Auswahl an Geschmacksrichtungen &amp; super g\u00fcnstig!\" \/>\n<meta property=\"og:url\" content=\"https:\/\/vapingnet.de\/fr\/vape\/sommer-sonne-peach-ice-deine-chill-vape-waspe-20000-dual-mesh\/\" \/>\n<meta property=\"og:site_name\" content=\"Vapingnet.de\" \/>\n<meta property=\"article:publisher\" content=\"https:\/\/www.facebook.com\/vapingnetde\/\" \/>\n<meta property=\"article:modified_time\" content=\"2026-04-15T07:31:42+00:00\" \/>\n<meta property=\"og:image\" content=\"https:\/\/vapingnet.de\/wp-content\/uploads\/2025\/05\/Peach-Ice.webp\" \/>\n\t<meta property=\"og:image:width\" content=\"1000\" \/>\n\t<meta property=\"og:image:height\" content=\"1000\" \/>\n\t<meta property=\"og:image:type\" content=\"image\/webp\" \/>\n<meta name=\"twitter:card\" content=\"summary_large_image\" \/>\n<meta name=\"twitter:label1\" content=\"Dur\u00e9e de lecture estim\u00e9e\" \/>\n\t<meta name=\"twitter:data1\" content=\"2 minutes\" \/>\n<script type=\"application\/ld+json\" class=\"yoast-schema-graph\">{\"@context\":\"https:\/\/schema.org\",\"@graph\":[{\"@type\":\"WebPage\",\"@id\":\"https:\/\/vapingnet.de\/vape\/sommer-sonne-peach-ice-deine-chill-vape-waspe-20000-dual-mesh\/\",\"url\":\"https:\/\/vapingnet.de\/vape\/sommer-sonne-peach-ice-deine-chill-vape-waspe-20000-dual-mesh\/\",\"name\":\"Sommer Sonne Peach Ice Deine Chill Vape WASPE 20000 Dual Mesh | Vapingnet.de\",\"isPartOf\":{\"@id\":\"https:\/\/vapingnet.de\/#website\"},\"primaryImageOfPage\":{\"@id\":\"https:\/\/vapingnet.de\/vape\/sommer-sonne-peach-ice-deine-chill-vape-waspe-20000-dual-mesh\/#primaryimage\"},\"image\":{\"@id\":\"https:\/\/vapingnet.de\/vape\/sommer-sonne-peach-ice-deine-chill-vape-waspe-20000-dual-mesh\/#primaryimage\"},\"thumbnailUrl\":\"https:\/\/vapingnet.de\/wp-content\/uploads\/2025\/05\/Peach-Ice.webp\",\"datePublished\":\"2025-05-05T06:48:32+00:00\",\"dateModified\":\"2026-04-15T07:31:42+00:00\",\"description\":\"Entdecke Sommer Sonne Peach Ice Deine Chill Vape WASPE 20000 Dual Mesh bei vapingnet.de, \u25ba Gro\u00dfe Auswahl an Geschmacksrichtungen & super g\u00fcnstig!\",\"breadcrumb\":{\"@id\":\"https:\/\/vapingnet.de\/vape\/sommer-sonne-peach-ice-deine-chill-vape-waspe-20000-dual-mesh\/#breadcrumb\"},\"inLanguage\":\"fr-FR\",\"potentialAction\":[{\"@type\":\"ReadAction\",\"target\":[\"https:\/\/vapingnet.de\/vape\/sommer-sonne-peach-ice-deine-chill-vape-waspe-20000-dual-mesh\/\"]}]},{\"@type\":\"ImageObject\",\"inLanguage\":\"fr-FR\",\"@id\":\"https:\/\/vapingnet.de\/vape\/sommer-sonne-peach-ice-deine-chill-vape-waspe-20000-dual-mesh\/#primaryimage\",\"url\":\"https:\/\/vapingnet.de\/wp-content\/uploads\/2025\/05\/Peach-Ice.webp\",\"contentUrl\":\"https:\/\/vapingnet.de\/wp-content\/uploads\/2025\/05\/Peach-Ice.webp\",\"width\":1000,\"height\":1000},{\"@type\":\"BreadcrumbList\",\"@id\":\"https:\/\/vapingnet.de\/vape\/sommer-sonne-peach-ice-deine-chill-vape-waspe-20000-dual-mesh\/#breadcrumb\",\"itemListElement\":[{\"@type\":\"ListItem\",\"position\":1,\"name\":\"Home\",\"item\":\"https:\/\/vapingnet.de\/\"},{\"@type\":\"ListItem\",\"position\":2,\"name\":\"Shop\",\"item\":\"https:\/\/vapingnet.de\/vape\/\"},{\"@type\":\"ListItem\",\"position\":3,\"name\":\"Sommer Sonne Peach Ice Deine Chill Vape WASPE 20000 Dual Mesh\"}]},{\"@type\":\"WebSite\",\"@id\":\"https:\/\/vapingnet.de\/#website\",\"url\":\"https:\/\/vapingnet.de\/\",\"name\":\"Vapingnet.de\",\"description\":\"\",\"publisher\":{\"@id\":\"https:\/\/vapingnet.de\/#organization\"},\"potentialAction\":[{\"@type\":\"SearchAction\",\"target\":{\"@type\":\"EntryPoint\",\"urlTemplate\":\"https:\/\/vapingnet.de\/?s={search_term_string}\"},\"query-input\":{\"@type\":\"PropertyValueSpecification\",\"valueRequired\":true,\"valueName\":\"search_term_string\"}}],\"inLanguage\":\"fr-FR\"},{\"@type\":\"Organization\",\"@id\":\"https:\/\/vapingnet.de\/#organization\",\"name\":\"Vapingnet.de\",\"url\":\"https:\/\/vapingnet.de\/\",\"logo\":{\"@type\":\"ImageObject\",\"inLanguage\":\"fr-FR\",\"@id\":\"https:\/\/vapingnet.de\/#\/schema\/logo\/image\/\",\"url\":\"https:\/\/vapingnet.de\/wp-content\/uploads\/2025\/03\/cropped-vapingnet.de_.jpg\",\"contentUrl\":\"https:\/\/vapingnet.de\/wp-content\/uploads\/2025\/03\/cropped-vapingnet.de_.jpg\",\"width\":512,\"height\":512,\"caption\":\"Vapingnet.de\"},\"image\":{\"@id\":\"https:\/\/vapingnet.de\/#\/schema\/logo\/image\/\"},\"sameAs\":[\"https:\/\/www.facebook.com\/vapingnetde\/\"]}]}<\/script>\n<!-- \/ Yoast SEO plugin. -->","yoast_head_json":{"title":"Sommer Sonne Peach Ice Deine Chill Vape WASPE 20000 Dual Mesh | Vapingnet.de","description":"Entdecke Sommer Sonne Peach Ice Deine Chill Vape WASPE 20000 Dual Mesh bei vapingnet.de, \u25ba Gro\u00dfe Auswahl an Geschmacksrichtungen & super g\u00fcnstig!","robots":{"index":"index","follow":"follow","max-snippet":"max-snippet:-1","max-image-preview":"max-image-preview:large","max-video-preview":"max-video-preview:-1"},"canonical":"https:\/\/vapingnet.de\/fr\/vape\/sommer-sonne-peach-ice-deine-chill-vape-waspe-20000-dual-mesh\/","og_locale":"fr_FR","og_type":"article","og_title":"Sommer Sonne Peach Ice Deine Chill Vape WASPE 20000 Dual Mesh | Vapingnet.de","og_description":"Entdecke Sommer Sonne Peach Ice Deine Chill Vape WASPE 20000 Dual Mesh bei vapingnet.de, \u25ba Gro\u00dfe Auswahl an Geschmacksrichtungen & super g\u00fcnstig!","og_url":"https:\/\/vapingnet.de\/fr\/vape\/sommer-sonne-peach-ice-deine-chill-vape-waspe-20000-dual-mesh\/","og_site_name":"Vapingnet.de","article_publisher":"https:\/\/www.facebook.com\/vapingnetde\/","article_modified_time":"2026-04-15T07:31:42+00:00","og_image":[{"width":1000,"height":1000,"url":"https:\/\/vapingnet.de\/wp-content\/uploads\/2025\/05\/Peach-Ice.webp","type":"image\/webp"}],"twitter_card":"summary_large_image","twitter_misc":{"Dur\u00e9e de lecture estim\u00e9e":"2 minutes"},"schema":{"@context":"https:\/\/schema.org","@graph":[{"@type":"WebPage","@id":"https:\/\/vapingnet.de\/vape\/sommer-sonne-peach-ice-deine-chill-vape-waspe-20000-dual-mesh\/","url":"https:\/\/vapingnet.de\/vape\/sommer-sonne-peach-ice-deine-chill-vape-waspe-20000-dual-mesh\/","name":"Sommer Sonne Peach Ice Deine Chill Vape WASPE 20000 Dual Mesh | Vapingnet.de","isPartOf":{"@id":"https:\/\/vapingnet.de\/#website"},"primaryImageOfPage":{"@id":"https:\/\/vapingnet.de\/vape\/sommer-sonne-peach-ice-deine-chill-vape-waspe-20000-dual-mesh\/#primaryimage"},"image":{"@id":"https:\/\/vapingnet.de\/vape\/sommer-sonne-peach-ice-deine-chill-vape-waspe-20000-dual-mesh\/#primaryimage"},"thumbnailUrl":"https:\/\/vapingnet.de\/wp-content\/uploads\/2025\/05\/Peach-Ice.webp","datePublished":"2025-05-05T06:48:32+00:00","dateModified":"2026-04-15T07:31:42+00:00","description":"Entdecke Sommer Sonne Peach Ice Deine Chill Vape WASPE 20000 Dual Mesh bei vapingnet.de, \u25ba Gro\u00dfe Auswahl an Geschmacksrichtungen & super g\u00fcnstig!","breadcrumb":{"@id":"https:\/\/vapingnet.de\/vape\/sommer-sonne-peach-ice-deine-chill-vape-waspe-20000-dual-mesh\/#breadcrumb"},"inLanguage":"fr-FR","potentialAction":[{"@type":"ReadAction","target":["https:\/\/vapingnet.de\/vape\/sommer-sonne-peach-ice-deine-chill-vape-waspe-20000-dual-mesh\/"]}]},{"@type":"ImageObject","inLanguage":"fr-FR","@id":"https:\/\/vapingnet.de\/vape\/sommer-sonne-peach-ice-deine-chill-vape-waspe-20000-dual-mesh\/#primaryimage","url":"https:\/\/vapingnet.de\/wp-content\/uploads\/2025\/05\/Peach-Ice.webp","contentUrl":"https:\/\/vapingnet.de\/wp-content\/uploads\/2025\/05\/Peach-Ice.webp","width":1000,"height":1000},{"@type":"BreadcrumbList","@id":"https:\/\/vapingnet.de\/vape\/sommer-sonne-peach-ice-deine-chill-vape-waspe-20000-dual-mesh\/#breadcrumb","itemListElement":[{"@type":"ListItem","position":1,"name":"Home","item":"https:\/\/vapingnet.de\/"},{"@type":"ListItem","position":2,"name":"Shop","item":"https:\/\/vapingnet.de\/vape\/"},{"@type":"ListItem","position":3,"name":"Sommer Sonne Peach Ice Deine Chill Vape WASPE 20000 Dual Mesh"}]},{"@type":"WebSite","@id":"https:\/\/vapingnet.de\/#website","url":"https:\/\/vapingnet.de\/","name":"Vapingnet.de","description":"","publisher":{"@id":"https:\/\/vapingnet.de\/#organization"},"potentialAction":[{"@type":"SearchAction","target":{"@type":"EntryPoint","urlTemplate":"https:\/\/vapingnet.de\/?s={search_term_string}"},"query-input":{"@type":"PropertyValueSpecification","valueRequired":true,"valueName":"search_term_string"}}],"inLanguage":"fr-FR"},{"@type":"Organization","@id":"https:\/\/vapingnet.de\/#organization","name":"Vapingnet.de","url":"https:\/\/vapingnet.de\/","logo":{"@type":"ImageObject","inLanguage":"fr-FR","@id":"https:\/\/vapingnet.de\/#\/schema\/logo\/image\/","url":"https:\/\/vapingnet.de\/wp-content\/uploads\/2025\/03\/cropped-vapingnet.de_.jpg","contentUrl":"https:\/\/vapingnet.de\/wp-content\/uploads\/2025\/03\/cropped-vapingnet.de_.jpg","width":512,"height":512,"caption":"Vapingnet.de"},"image":{"@id":"https:\/\/vapingnet.de\/#\/schema\/logo\/image\/"},"sameAs":["https:\/\/www.facebook.com\/vapingnetde\/"]}]}},"tiered_pricing_type":"fixed","tiered_pricing_fixed_rules":[],"tiered_pricing_product_settings":{"layout":"default","base_unit_name":{"singular":null,"plural":null},"default_variation":null},"tiered_pricing_minimum_quantity":null,"tiered_pricing_roles_data":[],"tiered_pricing_percentage_rules":[],"_links":{"self":[{"href":"https:\/\/vapingnet.de\/fr\/wp-json\/wp\/v2\/product\/6775","targetHints":{"allow":["GET"]}}],"collection":[{"href":"https:\/\/vapingnet.de\/fr\/wp-json\/wp\/v2\/product"}],"about":[{"href":"https:\/\/vapingnet.de\/fr\/wp-json\/wp\/v2\/types\/product"}],"version-history":[{"count":3,"href":"https:\/\/vapingnet.de\/fr\/wp-json\/wp\/v2\/product\/6775\/revisions"}],"predecessor-version":[{"id":6795,"href":"https:\/\/vapingnet.de\/fr\/wp-json\/wp\/v2\/product\/6775\/revisions\/6795"}],"wp:featuredmedia":[{"embeddable":true,"href":"https:\/\/vapingnet.de\/fr\/wp-json\/wp\/v2\/media\/6783"}],"wp:attachment":[{"href":"https:\/\/vapingnet.de\/fr\/wp-json\/wp\/v2\/media?parent=6775"}],"wp:term":[{"taxonomy":"brand","embeddable":true,"href":"https:\/\/vapingnet.de\/fr\/wp-json\/wp\/v2\/etheme_brands?post=6775"},{"taxonomy":"product_brand","embeddable":true,"href":"https:\/\/vapingnet.de\/fr\/wp-json\/wp\/v2\/product_brand?post=6775"},{"taxonomy":"product_cat","embeddable":true,"href":"https:\/\/vapingnet.de\/fr\/wp-json\/wp\/v2\/product_cat?post=6775"},{"taxonomy":"product_tag","embeddable":true,"href":"https:\/\/vapingnet.de\/fr\/wp-json\/wp\/v2\/product_tag?post=6775"}],"curies":[{"name":"wp","href":"https:\/\/api.w.org\/{rel}","templated":true}]}}