{"id":6789,"date":"2025-05-05T06:56:43","date_gmt":"2025-05-05T06:56:43","guid":{"rendered":"https:\/\/vapingnet.de\/?post_type=product&#038;p=6789"},"modified":"2026-04-15T07:31:07","modified_gmt":"2026-04-15T07:31:07","slug":"die-vape-fuer-geniesser-waspe-dual-mesh-mit-bestem-peach-blueberry-fudge-geschmack","status":"publish","type":"product","link":"https:\/\/vapingnet.de\/fr\/vape\/die-vape-fuer-geniesser-waspe-dual-mesh-mit-bestem-peach-blueberry-fudge-geschmack\/","title":{"rendered":"La Vape pour les amateurs de plaisir WASPE Dual Mesh avec la meilleure saveur Peach Blueberry Fudge"},"content":{"rendered":"<h2 data-start=\"50\" data-end=\"113\" data-immersive-translate-walked=\"9d95233c-936b-4be5-af69-328f1021db54\">Cigarette \u00c9lectronique Jetable WASPE 20000 Bouff\u00e9es Innovation dans la Vape<\/h2>\n<p class=\"\" data-start=\"115\" data-end=\"397\" data-immersive-translate-walked=\"9d95233c-936b-4be5-af69-328f1021db54\" data-immersive-translate-paragraph=\"1\">La WASPE 20000 Bouff\u00e9es est une cigarette \u00e9lectronique jetable qui d\u00e9passe les attentes des vapoteurs et convainc par ses performances et sa facilit\u00e9 d'utilisation. Elle s'adresse \u00e0 tous ceux qui recherchent une exp\u00e9rience de vapotage pratique, durable et intense.<\/p>\n<h3 data-start=\"399\" data-end=\"435\" data-immersive-translate-walked=\"9d95233c-936b-4be5-af69-328f1021db54\">Aper\u00e7u des d\u00e9tails techniques :<\/h3>\n<ul data-start=\"437\" data-end=\"1147\" data-immersive-translate-walked=\"9d95233c-936b-4be5-af69-328f1021db54\">\n<li class=\"\" data-start=\"437\" data-end=\"623\" data-immersive-translate-walked=\"9d95233c-936b-4be5-af69-328f1021db54\">\n<p class=\"\" data-start=\"439\" data-end=\"623\" data-immersive-translate-walked=\"9d95233c-936b-4be5-af69-328f1021db54\" data-immersive-translate-paragraph=\"1\">Batterie et recharge : Avec une batterie puissante de 900 mAh et un port Type-C, la WASPE 20000 Bouff\u00e9es assure un temps de charge rapide et une utilisation prolong\u00e9e.<\/p>\n<\/li>\n<li class=\"\" data-start=\"624\" data-end=\"813\" data-immersive-translate-walked=\"9d95233c-936b-4be5-af69-328f1021db54\">\n<p class=\"\" data-start=\"626\" data-end=\"813\" data-immersive-translate-walked=\"9d95233c-936b-4be5-af69-328f1021db54\" data-immersive-translate-paragraph=\"1\">Double Mesh-Coil : La technologie Dual Mesh avec une r\u00e9sistance de 0,8 Ohm garantit une saveur intense et de volumineuses nuages de vapeur, rendant le vapotage agr\u00e9able.<\/p>\n<\/li>\n<li class=\"\" data-start=\"814\" data-end=\"981\" data-immersive-translate-walked=\"9d95233c-936b-4be5-af69-328f1021db54\">\n<p class=\"\" data-start=\"816\" data-end=\"981\" data-immersive-translate-walked=\"9d95233c-936b-4be5-af69-328f1021db54\" data-immersive-translate-paragraph=\"1\">Capacit\u00e9 de liquide : Avec 24 ml de liquide et une dur\u00e9e de vie de 20 000 bouff\u00e9es, elle est le choix id\u00e9al pour les vapoteurs qui ne souhaitent pas recharger.<\/p>\n<\/li>\n<li class=\"\" data-start=\"982\" data-end=\"1147\" data-immersive-translate-walked=\"9d95233c-936b-4be5-af69-328f1021db54\">\n<p class=\"\" data-start=\"984\" data-end=\"1147\" data-immersive-translate-walked=\"9d95233c-936b-4be5-af69-328f1021db54\" data-immersive-translate-paragraph=\"1\">\u00c9cran LCD : Un \u00e9cran LCD informe le vapoteur \u00e0 tout moment du niveau de la batterie et du niveau de liquide \u2013 pour une utilisation agr\u00e9able sans surprises.<\/p>\n<\/li>\n<\/ul>\n<h4 data-start=\"1149\" data-end=\"1199\" data-immersive-translate-walked=\"9d95233c-936b-4be5-af69-328f1021db54\">Saveur unique : Peach Blueberry Fudge<\/h4>\n<p class=\"\" data-start=\"1201\" data-end=\"1527\" data-immersive-translate-walked=\"9d95233c-936b-4be5-af69-328f1021db54\" data-immersive-translate-paragraph=\"1\">La WASPE 20000 Bouff\u00e9es n'est pas seulement remarquable par sa technologie, mais offre \u00e9galement une exp\u00e9rience gustative unique. La saveur Peach Blueberry Fudge combine la fra\u00eecheur de la p\u00eache avec la douceur des myrtilles et une note de fudge s\u00e9duisante, rendant le vapotage inoubliable.<\/p>\n<h3 data-start=\"1529\" data-end=\"1580\" data-immersive-translate-walked=\"9d95233c-936b-4be5-af69-328f1021db54\">Pourquoi choisir la WASPE 20000 Bouff\u00e9es :<\/h3>\n<ul data-start=\"1582\" data-end=\"2192\" data-immersive-translate-walked=\"9d95233c-936b-4be5-af69-328f1021db54\">\n<li class=\"\" data-start=\"1582\" data-end=\"1768\" data-immersive-translate-walked=\"9d95233c-936b-4be5-af69-328f1021db54\">\n<p class=\"\" data-start=\"1584\" data-end=\"1768\" data-immersive-translate-paragraph=\"1\" data-immersive-translate-walked=\"9d95233c-936b-4be5-af69-328f1021db54\">Durable et fiable : Avec jusqu'\u00e0 20 000 bouff\u00e9es, cette cigarette \u00e9lectronique jetable offre une excellente durabilit\u00e9 qui satisfait m\u00eame les vapoteurs les plus exigeants.<\/p>\n<\/li>\n<li class=\"\" data-start=\"1769\" data-end=\"1931\" data-immersive-translate-walked=\"9d95233c-936b-4be5-af69-328f1021db54\">\n<p class=\"\" data-start=\"1771\" data-end=\"1931\" data-immersive-translate-walked=\"9d95233c-936b-4be5-af69-328f1021db54\" data-immersive-translate-paragraph=\"1\">Recharge rapide : Le port Type-C permet une recharge rapide, vous n'avez donc jamais \u00e0 attendre longtemps pour que votre cigarette \u00e9lectronique soit pr\u00eate \u00e0 l'emploi.<\/p>\n<\/li>\n<li class=\"\" data-start=\"1932\" data-end=\"2052\" data-immersive-translate-walked=\"9d95233c-936b-4be5-af69-328f1021db54\">\n<p class=\"\" data-start=\"1934\" data-end=\"2052\" data-immersive-translate-walked=\"9d95233c-936b-4be5-af69-328f1021db54\" data-immersive-translate-paragraph=\"1\">Sans frais de douane : Lors de l'achat sur vapingnet.de, vous profitez de l'exon\u00e9ration de droits de douane et d'une livraison rapide.<\/p>\n<\/li>\n<li class=\"\" data-start=\"2053\" data-end=\"2192\" data-immersive-translate-walked=\"9d95233c-936b-4be5-af69-328f1021db54\">\n<p class=\"\" data-start=\"2055\" data-end=\"2192\" data-immersive-translate-walked=\"9d95233c-936b-4be5-af69-328f1021db54\" data-immersive-translate-paragraph=\"1\">Utilisation confortable : Sans rechargement ni changement de coil \u2013 il suffit de profiter de l'appareil et d'\u00eatre pr\u00eat pour la prochaine bouff\u00e9e \u00e0 tout moment.<\/p>\n<\/li>\n<\/ul>\n<p class=\"\" data-start=\"2194\" data-end=\"2506\" data-immersive-translate-walked=\"9d95233c-936b-4be5-af69-328f1021db54\" data-immersive-translate-paragraph=\"1\">La WASPE 20000 Bouff\u00e9es offre une combinaison exceptionnelle de performance, de saveur et de facilit\u00e9 d'utilisation. Si vous recherchez une cigarette \u00e9lectronique jetable fiable et longue dur\u00e9e, ce mod\u00e8le est le choix parfait pour vous. Visitez vapingnet.de pour plus de d\u00e9tails.<\/p>","protected":false},"excerpt":{"rendered":"<p>Einweg E Zigarette WASPE 20000 Puffs Innovation im Dampfen Die WASPE 20000 Puffs ist eine Einweg E Zigarette, die die Erwartungen der Dampfer \u00fcbertrifft und&#8230;<\/p>","protected":false},"featured_media":6902,"template":"","meta":[],"etheme_brands":[],"product_brand":[98],"product_cat":[54,49,61],"product_tag":[],"class_list":{"0":"post-6789","1":"product","2":"type-product","3":"status-publish","4":"has-post-thumbnail","6":"product_brand-waspe-vape","7":"product_cat-vape-20000-zuege","8":"product_cat-einweg-e-zigarette","9":"product_cat-f","11":"first","12":"instock","13":"shipping-taxable","14":"purchasable","15":"product-type-variable"},"yoast_head":"<!-- This site is optimized with the Yoast SEO plugin v26.5 - https:\/\/yoast.com\/wordpress\/plugins\/seo\/ -->\n<title>Die Vape F\u00fcr Genie\u00dfer WASPE Dual Mesh Mit Bestem Peach Blueberry Fudge Geschmack | Vapingnet.de<\/title>\n<meta name=\"description\" content=\"Entdecke Die Vape F\u00fcr Genie\u00dfer WASPE Dual Mesh Mit Bestem Peach Blueberry Fudge Geschmack bei vapingnet.de, \u25ba Gro\u00dfe Auswahl an Geschmacksrichtungen &amp; super g\u00fcnstig!\" \/>\n<meta name=\"robots\" content=\"index, follow, max-snippet:-1, max-image-preview:large, max-video-preview:-1\" \/>\n<link rel=\"canonical\" href=\"https:\/\/vapingnet.de\/fr\/vape\/die-vape-fuer-geniesser-waspe-dual-mesh-mit-bestem-peach-blueberry-fudge-geschmack\/\" \/>\n<meta property=\"og:locale\" content=\"fr_FR\" \/>\n<meta property=\"og:type\" content=\"article\" \/>\n<meta property=\"og:title\" content=\"Die Vape F\u00fcr Genie\u00dfer WASPE Dual Mesh Mit Bestem Peach Blueberry Fudge Geschmack | Vapingnet.de\" \/>\n<meta property=\"og:description\" content=\"Entdecke Die Vape F\u00fcr Genie\u00dfer WASPE Dual Mesh Mit Bestem Peach Blueberry Fudge Geschmack bei vapingnet.de, \u25ba Gro\u00dfe Auswahl an Geschmacksrichtungen &amp; super g\u00fcnstig!\" \/>\n<meta property=\"og:url\" content=\"https:\/\/vapingnet.de\/fr\/vape\/die-vape-fuer-geniesser-waspe-dual-mesh-mit-bestem-peach-blueberry-fudge-geschmack\/\" \/>\n<meta property=\"og:site_name\" content=\"Vapingnet.de\" \/>\n<meta property=\"article:publisher\" content=\"https:\/\/www.facebook.com\/vapingnetde\/\" \/>\n<meta property=\"article:modified_time\" content=\"2026-04-15T07:31:07+00:00\" \/>\n<meta property=\"og:image\" content=\"https:\/\/vapingnet.de\/wp-content\/uploads\/2025\/05\/WASPE-VAPE1.webp\" \/>\n\t<meta property=\"og:image:width\" content=\"1000\" \/>\n\t<meta property=\"og:image:height\" content=\"1000\" \/>\n\t<meta property=\"og:image:type\" content=\"image\/webp\" \/>\n<meta name=\"twitter:card\" content=\"summary_large_image\" \/>\n<meta name=\"twitter:label1\" content=\"Dur\u00e9e de lecture estim\u00e9e\" \/>\n\t<meta name=\"twitter:data1\" content=\"2 minutes\" \/>\n<script type=\"application\/ld+json\" class=\"yoast-schema-graph\">{\"@context\":\"https:\/\/schema.org\",\"@graph\":[{\"@type\":\"WebPage\",\"@id\":\"https:\/\/vapingnet.de\/vape\/die-vape-fuer-geniesser-waspe-dual-mesh-mit-bestem-peach-blueberry-fudge-geschmack\/\",\"url\":\"https:\/\/vapingnet.de\/vape\/die-vape-fuer-geniesser-waspe-dual-mesh-mit-bestem-peach-blueberry-fudge-geschmack\/\",\"name\":\"Die Vape F\u00fcr Genie\u00dfer WASPE Dual Mesh Mit Bestem Peach Blueberry Fudge Geschmack | Vapingnet.de\",\"isPartOf\":{\"@id\":\"https:\/\/vapingnet.de\/#website\"},\"primaryImageOfPage\":{\"@id\":\"https:\/\/vapingnet.de\/vape\/die-vape-fuer-geniesser-waspe-dual-mesh-mit-bestem-peach-blueberry-fudge-geschmack\/#primaryimage\"},\"image\":{\"@id\":\"https:\/\/vapingnet.de\/vape\/die-vape-fuer-geniesser-waspe-dual-mesh-mit-bestem-peach-blueberry-fudge-geschmack\/#primaryimage\"},\"thumbnailUrl\":\"https:\/\/vapingnet.de\/wp-content\/uploads\/2025\/05\/WASPE-VAPE1.webp\",\"datePublished\":\"2025-05-05T06:56:43+00:00\",\"dateModified\":\"2026-04-15T07:31:07+00:00\",\"description\":\"Entdecke Die Vape F\u00fcr Genie\u00dfer WASPE Dual Mesh Mit Bestem Peach Blueberry Fudge Geschmack bei vapingnet.de, \u25ba Gro\u00dfe Auswahl an Geschmacksrichtungen & super g\u00fcnstig!\",\"breadcrumb\":{\"@id\":\"https:\/\/vapingnet.de\/vape\/die-vape-fuer-geniesser-waspe-dual-mesh-mit-bestem-peach-blueberry-fudge-geschmack\/#breadcrumb\"},\"inLanguage\":\"fr-FR\",\"potentialAction\":[{\"@type\":\"ReadAction\",\"target\":[\"https:\/\/vapingnet.de\/vape\/die-vape-fuer-geniesser-waspe-dual-mesh-mit-bestem-peach-blueberry-fudge-geschmack\/\"]}]},{\"@type\":\"ImageObject\",\"inLanguage\":\"fr-FR\",\"@id\":\"https:\/\/vapingnet.de\/vape\/die-vape-fuer-geniesser-waspe-dual-mesh-mit-bestem-peach-blueberry-fudge-geschmack\/#primaryimage\",\"url\":\"https:\/\/vapingnet.de\/wp-content\/uploads\/2025\/05\/WASPE-VAPE1.webp\",\"contentUrl\":\"https:\/\/vapingnet.de\/wp-content\/uploads\/2025\/05\/WASPE-VAPE1.webp\",\"width\":1000,\"height\":1000},{\"@type\":\"BreadcrumbList\",\"@id\":\"https:\/\/vapingnet.de\/vape\/die-vape-fuer-geniesser-waspe-dual-mesh-mit-bestem-peach-blueberry-fudge-geschmack\/#breadcrumb\",\"itemListElement\":[{\"@type\":\"ListItem\",\"position\":1,\"name\":\"Home\",\"item\":\"https:\/\/vapingnet.de\/\"},{\"@type\":\"ListItem\",\"position\":2,\"name\":\"Shop\",\"item\":\"https:\/\/vapingnet.de\/vape\/\"},{\"@type\":\"ListItem\",\"position\":3,\"name\":\"Die Vape F\u00fcr Genie\u00dfer WASPE Dual Mesh Mit Bestem Peach Blueberry Fudge Geschmack\"}]},{\"@type\":\"WebSite\",\"@id\":\"https:\/\/vapingnet.de\/#website\",\"url\":\"https:\/\/vapingnet.de\/\",\"name\":\"Vapingnet.de\",\"description\":\"\",\"publisher\":{\"@id\":\"https:\/\/vapingnet.de\/#organization\"},\"potentialAction\":[{\"@type\":\"SearchAction\",\"target\":{\"@type\":\"EntryPoint\",\"urlTemplate\":\"https:\/\/vapingnet.de\/?s={search_term_string}\"},\"query-input\":{\"@type\":\"PropertyValueSpecification\",\"valueRequired\":true,\"valueName\":\"search_term_string\"}}],\"inLanguage\":\"fr-FR\"},{\"@type\":\"Organization\",\"@id\":\"https:\/\/vapingnet.de\/#organization\",\"name\":\"Vapingnet.de\",\"url\":\"https:\/\/vapingnet.de\/\",\"logo\":{\"@type\":\"ImageObject\",\"inLanguage\":\"fr-FR\",\"@id\":\"https:\/\/vapingnet.de\/#\/schema\/logo\/image\/\",\"url\":\"https:\/\/vapingnet.de\/wp-content\/uploads\/2025\/03\/cropped-vapingnet.de_.jpg\",\"contentUrl\":\"https:\/\/vapingnet.de\/wp-content\/uploads\/2025\/03\/cropped-vapingnet.de_.jpg\",\"width\":512,\"height\":512,\"caption\":\"Vapingnet.de\"},\"image\":{\"@id\":\"https:\/\/vapingnet.de\/#\/schema\/logo\/image\/\"},\"sameAs\":[\"https:\/\/www.facebook.com\/vapingnetde\/\"]}]}<\/script>\n<!-- \/ Yoast SEO plugin. -->","yoast_head_json":{"title":"Die Vape F\u00fcr Genie\u00dfer WASPE Dual Mesh Mit Bestem Peach Blueberry Fudge Geschmack | Vapingnet.de","description":"Entdecke Die Vape F\u00fcr Genie\u00dfer WASPE Dual Mesh Mit Bestem Peach Blueberry Fudge Geschmack bei vapingnet.de, \u25ba Gro\u00dfe Auswahl an Geschmacksrichtungen & super g\u00fcnstig!","robots":{"index":"index","follow":"follow","max-snippet":"max-snippet:-1","max-image-preview":"max-image-preview:large","max-video-preview":"max-video-preview:-1"},"canonical":"https:\/\/vapingnet.de\/fr\/vape\/die-vape-fuer-geniesser-waspe-dual-mesh-mit-bestem-peach-blueberry-fudge-geschmack\/","og_locale":"fr_FR","og_type":"article","og_title":"Die Vape F\u00fcr Genie\u00dfer WASPE Dual Mesh Mit Bestem Peach Blueberry Fudge Geschmack | Vapingnet.de","og_description":"Entdecke Die Vape F\u00fcr Genie\u00dfer WASPE Dual Mesh Mit Bestem Peach Blueberry Fudge Geschmack bei vapingnet.de, \u25ba Gro\u00dfe Auswahl an Geschmacksrichtungen & super g\u00fcnstig!","og_url":"https:\/\/vapingnet.de\/fr\/vape\/die-vape-fuer-geniesser-waspe-dual-mesh-mit-bestem-peach-blueberry-fudge-geschmack\/","og_site_name":"Vapingnet.de","article_publisher":"https:\/\/www.facebook.com\/vapingnetde\/","article_modified_time":"2026-04-15T07:31:07+00:00","og_image":[{"width":1000,"height":1000,"url":"https:\/\/vapingnet.de\/wp-content\/uploads\/2025\/05\/WASPE-VAPE1.webp","type":"image\/webp"}],"twitter_card":"summary_large_image","twitter_misc":{"Dur\u00e9e de lecture estim\u00e9e":"2 minutes"},"schema":{"@context":"https:\/\/schema.org","@graph":[{"@type":"WebPage","@id":"https:\/\/vapingnet.de\/vape\/die-vape-fuer-geniesser-waspe-dual-mesh-mit-bestem-peach-blueberry-fudge-geschmack\/","url":"https:\/\/vapingnet.de\/vape\/die-vape-fuer-geniesser-waspe-dual-mesh-mit-bestem-peach-blueberry-fudge-geschmack\/","name":"Die Vape F\u00fcr Genie\u00dfer WASPE Dual Mesh Mit Bestem Peach Blueberry Fudge Geschmack | Vapingnet.de","isPartOf":{"@id":"https:\/\/vapingnet.de\/#website"},"primaryImageOfPage":{"@id":"https:\/\/vapingnet.de\/vape\/die-vape-fuer-geniesser-waspe-dual-mesh-mit-bestem-peach-blueberry-fudge-geschmack\/#primaryimage"},"image":{"@id":"https:\/\/vapingnet.de\/vape\/die-vape-fuer-geniesser-waspe-dual-mesh-mit-bestem-peach-blueberry-fudge-geschmack\/#primaryimage"},"thumbnailUrl":"https:\/\/vapingnet.de\/wp-content\/uploads\/2025\/05\/WASPE-VAPE1.webp","datePublished":"2025-05-05T06:56:43+00:00","dateModified":"2026-04-15T07:31:07+00:00","description":"Entdecke Die Vape F\u00fcr Genie\u00dfer WASPE Dual Mesh Mit Bestem Peach Blueberry Fudge Geschmack bei vapingnet.de, \u25ba Gro\u00dfe Auswahl an Geschmacksrichtungen & super g\u00fcnstig!","breadcrumb":{"@id":"https:\/\/vapingnet.de\/vape\/die-vape-fuer-geniesser-waspe-dual-mesh-mit-bestem-peach-blueberry-fudge-geschmack\/#breadcrumb"},"inLanguage":"fr-FR","potentialAction":[{"@type":"ReadAction","target":["https:\/\/vapingnet.de\/vape\/die-vape-fuer-geniesser-waspe-dual-mesh-mit-bestem-peach-blueberry-fudge-geschmack\/"]}]},{"@type":"ImageObject","inLanguage":"fr-FR","@id":"https:\/\/vapingnet.de\/vape\/die-vape-fuer-geniesser-waspe-dual-mesh-mit-bestem-peach-blueberry-fudge-geschmack\/#primaryimage","url":"https:\/\/vapingnet.de\/wp-content\/uploads\/2025\/05\/WASPE-VAPE1.webp","contentUrl":"https:\/\/vapingnet.de\/wp-content\/uploads\/2025\/05\/WASPE-VAPE1.webp","width":1000,"height":1000},{"@type":"BreadcrumbList","@id":"https:\/\/vapingnet.de\/vape\/die-vape-fuer-geniesser-waspe-dual-mesh-mit-bestem-peach-blueberry-fudge-geschmack\/#breadcrumb","itemListElement":[{"@type":"ListItem","position":1,"name":"Home","item":"https:\/\/vapingnet.de\/"},{"@type":"ListItem","position":2,"name":"Shop","item":"https:\/\/vapingnet.de\/vape\/"},{"@type":"ListItem","position":3,"name":"Die Vape F\u00fcr Genie\u00dfer WASPE Dual Mesh Mit Bestem Peach Blueberry Fudge Geschmack"}]},{"@type":"WebSite","@id":"https:\/\/vapingnet.de\/#website","url":"https:\/\/vapingnet.de\/","name":"Vapingnet.de","description":"","publisher":{"@id":"https:\/\/vapingnet.de\/#organization"},"potentialAction":[{"@type":"SearchAction","target":{"@type":"EntryPoint","urlTemplate":"https:\/\/vapingnet.de\/?s={search_term_string}"},"query-input":{"@type":"PropertyValueSpecification","valueRequired":true,"valueName":"search_term_string"}}],"inLanguage":"fr-FR"},{"@type":"Organization","@id":"https:\/\/vapingnet.de\/#organization","name":"Vapingnet.de","url":"https:\/\/vapingnet.de\/","logo":{"@type":"ImageObject","inLanguage":"fr-FR","@id":"https:\/\/vapingnet.de\/#\/schema\/logo\/image\/","url":"https:\/\/vapingnet.de\/wp-content\/uploads\/2025\/03\/cropped-vapingnet.de_.jpg","contentUrl":"https:\/\/vapingnet.de\/wp-content\/uploads\/2025\/03\/cropped-vapingnet.de_.jpg","width":512,"height":512,"caption":"Vapingnet.de"},"image":{"@id":"https:\/\/vapingnet.de\/#\/schema\/logo\/image\/"},"sameAs":["https:\/\/www.facebook.com\/vapingnetde\/"]}]}},"tiered_pricing_type":"fixed","tiered_pricing_fixed_rules":[],"tiered_pricing_product_settings":{"layout":"default","base_unit_name":{"singular":null,"plural":null},"default_variation":null},"tiered_pricing_minimum_quantity":null,"tiered_pricing_roles_data":[],"tiered_pricing_percentage_rules":[],"_links":{"self":[{"href":"https:\/\/vapingnet.de\/fr\/wp-json\/wp\/v2\/product\/6789","targetHints":{"allow":["GET"]}}],"collection":[{"href":"https:\/\/vapingnet.de\/fr\/wp-json\/wp\/v2\/product"}],"about":[{"href":"https:\/\/vapingnet.de\/fr\/wp-json\/wp\/v2\/types\/product"}],"version-history":[{"count":1,"href":"https:\/\/vapingnet.de\/fr\/wp-json\/wp\/v2\/product\/6789\/revisions"}],"predecessor-version":[{"id":6796,"href":"https:\/\/vapingnet.de\/fr\/wp-json\/wp\/v2\/product\/6789\/revisions\/6796"}],"wp:featuredmedia":[{"embeddable":true,"href":"https:\/\/vapingnet.de\/fr\/wp-json\/wp\/v2\/media\/6902"}],"wp:attachment":[{"href":"https:\/\/vapingnet.de\/fr\/wp-json\/wp\/v2\/media?parent=6789"}],"wp:term":[{"taxonomy":"brand","embeddable":true,"href":"https:\/\/vapingnet.de\/fr\/wp-json\/wp\/v2\/etheme_brands?post=6789"},{"taxonomy":"product_brand","embeddable":true,"href":"https:\/\/vapingnet.de\/fr\/wp-json\/wp\/v2\/product_brand?post=6789"},{"taxonomy":"product_cat","embeddable":true,"href":"https:\/\/vapingnet.de\/fr\/wp-json\/wp\/v2\/product_cat?post=6789"},{"taxonomy":"product_tag","embeddable":true,"href":"https:\/\/vapingnet.de\/fr\/wp-json\/wp\/v2\/product_tag?post=6789"}],"curies":[{"name":"wp","href":"https:\/\/api.w.org\/{rel}","templated":true}]}}