{"id":6791,"date":"2025-05-05T06:56:47","date_gmt":"2025-05-05T06:56:47","guid":{"rendered":"https:\/\/vapingnet.de\/?post_type=product&#038;p=6791"},"modified":"2026-04-15T07:29:58","modified_gmt":"2026-04-15T07:29:58","slug":"bock-auf-fruchtig-frisch-hol-dir-waspe-20000-vape-raspberry-cherry-jetzt","status":"publish","type":"product","link":"https:\/\/vapingnet.de\/fr\/vape\/bock-auf-fruchtig-frisch-hol-dir-waspe-20000-vape-raspberry-cherry-jetzt\/","title":{"rendered":"Envie de fruit\u00e9 et de fra\u00eecheur ? Procurez-vous WASPE 20000 Vape Framboise Cerise d\u00e8s maintenant"},"content":{"rendered":"<h2 data-start=\"78\" data-end=\"164\" data-immersive-translate-walked=\"a795b2c8-2539-446e-9a00-f1e073e4abd1\" data-immersive-translate-paragraph=\"1\">WASPE 20000 Bouff\u00e9es Cigarette \u00c9lectronique Jetable \u2013 Votre compagnon parfait pour chaque situation<\/h2>\n<ul data-start=\"189\" data-end=\"415\" data-immersive-translate-walked=\"a795b2c8-2539-446e-9a00-f1e073e4abd1\">\n<li class=\"\" data-start=\"189\" data-end=\"209\" data-immersive-translate-walked=\"a795b2c8-2539-446e-9a00-f1e073e4abd1\">\n<p class=\"\" data-start=\"191\" data-end=\"209\" data-immersive-translate-walked=\"a795b2c8-2539-446e-9a00-f1e073e4abd1\" data-immersive-translate-paragraph=\"1\">Bouff\u00e9es : 20 000<\/p>\n<\/li>\n<li class=\"\" data-start=\"210\" data-end=\"240\" data-immersive-translate-walked=\"a795b2c8-2539-446e-9a00-f1e073e4abd1\">\n<p class=\"\" data-start=\"212\" data-end=\"240\" data-immersive-translate-walked=\"a795b2c8-2539-446e-9a00-f1e073e4abd1\" data-immersive-translate-paragraph=\"1\">Capacit\u00e9 du liquide : 24 ml<\/p>\n<\/li>\n<li class=\"\" data-start=\"241\" data-end=\"272\" data-immersive-translate-walked=\"a795b2c8-2539-446e-9a00-f1e073e4abd1\">\n<p class=\"\" data-start=\"243\" data-end=\"272\" data-immersive-translate-walked=\"a795b2c8-2539-446e-9a00-f1e073e4abd1\" data-immersive-translate-paragraph=\"1\">Nicotine : 0%, 2%, 3%, 5%<\/p>\n<\/li>\n<li class=\"\" data-start=\"273\" data-end=\"316\" data-immersive-translate-walked=\"a795b2c8-2539-446e-9a00-f1e073e4abd1\">\n<p class=\"\" data-start=\"275\" data-end=\"316\" data-immersive-translate-walked=\"a795b2c8-2539-446e-9a00-f1e073e4abd1\" data-immersive-translate-paragraph=\"1\">R\u00e9sistance : Dual Mesh, r\u00e9sistance de 0,8 Ohm<\/p>\n<\/li>\n<li class=\"\" data-start=\"317\" data-end=\"371\" data-immersive-translate-walked=\"a795b2c8-2539-446e-9a00-f1e073e4abd1\">\n<p class=\"\" data-start=\"319\" data-end=\"371\" data-immersive-translate-walked=\"a795b2c8-2539-446e-9a00-f1e073e4abd1\" data-immersive-translate-paragraph=\"1\">Batterie : 900 mAh, rechargeable via Type-C<\/p>\n<\/li>\n<li class=\"\" data-start=\"372\" data-end=\"392\" data-immersive-translate-walked=\"a795b2c8-2539-446e-9a00-f1e073e4abd1\">\n<p class=\"\" data-start=\"374\" data-end=\"392\" data-immersive-translate-walked=\"a795b2c8-2539-446e-9a00-f1e073e4abd1\" data-immersive-translate-paragraph=\"1\">\u00c9cran : LCD<\/p>\n<\/li>\n<li class=\"\" data-start=\"393\" data-end=\"415\" data-immersive-translate-walked=\"a795b2c8-2539-446e-9a00-f1e073e4abd1\">\n<p class=\"\" data-start=\"395\" data-end=\"415\" data-immersive-translate-walked=\"a795b2c8-2539-446e-9a00-f1e073e4abd1\" data-immersive-translate-paragraph=\"1\">Poids : 110 g<\/p>\n<\/li>\n<\/ul>\n<h4 class=\"\" data-start=\"422\" data-end=\"472\" data-immersive-translate-walked=\"a795b2c8-2539-446e-9a00-f1e073e4abd1\" data-immersive-translate-paragraph=\"1\">1. Pour l'apr\u00e8s-midi d\u00e9tendu au parc<\/h4>\n<p class=\"\" data-start=\"474\" data-end=\"1049\" data-immersive-translate-walked=\"a795b2c8-2539-446e-9a00-f1e073e4abd1\" data-immersive-translate-paragraph=\"1\">Imaginez que vous \u00eates dans le parc, profitez du beau temps et venez de faire une pause lors de votre randonn\u00e9e. La WASPE 20000 Bouff\u00e9es est votre compagnon id\u00e9al : vous prenez une bouff\u00e9e de la cigarette \u00e9lectronique Raspberry Cherry, le go\u00fbt fruit\u00e9 enveloppe vos sens et vous sentez le stress quotidien s\u2019\u00e9vanouir. Gr\u00e2ce \u00e0 la r\u00e9sistance Dual Mesh et \u00e0 la r\u00e9sistance de 0,8 Ohm, chaque bouff\u00e9e est un plaisir total. La grande batterie de 900 mAh dure assez longtemps pour remplir votre apr\u00e8s-midi de vapeur d\u00e9licieuse, sans vous soucier de la recharger.<\/p>\n<h4 class=\"\" data-start=\"1051\" data-end=\"1091\" data-immersive-translate-walked=\"a795b2c8-2539-446e-9a00-f1e073e4abd1\" data-immersive-translate-paragraph=\"1\">2. Pour la pause d\u00e9jeuner au bureau<\/h4>\n<p class=\"\" data-start=\"1093\" data-end=\"1657\" data-immersive-translate-walked=\"a795b2c8-2539-446e-9a00-f1e073e4abd1\" data-immersive-translate-paragraph=\"1\">Vous \u00eates au travail et avez un moment pour vous. La pression du clavier diminue, et vous profitez d'une courte pause. Avec la WASPE 20000 Bouff\u00e9es, vous avez la solution id\u00e9ale : pratique, facile \u00e0 utiliser et sans r\u00e9glages compliqu\u00e9s. L\u2019\u00e9cran LCD vous donne les informations n\u00e9cessaires, pour que vous sachiez toujours combien il reste de batterie et de liquide. Vous choisissez simplement votre option de nicotine pr\u00e9f\u00e9r\u00e9e, que ce soit 0%, 2%, 3% ou 5%, et vous pouvez vous concentrer pleinement sur le go\u00fbt et la sensation relaxante.<\/p>\n<h4 class=\"\" data-start=\"1659\" data-end=\"1705\" data-immersive-translate-walked=\"a795b2c8-2539-446e-9a00-f1e073e4abd1\" data-immersive-translate-paragraph=\"1\">3. Pour une soir\u00e9e d\u00e9tendue \u00e0 la maison<\/h4>\n<p class=\"\" data-start=\"1707\" data-end=\"2106\" data-immersive-translate-walked=\"a795b2c8-2539-446e-9a00-f1e073e4abd1\" data-immersive-translate-paragraph=\"1\">Apr\u00e8s une longue journ\u00e9e, lorsque vous \u00eates enfin chez vous, il est temps de vous d\u00e9tendre. Vous vous asseyez sur votre canap\u00e9, prenez la WASPE 20000 Bouff\u00e9es et profitez des bouff\u00e9es savoureuses. Le r\u00e9servoir de 24 ml de liquide vous accompagne m\u00eame lors d\u2019une utilisation intensive. Vous n\u2019avez pas \u00e0 vous soucier de remplir ou de charger fr\u00e9quemment. Il suffit de prendre une bouff\u00e9e et de laisser derri\u00e8re vous les pens\u00e9es stressantes.<\/p>\n<h3 data-start=\"2113\" data-end=\"2424\" data-immersive-translate-walked=\"a795b2c8-2539-446e-9a00-f1e073e4abd1\" data-immersive-translate-paragraph=\"1\"><img fetchpriority=\"high\" decoding=\"async\" class=\"size-full wp-image-6901 aligncenter\" src=\"https:\/\/vapingnet.de\/wp-content\/uploads\/2025\/05\/WASPE-VAPE2.webp\" alt=\"\" width=\"1000\" height=\"1000\" srcset=\"https:\/\/vapingnet.de\/wp-content\/uploads\/2025\/05\/WASPE-VAPE2.webp 1000w, https:\/\/vapingnet.de\/wp-content\/uploads\/2025\/05\/WASPE-VAPE2-300x300.webp 300w, https:\/\/vapingnet.de\/wp-content\/uploads\/2025\/05\/WASPE-VAPE2-150x150.webp 150w, https:\/\/vapingnet.de\/wp-content\/uploads\/2025\/05\/WASPE-VAPE2-768x768.webp 768w, https:\/\/vapingnet.de\/wp-content\/uploads\/2025\/05\/WASPE-VAPE2-600x600.webp 600w, https:\/\/vapingnet.de\/wp-content\/uploads\/2025\/05\/WASPE-VAPE2-100x100.webp 100w, https:\/\/vapingnet.de\/wp-content\/uploads\/2025\/05\/WASPE-VAPE2-1x1.webp 1w, https:\/\/vapingnet.de\/wp-content\/uploads\/2025\/05\/WASPE-VAPE2-10x10.webp 10w\" sizes=\"(max-width: 1000px) 100vw, 1000px\" \/><\/h3>\n<h3 data-start=\"2113\" data-end=\"2424\" data-immersive-translate-walked=\"a795b2c8-2539-446e-9a00-f1e073e4abd1\" data-immersive-translate-paragraph=\"1\">Votre compagnon id\u00e9al pour chaque occasion<\/h3>\n<p class=\"\" data-start=\"2113\" data-end=\"2424\" data-immersive-translate-walked=\"a795b2c8-2539-446e-9a00-f1e073e4abd1\" data-immersive-translate-paragraph=\"1\">Que ce soit au parc, au bureau ou \u00e0 la maison \u2013 la cigarette \u00e9lectronique jetable WASPE 20000 Bouff\u00e9es est votre compagnon parfait pour chaque occasion. Avec sa longue batterie, son grand r\u00e9servoir de liquide et sa connexion Type-C pratique, elle garantit une exp\u00e9rience de vapotage sans stress, quand vous en avez besoin.<\/p>\n<p class=\"\" data-start=\"2426\" data-end=\"2527\" data-immersive-translate-walked=\"a795b2c8-2539-446e-9a00-f1e073e4abd1\" data-immersive-translate-paragraph=\"1\">Procurez-vous votre WASPE 20000 Bouff\u00e9es sur vapingnet.fr et d\u00e9couvrez une nouvelle dimension du vapotage !<\/p>","protected":false},"excerpt":{"rendered":"<p>WASPE 20000 Puffs Einweg E-Zigarette \u2013 Dein perfekter Begleiter f\u00fcr jede Situation Z\u00fcge: 20.000 Liquidkapazit\u00e4t: 24 ml Nikotin: 0%, 2%, 3%, 5% Coil: Dual Mesh,&#8230;<\/p>","protected":false},"featured_media":6784,"template":"","meta":[],"etheme_brands":[],"product_brand":[98],"product_cat":[54,49,61],"product_tag":[],"class_list":{"0":"post-6791","1":"product","2":"type-product","3":"status-publish","4":"has-post-thumbnail","6":"product_brand-waspe-vape","7":"product_cat-vape-20000-zuege","8":"product_cat-einweg-e-zigarette","9":"product_cat-f","11":"first","12":"instock","13":"shipping-taxable","14":"purchasable","15":"product-type-variable"},"yoast_head":"<!-- This site is optimized with the Yoast SEO plugin v26.5 - https:\/\/yoast.com\/wordpress\/plugins\/seo\/ -->\n<title>Bock Auf Fruchtig Frisch Hol Dir WASPE 20000 Vape Raspberry Cherry Jetzt | Vapingnet.de<\/title>\n<meta name=\"description\" content=\"Entdecke Bock Auf Fruchtig Frisch Hol Dir WASPE 20000 Vape Raspberry Cherry Jetzt bei vapingnet.de, \u25ba Gro\u00dfe Auswahl an Geschmacksrichtungen &amp; super g\u00fcnstig!\" \/>\n<meta name=\"robots\" content=\"index, follow, max-snippet:-1, max-image-preview:large, max-video-preview:-1\" \/>\n<link rel=\"canonical\" href=\"https:\/\/vapingnet.de\/fr\/vape\/bock-auf-fruchtig-frisch-hol-dir-waspe-20000-vape-raspberry-cherry-jetzt\/\" \/>\n<meta property=\"og:locale\" content=\"fr_FR\" \/>\n<meta property=\"og:type\" content=\"article\" \/>\n<meta property=\"og:title\" content=\"Bock Auf Fruchtig Frisch Hol Dir WASPE 20000 Vape Raspberry Cherry Jetzt | Vapingnet.de\" \/>\n<meta property=\"og:description\" content=\"Entdecke Bock Auf Fruchtig Frisch Hol Dir WASPE 20000 Vape Raspberry Cherry Jetzt bei vapingnet.de, \u25ba Gro\u00dfe Auswahl an Geschmacksrichtungen &amp; super g\u00fcnstig!\" \/>\n<meta property=\"og:url\" content=\"https:\/\/vapingnet.de\/fr\/vape\/bock-auf-fruchtig-frisch-hol-dir-waspe-20000-vape-raspberry-cherry-jetzt\/\" \/>\n<meta property=\"og:site_name\" content=\"Vapingnet.de\" \/>\n<meta property=\"article:publisher\" content=\"https:\/\/www.facebook.com\/vapingnetde\/\" \/>\n<meta property=\"article:modified_time\" content=\"2026-04-15T07:29:58+00:00\" \/>\n<meta property=\"og:image\" content=\"https:\/\/vapingnet.de\/wp-content\/uploads\/2025\/05\/Raspberry-Cherry.webp\" \/>\n\t<meta property=\"og:image:width\" content=\"1000\" \/>\n\t<meta property=\"og:image:height\" content=\"1000\" \/>\n\t<meta property=\"og:image:type\" content=\"image\/webp\" \/>\n<meta name=\"twitter:card\" content=\"summary_large_image\" \/>\n<meta name=\"twitter:label1\" content=\"Dur\u00e9e de lecture estim\u00e9e\" \/>\n\t<meta name=\"twitter:data1\" content=\"3 minutes\" \/>\n<script type=\"application\/ld+json\" class=\"yoast-schema-graph\">{\"@context\":\"https:\/\/schema.org\",\"@graph\":[{\"@type\":\"WebPage\",\"@id\":\"https:\/\/vapingnet.de\/vape\/bock-auf-fruchtig-frisch-hol-dir-waspe-20000-vape-raspberry-cherry-jetzt\/\",\"url\":\"https:\/\/vapingnet.de\/vape\/bock-auf-fruchtig-frisch-hol-dir-waspe-20000-vape-raspberry-cherry-jetzt\/\",\"name\":\"Bock Auf Fruchtig Frisch Hol Dir WASPE 20000 Vape Raspberry Cherry Jetzt | Vapingnet.de\",\"isPartOf\":{\"@id\":\"https:\/\/vapingnet.de\/#website\"},\"primaryImageOfPage\":{\"@id\":\"https:\/\/vapingnet.de\/vape\/bock-auf-fruchtig-frisch-hol-dir-waspe-20000-vape-raspberry-cherry-jetzt\/#primaryimage\"},\"image\":{\"@id\":\"https:\/\/vapingnet.de\/vape\/bock-auf-fruchtig-frisch-hol-dir-waspe-20000-vape-raspberry-cherry-jetzt\/#primaryimage\"},\"thumbnailUrl\":\"https:\/\/vapingnet.de\/wp-content\/uploads\/2025\/05\/Raspberry-Cherry.webp\",\"datePublished\":\"2025-05-05T06:56:47+00:00\",\"dateModified\":\"2026-04-15T07:29:58+00:00\",\"description\":\"Entdecke Bock Auf Fruchtig Frisch Hol Dir WASPE 20000 Vape Raspberry Cherry Jetzt bei vapingnet.de, \u25ba Gro\u00dfe Auswahl an Geschmacksrichtungen & super g\u00fcnstig!\",\"breadcrumb\":{\"@id\":\"https:\/\/vapingnet.de\/vape\/bock-auf-fruchtig-frisch-hol-dir-waspe-20000-vape-raspberry-cherry-jetzt\/#breadcrumb\"},\"inLanguage\":\"fr-FR\",\"potentialAction\":[{\"@type\":\"ReadAction\",\"target\":[\"https:\/\/vapingnet.de\/vape\/bock-auf-fruchtig-frisch-hol-dir-waspe-20000-vape-raspberry-cherry-jetzt\/\"]}]},{\"@type\":\"ImageObject\",\"inLanguage\":\"fr-FR\",\"@id\":\"https:\/\/vapingnet.de\/vape\/bock-auf-fruchtig-frisch-hol-dir-waspe-20000-vape-raspberry-cherry-jetzt\/#primaryimage\",\"url\":\"https:\/\/vapingnet.de\/wp-content\/uploads\/2025\/05\/Raspberry-Cherry.webp\",\"contentUrl\":\"https:\/\/vapingnet.de\/wp-content\/uploads\/2025\/05\/Raspberry-Cherry.webp\",\"width\":1000,\"height\":1000},{\"@type\":\"BreadcrumbList\",\"@id\":\"https:\/\/vapingnet.de\/vape\/bock-auf-fruchtig-frisch-hol-dir-waspe-20000-vape-raspberry-cherry-jetzt\/#breadcrumb\",\"itemListElement\":[{\"@type\":\"ListItem\",\"position\":1,\"name\":\"Home\",\"item\":\"https:\/\/vapingnet.de\/\"},{\"@type\":\"ListItem\",\"position\":2,\"name\":\"Shop\",\"item\":\"https:\/\/vapingnet.de\/vape\/\"},{\"@type\":\"ListItem\",\"position\":3,\"name\":\"Bock Auf Fruchtig Frisch Hol Dir WASPE 20000 Vape Raspberry Cherry Jetzt\"}]},{\"@type\":\"WebSite\",\"@id\":\"https:\/\/vapingnet.de\/#website\",\"url\":\"https:\/\/vapingnet.de\/\",\"name\":\"Vapingnet.de\",\"description\":\"\",\"publisher\":{\"@id\":\"https:\/\/vapingnet.de\/#organization\"},\"potentialAction\":[{\"@type\":\"SearchAction\",\"target\":{\"@type\":\"EntryPoint\",\"urlTemplate\":\"https:\/\/vapingnet.de\/?s={search_term_string}\"},\"query-input\":{\"@type\":\"PropertyValueSpecification\",\"valueRequired\":true,\"valueName\":\"search_term_string\"}}],\"inLanguage\":\"fr-FR\"},{\"@type\":\"Organization\",\"@id\":\"https:\/\/vapingnet.de\/#organization\",\"name\":\"Vapingnet.de\",\"url\":\"https:\/\/vapingnet.de\/\",\"logo\":{\"@type\":\"ImageObject\",\"inLanguage\":\"fr-FR\",\"@id\":\"https:\/\/vapingnet.de\/#\/schema\/logo\/image\/\",\"url\":\"https:\/\/vapingnet.de\/wp-content\/uploads\/2025\/03\/cropped-vapingnet.de_.jpg\",\"contentUrl\":\"https:\/\/vapingnet.de\/wp-content\/uploads\/2025\/03\/cropped-vapingnet.de_.jpg\",\"width\":512,\"height\":512,\"caption\":\"Vapingnet.de\"},\"image\":{\"@id\":\"https:\/\/vapingnet.de\/#\/schema\/logo\/image\/\"},\"sameAs\":[\"https:\/\/www.facebook.com\/vapingnetde\/\"]}]}<\/script>\n<!-- \/ Yoast SEO plugin. -->","yoast_head_json":{"title":"Bock Auf Fruchtig Frisch Hol Dir WASPE 20000 Vape Raspberry Cherry Jetzt | Vapingnet.de","description":"Entdecke Bock Auf Fruchtig Frisch Hol Dir WASPE 20000 Vape Raspberry Cherry Jetzt bei vapingnet.de, \u25ba Gro\u00dfe Auswahl an Geschmacksrichtungen & super g\u00fcnstig!","robots":{"index":"index","follow":"follow","max-snippet":"max-snippet:-1","max-image-preview":"max-image-preview:large","max-video-preview":"max-video-preview:-1"},"canonical":"https:\/\/vapingnet.de\/fr\/vape\/bock-auf-fruchtig-frisch-hol-dir-waspe-20000-vape-raspberry-cherry-jetzt\/","og_locale":"fr_FR","og_type":"article","og_title":"Bock Auf Fruchtig Frisch Hol Dir WASPE 20000 Vape Raspberry Cherry Jetzt | Vapingnet.de","og_description":"Entdecke Bock Auf Fruchtig Frisch Hol Dir WASPE 20000 Vape Raspberry Cherry Jetzt bei vapingnet.de, \u25ba Gro\u00dfe Auswahl an Geschmacksrichtungen & super g\u00fcnstig!","og_url":"https:\/\/vapingnet.de\/fr\/vape\/bock-auf-fruchtig-frisch-hol-dir-waspe-20000-vape-raspberry-cherry-jetzt\/","og_site_name":"Vapingnet.de","article_publisher":"https:\/\/www.facebook.com\/vapingnetde\/","article_modified_time":"2026-04-15T07:29:58+00:00","og_image":[{"width":1000,"height":1000,"url":"https:\/\/vapingnet.de\/wp-content\/uploads\/2025\/05\/Raspberry-Cherry.webp","type":"image\/webp"}],"twitter_card":"summary_large_image","twitter_misc":{"Dur\u00e9e de lecture estim\u00e9e":"3 minutes"},"schema":{"@context":"https:\/\/schema.org","@graph":[{"@type":"WebPage","@id":"https:\/\/vapingnet.de\/vape\/bock-auf-fruchtig-frisch-hol-dir-waspe-20000-vape-raspberry-cherry-jetzt\/","url":"https:\/\/vapingnet.de\/vape\/bock-auf-fruchtig-frisch-hol-dir-waspe-20000-vape-raspberry-cherry-jetzt\/","name":"Bock Auf Fruchtig Frisch Hol Dir WASPE 20000 Vape Raspberry Cherry Jetzt | Vapingnet.de","isPartOf":{"@id":"https:\/\/vapingnet.de\/#website"},"primaryImageOfPage":{"@id":"https:\/\/vapingnet.de\/vape\/bock-auf-fruchtig-frisch-hol-dir-waspe-20000-vape-raspberry-cherry-jetzt\/#primaryimage"},"image":{"@id":"https:\/\/vapingnet.de\/vape\/bock-auf-fruchtig-frisch-hol-dir-waspe-20000-vape-raspberry-cherry-jetzt\/#primaryimage"},"thumbnailUrl":"https:\/\/vapingnet.de\/wp-content\/uploads\/2025\/05\/Raspberry-Cherry.webp","datePublished":"2025-05-05T06:56:47+00:00","dateModified":"2026-04-15T07:29:58+00:00","description":"Entdecke Bock Auf Fruchtig Frisch Hol Dir WASPE 20000 Vape Raspberry Cherry Jetzt bei vapingnet.de, \u25ba Gro\u00dfe Auswahl an Geschmacksrichtungen & super g\u00fcnstig!","breadcrumb":{"@id":"https:\/\/vapingnet.de\/vape\/bock-auf-fruchtig-frisch-hol-dir-waspe-20000-vape-raspberry-cherry-jetzt\/#breadcrumb"},"inLanguage":"fr-FR","potentialAction":[{"@type":"ReadAction","target":["https:\/\/vapingnet.de\/vape\/bock-auf-fruchtig-frisch-hol-dir-waspe-20000-vape-raspberry-cherry-jetzt\/"]}]},{"@type":"ImageObject","inLanguage":"fr-FR","@id":"https:\/\/vapingnet.de\/vape\/bock-auf-fruchtig-frisch-hol-dir-waspe-20000-vape-raspberry-cherry-jetzt\/#primaryimage","url":"https:\/\/vapingnet.de\/wp-content\/uploads\/2025\/05\/Raspberry-Cherry.webp","contentUrl":"https:\/\/vapingnet.de\/wp-content\/uploads\/2025\/05\/Raspberry-Cherry.webp","width":1000,"height":1000},{"@type":"BreadcrumbList","@id":"https:\/\/vapingnet.de\/vape\/bock-auf-fruchtig-frisch-hol-dir-waspe-20000-vape-raspberry-cherry-jetzt\/#breadcrumb","itemListElement":[{"@type":"ListItem","position":1,"name":"Home","item":"https:\/\/vapingnet.de\/"},{"@type":"ListItem","position":2,"name":"Shop","item":"https:\/\/vapingnet.de\/vape\/"},{"@type":"ListItem","position":3,"name":"Bock Auf Fruchtig Frisch Hol Dir WASPE 20000 Vape Raspberry Cherry Jetzt"}]},{"@type":"WebSite","@id":"https:\/\/vapingnet.de\/#website","url":"https:\/\/vapingnet.de\/","name":"Vapingnet.de","description":"","publisher":{"@id":"https:\/\/vapingnet.de\/#organization"},"potentialAction":[{"@type":"SearchAction","target":{"@type":"EntryPoint","urlTemplate":"https:\/\/vapingnet.de\/?s={search_term_string}"},"query-input":{"@type":"PropertyValueSpecification","valueRequired":true,"valueName":"search_term_string"}}],"inLanguage":"fr-FR"},{"@type":"Organization","@id":"https:\/\/vapingnet.de\/#organization","name":"Vapingnet.de","url":"https:\/\/vapingnet.de\/","logo":{"@type":"ImageObject","inLanguage":"fr-FR","@id":"https:\/\/vapingnet.de\/#\/schema\/logo\/image\/","url":"https:\/\/vapingnet.de\/wp-content\/uploads\/2025\/03\/cropped-vapingnet.de_.jpg","contentUrl":"https:\/\/vapingnet.de\/wp-content\/uploads\/2025\/03\/cropped-vapingnet.de_.jpg","width":512,"height":512,"caption":"Vapingnet.de"},"image":{"@id":"https:\/\/vapingnet.de\/#\/schema\/logo\/image\/"},"sameAs":["https:\/\/www.facebook.com\/vapingnetde\/"]}]}},"tiered_pricing_type":"fixed","tiered_pricing_fixed_rules":[],"tiered_pricing_product_settings":{"layout":"default","base_unit_name":{"singular":null,"plural":null},"default_variation":null},"tiered_pricing_minimum_quantity":null,"tiered_pricing_roles_data":[],"tiered_pricing_percentage_rules":[],"_links":{"self":[{"href":"https:\/\/vapingnet.de\/fr\/wp-json\/wp\/v2\/product\/6791","targetHints":{"allow":["GET"]}}],"collection":[{"href":"https:\/\/vapingnet.de\/fr\/wp-json\/wp\/v2\/product"}],"about":[{"href":"https:\/\/vapingnet.de\/fr\/wp-json\/wp\/v2\/types\/product"}],"version-history":[{"count":2,"href":"https:\/\/vapingnet.de\/fr\/wp-json\/wp\/v2\/product\/6791\/revisions"}],"predecessor-version":[{"id":6906,"href":"https:\/\/vapingnet.de\/fr\/wp-json\/wp\/v2\/product\/6791\/revisions\/6906"}],"wp:featuredmedia":[{"embeddable":true,"href":"https:\/\/vapingnet.de\/fr\/wp-json\/wp\/v2\/media\/6784"}],"wp:attachment":[{"href":"https:\/\/vapingnet.de\/fr\/wp-json\/wp\/v2\/media?parent=6791"}],"wp:term":[{"taxonomy":"brand","embeddable":true,"href":"https:\/\/vapingnet.de\/fr\/wp-json\/wp\/v2\/etheme_brands?post=6791"},{"taxonomy":"product_brand","embeddable":true,"href":"https:\/\/vapingnet.de\/fr\/wp-json\/wp\/v2\/product_brand?post=6791"},{"taxonomy":"product_cat","embeddable":true,"href":"https:\/\/vapingnet.de\/fr\/wp-json\/wp\/v2\/product_cat?post=6791"},{"taxonomy":"product_tag","embeddable":true,"href":"https:\/\/vapingnet.de\/fr\/wp-json\/wp\/v2\/product_tag?post=6791"}],"curies":[{"name":"wp","href":"https:\/\/api.w.org\/{rel}","templated":true}]}}