{"id":6793,"date":"2025-05-05T06:56:50","date_gmt":"2025-05-05T06:56:50","guid":{"rendered":"https:\/\/vapingnet.de\/?post_type=product&#038;p=6793"},"modified":"2026-04-15T06:48:20","modified_gmt":"2026-04-15T06:48:20","slug":"chill-mit-stil-waspe-dual-mesh-vape-fruchtig-mixed-berries-herstellerpreis","status":"publish","type":"product","link":"https:\/\/vapingnet.de\/fr\/vape\/chill-mit-stil-waspe-dual-mesh-vape-fruchtig-mixed-berries-herstellerpreis\/","title":{"rendered":"Relaxation avec style WASPE Dual Mesh Vape Fruit\u00e9 M\u00e9lange de Baies Prix du fabricant"},"content":{"rendered":"<h2 data-start=\"0\" data-end=\"72\" data-immersive-translate-walked=\"bc43149e-0f08-49b6-b0c3-667f2fdad09b\">WASPE 20000 Bouff\u00e9es Cigarette \u00c9lectronique Jetable Confort et Saveur Supreme<\/h2>\n<p class=\"\" data-start=\"74\" data-end=\"371\" data-immersive-translate-walked=\"bc43149e-0f08-49b6-b0c3-667f2fdad09b\" data-immersive-translate-paragraph=\"1\">La WASPE 20000 Bouff\u00e9es Cigarette \u00c9lectronique Jetable allie innovation, performance et une exp\u00e9rience de vapotage exceptionnelle dans un appareil compact et facile \u00e0 utiliser. Avec des fonctionnalit\u00e9s modernes et une dur\u00e9e de vie impressionnante, elle est le choix id\u00e9al pour les vapoteurs qui appr\u00e9cient la qualit\u00e9 et le plaisir.<\/p>\n<p data-start=\"74\" data-end=\"371\" data-immersive-translate-walked=\"bc43149e-0f08-49b6-b0c3-667f2fdad09b\" data-immersive-translate-paragraph=\"1\"><img fetchpriority=\"high\" decoding=\"async\" class=\"size-full wp-image-6901 aligncenter\" src=\"https:\/\/vapingnet.de\/wp-content\/uploads\/2025\/05\/WASPE-VAPE2.webp\" alt=\"\" width=\"1000\" height=\"1000\" srcset=\"https:\/\/vapingnet.de\/wp-content\/uploads\/2025\/05\/WASPE-VAPE2.webp 1000w, https:\/\/vapingnet.de\/wp-content\/uploads\/2025\/05\/WASPE-VAPE2-300x300.webp 300w, https:\/\/vapingnet.de\/wp-content\/uploads\/2025\/05\/WASPE-VAPE2-150x150.webp 150w, https:\/\/vapingnet.de\/wp-content\/uploads\/2025\/05\/WASPE-VAPE2-768x768.webp 768w, https:\/\/vapingnet.de\/wp-content\/uploads\/2025\/05\/WASPE-VAPE2-600x600.webp 600w, https:\/\/vapingnet.de\/wp-content\/uploads\/2025\/05\/WASPE-VAPE2-100x100.webp 100w, https:\/\/vapingnet.de\/wp-content\/uploads\/2025\/05\/WASPE-VAPE2-1x1.webp 1w, https:\/\/vapingnet.de\/wp-content\/uploads\/2025\/05\/WASPE-VAPE2-10x10.webp 10w\" sizes=\"(max-width: 1000px) 100vw, 1000px\" \/><\/p>\n<h3 class=\"\" data-start=\"373\" data-end=\"416\" data-immersive-translate-walked=\"bc43149e-0f08-49b6-b0c3-667f2fdad09b\" data-immersive-translate-paragraph=\"1\">Caract\u00e9ristiques importantes de la WASPE 20000 Bouff\u00e9es<\/h3>\n<ul data-start=\"418\" data-end=\"1376\" data-immersive-translate-walked=\"bc43149e-0f08-49b6-b0c3-667f2fdad09b\">\n<li class=\"\" data-start=\"418\" data-end=\"650\" data-immersive-translate-walked=\"bc43149e-0f08-49b6-b0c3-667f2fdad09b\">\n<p class=\"\" data-start=\"420\" data-end=\"650\" data-immersive-translate-walked=\"bc43149e-0f08-49b6-b0c3-667f2fdad09b\" data-immersive-translate-paragraph=\"1\">Dual Mesh Coil : Cette cigarette \u00e9lectronique utilise une bobine \u00e0 double mesh avec une r\u00e9sistance de 0,8\u03a9. Cela garantit une vaporisation uniforme et efficace du liquide, conduisant \u00e0 une saveur intense et pure.<\/p>\n<\/li>\n<li class=\"\" data-start=\"654\" data-end=\"851\" data-immersive-translate-walked=\"bc43149e-0f08-49b6-b0c3-667f2fdad09b\">\n<p class=\"\" data-start=\"656\" data-end=\"851\" data-immersive-translate-walked=\"bc43149e-0f08-49b6-b0c3-667f2fdad09b\" data-immersive-translate-paragraph=\"1\">Utilisation longue dur\u00e9e : Avec une batterie de 900 mAh et une capacit\u00e9 de liquide de 24 ml, vous pouvez profiter jusqu'\u00e0 20 000 bouff\u00e9es \u2013 de quoi durer longtemps sans interruption.<\/p>\n<\/li>\n<li class=\"\" data-start=\"853\" data-end=\"1004\" data-immersive-translate-walked=\"bc43149e-0f08-49b6-b0c3-667f2fdad09b\">\n<p class=\"\" data-start=\"855\" data-end=\"1004\" data-immersive-translate-walked=\"bc43149e-0f08-49b6-b0c3-667f2fdad09b\" data-immersive-translate-paragraph=\"1\">\u00c9cran LCD : L'\u00e9cran LCD int\u00e9gr\u00e9 vous informe sur le niveau de batterie restant et le niveau de liquide, pour toujours garder un \u0153il sur l'\u00e9tat de l'appareil.<\/p>\n<\/li>\n<li class=\"\" data-start=\"1006\" data-end=\"1183\" data-immersive-translate-walked=\"bc43149e-0f08-49b6-b0c3-667f2fdad09b\">\n<p class=\"\" data-start=\"1008\" data-end=\"1183\" data-immersive-translate-walked=\"bc43149e-0f08-49b6-b0c3-667f2fdad09b\" data-immersive-translate-paragraph=\"1\">Options de nicotine polyvalentes : La WASPE 20000 Bouff\u00e9es Cigarette \u00c9lectronique Jetable propose diff\u00e9rentes concentrations de nicotine : 0%, 2%, 3% et 5%, pour satisfaire toutes les pr\u00e9f\u00e9rences.<\/p>\n<\/li>\n<li class=\"\" data-start=\"1185\" data-end=\"1376\" data-immersive-translate-walked=\"bc43149e-0f08-49b6-b0c3-667f2fdad09b\">\n<p class=\"\" data-start=\"1187\" data-end=\"1376\" data-immersive-translate-walked=\"bc43149e-0f08-49b6-b0c3-667f2fdad09b\" data-immersive-translate-paragraph=\"1\">Facilit\u00e9 d'utilisation : Gr\u00e2ce au port Type-C, la recharge est rapide et simple. La cigarette \u00e9lectronique jetable est parfaite pour les vapoteurs recherchant une exp\u00e9rience sans complication.<\/p>\n<\/li>\n<\/ul>\n<h4>Exp\u00e9rience gustative \u2013 Fruits M\u00e9lang\u00e9s<\/h4>\n<p class=\"\" data-start=\"1418\" data-end=\"1750\" data-immersive-translate-walked=\"bc43149e-0f08-49b6-b0c3-667f2fdad09b\" data-immersive-translate-paragraph=\"1\">Le go\u00fbt de la variante Fruits M\u00e9lang\u00e9s est la combinaison parfaite de baies sucr\u00e9es et l\u00e9g\u00e8rement acidul\u00e9es. Son go\u00fbt frais et fruit\u00e9 vous s\u00e9duira \u00e0 chaque bouff\u00e9e et offre une exp\u00e9rience de vapotage intense. Cette cigarette \u00e9lectronique est particuli\u00e8rement adapt\u00e9e \u00e0 ceux qui pr\u00e9f\u00e8rent un go\u00fbt frais et fruit\u00e9.<\/p>\n<h3>Pourquoi choisir la WASPE 20000 Bouff\u00e9es Cigarette \u00c9lectronique Jetable ?<\/h3>\n<ul data-start=\"1824\" data-end=\"2353\" data-immersive-translate-walked=\"bc43149e-0f08-49b6-b0c3-667f2fdad09b\">\n<li class=\"\" data-start=\"1824\" data-end=\"1949\" data-immersive-translate-walked=\"bc43149e-0f08-49b6-b0c3-667f2fdad09b\">\n<p class=\"\" data-start=\"1826\" data-end=\"1949\" data-immersive-translate-walked=\"bc43149e-0f08-49b6-b0c3-667f2fdad09b\" data-immersive-translate-paragraph=\"1\">Longue durabilit\u00e9 : 20 000 bouff\u00e9es \u2013 de quoi profiter toute la journ\u00e9e sans avoir \u00e0 changer constamment d'appareil.<\/p>\n<\/li>\n<li class=\"\" data-start=\"1953\" data-end=\"2095\" data-immersive-translate-walked=\"bc43149e-0f08-49b6-b0c3-667f2fdad09b\">\n<p class=\"\" data-start=\"1955\" data-end=\"2095\" data-immersive-translate-walked=\"bc43149e-0f08-49b6-b0c3-667f2fdad09b\" data-immersive-translate-paragraph=\"1\">Confort et facilit\u00e9 d'utilisation : Le port Type-C permet une recharge rapide et facile, tandis que l'\u00e9cran LCD offre une clart\u00e9 optimale.<\/p>\n<\/li>\n<li class=\"\" data-start=\"2097\" data-end=\"2235\" data-immersive-translate-walked=\"bc43149e-0f08-49b6-b0c3-667f2fdad09b\">\n<p class=\"\" data-start=\"2099\" data-end=\"2235\" data-immersive-translate-walked=\"bc43149e-0f08-49b6-b0c3-667f2fdad09b\" data-immersive-translate-paragraph=\"1\">Vari\u00e9t\u00e9 d'options de nicotine : Choisissez la concentration de nicotine qui vous convient et profitez de votre exp\u00e9rience de vapotage selon vos pr\u00e9f\u00e9rences.<\/p>\n<\/li>\n<li class=\"\" data-start=\"2237\" data-end=\"2353\" data-immersive-translate-walked=\"bc43149e-0f08-49b6-b0c3-667f2fdad09b\">\n<p class=\"\" data-start=\"2239\" data-end=\"2353\" data-immersive-translate-walked=\"bc43149e-0f08-49b6-b0c3-667f2fdad09b\" data-immersive-translate-paragraph=\"1\">Saveur : Le go\u00fbt Fruits M\u00e9lang\u00e9s est id\u00e9al pour les vapoteurs qui aiment les ar\u00f4mes fruit\u00e9s et rafra\u00eechissants.<\/p>\n<\/li>\n<\/ul>\n<h4 data-start=\"2355\" data-end=\"2396\" data-immersive-translate-walked=\"bc43149e-0f08-49b6-b0c3-667f2fdad09b\" data-immersive-translate-paragraph=\"1\">Conclusion : Id\u00e9al pour les vapoteurs de tous niveaux<\/h4>\n<p class=\"\" data-start=\"2398\" data-end=\"2741\" data-immersive-translate-walked=\"bc43149e-0f08-49b6-b0c3-667f2fdad09b\" data-immersive-translate-paragraph=\"1\">Que vous soyez un vapoteur exp\u00e9riment\u00e9 ou d\u00e9butant, la WASPE 20000 Bouff\u00e9es Cigarette \u00c9lectronique Jetable vous offre tout ce dont vous avez besoin : un go\u00fbt exceptionnel, une longue dur\u00e9e de vie et une utilisation simple. Procurez-vous votre WASPE 20000 Bouff\u00e9es Cigarette \u00c9lectronique Jetable sur vapingnet.fr et d\u00e9couvrez une nouvelle exp\u00e9rience de vapotage.<\/p>","protected":false},"excerpt":{"rendered":"<p>WASPE 20000 Puffs Einweg E-Zigarette H\u00f6chster Komfort und Geschmack Die WASPE 20000 Puffs Einweg E-Zigarette vereint Innovation, Leistung und ein au\u00dfergew\u00f6hnliches Dampferlebnis in einem kompakten&#8230;<\/p>","protected":false},"featured_media":6781,"template":"","meta":[],"etheme_brands":[],"product_brand":[98],"product_cat":[54,49,61],"product_tag":[],"class_list":{"0":"post-6793","1":"product","2":"type-product","3":"status-publish","4":"has-post-thumbnail","6":"product_brand-waspe-vape","7":"product_cat-vape-20000-zuege","8":"product_cat-einweg-e-zigarette","9":"product_cat-f","11":"first","12":"instock","13":"shipping-taxable","14":"purchasable","15":"product-type-variable"},"yoast_head":"<!-- This site is optimized with the Yoast SEO plugin v26.5 - https:\/\/yoast.com\/wordpress\/plugins\/seo\/ -->\n<title>Chill Mit Stil WASPE Dual Mesh Vape Fruchtig Mixed Berries Herstellerpreis | Vapingnet.de<\/title>\n<meta name=\"description\" content=\"Entdecke Chill Mit Stil WASPE Dual Mesh Vape Fruchtig Mixed Berries Herstellerpreis bei vapingnet.de, \u25ba Gro\u00dfe Auswahl an Geschmacksrichtungen &amp; super g\u00fcnstig!\" \/>\n<meta name=\"robots\" content=\"index, follow, max-snippet:-1, max-image-preview:large, max-video-preview:-1\" \/>\n<link rel=\"canonical\" href=\"https:\/\/vapingnet.de\/fr\/vape\/chill-mit-stil-waspe-dual-mesh-vape-fruchtig-mixed-berries-herstellerpreis\/\" \/>\n<meta property=\"og:locale\" content=\"fr_FR\" \/>\n<meta property=\"og:type\" content=\"article\" \/>\n<meta property=\"og:title\" content=\"Chill Mit Stil WASPE Dual Mesh Vape Fruchtig Mixed Berries Herstellerpreis | Vapingnet.de\" \/>\n<meta property=\"og:description\" content=\"Entdecke Chill Mit Stil WASPE Dual Mesh Vape Fruchtig Mixed Berries Herstellerpreis bei vapingnet.de, \u25ba Gro\u00dfe Auswahl an Geschmacksrichtungen &amp; super g\u00fcnstig!\" \/>\n<meta property=\"og:url\" content=\"https:\/\/vapingnet.de\/fr\/vape\/chill-mit-stil-waspe-dual-mesh-vape-fruchtig-mixed-berries-herstellerpreis\/\" \/>\n<meta property=\"og:site_name\" content=\"Vapingnet.de\" \/>\n<meta property=\"article:publisher\" content=\"https:\/\/www.facebook.com\/vapingnetde\/\" \/>\n<meta property=\"article:modified_time\" content=\"2026-04-15T06:48:20+00:00\" \/>\n<meta property=\"og:image\" content=\"https:\/\/vapingnet.de\/wp-content\/uploads\/2025\/05\/Mixed-Berries-1.webp\" \/>\n\t<meta property=\"og:image:width\" content=\"1000\" \/>\n\t<meta property=\"og:image:height\" content=\"1000\" \/>\n\t<meta property=\"og:image:type\" content=\"image\/webp\" \/>\n<meta name=\"twitter:card\" content=\"summary_large_image\" \/>\n<meta name=\"twitter:label1\" content=\"Dur\u00e9e de lecture estim\u00e9e\" \/>\n\t<meta name=\"twitter:data1\" content=\"3 minutes\" \/>\n<script type=\"application\/ld+json\" class=\"yoast-schema-graph\">{\"@context\":\"https:\/\/schema.org\",\"@graph\":[{\"@type\":\"WebPage\",\"@id\":\"https:\/\/vapingnet.de\/vape\/chill-mit-stil-waspe-dual-mesh-vape-fruchtig-mixed-berries-herstellerpreis\/\",\"url\":\"https:\/\/vapingnet.de\/vape\/chill-mit-stil-waspe-dual-mesh-vape-fruchtig-mixed-berries-herstellerpreis\/\",\"name\":\"Chill Mit Stil WASPE Dual Mesh Vape Fruchtig Mixed Berries Herstellerpreis | Vapingnet.de\",\"isPartOf\":{\"@id\":\"https:\/\/vapingnet.de\/#website\"},\"primaryImageOfPage\":{\"@id\":\"https:\/\/vapingnet.de\/vape\/chill-mit-stil-waspe-dual-mesh-vape-fruchtig-mixed-berries-herstellerpreis\/#primaryimage\"},\"image\":{\"@id\":\"https:\/\/vapingnet.de\/vape\/chill-mit-stil-waspe-dual-mesh-vape-fruchtig-mixed-berries-herstellerpreis\/#primaryimage\"},\"thumbnailUrl\":\"https:\/\/vapingnet.de\/wp-content\/uploads\/2025\/05\/Mixed-Berries-1.webp\",\"datePublished\":\"2025-05-05T06:56:50+00:00\",\"dateModified\":\"2026-04-15T06:48:20+00:00\",\"description\":\"Entdecke Chill Mit Stil WASPE Dual Mesh Vape Fruchtig Mixed Berries Herstellerpreis bei vapingnet.de, \u25ba Gro\u00dfe Auswahl an Geschmacksrichtungen & super g\u00fcnstig!\",\"breadcrumb\":{\"@id\":\"https:\/\/vapingnet.de\/vape\/chill-mit-stil-waspe-dual-mesh-vape-fruchtig-mixed-berries-herstellerpreis\/#breadcrumb\"},\"inLanguage\":\"fr-FR\",\"potentialAction\":[{\"@type\":\"ReadAction\",\"target\":[\"https:\/\/vapingnet.de\/vape\/chill-mit-stil-waspe-dual-mesh-vape-fruchtig-mixed-berries-herstellerpreis\/\"]}]},{\"@type\":\"ImageObject\",\"inLanguage\":\"fr-FR\",\"@id\":\"https:\/\/vapingnet.de\/vape\/chill-mit-stil-waspe-dual-mesh-vape-fruchtig-mixed-berries-herstellerpreis\/#primaryimage\",\"url\":\"https:\/\/vapingnet.de\/wp-content\/uploads\/2025\/05\/Mixed-Berries-1.webp\",\"contentUrl\":\"https:\/\/vapingnet.de\/wp-content\/uploads\/2025\/05\/Mixed-Berries-1.webp\",\"width\":1000,\"height\":1000},{\"@type\":\"BreadcrumbList\",\"@id\":\"https:\/\/vapingnet.de\/vape\/chill-mit-stil-waspe-dual-mesh-vape-fruchtig-mixed-berries-herstellerpreis\/#breadcrumb\",\"itemListElement\":[{\"@type\":\"ListItem\",\"position\":1,\"name\":\"Home\",\"item\":\"https:\/\/vapingnet.de\/\"},{\"@type\":\"ListItem\",\"position\":2,\"name\":\"Shop\",\"item\":\"https:\/\/vapingnet.de\/vape\/\"},{\"@type\":\"ListItem\",\"position\":3,\"name\":\"Chill Mit Stil WASPE Dual Mesh Vape Fruchtig Mixed Berries Herstellerpreis\"}]},{\"@type\":\"WebSite\",\"@id\":\"https:\/\/vapingnet.de\/#website\",\"url\":\"https:\/\/vapingnet.de\/\",\"name\":\"Vapingnet.de\",\"description\":\"\",\"publisher\":{\"@id\":\"https:\/\/vapingnet.de\/#organization\"},\"potentialAction\":[{\"@type\":\"SearchAction\",\"target\":{\"@type\":\"EntryPoint\",\"urlTemplate\":\"https:\/\/vapingnet.de\/?s={search_term_string}\"},\"query-input\":{\"@type\":\"PropertyValueSpecification\",\"valueRequired\":true,\"valueName\":\"search_term_string\"}}],\"inLanguage\":\"fr-FR\"},{\"@type\":\"Organization\",\"@id\":\"https:\/\/vapingnet.de\/#organization\",\"name\":\"Vapingnet.de\",\"url\":\"https:\/\/vapingnet.de\/\",\"logo\":{\"@type\":\"ImageObject\",\"inLanguage\":\"fr-FR\",\"@id\":\"https:\/\/vapingnet.de\/#\/schema\/logo\/image\/\",\"url\":\"https:\/\/vapingnet.de\/wp-content\/uploads\/2025\/03\/cropped-vapingnet.de_.jpg\",\"contentUrl\":\"https:\/\/vapingnet.de\/wp-content\/uploads\/2025\/03\/cropped-vapingnet.de_.jpg\",\"width\":512,\"height\":512,\"caption\":\"Vapingnet.de\"},\"image\":{\"@id\":\"https:\/\/vapingnet.de\/#\/schema\/logo\/image\/\"},\"sameAs\":[\"https:\/\/www.facebook.com\/vapingnetde\/\"]}]}<\/script>\n<!-- \/ Yoast SEO plugin. -->","yoast_head_json":{"title":"Chill Mit Stil WASPE Dual Mesh Vape Fruchtig Mixed Berries Herstellerpreis | Vapingnet.de","description":"Entdecke Chill Mit Stil WASPE Dual Mesh Vape Fruchtig Mixed Berries Herstellerpreis bei vapingnet.de, \u25ba Gro\u00dfe Auswahl an Geschmacksrichtungen & super g\u00fcnstig!","robots":{"index":"index","follow":"follow","max-snippet":"max-snippet:-1","max-image-preview":"max-image-preview:large","max-video-preview":"max-video-preview:-1"},"canonical":"https:\/\/vapingnet.de\/fr\/vape\/chill-mit-stil-waspe-dual-mesh-vape-fruchtig-mixed-berries-herstellerpreis\/","og_locale":"fr_FR","og_type":"article","og_title":"Chill Mit Stil WASPE Dual Mesh Vape Fruchtig Mixed Berries Herstellerpreis | Vapingnet.de","og_description":"Entdecke Chill Mit Stil WASPE Dual Mesh Vape Fruchtig Mixed Berries Herstellerpreis bei vapingnet.de, \u25ba Gro\u00dfe Auswahl an Geschmacksrichtungen & super g\u00fcnstig!","og_url":"https:\/\/vapingnet.de\/fr\/vape\/chill-mit-stil-waspe-dual-mesh-vape-fruchtig-mixed-berries-herstellerpreis\/","og_site_name":"Vapingnet.de","article_publisher":"https:\/\/www.facebook.com\/vapingnetde\/","article_modified_time":"2026-04-15T06:48:20+00:00","og_image":[{"width":1000,"height":1000,"url":"https:\/\/vapingnet.de\/wp-content\/uploads\/2025\/05\/Mixed-Berries-1.webp","type":"image\/webp"}],"twitter_card":"summary_large_image","twitter_misc":{"Dur\u00e9e de lecture estim\u00e9e":"3 minutes"},"schema":{"@context":"https:\/\/schema.org","@graph":[{"@type":"WebPage","@id":"https:\/\/vapingnet.de\/vape\/chill-mit-stil-waspe-dual-mesh-vape-fruchtig-mixed-berries-herstellerpreis\/","url":"https:\/\/vapingnet.de\/vape\/chill-mit-stil-waspe-dual-mesh-vape-fruchtig-mixed-berries-herstellerpreis\/","name":"Chill Mit Stil WASPE Dual Mesh Vape Fruchtig Mixed Berries Herstellerpreis | Vapingnet.de","isPartOf":{"@id":"https:\/\/vapingnet.de\/#website"},"primaryImageOfPage":{"@id":"https:\/\/vapingnet.de\/vape\/chill-mit-stil-waspe-dual-mesh-vape-fruchtig-mixed-berries-herstellerpreis\/#primaryimage"},"image":{"@id":"https:\/\/vapingnet.de\/vape\/chill-mit-stil-waspe-dual-mesh-vape-fruchtig-mixed-berries-herstellerpreis\/#primaryimage"},"thumbnailUrl":"https:\/\/vapingnet.de\/wp-content\/uploads\/2025\/05\/Mixed-Berries-1.webp","datePublished":"2025-05-05T06:56:50+00:00","dateModified":"2026-04-15T06:48:20+00:00","description":"Entdecke Chill Mit Stil WASPE Dual Mesh Vape Fruchtig Mixed Berries Herstellerpreis bei vapingnet.de, \u25ba Gro\u00dfe Auswahl an Geschmacksrichtungen & super g\u00fcnstig!","breadcrumb":{"@id":"https:\/\/vapingnet.de\/vape\/chill-mit-stil-waspe-dual-mesh-vape-fruchtig-mixed-berries-herstellerpreis\/#breadcrumb"},"inLanguage":"fr-FR","potentialAction":[{"@type":"ReadAction","target":["https:\/\/vapingnet.de\/vape\/chill-mit-stil-waspe-dual-mesh-vape-fruchtig-mixed-berries-herstellerpreis\/"]}]},{"@type":"ImageObject","inLanguage":"fr-FR","@id":"https:\/\/vapingnet.de\/vape\/chill-mit-stil-waspe-dual-mesh-vape-fruchtig-mixed-berries-herstellerpreis\/#primaryimage","url":"https:\/\/vapingnet.de\/wp-content\/uploads\/2025\/05\/Mixed-Berries-1.webp","contentUrl":"https:\/\/vapingnet.de\/wp-content\/uploads\/2025\/05\/Mixed-Berries-1.webp","width":1000,"height":1000},{"@type":"BreadcrumbList","@id":"https:\/\/vapingnet.de\/vape\/chill-mit-stil-waspe-dual-mesh-vape-fruchtig-mixed-berries-herstellerpreis\/#breadcrumb","itemListElement":[{"@type":"ListItem","position":1,"name":"Home","item":"https:\/\/vapingnet.de\/"},{"@type":"ListItem","position":2,"name":"Shop","item":"https:\/\/vapingnet.de\/vape\/"},{"@type":"ListItem","position":3,"name":"Chill Mit Stil WASPE Dual Mesh Vape Fruchtig Mixed Berries Herstellerpreis"}]},{"@type":"WebSite","@id":"https:\/\/vapingnet.de\/#website","url":"https:\/\/vapingnet.de\/","name":"Vapingnet.de","description":"","publisher":{"@id":"https:\/\/vapingnet.de\/#organization"},"potentialAction":[{"@type":"SearchAction","target":{"@type":"EntryPoint","urlTemplate":"https:\/\/vapingnet.de\/?s={search_term_string}"},"query-input":{"@type":"PropertyValueSpecification","valueRequired":true,"valueName":"search_term_string"}}],"inLanguage":"fr-FR"},{"@type":"Organization","@id":"https:\/\/vapingnet.de\/#organization","name":"Vapingnet.de","url":"https:\/\/vapingnet.de\/","logo":{"@type":"ImageObject","inLanguage":"fr-FR","@id":"https:\/\/vapingnet.de\/#\/schema\/logo\/image\/","url":"https:\/\/vapingnet.de\/wp-content\/uploads\/2025\/03\/cropped-vapingnet.de_.jpg","contentUrl":"https:\/\/vapingnet.de\/wp-content\/uploads\/2025\/03\/cropped-vapingnet.de_.jpg","width":512,"height":512,"caption":"Vapingnet.de"},"image":{"@id":"https:\/\/vapingnet.de\/#\/schema\/logo\/image\/"},"sameAs":["https:\/\/www.facebook.com\/vapingnetde\/"]}]}},"tiered_pricing_type":"fixed","tiered_pricing_fixed_rules":[],"tiered_pricing_product_settings":{"layout":"default","base_unit_name":{"singular":null,"plural":null},"default_variation":null},"tiered_pricing_minimum_quantity":null,"tiered_pricing_roles_data":[],"tiered_pricing_percentage_rules":[],"_links":{"self":[{"href":"https:\/\/vapingnet.de\/fr\/wp-json\/wp\/v2\/product\/6793","targetHints":{"allow":["GET"]}}],"collection":[{"href":"https:\/\/vapingnet.de\/fr\/wp-json\/wp\/v2\/product"}],"about":[{"href":"https:\/\/vapingnet.de\/fr\/wp-json\/wp\/v2\/types\/product"}],"version-history":[{"count":2,"href":"https:\/\/vapingnet.de\/fr\/wp-json\/wp\/v2\/product\/6793\/revisions"}],"predecessor-version":[{"id":6905,"href":"https:\/\/vapingnet.de\/fr\/wp-json\/wp\/v2\/product\/6793\/revisions\/6905"}],"wp:featuredmedia":[{"embeddable":true,"href":"https:\/\/vapingnet.de\/fr\/wp-json\/wp\/v2\/media\/6781"}],"wp:attachment":[{"href":"https:\/\/vapingnet.de\/fr\/wp-json\/wp\/v2\/media?parent=6793"}],"wp:term":[{"taxonomy":"brand","embeddable":true,"href":"https:\/\/vapingnet.de\/fr\/wp-json\/wp\/v2\/etheme_brands?post=6793"},{"taxonomy":"product_brand","embeddable":true,"href":"https:\/\/vapingnet.de\/fr\/wp-json\/wp\/v2\/product_brand?post=6793"},{"taxonomy":"product_cat","embeddable":true,"href":"https:\/\/vapingnet.de\/fr\/wp-json\/wp\/v2\/product_cat?post=6793"},{"taxonomy":"product_tag","embeddable":true,"href":"https:\/\/vapingnet.de\/fr\/wp-json\/wp\/v2\/product_tag?post=6793"}],"curies":[{"name":"wp","href":"https:\/\/api.w.org\/{rel}","templated":true}]}}