{"id":6808,"date":"2025-05-06T02:48:59","date_gmt":"2025-05-06T02:48:59","guid":{"rendered":"https:\/\/vapingnet.de\/?post_type=product&#038;p=6808"},"modified":"2026-04-15T06:46:02","modified_gmt":"2026-04-15T06:46:02","slug":"top-geschmack-mit-strawberry-watermelon-waspe-20000-vape-in-hoechster-qualitaet","status":"publish","type":"product","link":"https:\/\/vapingnet.de\/fr\/vape\/top-geschmack-mit-strawberry-watermelon-waspe-20000-vape-in-hoechster-qualitaet\/","title":{"rendered":"Go\u00fbt sup\u00e9rieur avec Strawberry Watermelon WASPE 20000 Vape de la plus haute qualit\u00e9"},"content":{"rendered":"<h2 data-start=\"0\" data-end=\"82\" data-immersive-translate-walked=\"07a3d14d-a530-4818-9d2b-733cf5ac325b\">WASPE 20000 Bouff\u00e9es Dual Mesh : La cigarette \u00e9lectronique jetable pour les vapoteurs exigeants<\/h2>\n<p class=\"\" data-start=\"84\" data-end=\"384\" data-immersive-translate-walked=\"07a3d14d-a530-4818-9d2b-733cf5ac325b\" data-immersive-translate-paragraph=\"1\">La WASPE 20000 Bouff\u00e9es Dual Mesh <a href=\"https:\/\/vapingnet.de\/fr\/k\/einweg-e-zigarette\/\" target=\"_blank\" rel=\"noopener\"><strong>cigarette \u00e9lectronique jetable<\/strong><\/a> est un excellent choix pour les vapoteurs qui recherchent \u00e0 la fois performance et plaisir au plus haut niveau. Avec une technologie innovante de coil Dual Mesh et une multitude de fonctionnalit\u00e9s pratiques, cette cigarette \u00e9lectronique est un incontournable pour chaque vapoteur.<\/p>\n<h4 data-start=\"386\" data-end=\"441\" data-immersive-translate-walked=\"07a3d14d-a530-4818-9d2b-733cf5ac325b\">Technologie de coil Dual Mesh pour un go\u00fbt intense<\/h4>\n<p class=\"\" data-start=\"443\" data-end=\"848\" data-immersive-translate-walked=\"07a3d14d-a530-4818-9d2b-733cf5ac325b\" data-immersive-translate-paragraph=\"1\">Une caract\u00e9ristique remarquable de la cigarette \u00e9lectronique WASPE est le coil Dual Mesh avec une r\u00e9sistance de 0,8 Ohm. Cette technologie assure une r\u00e9partition uniforme de la chaleur, ce qui permet une production de vapeur plus intense et un go\u00fbt plus riche. L'utilisation de coils en mesh augmente le taux de vaporisation, ce qui signifie que vous pouvez profiter \u00e0 chaque fois d'une exp\u00e9rience de vapotage constante et savoureuse.<\/p>\n<h4 data-start=\"850\" data-end=\"918\" data-immersive-translate-walked=\"07a3d14d-a530-4818-9d2b-733cf5ac325b\">Durabilit\u00e9 gr\u00e2ce \u00e0 une grande capacit\u00e9 et une batterie puissante<\/h4>\n<p class=\"\" data-start=\"920\" data-end=\"1256\" data-immersive-translate-walked=\"07a3d14d-a530-4818-9d2b-733cf5ac325b\" data-immersive-translate-paragraph=\"1\">Avec une capacit\u00e9 impressionnante de 24 ml de liquide et une batterie de 900 mAh, la cigarette \u00e9lectronique jetable WASPE 20000 Bouff\u00e9es offre une dur\u00e9e d'utilisation allant jusqu'\u00e0 20 000 bouff\u00e9es. Cette durabilit\u00e9 exceptionnelle garantit que vous pouvez profiter longtemps sans vous soucier de remplir ou de recharger fr\u00e9quemment.<\/p>\n<p data-start=\"920\" data-end=\"1256\" data-immersive-translate-walked=\"07a3d14d-a530-4818-9d2b-733cf5ac325b\" data-immersive-translate-paragraph=\"1\"><img fetchpriority=\"high\" decoding=\"async\" class=\"size-full wp-image-6902 aligncenter\" src=\"https:\/\/vapingnet.de\/wp-content\/uploads\/2025\/05\/WASPE-VAPE1.webp\" alt=\"\" width=\"1000\" height=\"1000\" srcset=\"https:\/\/vapingnet.de\/wp-content\/uploads\/2025\/05\/WASPE-VAPE1.webp 1000w, https:\/\/vapingnet.de\/wp-content\/uploads\/2025\/05\/WASPE-VAPE1-300x300.webp 300w, https:\/\/vapingnet.de\/wp-content\/uploads\/2025\/05\/WASPE-VAPE1-150x150.webp 150w, https:\/\/vapingnet.de\/wp-content\/uploads\/2025\/05\/WASPE-VAPE1-768x768.webp 768w, https:\/\/vapingnet.de\/wp-content\/uploads\/2025\/05\/WASPE-VAPE1-600x600.webp 600w, https:\/\/vapingnet.de\/wp-content\/uploads\/2025\/05\/WASPE-VAPE1-100x100.webp 100w, https:\/\/vapingnet.de\/wp-content\/uploads\/2025\/05\/WASPE-VAPE1-1x1.webp 1w, https:\/\/vapingnet.de\/wp-content\/uploads\/2025\/05\/WASPE-VAPE1-10x10.webp 10w\" sizes=\"(max-width: 1000px) 100vw, 1000px\" \/><\/p>\n<h4 data-start=\"1258\" data-end=\"1309\" data-immersive-translate-walked=\"07a3d14d-a530-4818-9d2b-733cf5ac325b\">Diff\u00e9rentes forces de nicotine pour tous les go\u00fbts<\/h4>\n<p class=\"\" data-start=\"1311\" data-end=\"1641\" data-immersive-translate-walked=\"07a3d14d-a530-4818-9d2b-733cf5ac325b\" data-immersive-translate-paragraph=\"1\">La WASPE est disponible en quatre forces de nicotine diff\u00e9rentes : 0%, 2%, 3% et 5%. Cette s\u00e9lection de forces de nicotine vous offre la flexibilit\u00e9 de vapoter selon vos pr\u00e9f\u00e9rences personnelles. Que vous pr\u00e9f\u00e9riez un vapotage sans nicotine ou une dose plus forte, la WASPE a l'option qui vous convient.<\/p>\n<h4 data-start=\"1643\" data-end=\"1708\" data-immersive-translate-walked=\"07a3d14d-a530-4818-9d2b-733cf5ac325b\">Saveur \u00ab Fraise Past\u00e8que \u00bb pour une exp\u00e9rience fruit\u00e9e<\/h4>\n<p class=\"\" data-start=\"1710\" data-end=\"1992\" data-immersive-translate-walked=\"07a3d14d-a530-4818-9d2b-733cf5ac325b\" data-immersive-translate-paragraph=\"1\">L'ar\u00f4me \u00ab Fraise Past\u00e8que \u00bb combine la douceur des fraises avec la fra\u00eecheur de la past\u00e8que, offrant un go\u00fbt rafra\u00eechissant et fruit\u00e9. Ce m\u00e9lange procure une exp\u00e9rience gustative intense, adapt\u00e9e aussi bien aux d\u00e9butants qu'aux vapoteurs exp\u00e9riment\u00e9s.<\/p>\n<h4 data-start=\"1994\" data-end=\"2030\" data-immersive-translate-walked=\"07a3d14d-a530-4818-9d2b-733cf5ac325b\">\u00c9cran LCD pour une utilisation facile<\/h4>\n<p class=\"\" data-start=\"2032\" data-end=\"2274\" data-immersive-translate-walked=\"07a3d14d-a530-4818-9d2b-733cf5ac325b\" data-immersive-translate-paragraph=\"1\">L'\u00e9cran LCD de la cigarette \u00e9lectronique jetable WASPE vous indique le niveau de batterie actuel ainsi que la quantit\u00e9 de liquide restante. Vous avez ainsi tout sous contr\u00f4le et savez quand il est temps de recharger l'appareil ou de remplir le liquide.<\/p>\n<h4 data-start=\"2276\" data-end=\"2320\" data-immersive-translate-walked=\"07a3d14d-a530-4818-9d2b-733cf5ac325b\">Port de charge Type-C pour une recharge rapide<\/h4>\n<p class=\"\" data-start=\"2322\" data-end=\"2541\" data-immersive-translate-walked=\"07a3d14d-a530-4818-9d2b-733cf5ac325b\" data-immersive-translate-paragraph=\"1\">La cigarette \u00e9lectronique jetable WASPE 20000 Bouff\u00e9es Dual Mesh dispose d'un port Type-C permettant une recharge rapide et facile. Cela garantit une disponibilit\u00e9 imm\u00e9diate et \u00e9vite de longues p\u00e9riodes de chargement.<\/p>\n<h3 data-start=\"2543\" data-end=\"2599\" data-immersive-translate-walked=\"07a3d14d-a530-4818-9d2b-733cf5ac325b\">Avantages de la cigarette \u00e9lectronique jetable WASPE 20000 Bouff\u00e9es Dual Mesh<\/h3>\n<ul data-start=\"2601\" data-end=\"3156\" data-immersive-translate-walked=\"07a3d14d-a530-4818-9d2b-733cf5ac325b\">\n<li class=\"\" data-start=\"2601\" data-end=\"2712\" data-immersive-translate-walked=\"07a3d14d-a530-4818-9d2b-733cf5ac325b\">\n<p class=\"\" data-start=\"2603\" data-end=\"2712\" data-immersive-translate-walked=\"07a3d14d-a530-4818-9d2b-733cf5ac325b\" data-immersive-translate-paragraph=\"1\">Longue dur\u00e9e : jusqu'\u00e0 20 000 bouff\u00e9es avec une capacit\u00e9 de liquide de 24 ml et une batterie de 900 mAh.<\/p>\n<\/li>\n<li class=\"\" data-start=\"2713\" data-end=\"2825\" data-immersive-translate-walked=\"07a3d14d-a530-4818-9d2b-733cf5ac325b\">\n<p class=\"\" data-start=\"2715\" data-end=\"2825\" data-immersive-translate-walked=\"07a3d14d-a530-4818-9d2b-733cf5ac325b\" data-immersive-translate-paragraph=\"1\">Go\u00fbt de premi\u00e8re classe : gr\u00e2ce \u00e0 la technologie de coil Dual Mesh, le go\u00fbt est intense et homog\u00e8ne.<\/p>\n<\/li>\n<li class=\"\" data-start=\"2826\" data-end=\"2903\" data-immersive-translate-walked=\"07a3d14d-a530-4818-9d2b-733cf5ac325b\">\n<p class=\"\" data-start=\"2828\" data-end=\"2903\" data-immersive-translate-walked=\"07a3d14d-a530-4818-9d2b-733cf5ac325b\" data-immersive-translate-paragraph=\"1\">Diverses forces de nicotine : choix entre 0%, 2%, 3% et 5% de nicotine.<\/p>\n<\/li>\n<li class=\"\" data-start=\"2904\" data-end=\"2983\" data-immersive-translate-walked=\"07a3d14d-a530-4818-9d2b-733cf5ac325b\">\n<p class=\"\" data-start=\"2906\" data-end=\"2983\" data-immersive-translate-walked=\"07a3d14d-a530-4818-9d2b-733cf5ac325b\" data-immersive-translate-paragraph=\"1\">Facile \u00e0 utiliser : \u00e9cran LCD pour surveiller la batterie et le liquide.<\/p>\n<\/li>\n<li class=\"\" data-start=\"2984\" data-end=\"3092\" data-immersive-translate-walked=\"07a3d14d-a530-4818-9d2b-733cf5ac325b\">\n<p class=\"\" data-start=\"2986\" data-end=\"3092\" data-immersive-translate-walked=\"07a3d14d-a530-4818-9d2b-733cf5ac325b\" data-immersive-translate-paragraph=\"1\">Ar\u00f4me rafra\u00eechissant : Le go\u00fbt de \u00ab Strawberry Watermelon \u00bb offre une exp\u00e9rience de vapotage fruit\u00e9e.<\/p>\n<\/li>\n<li class=\"\" data-start=\"3093\" data-end=\"3156\" data-immersive-translate-walked=\"07a3d14d-a530-4818-9d2b-733cf5ac325b\">\n<p class=\"\" data-start=\"3095\" data-end=\"3156\" data-immersive-translate-walked=\"07a3d14d-a530-4818-9d2b-733cf5ac325b\" data-immersive-translate-paragraph=\"1\">Douane gratuite : Aucune formalit\u00e9 douani\u00e8re pour l'achat au sein de l'UE.<\/p>\n<\/li>\n<\/ul>\n<p class=\"\" data-start=\"3158\" data-end=\"3422\" data-immersive-translate-walked=\"07a3d14d-a530-4818-9d2b-733cf5ac325b\" data-immersive-translate-paragraph=\"1\">Pour tous ceux qui recherchent une cigarette \u00e9lectronique jetable de haute qualit\u00e9, \u00e0 la fois puissante et savoureuse, la WASPE 20000 Puffs Dual Mesh est une solution parfaite. Commandez d\u00e8s maintenant sur vapingnet.fr et profitez du futur du vapotage.<\/p>","protected":false},"excerpt":{"rendered":"<p>WASPE 20000 Puffs Dual Mesh: Die Einweg E-Zigarette f\u00fcr anspruchsvolle Dampfer Die WASPE 20000 Puffs Dual Mesh Einweg E-Zigarette ist eine ausgezeichnete Wahl f\u00fcr Dampfer,&#8230;<\/p>","protected":false},"featured_media":6786,"template":"","meta":[],"etheme_brands":[],"product_brand":[98],"product_cat":[54,49,61],"product_tag":[],"class_list":{"0":"post-6808","1":"product","2":"type-product","3":"status-publish","4":"has-post-thumbnail","6":"product_brand-waspe-vape","7":"product_cat-vape-20000-zuege","8":"product_cat-einweg-e-zigarette","9":"product_cat-f","11":"first","12":"instock","13":"shipping-taxable","14":"purchasable","15":"product-type-variable"},"yoast_head":"<!-- This site is optimized with the Yoast SEO plugin v26.5 - https:\/\/yoast.com\/wordpress\/plugins\/seo\/ -->\n<title>Top Geschmack Mit Strawberry Watermelon WASPE 20000 Vape In H\u00f6chster Qualit\u00e4t | Vapingnet.de<\/title>\n<meta name=\"description\" content=\"Entdecke Top Geschmack Mit Strawberry Watermelon WASPE 20000 Vape In H\u00f6chster Qualit\u00e4t bei vapingnet.de, \u25ba Gro\u00dfe Auswahl an Geschmacksrichtungen &amp; super g\u00fcnstig!\" \/>\n<meta name=\"robots\" content=\"index, follow, max-snippet:-1, max-image-preview:large, max-video-preview:-1\" \/>\n<link rel=\"canonical\" href=\"https:\/\/vapingnet.de\/fr\/vape\/top-geschmack-mit-strawberry-watermelon-waspe-20000-vape-in-hoechster-qualitaet\/\" \/>\n<meta property=\"og:locale\" content=\"fr_FR\" \/>\n<meta property=\"og:type\" content=\"article\" \/>\n<meta property=\"og:title\" content=\"Top Geschmack Mit Strawberry Watermelon WASPE 20000 Vape In H\u00f6chster Qualit\u00e4t | Vapingnet.de\" \/>\n<meta property=\"og:description\" content=\"Entdecke Top Geschmack Mit Strawberry Watermelon WASPE 20000 Vape In H\u00f6chster Qualit\u00e4t bei vapingnet.de, \u25ba Gro\u00dfe Auswahl an Geschmacksrichtungen &amp; super g\u00fcnstig!\" \/>\n<meta property=\"og:url\" content=\"https:\/\/vapingnet.de\/fr\/vape\/top-geschmack-mit-strawberry-watermelon-waspe-20000-vape-in-hoechster-qualitaet\/\" \/>\n<meta property=\"og:site_name\" content=\"Vapingnet.de\" \/>\n<meta property=\"article:publisher\" content=\"https:\/\/www.facebook.com\/vapingnetde\/\" \/>\n<meta property=\"article:modified_time\" content=\"2026-04-15T06:46:02+00:00\" \/>\n<meta property=\"og:image\" content=\"https:\/\/vapingnet.de\/wp-content\/uploads\/2025\/05\/Strawberry-Watermelon-1.webp\" \/>\n\t<meta property=\"og:image:width\" content=\"1000\" \/>\n\t<meta property=\"og:image:height\" content=\"1000\" \/>\n\t<meta property=\"og:image:type\" content=\"image\/webp\" \/>\n<meta name=\"twitter:card\" content=\"summary_large_image\" \/>\n<meta name=\"twitter:label1\" content=\"Dur\u00e9e de lecture estim\u00e9e\" \/>\n\t<meta name=\"twitter:data1\" content=\"3 minutes\" \/>\n<script type=\"application\/ld+json\" class=\"yoast-schema-graph\">{\"@context\":\"https:\/\/schema.org\",\"@graph\":[{\"@type\":\"WebPage\",\"@id\":\"https:\/\/vapingnet.de\/vape\/top-geschmack-mit-strawberry-watermelon-waspe-20000-vape-in-hoechster-qualitaet\/\",\"url\":\"https:\/\/vapingnet.de\/vape\/top-geschmack-mit-strawberry-watermelon-waspe-20000-vape-in-hoechster-qualitaet\/\",\"name\":\"Top Geschmack Mit Strawberry Watermelon WASPE 20000 Vape In H\u00f6chster Qualit\u00e4t | Vapingnet.de\",\"isPartOf\":{\"@id\":\"https:\/\/vapingnet.de\/#website\"},\"primaryImageOfPage\":{\"@id\":\"https:\/\/vapingnet.de\/vape\/top-geschmack-mit-strawberry-watermelon-waspe-20000-vape-in-hoechster-qualitaet\/#primaryimage\"},\"image\":{\"@id\":\"https:\/\/vapingnet.de\/vape\/top-geschmack-mit-strawberry-watermelon-waspe-20000-vape-in-hoechster-qualitaet\/#primaryimage\"},\"thumbnailUrl\":\"https:\/\/vapingnet.de\/wp-content\/uploads\/2025\/05\/Strawberry-Watermelon-1.webp\",\"datePublished\":\"2025-05-06T02:48:59+00:00\",\"dateModified\":\"2026-04-15T06:46:02+00:00\",\"description\":\"Entdecke Top Geschmack Mit Strawberry Watermelon WASPE 20000 Vape In H\u00f6chster Qualit\u00e4t bei vapingnet.de, \u25ba Gro\u00dfe Auswahl an Geschmacksrichtungen & super g\u00fcnstig!\",\"breadcrumb\":{\"@id\":\"https:\/\/vapingnet.de\/vape\/top-geschmack-mit-strawberry-watermelon-waspe-20000-vape-in-hoechster-qualitaet\/#breadcrumb\"},\"inLanguage\":\"fr-FR\",\"potentialAction\":[{\"@type\":\"ReadAction\",\"target\":[\"https:\/\/vapingnet.de\/vape\/top-geschmack-mit-strawberry-watermelon-waspe-20000-vape-in-hoechster-qualitaet\/\"]}]},{\"@type\":\"ImageObject\",\"inLanguage\":\"fr-FR\",\"@id\":\"https:\/\/vapingnet.de\/vape\/top-geschmack-mit-strawberry-watermelon-waspe-20000-vape-in-hoechster-qualitaet\/#primaryimage\",\"url\":\"https:\/\/vapingnet.de\/wp-content\/uploads\/2025\/05\/Strawberry-Watermelon-1.webp\",\"contentUrl\":\"https:\/\/vapingnet.de\/wp-content\/uploads\/2025\/05\/Strawberry-Watermelon-1.webp\",\"width\":1000,\"height\":1000},{\"@type\":\"BreadcrumbList\",\"@id\":\"https:\/\/vapingnet.de\/vape\/top-geschmack-mit-strawberry-watermelon-waspe-20000-vape-in-hoechster-qualitaet\/#breadcrumb\",\"itemListElement\":[{\"@type\":\"ListItem\",\"position\":1,\"name\":\"Home\",\"item\":\"https:\/\/vapingnet.de\/\"},{\"@type\":\"ListItem\",\"position\":2,\"name\":\"Shop\",\"item\":\"https:\/\/vapingnet.de\/vape\/\"},{\"@type\":\"ListItem\",\"position\":3,\"name\":\"Top Geschmack Mit Strawberry Watermelon WASPE 20000 Vape In H\u00f6chster Qualit\u00e4t\"}]},{\"@type\":\"WebSite\",\"@id\":\"https:\/\/vapingnet.de\/#website\",\"url\":\"https:\/\/vapingnet.de\/\",\"name\":\"Vapingnet.de\",\"description\":\"\",\"publisher\":{\"@id\":\"https:\/\/vapingnet.de\/#organization\"},\"potentialAction\":[{\"@type\":\"SearchAction\",\"target\":{\"@type\":\"EntryPoint\",\"urlTemplate\":\"https:\/\/vapingnet.de\/?s={search_term_string}\"},\"query-input\":{\"@type\":\"PropertyValueSpecification\",\"valueRequired\":true,\"valueName\":\"search_term_string\"}}],\"inLanguage\":\"fr-FR\"},{\"@type\":\"Organization\",\"@id\":\"https:\/\/vapingnet.de\/#organization\",\"name\":\"Vapingnet.de\",\"url\":\"https:\/\/vapingnet.de\/\",\"logo\":{\"@type\":\"ImageObject\",\"inLanguage\":\"fr-FR\",\"@id\":\"https:\/\/vapingnet.de\/#\/schema\/logo\/image\/\",\"url\":\"https:\/\/vapingnet.de\/wp-content\/uploads\/2025\/03\/cropped-vapingnet.de_.jpg\",\"contentUrl\":\"https:\/\/vapingnet.de\/wp-content\/uploads\/2025\/03\/cropped-vapingnet.de_.jpg\",\"width\":512,\"height\":512,\"caption\":\"Vapingnet.de\"},\"image\":{\"@id\":\"https:\/\/vapingnet.de\/#\/schema\/logo\/image\/\"},\"sameAs\":[\"https:\/\/www.facebook.com\/vapingnetde\/\"]}]}<\/script>\n<!-- \/ Yoast SEO plugin. -->","yoast_head_json":{"title":"Top Geschmack Mit Strawberry Watermelon WASPE 20000 Vape In H\u00f6chster Qualit\u00e4t | Vapingnet.de","description":"Entdecke Top Geschmack Mit Strawberry Watermelon WASPE 20000 Vape In H\u00f6chster Qualit\u00e4t bei vapingnet.de, \u25ba Gro\u00dfe Auswahl an Geschmacksrichtungen & super g\u00fcnstig!","robots":{"index":"index","follow":"follow","max-snippet":"max-snippet:-1","max-image-preview":"max-image-preview:large","max-video-preview":"max-video-preview:-1"},"canonical":"https:\/\/vapingnet.de\/fr\/vape\/top-geschmack-mit-strawberry-watermelon-waspe-20000-vape-in-hoechster-qualitaet\/","og_locale":"fr_FR","og_type":"article","og_title":"Top Geschmack Mit Strawberry Watermelon WASPE 20000 Vape In H\u00f6chster Qualit\u00e4t | Vapingnet.de","og_description":"Entdecke Top Geschmack Mit Strawberry Watermelon WASPE 20000 Vape In H\u00f6chster Qualit\u00e4t bei vapingnet.de, \u25ba Gro\u00dfe Auswahl an Geschmacksrichtungen & super g\u00fcnstig!","og_url":"https:\/\/vapingnet.de\/fr\/vape\/top-geschmack-mit-strawberry-watermelon-waspe-20000-vape-in-hoechster-qualitaet\/","og_site_name":"Vapingnet.de","article_publisher":"https:\/\/www.facebook.com\/vapingnetde\/","article_modified_time":"2026-04-15T06:46:02+00:00","og_image":[{"width":1000,"height":1000,"url":"https:\/\/vapingnet.de\/wp-content\/uploads\/2025\/05\/Strawberry-Watermelon-1.webp","type":"image\/webp"}],"twitter_card":"summary_large_image","twitter_misc":{"Dur\u00e9e de lecture estim\u00e9e":"3 minutes"},"schema":{"@context":"https:\/\/schema.org","@graph":[{"@type":"WebPage","@id":"https:\/\/vapingnet.de\/vape\/top-geschmack-mit-strawberry-watermelon-waspe-20000-vape-in-hoechster-qualitaet\/","url":"https:\/\/vapingnet.de\/vape\/top-geschmack-mit-strawberry-watermelon-waspe-20000-vape-in-hoechster-qualitaet\/","name":"Top Geschmack Mit Strawberry Watermelon WASPE 20000 Vape In H\u00f6chster Qualit\u00e4t | Vapingnet.de","isPartOf":{"@id":"https:\/\/vapingnet.de\/#website"},"primaryImageOfPage":{"@id":"https:\/\/vapingnet.de\/vape\/top-geschmack-mit-strawberry-watermelon-waspe-20000-vape-in-hoechster-qualitaet\/#primaryimage"},"image":{"@id":"https:\/\/vapingnet.de\/vape\/top-geschmack-mit-strawberry-watermelon-waspe-20000-vape-in-hoechster-qualitaet\/#primaryimage"},"thumbnailUrl":"https:\/\/vapingnet.de\/wp-content\/uploads\/2025\/05\/Strawberry-Watermelon-1.webp","datePublished":"2025-05-06T02:48:59+00:00","dateModified":"2026-04-15T06:46:02+00:00","description":"Entdecke Top Geschmack Mit Strawberry Watermelon WASPE 20000 Vape In H\u00f6chster Qualit\u00e4t bei vapingnet.de, \u25ba Gro\u00dfe Auswahl an Geschmacksrichtungen & super g\u00fcnstig!","breadcrumb":{"@id":"https:\/\/vapingnet.de\/vape\/top-geschmack-mit-strawberry-watermelon-waspe-20000-vape-in-hoechster-qualitaet\/#breadcrumb"},"inLanguage":"fr-FR","potentialAction":[{"@type":"ReadAction","target":["https:\/\/vapingnet.de\/vape\/top-geschmack-mit-strawberry-watermelon-waspe-20000-vape-in-hoechster-qualitaet\/"]}]},{"@type":"ImageObject","inLanguage":"fr-FR","@id":"https:\/\/vapingnet.de\/vape\/top-geschmack-mit-strawberry-watermelon-waspe-20000-vape-in-hoechster-qualitaet\/#primaryimage","url":"https:\/\/vapingnet.de\/wp-content\/uploads\/2025\/05\/Strawberry-Watermelon-1.webp","contentUrl":"https:\/\/vapingnet.de\/wp-content\/uploads\/2025\/05\/Strawberry-Watermelon-1.webp","width":1000,"height":1000},{"@type":"BreadcrumbList","@id":"https:\/\/vapingnet.de\/vape\/top-geschmack-mit-strawberry-watermelon-waspe-20000-vape-in-hoechster-qualitaet\/#breadcrumb","itemListElement":[{"@type":"ListItem","position":1,"name":"Home","item":"https:\/\/vapingnet.de\/"},{"@type":"ListItem","position":2,"name":"Shop","item":"https:\/\/vapingnet.de\/vape\/"},{"@type":"ListItem","position":3,"name":"Top Geschmack Mit Strawberry Watermelon WASPE 20000 Vape In H\u00f6chster Qualit\u00e4t"}]},{"@type":"WebSite","@id":"https:\/\/vapingnet.de\/#website","url":"https:\/\/vapingnet.de\/","name":"Vapingnet.de","description":"","publisher":{"@id":"https:\/\/vapingnet.de\/#organization"},"potentialAction":[{"@type":"SearchAction","target":{"@type":"EntryPoint","urlTemplate":"https:\/\/vapingnet.de\/?s={search_term_string}"},"query-input":{"@type":"PropertyValueSpecification","valueRequired":true,"valueName":"search_term_string"}}],"inLanguage":"fr-FR"},{"@type":"Organization","@id":"https:\/\/vapingnet.de\/#organization","name":"Vapingnet.de","url":"https:\/\/vapingnet.de\/","logo":{"@type":"ImageObject","inLanguage":"fr-FR","@id":"https:\/\/vapingnet.de\/#\/schema\/logo\/image\/","url":"https:\/\/vapingnet.de\/wp-content\/uploads\/2025\/03\/cropped-vapingnet.de_.jpg","contentUrl":"https:\/\/vapingnet.de\/wp-content\/uploads\/2025\/03\/cropped-vapingnet.de_.jpg","width":512,"height":512,"caption":"Vapingnet.de"},"image":{"@id":"https:\/\/vapingnet.de\/#\/schema\/logo\/image\/"},"sameAs":["https:\/\/www.facebook.com\/vapingnetde\/"]}]}},"tiered_pricing_type":"fixed","tiered_pricing_fixed_rules":[],"tiered_pricing_product_settings":{"layout":"default","base_unit_name":{"singular":null,"plural":null},"default_variation":null},"tiered_pricing_minimum_quantity":null,"tiered_pricing_roles_data":[],"tiered_pricing_percentage_rules":[],"_links":{"self":[{"href":"https:\/\/vapingnet.de\/fr\/wp-json\/wp\/v2\/product\/6808","targetHints":{"allow":["GET"]}}],"collection":[{"href":"https:\/\/vapingnet.de\/fr\/wp-json\/wp\/v2\/product"}],"about":[{"href":"https:\/\/vapingnet.de\/fr\/wp-json\/wp\/v2\/types\/product"}],"version-history":[{"count":2,"href":"https:\/\/vapingnet.de\/fr\/wp-json\/wp\/v2\/product\/6808\/revisions"}],"predecessor-version":[{"id":6903,"href":"https:\/\/vapingnet.de\/fr\/wp-json\/wp\/v2\/product\/6808\/revisions\/6903"}],"wp:featuredmedia":[{"embeddable":true,"href":"https:\/\/vapingnet.de\/fr\/wp-json\/wp\/v2\/media\/6786"}],"wp:attachment":[{"href":"https:\/\/vapingnet.de\/fr\/wp-json\/wp\/v2\/media?parent=6808"}],"wp:term":[{"taxonomy":"brand","embeddable":true,"href":"https:\/\/vapingnet.de\/fr\/wp-json\/wp\/v2\/etheme_brands?post=6808"},{"taxonomy":"product_brand","embeddable":true,"href":"https:\/\/vapingnet.de\/fr\/wp-json\/wp\/v2\/product_brand?post=6808"},{"taxonomy":"product_cat","embeddable":true,"href":"https:\/\/vapingnet.de\/fr\/wp-json\/wp\/v2\/product_cat?post=6808"},{"taxonomy":"product_tag","embeddable":true,"href":"https:\/\/vapingnet.de\/fr\/wp-json\/wp\/v2\/product_tag?post=6808"}],"curies":[{"name":"wp","href":"https:\/\/api.w.org\/{rel}","templated":true}]}}