{"id":6811,"date":"2025-05-06T02:51:01","date_gmt":"2025-05-06T02:51:01","guid":{"rendered":"https:\/\/vapingnet.de\/?post_type=product&#038;p=6811"},"modified":"2025-06-19T03:44:58","modified_gmt":"2025-06-19T03:44:58","slug":"vape-deal-des-jahres-strawberry-kiwi-von-waspe-20000-grosshandel-moeglich","status":"publish","type":"product","link":"https:\/\/vapingnet.de\/fr\/vape\/vape-deal-des-jahres-strawberry-kiwi-von-waspe-20000-grosshandel-moeglich\/","title":{"rendered":"Offre de vapotage de l'ann\u00e9e Strawberry Kiwi de WASPE 20000 Vente en gros Possible"},"content":{"rendered":"<h2 data-start=\"61\" data-end=\"145\" data-immersive-translate-walked=\"00e577de-a939-451b-b4a6-526c62bfb0df\" data-immersive-translate-paragraph=\"1\">D\u00e9couvrez le plaisir avec la WASPE 20000 cigarette \u00e9lectronique jetable<\/h2>\n<p class=\"\" data-start=\"147\" data-end=\"634\" data-immersive-translate-walked=\"00e577de-a939-451b-b4a6-526c62bfb0df\" data-immersive-translate-paragraph=\"1\">C'est un samedi matin d\u00e9tendu, vous \u00eates en d\u00e9placement et le soleil brille doucement. Vous avez tout ce dont vous avez besoin : votre caf\u00e9 pr\u00e9f\u00e9r\u00e9, votre musique et bien s\u00fbr votre WASPE 20000 cigarette \u00e9lectronique jetable dans la poche. Vous vous asseyez sur un banc dans le parc, prenez la premi\u00e8re bouff\u00e9e et laissez la saveur rafra\u00eechissante de Fraise Kiwi envelopper vos sens. Le m\u00e9lange fruit\u00e9 de fraise sucr\u00e9e et de kiwi p\u00e9tillant vous permet de profiter pleinement du moment.<\/p>\n<h4 data-start=\"636\" data-end=\"1087\" data-immersive-translate-walked=\"00e577de-a939-451b-b4a6-526c62bfb0df\" data-immersive-translate-paragraph=\"1\">La solution parfaite pour votre quotidien :<\/h4>\n<p class=\"\" data-start=\"636\" data-end=\"1087\" data-immersive-translate-walked=\"00e577de-a939-451b-b4a6-526c62bfb0df\" data-immersive-translate-paragraph=\"1\">La WASPE 20000 n'est pas seulement con\u00e7ue pour des moments sp\u00e9ciaux, mais aussi pour le plaisir quotidien. Avec jusqu'\u00e0 20 000 bouff\u00e9es et une capacit\u00e9 de liquide de 24 ml, elle est le compagnon id\u00e9al pour de longues journ\u00e9es sans rechargement. La r\u00e9sistance Dual Mesh Coil assure une vapeur uniforme et des ar\u00f4mes intenses, tandis que l'option de charge USB-C garantit que vous avez toujours suffisamment d'\u00e9nergie pour la prochaine bouff\u00e9e.<\/p>\n<h3 data-start=\"1089\" data-end=\"1148\" data-immersive-translate-walked=\"00e577de-a939-451b-b4a6-526c62bfb0df\">Peu importe o\u00f9 vous \u00eates, la WASPE 20000 vous accompagne :<\/h3>\n<ul data-start=\"1149\" data-end=\"1639\" data-immersive-translate-walked=\"00e577de-a939-451b-b4a6-526c62bfb0df\">\n<li class=\"\" data-start=\"1149\" data-end=\"1224\" data-immersive-translate-walked=\"00e577de-a939-451b-b4a6-526c62bfb0df\">\n<p class=\"\" data-start=\"1151\" data-end=\"1224\" data-immersive-translate-walked=\"00e577de-a939-451b-b4a6-526c62bfb0df\" data-immersive-translate-paragraph=\"1\">Longue dur\u00e9e de vie : jusqu'\u00e0 20 000 bouff\u00e9es \u2013 assez pour plusieurs semaines.<\/p>\n<\/li>\n<li class=\"\" data-start=\"1225\" data-end=\"1334\" data-immersive-translate-walked=\"00e577de-a939-451b-b4a6-526c62bfb0df\">\n<p class=\"\" data-start=\"1227\" data-end=\"1334\" data-immersive-translate-walked=\"00e577de-a939-451b-b4a6-526c62bfb0df\" data-immersive-translate-paragraph=\"1\">Plaisir fruit\u00e9 : la saveur Fraise Kiwi est le m\u00e9lange parfait de douceur et de fra\u00eecheur.<\/p>\n<\/li>\n<li class=\"\" data-start=\"1335\" data-end=\"1428\" data-immersive-translate-walked=\"00e577de-a939-451b-b4a6-526c62bfb0df\">\n<p class=\"\" data-start=\"1337\" data-end=\"1428\" data-immersive-translate-walked=\"00e577de-a939-451b-b4a6-526c62bfb0df\" data-immersive-translate-paragraph=\"1\">Diff\u00e9rentes options de nicotine : choisissez entre 0%, 2%, 3%, 5% selon vos besoins.<\/p>\n<\/li>\n<li class=\"\" data-start=\"1429\" data-end=\"1535\" data-immersive-translate-walked=\"00e577de-a939-451b-b4a6-526c62bfb0df\">\n<p class=\"\" data-start=\"1431\" data-end=\"1535\" data-immersive-translate-walked=\"00e577de-a939-451b-b4a6-526c62bfb0df\" data-immersive-translate-paragraph=\"1\">Charge rapide : la connectivit\u00e9 USB-C rend la recharge plus rapide et plus simple que jamais.<\/p>\n<\/li>\n<li class=\"\" data-start=\"1536\" data-end=\"1639\" data-immersive-translate-walked=\"00e577de-a939-451b-b4a6-526c62bfb0df\">\n<p class=\"\" data-start=\"1538\" data-end=\"1639\" data-immersive-translate-walked=\"00e577de-a939-451b-b4a6-526c62bfb0df\" data-immersive-translate-paragraph=\"1\">Utilisation confortable : avec seulement 110 g, elle est l\u00e9g\u00e8re et facile \u00e0 emporter partout.<\/p>\n<\/li>\n<\/ul>\n<h4 data-start=\"1641\" data-end=\"1976\" data-immersive-translate-walked=\"00e577de-a939-451b-b4a6-526c62bfb0df\" data-immersive-translate-paragraph=\"1\">Votre plaisir quotidien \u2013 simple et pratique :<\/h4>\n<p class=\"\" data-start=\"1641\" data-end=\"1976\" data-immersive-translate-walked=\"00e577de-a939-451b-b4a6-526c62bfb0df\" data-immersive-translate-paragraph=\"1\">La cigarette \u00e9lectronique jetable WASPE 20000 est destin\u00e9e \u00e0 tous ceux qui recherchent une exp\u00e9rience de vapotage pratique, longue et intense. Que ce soit lors d'une promenade dans le parc, pendant une pause au bureau ou en voyage \u2013 elle vous offre toujours une exp\u00e9rience de vapeur parfaite, sans complications.<\/p>\n<p class=\"\" data-start=\"1978\" data-end=\"2108\" data-immersive-translate-walked=\"00e577de-a939-451b-b4a6-526c62bfb0df\" data-immersive-translate-paragraph=\"1\">Commandez d\u00e8s maintenant sur vapingnet.fr et profitez du go\u00fbt de Fraise Kiwi partout o\u00f9 vous \u00eates !<\/p>","protected":false},"excerpt":{"rendered":"<p>Entdecke den Genuss mit der WASPE 20000 Einweg E Zigarette Es ist ein entspannter Samstagmorgen, du bist unterwegs und die Sonne scheint sanft. Du hast&#8230;<\/p>","protected":false},"featured_media":6785,"template":"","meta":[],"etheme_brands":[],"product_brand":[98],"product_cat":[54,49,61],"product_tag":[],"class_list":{"0":"post-6811","1":"product","2":"type-product","3":"status-publish","4":"has-post-thumbnail","6":"product_brand-waspe-vape","7":"product_cat-vape-20000-zuege","8":"product_cat-einweg-e-zigarette","9":"product_cat-f","11":"first","12":"instock","13":"shipping-taxable","14":"purchasable","15":"product-type-simple"},"yoast_head":"<!-- This site is optimized with the Yoast SEO plugin v26.5 - https:\/\/yoast.com\/wordpress\/plugins\/seo\/ -->\n<title>Vape Deal Des Jahres Strawberry Kiwi Von WASPE 20000 Gro\u00dfhandel M\u00f6glich | Vapingnet.de<\/title>\n<meta name=\"description\" content=\"Entdecke Vape Deal Des Jahres Strawberry Kiwi Von WASPE 20000 Gro\u00dfhandel M\u00f6glich bei vapingnet.de, \u25ba Gro\u00dfe Auswahl an Geschmacksrichtungen &amp; super g\u00fcnstig!\" \/>\n<meta name=\"robots\" content=\"index, follow, max-snippet:-1, max-image-preview:large, max-video-preview:-1\" \/>\n<link rel=\"canonical\" href=\"https:\/\/vapingnet.de\/fr\/vape\/vape-deal-des-jahres-strawberry-kiwi-von-waspe-20000-grosshandel-moeglich\/\" \/>\n<meta property=\"og:locale\" content=\"fr_FR\" \/>\n<meta property=\"og:type\" content=\"article\" \/>\n<meta property=\"og:title\" content=\"Vape Deal Des Jahres Strawberry Kiwi Von WASPE 20000 Gro\u00dfhandel M\u00f6glich | Vapingnet.de\" \/>\n<meta property=\"og:description\" content=\"Entdecke Vape Deal Des Jahres Strawberry Kiwi Von WASPE 20000 Gro\u00dfhandel M\u00f6glich bei vapingnet.de, \u25ba Gro\u00dfe Auswahl an Geschmacksrichtungen &amp; super g\u00fcnstig!\" \/>\n<meta property=\"og:url\" content=\"https:\/\/vapingnet.de\/fr\/vape\/vape-deal-des-jahres-strawberry-kiwi-von-waspe-20000-grosshandel-moeglich\/\" \/>\n<meta property=\"og:site_name\" content=\"Vapingnet.de\" \/>\n<meta property=\"article:publisher\" content=\"https:\/\/www.facebook.com\/vapingnetde\/\" \/>\n<meta property=\"article:modified_time\" content=\"2025-06-19T03:44:58+00:00\" \/>\n<meta property=\"og:image\" content=\"https:\/\/vapingnet.de\/wp-content\/uploads\/2025\/05\/Strawberry-Kiwi-1.webp\" \/>\n\t<meta property=\"og:image:width\" content=\"1000\" \/>\n\t<meta property=\"og:image:height\" content=\"1000\" \/>\n\t<meta property=\"og:image:type\" content=\"image\/webp\" \/>\n<meta name=\"twitter:card\" content=\"summary_large_image\" \/>\n<meta name=\"twitter:label1\" content=\"Dur\u00e9e de lecture estim\u00e9e\" \/>\n\t<meta name=\"twitter:data1\" content=\"2 minutes\" \/>\n<script type=\"application\/ld+json\" class=\"yoast-schema-graph\">{\"@context\":\"https:\/\/schema.org\",\"@graph\":[{\"@type\":\"WebPage\",\"@id\":\"https:\/\/vapingnet.de\/vape\/vape-deal-des-jahres-strawberry-kiwi-von-waspe-20000-grosshandel-moeglich\/\",\"url\":\"https:\/\/vapingnet.de\/vape\/vape-deal-des-jahres-strawberry-kiwi-von-waspe-20000-grosshandel-moeglich\/\",\"name\":\"Vape Deal Des Jahres Strawberry Kiwi Von WASPE 20000 Gro\u00dfhandel M\u00f6glich | Vapingnet.de\",\"isPartOf\":{\"@id\":\"https:\/\/vapingnet.de\/#website\"},\"primaryImageOfPage\":{\"@id\":\"https:\/\/vapingnet.de\/vape\/vape-deal-des-jahres-strawberry-kiwi-von-waspe-20000-grosshandel-moeglich\/#primaryimage\"},\"image\":{\"@id\":\"https:\/\/vapingnet.de\/vape\/vape-deal-des-jahres-strawberry-kiwi-von-waspe-20000-grosshandel-moeglich\/#primaryimage\"},\"thumbnailUrl\":\"https:\/\/vapingnet.de\/wp-content\/uploads\/2025\/05\/Strawberry-Kiwi-1.webp\",\"datePublished\":\"2025-05-06T02:51:01+00:00\",\"dateModified\":\"2025-06-19T03:44:58+00:00\",\"description\":\"Entdecke Vape Deal Des Jahres Strawberry Kiwi Von WASPE 20000 Gro\u00dfhandel M\u00f6glich bei vapingnet.de, \u25ba Gro\u00dfe Auswahl an Geschmacksrichtungen & super g\u00fcnstig!\",\"breadcrumb\":{\"@id\":\"https:\/\/vapingnet.de\/vape\/vape-deal-des-jahres-strawberry-kiwi-von-waspe-20000-grosshandel-moeglich\/#breadcrumb\"},\"inLanguage\":\"fr-FR\",\"potentialAction\":[{\"@type\":\"ReadAction\",\"target\":[\"https:\/\/vapingnet.de\/vape\/vape-deal-des-jahres-strawberry-kiwi-von-waspe-20000-grosshandel-moeglich\/\"]}]},{\"@type\":\"ImageObject\",\"inLanguage\":\"fr-FR\",\"@id\":\"https:\/\/vapingnet.de\/vape\/vape-deal-des-jahres-strawberry-kiwi-von-waspe-20000-grosshandel-moeglich\/#primaryimage\",\"url\":\"https:\/\/vapingnet.de\/wp-content\/uploads\/2025\/05\/Strawberry-Kiwi-1.webp\",\"contentUrl\":\"https:\/\/vapingnet.de\/wp-content\/uploads\/2025\/05\/Strawberry-Kiwi-1.webp\",\"width\":1000,\"height\":1000},{\"@type\":\"BreadcrumbList\",\"@id\":\"https:\/\/vapingnet.de\/vape\/vape-deal-des-jahres-strawberry-kiwi-von-waspe-20000-grosshandel-moeglich\/#breadcrumb\",\"itemListElement\":[{\"@type\":\"ListItem\",\"position\":1,\"name\":\"Home\",\"item\":\"https:\/\/vapingnet.de\/\"},{\"@type\":\"ListItem\",\"position\":2,\"name\":\"Shop\",\"item\":\"https:\/\/vapingnet.de\/vape\/\"},{\"@type\":\"ListItem\",\"position\":3,\"name\":\"Vape Deal Des Jahres Strawberry Kiwi Von WASPE 20000 Gro\u00dfhandel M\u00f6glich\"}]},{\"@type\":\"WebSite\",\"@id\":\"https:\/\/vapingnet.de\/#website\",\"url\":\"https:\/\/vapingnet.de\/\",\"name\":\"Vapingnet.de\",\"description\":\"\",\"publisher\":{\"@id\":\"https:\/\/vapingnet.de\/#organization\"},\"potentialAction\":[{\"@type\":\"SearchAction\",\"target\":{\"@type\":\"EntryPoint\",\"urlTemplate\":\"https:\/\/vapingnet.de\/?s={search_term_string}\"},\"query-input\":{\"@type\":\"PropertyValueSpecification\",\"valueRequired\":true,\"valueName\":\"search_term_string\"}}],\"inLanguage\":\"fr-FR\"},{\"@type\":\"Organization\",\"@id\":\"https:\/\/vapingnet.de\/#organization\",\"name\":\"Vapingnet.de\",\"url\":\"https:\/\/vapingnet.de\/\",\"logo\":{\"@type\":\"ImageObject\",\"inLanguage\":\"fr-FR\",\"@id\":\"https:\/\/vapingnet.de\/#\/schema\/logo\/image\/\",\"url\":\"https:\/\/vapingnet.de\/wp-content\/uploads\/2025\/03\/cropped-vapingnet.de_.jpg\",\"contentUrl\":\"https:\/\/vapingnet.de\/wp-content\/uploads\/2025\/03\/cropped-vapingnet.de_.jpg\",\"width\":512,\"height\":512,\"caption\":\"Vapingnet.de\"},\"image\":{\"@id\":\"https:\/\/vapingnet.de\/#\/schema\/logo\/image\/\"},\"sameAs\":[\"https:\/\/www.facebook.com\/vapingnetde\/\"]}]}<\/script>\n<!-- \/ Yoast SEO plugin. -->","yoast_head_json":{"title":"Vape Deal Des Jahres Strawberry Kiwi Von WASPE 20000 Gro\u00dfhandel M\u00f6glich | Vapingnet.de","description":"Entdecke Vape Deal Des Jahres Strawberry Kiwi Von WASPE 20000 Gro\u00dfhandel M\u00f6glich bei vapingnet.de, \u25ba Gro\u00dfe Auswahl an Geschmacksrichtungen & super g\u00fcnstig!","robots":{"index":"index","follow":"follow","max-snippet":"max-snippet:-1","max-image-preview":"max-image-preview:large","max-video-preview":"max-video-preview:-1"},"canonical":"https:\/\/vapingnet.de\/fr\/vape\/vape-deal-des-jahres-strawberry-kiwi-von-waspe-20000-grosshandel-moeglich\/","og_locale":"fr_FR","og_type":"article","og_title":"Vape Deal Des Jahres Strawberry Kiwi Von WASPE 20000 Gro\u00dfhandel M\u00f6glich | Vapingnet.de","og_description":"Entdecke Vape Deal Des Jahres Strawberry Kiwi Von WASPE 20000 Gro\u00dfhandel M\u00f6glich bei vapingnet.de, \u25ba Gro\u00dfe Auswahl an Geschmacksrichtungen & super g\u00fcnstig!","og_url":"https:\/\/vapingnet.de\/fr\/vape\/vape-deal-des-jahres-strawberry-kiwi-von-waspe-20000-grosshandel-moeglich\/","og_site_name":"Vapingnet.de","article_publisher":"https:\/\/www.facebook.com\/vapingnetde\/","article_modified_time":"2025-06-19T03:44:58+00:00","og_image":[{"width":1000,"height":1000,"url":"https:\/\/vapingnet.de\/wp-content\/uploads\/2025\/05\/Strawberry-Kiwi-1.webp","type":"image\/webp"}],"twitter_card":"summary_large_image","twitter_misc":{"Dur\u00e9e de lecture estim\u00e9e":"2 minutes"},"schema":{"@context":"https:\/\/schema.org","@graph":[{"@type":"WebPage","@id":"https:\/\/vapingnet.de\/vape\/vape-deal-des-jahres-strawberry-kiwi-von-waspe-20000-grosshandel-moeglich\/","url":"https:\/\/vapingnet.de\/vape\/vape-deal-des-jahres-strawberry-kiwi-von-waspe-20000-grosshandel-moeglich\/","name":"Vape Deal Des Jahres Strawberry Kiwi Von WASPE 20000 Gro\u00dfhandel M\u00f6glich | Vapingnet.de","isPartOf":{"@id":"https:\/\/vapingnet.de\/#website"},"primaryImageOfPage":{"@id":"https:\/\/vapingnet.de\/vape\/vape-deal-des-jahres-strawberry-kiwi-von-waspe-20000-grosshandel-moeglich\/#primaryimage"},"image":{"@id":"https:\/\/vapingnet.de\/vape\/vape-deal-des-jahres-strawberry-kiwi-von-waspe-20000-grosshandel-moeglich\/#primaryimage"},"thumbnailUrl":"https:\/\/vapingnet.de\/wp-content\/uploads\/2025\/05\/Strawberry-Kiwi-1.webp","datePublished":"2025-05-06T02:51:01+00:00","dateModified":"2025-06-19T03:44:58+00:00","description":"Entdecke Vape Deal Des Jahres Strawberry Kiwi Von WASPE 20000 Gro\u00dfhandel M\u00f6glich bei vapingnet.de, \u25ba Gro\u00dfe Auswahl an Geschmacksrichtungen & super g\u00fcnstig!","breadcrumb":{"@id":"https:\/\/vapingnet.de\/vape\/vape-deal-des-jahres-strawberry-kiwi-von-waspe-20000-grosshandel-moeglich\/#breadcrumb"},"inLanguage":"fr-FR","potentialAction":[{"@type":"ReadAction","target":["https:\/\/vapingnet.de\/vape\/vape-deal-des-jahres-strawberry-kiwi-von-waspe-20000-grosshandel-moeglich\/"]}]},{"@type":"ImageObject","inLanguage":"fr-FR","@id":"https:\/\/vapingnet.de\/vape\/vape-deal-des-jahres-strawberry-kiwi-von-waspe-20000-grosshandel-moeglich\/#primaryimage","url":"https:\/\/vapingnet.de\/wp-content\/uploads\/2025\/05\/Strawberry-Kiwi-1.webp","contentUrl":"https:\/\/vapingnet.de\/wp-content\/uploads\/2025\/05\/Strawberry-Kiwi-1.webp","width":1000,"height":1000},{"@type":"BreadcrumbList","@id":"https:\/\/vapingnet.de\/vape\/vape-deal-des-jahres-strawberry-kiwi-von-waspe-20000-grosshandel-moeglich\/#breadcrumb","itemListElement":[{"@type":"ListItem","position":1,"name":"Home","item":"https:\/\/vapingnet.de\/"},{"@type":"ListItem","position":2,"name":"Shop","item":"https:\/\/vapingnet.de\/vape\/"},{"@type":"ListItem","position":3,"name":"Vape Deal Des Jahres Strawberry Kiwi Von WASPE 20000 Gro\u00dfhandel M\u00f6glich"}]},{"@type":"WebSite","@id":"https:\/\/vapingnet.de\/#website","url":"https:\/\/vapingnet.de\/","name":"Vapingnet.de","description":"","publisher":{"@id":"https:\/\/vapingnet.de\/#organization"},"potentialAction":[{"@type":"SearchAction","target":{"@type":"EntryPoint","urlTemplate":"https:\/\/vapingnet.de\/?s={search_term_string}"},"query-input":{"@type":"PropertyValueSpecification","valueRequired":true,"valueName":"search_term_string"}}],"inLanguage":"fr-FR"},{"@type":"Organization","@id":"https:\/\/vapingnet.de\/#organization","name":"Vapingnet.de","url":"https:\/\/vapingnet.de\/","logo":{"@type":"ImageObject","inLanguage":"fr-FR","@id":"https:\/\/vapingnet.de\/#\/schema\/logo\/image\/","url":"https:\/\/vapingnet.de\/wp-content\/uploads\/2025\/03\/cropped-vapingnet.de_.jpg","contentUrl":"https:\/\/vapingnet.de\/wp-content\/uploads\/2025\/03\/cropped-vapingnet.de_.jpg","width":512,"height":512,"caption":"Vapingnet.de"},"image":{"@id":"https:\/\/vapingnet.de\/#\/schema\/logo\/image\/"},"sameAs":["https:\/\/www.facebook.com\/vapingnetde\/"]}]}},"tiered_pricing_type":"fixed","tiered_pricing_fixed_rules":{"10":"9.11","60":"8.20","110":"7.29","200":"6.38"},"tiered_pricing_product_settings":{"layout":"default","base_unit_name":{"singular":null,"plural":null},"default_variation":null},"tiered_pricing_minimum_quantity":null,"tiered_pricing_roles_data":[],"tiered_pricing_percentage_rules":[],"_links":{"self":[{"href":"https:\/\/vapingnet.de\/fr\/wp-json\/wp\/v2\/product\/6811","targetHints":{"allow":["GET"]}}],"collection":[{"href":"https:\/\/vapingnet.de\/fr\/wp-json\/wp\/v2\/product"}],"about":[{"href":"https:\/\/vapingnet.de\/fr\/wp-json\/wp\/v2\/types\/product"}],"version-history":[{"count":1,"href":"https:\/\/vapingnet.de\/fr\/wp-json\/wp\/v2\/product\/6811\/revisions"}],"predecessor-version":[{"id":6818,"href":"https:\/\/vapingnet.de\/fr\/wp-json\/wp\/v2\/product\/6811\/revisions\/6818"}],"wp:featuredmedia":[{"embeddable":true,"href":"https:\/\/vapingnet.de\/fr\/wp-json\/wp\/v2\/media\/6785"}],"wp:attachment":[{"href":"https:\/\/vapingnet.de\/fr\/wp-json\/wp\/v2\/media?parent=6811"}],"wp:term":[{"taxonomy":"brand","embeddable":true,"href":"https:\/\/vapingnet.de\/fr\/wp-json\/wp\/v2\/etheme_brands?post=6811"},{"taxonomy":"product_brand","embeddable":true,"href":"https:\/\/vapingnet.de\/fr\/wp-json\/wp\/v2\/product_brand?post=6811"},{"taxonomy":"product_cat","embeddable":true,"href":"https:\/\/vapingnet.de\/fr\/wp-json\/wp\/v2\/product_cat?post=6811"},{"taxonomy":"product_tag","embeddable":true,"href":"https:\/\/vapingnet.de\/fr\/wp-json\/wp\/v2\/product_tag?post=6811"}],"curies":[{"name":"wp","href":"https:\/\/api.w.org\/{rel}","templated":true}]}}