{"id":6946,"date":"2025-05-26T03:38:25","date_gmt":"2025-05-26T03:38:25","guid":{"rendered":"https:\/\/vapingnet.de\/?post_type=product&#038;p=6946"},"modified":"2025-06-19T03:39:21","modified_gmt":"2025-06-19T03:39:21","slug":"bang-box-12000-puff-strawberry-mango-ready-fuer-dein-weekend","status":"publish","type":"product","link":"https:\/\/vapingnet.de\/fr\/vape\/bang-box-12000-puff-strawberry-mango-ready-fuer-dein-weekend\/","title":{"rendered":"Bang Box 12000 Puff Fraise Mangue, pr\u00eat pour ton week-end"},"content":{"rendered":"<h2 data-start=\"41\" data-end=\"129\" data-immersive-translate-walked=\"ebe1d0af-6af8-4dca-b4db-52f8066db9e0\" data-immersive-translate-paragraph=\"1\">Bang Box 12000 Puff \u2013 Cigarette \u00e9lectronique jetable puissante pour une vapeur longue dur\u00e9e<\/h2>\n<p data-start=\"131\" data-end=\"476\" data-immersive-translate-walked=\"ebe1d0af-6af8-4dca-b4db-52f8066db9e0\" data-immersive-translate-paragraph=\"1\">La Bang Box 12000 Puff Disposable est une cigarette \u00e9lectronique jetable innovante et pratique, qui impressionne par son nombre de bouff\u00e9es et son go\u00fbt intense. Elle est id\u00e9ale pour les vapoteurs recherchant une vape simple, performante et savoureuse \u2013 sans rechargement fastidieux ni utilisation compliqu\u00e9e.<\/p>\n<h3 data-start=\"478\" data-end=\"503\" data-immersive-translate-walked=\"ebe1d0af-6af8-4dca-b4db-52f8066db9e0\">D\u00e9tails techniques :<\/h3>\n<ul data-start=\"504\" data-end=\"1099\" data-immersive-translate-walked=\"ebe1d0af-6af8-4dca-b4db-52f8066db9e0\">\n<li data-start=\"504\" data-end=\"592\" data-immersive-translate-walked=\"ebe1d0af-6af8-4dca-b4db-52f8066db9e0\">\n<p data-start=\"506\" data-end=\"592\" data-immersive-translate-walked=\"ebe1d0af-6af8-4dca-b4db-52f8066db9e0\" data-immersive-translate-paragraph=\"1\">Nombre de bouff\u00e9es : jusqu'\u00e0 12 000 puffs \u2013 pour un plaisir durable sans achat fr\u00e9quent<\/p>\n<\/li>\n<li data-start=\"593\" data-end=\"687\" data-immersive-translate-walked=\"ebe1d0af-6af8-4dca-b4db-52f8066db9e0\">\n<p data-start=\"595\" data-end=\"687\" data-immersive-translate-walked=\"ebe1d0af-6af8-4dca-b4db-52f8066db9e0\" data-immersive-translate-paragraph=\"1\">Batterie : batterie puissante de 650mAh, rechargeable via le port USB Type-C moderne<\/p>\n<\/li>\n<li data-start=\"688\" data-end=\"776\" data-immersive-translate-walked=\"ebe1d0af-6af8-4dca-b4db-52f8066db9e0\">\n<p data-start=\"690\" data-end=\"776\" data-immersive-translate-walked=\"ebe1d0af-6af8-4dca-b4db-52f8066db9e0\" data-immersive-translate-paragraph=\"1\">Capacit\u00e9 de e-liquide : g\u00e9n\u00e9reuse de 20ml pour une production de vapeur intense et constante<\/p>\n<\/li>\n<li data-start=\"777\" data-end=\"870\" data-immersive-translate-walked=\"ebe1d0af-6af8-4dca-b4db-52f8066db9e0\">\n<p data-start=\"779\" data-end=\"870\" data-immersive-translate-walked=\"ebe1d0af-6af8-4dca-b4db-52f8066db9e0\" data-immersive-translate-paragraph=\"1\">R\u00e9sistance : r\u00e9sistance Mesh de 0,8 Ohm, assurant une exp\u00e9rience gustative optimale et une vapeur dense<\/p>\n<\/li>\n<li data-start=\"871\" data-end=\"958\" data-immersive-translate-walked=\"ebe1d0af-6af8-4dca-b4db-52f8066db9e0\">\n<p data-start=\"873\" data-end=\"958\" data-immersive-translate-walked=\"ebe1d0af-6af8-4dca-b4db-52f8066db9e0\" data-immersive-translate-paragraph=\"1\">Teneur en nicotine : au choix 2 % ou 5 %, pour r\u00e9pondre \u00e0 diff\u00e9rentes pr\u00e9f\u00e9rences<\/p>\n<\/li>\n<li data-start=\"959\" data-end=\"1037\" data-immersive-translate-walked=\"ebe1d0af-6af8-4dca-b4db-52f8066db9e0\">\n<p data-start=\"961\" data-end=\"1037\" data-immersive-translate-walked=\"ebe1d0af-6af8-4dca-b4db-52f8066db9e0\" data-immersive-translate-paragraph=\"1\">Poids : l\u00e9ger de 85g \u2013 id\u00e9al pour l'emporter et vapoter discr\u00e8tement en d\u00e9placement<\/p>\n<\/li>\n<li data-start=\"1038\" data-end=\"1099\" data-immersive-translate-walked=\"ebe1d0af-6af8-4dca-b4db-52f8066db9e0\">\n<p data-start=\"1040\" data-end=\"1099\" data-immersive-translate-walked=\"ebe1d0af-6af8-4dca-b4db-52f8066db9e0\" data-immersive-translate-paragraph=\"1\">Lumi\u00e8res LED color\u00e9es comme point fort visuel et indicateur de statut<\/p>\n<\/li>\n<\/ul>\n<p data-start=\"1101\" data-end=\"1408\" data-immersive-translate-walked=\"ebe1d0af-6af8-4dca-b4db-52f8066db9e0\" data-immersive-translate-paragraph=\"1\"><img fetchpriority=\"high\" decoding=\"async\" class=\"size-full wp-image-6949 aligncenter\" src=\"https:\/\/vapingnet.de\/wp-content\/uploads\/2025\/05\/9563b0a8cb8b6cda1f6280cd978d050-scaled.jpg\" alt=\"\" width=\"2045\" height=\"2560\" srcset=\"https:\/\/vapingnet.de\/wp-content\/uploads\/2025\/05\/9563b0a8cb8b6cda1f6280cd978d050-scaled.jpg 2045w, https:\/\/vapingnet.de\/wp-content\/uploads\/2025\/05\/9563b0a8cb8b6cda1f6280cd978d050-240x300.jpg 240w, https:\/\/vapingnet.de\/wp-content\/uploads\/2025\/05\/9563b0a8cb8b6cda1f6280cd978d050-818x1024.jpg 818w, https:\/\/vapingnet.de\/wp-content\/uploads\/2025\/05\/9563b0a8cb8b6cda1f6280cd978d050-768x961.jpg 768w, https:\/\/vapingnet.de\/wp-content\/uploads\/2025\/05\/9563b0a8cb8b6cda1f6280cd978d050-1227x1536.jpg 1227w, https:\/\/vapingnet.de\/wp-content\/uploads\/2025\/05\/9563b0a8cb8b6cda1f6280cd978d050-1636x2048.jpg 1636w, https:\/\/vapingnet.de\/wp-content\/uploads\/2025\/05\/9563b0a8cb8b6cda1f6280cd978d050-600x751.jpg 600w, https:\/\/vapingnet.de\/wp-content\/uploads\/2025\/05\/9563b0a8cb8b6cda1f6280cd978d050-1x1.jpg 1w, https:\/\/vapingnet.de\/wp-content\/uploads\/2025\/05\/9563b0a8cb8b6cda1f6280cd978d050-8x10.jpg 8w\" sizes=\"(max-width: 2045px) 100vw, 2045px\" \/><\/p>\n<p data-start=\"1101\" data-end=\"1408\" data-immersive-translate-walked=\"ebe1d0af-6af8-4dca-b4db-52f8066db9e0\" data-immersive-translate-paragraph=\"1\">La r\u00e9sistance Mesh int\u00e9gr\u00e9e garantit une vaporisation uniforme et aromatique, qui ravira m\u00eame les vapoteurs exp\u00e9riment\u00e9s. La possibilit\u00e9 de recharger la cigarette \u00e9lectronique jetable via Type-C prolonge consid\u00e9rablement sa dur\u00e9e d'utilisation et la rend particuli\u00e8rement durable par rapport aux dispositifs jetables classiques.<\/p>\n<h4 data-start=\"1410\" data-end=\"1730\" data-immersive-translate-walked=\"ebe1d0af-6af8-4dca-b4db-52f8066db9e0\" data-immersive-translate-paragraph=\"1\">Go\u00fbt :<\/h4>\n<p data-start=\"1410\" data-end=\"1730\" data-immersive-translate-walked=\"ebe1d0af-6af8-4dca-b4db-52f8066db9e0\" data-immersive-translate-paragraph=\"1\">Le m\u00e9lange fruit\u00e9 de fraise sucr\u00e9e et de mangue juteuse conf\u00e8re \u00e0 la Bang Box 12000 Puff le go\u00fbt Strawberry Mango \u2013 une combinaison parfaite de douceur fra\u00eeche et de l\u00e9g\u00e8ret\u00e9 estivale. Cet ar\u00f4me offre une exp\u00e9rience de vapotage intense et rafra\u00eechissante, qui reste longtemps en m\u00e9moire.<\/p>\n<p data-start=\"1732\" data-end=\"2172\" data-immersive-translate-walked=\"ebe1d0af-6af8-4dca-b4db-52f8066db9e0\" data-immersive-translate-paragraph=\"1\">Avec la Bang Box 12000 Puff, les vapoteurs disposent d'une cigarette \u00e9lectronique jetable de haute qualit\u00e9 et confortable, qui s\u00e9duit par sa longue dur\u00e9e, son go\u00fbt intense et sa facilit\u00e9 d'utilisation. Que ce soit pour une utilisation quotidienne ou comme compagnon fiable en d\u00e9placement \u2013 cette vape offre une exp\u00e9rience de vapotage compl\u00e8te et constitue le choix id\u00e9al pour tous ceux qui privil\u00e9gient une vape simple et agr\u00e9able.<\/p>","protected":false},"excerpt":{"rendered":"<p>Bang Box 12000 Puff \u2013 Leistungsstarke Einweg E Zigarette f\u00fcr langanhaltendes Dampfen Die Bang Box 12000 Puff Disposable ist eine innovative und praktische Einweg E&#8230;<\/p>","protected":false},"featured_media":6947,"template":"","meta":[],"etheme_brands":[],"product_brand":[101],"product_cat":[88],"product_tag":[],"class_list":{"0":"post-6946","1":"product","2":"type-product","3":"status-publish","4":"has-post-thumbnail","6":"product_brand-bang-king-vape","7":"product_cat-12k-vape","9":"first","10":"instock","11":"shipping-taxable","12":"purchasable","13":"product-type-simple"},"yoast_head":"<!-- This site is optimized with the Yoast SEO plugin v26.5 - https:\/\/yoast.com\/wordpress\/plugins\/seo\/ -->\n<title>Bang Box 12000 Puff Strawberry Mango Ready f\u00fcr dein Weekend | Vapingnet.de<\/title>\n<meta name=\"description\" content=\"Entdecke Bang Box 12000 Puff Strawberry Mango Ready f\u00fcr dein Weekend bei vapingnet.de, \u25ba Gro\u00dfe Auswahl an Geschmacksrichtungen &amp; super g\u00fcnstig!\" \/>\n<meta name=\"robots\" content=\"index, follow, max-snippet:-1, max-image-preview:large, max-video-preview:-1\" \/>\n<link rel=\"canonical\" href=\"https:\/\/vapingnet.de\/fr\/vape\/bang-box-12000-puff-strawberry-mango-ready-fuer-dein-weekend\/\" \/>\n<meta property=\"og:locale\" content=\"fr_FR\" \/>\n<meta property=\"og:type\" content=\"article\" \/>\n<meta property=\"og:title\" content=\"Bang Box 12000 Puff Strawberry Mango Ready f\u00fcr dein Weekend | Vapingnet.de\" \/>\n<meta property=\"og:description\" content=\"Entdecke Bang Box 12000 Puff Strawberry Mango Ready f\u00fcr dein Weekend bei vapingnet.de, \u25ba Gro\u00dfe Auswahl an Geschmacksrichtungen &amp; super g\u00fcnstig!\" \/>\n<meta property=\"og:url\" content=\"https:\/\/vapingnet.de\/fr\/vape\/bang-box-12000-puff-strawberry-mango-ready-fuer-dein-weekend\/\" \/>\n<meta property=\"og:site_name\" content=\"Vapingnet.de\" \/>\n<meta property=\"article:publisher\" content=\"https:\/\/www.facebook.com\/vapingnetde\/\" \/>\n<meta property=\"article:modified_time\" content=\"2025-06-19T03:39:21+00:00\" \/>\n<meta property=\"og:image\" content=\"https:\/\/vapingnet.de\/wp-content\/uploads\/2025\/05\/Strawberry-Mango-1.webp\" \/>\n\t<meta property=\"og:image:width\" content=\"1000\" \/>\n\t<meta property=\"og:image:height\" content=\"1000\" \/>\n\t<meta property=\"og:image:type\" content=\"image\/webp\" \/>\n<meta name=\"twitter:card\" content=\"summary_large_image\" \/>\n<meta name=\"twitter:label1\" content=\"Dur\u00e9e de lecture estim\u00e9e\" \/>\n\t<meta name=\"twitter:data1\" content=\"2 minutes\" \/>\n<script type=\"application\/ld+json\" class=\"yoast-schema-graph\">{\"@context\":\"https:\/\/schema.org\",\"@graph\":[{\"@type\":\"WebPage\",\"@id\":\"https:\/\/vapingnet.de\/vape\/bang-box-12000-puff-strawberry-mango-ready-fuer-dein-weekend\/\",\"url\":\"https:\/\/vapingnet.de\/vape\/bang-box-12000-puff-strawberry-mango-ready-fuer-dein-weekend\/\",\"name\":\"Bang Box 12000 Puff Strawberry Mango Ready f\u00fcr dein Weekend | Vapingnet.de\",\"isPartOf\":{\"@id\":\"https:\/\/vapingnet.de\/#website\"},\"primaryImageOfPage\":{\"@id\":\"https:\/\/vapingnet.de\/vape\/bang-box-12000-puff-strawberry-mango-ready-fuer-dein-weekend\/#primaryimage\"},\"image\":{\"@id\":\"https:\/\/vapingnet.de\/vape\/bang-box-12000-puff-strawberry-mango-ready-fuer-dein-weekend\/#primaryimage\"},\"thumbnailUrl\":\"https:\/\/vapingnet.de\/wp-content\/uploads\/2025\/05\/Strawberry-Mango-1.webp\",\"datePublished\":\"2025-05-26T03:38:25+00:00\",\"dateModified\":\"2025-06-19T03:39:21+00:00\",\"description\":\"Entdecke Bang Box 12000 Puff Strawberry Mango Ready f\u00fcr dein Weekend bei vapingnet.de, \u25ba Gro\u00dfe Auswahl an Geschmacksrichtungen & super g\u00fcnstig!\",\"breadcrumb\":{\"@id\":\"https:\/\/vapingnet.de\/vape\/bang-box-12000-puff-strawberry-mango-ready-fuer-dein-weekend\/#breadcrumb\"},\"inLanguage\":\"fr-FR\",\"potentialAction\":[{\"@type\":\"ReadAction\",\"target\":[\"https:\/\/vapingnet.de\/vape\/bang-box-12000-puff-strawberry-mango-ready-fuer-dein-weekend\/\"]}]},{\"@type\":\"ImageObject\",\"inLanguage\":\"fr-FR\",\"@id\":\"https:\/\/vapingnet.de\/vape\/bang-box-12000-puff-strawberry-mango-ready-fuer-dein-weekend\/#primaryimage\",\"url\":\"https:\/\/vapingnet.de\/wp-content\/uploads\/2025\/05\/Strawberry-Mango-1.webp\",\"contentUrl\":\"https:\/\/vapingnet.de\/wp-content\/uploads\/2025\/05\/Strawberry-Mango-1.webp\",\"width\":1000,\"height\":1000},{\"@type\":\"BreadcrumbList\",\"@id\":\"https:\/\/vapingnet.de\/vape\/bang-box-12000-puff-strawberry-mango-ready-fuer-dein-weekend\/#breadcrumb\",\"itemListElement\":[{\"@type\":\"ListItem\",\"position\":1,\"name\":\"Home\",\"item\":\"https:\/\/vapingnet.de\/\"},{\"@type\":\"ListItem\",\"position\":2,\"name\":\"Shop\",\"item\":\"https:\/\/vapingnet.de\/vape\/\"},{\"@type\":\"ListItem\",\"position\":3,\"name\":\"Bang Box 12000 Puff Strawberry Mango Ready f\u00fcr dein Weekend\"}]},{\"@type\":\"WebSite\",\"@id\":\"https:\/\/vapingnet.de\/#website\",\"url\":\"https:\/\/vapingnet.de\/\",\"name\":\"Vapingnet.de\",\"description\":\"\",\"publisher\":{\"@id\":\"https:\/\/vapingnet.de\/#organization\"},\"potentialAction\":[{\"@type\":\"SearchAction\",\"target\":{\"@type\":\"EntryPoint\",\"urlTemplate\":\"https:\/\/vapingnet.de\/?s={search_term_string}\"},\"query-input\":{\"@type\":\"PropertyValueSpecification\",\"valueRequired\":true,\"valueName\":\"search_term_string\"}}],\"inLanguage\":\"fr-FR\"},{\"@type\":\"Organization\",\"@id\":\"https:\/\/vapingnet.de\/#organization\",\"name\":\"Vapingnet.de\",\"url\":\"https:\/\/vapingnet.de\/\",\"logo\":{\"@type\":\"ImageObject\",\"inLanguage\":\"fr-FR\",\"@id\":\"https:\/\/vapingnet.de\/#\/schema\/logo\/image\/\",\"url\":\"https:\/\/vapingnet.de\/wp-content\/uploads\/2025\/03\/cropped-vapingnet.de_.jpg\",\"contentUrl\":\"https:\/\/vapingnet.de\/wp-content\/uploads\/2025\/03\/cropped-vapingnet.de_.jpg\",\"width\":512,\"height\":512,\"caption\":\"Vapingnet.de\"},\"image\":{\"@id\":\"https:\/\/vapingnet.de\/#\/schema\/logo\/image\/\"},\"sameAs\":[\"https:\/\/www.facebook.com\/vapingnetde\/\"]}]}<\/script>\n<!-- \/ Yoast SEO plugin. -->","yoast_head_json":{"title":"Bang Box 12000 Puff Strawberry Mango Ready f\u00fcr dein Weekend | Vapingnet.de","description":"Entdecke Bang Box 12000 Puff Strawberry Mango Ready f\u00fcr dein Weekend bei vapingnet.de, \u25ba Gro\u00dfe Auswahl an Geschmacksrichtungen & super g\u00fcnstig!","robots":{"index":"index","follow":"follow","max-snippet":"max-snippet:-1","max-image-preview":"max-image-preview:large","max-video-preview":"max-video-preview:-1"},"canonical":"https:\/\/vapingnet.de\/fr\/vape\/bang-box-12000-puff-strawberry-mango-ready-fuer-dein-weekend\/","og_locale":"fr_FR","og_type":"article","og_title":"Bang Box 12000 Puff Strawberry Mango Ready f\u00fcr dein Weekend | Vapingnet.de","og_description":"Entdecke Bang Box 12000 Puff Strawberry Mango Ready f\u00fcr dein Weekend bei vapingnet.de, \u25ba Gro\u00dfe Auswahl an Geschmacksrichtungen & super g\u00fcnstig!","og_url":"https:\/\/vapingnet.de\/fr\/vape\/bang-box-12000-puff-strawberry-mango-ready-fuer-dein-weekend\/","og_site_name":"Vapingnet.de","article_publisher":"https:\/\/www.facebook.com\/vapingnetde\/","article_modified_time":"2025-06-19T03:39:21+00:00","og_image":[{"width":1000,"height":1000,"url":"https:\/\/vapingnet.de\/wp-content\/uploads\/2025\/05\/Strawberry-Mango-1.webp","type":"image\/webp"}],"twitter_card":"summary_large_image","twitter_misc":{"Dur\u00e9e de lecture estim\u00e9e":"2 minutes"},"schema":{"@context":"https:\/\/schema.org","@graph":[{"@type":"WebPage","@id":"https:\/\/vapingnet.de\/vape\/bang-box-12000-puff-strawberry-mango-ready-fuer-dein-weekend\/","url":"https:\/\/vapingnet.de\/vape\/bang-box-12000-puff-strawberry-mango-ready-fuer-dein-weekend\/","name":"Bang Box 12000 Puff Strawberry Mango Ready f\u00fcr dein Weekend | Vapingnet.de","isPartOf":{"@id":"https:\/\/vapingnet.de\/#website"},"primaryImageOfPage":{"@id":"https:\/\/vapingnet.de\/vape\/bang-box-12000-puff-strawberry-mango-ready-fuer-dein-weekend\/#primaryimage"},"image":{"@id":"https:\/\/vapingnet.de\/vape\/bang-box-12000-puff-strawberry-mango-ready-fuer-dein-weekend\/#primaryimage"},"thumbnailUrl":"https:\/\/vapingnet.de\/wp-content\/uploads\/2025\/05\/Strawberry-Mango-1.webp","datePublished":"2025-05-26T03:38:25+00:00","dateModified":"2025-06-19T03:39:21+00:00","description":"Entdecke Bang Box 12000 Puff Strawberry Mango Ready f\u00fcr dein Weekend bei vapingnet.de, \u25ba Gro\u00dfe Auswahl an Geschmacksrichtungen & super g\u00fcnstig!","breadcrumb":{"@id":"https:\/\/vapingnet.de\/vape\/bang-box-12000-puff-strawberry-mango-ready-fuer-dein-weekend\/#breadcrumb"},"inLanguage":"fr-FR","potentialAction":[{"@type":"ReadAction","target":["https:\/\/vapingnet.de\/vape\/bang-box-12000-puff-strawberry-mango-ready-fuer-dein-weekend\/"]}]},{"@type":"ImageObject","inLanguage":"fr-FR","@id":"https:\/\/vapingnet.de\/vape\/bang-box-12000-puff-strawberry-mango-ready-fuer-dein-weekend\/#primaryimage","url":"https:\/\/vapingnet.de\/wp-content\/uploads\/2025\/05\/Strawberry-Mango-1.webp","contentUrl":"https:\/\/vapingnet.de\/wp-content\/uploads\/2025\/05\/Strawberry-Mango-1.webp","width":1000,"height":1000},{"@type":"BreadcrumbList","@id":"https:\/\/vapingnet.de\/vape\/bang-box-12000-puff-strawberry-mango-ready-fuer-dein-weekend\/#breadcrumb","itemListElement":[{"@type":"ListItem","position":1,"name":"Home","item":"https:\/\/vapingnet.de\/"},{"@type":"ListItem","position":2,"name":"Shop","item":"https:\/\/vapingnet.de\/vape\/"},{"@type":"ListItem","position":3,"name":"Bang Box 12000 Puff Strawberry Mango Ready f\u00fcr dein Weekend"}]},{"@type":"WebSite","@id":"https:\/\/vapingnet.de\/#website","url":"https:\/\/vapingnet.de\/","name":"Vapingnet.de","description":"","publisher":{"@id":"https:\/\/vapingnet.de\/#organization"},"potentialAction":[{"@type":"SearchAction","target":{"@type":"EntryPoint","urlTemplate":"https:\/\/vapingnet.de\/?s={search_term_string}"},"query-input":{"@type":"PropertyValueSpecification","valueRequired":true,"valueName":"search_term_string"}}],"inLanguage":"fr-FR"},{"@type":"Organization","@id":"https:\/\/vapingnet.de\/#organization","name":"Vapingnet.de","url":"https:\/\/vapingnet.de\/","logo":{"@type":"ImageObject","inLanguage":"fr-FR","@id":"https:\/\/vapingnet.de\/#\/schema\/logo\/image\/","url":"https:\/\/vapingnet.de\/wp-content\/uploads\/2025\/03\/cropped-vapingnet.de_.jpg","contentUrl":"https:\/\/vapingnet.de\/wp-content\/uploads\/2025\/03\/cropped-vapingnet.de_.jpg","width":512,"height":512,"caption":"Vapingnet.de"},"image":{"@id":"https:\/\/vapingnet.de\/#\/schema\/logo\/image\/"},"sameAs":["https:\/\/www.facebook.com\/vapingnetde\/"]}]}},"tiered_pricing_type":"fixed","tiered_pricing_fixed_rules":{"10":"7.31","60":"6.58","110":"5.85","200":"5.12"},"tiered_pricing_product_settings":{"layout":"default","base_unit_name":{"singular":null,"plural":null},"default_variation":null},"tiered_pricing_minimum_quantity":null,"tiered_pricing_roles_data":[],"tiered_pricing_percentage_rules":[],"_links":{"self":[{"href":"https:\/\/vapingnet.de\/fr\/wp-json\/wp\/v2\/product\/6946","targetHints":{"allow":["GET"]}}],"collection":[{"href":"https:\/\/vapingnet.de\/fr\/wp-json\/wp\/v2\/product"}],"about":[{"href":"https:\/\/vapingnet.de\/fr\/wp-json\/wp\/v2\/types\/product"}],"version-history":[{"count":3,"href":"https:\/\/vapingnet.de\/fr\/wp-json\/wp\/v2\/product\/6946\/revisions"}],"predecessor-version":[{"id":6951,"href":"https:\/\/vapingnet.de\/fr\/wp-json\/wp\/v2\/product\/6946\/revisions\/6951"}],"wp:featuredmedia":[{"embeddable":true,"href":"https:\/\/vapingnet.de\/fr\/wp-json\/wp\/v2\/media\/6947"}],"wp:attachment":[{"href":"https:\/\/vapingnet.de\/fr\/wp-json\/wp\/v2\/media?parent=6946"}],"wp:term":[{"taxonomy":"brand","embeddable":true,"href":"https:\/\/vapingnet.de\/fr\/wp-json\/wp\/v2\/etheme_brands?post=6946"},{"taxonomy":"product_brand","embeddable":true,"href":"https:\/\/vapingnet.de\/fr\/wp-json\/wp\/v2\/product_brand?post=6946"},{"taxonomy":"product_cat","embeddable":true,"href":"https:\/\/vapingnet.de\/fr\/wp-json\/wp\/v2\/product_cat?post=6946"},{"taxonomy":"product_tag","embeddable":true,"href":"https:\/\/vapingnet.de\/fr\/wp-json\/wp\/v2\/product_tag?post=6946"}],"curies":[{"name":"wp","href":"https:\/\/api.w.org\/{rel}","templated":true}]}}