{"id":6952,"date":"2025-05-26T03:44:07","date_gmt":"2025-05-26T03:44:07","guid":{"rendered":"https:\/\/vapingnet.de\/?post_type=product&#038;p=6952"},"modified":"2025-06-19T03:39:21","modified_gmt":"2025-06-19T03:39:21","slug":"geniesse-12000-puff-mit-strawberry-juice-vom-bang-box-disposable","status":"publish","type":"product","link":"https:\/\/vapingnet.de\/fr\/vape\/geniesse-12000-puff-mit-strawberry-juice-vom-bang-box-disposable\/","title":{"rendered":"Profite de 12000 puffs avec Jus de Fraise du Bang Box Jetable"},"content":{"rendered":"<h2 data-start=\"92\" data-end=\"174\">Jus de fraise plaisir \u00e0 chaque bouff\u00e9e \u2013 La Bang Box 12000 Puff Vape en focus<\/h2>\n<p data-start=\"176\" data-end=\"482\" data-immersive-translate-walked=\"124614d6-6d68-4e16-9487-3b94686f4a79\" data-immersive-translate-paragraph=\"1\">Si tu privil\u00e9gies lors de la vape un go\u00fbt intense, une technologie moderne et des performances exceptionnelles, alors tu dois absolument d\u00e9couvrir la Bang Box 12000 Puff. Cette cigarette \u00e9lectronique jetable allie ar\u00f4me intense et design \u00e9l\u00e9gant \u2013 pour une exp\u00e9rience de vapotage inoubliable.<\/p>\n<h3 data-start=\"489\" data-end=\"538\" data-immersive-translate-walked=\"124614d6-6d68-4e16-9487-3b94686f4a79\">Qu'est-ce qui rend la Bang Box 12000 si sp\u00e9ciale ?<\/h3>\n<p data-start=\"540\" data-end=\"970\" data-immersive-translate-walked=\"124614d6-6d68-4e16-9487-3b94686f4a79\" data-immersive-translate-paragraph=\"1\">Avec ses impressionnants 12 000 bouff\u00e9es, la Bang Box offre une exp\u00e9rience d'utilisation exceptionnellement longue \u2013 id\u00e9ale pour les gros vapoteurs ou comme compagnon fiable en voyage. Contrairement \u00e0 de nombreux mod\u00e8les jetables classiques, elle est \u00e9quip\u00e9e d'une batterie de 650mAh, rechargeable facilement via une connexion Type-C moderne. Ainsi, jetable ne signifie pas forc\u00e9ment \u00e0 usage unique \u2013 un avantage en termes de durabilit\u00e9 et de confort.<\/p>\n<p data-start=\"972\" data-end=\"1180\" data-immersive-translate-walked=\"124614d6-6d68-4e16-9487-3b94686f4a79\" data-immersive-translate-paragraph=\"1\">La bobine Mesh de 0,8 Ohm int\u00e9gr\u00e9e assure une r\u00e9partition uniforme de la chaleur, un go\u00fbt intense et une vapeur dense et douce. Chaque inhalation devient une exp\u00e9rience aromatique compl\u00e8te \u2013 constante jusqu'\u00e0 la derni\u00e8re bouff\u00e9e.<\/p>\n<h4 data-start=\"1187\" data-end=\"1225\" data-immersive-translate-walked=\"124614d6-6d68-4e16-9487-3b94686f4a79\">Le go\u00fbt : Jus de fraise<\/h4>\n<p data-start=\"1227\" data-end=\"1486\" data-immersive-translate-walked=\"124614d6-6d68-4e16-9487-3b94686f4a79\" data-immersive-translate-paragraph=\"1\">Une v\u00e9ritable nouveaut\u00e9 est la saveur Jus de fraise \u2013 juteux, sucr\u00e9 et merveilleusement rafra\u00eechissant. Ce go\u00fbt rappelle le jus de fraise fra\u00eechement press\u00e9, avec une note fruit\u00e9e d\u00e9licate et une douceur l\u00e9g\u00e8re, ni trop artificielle ni trop lourde.<\/p>\n<p data-start=\"1488\" data-end=\"1673\" data-immersive-translate-walked=\"124614d6-6d68-4e16-9487-3b94686f4a79\" data-immersive-translate-paragraph=\"1\">En expirant, un agr\u00e9able arri\u00e8re-go\u00fbt reste sur la langue, donnant envie de recommencer. Pour les amateurs de vapes fruit\u00e9es, Jus de fraise est un incontournable.<\/p>\n<h4 data-start=\"1680\" data-end=\"1721\" data-immersive-translate-walked=\"124614d6-6d68-4e16-9487-3b94686f4a79\">Autres points forts en un coup d'\u0153il<\/h4>\n<ul data-start=\"1723\" data-end=\"2118\" data-immersive-translate-walked=\"124614d6-6d68-4e16-9487-3b94686f4a79\">\n<li data-start=\"1723\" data-end=\"1804\" data-immersive-translate-walked=\"124614d6-6d68-4e16-9487-3b94686f4a79\">\n<p data-start=\"1725\" data-end=\"1804\" data-immersive-translate-walked=\"124614d6-6d68-4e16-9487-3b94686f4a79\" data-immersive-translate-paragraph=\"1\">E-liquide 20ml : Capacit\u00e9 g\u00e9n\u00e9reuse pour un ar\u00f4me long et constant<\/p>\n<\/li>\n<li data-start=\"1805\" data-end=\"1886\" data-immersive-translate-walked=\"124614d6-6d68-4e16-9487-3b94686f4a79\">\n<p data-start=\"1807\" data-end=\"1886\" data-immersive-translate-walked=\"124614d6-6d68-4e16-9487-3b94686f4a79\" data-immersive-translate-paragraph=\"1\">Teneur en nicotine : Disponible avec 2 % ou 5 %, selon la pr\u00e9f\u00e9rence individuelle<\/p>\n<\/li>\n<li data-start=\"1887\" data-end=\"1951\" data-immersive-translate-walked=\"124614d6-6d68-4e16-9487-3b94686f4a79\">\n<p data-start=\"1889\" data-end=\"1951\" data-immersive-translate-walked=\"124614d6-6d68-4e16-9487-3b94686f4a79\" data-immersive-translate-paragraph=\"1\">Poids : 85g \u2013 l\u00e9ger et compact, parfait pour la mobilit\u00e9<\/p>\n<\/li>\n<li data-start=\"1952\" data-end=\"2038\" data-immersive-translate-walked=\"124614d6-6d68-4e16-9487-3b94686f4a79\">\n<p data-start=\"1954\" data-end=\"2038\" data-immersive-translate-walked=\"124614d6-6d68-4e16-9487-3b94686f4a79\" data-immersive-translate-paragraph=\"1\">Lumi\u00e8re LED color\u00e9e : Apporte une touche esth\u00e9tique et indique le statut de fonctionnement avec style<\/p>\n<\/li>\n<li data-start=\"2039\" data-end=\"2118\" data-immersive-translate-walked=\"124614d6-6d68-4e16-9487-3b94686f4a79\">\n<p data-start=\"2041\" data-end=\"2118\" data-immersive-translate-walked=\"124614d6-6d68-4e16-9487-3b94686f4a79\" data-immersive-translate-paragraph=\"1\">Pr\u00eat \u00e0 l'emploi : Pas de remplissage, pas de r\u00e9glages \u2013 \u00e0 sortir de la bo\u00eete et \u00e0 commencer<\/p>\n<\/li>\n<\/ul>\n<h4 data-start=\"2125\" data-end=\"2137\" data-immersive-translate-walked=\"124614d6-6d68-4e16-9487-3b94686f4a79\">Plus qu'une simple vape jetable \u2013 Test en situation quotidienne de la Bang Box<\/h4>\n<p data-start=\"2139\" data-end=\"2387\" data-immersive-translate-walked=\"124614d6-6d68-4e16-9487-3b94686f4a79\" data-immersive-translate-paragraph=\"1\">La Bang Box 12000 Puff est le m\u00e9lange id\u00e9al entre style, fonctionnalit\u00e9 et go\u00fbt. Elle combine technologie moderne, simplicit\u00e9 d'utilisation et offre une exp\u00e9rience de vapotage exceptionnellement intense \u2013 parfaite pour tous ceux qui attendent plus de leur vape.<\/p>\n<p data-start=\"2389\" data-end=\"2580\" data-immersive-translate-walked=\"124614d6-6d68-4e16-9487-3b94686f4a79\" data-immersive-translate-paragraph=\"1\">Que ce soit en d\u00e9placement ou \u00e0 la maison, comme vape quotidienne ou pour une touche fruit\u00e9e de temps en temps : ceux qui aiment Jus de fraise et recherchent une qualit\u00e9 fiable seront enchant\u00e9s par la Bang Box.<\/p>","protected":false},"excerpt":{"rendered":"<p>Jus Fraise D\u00e9lice \u00e0 chaque inhalation \u2013 La Bang Box 12000 Puff Vape en focus Si vous recherchez une vapeur avec un go\u00fbt riche, une technologie moderne et...<\/p>","protected":false},"featured_media":6959,"template":"","meta":[],"etheme_brands":[],"product_brand":[101],"product_cat":[88],"product_tag":[],"class_list":{"0":"post-6952","1":"product","2":"type-product","3":"status-publish","4":"has-post-thumbnail","6":"product_brand-bang-king-vape","7":"product_cat-12k-vape","9":"first","10":"instock","11":"shipping-taxable","12":"purchasable","13":"product-type-simple"},"yoast_head":"<!-- This site is optimized with the Yoast SEO plugin v26.5 - https:\/\/yoast.com\/wordpress\/plugins\/seo\/ -->\n<title>Genie\u00dfe 12000 Puff mit Strawberry Juice vom Bang Box Disposable | Vapingnet.de<\/title>\n<meta name=\"description\" content=\"Entdecke Genie\u00dfe 12000 Puff mit Strawberry Juice vom Bang Box Disposable bei vapingnet.de, \u25ba Gro\u00dfe Auswahl an Geschmacksrichtungen &amp; super g\u00fcnstig!\" \/>\n<meta name=\"robots\" content=\"index, follow, max-snippet:-1, max-image-preview:large, max-video-preview:-1\" \/>\n<link rel=\"canonical\" href=\"https:\/\/vapingnet.de\/fr\/vape\/geniesse-12000-puff-mit-strawberry-juice-vom-bang-box-disposable\/\" \/>\n<meta property=\"og:locale\" content=\"fr_FR\" \/>\n<meta property=\"og:type\" content=\"article\" \/>\n<meta property=\"og:title\" content=\"Genie\u00dfe 12000 Puff mit Strawberry Juice vom Bang Box Disposable | Vapingnet.de\" \/>\n<meta property=\"og:description\" content=\"Entdecke Genie\u00dfe 12000 Puff mit Strawberry Juice vom Bang Box Disposable bei vapingnet.de, \u25ba Gro\u00dfe Auswahl an Geschmacksrichtungen &amp; super g\u00fcnstig!\" \/>\n<meta property=\"og:url\" content=\"https:\/\/vapingnet.de\/fr\/vape\/geniesse-12000-puff-mit-strawberry-juice-vom-bang-box-disposable\/\" \/>\n<meta property=\"og:site_name\" content=\"Vapingnet.de\" \/>\n<meta property=\"article:publisher\" content=\"https:\/\/www.facebook.com\/vapingnetde\/\" \/>\n<meta property=\"article:modified_time\" content=\"2025-06-19T03:39:21+00:00\" \/>\n<meta property=\"og:image\" content=\"https:\/\/vapingnet.de\/wp-content\/uploads\/2025\/05\/Strawberry-Juice.webp\" \/>\n\t<meta property=\"og:image:width\" content=\"1000\" \/>\n\t<meta property=\"og:image:height\" content=\"1000\" \/>\n\t<meta property=\"og:image:type\" content=\"image\/webp\" \/>\n<meta name=\"twitter:card\" content=\"summary_large_image\" \/>\n<meta name=\"twitter:label1\" content=\"Dur\u00e9e de lecture estim\u00e9e\" \/>\n\t<meta name=\"twitter:data1\" content=\"3 minutes\" \/>\n<script type=\"application\/ld+json\" class=\"yoast-schema-graph\">{\"@context\":\"https:\/\/schema.org\",\"@graph\":[{\"@type\":\"WebPage\",\"@id\":\"https:\/\/vapingnet.de\/vape\/geniesse-12000-puff-mit-strawberry-juice-vom-bang-box-disposable\/\",\"url\":\"https:\/\/vapingnet.de\/vape\/geniesse-12000-puff-mit-strawberry-juice-vom-bang-box-disposable\/\",\"name\":\"Genie\u00dfe 12000 Puff mit Strawberry Juice vom Bang Box Disposable | Vapingnet.de\",\"isPartOf\":{\"@id\":\"https:\/\/vapingnet.de\/#website\"},\"primaryImageOfPage\":{\"@id\":\"https:\/\/vapingnet.de\/vape\/geniesse-12000-puff-mit-strawberry-juice-vom-bang-box-disposable\/#primaryimage\"},\"image\":{\"@id\":\"https:\/\/vapingnet.de\/vape\/geniesse-12000-puff-mit-strawberry-juice-vom-bang-box-disposable\/#primaryimage\"},\"thumbnailUrl\":\"https:\/\/vapingnet.de\/wp-content\/uploads\/2025\/05\/Strawberry-Juice.webp\",\"datePublished\":\"2025-05-26T03:44:07+00:00\",\"dateModified\":\"2025-06-19T03:39:21+00:00\",\"description\":\"Entdecke Genie\u00dfe 12000 Puff mit Strawberry Juice vom Bang Box Disposable bei vapingnet.de, \u25ba Gro\u00dfe Auswahl an Geschmacksrichtungen & super g\u00fcnstig!\",\"breadcrumb\":{\"@id\":\"https:\/\/vapingnet.de\/vape\/geniesse-12000-puff-mit-strawberry-juice-vom-bang-box-disposable\/#breadcrumb\"},\"inLanguage\":\"fr-FR\",\"potentialAction\":[{\"@type\":\"ReadAction\",\"target\":[\"https:\/\/vapingnet.de\/vape\/geniesse-12000-puff-mit-strawberry-juice-vom-bang-box-disposable\/\"]}]},{\"@type\":\"ImageObject\",\"inLanguage\":\"fr-FR\",\"@id\":\"https:\/\/vapingnet.de\/vape\/geniesse-12000-puff-mit-strawberry-juice-vom-bang-box-disposable\/#primaryimage\",\"url\":\"https:\/\/vapingnet.de\/wp-content\/uploads\/2025\/05\/Strawberry-Juice.webp\",\"contentUrl\":\"https:\/\/vapingnet.de\/wp-content\/uploads\/2025\/05\/Strawberry-Juice.webp\",\"width\":1000,\"height\":1000},{\"@type\":\"BreadcrumbList\",\"@id\":\"https:\/\/vapingnet.de\/vape\/geniesse-12000-puff-mit-strawberry-juice-vom-bang-box-disposable\/#breadcrumb\",\"itemListElement\":[{\"@type\":\"ListItem\",\"position\":1,\"name\":\"Home\",\"item\":\"https:\/\/vapingnet.de\/\"},{\"@type\":\"ListItem\",\"position\":2,\"name\":\"Shop\",\"item\":\"https:\/\/vapingnet.de\/vape\/\"},{\"@type\":\"ListItem\",\"position\":3,\"name\":\"Genie\u00dfe 12000 Puff mit Strawberry Juice vom Bang Box Disposable\"}]},{\"@type\":\"WebSite\",\"@id\":\"https:\/\/vapingnet.de\/#website\",\"url\":\"https:\/\/vapingnet.de\/\",\"name\":\"Vapingnet.de\",\"description\":\"\",\"publisher\":{\"@id\":\"https:\/\/vapingnet.de\/#organization\"},\"potentialAction\":[{\"@type\":\"SearchAction\",\"target\":{\"@type\":\"EntryPoint\",\"urlTemplate\":\"https:\/\/vapingnet.de\/?s={search_term_string}\"},\"query-input\":{\"@type\":\"PropertyValueSpecification\",\"valueRequired\":true,\"valueName\":\"search_term_string\"}}],\"inLanguage\":\"fr-FR\"},{\"@type\":\"Organization\",\"@id\":\"https:\/\/vapingnet.de\/#organization\",\"name\":\"Vapingnet.de\",\"url\":\"https:\/\/vapingnet.de\/\",\"logo\":{\"@type\":\"ImageObject\",\"inLanguage\":\"fr-FR\",\"@id\":\"https:\/\/vapingnet.de\/#\/schema\/logo\/image\/\",\"url\":\"https:\/\/vapingnet.de\/wp-content\/uploads\/2025\/03\/cropped-vapingnet.de_.jpg\",\"contentUrl\":\"https:\/\/vapingnet.de\/wp-content\/uploads\/2025\/03\/cropped-vapingnet.de_.jpg\",\"width\":512,\"height\":512,\"caption\":\"Vapingnet.de\"},\"image\":{\"@id\":\"https:\/\/vapingnet.de\/#\/schema\/logo\/image\/\"},\"sameAs\":[\"https:\/\/www.facebook.com\/vapingnetde\/\"]}]}<\/script>\n<!-- \/ Yoast SEO plugin. -->","yoast_head_json":{"title":"Genie\u00dfe 12000 Puff mit Strawberry Juice vom Bang Box Disposable | Vapingnet.de","description":"Entdecke Genie\u00dfe 12000 Puff mit Strawberry Juice vom Bang Box Disposable bei vapingnet.de, \u25ba Gro\u00dfe Auswahl an Geschmacksrichtungen & super g\u00fcnstig!","robots":{"index":"index","follow":"follow","max-snippet":"max-snippet:-1","max-image-preview":"max-image-preview:large","max-video-preview":"max-video-preview:-1"},"canonical":"https:\/\/vapingnet.de\/fr\/vape\/geniesse-12000-puff-mit-strawberry-juice-vom-bang-box-disposable\/","og_locale":"fr_FR","og_type":"article","og_title":"Genie\u00dfe 12000 Puff mit Strawberry Juice vom Bang Box Disposable | Vapingnet.de","og_description":"Entdecke Genie\u00dfe 12000 Puff mit Strawberry Juice vom Bang Box Disposable bei vapingnet.de, \u25ba Gro\u00dfe Auswahl an Geschmacksrichtungen & super g\u00fcnstig!","og_url":"https:\/\/vapingnet.de\/fr\/vape\/geniesse-12000-puff-mit-strawberry-juice-vom-bang-box-disposable\/","og_site_name":"Vapingnet.de","article_publisher":"https:\/\/www.facebook.com\/vapingnetde\/","article_modified_time":"2025-06-19T03:39:21+00:00","og_image":[{"width":1000,"height":1000,"url":"https:\/\/vapingnet.de\/wp-content\/uploads\/2025\/05\/Strawberry-Juice.webp","type":"image\/webp"}],"twitter_card":"summary_large_image","twitter_misc":{"Dur\u00e9e de lecture estim\u00e9e":"3 minutes"},"schema":{"@context":"https:\/\/schema.org","@graph":[{"@type":"WebPage","@id":"https:\/\/vapingnet.de\/vape\/geniesse-12000-puff-mit-strawberry-juice-vom-bang-box-disposable\/","url":"https:\/\/vapingnet.de\/vape\/geniesse-12000-puff-mit-strawberry-juice-vom-bang-box-disposable\/","name":"Genie\u00dfe 12000 Puff mit Strawberry Juice vom Bang Box Disposable | Vapingnet.de","isPartOf":{"@id":"https:\/\/vapingnet.de\/#website"},"primaryImageOfPage":{"@id":"https:\/\/vapingnet.de\/vape\/geniesse-12000-puff-mit-strawberry-juice-vom-bang-box-disposable\/#primaryimage"},"image":{"@id":"https:\/\/vapingnet.de\/vape\/geniesse-12000-puff-mit-strawberry-juice-vom-bang-box-disposable\/#primaryimage"},"thumbnailUrl":"https:\/\/vapingnet.de\/wp-content\/uploads\/2025\/05\/Strawberry-Juice.webp","datePublished":"2025-05-26T03:44:07+00:00","dateModified":"2025-06-19T03:39:21+00:00","description":"Entdecke Genie\u00dfe 12000 Puff mit Strawberry Juice vom Bang Box Disposable bei vapingnet.de, \u25ba Gro\u00dfe Auswahl an Geschmacksrichtungen & super g\u00fcnstig!","breadcrumb":{"@id":"https:\/\/vapingnet.de\/vape\/geniesse-12000-puff-mit-strawberry-juice-vom-bang-box-disposable\/#breadcrumb"},"inLanguage":"fr-FR","potentialAction":[{"@type":"ReadAction","target":["https:\/\/vapingnet.de\/vape\/geniesse-12000-puff-mit-strawberry-juice-vom-bang-box-disposable\/"]}]},{"@type":"ImageObject","inLanguage":"fr-FR","@id":"https:\/\/vapingnet.de\/vape\/geniesse-12000-puff-mit-strawberry-juice-vom-bang-box-disposable\/#primaryimage","url":"https:\/\/vapingnet.de\/wp-content\/uploads\/2025\/05\/Strawberry-Juice.webp","contentUrl":"https:\/\/vapingnet.de\/wp-content\/uploads\/2025\/05\/Strawberry-Juice.webp","width":1000,"height":1000},{"@type":"BreadcrumbList","@id":"https:\/\/vapingnet.de\/vape\/geniesse-12000-puff-mit-strawberry-juice-vom-bang-box-disposable\/#breadcrumb","itemListElement":[{"@type":"ListItem","position":1,"name":"Home","item":"https:\/\/vapingnet.de\/"},{"@type":"ListItem","position":2,"name":"Shop","item":"https:\/\/vapingnet.de\/vape\/"},{"@type":"ListItem","position":3,"name":"Genie\u00dfe 12000 Puff mit Strawberry Juice vom Bang Box Disposable"}]},{"@type":"WebSite","@id":"https:\/\/vapingnet.de\/#website","url":"https:\/\/vapingnet.de\/","name":"Vapingnet.de","description":"","publisher":{"@id":"https:\/\/vapingnet.de\/#organization"},"potentialAction":[{"@type":"SearchAction","target":{"@type":"EntryPoint","urlTemplate":"https:\/\/vapingnet.de\/?s={search_term_string}"},"query-input":{"@type":"PropertyValueSpecification","valueRequired":true,"valueName":"search_term_string"}}],"inLanguage":"fr-FR"},{"@type":"Organization","@id":"https:\/\/vapingnet.de\/#organization","name":"Vapingnet.de","url":"https:\/\/vapingnet.de\/","logo":{"@type":"ImageObject","inLanguage":"fr-FR","@id":"https:\/\/vapingnet.de\/#\/schema\/logo\/image\/","url":"https:\/\/vapingnet.de\/wp-content\/uploads\/2025\/03\/cropped-vapingnet.de_.jpg","contentUrl":"https:\/\/vapingnet.de\/wp-content\/uploads\/2025\/03\/cropped-vapingnet.de_.jpg","width":512,"height":512,"caption":"Vapingnet.de"},"image":{"@id":"https:\/\/vapingnet.de\/#\/schema\/logo\/image\/"},"sameAs":["https:\/\/www.facebook.com\/vapingnetde\/"]}]}},"tiered_pricing_type":"fixed","tiered_pricing_fixed_rules":{"10":"7.31","60":"6.58","110":"5.85","200":"5.12"},"tiered_pricing_product_settings":{"layout":"default","base_unit_name":{"singular":null,"plural":null},"default_variation":null},"tiered_pricing_minimum_quantity":null,"tiered_pricing_roles_data":[],"tiered_pricing_percentage_rules":[],"_links":{"self":[{"href":"https:\/\/vapingnet.de\/fr\/wp-json\/wp\/v2\/product\/6952","targetHints":{"allow":["GET"]}}],"collection":[{"href":"https:\/\/vapingnet.de\/fr\/wp-json\/wp\/v2\/product"}],"about":[{"href":"https:\/\/vapingnet.de\/fr\/wp-json\/wp\/v2\/types\/product"}],"version-history":[{"count":1,"href":"https:\/\/vapingnet.de\/fr\/wp-json\/wp\/v2\/product\/6952\/revisions"}],"predecessor-version":[{"id":6960,"href":"https:\/\/vapingnet.de\/fr\/wp-json\/wp\/v2\/product\/6952\/revisions\/6960"}],"wp:featuredmedia":[{"embeddable":true,"href":"https:\/\/vapingnet.de\/fr\/wp-json\/wp\/v2\/media\/6959"}],"wp:attachment":[{"href":"https:\/\/vapingnet.de\/fr\/wp-json\/wp\/v2\/media?parent=6952"}],"wp:term":[{"taxonomy":"brand","embeddable":true,"href":"https:\/\/vapingnet.de\/fr\/wp-json\/wp\/v2\/etheme_brands?post=6952"},{"taxonomy":"product_brand","embeddable":true,"href":"https:\/\/vapingnet.de\/fr\/wp-json\/wp\/v2\/product_brand?post=6952"},{"taxonomy":"product_cat","embeddable":true,"href":"https:\/\/vapingnet.de\/fr\/wp-json\/wp\/v2\/product_cat?post=6952"},{"taxonomy":"product_tag","embeddable":true,"href":"https:\/\/vapingnet.de\/fr\/wp-json\/wp\/v2\/product_tag?post=6952"}],"curies":[{"name":"wp","href":"https:\/\/api.w.org\/{rel}","templated":true}]}}