{"id":6966,"date":"2025-05-26T06:42:36","date_gmt":"2025-05-26T06:42:36","guid":{"rendered":"https:\/\/vapingnet.de\/?post_type=product&#038;p=6966"},"modified":"2025-06-19T03:39:19","modified_gmt":"2025-06-19T03:39:19","slug":"hochwertig-dampfen-bang-box-12000-strawberry-kiwi-jetzt-testen","status":"publish","type":"product","link":"https:\/\/vapingnet.de\/fr\/vape\/hochwertig-dampfen-bang-box-12000-strawberry-kiwi-jetzt-testen\/","title":{"rendered":"Vape de haute qualit\u00e9 Bang Box 12000 Fraise Kiwi, \u00e0 tester maintenant"},"content":{"rendered":"<h2 data-start=\"0\" data-end=\"74\" data-immersive-translate-walked=\"8bc5dd58-1009-4a45-8c02-82898c43c831\">Bang Box 12000 Puff Jetable \u2013 Plaisir fruit\u00e9 avec Strawberry Kiwi<\/h2>\n<p data-start=\"76\" data-end=\"475\" data-immersive-translate-walked=\"8bc5dd58-1009-4a45-8c02-82898c43c831\" data-immersive-translate-paragraph=\"1\">La Bang Box 12000 Puff Jetable se pr\u00e9sente comme la cigarette \u00e9lectronique jetable parfaite pour tous ceux qui recherchent une exp\u00e9rience de vapotage simple et de haute qualit\u00e9. \u00c9quip\u00e9e d'une batterie puissante de 650mAh, facilement rechargeable via une connexion Type-C moderne, ce mod\u00e8le offre une dur\u00e9e de vie remarquablement longue \u2013 id\u00e9ale pour une utilisation quotidienne sans interruption.<\/p>\n<p data-start=\"477\" data-end=\"969\" data-immersive-translate-walked=\"8bc5dd58-1009-4a45-8c02-82898c43c831\" data-immersive-translate-paragraph=\"1\">Avec une capacit\u00e9 g\u00e9n\u00e9reuse de 20ml de e-liquide, la Bang Box garantit jusqu'\u00e0 12 000 bouff\u00e9es intenses, produites par la r\u00e9sistance innovante en mesh de 0,8 Ohm. Cette r\u00e9sistance assure une vaporisation optimale et une r\u00e9partition uniforme de la chaleur, permettant de pleinement appr\u00e9cier l'ar\u00f4me frais de Strawberry Kiwi. La combinaison de la douceur de la fraise et de la vivacit\u00e9 de la kiwi offre une exp\u00e9rience gustative rafra\u00eechissante, qui ravira aussi bien les d\u00e9butants que les vapoteurs exp\u00e9riment\u00e9s.<\/p>\n<p data-start=\"971\" data-end=\"1266\" data-immersive-translate-walked=\"8bc5dd58-1009-4a45-8c02-82898c43c831\" data-immersive-translate-paragraph=\"1\">Sa conception l\u00e9g\u00e8re de seulement 85 grammes rend la Bang Box particuli\u00e8rement maniable, en faisant le compagnon id\u00e9al pour les d\u00e9placements. La lumi\u00e8re LED color\u00e9e, non seulement un atout esth\u00e9tique, est aussi une fonctionnalit\u00e9 pratique qui indique le niveau de charge et l'activit\u00e9 de la cigarette \u00e9lectronique.<\/p>\n<p data-start=\"1268\" data-end=\"1531\" data-immersive-translate-walked=\"8bc5dd58-1009-4a45-8c02-82898c43c831\" data-immersive-translate-paragraph=\"1\">Il est particuli\u00e8rement important de noter la possibilit\u00e9 de choisir entre 2 % et 5 % de nicotine, permettant aux vapoteurs de s\u00e9lectionner facilement leur pr\u00e9f\u00e9rence personnelle. La fonction rechargeable de la cigarette \u00e9lectronique jetable la rend \u00e9galement plus durable par rapport aux mod\u00e8les traditionnels.<\/p>\n<h3 data-start=\"1533\" data-end=\"1578\" data-immersive-translate-walked=\"8bc5dd58-1009-4a45-8c02-82898c43c831\">Pourquoi choisir la Bang Box 12000 Puff Jetable ?<\/h3>\n<ul data-start=\"1580\" data-end=\"2005\" data-immersive-translate-walked=\"8bc5dd58-1009-4a45-8c02-82898c43c831\">\n<li data-start=\"1580\" data-end=\"1641\" data-immersive-translate-walked=\"8bc5dd58-1009-4a45-8c02-82898c43c831\">\n<p data-start=\"1582\" data-end=\"1641\" data-immersive-translate-walked=\"8bc5dd58-1009-4a45-8c02-82898c43c831\" data-immersive-translate-paragraph=\"1\">Batterie rechargeable Type-C pour une vapotage prolong\u00e9<\/p>\n<\/li>\n<li data-start=\"1642\" data-end=\"1714\" data-immersive-translate-walked=\"8bc5dd58-1009-4a45-8c02-82898c43c831\">\n<p data-start=\"1644\" data-end=\"1714\" data-immersive-translate-walked=\"8bc5dd58-1009-4a45-8c02-82898c43c831\" data-immersive-translate-paragraph=\"1\">R\u00e9servoir de 20ml de e-liquide \u2013 longue dur\u00e9e d'utilisation sans rechargement<\/p>\n<\/li>\n<li data-start=\"1715\" data-end=\"1781\" data-immersive-translate-walked=\"8bc5dd58-1009-4a45-8c02-82898c43c831\">\n<p data-start=\"1717\" data-end=\"1781\" data-immersive-translate-walked=\"8bc5dd58-1009-4a45-8c02-82898c43c831\" data-immersive-translate-paragraph=\"1\">R\u00e9sistance en mesh de haute qualit\u00e9 de 0,8 Ohm pour une vapeur dense et aromatique<\/p>\n<\/li>\n<li data-start=\"1782\" data-end=\"1861\" data-immersive-translate-walked=\"8bc5dd58-1009-4a45-8c02-82898c43c831\">\n<p data-start=\"1784\" data-end=\"1861\" data-immersive-translate-walked=\"8bc5dd58-1009-4a45-8c02-82898c43c831\" data-immersive-translate-paragraph=\"1\">Ar\u00f4me fruit\u00e9 agr\u00e9able de Strawberry Kiwi, frais et vivifiant<\/p>\n<\/li>\n<li data-start=\"1862\" data-end=\"1925\" data-immersive-translate-walked=\"8bc5dd58-1009-4a45-8c02-82898c43c831\">\n<p data-start=\"1864\" data-end=\"1925\" data-immersive-translate-walked=\"8bc5dd58-1009-4a45-8c02-82898c43c831\" data-immersive-translate-paragraph=\"1\">Design l\u00e9ger et compact avec \u00e9clairage LED moderne<\/p>\n<\/li>\n<li data-start=\"1926\" data-end=\"2005\" data-immersive-translate-walked=\"8bc5dd58-1009-4a45-8c02-82898c43c831\">\n<p data-start=\"1928\" data-end=\"2005\" data-immersive-translate-walked=\"8bc5dd58-1009-4a45-8c02-82898c43c831\" data-immersive-translate-paragraph=\"1\">Disponible avec 2 % ou 5 % de nicotine pour r\u00e9pondre aux diff\u00e9rents besoins des vapoteurs<\/p>\n<\/li>\n<\/ul>\n<p data-start=\"2007\" data-end=\"2315\" data-immersive-translate-walked=\"8bc5dd58-1009-4a45-8c02-82898c43c831\" data-immersive-translate-paragraph=\"1\">Que ce soit pour une d\u00e9gustation rapide en d\u00e9placement ou pour vapoter tranquillement \u00e0 la maison \u2013 la Bang Box 12000 Puff Jetable convainc par sa simplicit\u00e9 d'utilisation, sa fiabilit\u00e9 et son go\u00fbt intense. Si vous recherchez une cigarette \u00e9lectronique jetable de haute qualit\u00e9, pratique et \u00e9l\u00e9gante, ce mod\u00e8le est une solution id\u00e9ale.<\/p>","protected":false},"excerpt":{"rendered":"<p>Bang Box 12000 Puff Disposable \u2013 Fruchtiger Genuss mit Strawberry Kiwi Die Bang Box 12000 Puff Disposable pr\u00e4sentiert sich als perfekte Einweg E Zigarette f\u00fcr&#8230;<\/p>","protected":false},"featured_media":6970,"template":"","meta":[],"etheme_brands":[],"product_brand":[101],"product_cat":[88],"product_tag":[],"class_list":{"0":"post-6966","1":"product","2":"type-product","3":"status-publish","4":"has-post-thumbnail","6":"product_brand-bang-king-vape","7":"product_cat-12k-vape","9":"first","10":"instock","11":"shipping-taxable","12":"purchasable","13":"product-type-simple"},"yoast_head":"<!-- This site is optimized with the Yoast SEO plugin v26.5 - https:\/\/yoast.com\/wordpress\/plugins\/seo\/ -->\n<title>Hochwertig dampfen Bang Box 12000 Strawberry Kiwi jetzt testen | Vapingnet.de<\/title>\n<meta name=\"description\" content=\"Entdecke Hochwertig dampfen Bang Box 12000 Strawberry Kiwi jetzt testen bei vapingnet.de, \u25ba Gro\u00dfe Auswahl an Geschmacksrichtungen &amp; super g\u00fcnstig!\" \/>\n<meta name=\"robots\" content=\"index, follow, max-snippet:-1, max-image-preview:large, max-video-preview:-1\" \/>\n<link rel=\"canonical\" href=\"https:\/\/vapingnet.de\/fr\/vape\/hochwertig-dampfen-bang-box-12000-strawberry-kiwi-jetzt-testen\/\" \/>\n<meta property=\"og:locale\" content=\"fr_FR\" \/>\n<meta property=\"og:type\" content=\"article\" \/>\n<meta property=\"og:title\" content=\"Hochwertig dampfen Bang Box 12000 Strawberry Kiwi jetzt testen | Vapingnet.de\" \/>\n<meta property=\"og:description\" content=\"Entdecke Hochwertig dampfen Bang Box 12000 Strawberry Kiwi jetzt testen bei vapingnet.de, \u25ba Gro\u00dfe Auswahl an Geschmacksrichtungen &amp; super g\u00fcnstig!\" \/>\n<meta property=\"og:url\" content=\"https:\/\/vapingnet.de\/fr\/vape\/hochwertig-dampfen-bang-box-12000-strawberry-kiwi-jetzt-testen\/\" \/>\n<meta property=\"og:site_name\" content=\"Vapingnet.de\" \/>\n<meta property=\"article:publisher\" content=\"https:\/\/www.facebook.com\/vapingnetde\/\" \/>\n<meta property=\"article:modified_time\" content=\"2025-06-19T03:39:19+00:00\" \/>\n<meta property=\"og:image\" content=\"https:\/\/vapingnet.de\/wp-content\/uploads\/2025\/05\/Strawberry-Kiwi-.webp\" \/>\n\t<meta property=\"og:image:width\" content=\"1000\" \/>\n\t<meta property=\"og:image:height\" content=\"1000\" \/>\n\t<meta property=\"og:image:type\" content=\"image\/webp\" \/>\n<meta name=\"twitter:card\" content=\"summary_large_image\" \/>\n<meta name=\"twitter:label1\" content=\"Dur\u00e9e de lecture estim\u00e9e\" \/>\n\t<meta name=\"twitter:data1\" content=\"2 minutes\" \/>\n<script type=\"application\/ld+json\" class=\"yoast-schema-graph\">{\"@context\":\"https:\/\/schema.org\",\"@graph\":[{\"@type\":\"WebPage\",\"@id\":\"https:\/\/vapingnet.de\/vape\/hochwertig-dampfen-bang-box-12000-strawberry-kiwi-jetzt-testen\/\",\"url\":\"https:\/\/vapingnet.de\/vape\/hochwertig-dampfen-bang-box-12000-strawberry-kiwi-jetzt-testen\/\",\"name\":\"Hochwertig dampfen Bang Box 12000 Strawberry Kiwi jetzt testen | Vapingnet.de\",\"isPartOf\":{\"@id\":\"https:\/\/vapingnet.de\/#website\"},\"primaryImageOfPage\":{\"@id\":\"https:\/\/vapingnet.de\/vape\/hochwertig-dampfen-bang-box-12000-strawberry-kiwi-jetzt-testen\/#primaryimage\"},\"image\":{\"@id\":\"https:\/\/vapingnet.de\/vape\/hochwertig-dampfen-bang-box-12000-strawberry-kiwi-jetzt-testen\/#primaryimage\"},\"thumbnailUrl\":\"https:\/\/vapingnet.de\/wp-content\/uploads\/2025\/05\/Strawberry-Kiwi-.webp\",\"datePublished\":\"2025-05-26T06:42:36+00:00\",\"dateModified\":\"2025-06-19T03:39:19+00:00\",\"description\":\"Entdecke Hochwertig dampfen Bang Box 12000 Strawberry Kiwi jetzt testen bei vapingnet.de, \u25ba Gro\u00dfe Auswahl an Geschmacksrichtungen & super g\u00fcnstig!\",\"breadcrumb\":{\"@id\":\"https:\/\/vapingnet.de\/vape\/hochwertig-dampfen-bang-box-12000-strawberry-kiwi-jetzt-testen\/#breadcrumb\"},\"inLanguage\":\"fr-FR\",\"potentialAction\":[{\"@type\":\"ReadAction\",\"target\":[\"https:\/\/vapingnet.de\/vape\/hochwertig-dampfen-bang-box-12000-strawberry-kiwi-jetzt-testen\/\"]}]},{\"@type\":\"ImageObject\",\"inLanguage\":\"fr-FR\",\"@id\":\"https:\/\/vapingnet.de\/vape\/hochwertig-dampfen-bang-box-12000-strawberry-kiwi-jetzt-testen\/#primaryimage\",\"url\":\"https:\/\/vapingnet.de\/wp-content\/uploads\/2025\/05\/Strawberry-Kiwi-.webp\",\"contentUrl\":\"https:\/\/vapingnet.de\/wp-content\/uploads\/2025\/05\/Strawberry-Kiwi-.webp\",\"width\":1000,\"height\":1000},{\"@type\":\"BreadcrumbList\",\"@id\":\"https:\/\/vapingnet.de\/vape\/hochwertig-dampfen-bang-box-12000-strawberry-kiwi-jetzt-testen\/#breadcrumb\",\"itemListElement\":[{\"@type\":\"ListItem\",\"position\":1,\"name\":\"Home\",\"item\":\"https:\/\/vapingnet.de\/\"},{\"@type\":\"ListItem\",\"position\":2,\"name\":\"Shop\",\"item\":\"https:\/\/vapingnet.de\/vape\/\"},{\"@type\":\"ListItem\",\"position\":3,\"name\":\"Hochwertig dampfen Bang Box 12000 Strawberry Kiwi jetzt testen\"}]},{\"@type\":\"WebSite\",\"@id\":\"https:\/\/vapingnet.de\/#website\",\"url\":\"https:\/\/vapingnet.de\/\",\"name\":\"Vapingnet.de\",\"description\":\"\",\"publisher\":{\"@id\":\"https:\/\/vapingnet.de\/#organization\"},\"potentialAction\":[{\"@type\":\"SearchAction\",\"target\":{\"@type\":\"EntryPoint\",\"urlTemplate\":\"https:\/\/vapingnet.de\/?s={search_term_string}\"},\"query-input\":{\"@type\":\"PropertyValueSpecification\",\"valueRequired\":true,\"valueName\":\"search_term_string\"}}],\"inLanguage\":\"fr-FR\"},{\"@type\":\"Organization\",\"@id\":\"https:\/\/vapingnet.de\/#organization\",\"name\":\"Vapingnet.de\",\"url\":\"https:\/\/vapingnet.de\/\",\"logo\":{\"@type\":\"ImageObject\",\"inLanguage\":\"fr-FR\",\"@id\":\"https:\/\/vapingnet.de\/#\/schema\/logo\/image\/\",\"url\":\"https:\/\/vapingnet.de\/wp-content\/uploads\/2025\/03\/cropped-vapingnet.de_.jpg\",\"contentUrl\":\"https:\/\/vapingnet.de\/wp-content\/uploads\/2025\/03\/cropped-vapingnet.de_.jpg\",\"width\":512,\"height\":512,\"caption\":\"Vapingnet.de\"},\"image\":{\"@id\":\"https:\/\/vapingnet.de\/#\/schema\/logo\/image\/\"},\"sameAs\":[\"https:\/\/www.facebook.com\/vapingnetde\/\"]}]}<\/script>\n<!-- \/ Yoast SEO plugin. -->","yoast_head_json":{"title":"Hochwertig dampfen Bang Box 12000 Strawberry Kiwi jetzt testen | Vapingnet.de","description":"Entdecke Hochwertig dampfen Bang Box 12000 Strawberry Kiwi jetzt testen bei vapingnet.de, \u25ba Gro\u00dfe Auswahl an Geschmacksrichtungen & super g\u00fcnstig!","robots":{"index":"index","follow":"follow","max-snippet":"max-snippet:-1","max-image-preview":"max-image-preview:large","max-video-preview":"max-video-preview:-1"},"canonical":"https:\/\/vapingnet.de\/fr\/vape\/hochwertig-dampfen-bang-box-12000-strawberry-kiwi-jetzt-testen\/","og_locale":"fr_FR","og_type":"article","og_title":"Hochwertig dampfen Bang Box 12000 Strawberry Kiwi jetzt testen | Vapingnet.de","og_description":"Entdecke Hochwertig dampfen Bang Box 12000 Strawberry Kiwi jetzt testen bei vapingnet.de, \u25ba Gro\u00dfe Auswahl an Geschmacksrichtungen & super g\u00fcnstig!","og_url":"https:\/\/vapingnet.de\/fr\/vape\/hochwertig-dampfen-bang-box-12000-strawberry-kiwi-jetzt-testen\/","og_site_name":"Vapingnet.de","article_publisher":"https:\/\/www.facebook.com\/vapingnetde\/","article_modified_time":"2025-06-19T03:39:19+00:00","og_image":[{"width":1000,"height":1000,"url":"https:\/\/vapingnet.de\/wp-content\/uploads\/2025\/05\/Strawberry-Kiwi-.webp","type":"image\/webp"}],"twitter_card":"summary_large_image","twitter_misc":{"Dur\u00e9e de lecture estim\u00e9e":"2 minutes"},"schema":{"@context":"https:\/\/schema.org","@graph":[{"@type":"WebPage","@id":"https:\/\/vapingnet.de\/vape\/hochwertig-dampfen-bang-box-12000-strawberry-kiwi-jetzt-testen\/","url":"https:\/\/vapingnet.de\/vape\/hochwertig-dampfen-bang-box-12000-strawberry-kiwi-jetzt-testen\/","name":"Hochwertig dampfen Bang Box 12000 Strawberry Kiwi jetzt testen | Vapingnet.de","isPartOf":{"@id":"https:\/\/vapingnet.de\/#website"},"primaryImageOfPage":{"@id":"https:\/\/vapingnet.de\/vape\/hochwertig-dampfen-bang-box-12000-strawberry-kiwi-jetzt-testen\/#primaryimage"},"image":{"@id":"https:\/\/vapingnet.de\/vape\/hochwertig-dampfen-bang-box-12000-strawberry-kiwi-jetzt-testen\/#primaryimage"},"thumbnailUrl":"https:\/\/vapingnet.de\/wp-content\/uploads\/2025\/05\/Strawberry-Kiwi-.webp","datePublished":"2025-05-26T06:42:36+00:00","dateModified":"2025-06-19T03:39:19+00:00","description":"Entdecke Hochwertig dampfen Bang Box 12000 Strawberry Kiwi jetzt testen bei vapingnet.de, \u25ba Gro\u00dfe Auswahl an Geschmacksrichtungen & super g\u00fcnstig!","breadcrumb":{"@id":"https:\/\/vapingnet.de\/vape\/hochwertig-dampfen-bang-box-12000-strawberry-kiwi-jetzt-testen\/#breadcrumb"},"inLanguage":"fr-FR","potentialAction":[{"@type":"ReadAction","target":["https:\/\/vapingnet.de\/vape\/hochwertig-dampfen-bang-box-12000-strawberry-kiwi-jetzt-testen\/"]}]},{"@type":"ImageObject","inLanguage":"fr-FR","@id":"https:\/\/vapingnet.de\/vape\/hochwertig-dampfen-bang-box-12000-strawberry-kiwi-jetzt-testen\/#primaryimage","url":"https:\/\/vapingnet.de\/wp-content\/uploads\/2025\/05\/Strawberry-Kiwi-.webp","contentUrl":"https:\/\/vapingnet.de\/wp-content\/uploads\/2025\/05\/Strawberry-Kiwi-.webp","width":1000,"height":1000},{"@type":"BreadcrumbList","@id":"https:\/\/vapingnet.de\/vape\/hochwertig-dampfen-bang-box-12000-strawberry-kiwi-jetzt-testen\/#breadcrumb","itemListElement":[{"@type":"ListItem","position":1,"name":"Home","item":"https:\/\/vapingnet.de\/"},{"@type":"ListItem","position":2,"name":"Shop","item":"https:\/\/vapingnet.de\/vape\/"},{"@type":"ListItem","position":3,"name":"Hochwertig dampfen Bang Box 12000 Strawberry Kiwi jetzt testen"}]},{"@type":"WebSite","@id":"https:\/\/vapingnet.de\/#website","url":"https:\/\/vapingnet.de\/","name":"Vapingnet.de","description":"","publisher":{"@id":"https:\/\/vapingnet.de\/#organization"},"potentialAction":[{"@type":"SearchAction","target":{"@type":"EntryPoint","urlTemplate":"https:\/\/vapingnet.de\/?s={search_term_string}"},"query-input":{"@type":"PropertyValueSpecification","valueRequired":true,"valueName":"search_term_string"}}],"inLanguage":"fr-FR"},{"@type":"Organization","@id":"https:\/\/vapingnet.de\/#organization","name":"Vapingnet.de","url":"https:\/\/vapingnet.de\/","logo":{"@type":"ImageObject","inLanguage":"fr-FR","@id":"https:\/\/vapingnet.de\/#\/schema\/logo\/image\/","url":"https:\/\/vapingnet.de\/wp-content\/uploads\/2025\/03\/cropped-vapingnet.de_.jpg","contentUrl":"https:\/\/vapingnet.de\/wp-content\/uploads\/2025\/03\/cropped-vapingnet.de_.jpg","width":512,"height":512,"caption":"Vapingnet.de"},"image":{"@id":"https:\/\/vapingnet.de\/#\/schema\/logo\/image\/"},"sameAs":["https:\/\/www.facebook.com\/vapingnetde\/"]}]}},"tiered_pricing_type":"fixed","tiered_pricing_fixed_rules":{"10":"7.31","60":"6.58","110":"5.85","200":"5.12"},"tiered_pricing_product_settings":{"layout":"default","base_unit_name":{"singular":null,"plural":null},"default_variation":null},"tiered_pricing_minimum_quantity":null,"tiered_pricing_roles_data":[],"tiered_pricing_percentage_rules":[],"_links":{"self":[{"href":"https:\/\/vapingnet.de\/fr\/wp-json\/wp\/v2\/product\/6966","targetHints":{"allow":["GET"]}}],"collection":[{"href":"https:\/\/vapingnet.de\/fr\/wp-json\/wp\/v2\/product"}],"about":[{"href":"https:\/\/vapingnet.de\/fr\/wp-json\/wp\/v2\/types\/product"}],"version-history":[{"count":1,"href":"https:\/\/vapingnet.de\/fr\/wp-json\/wp\/v2\/product\/6966\/revisions"}],"predecessor-version":[{"id":6975,"href":"https:\/\/vapingnet.de\/fr\/wp-json\/wp\/v2\/product\/6966\/revisions\/6975"}],"wp:featuredmedia":[{"embeddable":true,"href":"https:\/\/vapingnet.de\/fr\/wp-json\/wp\/v2\/media\/6970"}],"wp:attachment":[{"href":"https:\/\/vapingnet.de\/fr\/wp-json\/wp\/v2\/media?parent=6966"}],"wp:term":[{"taxonomy":"brand","embeddable":true,"href":"https:\/\/vapingnet.de\/fr\/wp-json\/wp\/v2\/etheme_brands?post=6966"},{"taxonomy":"product_brand","embeddable":true,"href":"https:\/\/vapingnet.de\/fr\/wp-json\/wp\/v2\/product_brand?post=6966"},{"taxonomy":"product_cat","embeddable":true,"href":"https:\/\/vapingnet.de\/fr\/wp-json\/wp\/v2\/product_cat?post=6966"},{"taxonomy":"product_tag","embeddable":true,"href":"https:\/\/vapingnet.de\/fr\/wp-json\/wp\/v2\/product_tag?post=6966"}],"curies":[{"name":"wp","href":"https:\/\/api.w.org\/{rel}","templated":true}]}}