{"id":6967,"date":"2025-05-26T06:42:38","date_gmt":"2025-05-26T06:42:38","guid":{"rendered":"https:\/\/vapingnet.de\/?post_type=product&#038;p=6967"},"modified":"2025-06-19T03:39:19","modified_gmt":"2025-06-19T03:39:19","slug":"12000-mal-fruchtgenuss-bang-box-watermelon-ice-power","status":"publish","type":"product","link":"https:\/\/vapingnet.de\/fr\/vape\/12000-mal-fruchtgenuss-bang-box-watermelon-ice-power\/","title":{"rendered":"12000 fois de plaisir fruit\u00e9 Bang Box Watermelon Ice Power"},"content":{"rendered":"<h2 data-start=\"58\" data-end=\"166\" data-immersive-translate-walked=\"ed73c951-f027-4f00-b964-0eb09616d611\">Nouveau chez nous \u2013 Bang Box 12000 Puff Cigarette \u00c9lectronique Jetable pour une exp\u00e9rience de vapotage in\u00e9gal\u00e9e<\/h2>\n<p data-start=\"168\" data-end=\"199\" data-immersive-translate-walked=\"ed73c951-f027-4f00-b964-0eb09616d611\" data-immersive-translate-paragraph=\"1\">Chers vapoteurs et vapoteuses,<\/p>\n<p data-start=\"201\" data-end=\"549\" data-immersive-translate-walked=\"ed73c951-f027-4f00-b964-0eb09616d611\" data-immersive-translate-paragraph=\"1\">aujourd'hui, nous vous pr\u00e9sentons un v\u00e9ritable bijou : la Bang Box 12000 Puff, une cigarette \u00e9lectronique jetable innovante qui fixe de nouvelles normes avec ses performances impressionnantes et sa simplicit\u00e9 d'utilisation. Si vous recherchez un appareil de vapotage fiable, savoureux et durable, alors la Bang Box est faite pour vous !<\/p>\n<h3>Pourquoi la Bang Box 12000 Puff est si sp\u00e9ciale<\/h3>\n<ul data-start=\"603\" data-end=\"1890\" data-immersive-translate-walked=\"ed73c951-f027-4f00-b964-0eb09616d611\">\n<li data-start=\"603\" data-end=\"955\" data-immersive-translate-walked=\"ed73c951-f027-4f00-b964-0eb09616d611\">\n<p data-start=\"605\" data-end=\"955\" data-immersive-translate-walked=\"ed73c951-f027-4f00-b964-0eb09616d611\" data-immersive-translate-paragraph=\"1\">Batterie puissante de 650mAh avec recharge USB Type-C<br data-start=\"667\" data-end=\"670\" data-immersive-translate-walked=\"ed73c951-f027-4f00-b964-0eb09616d611\" \/>Contrairement \u00e0 de nombreux appareils jetables traditionnels, la Bang Box peut \u00eatre facilement recharg\u00e9e via le port USB Type-C moderne. Vous n'avez pas besoin de jeter l'appareil apr\u00e8s \u00e9puisement du liquide \u2013 cela prot\u00e8ge non seulement votre portefeuille, mais aussi l'environnement.<\/p>\n<\/li>\n<li data-start=\"957\" data-end=\"1222\" data-immersive-translate-walked=\"ed73c951-f027-4f00-b964-0eb09616d611\">\n<p data-start=\"959\" data-end=\"1222\" data-immersive-translate-walked=\"ed73c951-f027-4f00-b964-0eb09616d611\" data-immersive-translate-paragraph=\"1\">R\u00e9servoir de 20ml de e-liquide pour jusqu'\u00e0 12 000 bouff\u00e9es<br data-start=\"1016\" data-end=\"1019\" data-immersive-translate-walked=\"ed73c951-f027-4f00-b964-0eb09616d611\" \/>Avec une capacit\u00e9 de liquide de 20ml, la Bang Box permet des sessions de vapotage extr\u00eamement longues sans rechargement ni changement. Parfait pour la route, en voyage ou simplement pour une d\u00e9tente \u00e0 la maison.<\/p>\n<\/li>\n<li data-start=\"1224\" data-end=\"1452\" data-immersive-translate-walked=\"ed73c951-f027-4f00-b964-0eb09616d611\">\n<p data-start=\"1226\" data-end=\"1452\" data-immersive-translate-walked=\"ed73c951-f027-4f00-b964-0eb09616d611\" data-immersive-translate-paragraph=\"1\">Qualit\u00e9 de vapeur optimale gr\u00e2ce \u00e0 la mesh coil de 0,8 ohm<br data-start=\"1276\" data-end=\"1279\" data-immersive-translate-walked=\"ed73c951-f027-4f00-b964-0eb09616d611\" \/>La coil en mesh de haute qualit\u00e9 assure une vaporisation uniforme, une saveur intense et une production de vapeur dense et agr\u00e9able \u2013 exactement ce que les amateurs de vapotage recherchent.<\/p>\n<\/li>\n<li data-start=\"1454\" data-end=\"1696\" data-immersive-translate-walked=\"ed73c951-f027-4f00-b964-0eb09616d611\">\n<p data-start=\"1456\" data-end=\"1696\" data-immersive-translate-walked=\"ed73c951-f027-4f00-b964-0eb09616d611\" data-immersive-translate-paragraph=\"1\">Saveur rafra\u00eechissante : Watermelon Ice<br data-start=\"1499\" data-end=\"1502\" data-immersive-translate-walked=\"ed73c951-f027-4f00-b964-0eb09616d611\" \/>La composition de saveurs \u00e0 base de past\u00e8que juteuse et de menthol frais apporte fra\u00eecheur et fruit\u00e9 en harmonie. Un go\u00fbt qui procure une sensation de fra\u00eecheur pure, surtout par temps chaud.<\/p>\n<\/li>\n<li data-start=\"1698\" data-end=\"1890\" data-immersive-translate-walked=\"ed73c951-f027-4f00-b964-0eb09616d611\">\n<p data-start=\"1700\" data-end=\"1890\" data-immersive-translate-walked=\"ed73c951-f027-4f00-b964-0eb09616d611\" data-immersive-translate-paragraph=\"1\">L\u00e9ger, compact et styl\u00e9<br data-start=\"1732\" data-end=\"1735\" data-immersive-translate-walked=\"ed73c951-f027-4f00-b964-0eb09616d611\" \/>Pesant seulement 85 grammes, la Bang Box tient agr\u00e9ablement dans la main et, gr\u00e2ce \u00e0 son design moderne et \u00e0 la LED int\u00e9gr\u00e9e, elle est aussi un v\u00e9ritable atout esth\u00e9tique.<\/p>\n<\/li>\n<\/ul>\n<h4 data-start=\"1892\" data-end=\"1929\" data-immersive-translate-walked=\"ed73c951-f027-4f00-b964-0eb09616d611\" data-immersive-translate-paragraph=\"1\"><img fetchpriority=\"high\" decoding=\"async\" class=\"size-full wp-image-6976 aligncenter\" src=\"https:\/\/vapingnet.de\/wp-content\/uploads\/2025\/05\/6bf8c5adc97239756c31adf61a68139-scaled.jpg\" alt=\"\" width=\"2236\" height=\"2560\" srcset=\"https:\/\/vapingnet.de\/wp-content\/uploads\/2025\/05\/6bf8c5adc97239756c31adf61a68139-scaled.jpg 2236w, https:\/\/vapingnet.de\/wp-content\/uploads\/2025\/05\/6bf8c5adc97239756c31adf61a68139-262x300.jpg 262w, https:\/\/vapingnet.de\/wp-content\/uploads\/2025\/05\/6bf8c5adc97239756c31adf61a68139-894x1024.jpg 894w, https:\/\/vapingnet.de\/wp-content\/uploads\/2025\/05\/6bf8c5adc97239756c31adf61a68139-768x879.jpg 768w, https:\/\/vapingnet.de\/wp-content\/uploads\/2025\/05\/6bf8c5adc97239756c31adf61a68139-1341x1536.jpg 1341w, https:\/\/vapingnet.de\/wp-content\/uploads\/2025\/05\/6bf8c5adc97239756c31adf61a68139-1789x2048.jpg 1789w, https:\/\/vapingnet.de\/wp-content\/uploads\/2025\/05\/6bf8c5adc97239756c31adf61a68139-600x687.jpg 600w, https:\/\/vapingnet.de\/wp-content\/uploads\/2025\/05\/6bf8c5adc97239756c31adf61a68139-1x1.jpg 1w, https:\/\/vapingnet.de\/wp-content\/uploads\/2025\/05\/6bf8c5adc97239756c31adf61a68139-10x10.jpg 10w\" sizes=\"(max-width: 2236px) 100vw, 2236px\" \/><\/h4>\n<h4 data-start=\"1892\" data-end=\"1929\" data-immersive-translate-walked=\"ed73c951-f027-4f00-b964-0eb09616d611\" data-immersive-translate-paragraph=\"1\">Pour qui la Bang Box est-elle adapt\u00e9e ?<\/h4>\n<p data-start=\"1931\" data-end=\"2298\" data-immersive-translate-walked=\"ed73c951-f027-4f00-b964-0eb09616d611\" data-immersive-translate-paragraph=\"1\">La Bang Box 12000 Puff est le choix id\u00e9al pour tous ceux qui recherchent une cigarette \u00e9lectronique jetable simple, mais performante et savoureuse. Que vous d\u00e9butiez dans le vapotage ou que vous soyez d\u00e9j\u00e0 un vapoteur exp\u00e9riment\u00e9, cet appareil s'adapte \u00e0 vos besoins et vous offre une exp\u00e9rience de vapotage d\u00e9tendue et fiable.<\/p>\n<p data-start=\"2305\" data-end=\"2441\" data-immersive-translate-walked=\"ed73c951-f027-4f00-b964-0eb09616d611\" data-immersive-translate-paragraph=\"1\">Testez d\u00e8s maintenant la Bang Box 12000 Puff et profitez jusqu'\u00e0 12 000 bouff\u00e9es intenses avec une exp\u00e9rience gustative rafra\u00eechissante et enthousiasmante !<\/p>\n<p data-start=\"2443\" data-end=\"2485\" data-immersive-translate-walked=\"ed73c951-f027-4f00-b964-0eb09616d611\" data-immersive-translate-paragraph=\"1\">Amusez-vous en vapotant et prenez soin de votre sant\u00e9 !<\/p>","protected":false},"excerpt":{"rendered":"<p>Nouveau chez nous \u2013 Bang Box 12000 Puff Cigarette jetable \u00e9lectronique pour une exp\u00e9rience de vapotage in\u00e9gal\u00e9e Chers vapoteurs et vapoteuses, aujourd'hui nous vous pr\u00e9sentons un v\u00e9ritable bijou...<\/p>","protected":false},"featured_media":6971,"template":"","meta":[],"etheme_brands":[],"product_brand":[101],"product_cat":[88],"product_tag":[],"class_list":{"0":"post-6967","1":"product","2":"type-product","3":"status-publish","4":"has-post-thumbnail","6":"product_brand-bang-king-vape","7":"product_cat-12k-vape","9":"first","10":"instock","11":"shipping-taxable","12":"purchasable","13":"product-type-simple"},"yoast_head":"<!-- This site is optimized with the Yoast SEO plugin v26.5 - https:\/\/yoast.com\/wordpress\/plugins\/seo\/ -->\n<title>12000 Mal Fruchtgenuss Bang Box Watermelon Ice Power | Vapingnet.de<\/title>\n<meta name=\"description\" content=\"Entdecke 12000 Mal Fruchtgenuss Bang Box Watermelon Ice Power bei vapingnet.de, \u25ba Gro\u00dfe Auswahl an Geschmacksrichtungen &amp; super g\u00fcnstig!\" \/>\n<meta name=\"robots\" content=\"index, follow, max-snippet:-1, max-image-preview:large, max-video-preview:-1\" \/>\n<link rel=\"canonical\" href=\"https:\/\/vapingnet.de\/fr\/vape\/12000-mal-fruchtgenuss-bang-box-watermelon-ice-power\/\" \/>\n<meta property=\"og:locale\" content=\"fr_FR\" \/>\n<meta property=\"og:type\" content=\"article\" \/>\n<meta property=\"og:title\" content=\"12000 Mal Fruchtgenuss Bang Box Watermelon Ice Power | Vapingnet.de\" \/>\n<meta property=\"og:description\" content=\"Entdecke 12000 Mal Fruchtgenuss Bang Box Watermelon Ice Power bei vapingnet.de, \u25ba Gro\u00dfe Auswahl an Geschmacksrichtungen &amp; super g\u00fcnstig!\" \/>\n<meta property=\"og:url\" content=\"https:\/\/vapingnet.de\/fr\/vape\/12000-mal-fruchtgenuss-bang-box-watermelon-ice-power\/\" \/>\n<meta property=\"og:site_name\" content=\"Vapingnet.de\" \/>\n<meta property=\"article:publisher\" content=\"https:\/\/www.facebook.com\/vapingnetde\/\" \/>\n<meta property=\"article:modified_time\" content=\"2025-06-19T03:39:19+00:00\" \/>\n<meta property=\"og:image\" content=\"https:\/\/vapingnet.de\/wp-content\/uploads\/2025\/05\/Watermelon-Ice-1.webp\" \/>\n\t<meta property=\"og:image:width\" content=\"1000\" \/>\n\t<meta property=\"og:image:height\" content=\"1000\" \/>\n\t<meta property=\"og:image:type\" content=\"image\/webp\" \/>\n<meta name=\"twitter:card\" content=\"summary_large_image\" \/>\n<meta name=\"twitter:label1\" content=\"Dur\u00e9e de lecture estim\u00e9e\" \/>\n\t<meta name=\"twitter:data1\" content=\"3 minutes\" \/>\n<script type=\"application\/ld+json\" class=\"yoast-schema-graph\">{\"@context\":\"https:\/\/schema.org\",\"@graph\":[{\"@type\":\"WebPage\",\"@id\":\"https:\/\/vapingnet.de\/vape\/12000-mal-fruchtgenuss-bang-box-watermelon-ice-power\/\",\"url\":\"https:\/\/vapingnet.de\/vape\/12000-mal-fruchtgenuss-bang-box-watermelon-ice-power\/\",\"name\":\"12000 Mal Fruchtgenuss Bang Box Watermelon Ice Power | Vapingnet.de\",\"isPartOf\":{\"@id\":\"https:\/\/vapingnet.de\/#website\"},\"primaryImageOfPage\":{\"@id\":\"https:\/\/vapingnet.de\/vape\/12000-mal-fruchtgenuss-bang-box-watermelon-ice-power\/#primaryimage\"},\"image\":{\"@id\":\"https:\/\/vapingnet.de\/vape\/12000-mal-fruchtgenuss-bang-box-watermelon-ice-power\/#primaryimage\"},\"thumbnailUrl\":\"https:\/\/vapingnet.de\/wp-content\/uploads\/2025\/05\/Watermelon-Ice-1.webp\",\"datePublished\":\"2025-05-26T06:42:38+00:00\",\"dateModified\":\"2025-06-19T03:39:19+00:00\",\"description\":\"Entdecke 12000 Mal Fruchtgenuss Bang Box Watermelon Ice Power bei vapingnet.de, \u25ba Gro\u00dfe Auswahl an Geschmacksrichtungen & super g\u00fcnstig!\",\"breadcrumb\":{\"@id\":\"https:\/\/vapingnet.de\/vape\/12000-mal-fruchtgenuss-bang-box-watermelon-ice-power\/#breadcrumb\"},\"inLanguage\":\"fr-FR\",\"potentialAction\":[{\"@type\":\"ReadAction\",\"target\":[\"https:\/\/vapingnet.de\/vape\/12000-mal-fruchtgenuss-bang-box-watermelon-ice-power\/\"]}]},{\"@type\":\"ImageObject\",\"inLanguage\":\"fr-FR\",\"@id\":\"https:\/\/vapingnet.de\/vape\/12000-mal-fruchtgenuss-bang-box-watermelon-ice-power\/#primaryimage\",\"url\":\"https:\/\/vapingnet.de\/wp-content\/uploads\/2025\/05\/Watermelon-Ice-1.webp\",\"contentUrl\":\"https:\/\/vapingnet.de\/wp-content\/uploads\/2025\/05\/Watermelon-Ice-1.webp\",\"width\":1000,\"height\":1000},{\"@type\":\"BreadcrumbList\",\"@id\":\"https:\/\/vapingnet.de\/vape\/12000-mal-fruchtgenuss-bang-box-watermelon-ice-power\/#breadcrumb\",\"itemListElement\":[{\"@type\":\"ListItem\",\"position\":1,\"name\":\"Home\",\"item\":\"https:\/\/vapingnet.de\/\"},{\"@type\":\"ListItem\",\"position\":2,\"name\":\"Shop\",\"item\":\"https:\/\/vapingnet.de\/vape\/\"},{\"@type\":\"ListItem\",\"position\":3,\"name\":\"12000 Mal Fruchtgenuss Bang Box Watermelon Ice Power\"}]},{\"@type\":\"WebSite\",\"@id\":\"https:\/\/vapingnet.de\/#website\",\"url\":\"https:\/\/vapingnet.de\/\",\"name\":\"Vapingnet.de\",\"description\":\"\",\"publisher\":{\"@id\":\"https:\/\/vapingnet.de\/#organization\"},\"potentialAction\":[{\"@type\":\"SearchAction\",\"target\":{\"@type\":\"EntryPoint\",\"urlTemplate\":\"https:\/\/vapingnet.de\/?s={search_term_string}\"},\"query-input\":{\"@type\":\"PropertyValueSpecification\",\"valueRequired\":true,\"valueName\":\"search_term_string\"}}],\"inLanguage\":\"fr-FR\"},{\"@type\":\"Organization\",\"@id\":\"https:\/\/vapingnet.de\/#organization\",\"name\":\"Vapingnet.de\",\"url\":\"https:\/\/vapingnet.de\/\",\"logo\":{\"@type\":\"ImageObject\",\"inLanguage\":\"fr-FR\",\"@id\":\"https:\/\/vapingnet.de\/#\/schema\/logo\/image\/\",\"url\":\"https:\/\/vapingnet.de\/wp-content\/uploads\/2025\/03\/cropped-vapingnet.de_.jpg\",\"contentUrl\":\"https:\/\/vapingnet.de\/wp-content\/uploads\/2025\/03\/cropped-vapingnet.de_.jpg\",\"width\":512,\"height\":512,\"caption\":\"Vapingnet.de\"},\"image\":{\"@id\":\"https:\/\/vapingnet.de\/#\/schema\/logo\/image\/\"},\"sameAs\":[\"https:\/\/www.facebook.com\/vapingnetde\/\"]}]}<\/script>\n<!-- \/ Yoast SEO plugin. -->","yoast_head_json":{"title":"12000 Mal Fruchtgenuss Bang Box Watermelon Ice Power | Vapingnet.de","description":"Entdecke 12000 Mal Fruchtgenuss Bang Box Watermelon Ice Power bei vapingnet.de, \u25ba Gro\u00dfe Auswahl an Geschmacksrichtungen & super g\u00fcnstig!","robots":{"index":"index","follow":"follow","max-snippet":"max-snippet:-1","max-image-preview":"max-image-preview:large","max-video-preview":"max-video-preview:-1"},"canonical":"https:\/\/vapingnet.de\/fr\/vape\/12000-mal-fruchtgenuss-bang-box-watermelon-ice-power\/","og_locale":"fr_FR","og_type":"article","og_title":"12000 Mal Fruchtgenuss Bang Box Watermelon Ice Power | Vapingnet.de","og_description":"Entdecke 12000 Mal Fruchtgenuss Bang Box Watermelon Ice Power bei vapingnet.de, \u25ba Gro\u00dfe Auswahl an Geschmacksrichtungen & super g\u00fcnstig!","og_url":"https:\/\/vapingnet.de\/fr\/vape\/12000-mal-fruchtgenuss-bang-box-watermelon-ice-power\/","og_site_name":"Vapingnet.de","article_publisher":"https:\/\/www.facebook.com\/vapingnetde\/","article_modified_time":"2025-06-19T03:39:19+00:00","og_image":[{"width":1000,"height":1000,"url":"https:\/\/vapingnet.de\/wp-content\/uploads\/2025\/05\/Watermelon-Ice-1.webp","type":"image\/webp"}],"twitter_card":"summary_large_image","twitter_misc":{"Dur\u00e9e de lecture estim\u00e9e":"3 minutes"},"schema":{"@context":"https:\/\/schema.org","@graph":[{"@type":"WebPage","@id":"https:\/\/vapingnet.de\/vape\/12000-mal-fruchtgenuss-bang-box-watermelon-ice-power\/","url":"https:\/\/vapingnet.de\/vape\/12000-mal-fruchtgenuss-bang-box-watermelon-ice-power\/","name":"12000 Mal Fruchtgenuss Bang Box Watermelon Ice Power | Vapingnet.de","isPartOf":{"@id":"https:\/\/vapingnet.de\/#website"},"primaryImageOfPage":{"@id":"https:\/\/vapingnet.de\/vape\/12000-mal-fruchtgenuss-bang-box-watermelon-ice-power\/#primaryimage"},"image":{"@id":"https:\/\/vapingnet.de\/vape\/12000-mal-fruchtgenuss-bang-box-watermelon-ice-power\/#primaryimage"},"thumbnailUrl":"https:\/\/vapingnet.de\/wp-content\/uploads\/2025\/05\/Watermelon-Ice-1.webp","datePublished":"2025-05-26T06:42:38+00:00","dateModified":"2025-06-19T03:39:19+00:00","description":"Entdecke 12000 Mal Fruchtgenuss Bang Box Watermelon Ice Power bei vapingnet.de, \u25ba Gro\u00dfe Auswahl an Geschmacksrichtungen & super g\u00fcnstig!","breadcrumb":{"@id":"https:\/\/vapingnet.de\/vape\/12000-mal-fruchtgenuss-bang-box-watermelon-ice-power\/#breadcrumb"},"inLanguage":"fr-FR","potentialAction":[{"@type":"ReadAction","target":["https:\/\/vapingnet.de\/vape\/12000-mal-fruchtgenuss-bang-box-watermelon-ice-power\/"]}]},{"@type":"ImageObject","inLanguage":"fr-FR","@id":"https:\/\/vapingnet.de\/vape\/12000-mal-fruchtgenuss-bang-box-watermelon-ice-power\/#primaryimage","url":"https:\/\/vapingnet.de\/wp-content\/uploads\/2025\/05\/Watermelon-Ice-1.webp","contentUrl":"https:\/\/vapingnet.de\/wp-content\/uploads\/2025\/05\/Watermelon-Ice-1.webp","width":1000,"height":1000},{"@type":"BreadcrumbList","@id":"https:\/\/vapingnet.de\/vape\/12000-mal-fruchtgenuss-bang-box-watermelon-ice-power\/#breadcrumb","itemListElement":[{"@type":"ListItem","position":1,"name":"Home","item":"https:\/\/vapingnet.de\/"},{"@type":"ListItem","position":2,"name":"Shop","item":"https:\/\/vapingnet.de\/vape\/"},{"@type":"ListItem","position":3,"name":"12000 Mal Fruchtgenuss Bang Box Watermelon Ice Power"}]},{"@type":"WebSite","@id":"https:\/\/vapingnet.de\/#website","url":"https:\/\/vapingnet.de\/","name":"Vapingnet.de","description":"","publisher":{"@id":"https:\/\/vapingnet.de\/#organization"},"potentialAction":[{"@type":"SearchAction","target":{"@type":"EntryPoint","urlTemplate":"https:\/\/vapingnet.de\/?s={search_term_string}"},"query-input":{"@type":"PropertyValueSpecification","valueRequired":true,"valueName":"search_term_string"}}],"inLanguage":"fr-FR"},{"@type":"Organization","@id":"https:\/\/vapingnet.de\/#organization","name":"Vapingnet.de","url":"https:\/\/vapingnet.de\/","logo":{"@type":"ImageObject","inLanguage":"fr-FR","@id":"https:\/\/vapingnet.de\/#\/schema\/logo\/image\/","url":"https:\/\/vapingnet.de\/wp-content\/uploads\/2025\/03\/cropped-vapingnet.de_.jpg","contentUrl":"https:\/\/vapingnet.de\/wp-content\/uploads\/2025\/03\/cropped-vapingnet.de_.jpg","width":512,"height":512,"caption":"Vapingnet.de"},"image":{"@id":"https:\/\/vapingnet.de\/#\/schema\/logo\/image\/"},"sameAs":["https:\/\/www.facebook.com\/vapingnetde\/"]}]}},"tiered_pricing_type":"fixed","tiered_pricing_fixed_rules":{"10":"7.31","60":"6.58","110":"5.85","200":"5.12"},"tiered_pricing_product_settings":{"layout":"default","base_unit_name":{"singular":null,"plural":null},"default_variation":null},"tiered_pricing_minimum_quantity":null,"tiered_pricing_roles_data":[],"tiered_pricing_percentage_rules":[],"_links":{"self":[{"href":"https:\/\/vapingnet.de\/fr\/wp-json\/wp\/v2\/product\/6967","targetHints":{"allow":["GET"]}}],"collection":[{"href":"https:\/\/vapingnet.de\/fr\/wp-json\/wp\/v2\/product"}],"about":[{"href":"https:\/\/vapingnet.de\/fr\/wp-json\/wp\/v2\/types\/product"}],"version-history":[{"count":1,"href":"https:\/\/vapingnet.de\/fr\/wp-json\/wp\/v2\/product\/6967\/revisions"}],"predecessor-version":[{"id":6977,"href":"https:\/\/vapingnet.de\/fr\/wp-json\/wp\/v2\/product\/6967\/revisions\/6977"}],"wp:featuredmedia":[{"embeddable":true,"href":"https:\/\/vapingnet.de\/fr\/wp-json\/wp\/v2\/media\/6971"}],"wp:attachment":[{"href":"https:\/\/vapingnet.de\/fr\/wp-json\/wp\/v2\/media?parent=6967"}],"wp:term":[{"taxonomy":"brand","embeddable":true,"href":"https:\/\/vapingnet.de\/fr\/wp-json\/wp\/v2\/etheme_brands?post=6967"},{"taxonomy":"product_brand","embeddable":true,"href":"https:\/\/vapingnet.de\/fr\/wp-json\/wp\/v2\/product_brand?post=6967"},{"taxonomy":"product_cat","embeddable":true,"href":"https:\/\/vapingnet.de\/fr\/wp-json\/wp\/v2\/product_cat?post=6967"},{"taxonomy":"product_tag","embeddable":true,"href":"https:\/\/vapingnet.de\/fr\/wp-json\/wp\/v2\/product_tag?post=6967"}],"curies":[{"name":"wp","href":"https:\/\/api.w.org\/{rel}","templated":true}]}}