{"id":6978,"date":"2025-05-26T07:08:43","date_gmt":"2025-05-26T07:08:43","guid":{"rendered":"https:\/\/vapingnet.de\/?post_type=product&#038;p=6978"},"modified":"2025-06-19T03:39:18","modified_gmt":"2025-06-19T03:39:18","slug":"guenstige-bang-box-12000-puff-mit-leckerem-strawberry-lychee-flavor","status":"publish","type":"product","link":"https:\/\/vapingnet.de\/fr\/vape\/guenstige-bang-box-12000-puff-mit-leckerem-strawberry-lychee-flavor\/","title":{"rendered":"Bang Box 12000 Puff abordable avec une saveur d\u00e9licieuse de Fraise Litchi"},"content":{"rendered":"<h2 data-start=\"0\" data-end=\"95\" data-immersive-translate-walked=\"b7244380-5675-4818-9d2d-e84fe8505e23\">Bang Box 12000 Puff \u2013 Votre nouvelle cigarette \u00e9lectronique jetable pour une vapeur longue dur\u00e9e et intense<\/h2>\n<ul data-start=\"138\" data-end=\"557\" data-immersive-translate-walked=\"b7244380-5675-4818-9d2d-e84fe8505e23\">\n<li data-start=\"138\" data-end=\"186\" data-immersive-translate-walked=\"b7244380-5675-4818-9d2d-e84fe8505e23\">\n<p data-start=\"140\" data-end=\"186\" data-immersive-translate-walked=\"b7244380-5675-4818-9d2d-e84fe8505e23\" data-immersive-translate-paragraph=\"1\">Mod\u00e8le : Bang Box 12000 Puff (Jetable)<\/p>\n<\/li>\n<li data-start=\"187\" data-end=\"255\" data-immersive-translate-walked=\"b7244380-5675-4818-9d2d-e84fe8505e23\">\n<p data-start=\"189\" data-end=\"255\" data-immersive-translate-walked=\"b7244380-5675-4818-9d2d-e84fe8505e23\" data-immersive-translate-paragraph=\"1\">Batterie : 650mAh, rechargeable via une connexion moderne Type-C<\/p>\n<\/li>\n<li data-start=\"256\" data-end=\"297\" data-immersive-translate-walked=\"b7244380-5675-4818-9d2d-e84fe8505e23\">\n<p data-start=\"258\" data-end=\"297\" data-immersive-translate-walked=\"b7244380-5675-4818-9d2d-e84fe8505e23\" data-immersive-translate-paragraph=\"1\">Capacit\u00e9 de liquide : g\u00e9n\u00e9reuse de 20ml<\/p>\n<\/li>\n<li data-start=\"298\" data-end=\"359\" data-immersive-translate-walked=\"b7244380-5675-4818-9d2d-e84fe8505e23\">\n<p data-start=\"300\" data-end=\"359\" data-immersive-translate-walked=\"b7244380-5675-4818-9d2d-e84fe8505e23\" data-immersive-translate-paragraph=\"1\">R\u00e9sistance : R\u00e9sistance Mesh de 0,8 Ohm pour une production optimale de vapeur<\/p>\n<\/li>\n<li data-start=\"360\" data-end=\"405\" data-immersive-translate-walked=\"b7244380-5675-4818-9d2d-e84fe8505e23\">\n<p data-start=\"362\" data-end=\"405\" data-immersive-translate-walked=\"b7244380-5675-4818-9d2d-e84fe8505e23\" data-immersive-translate-paragraph=\"1\">Teneur en nicotine : au choix 2 % ou 5 %<\/p>\n<\/li>\n<li data-start=\"406\" data-end=\"439\" data-immersive-translate-walked=\"b7244380-5675-4818-9d2d-e84fe8505e23\">\n<p data-start=\"408\" data-end=\"439\" data-immersive-translate-walked=\"b7244380-5675-4818-9d2d-e84fe8505e23\" data-immersive-translate-paragraph=\"1\">Poids : l\u00e9ger comme une plume de 85g<\/p>\n<\/li>\n<li data-start=\"440\" data-end=\"500\" data-immersive-translate-walked=\"b7244380-5675-4818-9d2d-e84fe8505e23\">\n<p data-start=\"442\" data-end=\"500\" data-immersive-translate-walked=\"b7244380-5675-4818-9d2d-e84fe8505e23\" data-immersive-translate-paragraph=\"1\">Indicateur LED : \u00e9clairage LED \u00e9l\u00e9gant changeant de couleur<\/p>\n<\/li>\n<li data-start=\"501\" data-end=\"557\" data-immersive-translate-walked=\"b7244380-5675-4818-9d2d-e84fe8505e23\">\n<p data-start=\"503\" data-end=\"557\" data-immersive-translate-walked=\"b7244380-5675-4818-9d2d-e84fe8505e23\" data-immersive-translate-paragraph=\"1\">Go\u00fbt : fruit\u00e9-exotique Strawberry Lychee<\/p>\n<\/li>\n<\/ul>\n<h3>Pourquoi la Bang Box 12000 Puff est le choix parfait pour vous<\/h3>\n<p data-start=\"630\" data-end=\"940\" data-immersive-translate-paragraph=\"1\" data-immersive-translate-walked=\"b7244380-5675-4818-9d2d-e84fe8505e23\">Si vous recherchez une cigarette \u00e9lectronique jetable qui vous permet de vapoter de mani\u00e8re simple, longue et intense, vous allez adorer la Bang Box. Avec jusqu\u2019\u00e0 12 000 bouff\u00e9es, cette cigarette \u00e9lectronique vous accompagne de mani\u00e8re fiable toute la journ\u00e9e \u2013 sans rechargement ou remplissage fr\u00e9quent.<\/p>\n<p data-start=\"942\" data-end=\"1260\" data-immersive-translate-paragraph=\"1\" data-immersive-translate-walked=\"b7244380-5675-4818-9d2d-e84fe8505e23\">La batterie puissante de 650mAh se recharge rapidement gr\u00e2ce \u00e0 la connexion moderne Type-C. Cela signifie : m\u00eame si la batterie se vide en d\u00e9placement, vous serez pr\u00eat en un rien de temps. La Bang Box allie confort, haute performance et offre une exp\u00e9rience de vapotage d\u00e9tendue.<\/p>\n<h4 data-start=\"1267\" data-end=\"1320\" data-immersive-translate-paragraph=\"1\" data-immersive-translate-walked=\"b7244380-5675-4818-9d2d-e84fe8505e23\">Un go\u00fbt qui s\u00e9duit \u2013 Strawberry Lychee<\/h4>\n<p data-start=\"1322\" data-end=\"1763\" data-immersive-translate-paragraph=\"1\" data-immersive-translate-walked=\"b7244380-5675-4818-9d2d-e84fe8505e23\">L\u2019ar\u00f4me Strawberry Lychee combine la fra\u00eecheur sucr\u00e9e des fraises m\u00fbres au go\u00fbt exotique-fruit\u00e9 du litchi. Cette combinaison offre une exp\u00e9rience gustative unique et rafra\u00eechissante, transformant chaque bouff\u00e9e en plaisir. Gr\u00e2ce \u00e0 la r\u00e9sistance Mesh de haute qualit\u00e9 de 0,8 Ohm, le liquide est parfaitement vaporis\u00e9 \u2013 le r\u00e9sultat : des nuages denses, aromatiques et un go\u00fbt intense qui vous enthousiasmera.<\/p>\n<h4 data-start=\"1770\" data-end=\"1802\" data-immersive-translate-paragraph=\"1\" data-immersive-translate-walked=\"b7244380-5675-4818-9d2d-e84fe8505e23\">Les avantages en un coup d\u2019\u0153il<\/h4>\n<ul data-start=\"1804\" data-end=\"2415\" data-immersive-translate-walked=\"b7244380-5675-4818-9d2d-e84fe8505e23\">\n<li data-start=\"1804\" data-end=\"1891\" data-immersive-translate-walked=\"b7244380-5675-4818-9d2d-e84fe8505e23\">\n<p data-start=\"1806\" data-end=\"1891\" data-immersive-translate-walked=\"b7244380-5675-4818-9d2d-e84fe8505e23\" data-immersive-translate-paragraph=\"1\">Longue dur\u00e9e : jusqu\u2019\u00e0 12 000 bouff\u00e9es pour des sessions de vapotage prolong\u00e9es sans rechargement<\/p>\n<\/li>\n<li data-start=\"1892\" data-end=\"2017\" data-immersive-translate-walked=\"b7244380-5675-4818-9d2d-e84fe8505e23\">\n<p data-start=\"1894\" data-end=\"2017\" data-immersive-translate-walked=\"b7244380-5675-4818-9d2d-e84fe8505e23\" data-immersive-translate-paragraph=\"1\">Pratique et l\u00e9ger : avec seulement 85g, la Bang Box tient confortablement dans la main et est un compagnon id\u00e9al pour la route<\/p>\n<\/li>\n<li data-start=\"2018\" data-end=\"2144\" data-immersive-translate-walked=\"b7244380-5675-4818-9d2d-e84fe8505e23\">\n<p data-start=\"2020\" data-end=\"2144\" data-immersive-translate-walked=\"b7244380-5675-4818-9d2d-e84fe8505e23\" data-immersive-translate-paragraph=\"1\">Facile \u00e0 utiliser : pas de r\u00e9glages compliqu\u00e9s \u2013 pr\u00eate \u00e0 vapoter imm\u00e9diatement, id\u00e9ale pour les d\u00e9butants comme pour les vapoteurs exp\u00e9riment\u00e9s<\/p>\n<\/li>\n<li data-start=\"2145\" data-end=\"2283\" data-immersive-translate-walked=\"b7244380-5675-4818-9d2d-e84fe8505e23\">\n<p data-start=\"2147\" data-end=\"2283\" data-immersive-translate-walked=\"b7244380-5675-4818-9d2d-e84fe8505e23\" data-immersive-translate-paragraph=\"1\">LED d\u2019ambiance : l\u2019\u00e9clairage LED changeant de couleur indique l\u2019\u00e9tat de fonctionnement actuel et fait de la Bang Box un point fort visuel<\/p>\n<\/li>\n<li data-start=\"2284\" data-end=\"2415\" data-immersive-translate-walked=\"b7244380-5675-4818-9d2d-e84fe8505e23\">\n<p data-start=\"2286\" data-end=\"2415\" data-immersive-translate-walked=\"b7244380-5675-4818-9d2d-e84fe8505e23\" data-immersive-translate-paragraph=\"1\">D\u00e9veloppement parfait de la vapeur : la r\u00e9sistance Mesh garantit une vaporisation uniforme, un go\u00fbt intense et beaucoup de vapeur<\/p>\n<\/li>\n<\/ul>\n<h4 data-start=\"2422\" data-end=\"2473\" data-immersive-translate-paragraph=\"1\" data-immersive-translate-walked=\"b7244380-5675-4818-9d2d-e84fe8505e23\">Simple, d\u00e9licieux et fiable \u00e0 vapoter<\/h4>\n<p data-start=\"2475\" data-end=\"2901\" data-immersive-translate-paragraph=\"1\" data-immersive-translate-walked=\"b7244380-5675-4818-9d2d-e84fe8505e23\">La Bang Box 12000 Puff est la cigarette \u00e9lectronique jetable id\u00e9ale pour tous ceux qui attachent de l'importance au go\u00fbt, \u00e0 la performance et \u00e0 une utilisation simple. Que vous d\u00e9butiez dans le vapotage ou que vous soyez d\u00e9j\u00e0 un(e) amateur(trice) exp\u00e9riment\u00e9(e) \u2013 ce mod\u00e8le convainc par sa batterie puissante, sa grande capacit\u00e9 de liquide et son ar\u00f4me d\u00e9licieux. Le r\u00e9sultat : une exp\u00e9rience de vapotage intense, durable et tr\u00e8s agr\u00e9able.<\/p>\n<p data-start=\"2908\" data-end=\"3072\" data-immersive-translate-paragraph=\"1\" data-immersive-translate-walked=\"b7244380-5675-4818-9d2d-e84fe8505e23\">Commence ton prochain aventure de vapotage avec la Bang Box 12000 Puff \u2013 la combinaison parfaite de performance, de go\u00fbt et de confort pour tous ceux qui aiment vapoter beaucoup et souvent !<\/p>\n<p data-start=\"3079\" data-end=\"3297\" data-is-last-node=\"\" data-is-only-node=\"\" data-immersive-translate-paragraph=\"1\" data-immersive-translate-walked=\"b7244380-5675-4818-9d2d-e84fe8505e23\">Si tu souhaites tester une cigarette \u00e9lectronique jetable, qui se distingue par sa qualit\u00e9 et son go\u00fbt, la Bang Box est faite pour toi. Simple, fiable et toujours pr\u00eate \u00e0 l\u2019emploi. Bonne vape !<\/p>","protected":false},"excerpt":{"rendered":"<p>Bang Box 12000 Puff \u2013 Deine neue Einweg E-Zigarette f\u00fcr langanhaltendes, intensives Dampfen Modell: Bang Box 12000 Puff (Disposable) Akku: 650mAh, wiederaufladbar \u00fcber modernen Type-C&#8230;<\/p>","protected":false},"featured_media":6980,"template":"","meta":[],"etheme_brands":[],"product_brand":[101],"product_cat":[88],"product_tag":[],"class_list":{"0":"post-6978","1":"product","2":"type-product","3":"status-publish","4":"has-post-thumbnail","6":"product_brand-bang-king-vape","7":"product_cat-12k-vape","9":"first","10":"instock","11":"shipping-taxable","12":"purchasable","13":"product-type-simple"},"yoast_head":"<!-- This site is optimized with the Yoast SEO plugin v26.5 - https:\/\/yoast.com\/wordpress\/plugins\/seo\/ -->\n<title>G\u00fcnstige Bang Box 12000 Puff Mit Leckerem Strawberry Lychee Flavor | Vapingnet.de<\/title>\n<meta name=\"description\" content=\"Entdecke G\u00fcnstige Bang Box 12000 Puff Mit Leckerem Strawberry Lychee Flavor bei vapingnet.de, \u25ba Gro\u00dfe Auswahl an Geschmacksrichtungen &amp; super g\u00fcnstig!\" \/>\n<meta name=\"robots\" content=\"index, follow, max-snippet:-1, max-image-preview:large, max-video-preview:-1\" \/>\n<link rel=\"canonical\" href=\"https:\/\/vapingnet.de\/fr\/vape\/guenstige-bang-box-12000-puff-mit-leckerem-strawberry-lychee-flavor\/\" \/>\n<meta property=\"og:locale\" content=\"fr_FR\" \/>\n<meta property=\"og:type\" content=\"article\" \/>\n<meta property=\"og:title\" content=\"G\u00fcnstige Bang Box 12000 Puff Mit Leckerem Strawberry Lychee Flavor | Vapingnet.de\" \/>\n<meta property=\"og:description\" content=\"Entdecke G\u00fcnstige Bang Box 12000 Puff Mit Leckerem Strawberry Lychee Flavor bei vapingnet.de, \u25ba Gro\u00dfe Auswahl an Geschmacksrichtungen &amp; super g\u00fcnstig!\" \/>\n<meta property=\"og:url\" content=\"https:\/\/vapingnet.de\/fr\/vape\/guenstige-bang-box-12000-puff-mit-leckerem-strawberry-lychee-flavor\/\" \/>\n<meta property=\"og:site_name\" content=\"Vapingnet.de\" \/>\n<meta property=\"article:publisher\" content=\"https:\/\/www.facebook.com\/vapingnetde\/\" \/>\n<meta property=\"article:modified_time\" content=\"2025-06-19T03:39:18+00:00\" \/>\n<meta property=\"og:image\" content=\"https:\/\/vapingnet.de\/wp-content\/uploads\/2025\/05\/Strawberry-Lychee.webp\" \/>\n\t<meta property=\"og:image:width\" content=\"1000\" \/>\n\t<meta property=\"og:image:height\" content=\"1000\" \/>\n\t<meta property=\"og:image:type\" content=\"image\/webp\" \/>\n<meta name=\"twitter:card\" content=\"summary_large_image\" \/>\n<meta name=\"twitter:label1\" content=\"Dur\u00e9e de lecture estim\u00e9e\" \/>\n\t<meta name=\"twitter:data1\" content=\"3 minutes\" \/>\n<script type=\"application\/ld+json\" class=\"yoast-schema-graph\">{\"@context\":\"https:\/\/schema.org\",\"@graph\":[{\"@type\":\"WebPage\",\"@id\":\"https:\/\/vapingnet.de\/vape\/guenstige-bang-box-12000-puff-mit-leckerem-strawberry-lychee-flavor\/\",\"url\":\"https:\/\/vapingnet.de\/vape\/guenstige-bang-box-12000-puff-mit-leckerem-strawberry-lychee-flavor\/\",\"name\":\"G\u00fcnstige Bang Box 12000 Puff Mit Leckerem Strawberry Lychee Flavor | Vapingnet.de\",\"isPartOf\":{\"@id\":\"https:\/\/vapingnet.de\/#website\"},\"primaryImageOfPage\":{\"@id\":\"https:\/\/vapingnet.de\/vape\/guenstige-bang-box-12000-puff-mit-leckerem-strawberry-lychee-flavor\/#primaryimage\"},\"image\":{\"@id\":\"https:\/\/vapingnet.de\/vape\/guenstige-bang-box-12000-puff-mit-leckerem-strawberry-lychee-flavor\/#primaryimage\"},\"thumbnailUrl\":\"https:\/\/vapingnet.de\/wp-content\/uploads\/2025\/05\/Strawberry-Lychee.webp\",\"datePublished\":\"2025-05-26T07:08:43+00:00\",\"dateModified\":\"2025-06-19T03:39:18+00:00\",\"description\":\"Entdecke G\u00fcnstige Bang Box 12000 Puff Mit Leckerem Strawberry Lychee Flavor bei vapingnet.de, \u25ba Gro\u00dfe Auswahl an Geschmacksrichtungen & super g\u00fcnstig!\",\"breadcrumb\":{\"@id\":\"https:\/\/vapingnet.de\/vape\/guenstige-bang-box-12000-puff-mit-leckerem-strawberry-lychee-flavor\/#breadcrumb\"},\"inLanguage\":\"fr-FR\",\"potentialAction\":[{\"@type\":\"ReadAction\",\"target\":[\"https:\/\/vapingnet.de\/vape\/guenstige-bang-box-12000-puff-mit-leckerem-strawberry-lychee-flavor\/\"]}]},{\"@type\":\"ImageObject\",\"inLanguage\":\"fr-FR\",\"@id\":\"https:\/\/vapingnet.de\/vape\/guenstige-bang-box-12000-puff-mit-leckerem-strawberry-lychee-flavor\/#primaryimage\",\"url\":\"https:\/\/vapingnet.de\/wp-content\/uploads\/2025\/05\/Strawberry-Lychee.webp\",\"contentUrl\":\"https:\/\/vapingnet.de\/wp-content\/uploads\/2025\/05\/Strawberry-Lychee.webp\",\"width\":1000,\"height\":1000},{\"@type\":\"BreadcrumbList\",\"@id\":\"https:\/\/vapingnet.de\/vape\/guenstige-bang-box-12000-puff-mit-leckerem-strawberry-lychee-flavor\/#breadcrumb\",\"itemListElement\":[{\"@type\":\"ListItem\",\"position\":1,\"name\":\"Home\",\"item\":\"https:\/\/vapingnet.de\/\"},{\"@type\":\"ListItem\",\"position\":2,\"name\":\"Shop\",\"item\":\"https:\/\/vapingnet.de\/vape\/\"},{\"@type\":\"ListItem\",\"position\":3,\"name\":\"G\u00fcnstige Bang Box 12000 Puff Mit Leckerem Strawberry Lychee Flavor\"}]},{\"@type\":\"WebSite\",\"@id\":\"https:\/\/vapingnet.de\/#website\",\"url\":\"https:\/\/vapingnet.de\/\",\"name\":\"Vapingnet.de\",\"description\":\"\",\"publisher\":{\"@id\":\"https:\/\/vapingnet.de\/#organization\"},\"potentialAction\":[{\"@type\":\"SearchAction\",\"target\":{\"@type\":\"EntryPoint\",\"urlTemplate\":\"https:\/\/vapingnet.de\/?s={search_term_string}\"},\"query-input\":{\"@type\":\"PropertyValueSpecification\",\"valueRequired\":true,\"valueName\":\"search_term_string\"}}],\"inLanguage\":\"fr-FR\"},{\"@type\":\"Organization\",\"@id\":\"https:\/\/vapingnet.de\/#organization\",\"name\":\"Vapingnet.de\",\"url\":\"https:\/\/vapingnet.de\/\",\"logo\":{\"@type\":\"ImageObject\",\"inLanguage\":\"fr-FR\",\"@id\":\"https:\/\/vapingnet.de\/#\/schema\/logo\/image\/\",\"url\":\"https:\/\/vapingnet.de\/wp-content\/uploads\/2025\/03\/cropped-vapingnet.de_.jpg\",\"contentUrl\":\"https:\/\/vapingnet.de\/wp-content\/uploads\/2025\/03\/cropped-vapingnet.de_.jpg\",\"width\":512,\"height\":512,\"caption\":\"Vapingnet.de\"},\"image\":{\"@id\":\"https:\/\/vapingnet.de\/#\/schema\/logo\/image\/\"},\"sameAs\":[\"https:\/\/www.facebook.com\/vapingnetde\/\"]}]}<\/script>\n<!-- \/ Yoast SEO plugin. -->","yoast_head_json":{"title":"G\u00fcnstige Bang Box 12000 Puff Mit Leckerem Strawberry Lychee Flavor | Vapingnet.de","description":"Entdecke G\u00fcnstige Bang Box 12000 Puff Mit Leckerem Strawberry Lychee Flavor bei vapingnet.de, \u25ba Gro\u00dfe Auswahl an Geschmacksrichtungen & super g\u00fcnstig!","robots":{"index":"index","follow":"follow","max-snippet":"max-snippet:-1","max-image-preview":"max-image-preview:large","max-video-preview":"max-video-preview:-1"},"canonical":"https:\/\/vapingnet.de\/fr\/vape\/guenstige-bang-box-12000-puff-mit-leckerem-strawberry-lychee-flavor\/","og_locale":"fr_FR","og_type":"article","og_title":"G\u00fcnstige Bang Box 12000 Puff Mit Leckerem Strawberry Lychee Flavor | Vapingnet.de","og_description":"Entdecke G\u00fcnstige Bang Box 12000 Puff Mit Leckerem Strawberry Lychee Flavor bei vapingnet.de, \u25ba Gro\u00dfe Auswahl an Geschmacksrichtungen & super g\u00fcnstig!","og_url":"https:\/\/vapingnet.de\/fr\/vape\/guenstige-bang-box-12000-puff-mit-leckerem-strawberry-lychee-flavor\/","og_site_name":"Vapingnet.de","article_publisher":"https:\/\/www.facebook.com\/vapingnetde\/","article_modified_time":"2025-06-19T03:39:18+00:00","og_image":[{"width":1000,"height":1000,"url":"https:\/\/vapingnet.de\/wp-content\/uploads\/2025\/05\/Strawberry-Lychee.webp","type":"image\/webp"}],"twitter_card":"summary_large_image","twitter_misc":{"Dur\u00e9e de lecture estim\u00e9e":"3 minutes"},"schema":{"@context":"https:\/\/schema.org","@graph":[{"@type":"WebPage","@id":"https:\/\/vapingnet.de\/vape\/guenstige-bang-box-12000-puff-mit-leckerem-strawberry-lychee-flavor\/","url":"https:\/\/vapingnet.de\/vape\/guenstige-bang-box-12000-puff-mit-leckerem-strawberry-lychee-flavor\/","name":"G\u00fcnstige Bang Box 12000 Puff Mit Leckerem Strawberry Lychee Flavor | Vapingnet.de","isPartOf":{"@id":"https:\/\/vapingnet.de\/#website"},"primaryImageOfPage":{"@id":"https:\/\/vapingnet.de\/vape\/guenstige-bang-box-12000-puff-mit-leckerem-strawberry-lychee-flavor\/#primaryimage"},"image":{"@id":"https:\/\/vapingnet.de\/vape\/guenstige-bang-box-12000-puff-mit-leckerem-strawberry-lychee-flavor\/#primaryimage"},"thumbnailUrl":"https:\/\/vapingnet.de\/wp-content\/uploads\/2025\/05\/Strawberry-Lychee.webp","datePublished":"2025-05-26T07:08:43+00:00","dateModified":"2025-06-19T03:39:18+00:00","description":"Entdecke G\u00fcnstige Bang Box 12000 Puff Mit Leckerem Strawberry Lychee Flavor bei vapingnet.de, \u25ba Gro\u00dfe Auswahl an Geschmacksrichtungen & super g\u00fcnstig!","breadcrumb":{"@id":"https:\/\/vapingnet.de\/vape\/guenstige-bang-box-12000-puff-mit-leckerem-strawberry-lychee-flavor\/#breadcrumb"},"inLanguage":"fr-FR","potentialAction":[{"@type":"ReadAction","target":["https:\/\/vapingnet.de\/vape\/guenstige-bang-box-12000-puff-mit-leckerem-strawberry-lychee-flavor\/"]}]},{"@type":"ImageObject","inLanguage":"fr-FR","@id":"https:\/\/vapingnet.de\/vape\/guenstige-bang-box-12000-puff-mit-leckerem-strawberry-lychee-flavor\/#primaryimage","url":"https:\/\/vapingnet.de\/wp-content\/uploads\/2025\/05\/Strawberry-Lychee.webp","contentUrl":"https:\/\/vapingnet.de\/wp-content\/uploads\/2025\/05\/Strawberry-Lychee.webp","width":1000,"height":1000},{"@type":"BreadcrumbList","@id":"https:\/\/vapingnet.de\/vape\/guenstige-bang-box-12000-puff-mit-leckerem-strawberry-lychee-flavor\/#breadcrumb","itemListElement":[{"@type":"ListItem","position":1,"name":"Home","item":"https:\/\/vapingnet.de\/"},{"@type":"ListItem","position":2,"name":"Shop","item":"https:\/\/vapingnet.de\/vape\/"},{"@type":"ListItem","position":3,"name":"G\u00fcnstige Bang Box 12000 Puff Mit Leckerem Strawberry Lychee Flavor"}]},{"@type":"WebSite","@id":"https:\/\/vapingnet.de\/#website","url":"https:\/\/vapingnet.de\/","name":"Vapingnet.de","description":"","publisher":{"@id":"https:\/\/vapingnet.de\/#organization"},"potentialAction":[{"@type":"SearchAction","target":{"@type":"EntryPoint","urlTemplate":"https:\/\/vapingnet.de\/?s={search_term_string}"},"query-input":{"@type":"PropertyValueSpecification","valueRequired":true,"valueName":"search_term_string"}}],"inLanguage":"fr-FR"},{"@type":"Organization","@id":"https:\/\/vapingnet.de\/#organization","name":"Vapingnet.de","url":"https:\/\/vapingnet.de\/","logo":{"@type":"ImageObject","inLanguage":"fr-FR","@id":"https:\/\/vapingnet.de\/#\/schema\/logo\/image\/","url":"https:\/\/vapingnet.de\/wp-content\/uploads\/2025\/03\/cropped-vapingnet.de_.jpg","contentUrl":"https:\/\/vapingnet.de\/wp-content\/uploads\/2025\/03\/cropped-vapingnet.de_.jpg","width":512,"height":512,"caption":"Vapingnet.de"},"image":{"@id":"https:\/\/vapingnet.de\/#\/schema\/logo\/image\/"},"sameAs":["https:\/\/www.facebook.com\/vapingnetde\/"]}]}},"tiered_pricing_type":"fixed","tiered_pricing_fixed_rules":{"10":"7.31","60":"6.58","110":"5.85","200":"5.12"},"tiered_pricing_product_settings":{"layout":"default","base_unit_name":{"singular":null,"plural":null},"default_variation":null},"tiered_pricing_minimum_quantity":null,"tiered_pricing_roles_data":[],"tiered_pricing_percentage_rules":[],"_links":{"self":[{"href":"https:\/\/vapingnet.de\/fr\/wp-json\/wp\/v2\/product\/6978","targetHints":{"allow":["GET"]}}],"collection":[{"href":"https:\/\/vapingnet.de\/fr\/wp-json\/wp\/v2\/product"}],"about":[{"href":"https:\/\/vapingnet.de\/fr\/wp-json\/wp\/v2\/types\/product"}],"version-history":[{"count":3,"href":"https:\/\/vapingnet.de\/fr\/wp-json\/wp\/v2\/product\/6978\/revisions"}],"predecessor-version":[{"id":6990,"href":"https:\/\/vapingnet.de\/fr\/wp-json\/wp\/v2\/product\/6978\/revisions\/6990"}],"wp:featuredmedia":[{"embeddable":true,"href":"https:\/\/vapingnet.de\/fr\/wp-json\/wp\/v2\/media\/6980"}],"wp:attachment":[{"href":"https:\/\/vapingnet.de\/fr\/wp-json\/wp\/v2\/media?parent=6978"}],"wp:term":[{"taxonomy":"brand","embeddable":true,"href":"https:\/\/vapingnet.de\/fr\/wp-json\/wp\/v2\/etheme_brands?post=6978"},{"taxonomy":"product_brand","embeddable":true,"href":"https:\/\/vapingnet.de\/fr\/wp-json\/wp\/v2\/product_brand?post=6978"},{"taxonomy":"product_cat","embeddable":true,"href":"https:\/\/vapingnet.de\/fr\/wp-json\/wp\/v2\/product_cat?post=6978"},{"taxonomy":"product_tag","embeddable":true,"href":"https:\/\/vapingnet.de\/fr\/wp-json\/wp\/v2\/product_tag?post=6978"}],"curies":[{"name":"wp","href":"https:\/\/api.w.org\/{rel}","templated":true}]}}