{"id":6982,"date":"2025-05-26T07:13:49","date_gmt":"2025-05-26T07:13:49","guid":{"rendered":"https:\/\/vapingnet.de\/?post_type=product&#038;p=6982"},"modified":"2025-06-19T03:39:18","modified_gmt":"2025-06-19T03:39:18","slug":"bang-box-12000-puff-black-dragon-ice-premiumqualitaet-guenstig","status":"publish","type":"product","link":"https:\/\/vapingnet.de\/fr\/vape\/bang-box-12000-puff-black-dragon-ice-premiumqualitaet-guenstig\/","title":{"rendered":"Bang Box 12000 Puff Noir Dragon Glace de qualit\u00e9 premium \u00e0 prix abordable"},"content":{"rendered":"<h2 data-start=\"105\" data-end=\"190\" data-immersive-translate-walked=\"6436c74a-7ea8-4fec-b6f6-b32f313c9cc5\" data-immersive-translate-paragraph=\"1\">Bang Box 12000 Puff \u2013 Votre cigarette \u00e9lectronique jetable puissante pour une vapeur longue dur\u00e9e !<\/h2>\n<p data-start=\"192\" data-end=\"618\" data-immersive-translate-walked=\"6436c74a-7ea8-4fec-b6f6-b32f313c9cc5\" data-immersive-translate-paragraph=\"1\">D\u00e9couvrez la Bang Box 12000 Puff, la cigarette \u00e9lectronique jetable qui offre bien plus que ce \u00e0 quoi vous vous attendez : avec sa batterie puissante de 650mAh et son r\u00e9servoir de 20ml de liquide, elle vous garantit jusqu'\u00e0 12 000 bouff\u00e9es pleines de saveurs intenses et de vapeur abondante. Que vous soyez en d\u00e9placement ou que vous souhaitiez simplement vapoter confortablement chez vous \u2013 cette vape est votre compagnon fiable pour des sessions prolong\u00e9es.<\/p>\n<p data-start=\"620\" data-end=\"1008\" data-immersive-translate-walked=\"6436c74a-7ea8-4fec-b6f6-b32f313c9cc5\" data-immersive-translate-paragraph=\"1\">Gr\u00e2ce \u00e0 la prise de recharge pratique Type-C, vous n'avez plus \u00e0 vous soucier que la batterie se vide soudainement. Branchez-la rapidement, rechargez-la et continuez \u00e0 profiter \u2013 un grand avantage par rapport aux appareils jetables traditionnels. La r\u00e9sistance Mesh moderne de 0,8 Ohm assure un \u00e9quilibre parfait entre vapeur puissante et ar\u00f4me riche, pour que chaque bouff\u00e9e soit une exp\u00e9rience.<\/p>\n<p data-start=\"620\" data-end=\"1008\" data-immersive-translate-walked=\"6436c74a-7ea8-4fec-b6f6-b32f313c9cc5\" data-immersive-translate-paragraph=\"1\"><img fetchpriority=\"high\" decoding=\"async\" class=\"size-full wp-image-6979 aligncenter\" src=\"https:\/\/vapingnet.de\/wp-content\/uploads\/2025\/05\/c5b9c34484b8328c6d977ecacc774f1.png\" alt=\"\" width=\"2879\" height=\"1621\" srcset=\"https:\/\/vapingnet.de\/wp-content\/uploads\/2025\/05\/c5b9c34484b8328c6d977ecacc774f1.png 2879w, https:\/\/vapingnet.de\/wp-content\/uploads\/2025\/05\/c5b9c34484b8328c6d977ecacc774f1-300x169.png 300w, https:\/\/vapingnet.de\/wp-content\/uploads\/2025\/05\/c5b9c34484b8328c6d977ecacc774f1-1024x577.png 1024w, https:\/\/vapingnet.de\/wp-content\/uploads\/2025\/05\/c5b9c34484b8328c6d977ecacc774f1-768x432.png 768w, https:\/\/vapingnet.de\/wp-content\/uploads\/2025\/05\/c5b9c34484b8328c6d977ecacc774f1-1536x865.png 1536w, https:\/\/vapingnet.de\/wp-content\/uploads\/2025\/05\/c5b9c34484b8328c6d977ecacc774f1-2048x1153.png 2048w, https:\/\/vapingnet.de\/wp-content\/uploads\/2025\/05\/c5b9c34484b8328c6d977ecacc774f1-600x338.png 600w, https:\/\/vapingnet.de\/wp-content\/uploads\/2025\/05\/c5b9c34484b8328c6d977ecacc774f1-1x1.png 1w, https:\/\/vapingnet.de\/wp-content\/uploads\/2025\/05\/c5b9c34484b8328c6d977ecacc774f1-10x6.png 10w\" sizes=\"(max-width: 2879px) 100vw, 2879px\" \/><\/p>\n<h4 data-start=\"1015\" data-end=\"1063\" data-immersive-translate-walked=\"6436c74a-7ea8-4fec-b6f6-b32f313c9cc5\" data-immersive-translate-paragraph=\"1\">Un go\u00fbt qui convainc : Black Dragon Ice<\/h4>\n<p data-start=\"1065\" data-end=\"1463\" data-immersive-translate-walked=\"6436c74a-7ea8-4fec-b6f6-b32f313c9cc5\" data-immersive-translate-paragraph=\"1\">L'ar\u00f4me exclusif \u00ab Black Dragon Ice \u00bb est une combinaison excitante de fra\u00eecheur glac\u00e9e et de notes \u00e9pic\u00e9es myst\u00e9rieuses. Il vous offre une exp\u00e9rience de vapotage rafra\u00eechissante et garantit un go\u00fbt particuli\u00e8rement intense. Ce m\u00e9lange unique fait de la Bang Box le choix parfait pour tous ceux qui recherchent plus qu'une simple vapeur \u2013 ici, l'ar\u00f4me est au premier plan.<\/p>\n<h4 data-start=\"1470\" data-end=\"1498\" data-immersive-translate-walked=\"6436c74a-7ea8-4fec-b6f6-b32f313c9cc5\" data-immersive-translate-paragraph=\"1\">Pratique et styl\u00e9e<\/h4>\n<p data-start=\"1500\" data-end=\"1838\" data-immersive-translate-walked=\"6436c74a-7ea8-4fec-b6f6-b32f313c9cc5\" data-immersive-translate-paragraph=\"1\">Avec un poids de seulement 85g, la Bang Box est particuli\u00e8rement l\u00e9g\u00e8re et maniable, id\u00e9ale pour une utilisation mobile. Elle tient confortablement dans la main et est pr\u00eate \u00e0 l'emploi imm\u00e9diatement. De plus, la LED color\u00e9e offre un look cool et indique de mani\u00e8re fiable le niveau de charge \u2013 ainsi, vous savez exactement quand il est temps de la recharger.<\/p>\n<h3>Pourquoi choisir Bang Box ?<\/h3>\n<ul data-start=\"1868\" data-end=\"2325\" data-immersive-translate-walked=\"6436c74a-7ea8-4fec-b6f6-b32f313c9cc5\">\n<li data-start=\"1868\" data-end=\"1946\" data-immersive-translate-walked=\"6436c74a-7ea8-4fec-b6f6-b32f313c9cc5\">\n<p data-start=\"1870\" data-end=\"1946\" data-immersive-translate-walked=\"6436c74a-7ea8-4fec-b6f6-b32f313c9cc5\" data-immersive-translate-paragraph=\"1\">Jusqu'\u00e0 12 000 bouff\u00e9es \u2013 pour un plaisir durable sans recharges fr\u00e9quentes<\/p>\n<\/li>\n<li data-start=\"1947\" data-end=\"2063\" data-immersive-translate-walked=\"6436c74a-7ea8-4fec-b6f6-b32f313c9cc5\">\n<p data-start=\"1949\" data-end=\"2063\" data-immersive-translate-walked=\"6436c74a-7ea8-4fec-b6f6-b32f313c9cc5\" data-immersive-translate-paragraph=\"1\">Batterie rechargeable avec Type-C \u2013 plus \u00e9cologique et durable que les cigarettes \u00e9lectroniques jetables classiques<\/p>\n<\/li>\n<li data-start=\"2064\" data-end=\"2149\" data-immersive-translate-walked=\"6436c74a-7ea8-4fec-b6f6-b32f313c9cc5\">\n<p data-start=\"2066\" data-end=\"2149\" data-immersive-translate-walked=\"6436c74a-7ea8-4fec-b6f6-b32f313c9cc5\" data-immersive-translate-paragraph=\"1\">Grand r\u00e9servoir de liquide de 20ml \u2013 pour de longues sessions de vapotage sans interruption<\/p>\n<\/li>\n<li data-start=\"2150\" data-end=\"2214\" data-immersive-translate-walked=\"6436c74a-7ea8-4fec-b6f6-b32f313c9cc5\">\n<p data-start=\"2152\" data-end=\"2214\" data-immersive-translate-walked=\"6436c74a-7ea8-4fec-b6f6-b32f313c9cc5\" data-immersive-translate-paragraph=\"1\">Indicateur LED \u2013 affichage pratique et styl\u00e9 du niveau de batterie<\/p>\n<\/li>\n<li data-start=\"2215\" data-end=\"2325\" data-immersive-translate-walked=\"6436c74a-7ea8-4fec-b6f6-b32f313c9cc5\">\n<p data-start=\"2217\" data-end=\"2325\" data-immersive-translate-walked=\"6436c74a-7ea8-4fec-b6f6-b32f313c9cc5\" data-immersive-translate-paragraph=\"1\">Ar\u00f4me intense Black Dragon Ice \u2013 parfaitement \u00e9quilibr\u00e9 entre fra\u00eecheur revigorante et profondeur \u00e9pic\u00e9e<\/p>\n<\/li>\n<\/ul>\n<p data-start=\"2332\" data-end=\"2569\" data-immersive-translate-walked=\"6436c74a-7ea8-4fec-b6f6-b32f313c9cc5\" data-immersive-translate-paragraph=\"1\">La Bang Box 12000 Puff est exactement la vape que vous recherchez si vous accordez de l'importance \u00e0 une performance puissante, beaucoup de saveur et une utilisation simple. Avec cet appareil, vous pouvez vapoter d\u00e9tendu \u00e0 tout moment et en tout lieu \u2013 sans compromis.<\/p>\n<p data-start=\"2571\" data-end=\"2694\" data-immersive-translate-walked=\"6436c74a-7ea8-4fec-b6f6-b32f313c9cc5\" data-immersive-translate-paragraph=\"1\">Essayez la Bang Box et d\u00e9couvrez \u00e0 quel point vapoter avec une cigarette \u00e9lectronique jetable de haute qualit\u00e9 peut \u00eatre agr\u00e9able et intense !<\/p>","protected":false},"excerpt":{"rendered":"<p>Bang Box 12000 Puff \u2013 Votre cigarette jetable \u00e9lectronique puissante pour une vapote longue dur\u00e9e ! D\u00e9couvrez la Bang Box 12000 Puff, la cigarette jetable \u00e9lectronique qui offre bien plus...<\/p>","protected":false},"featured_media":6985,"template":"","meta":[],"etheme_brands":[],"product_brand":[101],"product_cat":[88,49,61],"product_tag":[],"class_list":{"0":"post-6982","1":"product","2":"type-product","3":"status-publish","4":"has-post-thumbnail","6":"product_brand-bang-king-vape","7":"product_cat-12k-vape","8":"product_cat-einweg-e-zigarette","9":"product_cat-f","11":"first","12":"instock","13":"shipping-taxable","14":"purchasable","15":"product-type-simple"},"yoast_head":"<!-- This site is optimized with the Yoast SEO plugin v26.5 - https:\/\/yoast.com\/wordpress\/plugins\/seo\/ -->\n<title>Bang Box 12000 Puff Black Dragon Ice Premiumqualit\u00e4t G\u00fcnstig | Vapingnet.de<\/title>\n<meta name=\"description\" content=\"Entdecke Bang Box 12000 Puff Black Dragon Ice Premiumqualit\u00e4t G\u00fcnstig bei vapingnet.de, \u25ba Gro\u00dfe Auswahl an Geschmacksrichtungen &amp; super g\u00fcnstig!\" \/>\n<meta name=\"robots\" content=\"index, follow, max-snippet:-1, max-image-preview:large, max-video-preview:-1\" \/>\n<link rel=\"canonical\" href=\"https:\/\/vapingnet.de\/fr\/vape\/bang-box-12000-puff-black-dragon-ice-premiumqualitaet-guenstig\/\" \/>\n<meta property=\"og:locale\" content=\"fr_FR\" \/>\n<meta property=\"og:type\" content=\"article\" \/>\n<meta property=\"og:title\" content=\"Bang Box 12000 Puff Black Dragon Ice Premiumqualit\u00e4t G\u00fcnstig | Vapingnet.de\" \/>\n<meta property=\"og:description\" content=\"Entdecke Bang Box 12000 Puff Black Dragon Ice Premiumqualit\u00e4t G\u00fcnstig bei vapingnet.de, \u25ba Gro\u00dfe Auswahl an Geschmacksrichtungen &amp; super g\u00fcnstig!\" \/>\n<meta property=\"og:url\" content=\"https:\/\/vapingnet.de\/fr\/vape\/bang-box-12000-puff-black-dragon-ice-premiumqualitaet-guenstig\/\" \/>\n<meta property=\"og:site_name\" content=\"Vapingnet.de\" \/>\n<meta property=\"article:publisher\" content=\"https:\/\/www.facebook.com\/vapingnetde\/\" \/>\n<meta property=\"article:modified_time\" content=\"2025-06-19T03:39:18+00:00\" \/>\n<meta property=\"og:image\" content=\"https:\/\/vapingnet.de\/wp-content\/uploads\/2025\/05\/Black-Dragon-Ice.webp\" \/>\n\t<meta property=\"og:image:width\" content=\"1000\" \/>\n\t<meta property=\"og:image:height\" content=\"1000\" \/>\n\t<meta property=\"og:image:type\" content=\"image\/webp\" \/>\n<meta name=\"twitter:card\" content=\"summary_large_image\" \/>\n<meta name=\"twitter:label1\" content=\"Dur\u00e9e de lecture estim\u00e9e\" \/>\n\t<meta name=\"twitter:data1\" content=\"3 minutes\" \/>\n<script type=\"application\/ld+json\" class=\"yoast-schema-graph\">{\"@context\":\"https:\/\/schema.org\",\"@graph\":[{\"@type\":\"WebPage\",\"@id\":\"https:\/\/vapingnet.de\/vape\/bang-box-12000-puff-black-dragon-ice-premiumqualitaet-guenstig\/\",\"url\":\"https:\/\/vapingnet.de\/vape\/bang-box-12000-puff-black-dragon-ice-premiumqualitaet-guenstig\/\",\"name\":\"Bang Box 12000 Puff Black Dragon Ice Premiumqualit\u00e4t G\u00fcnstig | Vapingnet.de\",\"isPartOf\":{\"@id\":\"https:\/\/vapingnet.de\/#website\"},\"primaryImageOfPage\":{\"@id\":\"https:\/\/vapingnet.de\/vape\/bang-box-12000-puff-black-dragon-ice-premiumqualitaet-guenstig\/#primaryimage\"},\"image\":{\"@id\":\"https:\/\/vapingnet.de\/vape\/bang-box-12000-puff-black-dragon-ice-premiumqualitaet-guenstig\/#primaryimage\"},\"thumbnailUrl\":\"https:\/\/vapingnet.de\/wp-content\/uploads\/2025\/05\/Black-Dragon-Ice.webp\",\"datePublished\":\"2025-05-26T07:13:49+00:00\",\"dateModified\":\"2025-06-19T03:39:18+00:00\",\"description\":\"Entdecke Bang Box 12000 Puff Black Dragon Ice Premiumqualit\u00e4t G\u00fcnstig bei vapingnet.de, \u25ba Gro\u00dfe Auswahl an Geschmacksrichtungen & super g\u00fcnstig!\",\"breadcrumb\":{\"@id\":\"https:\/\/vapingnet.de\/vape\/bang-box-12000-puff-black-dragon-ice-premiumqualitaet-guenstig\/#breadcrumb\"},\"inLanguage\":\"fr-FR\",\"potentialAction\":[{\"@type\":\"ReadAction\",\"target\":[\"https:\/\/vapingnet.de\/vape\/bang-box-12000-puff-black-dragon-ice-premiumqualitaet-guenstig\/\"]}]},{\"@type\":\"ImageObject\",\"inLanguage\":\"fr-FR\",\"@id\":\"https:\/\/vapingnet.de\/vape\/bang-box-12000-puff-black-dragon-ice-premiumqualitaet-guenstig\/#primaryimage\",\"url\":\"https:\/\/vapingnet.de\/wp-content\/uploads\/2025\/05\/Black-Dragon-Ice.webp\",\"contentUrl\":\"https:\/\/vapingnet.de\/wp-content\/uploads\/2025\/05\/Black-Dragon-Ice.webp\",\"width\":1000,\"height\":1000},{\"@type\":\"BreadcrumbList\",\"@id\":\"https:\/\/vapingnet.de\/vape\/bang-box-12000-puff-black-dragon-ice-premiumqualitaet-guenstig\/#breadcrumb\",\"itemListElement\":[{\"@type\":\"ListItem\",\"position\":1,\"name\":\"Home\",\"item\":\"https:\/\/vapingnet.de\/\"},{\"@type\":\"ListItem\",\"position\":2,\"name\":\"Shop\",\"item\":\"https:\/\/vapingnet.de\/vape\/\"},{\"@type\":\"ListItem\",\"position\":3,\"name\":\"Bang Box 12000 Puff Black Dragon Ice Premiumqualit\u00e4t G\u00fcnstig\"}]},{\"@type\":\"WebSite\",\"@id\":\"https:\/\/vapingnet.de\/#website\",\"url\":\"https:\/\/vapingnet.de\/\",\"name\":\"Vapingnet.de\",\"description\":\"\",\"publisher\":{\"@id\":\"https:\/\/vapingnet.de\/#organization\"},\"potentialAction\":[{\"@type\":\"SearchAction\",\"target\":{\"@type\":\"EntryPoint\",\"urlTemplate\":\"https:\/\/vapingnet.de\/?s={search_term_string}\"},\"query-input\":{\"@type\":\"PropertyValueSpecification\",\"valueRequired\":true,\"valueName\":\"search_term_string\"}}],\"inLanguage\":\"fr-FR\"},{\"@type\":\"Organization\",\"@id\":\"https:\/\/vapingnet.de\/#organization\",\"name\":\"Vapingnet.de\",\"url\":\"https:\/\/vapingnet.de\/\",\"logo\":{\"@type\":\"ImageObject\",\"inLanguage\":\"fr-FR\",\"@id\":\"https:\/\/vapingnet.de\/#\/schema\/logo\/image\/\",\"url\":\"https:\/\/vapingnet.de\/wp-content\/uploads\/2025\/03\/cropped-vapingnet.de_.jpg\",\"contentUrl\":\"https:\/\/vapingnet.de\/wp-content\/uploads\/2025\/03\/cropped-vapingnet.de_.jpg\",\"width\":512,\"height\":512,\"caption\":\"Vapingnet.de\"},\"image\":{\"@id\":\"https:\/\/vapingnet.de\/#\/schema\/logo\/image\/\"},\"sameAs\":[\"https:\/\/www.facebook.com\/vapingnetde\/\"]}]}<\/script>\n<!-- \/ Yoast SEO plugin. -->","yoast_head_json":{"title":"Bang Box 12000 Puff Black Dragon Ice Premiumqualit\u00e4t G\u00fcnstig | Vapingnet.de","description":"Entdecke Bang Box 12000 Puff Black Dragon Ice Premiumqualit\u00e4t G\u00fcnstig bei vapingnet.de, \u25ba Gro\u00dfe Auswahl an Geschmacksrichtungen & super g\u00fcnstig!","robots":{"index":"index","follow":"follow","max-snippet":"max-snippet:-1","max-image-preview":"max-image-preview:large","max-video-preview":"max-video-preview:-1"},"canonical":"https:\/\/vapingnet.de\/fr\/vape\/bang-box-12000-puff-black-dragon-ice-premiumqualitaet-guenstig\/","og_locale":"fr_FR","og_type":"article","og_title":"Bang Box 12000 Puff Black Dragon Ice Premiumqualit\u00e4t G\u00fcnstig | Vapingnet.de","og_description":"Entdecke Bang Box 12000 Puff Black Dragon Ice Premiumqualit\u00e4t G\u00fcnstig bei vapingnet.de, \u25ba Gro\u00dfe Auswahl an Geschmacksrichtungen & super g\u00fcnstig!","og_url":"https:\/\/vapingnet.de\/fr\/vape\/bang-box-12000-puff-black-dragon-ice-premiumqualitaet-guenstig\/","og_site_name":"Vapingnet.de","article_publisher":"https:\/\/www.facebook.com\/vapingnetde\/","article_modified_time":"2025-06-19T03:39:18+00:00","og_image":[{"width":1000,"height":1000,"url":"https:\/\/vapingnet.de\/wp-content\/uploads\/2025\/05\/Black-Dragon-Ice.webp","type":"image\/webp"}],"twitter_card":"summary_large_image","twitter_misc":{"Dur\u00e9e de lecture estim\u00e9e":"3 minutes"},"schema":{"@context":"https:\/\/schema.org","@graph":[{"@type":"WebPage","@id":"https:\/\/vapingnet.de\/vape\/bang-box-12000-puff-black-dragon-ice-premiumqualitaet-guenstig\/","url":"https:\/\/vapingnet.de\/vape\/bang-box-12000-puff-black-dragon-ice-premiumqualitaet-guenstig\/","name":"Bang Box 12000 Puff Black Dragon Ice Premiumqualit\u00e4t G\u00fcnstig | Vapingnet.de","isPartOf":{"@id":"https:\/\/vapingnet.de\/#website"},"primaryImageOfPage":{"@id":"https:\/\/vapingnet.de\/vape\/bang-box-12000-puff-black-dragon-ice-premiumqualitaet-guenstig\/#primaryimage"},"image":{"@id":"https:\/\/vapingnet.de\/vape\/bang-box-12000-puff-black-dragon-ice-premiumqualitaet-guenstig\/#primaryimage"},"thumbnailUrl":"https:\/\/vapingnet.de\/wp-content\/uploads\/2025\/05\/Black-Dragon-Ice.webp","datePublished":"2025-05-26T07:13:49+00:00","dateModified":"2025-06-19T03:39:18+00:00","description":"Entdecke Bang Box 12000 Puff Black Dragon Ice Premiumqualit\u00e4t G\u00fcnstig bei vapingnet.de, \u25ba Gro\u00dfe Auswahl an Geschmacksrichtungen & super g\u00fcnstig!","breadcrumb":{"@id":"https:\/\/vapingnet.de\/vape\/bang-box-12000-puff-black-dragon-ice-premiumqualitaet-guenstig\/#breadcrumb"},"inLanguage":"fr-FR","potentialAction":[{"@type":"ReadAction","target":["https:\/\/vapingnet.de\/vape\/bang-box-12000-puff-black-dragon-ice-premiumqualitaet-guenstig\/"]}]},{"@type":"ImageObject","inLanguage":"fr-FR","@id":"https:\/\/vapingnet.de\/vape\/bang-box-12000-puff-black-dragon-ice-premiumqualitaet-guenstig\/#primaryimage","url":"https:\/\/vapingnet.de\/wp-content\/uploads\/2025\/05\/Black-Dragon-Ice.webp","contentUrl":"https:\/\/vapingnet.de\/wp-content\/uploads\/2025\/05\/Black-Dragon-Ice.webp","width":1000,"height":1000},{"@type":"BreadcrumbList","@id":"https:\/\/vapingnet.de\/vape\/bang-box-12000-puff-black-dragon-ice-premiumqualitaet-guenstig\/#breadcrumb","itemListElement":[{"@type":"ListItem","position":1,"name":"Home","item":"https:\/\/vapingnet.de\/"},{"@type":"ListItem","position":2,"name":"Shop","item":"https:\/\/vapingnet.de\/vape\/"},{"@type":"ListItem","position":3,"name":"Bang Box 12000 Puff Black Dragon Ice Premiumqualit\u00e4t G\u00fcnstig"}]},{"@type":"WebSite","@id":"https:\/\/vapingnet.de\/#website","url":"https:\/\/vapingnet.de\/","name":"Vapingnet.de","description":"","publisher":{"@id":"https:\/\/vapingnet.de\/#organization"},"potentialAction":[{"@type":"SearchAction","target":{"@type":"EntryPoint","urlTemplate":"https:\/\/vapingnet.de\/?s={search_term_string}"},"query-input":{"@type":"PropertyValueSpecification","valueRequired":true,"valueName":"search_term_string"}}],"inLanguage":"fr-FR"},{"@type":"Organization","@id":"https:\/\/vapingnet.de\/#organization","name":"Vapingnet.de","url":"https:\/\/vapingnet.de\/","logo":{"@type":"ImageObject","inLanguage":"fr-FR","@id":"https:\/\/vapingnet.de\/#\/schema\/logo\/image\/","url":"https:\/\/vapingnet.de\/wp-content\/uploads\/2025\/03\/cropped-vapingnet.de_.jpg","contentUrl":"https:\/\/vapingnet.de\/wp-content\/uploads\/2025\/03\/cropped-vapingnet.de_.jpg","width":512,"height":512,"caption":"Vapingnet.de"},"image":{"@id":"https:\/\/vapingnet.de\/#\/schema\/logo\/image\/"},"sameAs":["https:\/\/www.facebook.com\/vapingnetde\/"]}]}},"tiered_pricing_type":"fixed","tiered_pricing_fixed_rules":{"10":"7.31","60":"6.58","110":"5.85","200":"5.12"},"tiered_pricing_product_settings":{"layout":"default","base_unit_name":{"singular":null,"plural":null},"default_variation":null},"tiered_pricing_minimum_quantity":null,"tiered_pricing_roles_data":[],"tiered_pricing_percentage_rules":[],"_links":{"self":[{"href":"https:\/\/vapingnet.de\/fr\/wp-json\/wp\/v2\/product\/6982","targetHints":{"allow":["GET"]}}],"collection":[{"href":"https:\/\/vapingnet.de\/fr\/wp-json\/wp\/v2\/product"}],"about":[{"href":"https:\/\/vapingnet.de\/fr\/wp-json\/wp\/v2\/types\/product"}],"version-history":[{"count":1,"href":"https:\/\/vapingnet.de\/fr\/wp-json\/wp\/v2\/product\/6982\/revisions"}],"predecessor-version":[{"id":6991,"href":"https:\/\/vapingnet.de\/fr\/wp-json\/wp\/v2\/product\/6982\/revisions\/6991"}],"wp:featuredmedia":[{"embeddable":true,"href":"https:\/\/vapingnet.de\/fr\/wp-json\/wp\/v2\/media\/6985"}],"wp:attachment":[{"href":"https:\/\/vapingnet.de\/fr\/wp-json\/wp\/v2\/media?parent=6982"}],"wp:term":[{"taxonomy":"brand","embeddable":true,"href":"https:\/\/vapingnet.de\/fr\/wp-json\/wp\/v2\/etheme_brands?post=6982"},{"taxonomy":"product_brand","embeddable":true,"href":"https:\/\/vapingnet.de\/fr\/wp-json\/wp\/v2\/product_brand?post=6982"},{"taxonomy":"product_cat","embeddable":true,"href":"https:\/\/vapingnet.de\/fr\/wp-json\/wp\/v2\/product_cat?post=6982"},{"taxonomy":"product_tag","embeddable":true,"href":"https:\/\/vapingnet.de\/fr\/wp-json\/wp\/v2\/product_tag?post=6982"}],"curies":[{"name":"wp","href":"https:\/\/api.w.org\/{rel}","templated":true}]}}