{"id":6984,"date":"2025-05-26T07:13:53","date_gmt":"2025-05-26T07:13:53","guid":{"rendered":"https:\/\/vapingnet.de\/?post_type=product&#038;p=6984"},"modified":"2025-06-19T03:39:17","modified_gmt":"2025-06-19T03:39:17","slug":"hochwertige-bang-box-12000-puff-mit-fruchtigem-strawberry-banana","status":"publish","type":"product","link":"https:\/\/vapingnet.de\/fr\/vape\/hochwertige-bang-box-12000-puff-mit-fruchtigem-strawberry-banana\/","title":{"rendered":"Bang Box 12000 Puff de haute qualit\u00e9 avec saveur fruit\u00e9e de Fraise Banane"},"content":{"rendered":"<h2 data-start=\"96\" data-end=\"165\" data-immersive-translate-walked=\"f2e4f3f3-3ca0-49c8-8883-bc6f0b7eec1b\">Bang Box 12000 \u2013 Cigarette \u00e9lectronique jetable avec saveur et endurance<\/h2>\n<p data-start=\"167\" data-end=\"428\" data-immersive-translate-walked=\"f2e4f3f3-3ca0-49c8-8883-bc6f0b7eec1b\" data-immersive-translate-paragraph=\"1\">Celui qui cherche une vape puissante, \u00e0 la fois savoureuse et techniquement convaincante, trouvera son bonheur avec la Bang Box 12000. Cette cigarette \u00e9lectronique jetable moderne a \u00e9t\u00e9 con\u00e7ue pour tous ceux qui privil\u00e9gient le confort, l'intensit\u00e9 et le style lors du vapotage.<\/p>\n<p data-start=\"430\" data-end=\"770\" data-immersive-translate-walked=\"f2e4f3f3-3ca0-49c8-8883-bc6f0b7eec1b\" data-immersive-translate-paragraph=\"1\">Avec une capacit\u00e9 impressionnante allant jusqu'\u00e0 12 000 bouff\u00e9es, la Bang Box 12000 est id\u00e9ale pour une utilisation prolong\u00e9e \u2013 sans besoin de recharger. Elle combine une technologie moderne \u00e0 une saveur inimitable : Fraise Banane \u2013 un m\u00e9lange cr\u00e9meux et fruit\u00e9 de fraises sucr\u00e9es et de bananes m\u00fbres, rendant chaque bouff\u00e9e un plaisir.<\/p>\n<h3>Points forts techniques<\/h3>\n<p data-start=\"799\" data-end=\"1119\" data-immersive-translate-walked=\"f2e4f3f3-3ca0-49c8-8883-bc6f0b7eec1b\" data-immersive-translate-paragraph=\"1\">\u00c0 l'int\u00e9rieur, fonctionne une r\u00e9sistance Mesh puissante de 0,8 Ohm, qui assure une vapeur dense et r\u00e9guli\u00e8re tout en r\u00e9v\u00e9lant parfaitement l'ar\u00f4me. Le r\u00e9servoir de 20 ml d'e-liquide est g\u00e9n\u00e9reux et, associ\u00e9 \u00e0 la batterie rechargeable de 650mAh (avec port Type-C), offre une excellente autonomie.<\/p>\n<p data-start=\"1121\" data-end=\"1262\" data-immersive-translate-walked=\"f2e4f3f3-3ca0-49c8-8883-bc6f0b7eec1b\" data-immersive-translate-paragraph=\"1\">Selon les pr\u00e9f\u00e9rences, la Bang Box est disponible en deux concentrations de nicotine : 2 % pour une exp\u00e9rience plus douce, 5 % pour une satisfaction plus intense.<\/p>\n<p data-start=\"1264\" data-end=\"1467\" data-immersive-translate-walked=\"f2e4f3f3-3ca0-49c8-8883-bc6f0b7eec1b\" data-immersive-translate-paragraph=\"1\">L'appareil ne p\u00e8se que 85 grammes \u2013 compact, l\u00e9ger et parfait pour la mobilit\u00e9. Un autre point fort est la lumi\u00e8re LED int\u00e9gr\u00e9e, qui donne une touche moderne au design \u00e9pur\u00e9.<\/p>\n<h4>Pourquoi choisir la Bang Box 12000 ?<\/h4>\n<ul data-start=\"1496\" data-end=\"1729\" data-immersive-translate-walked=\"f2e4f3f3-3ca0-49c8-8883-bc6f0b7eec1b\">\n<li data-start=\"1496\" data-end=\"1563\" data-immersive-translate-walked=\"f2e4f3f3-3ca0-49c8-8883-bc6f0b7eec1b\">\n<p data-start=\"1498\" data-end=\"1563\" data-immersive-translate-walked=\"f2e4f3f3-3ca0-49c8-8883-bc6f0b7eec1b\" data-immersive-translate-paragraph=\"1\">Pas de boutons, pas de r\u00e9glages \u2013 il suffit d'inhaler et de profiter<\/p>\n<\/li>\n<li data-start=\"1564\" data-end=\"1622\" data-immersive-translate-walked=\"f2e4f3f3-3ca0-49c8-8883-bc6f0b7eec1b\">\n<p data-start=\"1566\" data-end=\"1622\" data-immersive-translate-walked=\"f2e4f3f3-3ca0-49c8-8883-bc6f0b7eec1b\" data-immersive-translate-paragraph=\"1\">Id\u00e9al pour les d\u00e9butants comme pour les vapoteurs exp\u00e9riment\u00e9s<\/p>\n<\/li>\n<li data-start=\"1623\" data-end=\"1684\" data-immersive-translate-walked=\"f2e4f3f3-3ca0-49c8-8883-bc6f0b7eec1b\">\n<p data-start=\"1625\" data-end=\"1684\" data-immersive-translate-walked=\"f2e4f3f3-3ca0-49c8-8883-bc6f0b7eec1b\" data-immersive-translate-paragraph=\"1\">Durable, fiable et pleinement savoureuse<\/p>\n<\/li>\n<li data-start=\"1685\" data-end=\"1729\" data-immersive-translate-walked=\"f2e4f3f3-3ca0-49c8-8883-bc6f0b7eec1b\">\n<p data-start=\"1687\" data-end=\"1729\" data-immersive-translate-walked=\"f2e4f3f3-3ca0-49c8-8883-bc6f0b7eec1b\" data-immersive-translate-paragraph=\"1\">Design moderne avec une finesse technique<\/p>\n<\/li>\n<\/ul>\n<p data-start=\"1731\" data-end=\"1877\" data-immersive-translate-walked=\"f2e4f3f3-3ca0-49c8-8883-bc6f0b7eec1b\" data-immersive-translate-paragraph=\"1\">Que ce soit \u00e0 la maison, en voyage ou au quotidien \u2013 la Bang Box 12000 offre une exp\u00e9rience de vapotage simple mais de haute qualit\u00e9, qui reste en m\u00e9moire.<\/p>\n<p data-start=\"1884\" data-end=\"2037\" data-immersive-translate-walked=\"f2e4f3f3-3ca0-49c8-8883-bc6f0b7eec1b\" data-immersive-translate-paragraph=\"1\">Si vous recherchez une vape qui convainc par ses performances, sa saveur et sa facilit\u00e9 d'utilisation, la Bang Box 12000 vaut vraiment le coup d'essayer.<\/p>","protected":false},"excerpt":{"rendered":"<p>Bang Box 12000 \u2013 Einweg E-Zigarette mit Geschmack und Ausdauer Wer eine leistungsstarke Vape sucht, die sowohl geschmacklich als auch technisch \u00fcberzeugt, wird bei der&#8230;<\/p>","protected":false},"featured_media":6987,"template":"","meta":[],"etheme_brands":[],"product_brand":[101],"product_cat":[88],"product_tag":[],"class_list":{"0":"post-6984","1":"product","2":"type-product","3":"status-publish","4":"has-post-thumbnail","6":"product_brand-bang-king-vape","7":"product_cat-12k-vape","9":"first","10":"instock","11":"shipping-taxable","12":"purchasable","13":"product-type-simple"},"yoast_head":"<!-- This site is optimized with the Yoast SEO plugin v26.5 - https:\/\/yoast.com\/wordpress\/plugins\/seo\/ -->\n<title>Hochwertige Bang Box 12000 Puff mit fruchtigem Strawberry Banana | Vapingnet.de<\/title>\n<meta name=\"description\" content=\"Entdecke Hochwertige Bang Box 12000 Puff mit fruchtigem Strawberry Banana bei vapingnet.de, \u25ba Gro\u00dfe Auswahl an Geschmacksrichtungen &amp; super g\u00fcnstig!\" \/>\n<meta name=\"robots\" content=\"index, follow, max-snippet:-1, max-image-preview:large, max-video-preview:-1\" \/>\n<link rel=\"canonical\" href=\"https:\/\/vapingnet.de\/fr\/vape\/hochwertige-bang-box-12000-puff-mit-fruchtigem-strawberry-banana\/\" \/>\n<meta property=\"og:locale\" content=\"fr_FR\" \/>\n<meta property=\"og:type\" content=\"article\" \/>\n<meta property=\"og:title\" content=\"Hochwertige Bang Box 12000 Puff mit fruchtigem Strawberry Banana | Vapingnet.de\" \/>\n<meta property=\"og:description\" content=\"Entdecke Hochwertige Bang Box 12000 Puff mit fruchtigem Strawberry Banana bei vapingnet.de, \u25ba Gro\u00dfe Auswahl an Geschmacksrichtungen &amp; super g\u00fcnstig!\" \/>\n<meta property=\"og:url\" content=\"https:\/\/vapingnet.de\/fr\/vape\/hochwertige-bang-box-12000-puff-mit-fruchtigem-strawberry-banana\/\" \/>\n<meta property=\"og:site_name\" content=\"Vapingnet.de\" \/>\n<meta property=\"article:publisher\" content=\"https:\/\/www.facebook.com\/vapingnetde\/\" \/>\n<meta property=\"article:modified_time\" content=\"2025-06-19T03:39:17+00:00\" \/>\n<meta property=\"og:image\" content=\"https:\/\/vapingnet.de\/wp-content\/uploads\/2025\/05\/Strawberry-Banana.webp\" \/>\n\t<meta property=\"og:image:width\" content=\"1000\" \/>\n\t<meta property=\"og:image:height\" content=\"1000\" \/>\n\t<meta property=\"og:image:type\" content=\"image\/webp\" \/>\n<meta name=\"twitter:card\" content=\"summary_large_image\" \/>\n<meta name=\"twitter:label1\" content=\"Dur\u00e9e de lecture estim\u00e9e\" \/>\n\t<meta name=\"twitter:data1\" content=\"2 minutes\" \/>\n<script type=\"application\/ld+json\" class=\"yoast-schema-graph\">{\"@context\":\"https:\/\/schema.org\",\"@graph\":[{\"@type\":\"WebPage\",\"@id\":\"https:\/\/vapingnet.de\/vape\/hochwertige-bang-box-12000-puff-mit-fruchtigem-strawberry-banana\/\",\"url\":\"https:\/\/vapingnet.de\/vape\/hochwertige-bang-box-12000-puff-mit-fruchtigem-strawberry-banana\/\",\"name\":\"Hochwertige Bang Box 12000 Puff mit fruchtigem Strawberry Banana | Vapingnet.de\",\"isPartOf\":{\"@id\":\"https:\/\/vapingnet.de\/#website\"},\"primaryImageOfPage\":{\"@id\":\"https:\/\/vapingnet.de\/vape\/hochwertige-bang-box-12000-puff-mit-fruchtigem-strawberry-banana\/#primaryimage\"},\"image\":{\"@id\":\"https:\/\/vapingnet.de\/vape\/hochwertige-bang-box-12000-puff-mit-fruchtigem-strawberry-banana\/#primaryimage\"},\"thumbnailUrl\":\"https:\/\/vapingnet.de\/wp-content\/uploads\/2025\/05\/Strawberry-Banana.webp\",\"datePublished\":\"2025-05-26T07:13:53+00:00\",\"dateModified\":\"2025-06-19T03:39:17+00:00\",\"description\":\"Entdecke Hochwertige Bang Box 12000 Puff mit fruchtigem Strawberry Banana bei vapingnet.de, \u25ba Gro\u00dfe Auswahl an Geschmacksrichtungen & super g\u00fcnstig!\",\"breadcrumb\":{\"@id\":\"https:\/\/vapingnet.de\/vape\/hochwertige-bang-box-12000-puff-mit-fruchtigem-strawberry-banana\/#breadcrumb\"},\"inLanguage\":\"fr-FR\",\"potentialAction\":[{\"@type\":\"ReadAction\",\"target\":[\"https:\/\/vapingnet.de\/vape\/hochwertige-bang-box-12000-puff-mit-fruchtigem-strawberry-banana\/\"]}]},{\"@type\":\"ImageObject\",\"inLanguage\":\"fr-FR\",\"@id\":\"https:\/\/vapingnet.de\/vape\/hochwertige-bang-box-12000-puff-mit-fruchtigem-strawberry-banana\/#primaryimage\",\"url\":\"https:\/\/vapingnet.de\/wp-content\/uploads\/2025\/05\/Strawberry-Banana.webp\",\"contentUrl\":\"https:\/\/vapingnet.de\/wp-content\/uploads\/2025\/05\/Strawberry-Banana.webp\",\"width\":1000,\"height\":1000},{\"@type\":\"BreadcrumbList\",\"@id\":\"https:\/\/vapingnet.de\/vape\/hochwertige-bang-box-12000-puff-mit-fruchtigem-strawberry-banana\/#breadcrumb\",\"itemListElement\":[{\"@type\":\"ListItem\",\"position\":1,\"name\":\"Home\",\"item\":\"https:\/\/vapingnet.de\/\"},{\"@type\":\"ListItem\",\"position\":2,\"name\":\"Shop\",\"item\":\"https:\/\/vapingnet.de\/vape\/\"},{\"@type\":\"ListItem\",\"position\":3,\"name\":\"Hochwertige Bang Box 12000 Puff mit fruchtigem Strawberry Banana\"}]},{\"@type\":\"WebSite\",\"@id\":\"https:\/\/vapingnet.de\/#website\",\"url\":\"https:\/\/vapingnet.de\/\",\"name\":\"Vapingnet.de\",\"description\":\"\",\"publisher\":{\"@id\":\"https:\/\/vapingnet.de\/#organization\"},\"potentialAction\":[{\"@type\":\"SearchAction\",\"target\":{\"@type\":\"EntryPoint\",\"urlTemplate\":\"https:\/\/vapingnet.de\/?s={search_term_string}\"},\"query-input\":{\"@type\":\"PropertyValueSpecification\",\"valueRequired\":true,\"valueName\":\"search_term_string\"}}],\"inLanguage\":\"fr-FR\"},{\"@type\":\"Organization\",\"@id\":\"https:\/\/vapingnet.de\/#organization\",\"name\":\"Vapingnet.de\",\"url\":\"https:\/\/vapingnet.de\/\",\"logo\":{\"@type\":\"ImageObject\",\"inLanguage\":\"fr-FR\",\"@id\":\"https:\/\/vapingnet.de\/#\/schema\/logo\/image\/\",\"url\":\"https:\/\/vapingnet.de\/wp-content\/uploads\/2025\/03\/cropped-vapingnet.de_.jpg\",\"contentUrl\":\"https:\/\/vapingnet.de\/wp-content\/uploads\/2025\/03\/cropped-vapingnet.de_.jpg\",\"width\":512,\"height\":512,\"caption\":\"Vapingnet.de\"},\"image\":{\"@id\":\"https:\/\/vapingnet.de\/#\/schema\/logo\/image\/\"},\"sameAs\":[\"https:\/\/www.facebook.com\/vapingnetde\/\"]}]}<\/script>\n<!-- \/ Yoast SEO plugin. -->","yoast_head_json":{"title":"Hochwertige Bang Box 12000 Puff mit fruchtigem Strawberry Banana | Vapingnet.de","description":"Entdecke Hochwertige Bang Box 12000 Puff mit fruchtigem Strawberry Banana bei vapingnet.de, \u25ba Gro\u00dfe Auswahl an Geschmacksrichtungen & super g\u00fcnstig!","robots":{"index":"index","follow":"follow","max-snippet":"max-snippet:-1","max-image-preview":"max-image-preview:large","max-video-preview":"max-video-preview:-1"},"canonical":"https:\/\/vapingnet.de\/fr\/vape\/hochwertige-bang-box-12000-puff-mit-fruchtigem-strawberry-banana\/","og_locale":"fr_FR","og_type":"article","og_title":"Hochwertige Bang Box 12000 Puff mit fruchtigem Strawberry Banana | Vapingnet.de","og_description":"Entdecke Hochwertige Bang Box 12000 Puff mit fruchtigem Strawberry Banana bei vapingnet.de, \u25ba Gro\u00dfe Auswahl an Geschmacksrichtungen & super g\u00fcnstig!","og_url":"https:\/\/vapingnet.de\/fr\/vape\/hochwertige-bang-box-12000-puff-mit-fruchtigem-strawberry-banana\/","og_site_name":"Vapingnet.de","article_publisher":"https:\/\/www.facebook.com\/vapingnetde\/","article_modified_time":"2025-06-19T03:39:17+00:00","og_image":[{"width":1000,"height":1000,"url":"https:\/\/vapingnet.de\/wp-content\/uploads\/2025\/05\/Strawberry-Banana.webp","type":"image\/webp"}],"twitter_card":"summary_large_image","twitter_misc":{"Dur\u00e9e de lecture estim\u00e9e":"2 minutes"},"schema":{"@context":"https:\/\/schema.org","@graph":[{"@type":"WebPage","@id":"https:\/\/vapingnet.de\/vape\/hochwertige-bang-box-12000-puff-mit-fruchtigem-strawberry-banana\/","url":"https:\/\/vapingnet.de\/vape\/hochwertige-bang-box-12000-puff-mit-fruchtigem-strawberry-banana\/","name":"Hochwertige Bang Box 12000 Puff mit fruchtigem Strawberry Banana | Vapingnet.de","isPartOf":{"@id":"https:\/\/vapingnet.de\/#website"},"primaryImageOfPage":{"@id":"https:\/\/vapingnet.de\/vape\/hochwertige-bang-box-12000-puff-mit-fruchtigem-strawberry-banana\/#primaryimage"},"image":{"@id":"https:\/\/vapingnet.de\/vape\/hochwertige-bang-box-12000-puff-mit-fruchtigem-strawberry-banana\/#primaryimage"},"thumbnailUrl":"https:\/\/vapingnet.de\/wp-content\/uploads\/2025\/05\/Strawberry-Banana.webp","datePublished":"2025-05-26T07:13:53+00:00","dateModified":"2025-06-19T03:39:17+00:00","description":"Entdecke Hochwertige Bang Box 12000 Puff mit fruchtigem Strawberry Banana bei vapingnet.de, \u25ba Gro\u00dfe Auswahl an Geschmacksrichtungen & super g\u00fcnstig!","breadcrumb":{"@id":"https:\/\/vapingnet.de\/vape\/hochwertige-bang-box-12000-puff-mit-fruchtigem-strawberry-banana\/#breadcrumb"},"inLanguage":"fr-FR","potentialAction":[{"@type":"ReadAction","target":["https:\/\/vapingnet.de\/vape\/hochwertige-bang-box-12000-puff-mit-fruchtigem-strawberry-banana\/"]}]},{"@type":"ImageObject","inLanguage":"fr-FR","@id":"https:\/\/vapingnet.de\/vape\/hochwertige-bang-box-12000-puff-mit-fruchtigem-strawberry-banana\/#primaryimage","url":"https:\/\/vapingnet.de\/wp-content\/uploads\/2025\/05\/Strawberry-Banana.webp","contentUrl":"https:\/\/vapingnet.de\/wp-content\/uploads\/2025\/05\/Strawberry-Banana.webp","width":1000,"height":1000},{"@type":"BreadcrumbList","@id":"https:\/\/vapingnet.de\/vape\/hochwertige-bang-box-12000-puff-mit-fruchtigem-strawberry-banana\/#breadcrumb","itemListElement":[{"@type":"ListItem","position":1,"name":"Home","item":"https:\/\/vapingnet.de\/"},{"@type":"ListItem","position":2,"name":"Shop","item":"https:\/\/vapingnet.de\/vape\/"},{"@type":"ListItem","position":3,"name":"Hochwertige Bang Box 12000 Puff mit fruchtigem Strawberry Banana"}]},{"@type":"WebSite","@id":"https:\/\/vapingnet.de\/#website","url":"https:\/\/vapingnet.de\/","name":"Vapingnet.de","description":"","publisher":{"@id":"https:\/\/vapingnet.de\/#organization"},"potentialAction":[{"@type":"SearchAction","target":{"@type":"EntryPoint","urlTemplate":"https:\/\/vapingnet.de\/?s={search_term_string}"},"query-input":{"@type":"PropertyValueSpecification","valueRequired":true,"valueName":"search_term_string"}}],"inLanguage":"fr-FR"},{"@type":"Organization","@id":"https:\/\/vapingnet.de\/#organization","name":"Vapingnet.de","url":"https:\/\/vapingnet.de\/","logo":{"@type":"ImageObject","inLanguage":"fr-FR","@id":"https:\/\/vapingnet.de\/#\/schema\/logo\/image\/","url":"https:\/\/vapingnet.de\/wp-content\/uploads\/2025\/03\/cropped-vapingnet.de_.jpg","contentUrl":"https:\/\/vapingnet.de\/wp-content\/uploads\/2025\/03\/cropped-vapingnet.de_.jpg","width":512,"height":512,"caption":"Vapingnet.de"},"image":{"@id":"https:\/\/vapingnet.de\/#\/schema\/logo\/image\/"},"sameAs":["https:\/\/www.facebook.com\/vapingnetde\/"]}]}},"tiered_pricing_type":"fixed","tiered_pricing_fixed_rules":{"10":"7.31","60":"6.58","110":"5.85","200":"5.12"},"tiered_pricing_product_settings":{"layout":"default","base_unit_name":{"singular":null,"plural":null},"default_variation":null},"tiered_pricing_minimum_quantity":null,"tiered_pricing_roles_data":[],"tiered_pricing_percentage_rules":[],"_links":{"self":[{"href":"https:\/\/vapingnet.de\/fr\/wp-json\/wp\/v2\/product\/6984","targetHints":{"allow":["GET"]}}],"collection":[{"href":"https:\/\/vapingnet.de\/fr\/wp-json\/wp\/v2\/product"}],"about":[{"href":"https:\/\/vapingnet.de\/fr\/wp-json\/wp\/v2\/types\/product"}],"version-history":[{"count":1,"href":"https:\/\/vapingnet.de\/fr\/wp-json\/wp\/v2\/product\/6984\/revisions"}],"predecessor-version":[{"id":6993,"href":"https:\/\/vapingnet.de\/fr\/wp-json\/wp\/v2\/product\/6984\/revisions\/6993"}],"wp:featuredmedia":[{"embeddable":true,"href":"https:\/\/vapingnet.de\/fr\/wp-json\/wp\/v2\/media\/6987"}],"wp:attachment":[{"href":"https:\/\/vapingnet.de\/fr\/wp-json\/wp\/v2\/media?parent=6984"}],"wp:term":[{"taxonomy":"brand","embeddable":true,"href":"https:\/\/vapingnet.de\/fr\/wp-json\/wp\/v2\/etheme_brands?post=6984"},{"taxonomy":"product_brand","embeddable":true,"href":"https:\/\/vapingnet.de\/fr\/wp-json\/wp\/v2\/product_brand?post=6984"},{"taxonomy":"product_cat","embeddable":true,"href":"https:\/\/vapingnet.de\/fr\/wp-json\/wp\/v2\/product_cat?post=6984"},{"taxonomy":"product_tag","embeddable":true,"href":"https:\/\/vapingnet.de\/fr\/wp-json\/wp\/v2\/product_tag?post=6984"}],"curies":[{"name":"wp","href":"https:\/\/api.w.org\/{rel}","templated":true}]}}