{"id":7014,"date":"2025-06-05T06:58:52","date_gmt":"2025-06-05T06:58:52","guid":{"rendered":"https:\/\/vapingnet.de\/?post_type=product&#038;p=7014"},"modified":"2026-01-25T08:58:00","modified_gmt":"2026-01-25T08:58:00","slug":"bang-blaze-40000-puffs-fruchtduo-zum-verlieben","status":"publish","type":"product","link":"https:\/\/vapingnet.de\/fr\/vape\/bang-blaze-40000-puffs-fruchtduo-zum-verlieben\/","title":{"rendered":"Bang Blaze 40000 Puffs Duo fruit\u00e9 \u00e0 tomber amoureux"},"content":{"rendered":"<h2 data-start=\"0\" data-end=\"97\" data-immersive-translate-walked=\"796dd1be-7bb0-40ea-817f-cc2e1e9f4b12\">La cigarette \u00e9lectronique jetable puissante avec double exp\u00e9rience gustative<\/h2>\n<p data-start=\"99\" data-end=\"410\" data-immersive-translate-walked=\"796dd1be-7bb0-40ea-817f-cc2e1e9f4b12\" data-immersive-translate-paragraph=\"1\">La Bang Blaze 40000 Puffs est une cigarette \u00e9lectronique jetable innovante, qui impressionne par son nombre \u00e9norme de bouff\u00e9es et son syst\u00e8me unique Double Flavour. Avec jusqu'\u00e0 40 000 bouff\u00e9es par appareil, elle offre une exp\u00e9rience de vapotage longue dur\u00e9e et intense \u2013 id\u00e9ale pour tous ceux qui appr\u00e9cient la qualit\u00e9 et le confort.<\/p>\n<h3>Points forts et avantages de la Bang Blaze 40000 Puffs<\/h3>\n<ul data-start=\"468\" data-end=\"1216\" data-immersive-translate-walked=\"796dd1be-7bb0-40ea-817f-cc2e1e9f4b12\">\n<li data-start=\"468\" data-end=\"597\" data-immersive-translate-walked=\"796dd1be-7bb0-40ea-817f-cc2e1e9f4b12\">\n<p data-start=\"470\" data-end=\"597\" data-immersive-translate-walked=\"796dd1be-7bb0-40ea-817f-cc2e1e9f4b12\" data-immersive-translate-paragraph=\"1\">Capacit\u00e9 \u00e9norme : Jusqu'\u00e0 <a href=\"https:\/\/vapingnet.de\/fr\/k\/vape-40000-zuege\/\" target=\"_blank\" rel=\"noopener\"><strong>40 000 bouff\u00e9es<\/strong> <\/a>\u2013 pas besoin de remplir ou de changer constamment. Parfait pour un plaisir prolong\u00e9.<\/p>\n<\/li>\n<li data-start=\"598\" data-end=\"754\" data-immersive-translate-walked=\"796dd1be-7bb0-40ea-817f-cc2e1e9f4b12\">\n<p data-start=\"600\" data-end=\"754\" data-immersive-translate-walked=\"796dd1be-7bb0-40ea-817f-cc2e1e9f4b12\" data-immersive-translate-paragraph=\"1\">Grand r\u00e9servoir de liquide : 40ML de e-liquide Dual-Flavour pr\u00e9-rempli avec inhalation \u00e0 m\u00e9lange innovant. Ainsi, vous profitez de deux saveurs en m\u00eame temps.<\/p>\n<\/li>\n<li data-start=\"755\" data-end=\"881\" data-immersive-translate-walked=\"796dd1be-7bb0-40ea-817f-cc2e1e9f4b12\">\n<p data-start=\"757\" data-end=\"881\" data-immersive-translate-walked=\"796dd1be-7bb0-40ea-817f-cc2e1e9f4b12\" data-immersive-translate-paragraph=\"1\">Vari\u00e9t\u00e9 de saveurs : Par exemple, le m\u00e9lange excitant \u00ab Beach Sex \/ Raspberry Watermelon \u00bb \u2013 exotique et fruit\u00e9 \u00e0 la fois.<\/p>\n<\/li>\n<li data-start=\"882\" data-end=\"997\" data-immersive-translate-walked=\"796dd1be-7bb0-40ea-817f-cc2e1e9f4b12\">\n<p data-start=\"884\" data-end=\"997\" data-immersive-translate-walked=\"796dd1be-7bb0-40ea-817f-cc2e1e9f4b12\" data-immersive-translate-paragraph=\"1\">Batterie puissante : Batterie de 650mAh avec charge rapide Type-C \u2013 pour des temps de charge rapides et simples.<\/p>\n<\/li>\n<li data-start=\"998\" data-end=\"1115\" data-immersive-translate-walked=\"796dd1be-7bb0-40ea-817f-cc2e1e9f4b12\">\n<p data-start=\"1000\" data-end=\"1115\" data-immersive-translate-walked=\"796dd1be-7bb0-40ea-817f-cc2e1e9f4b12\" data-immersive-translate-paragraph=\"1\">Exp\u00e9rience de vapeur premium : La r\u00e9sistance Dual Mesh de 0,6\u03a9 assure une vapeur dense et un go\u00fbt particuli\u00e8rement doux et intense.<\/p>\n<\/li>\n<li data-start=\"1116\" data-end=\"1216\" data-immersive-translate-walked=\"796dd1be-7bb0-40ea-817f-cc2e1e9f4b12\">\n<p data-start=\"1118\" data-end=\"1216\" data-immersive-translate-walked=\"796dd1be-7bb0-40ea-817f-cc2e1e9f4b12\" data-immersive-translate-paragraph=\"1\">Niveaux de nicotine flexibles : Disponibles en 0%, 2%, 3% et 5% de nicotine \u2013 adapt\u00e9s \u00e0 tous les types de vapoteurs.<\/p>\n<\/li>\n<\/ul>\n<h4 data-start=\"1218\" data-end=\"1262\" data-immersive-translate-walked=\"796dd1be-7bb0-40ea-817f-cc2e1e9f4b12\" data-immersive-translate-paragraph=\"1\">Pourquoi choisir la Bang Blaze 40000 Puffs ?<\/h4>\n<p data-start=\"1264\" data-end=\"1573\" data-immersive-translate-walked=\"796dd1be-7bb0-40ea-817f-cc2e1e9f4b12\" data-immersive-translate-paragraph=\"1\">L'association d'une technologie de haute qualit\u00e9 et d'ar\u00f4mes polyvalents fait de la Bang Blaze le choix parfait pour les d\u00e9butants comme pour les vapoteurs exp\u00e9riment\u00e9s. La <a href=\"https:\/\/vapingnet.de\/fr\/k\/einweg-e-zigarette\/\" target=\"_blank\" rel=\"noopener\"><strong>cigarette \u00e9lectronique jetable<\/strong><\/a> est pr\u00eate \u00e0 l'emploi, facile \u00e0 utiliser et convainc par un go\u00fbt intense et pur gr\u00e2ce \u00e0 la technologie moderne Mesh Coil.<\/p>\n<p data-start=\"1575\" data-end=\"1750\" data-immersive-translate-walked=\"796dd1be-7bb0-40ea-817f-cc2e1e9f4b12\" data-immersive-translate-paragraph=\"1\">La fonction Double Flavour permet d'inhaler deux saveurs d\u00e9licieuses en un seul tir \u2013 une v\u00e9ritable innovation que vous ne trouverez pas chez beaucoup d'autres vapes.<\/p>\n<h4 data-start=\"1752\" data-end=\"1761\" data-immersive-translate-walked=\"796dd1be-7bb0-40ea-817f-cc2e1e9f4b12\" data-immersive-translate-paragraph=\"1\">L'exp\u00e9rience de vapotage id\u00e9ale vous attend<\/h4>\n<p data-start=\"1763\" data-end=\"2051\" data-immersive-translate-walked=\"796dd1be-7bb0-40ea-817f-cc2e1e9f4b12\" data-immersive-translate-paragraph=\"1\">Avec la Bang Blaze 40000 Puffs, vivez une exp\u00e9rience de vapotage unique \u2013 extr\u00eamement durable, riche en saveurs et facile \u00e0 manipuler. La combinaison intelligente de liquide Double Flavour, d'une batterie puissante et d'une charge rapide en fait la meilleure cigarette \u00e9lectronique jetable sur le march\u00e9.<\/p>\n<p data-start=\"2053\" data-end=\"2185\" data-is-last-node=\"\" data-is-only-node=\"\" data-immersive-translate-walked=\"796dd1be-7bb0-40ea-817f-cc2e1e9f4b12\">Procurez-vous-la d\u00e8s maintenant et profitez de l'exp\u00e9rience de vapotage premium avec la Bang Blaze 40000 Puffs \u2013 votre nouvelle vape pr\u00e9f\u00e9r\u00e9e vous attend !<\/p>","protected":false},"excerpt":{"rendered":"<p>Die leistungsstarke Einweg E-Zigarette mit dualem Geschmackserlebnis Die Bang Blaze 40000 Puffs ist eine innovative Einweg E-Zigarette, die durch ihre enorme Puff-Anzahl und das einzigartige...<\/p>","protected":false},"featured_media":7019,"template":"","meta":[],"etheme_brands":[],"product_brand":[101],"product_cat":[65,49,61,87],"product_tag":[],"class_list":{"0":"post-7014","1":"product","2":"type-product","3":"status-publish","4":"has-post-thumbnail","6":"product_brand-bang-king-vape","7":"product_cat-vape-40000-zuege","8":"product_cat-einweg-e-zigarette","9":"product_cat-f","10":"product_cat-v","12":"first","13":"instock","14":"shipping-taxable","15":"purchasable","16":"product-type-simple"},"yoast_head":"<!-- This site is optimized with the Yoast SEO plugin v26.5 - https:\/\/yoast.com\/wordpress\/plugins\/seo\/ -->\n<title>Bang Blaze 40000: Das 40ml Dual-Flavour Dampf-System<\/title>\n<meta name=\"description\" content=\"Ein Ger\u00e4t, zwei Kammern, unendlicher Vorrat. Bang Blaze 40000 Puffs mit 650mAh Akku &amp; USB-C. Erlebe die Synergie aus Tropen-Mix und Himbeer-Wassermelone.\" \/>\n<meta name=\"robots\" content=\"index, follow, max-snippet:-1, max-image-preview:large, max-video-preview:-1\" \/>\n<link rel=\"canonical\" href=\"https:\/\/vapingnet.de\/fr\/vape\/bang-blaze-40000-puffs-fruchtduo-zum-verlieben\/\" \/>\n<meta property=\"og:locale\" content=\"fr_FR\" \/>\n<meta property=\"og:type\" content=\"article\" \/>\n<meta property=\"og:title\" content=\"Bang Blaze 40000: Das 40ml Dual-Flavour Dampf-System\" \/>\n<meta property=\"og:description\" content=\"Ein Ger\u00e4t, zwei Kammern, unendlicher Vorrat. Bang Blaze 40000 Puffs mit 650mAh Akku &amp; USB-C. Erlebe die Synergie aus Tropen-Mix und Himbeer-Wassermelone.\" \/>\n<meta property=\"og:url\" content=\"https:\/\/vapingnet.de\/fr\/vape\/bang-blaze-40000-puffs-fruchtduo-zum-verlieben\/\" \/>\n<meta property=\"og:site_name\" content=\"Vapingnet.de\" \/>\n<meta property=\"article:publisher\" content=\"https:\/\/www.facebook.com\/vapingnetde\/\" \/>\n<meta property=\"article:modified_time\" content=\"2026-01-25T08:58:00+00:00\" \/>\n<meta property=\"og:image\" content=\"https:\/\/vapingnet.de\/wp-content\/uploads\/2025\/06\/Beach-Sex-Raspberry-Watermelon.jpg.webp\" \/>\n\t<meta property=\"og:image:width\" content=\"1000\" \/>\n\t<meta property=\"og:image:height\" content=\"1000\" \/>\n\t<meta property=\"og:image:type\" content=\"image\/webp\" \/>\n<meta name=\"twitter:card\" content=\"summary_large_image\" \/>\n<meta name=\"twitter:label1\" content=\"Dur\u00e9e de lecture estim\u00e9e\" \/>\n\t<meta name=\"twitter:data1\" content=\"2 minutes\" \/>\n<script type=\"application\/ld+json\" class=\"yoast-schema-graph\">{\"@context\":\"https:\/\/schema.org\",\"@graph\":[{\"@type\":\"WebPage\",\"@id\":\"https:\/\/vapingnet.de\/vape\/bang-blaze-40000-puffs-fruchtduo-zum-verlieben\/\",\"url\":\"https:\/\/vapingnet.de\/vape\/bang-blaze-40000-puffs-fruchtduo-zum-verlieben\/\",\"name\":\"Bang Blaze 40000: Das 40ml Dual-Flavour Dampf-System\",\"isPartOf\":{\"@id\":\"https:\/\/vapingnet.de\/#website\"},\"primaryImageOfPage\":{\"@id\":\"https:\/\/vapingnet.de\/vape\/bang-blaze-40000-puffs-fruchtduo-zum-verlieben\/#primaryimage\"},\"image\":{\"@id\":\"https:\/\/vapingnet.de\/vape\/bang-blaze-40000-puffs-fruchtduo-zum-verlieben\/#primaryimage\"},\"thumbnailUrl\":\"https:\/\/vapingnet.de\/wp-content\/uploads\/2025\/06\/Beach-Sex-Raspberry-Watermelon.jpg.webp\",\"datePublished\":\"2025-06-05T06:58:52+00:00\",\"dateModified\":\"2026-01-25T08:58:00+00:00\",\"description\":\"Ein Ger\u00e4t, zwei Kammern, unendlicher Vorrat. Bang Blaze 40000 Puffs mit 650mAh Akku & USB-C. Erlebe die Synergie aus Tropen-Mix und Himbeer-Wassermelone.\",\"breadcrumb\":{\"@id\":\"https:\/\/vapingnet.de\/vape\/bang-blaze-40000-puffs-fruchtduo-zum-verlieben\/#breadcrumb\"},\"inLanguage\":\"fr-FR\",\"potentialAction\":[{\"@type\":\"ReadAction\",\"target\":[\"https:\/\/vapingnet.de\/vape\/bang-blaze-40000-puffs-fruchtduo-zum-verlieben\/\"]}]},{\"@type\":\"ImageObject\",\"inLanguage\":\"fr-FR\",\"@id\":\"https:\/\/vapingnet.de\/vape\/bang-blaze-40000-puffs-fruchtduo-zum-verlieben\/#primaryimage\",\"url\":\"https:\/\/vapingnet.de\/wp-content\/uploads\/2025\/06\/Beach-Sex-Raspberry-Watermelon.jpg.webp\",\"contentUrl\":\"https:\/\/vapingnet.de\/wp-content\/uploads\/2025\/06\/Beach-Sex-Raspberry-Watermelon.jpg.webp\",\"width\":1000,\"height\":1000},{\"@type\":\"BreadcrumbList\",\"@id\":\"https:\/\/vapingnet.de\/vape\/bang-blaze-40000-puffs-fruchtduo-zum-verlieben\/#breadcrumb\",\"itemListElement\":[{\"@type\":\"ListItem\",\"position\":1,\"name\":\"Home\",\"item\":\"https:\/\/vapingnet.de\/\"},{\"@type\":\"ListItem\",\"position\":2,\"name\":\"Shop\",\"item\":\"https:\/\/vapingnet.de\/vape\/\"},{\"@type\":\"ListItem\",\"position\":3,\"name\":\"Bang Blaze 40000 Puffs Fruchtduo zum Verlieben\"}]},{\"@type\":\"WebSite\",\"@id\":\"https:\/\/vapingnet.de\/#website\",\"url\":\"https:\/\/vapingnet.de\/\",\"name\":\"Vapingnet.de\",\"description\":\"\",\"publisher\":{\"@id\":\"https:\/\/vapingnet.de\/#organization\"},\"potentialAction\":[{\"@type\":\"SearchAction\",\"target\":{\"@type\":\"EntryPoint\",\"urlTemplate\":\"https:\/\/vapingnet.de\/?s={search_term_string}\"},\"query-input\":{\"@type\":\"PropertyValueSpecification\",\"valueRequired\":true,\"valueName\":\"search_term_string\"}}],\"inLanguage\":\"fr-FR\"},{\"@type\":\"Organization\",\"@id\":\"https:\/\/vapingnet.de\/#organization\",\"name\":\"Vapingnet.de\",\"url\":\"https:\/\/vapingnet.de\/\",\"logo\":{\"@type\":\"ImageObject\",\"inLanguage\":\"fr-FR\",\"@id\":\"https:\/\/vapingnet.de\/#\/schema\/logo\/image\/\",\"url\":\"https:\/\/vapingnet.de\/wp-content\/uploads\/2025\/03\/cropped-vapingnet.de_.jpg\",\"contentUrl\":\"https:\/\/vapingnet.de\/wp-content\/uploads\/2025\/03\/cropped-vapingnet.de_.jpg\",\"width\":512,\"height\":512,\"caption\":\"Vapingnet.de\"},\"image\":{\"@id\":\"https:\/\/vapingnet.de\/#\/schema\/logo\/image\/\"},\"sameAs\":[\"https:\/\/www.facebook.com\/vapingnetde\/\"]}]}<\/script>\n<!-- \/ Yoast SEO plugin. -->","yoast_head_json":{"title":"Bang Blaze 40000: Das 40ml Dual-Flavour Dampf-System","description":"Ein Ger\u00e4t, zwei Kammern, unendlicher Vorrat. Bang Blaze 40000 Puffs mit 650mAh Akku & USB-C. Erlebe die Synergie aus Tropen-Mix und Himbeer-Wassermelone.","robots":{"index":"index","follow":"follow","max-snippet":"max-snippet:-1","max-image-preview":"max-image-preview:large","max-video-preview":"max-video-preview:-1"},"canonical":"https:\/\/vapingnet.de\/fr\/vape\/bang-blaze-40000-puffs-fruchtduo-zum-verlieben\/","og_locale":"fr_FR","og_type":"article","og_title":"Bang Blaze 40000: Das 40ml Dual-Flavour Dampf-System","og_description":"Ein Ger\u00e4t, zwei Kammern, unendlicher Vorrat. Bang Blaze 40000 Puffs mit 650mAh Akku & USB-C. Erlebe die Synergie aus Tropen-Mix und Himbeer-Wassermelone.","og_url":"https:\/\/vapingnet.de\/fr\/vape\/bang-blaze-40000-puffs-fruchtduo-zum-verlieben\/","og_site_name":"Vapingnet.de","article_publisher":"https:\/\/www.facebook.com\/vapingnetde\/","article_modified_time":"2026-01-25T08:58:00+00:00","og_image":[{"width":1000,"height":1000,"url":"https:\/\/vapingnet.de\/wp-content\/uploads\/2025\/06\/Beach-Sex-Raspberry-Watermelon.jpg.webp","type":"image\/webp"}],"twitter_card":"summary_large_image","twitter_misc":{"Dur\u00e9e de lecture estim\u00e9e":"2 minutes"},"schema":{"@context":"https:\/\/schema.org","@graph":[{"@type":"WebPage","@id":"https:\/\/vapingnet.de\/vape\/bang-blaze-40000-puffs-fruchtduo-zum-verlieben\/","url":"https:\/\/vapingnet.de\/vape\/bang-blaze-40000-puffs-fruchtduo-zum-verlieben\/","name":"Bang Blaze 40000: Das 40ml Dual-Flavour Dampf-System","isPartOf":{"@id":"https:\/\/vapingnet.de\/#website"},"primaryImageOfPage":{"@id":"https:\/\/vapingnet.de\/vape\/bang-blaze-40000-puffs-fruchtduo-zum-verlieben\/#primaryimage"},"image":{"@id":"https:\/\/vapingnet.de\/vape\/bang-blaze-40000-puffs-fruchtduo-zum-verlieben\/#primaryimage"},"thumbnailUrl":"https:\/\/vapingnet.de\/wp-content\/uploads\/2025\/06\/Beach-Sex-Raspberry-Watermelon.jpg.webp","datePublished":"2025-06-05T06:58:52+00:00","dateModified":"2026-01-25T08:58:00+00:00","description":"Ein Ger\u00e4t, zwei Kammern, unendlicher Vorrat. Bang Blaze 40000 Puffs mit 650mAh Akku & USB-C. Erlebe die Synergie aus Tropen-Mix und Himbeer-Wassermelone.","breadcrumb":{"@id":"https:\/\/vapingnet.de\/vape\/bang-blaze-40000-puffs-fruchtduo-zum-verlieben\/#breadcrumb"},"inLanguage":"fr-FR","potentialAction":[{"@type":"ReadAction","target":["https:\/\/vapingnet.de\/vape\/bang-blaze-40000-puffs-fruchtduo-zum-verlieben\/"]}]},{"@type":"ImageObject","inLanguage":"fr-FR","@id":"https:\/\/vapingnet.de\/vape\/bang-blaze-40000-puffs-fruchtduo-zum-verlieben\/#primaryimage","url":"https:\/\/vapingnet.de\/wp-content\/uploads\/2025\/06\/Beach-Sex-Raspberry-Watermelon.jpg.webp","contentUrl":"https:\/\/vapingnet.de\/wp-content\/uploads\/2025\/06\/Beach-Sex-Raspberry-Watermelon.jpg.webp","width":1000,"height":1000},{"@type":"BreadcrumbList","@id":"https:\/\/vapingnet.de\/vape\/bang-blaze-40000-puffs-fruchtduo-zum-verlieben\/#breadcrumb","itemListElement":[{"@type":"ListItem","position":1,"name":"Home","item":"https:\/\/vapingnet.de\/"},{"@type":"ListItem","position":2,"name":"Shop","item":"https:\/\/vapingnet.de\/vape\/"},{"@type":"ListItem","position":3,"name":"Bang Blaze 40000 Puffs Fruchtduo zum Verlieben"}]},{"@type":"WebSite","@id":"https:\/\/vapingnet.de\/#website","url":"https:\/\/vapingnet.de\/","name":"Vapingnet.de","description":"","publisher":{"@id":"https:\/\/vapingnet.de\/#organization"},"potentialAction":[{"@type":"SearchAction","target":{"@type":"EntryPoint","urlTemplate":"https:\/\/vapingnet.de\/?s={search_term_string}"},"query-input":{"@type":"PropertyValueSpecification","valueRequired":true,"valueName":"search_term_string"}}],"inLanguage":"fr-FR"},{"@type":"Organization","@id":"https:\/\/vapingnet.de\/#organization","name":"Vapingnet.de","url":"https:\/\/vapingnet.de\/","logo":{"@type":"ImageObject","inLanguage":"fr-FR","@id":"https:\/\/vapingnet.de\/#\/schema\/logo\/image\/","url":"https:\/\/vapingnet.de\/wp-content\/uploads\/2025\/03\/cropped-vapingnet.de_.jpg","contentUrl":"https:\/\/vapingnet.de\/wp-content\/uploads\/2025\/03\/cropped-vapingnet.de_.jpg","width":512,"height":512,"caption":"Vapingnet.de"},"image":{"@id":"https:\/\/vapingnet.de\/#\/schema\/logo\/image\/"},"sameAs":["https:\/\/www.facebook.com\/vapingnetde\/"]}]}},"tiered_pricing_type":"fixed","tiered_pricing_fixed_rules":{"10":"8.35","60":"7.52","110":"6.68","200":"5.85"},"tiered_pricing_product_settings":{"layout":"default","base_unit_name":{"singular":null,"plural":null},"default_variation":null},"tiered_pricing_minimum_quantity":null,"tiered_pricing_roles_data":[],"tiered_pricing_percentage_rules":[],"_links":{"self":[{"href":"https:\/\/vapingnet.de\/fr\/wp-json\/wp\/v2\/product\/7014","targetHints":{"allow":["GET"]}}],"collection":[{"href":"https:\/\/vapingnet.de\/fr\/wp-json\/wp\/v2\/product"}],"about":[{"href":"https:\/\/vapingnet.de\/fr\/wp-json\/wp\/v2\/types\/product"}],"version-history":[{"count":4,"href":"https:\/\/vapingnet.de\/fr\/wp-json\/wp\/v2\/product\/7014\/revisions"}],"predecessor-version":[{"id":7533,"href":"https:\/\/vapingnet.de\/fr\/wp-json\/wp\/v2\/product\/7014\/revisions\/7533"}],"wp:featuredmedia":[{"embeddable":true,"href":"https:\/\/vapingnet.de\/fr\/wp-json\/wp\/v2\/media\/7019"}],"wp:attachment":[{"href":"https:\/\/vapingnet.de\/fr\/wp-json\/wp\/v2\/media?parent=7014"}],"wp:term":[{"taxonomy":"brand","embeddable":true,"href":"https:\/\/vapingnet.de\/fr\/wp-json\/wp\/v2\/etheme_brands?post=7014"},{"taxonomy":"product_brand","embeddable":true,"href":"https:\/\/vapingnet.de\/fr\/wp-json\/wp\/v2\/product_brand?post=7014"},{"taxonomy":"product_cat","embeddable":true,"href":"https:\/\/vapingnet.de\/fr\/wp-json\/wp\/v2\/product_cat?post=7014"},{"taxonomy":"product_tag","embeddable":true,"href":"https:\/\/vapingnet.de\/fr\/wp-json\/wp\/v2\/product_tag?post=7014"}],"curies":[{"name":"wp","href":"https:\/\/api.w.org\/{rel}","templated":true}]}}