{"id":7017,"date":"2025-06-05T07:54:06","date_gmt":"2025-06-05T07:54:06","guid":{"rendered":"https:\/\/vapingnet.de\/?post_type=product&#038;p=7017"},"modified":"2026-01-25T08:51:41","modified_gmt":"2026-01-25T08:51:41","slug":"bang-blaze-40000-puffs-fruchtiger-doppelter-geschmack-pur","status":"publish","type":"product","link":"https:\/\/vapingnet.de\/fr\/vape\/bang-blaze-40000-puffs-fruchtiger-doppelter-geschmack-pur\/","title":{"rendered":"Bang Blaze 40000 Puffs Saveur fruit\u00e9e double pure"},"content":{"rendered":"<h2>Bang Blaze 40000 Bouff\u00e9es \u2013 L'innovation rencontre la saveur dans la perfection<\/h2>\n<p data-start=\"128\" data-end=\"468\" data-immersive-translate-walked=\"19daa0de-9d0e-4a75-be0d-fbd54be92708\" data-immersive-translate-paragraph=\"1\">La Bang Blaze 40000 Puffs n'est pas simplement une <a href=\"https:\/\/vapingnet.de\/fr\/k\/einweg-e-zigarette\/\" target=\"_blank\" rel=\"noopener\"><strong>cigarette \u00e9lectronique jetable<\/strong><\/a> \u2013 elle est un v\u00e9ritable point fort pour tous ceux qui attachent de l'importance \u00e0 la qualit\u00e9, \u00e0 la polyvalence et au plaisir durable. Avec une autonomie \u00e9norme allant jusqu'\u00e0 40 000 bouff\u00e9es, elle vous accompagne de mani\u00e8re fiable pendant des semaines \u2013 sans rechargement ou changement de batterie fastidieux.<\/p>\n<p data-start=\"470\" data-end=\"744\" data-immersive-translate-walked=\"19daa0de-9d0e-4a75-be0d-fbd54be92708\" data-immersive-translate-paragraph=\"1\">Mais le v\u00e9ritable point fort est l'exp\u00e9rience de go\u00fbt triple innovante : profitez de trois univers de saveurs diff\u00e9rents dans un seul appareil \u2013 gr\u00e2ce au syst\u00e8me Dual-Flavour astucieux, qui vous permet de passer entre deux ar\u00f4mes intenses ou m\u00eame de les m\u00e9langer.<\/p>\n<h3 data-start=\"751\" data-end=\"805\" data-immersive-translate-walked=\"19daa0de-9d0e-4a75-be0d-fbd54be92708\" data-immersive-translate-paragraph=\"1\">Questions fr\u00e9quemment pos\u00e9es sur la Bang Blaze 40000 Bouff\u00e9es<\/h3>\n<p data-start=\"807\" data-end=\"1065\" data-immersive-translate-walked=\"19daa0de-9d0e-4a75-be0d-fbd54be92708\" data-immersive-translate-paragraph=\"1\">Combien de temps dure une Bang Blaze 40000 Bouff\u00e9es ?<br data-start=\"854\" data-end=\"857\" data-immersive-translate-walked=\"19daa0de-9d0e-4a75-be0d-fbd54be92708\" \/>Avec jusqu'\u00e0 40 000 bouff\u00e9es, cet appareil offre une dur\u00e9e de vie exceptionnelle, bien au-del\u00e0 de la norme. Cela signifie moins d'efforts pour vous et plus de plaisir \u2013 id\u00e9al pour le quotidien ou en d\u00e9placement.<\/p>\n<p data-start=\"1067\" data-end=\"1427\" data-immersive-translate-walked=\"19daa0de-9d0e-4a75-be0d-fbd54be92708\" data-immersive-translate-paragraph=\"1\">Que signifie exactement \u00ab exp\u00e9rience de go\u00fbt triple \u00bb ?<br data-start=\"1116\" data-end=\"1119\" data-immersive-translate-walked=\"19daa0de-9d0e-4a75-be0d-fbd54be92708\" \/>La Bang Blaze contient deux ar\u00f4mes liquides pr\u00e9-remplis : Blueberry Cranberry Cherry et Watermelon Cherry. Gr\u00e2ce au syst\u00e8me intelligent, vous pouvez vapoter soit l'ar\u00f4me A, l'ar\u00f4me B ou le m\u00e9lange excitant des deux ar\u00f4mes. Ainsi, vous vivez trois exp\u00e9riences gustatives diff\u00e9rentes en un seul vapoteur.<\/p>\n<p data-start=\"1429\" data-end=\"1748\" data-immersive-translate-walked=\"19daa0de-9d0e-4a75-be0d-fbd54be92708\" data-immersive-translate-paragraph=\"1\">Quelle est la qualit\u00e9 de la technologie ?<br data-start=\"1457\" data-end=\"1460\" data-immersive-translate-walked=\"19daa0de-9d0e-4a75-be0d-fbd54be92708\" \/>La batterie int\u00e9gr\u00e9e de 650mAh est rechargeable et supporte la charge rapide Type-C moderne \u2013 votre Bang Blaze est ainsi rapidement pr\u00eate \u00e0 l'emploi. La r\u00e9sistance Dual Mesh de 0,6\u03a9 garantit \u00e9galement une vapeur dense et savoureuse, ainsi qu'une sensation de tirage particuli\u00e8rement douce, qui vous s\u00e9duira.<\/p>\n<p data-start=\"1750\" data-end=\"1962\" data-immersive-translate-walked=\"19daa0de-9d0e-4a75-be0d-fbd54be92708\" data-immersive-translate-paragraph=\"1\">Quels sont les niveaux de nicotine disponibles ?<br data-start=\"1791\" data-end=\"1794\" data-immersive-translate-walked=\"19daa0de-9d0e-4a75-be0d-fbd54be92708\" \/>Vous pouvez choisir parmi quatre niveaux de nicotine : 0% (sans nicotine), 2%, 3% et 5%. Vous trouverez ainsi \u00e0 coup s\u00fbr la force adapt\u00e9e \u00e0 votre exp\u00e9rience de vapotage individuelle.<\/p>\n<p data-start=\"1964\" data-end=\"2219\" data-immersive-translate-walked=\"19daa0de-9d0e-4a75-be0d-fbd54be92708\" data-immersive-translate-paragraph=\"1\">Pour qui est adapt\u00e9 le Bang Blaze ?<br data-start=\"2004\" data-end=\"2007\" data-immersive-translate-walked=\"19daa0de-9d0e-4a75-be0d-fbd54be92708\" \/>Que vous soyez d\u00e9butant ou vapoteur exp\u00e9riment\u00e9 \u2013 la Bang Blaze 40000 Bouff\u00e9es offre, gr\u00e2ce \u00e0 sa simplicit\u00e9 d'utilisation, sa grande capacit\u00e9 de bouff\u00e9es et ses options de saveurs flexibles, une exp\u00e9rience de vapotage adapt\u00e9e \u00e0 tous.<\/p>\n<h3>Pourquoi essayer la Bang Blaze 40000 Bouff\u00e9es d\u00e8s maintenant<\/h3>\n<ul data-start=\"2295\" data-end=\"2879\" data-immersive-translate-walked=\"19daa0de-9d0e-4a75-be0d-fbd54be92708\">\n<li data-start=\"2295\" data-end=\"2404\" data-immersive-translate-walked=\"19daa0de-9d0e-4a75-be0d-fbd54be92708\">\n<p data-start=\"2297\" data-end=\"2404\" data-immersive-translate-walked=\"19daa0de-9d0e-4a75-be0d-fbd54be92708\" data-immersive-translate-paragraph=\"1\">Confort maximal : pas de recharges ou de manipulation compliqu\u00e9e \u2013 il suffit de sortir l'appareil de son emballage et de commencer \u00e0 vapoter.<\/p>\n<\/li>\n<li data-start=\"2405\" data-end=\"2520\" data-immersive-translate-walked=\"19daa0de-9d0e-4a75-be0d-fbd54be92708\">\n<p data-start=\"2407\" data-end=\"2520\" data-immersive-translate-walked=\"19daa0de-9d0e-4a75-be0d-fbd54be92708\" data-immersive-translate-paragraph=\"1\">Plaisir durable : jusqu'\u00e0 <a href=\"https:\/\/vapingnet.de\/fr\/k\/vape-40000-zuege\/\" target=\"_blank\" rel=\"noopener\"><strong>40 000 bouff\u00e9es<\/strong> <\/a>font de la Bang Blaze le compagnon id\u00e9al pour toutes les situations.<\/p>\n<\/li>\n<li data-start=\"2521\" data-end=\"2646\" data-immersive-translate-walked=\"19daa0de-9d0e-4a75-be0d-fbd54be92708\">\n<p data-start=\"2523\" data-end=\"2646\" data-immersive-translate-walked=\"19daa0de-9d0e-4a75-be0d-fbd54be92708\" data-immersive-translate-paragraph=\"1\">Exp\u00e9rience gustative innovante : trois saveurs dans un seul appareil offrent une vari\u00e9t\u00e9 maximale et une joie pure.<\/p>\n<\/li>\n<li data-start=\"2647\" data-end=\"2780\" data-immersive-translate-walked=\"19daa0de-9d0e-4a75-be0d-fbd54be92708\">\n<p data-start=\"2649\" data-end=\"2780\" data-immersive-translate-walked=\"19daa0de-9d0e-4a75-be0d-fbd54be92708\" data-immersive-translate-paragraph=\"1\">Technologie moderne : batterie rechargeable avec charge rapide Type-C et r\u00e9sistance Mesh de haute qualit\u00e9 pour une exp\u00e9rience de vapotage parfaite.<\/p>\n<\/li>\n<li data-start=\"2781\" data-end=\"2879\" data-immersive-translate-walked=\"19daa0de-9d0e-4a75-be0d-fbd54be92708\">\n<p data-start=\"2783\" data-end=\"2879\" data-immersive-translate-walked=\"19daa0de-9d0e-4a75-be0d-fbd54be92708\" data-immersive-translate-paragraph=\"1\">Choix flexible de nicotine : pour tous, la force de nicotine adapt\u00e9e \u2013 de sans nicotine \u00e0 forte.<\/p>\n<\/li>\n<\/ul>\n<h4 data-start=\"2886\" data-end=\"2959\" data-immersive-translate-walked=\"19daa0de-9d0e-4a75-be0d-fbd54be92708\" data-immersive-translate-paragraph=\"1\">La Bang Blaze 40000 Bouff\u00e9es est votre nouvelle cigarette jetable pr\u00e9f\u00e9r\u00e9e<\/h4>\n<p data-start=\"2961\" data-end=\"3297\" data-immersive-translate-walked=\"19daa0de-9d0e-4a75-be0d-fbd54be92708\" data-immersive-translate-paragraph=\"1\">Que ce soit \u00e0 la maison, en d\u00e9placement ou lors de rencontres avec des amis \u2013 la Bang Blaze convainc par sa combinaison de performance, de confort et de saveur unique. Profitez d\u00e8s maintenant de l'occasion de d\u00e9couvrir le prochain niveau de vapotage et commandez votre Bang Blaze 40000 Bouff\u00e9es \u2013 la cigarette \u00e9lectronique jetable avec une exp\u00e9rience de go\u00fbt triple !<\/p>","protected":false},"excerpt":{"rendered":"<p>Bang Blaze 40000 Puffs \u2013 Innovation trifft Geschmack in Perfektion Die Bang Blaze 40000 Puffs ist nicht einfach nur eine Einweg E-Zigarette \u2013 sie ist&#8230;<\/p>","protected":false},"featured_media":7021,"template":"","meta":[],"etheme_brands":[],"product_brand":[101],"product_cat":[65,49,61,87],"product_tag":[],"class_list":{"0":"post-7017","1":"product","2":"type-product","3":"status-publish","4":"has-post-thumbnail","6":"product_brand-bang-king-vape","7":"product_cat-vape-40000-zuege","8":"product_cat-einweg-e-zigarette","9":"product_cat-f","10":"product_cat-v","12":"first","13":"instock","14":"shipping-taxable","15":"purchasable","16":"product-type-simple"},"yoast_head":"<!-- This site is optimized with the Yoast SEO plugin v26.5 - https:\/\/yoast.com\/wordpress\/plugins\/seo\/ -->\n<title>Bang Blaze 40000 Vape | Umschaltbares Aroma-Management<\/title>\n<meta name=\"description\" content=\"Warum nur ein Flavour? Steuere dein Dampferlebnis individuell. Die Bang Blaze kombiniert ein massives Reservoir mit pr\u00e4ziser Dual-Mesh-Verdampfung. 40.000 Einheiten purer Genuss.\" \/>\n<meta name=\"robots\" content=\"index, follow, max-snippet:-1, max-image-preview:large, max-video-preview:-1\" \/>\n<link rel=\"canonical\" href=\"https:\/\/vapingnet.de\/fr\/vape\/bang-blaze-40000-puffs-fruchtiger-doppelter-geschmack-pur\/\" \/>\n<meta property=\"og:locale\" content=\"fr_FR\" \/>\n<meta property=\"og:type\" content=\"article\" \/>\n<meta property=\"og:title\" content=\"Bang Blaze 40000 Vape | Umschaltbares Aroma-Management\" \/>\n<meta property=\"og:description\" content=\"Warum nur ein Flavour? Steuere dein Dampferlebnis individuell. Die Bang Blaze kombiniert ein massives Reservoir mit pr\u00e4ziser Dual-Mesh-Verdampfung. 40.000 Einheiten purer Genuss.\" \/>\n<meta property=\"og:url\" content=\"https:\/\/vapingnet.de\/fr\/vape\/bang-blaze-40000-puffs-fruchtiger-doppelter-geschmack-pur\/\" \/>\n<meta property=\"og:site_name\" content=\"Vapingnet.de\" \/>\n<meta property=\"article:publisher\" content=\"https:\/\/www.facebook.com\/vapingnetde\/\" \/>\n<meta property=\"article:modified_time\" content=\"2026-01-25T08:51:41+00:00\" \/>\n<meta property=\"og:image\" content=\"https:\/\/vapingnet.de\/wp-content\/uploads\/2025\/06\/Blueberry-Cranberry-Cherry-Watermelon-Cherry.jpg.webp\" \/>\n\t<meta property=\"og:image:width\" content=\"1000\" \/>\n\t<meta property=\"og:image:height\" content=\"1000\" \/>\n\t<meta property=\"og:image:type\" content=\"image\/webp\" \/>\n<meta name=\"twitter:card\" content=\"summary_large_image\" \/>\n<meta name=\"twitter:label1\" content=\"Dur\u00e9e de lecture estim\u00e9e\" \/>\n\t<meta name=\"twitter:data1\" content=\"3 minutes\" \/>\n<script type=\"application\/ld+json\" class=\"yoast-schema-graph\">{\"@context\":\"https:\/\/schema.org\",\"@graph\":[{\"@type\":\"WebPage\",\"@id\":\"https:\/\/vapingnet.de\/vape\/bang-blaze-40000-puffs-fruchtiger-doppelter-geschmack-pur\/\",\"url\":\"https:\/\/vapingnet.de\/vape\/bang-blaze-40000-puffs-fruchtiger-doppelter-geschmack-pur\/\",\"name\":\"Bang Blaze 40000 Vape | Umschaltbares Aroma-Management\",\"isPartOf\":{\"@id\":\"https:\/\/vapingnet.de\/#website\"},\"primaryImageOfPage\":{\"@id\":\"https:\/\/vapingnet.de\/vape\/bang-blaze-40000-puffs-fruchtiger-doppelter-geschmack-pur\/#primaryimage\"},\"image\":{\"@id\":\"https:\/\/vapingnet.de\/vape\/bang-blaze-40000-puffs-fruchtiger-doppelter-geschmack-pur\/#primaryimage\"},\"thumbnailUrl\":\"https:\/\/vapingnet.de\/wp-content\/uploads\/2025\/06\/Blueberry-Cranberry-Cherry-Watermelon-Cherry.jpg.webp\",\"datePublished\":\"2025-06-05T07:54:06+00:00\",\"dateModified\":\"2026-01-25T08:51:41+00:00\",\"description\":\"Warum nur ein Flavour? Steuere dein Dampferlebnis individuell. Die Bang Blaze kombiniert ein massives Reservoir mit pr\u00e4ziser Dual-Mesh-Verdampfung. 40.000 Einheiten purer Genuss.\",\"breadcrumb\":{\"@id\":\"https:\/\/vapingnet.de\/vape\/bang-blaze-40000-puffs-fruchtiger-doppelter-geschmack-pur\/#breadcrumb\"},\"inLanguage\":\"fr-FR\",\"potentialAction\":[{\"@type\":\"ReadAction\",\"target\":[\"https:\/\/vapingnet.de\/vape\/bang-blaze-40000-puffs-fruchtiger-doppelter-geschmack-pur\/\"]}]},{\"@type\":\"ImageObject\",\"inLanguage\":\"fr-FR\",\"@id\":\"https:\/\/vapingnet.de\/vape\/bang-blaze-40000-puffs-fruchtiger-doppelter-geschmack-pur\/#primaryimage\",\"url\":\"https:\/\/vapingnet.de\/wp-content\/uploads\/2025\/06\/Blueberry-Cranberry-Cherry-Watermelon-Cherry.jpg.webp\",\"contentUrl\":\"https:\/\/vapingnet.de\/wp-content\/uploads\/2025\/06\/Blueberry-Cranberry-Cherry-Watermelon-Cherry.jpg.webp\",\"width\":1000,\"height\":1000},{\"@type\":\"BreadcrumbList\",\"@id\":\"https:\/\/vapingnet.de\/vape\/bang-blaze-40000-puffs-fruchtiger-doppelter-geschmack-pur\/#breadcrumb\",\"itemListElement\":[{\"@type\":\"ListItem\",\"position\":1,\"name\":\"Home\",\"item\":\"https:\/\/vapingnet.de\/\"},{\"@type\":\"ListItem\",\"position\":2,\"name\":\"Shop\",\"item\":\"https:\/\/vapingnet.de\/vape\/\"},{\"@type\":\"ListItem\",\"position\":3,\"name\":\"Bang Blaze 40000 Puffs Fruchtiger doppelter Geschmack pur\"}]},{\"@type\":\"WebSite\",\"@id\":\"https:\/\/vapingnet.de\/#website\",\"url\":\"https:\/\/vapingnet.de\/\",\"name\":\"Vapingnet.de\",\"description\":\"\",\"publisher\":{\"@id\":\"https:\/\/vapingnet.de\/#organization\"},\"potentialAction\":[{\"@type\":\"SearchAction\",\"target\":{\"@type\":\"EntryPoint\",\"urlTemplate\":\"https:\/\/vapingnet.de\/?s={search_term_string}\"},\"query-input\":{\"@type\":\"PropertyValueSpecification\",\"valueRequired\":true,\"valueName\":\"search_term_string\"}}],\"inLanguage\":\"fr-FR\"},{\"@type\":\"Organization\",\"@id\":\"https:\/\/vapingnet.de\/#organization\",\"name\":\"Vapingnet.de\",\"url\":\"https:\/\/vapingnet.de\/\",\"logo\":{\"@type\":\"ImageObject\",\"inLanguage\":\"fr-FR\",\"@id\":\"https:\/\/vapingnet.de\/#\/schema\/logo\/image\/\",\"url\":\"https:\/\/vapingnet.de\/wp-content\/uploads\/2025\/03\/cropped-vapingnet.de_.jpg\",\"contentUrl\":\"https:\/\/vapingnet.de\/wp-content\/uploads\/2025\/03\/cropped-vapingnet.de_.jpg\",\"width\":512,\"height\":512,\"caption\":\"Vapingnet.de\"},\"image\":{\"@id\":\"https:\/\/vapingnet.de\/#\/schema\/logo\/image\/\"},\"sameAs\":[\"https:\/\/www.facebook.com\/vapingnetde\/\"]}]}<\/script>\n<!-- \/ Yoast SEO plugin. -->","yoast_head_json":{"title":"Bang Blaze 40000 Vape | Umschaltbares Aroma-Management","description":"Warum nur ein Flavour? Steuere dein Dampferlebnis individuell. Die Bang Blaze kombiniert ein massives Reservoir mit pr\u00e4ziser Dual-Mesh-Verdampfung. 40.000 Einheiten purer Genuss.","robots":{"index":"index","follow":"follow","max-snippet":"max-snippet:-1","max-image-preview":"max-image-preview:large","max-video-preview":"max-video-preview:-1"},"canonical":"https:\/\/vapingnet.de\/fr\/vape\/bang-blaze-40000-puffs-fruchtiger-doppelter-geschmack-pur\/","og_locale":"fr_FR","og_type":"article","og_title":"Bang Blaze 40000 Vape | Umschaltbares Aroma-Management","og_description":"Warum nur ein Flavour? Steuere dein Dampferlebnis individuell. Die Bang Blaze kombiniert ein massives Reservoir mit pr\u00e4ziser Dual-Mesh-Verdampfung. 40.000 Einheiten purer Genuss.","og_url":"https:\/\/vapingnet.de\/fr\/vape\/bang-blaze-40000-puffs-fruchtiger-doppelter-geschmack-pur\/","og_site_name":"Vapingnet.de","article_publisher":"https:\/\/www.facebook.com\/vapingnetde\/","article_modified_time":"2026-01-25T08:51:41+00:00","og_image":[{"width":1000,"height":1000,"url":"https:\/\/vapingnet.de\/wp-content\/uploads\/2025\/06\/Blueberry-Cranberry-Cherry-Watermelon-Cherry.jpg.webp","type":"image\/webp"}],"twitter_card":"summary_large_image","twitter_misc":{"Dur\u00e9e de lecture estim\u00e9e":"3 minutes"},"schema":{"@context":"https:\/\/schema.org","@graph":[{"@type":"WebPage","@id":"https:\/\/vapingnet.de\/vape\/bang-blaze-40000-puffs-fruchtiger-doppelter-geschmack-pur\/","url":"https:\/\/vapingnet.de\/vape\/bang-blaze-40000-puffs-fruchtiger-doppelter-geschmack-pur\/","name":"Bang Blaze 40000 Vape | Umschaltbares Aroma-Management","isPartOf":{"@id":"https:\/\/vapingnet.de\/#website"},"primaryImageOfPage":{"@id":"https:\/\/vapingnet.de\/vape\/bang-blaze-40000-puffs-fruchtiger-doppelter-geschmack-pur\/#primaryimage"},"image":{"@id":"https:\/\/vapingnet.de\/vape\/bang-blaze-40000-puffs-fruchtiger-doppelter-geschmack-pur\/#primaryimage"},"thumbnailUrl":"https:\/\/vapingnet.de\/wp-content\/uploads\/2025\/06\/Blueberry-Cranberry-Cherry-Watermelon-Cherry.jpg.webp","datePublished":"2025-06-05T07:54:06+00:00","dateModified":"2026-01-25T08:51:41+00:00","description":"Warum nur ein Flavour? Steuere dein Dampferlebnis individuell. Die Bang Blaze kombiniert ein massives Reservoir mit pr\u00e4ziser Dual-Mesh-Verdampfung. 40.000 Einheiten purer Genuss.","breadcrumb":{"@id":"https:\/\/vapingnet.de\/vape\/bang-blaze-40000-puffs-fruchtiger-doppelter-geschmack-pur\/#breadcrumb"},"inLanguage":"fr-FR","potentialAction":[{"@type":"ReadAction","target":["https:\/\/vapingnet.de\/vape\/bang-blaze-40000-puffs-fruchtiger-doppelter-geschmack-pur\/"]}]},{"@type":"ImageObject","inLanguage":"fr-FR","@id":"https:\/\/vapingnet.de\/vape\/bang-blaze-40000-puffs-fruchtiger-doppelter-geschmack-pur\/#primaryimage","url":"https:\/\/vapingnet.de\/wp-content\/uploads\/2025\/06\/Blueberry-Cranberry-Cherry-Watermelon-Cherry.jpg.webp","contentUrl":"https:\/\/vapingnet.de\/wp-content\/uploads\/2025\/06\/Blueberry-Cranberry-Cherry-Watermelon-Cherry.jpg.webp","width":1000,"height":1000},{"@type":"BreadcrumbList","@id":"https:\/\/vapingnet.de\/vape\/bang-blaze-40000-puffs-fruchtiger-doppelter-geschmack-pur\/#breadcrumb","itemListElement":[{"@type":"ListItem","position":1,"name":"Home","item":"https:\/\/vapingnet.de\/"},{"@type":"ListItem","position":2,"name":"Shop","item":"https:\/\/vapingnet.de\/vape\/"},{"@type":"ListItem","position":3,"name":"Bang Blaze 40000 Puffs Fruchtiger doppelter Geschmack pur"}]},{"@type":"WebSite","@id":"https:\/\/vapingnet.de\/#website","url":"https:\/\/vapingnet.de\/","name":"Vapingnet.de","description":"","publisher":{"@id":"https:\/\/vapingnet.de\/#organization"},"potentialAction":[{"@type":"SearchAction","target":{"@type":"EntryPoint","urlTemplate":"https:\/\/vapingnet.de\/?s={search_term_string}"},"query-input":{"@type":"PropertyValueSpecification","valueRequired":true,"valueName":"search_term_string"}}],"inLanguage":"fr-FR"},{"@type":"Organization","@id":"https:\/\/vapingnet.de\/#organization","name":"Vapingnet.de","url":"https:\/\/vapingnet.de\/","logo":{"@type":"ImageObject","inLanguage":"fr-FR","@id":"https:\/\/vapingnet.de\/#\/schema\/logo\/image\/","url":"https:\/\/vapingnet.de\/wp-content\/uploads\/2025\/03\/cropped-vapingnet.de_.jpg","contentUrl":"https:\/\/vapingnet.de\/wp-content\/uploads\/2025\/03\/cropped-vapingnet.de_.jpg","width":512,"height":512,"caption":"Vapingnet.de"},"image":{"@id":"https:\/\/vapingnet.de\/#\/schema\/logo\/image\/"},"sameAs":["https:\/\/www.facebook.com\/vapingnetde\/"]}]}},"tiered_pricing_type":"fixed","tiered_pricing_fixed_rules":{"10":"8.35","60":"7.52","110":"6.68","200":"5.85"},"tiered_pricing_product_settings":{"layout":"default","base_unit_name":{"singular":null,"plural":null},"default_variation":null},"tiered_pricing_minimum_quantity":null,"tiered_pricing_roles_data":[],"tiered_pricing_percentage_rules":[],"_links":{"self":[{"href":"https:\/\/vapingnet.de\/fr\/wp-json\/wp\/v2\/product\/7017","targetHints":{"allow":["GET"]}}],"collection":[{"href":"https:\/\/vapingnet.de\/fr\/wp-json\/wp\/v2\/product"}],"about":[{"href":"https:\/\/vapingnet.de\/fr\/wp-json\/wp\/v2\/types\/product"}],"version-history":[{"count":3,"href":"https:\/\/vapingnet.de\/fr\/wp-json\/wp\/v2\/product\/7017\/revisions"}],"predecessor-version":[{"id":7532,"href":"https:\/\/vapingnet.de\/fr\/wp-json\/wp\/v2\/product\/7017\/revisions\/7532"}],"wp:featuredmedia":[{"embeddable":true,"href":"https:\/\/vapingnet.de\/fr\/wp-json\/wp\/v2\/media\/7021"}],"wp:attachment":[{"href":"https:\/\/vapingnet.de\/fr\/wp-json\/wp\/v2\/media?parent=7017"}],"wp:term":[{"taxonomy":"brand","embeddable":true,"href":"https:\/\/vapingnet.de\/fr\/wp-json\/wp\/v2\/etheme_brands?post=7017"},{"taxonomy":"product_brand","embeddable":true,"href":"https:\/\/vapingnet.de\/fr\/wp-json\/wp\/v2\/product_brand?post=7017"},{"taxonomy":"product_cat","embeddable":true,"href":"https:\/\/vapingnet.de\/fr\/wp-json\/wp\/v2\/product_cat?post=7017"},{"taxonomy":"product_tag","embeddable":true,"href":"https:\/\/vapingnet.de\/fr\/wp-json\/wp\/v2\/product_tag?post=7017"}],"curies":[{"name":"wp","href":"https:\/\/api.w.org\/{rel}","templated":true}]}}