{"id":7028,"date":"2025-06-05T09:46:29","date_gmt":"2025-06-05T09:46:29","guid":{"rendered":"https:\/\/vapingnet.de\/?post_type=product&#038;p=7028"},"modified":"2026-01-25T08:46:55","modified_gmt":"2026-01-25T08:46:55","slug":"original-bang-blaze-40000-puffs-kiwi-passion-fruit-guava-und-blueberry-cherry","status":"publish","type":"product","link":"https:\/\/vapingnet.de\/fr\/vape\/original-bang-blaze-40000-puffs-kiwi-passion-fruit-guava-und-blueberry-cherry\/","title":{"rendered":"Original Bang Blaze 40000 Puffs Kiwi Fruit de la Passion Goyave et Myrtille Cerise"},"content":{"rendered":"<h2 data-start=\"76\" data-end=\"161\" data-immersive-translate-walked=\"dc2ba8cf-c8d8-4146-a2de-52f50e14c379\" data-immersive-translate-paragraph=\"1\">cigarette \u00e9lectronique jetable puissante avec triple saveur<\/h2>\n<p data-start=\"189\" data-end=\"446\" data-immersive-translate-walked=\"dc2ba8cf-c8d8-4146-a2de-52f50e14c379\" data-immersive-translate-paragraph=\"1\">La Bang Blaze 40000 Bouff\u00e9es offre une exp\u00e9rience de vapotage exceptionnelle pour les utilisateurs exigeants. Avec la technologie innovante Dual-Flavour, une grande autonomie et un design moderne, ce mod\u00e8le r\u00e9pond aux plus hautes exigences en mati\u00e8re de qualit\u00e9, de confort et de saveur.<\/p>\n<h4 data-start=\"453\" data-end=\"473\" data-immersive-translate-walked=\"dc2ba8cf-c8d8-4146-a2de-52f50e14c379\" data-immersive-translate-paragraph=\"1\">Caract\u00e9ristiques techniques<\/h4>\n<ul data-start=\"475\" data-end=\"834\" data-immersive-translate-walked=\"dc2ba8cf-c8d8-4146-a2de-52f50e14c379\">\n<li data-start=\"475\" data-end=\"513\" data-immersive-translate-walked=\"dc2ba8cf-c8d8-4146-a2de-52f50e14c379\">\n<p data-start=\"477\" data-end=\"513\" data-immersive-translate-walked=\"dc2ba8cf-c8d8-4146-a2de-52f50e14c379\" data-immersive-translate-paragraph=\"1\">Mod\u00e8le : Bang Blaze 40000 Bouff\u00e9es<\/p>\n<\/li>\n<li data-start=\"514\" data-end=\"557\" data-immersive-translate-walked=\"dc2ba8cf-c8d8-4146-a2de-52f50e14c379\">\n<p data-start=\"516\" data-end=\"557\" data-immersive-translate-walked=\"dc2ba8cf-c8d8-4146-a2de-52f50e14c379\" data-immersive-translate-paragraph=\"1\">Bouff\u00e9es : Jusqu'\u00e0 40 000 bouff\u00e9es par appareil<\/p>\n<\/li>\n<li data-start=\"558\" data-end=\"612\" data-immersive-translate-walked=\"dc2ba8cf-c8d8-4146-a2de-52f50e14c379\">\n<p data-start=\"560\" data-end=\"612\" data-immersive-translate-walked=\"dc2ba8cf-c8d8-4146-a2de-52f50e14c379\" data-immersive-translate-paragraph=\"1\">E-liquide : 40ml de liquide Dual-Flavor pr\u00e9-rempli<\/p>\n<\/li>\n<li data-start=\"613\" data-end=\"656\" data-immersive-translate-walked=\"dc2ba8cf-c8d8-4146-a2de-52f50e14c379\">\n<p data-start=\"615\" data-end=\"656\" data-immersive-translate-walked=\"dc2ba8cf-c8d8-4146-a2de-52f50e14c379\" data-immersive-translate-paragraph=\"1\">Batterie : Batterie rechargeable de 650mAh<\/p>\n<\/li>\n<li data-start=\"657\" data-end=\"700\" data-immersive-translate-walked=\"dc2ba8cf-c8d8-4146-a2de-52f50e14c379\">\n<p data-start=\"659\" data-end=\"700\" data-immersive-translate-walked=\"dc2ba8cf-c8d8-4146-a2de-52f50e14c379\" data-immersive-translate-paragraph=\"1\">Port de charge : Charge rapide Type-C<\/p>\n<\/li>\n<li data-start=\"701\" data-end=\"734\" data-immersive-translate-walked=\"dc2ba8cf-c8d8-4146-a2de-52f50e14c379\">\n<p data-start=\"703\" data-end=\"734\" data-immersive-translate-walked=\"dc2ba8cf-c8d8-4146-a2de-52f50e14c379\" data-immersive-translate-paragraph=\"1\">R\u00e9sistance : R\u00e9sistance Mesh Double 0,6\u03a9<\/p>\n<\/li>\n<li data-start=\"735\" data-end=\"773\" data-immersive-translate-walked=\"dc2ba8cf-c8d8-4146-a2de-52f50e14c379\">\n<p data-start=\"737\" data-end=\"773\" data-immersive-translate-walked=\"dc2ba8cf-c8d8-4146-a2de-52f50e14c379\" data-immersive-translate-paragraph=\"1\">Niveaux de nicotine : 0%, 2%, 3%, 5%<\/p>\n<\/li>\n<li data-start=\"774\" data-end=\"834\" data-immersive-translate-walked=\"dc2ba8cf-c8d8-4146-a2de-52f50e14c379\">\n<p data-start=\"776\" data-end=\"834\" data-immersive-translate-walked=\"dc2ba8cf-c8d8-4146-a2de-52f50e14c379\" data-immersive-translate-paragraph=\"1\">Saveur : Kiwi Fruit de la Passion Goyave \/ Myrtille Cerise<\/p>\n<\/li>\n<\/ul>\n<h3 data-start=\"841\" data-end=\"860\" data-immersive-translate-walked=\"dc2ba8cf-c8d8-4146-a2de-52f50e14c379\" data-immersive-translate-paragraph=\"1\">Avantages du produit<\/h3>\n<p data-start=\"862\" data-end=\"1089\" data-immersive-translate-walked=\"dc2ba8cf-c8d8-4146-a2de-52f50e14c379\" data-immersive-translate-paragraph=\"1\">Triple saveur dans un seul appareil<br data-start=\"901\" data-end=\"904\" data-immersive-translate-walked=\"dc2ba8cf-c8d8-4146-a2de-52f50e14c379\" \/>Gr\u00e2ce \u00e0 la technologie innovante Triple Taste Experience, vous pouvez choisir entre deux saveurs simples ou combiner les deux \u2013 pour une exp\u00e9rience gustative totalement nouvelle en un seul vapoteur.<\/p>\n<p data-start=\"1091\" data-end=\"1289\" data-immersive-translate-walked=\"dc2ba8cf-c8d8-4146-a2de-52f50e14c379\" data-immersive-translate-paragraph=\"1\">Utilisation \u00e0 long terme sans effort<br data-start=\"1128\" data-end=\"1131\" data-immersive-translate-walked=\"dc2ba8cf-c8d8-4146-a2de-52f50e14c379\" \/>Avec jusqu'\u00e0 40 000 bouff\u00e9es, la Bang Blaze est id\u00e9ale pour les utilisateurs intensifs et offre une exp\u00e9rience de vapotage durable sans remplissage constant ni recharge fr\u00e9quente.<\/p>\n<p data-start=\"1291\" data-end=\"1473\" data-immersive-translate-walked=\"dc2ba8cf-c8d8-4146-a2de-52f50e14c379\" data-immersive-translate-paragraph=\"1\">Confort et performance r\u00e9unis<br data-start=\"1323\" data-end=\"1326\" data-immersive-translate-walked=\"dc2ba8cf-c8d8-4146-a2de-52f50e14c379\" \/>La r\u00e9sistance Mesh Double assure une vapeur dense et aromatique. La fonction de charge rapide Type-C garantit des temps de charge courts et un fonctionnement efficace.<\/p>\n<p data-start=\"1475\" data-end=\"1663\" data-immersive-translate-walked=\"dc2ba8cf-c8d8-4146-a2de-52f50e14c379\" data-immersive-translate-paragraph=\"1\">Choix individuel de la nicotine<br data-start=\"1506\" data-end=\"1509\" data-immersive-translate-walked=\"dc2ba8cf-c8d8-4146-a2de-52f50e14c379\" \/>Que ce soit sans nicotine ou avec jusqu'\u00e0 5% de nicotine \u2013 la Bang Blaze offre une flexibilit\u00e9 maximale et convient aussi bien aux d\u00e9butants qu'aux vapoteurs exp\u00e9riment\u00e9s.<\/p>\n<h4 data-start=\"1670\" data-end=\"1684\" data-immersive-translate-walked=\"dc2ba8cf-c8d8-4146-a2de-52f50e14c379\" data-immersive-translate-paragraph=\"1\">Public cible<\/h4>\n<ul data-start=\"1686\" data-end=\"1932\" data-immersive-translate-walked=\"dc2ba8cf-c8d8-4146-a2de-52f50e14c379\">\n<li data-start=\"1686\" data-end=\"1781\" data-immersive-translate-walked=\"dc2ba8cf-c8d8-4146-a2de-52f50e14c379\">\n<p data-start=\"1688\" data-end=\"1781\" data-immersive-translate-walked=\"dc2ba8cf-c8d8-4146-a2de-52f50e14c379\" data-immersive-translate-paragraph=\"1\">Utilisateurs recherchant une cigarette \u00e9lectronique de haute qualit\u00e9 <a href=\"https:\/\/vapingnet.de\/fr\/k\/einweg-e-zigarette\/\" target=\"_blank\" rel=\"noopener\"><strong>cigarette \u00e9lectronique jetable<\/strong> <\/a>avec une autonomie particuli\u00e8rement longue<\/p>\n<\/li>\n<li data-start=\"1782\" data-end=\"1857\" data-immersive-translate-walked=\"dc2ba8cf-c8d8-4146-a2de-52f50e14c379\">\n<p data-start=\"1784\" data-end=\"1857\" data-immersive-translate-walked=\"dc2ba8cf-c8d8-4146-a2de-52f50e14c379\" data-immersive-translate-paragraph=\"1\">Clients souhaitant varier les saveurs avec un seul appareil<\/p>\n<\/li>\n<li data-start=\"1858\" data-end=\"1932\" data-immersive-translate-walked=\"dc2ba8cf-c8d8-4146-a2de-52f50e14c379\">\n<p data-start=\"1860\" data-end=\"1932\" data-immersive-translate-walked=\"dc2ba8cf-c8d8-4146-a2de-52f50e14c379\" data-immersive-translate-paragraph=\"1\">Vapeurs qui veulent combiner une utilisation simple avec de hautes performances<\/p>\n<\/li>\n<\/ul>\n<p data-start=\"1950\" data-end=\"2144\" data-immersive-translate-walked=\"dc2ba8cf-c8d8-4146-a2de-52f50e14c379\" data-immersive-translate-paragraph=\"1\">La Bang Blaze 40000 Puffs repr\u00e9sente la technologie de vapotage moderne, une diversit\u00e9 d'ar\u00f4mes intense et une qualit\u00e9 sans compromis. Id\u00e9al pour tous ceux qui attendent plus \u2013 en termes de go\u00fbt, d'endurance et de design.<\/p>\n<p data-start=\"2146\" data-end=\"2194\" data-immersive-translate-walked=\"dc2ba8cf-c8d8-4146-a2de-52f50e14c379\">Commandez d\u00e8s maintenant et faites la diff\u00e9rence.<\/p>","protected":false},"excerpt":{"rendered":"<p>Cigarette \u00e9lectronique jetable puissante avec triple saveur Le Bang Blaze 40000 Bouff\u00e9es offre une exp\u00e9rience de vapotage exceptionnelle pour les utilisateurs exigeants. Avec une technologie innovante de double saveur, une grande autonomie et un design moderne...<\/p>","protected":false},"featured_media":7031,"template":"","meta":[],"etheme_brands":[],"product_brand":[101],"product_cat":[65,49,61,87],"product_tag":[],"class_list":{"0":"post-7028","1":"product","2":"type-product","3":"status-publish","4":"has-post-thumbnail","6":"product_brand-bang-king-vape","7":"product_cat-vape-40000-zuege","8":"product_cat-einweg-e-zigarette","9":"product_cat-f","10":"product_cat-v","12":"first","13":"instock","14":"shipping-taxable","15":"purchasable","16":"product-type-simple"},"yoast_head":"<!-- This site is optimized with the Yoast SEO plugin v26.5 - https:\/\/yoast.com\/wordpress\/plugins\/seo\/ -->\n<title>Bang Blaze 40000 Vape: Wiederaufladbar &amp; 3-in-1 Geschmack<\/title>\n<meta name=\"description\" content=\"Bang Blaze 40000 mit 650mAh Akku &amp; Type-C. W\u00e4hle Kiwi-Guave oder Blueberry-Cherry. 0% bis 5% Nikotin verf\u00fcgbar. Erlebe die neue Vape-Generation!\" \/>\n<meta name=\"robots\" content=\"index, follow, max-snippet:-1, max-image-preview:large, max-video-preview:-1\" \/>\n<link rel=\"canonical\" href=\"https:\/\/vapingnet.de\/fr\/vape\/original-bang-blaze-40000-puffs-kiwi-passion-fruit-guava-und-blueberry-cherry\/\" \/>\n<meta property=\"og:locale\" content=\"fr_FR\" \/>\n<meta property=\"og:type\" content=\"article\" \/>\n<meta property=\"og:title\" content=\"Bang Blaze 40000 Vape: Wiederaufladbar &amp; 3-in-1 Geschmack\" \/>\n<meta property=\"og:description\" content=\"Bang Blaze 40000 mit 650mAh Akku &amp; Type-C. W\u00e4hle Kiwi-Guave oder Blueberry-Cherry. 0% bis 5% Nikotin verf\u00fcgbar. Erlebe die neue Vape-Generation!\" \/>\n<meta property=\"og:url\" content=\"https:\/\/vapingnet.de\/fr\/vape\/original-bang-blaze-40000-puffs-kiwi-passion-fruit-guava-und-blueberry-cherry\/\" \/>\n<meta property=\"og:site_name\" content=\"Vapingnet.de\" \/>\n<meta property=\"article:publisher\" content=\"https:\/\/www.facebook.com\/vapingnetde\/\" \/>\n<meta property=\"article:modified_time\" content=\"2026-01-25T08:46:55+00:00\" \/>\n<meta property=\"og:image\" content=\"https:\/\/vapingnet.de\/wp-content\/uploads\/2025\/06\/Kiwi-Passion-Fruit-Guava-Blueberry-Cherry.jpg.webp\" \/>\n\t<meta property=\"og:image:width\" content=\"1000\" \/>\n\t<meta property=\"og:image:height\" content=\"1000\" \/>\n\t<meta property=\"og:image:type\" content=\"image\/webp\" \/>\n<meta name=\"twitter:card\" content=\"summary_large_image\" \/>\n<meta name=\"twitter:label1\" content=\"Dur\u00e9e de lecture estim\u00e9e\" \/>\n\t<meta name=\"twitter:data1\" content=\"2 minutes\" \/>\n<script type=\"application\/ld+json\" class=\"yoast-schema-graph\">{\"@context\":\"https:\/\/schema.org\",\"@graph\":[{\"@type\":\"WebPage\",\"@id\":\"https:\/\/vapingnet.de\/vape\/original-bang-blaze-40000-puffs-kiwi-passion-fruit-guava-und-blueberry-cherry\/\",\"url\":\"https:\/\/vapingnet.de\/vape\/original-bang-blaze-40000-puffs-kiwi-passion-fruit-guava-und-blueberry-cherry\/\",\"name\":\"Bang Blaze 40000 Vape: Wiederaufladbar & 3-in-1 Geschmack\",\"isPartOf\":{\"@id\":\"https:\/\/vapingnet.de\/#website\"},\"primaryImageOfPage\":{\"@id\":\"https:\/\/vapingnet.de\/vape\/original-bang-blaze-40000-puffs-kiwi-passion-fruit-guava-und-blueberry-cherry\/#primaryimage\"},\"image\":{\"@id\":\"https:\/\/vapingnet.de\/vape\/original-bang-blaze-40000-puffs-kiwi-passion-fruit-guava-und-blueberry-cherry\/#primaryimage\"},\"thumbnailUrl\":\"https:\/\/vapingnet.de\/wp-content\/uploads\/2025\/06\/Kiwi-Passion-Fruit-Guava-Blueberry-Cherry.jpg.webp\",\"datePublished\":\"2025-06-05T09:46:29+00:00\",\"dateModified\":\"2026-01-25T08:46:55+00:00\",\"description\":\"Bang Blaze 40000 mit 650mAh Akku & Type-C. W\u00e4hle Kiwi-Guave oder Blueberry-Cherry. 0% bis 5% Nikotin verf\u00fcgbar. Erlebe die neue Vape-Generation!\",\"breadcrumb\":{\"@id\":\"https:\/\/vapingnet.de\/vape\/original-bang-blaze-40000-puffs-kiwi-passion-fruit-guava-und-blueberry-cherry\/#breadcrumb\"},\"inLanguage\":\"fr-FR\",\"potentialAction\":[{\"@type\":\"ReadAction\",\"target\":[\"https:\/\/vapingnet.de\/vape\/original-bang-blaze-40000-puffs-kiwi-passion-fruit-guava-und-blueberry-cherry\/\"]}]},{\"@type\":\"ImageObject\",\"inLanguage\":\"fr-FR\",\"@id\":\"https:\/\/vapingnet.de\/vape\/original-bang-blaze-40000-puffs-kiwi-passion-fruit-guava-und-blueberry-cherry\/#primaryimage\",\"url\":\"https:\/\/vapingnet.de\/wp-content\/uploads\/2025\/06\/Kiwi-Passion-Fruit-Guava-Blueberry-Cherry.jpg.webp\",\"contentUrl\":\"https:\/\/vapingnet.de\/wp-content\/uploads\/2025\/06\/Kiwi-Passion-Fruit-Guava-Blueberry-Cherry.jpg.webp\",\"width\":1000,\"height\":1000},{\"@type\":\"BreadcrumbList\",\"@id\":\"https:\/\/vapingnet.de\/vape\/original-bang-blaze-40000-puffs-kiwi-passion-fruit-guava-und-blueberry-cherry\/#breadcrumb\",\"itemListElement\":[{\"@type\":\"ListItem\",\"position\":1,\"name\":\"Home\",\"item\":\"https:\/\/vapingnet.de\/\"},{\"@type\":\"ListItem\",\"position\":2,\"name\":\"Shop\",\"item\":\"https:\/\/vapingnet.de\/vape\/\"},{\"@type\":\"ListItem\",\"position\":3,\"name\":\"Original Bang Blaze 40000 Puffs Kiwi Passion Fruit Guava und Blueberry Cherry\"}]},{\"@type\":\"WebSite\",\"@id\":\"https:\/\/vapingnet.de\/#website\",\"url\":\"https:\/\/vapingnet.de\/\",\"name\":\"Vapingnet.de\",\"description\":\"\",\"publisher\":{\"@id\":\"https:\/\/vapingnet.de\/#organization\"},\"potentialAction\":[{\"@type\":\"SearchAction\",\"target\":{\"@type\":\"EntryPoint\",\"urlTemplate\":\"https:\/\/vapingnet.de\/?s={search_term_string}\"},\"query-input\":{\"@type\":\"PropertyValueSpecification\",\"valueRequired\":true,\"valueName\":\"search_term_string\"}}],\"inLanguage\":\"fr-FR\"},{\"@type\":\"Organization\",\"@id\":\"https:\/\/vapingnet.de\/#organization\",\"name\":\"Vapingnet.de\",\"url\":\"https:\/\/vapingnet.de\/\",\"logo\":{\"@type\":\"ImageObject\",\"inLanguage\":\"fr-FR\",\"@id\":\"https:\/\/vapingnet.de\/#\/schema\/logo\/image\/\",\"url\":\"https:\/\/vapingnet.de\/wp-content\/uploads\/2025\/03\/cropped-vapingnet.de_.jpg\",\"contentUrl\":\"https:\/\/vapingnet.de\/wp-content\/uploads\/2025\/03\/cropped-vapingnet.de_.jpg\",\"width\":512,\"height\":512,\"caption\":\"Vapingnet.de\"},\"image\":{\"@id\":\"https:\/\/vapingnet.de\/#\/schema\/logo\/image\/\"},\"sameAs\":[\"https:\/\/www.facebook.com\/vapingnetde\/\"]}]}<\/script>\n<!-- \/ Yoast SEO plugin. -->","yoast_head_json":{"title":"Bang Blaze 40000 Vape: Wiederaufladbar & 3-in-1 Geschmack","description":"Bang Blaze 40000 mit 650mAh Akku & Type-C. W\u00e4hle Kiwi-Guave oder Blueberry-Cherry. 0% bis 5% Nikotin verf\u00fcgbar. Erlebe die neue Vape-Generation!","robots":{"index":"index","follow":"follow","max-snippet":"max-snippet:-1","max-image-preview":"max-image-preview:large","max-video-preview":"max-video-preview:-1"},"canonical":"https:\/\/vapingnet.de\/fr\/vape\/original-bang-blaze-40000-puffs-kiwi-passion-fruit-guava-und-blueberry-cherry\/","og_locale":"fr_FR","og_type":"article","og_title":"Bang Blaze 40000 Vape: Wiederaufladbar & 3-in-1 Geschmack","og_description":"Bang Blaze 40000 mit 650mAh Akku & Type-C. W\u00e4hle Kiwi-Guave oder Blueberry-Cherry. 0% bis 5% Nikotin verf\u00fcgbar. Erlebe die neue Vape-Generation!","og_url":"https:\/\/vapingnet.de\/fr\/vape\/original-bang-blaze-40000-puffs-kiwi-passion-fruit-guava-und-blueberry-cherry\/","og_site_name":"Vapingnet.de","article_publisher":"https:\/\/www.facebook.com\/vapingnetde\/","article_modified_time":"2026-01-25T08:46:55+00:00","og_image":[{"width":1000,"height":1000,"url":"https:\/\/vapingnet.de\/wp-content\/uploads\/2025\/06\/Kiwi-Passion-Fruit-Guava-Blueberry-Cherry.jpg.webp","type":"image\/webp"}],"twitter_card":"summary_large_image","twitter_misc":{"Dur\u00e9e de lecture estim\u00e9e":"2 minutes"},"schema":{"@context":"https:\/\/schema.org","@graph":[{"@type":"WebPage","@id":"https:\/\/vapingnet.de\/vape\/original-bang-blaze-40000-puffs-kiwi-passion-fruit-guava-und-blueberry-cherry\/","url":"https:\/\/vapingnet.de\/vape\/original-bang-blaze-40000-puffs-kiwi-passion-fruit-guava-und-blueberry-cherry\/","name":"Bang Blaze 40000 Vape: Wiederaufladbar & 3-in-1 Geschmack","isPartOf":{"@id":"https:\/\/vapingnet.de\/#website"},"primaryImageOfPage":{"@id":"https:\/\/vapingnet.de\/vape\/original-bang-blaze-40000-puffs-kiwi-passion-fruit-guava-und-blueberry-cherry\/#primaryimage"},"image":{"@id":"https:\/\/vapingnet.de\/vape\/original-bang-blaze-40000-puffs-kiwi-passion-fruit-guava-und-blueberry-cherry\/#primaryimage"},"thumbnailUrl":"https:\/\/vapingnet.de\/wp-content\/uploads\/2025\/06\/Kiwi-Passion-Fruit-Guava-Blueberry-Cherry.jpg.webp","datePublished":"2025-06-05T09:46:29+00:00","dateModified":"2026-01-25T08:46:55+00:00","description":"Bang Blaze 40000 mit 650mAh Akku & Type-C. W\u00e4hle Kiwi-Guave oder Blueberry-Cherry. 0% bis 5% Nikotin verf\u00fcgbar. Erlebe die neue Vape-Generation!","breadcrumb":{"@id":"https:\/\/vapingnet.de\/vape\/original-bang-blaze-40000-puffs-kiwi-passion-fruit-guava-und-blueberry-cherry\/#breadcrumb"},"inLanguage":"fr-FR","potentialAction":[{"@type":"ReadAction","target":["https:\/\/vapingnet.de\/vape\/original-bang-blaze-40000-puffs-kiwi-passion-fruit-guava-und-blueberry-cherry\/"]}]},{"@type":"ImageObject","inLanguage":"fr-FR","@id":"https:\/\/vapingnet.de\/vape\/original-bang-blaze-40000-puffs-kiwi-passion-fruit-guava-und-blueberry-cherry\/#primaryimage","url":"https:\/\/vapingnet.de\/wp-content\/uploads\/2025\/06\/Kiwi-Passion-Fruit-Guava-Blueberry-Cherry.jpg.webp","contentUrl":"https:\/\/vapingnet.de\/wp-content\/uploads\/2025\/06\/Kiwi-Passion-Fruit-Guava-Blueberry-Cherry.jpg.webp","width":1000,"height":1000},{"@type":"BreadcrumbList","@id":"https:\/\/vapingnet.de\/vape\/original-bang-blaze-40000-puffs-kiwi-passion-fruit-guava-und-blueberry-cherry\/#breadcrumb","itemListElement":[{"@type":"ListItem","position":1,"name":"Home","item":"https:\/\/vapingnet.de\/"},{"@type":"ListItem","position":2,"name":"Shop","item":"https:\/\/vapingnet.de\/vape\/"},{"@type":"ListItem","position":3,"name":"Original Bang Blaze 40000 Puffs Kiwi Passion Fruit Guava und Blueberry Cherry"}]},{"@type":"WebSite","@id":"https:\/\/vapingnet.de\/#website","url":"https:\/\/vapingnet.de\/","name":"Vapingnet.de","description":"","publisher":{"@id":"https:\/\/vapingnet.de\/#organization"},"potentialAction":[{"@type":"SearchAction","target":{"@type":"EntryPoint","urlTemplate":"https:\/\/vapingnet.de\/?s={search_term_string}"},"query-input":{"@type":"PropertyValueSpecification","valueRequired":true,"valueName":"search_term_string"}}],"inLanguage":"fr-FR"},{"@type":"Organization","@id":"https:\/\/vapingnet.de\/#organization","name":"Vapingnet.de","url":"https:\/\/vapingnet.de\/","logo":{"@type":"ImageObject","inLanguage":"fr-FR","@id":"https:\/\/vapingnet.de\/#\/schema\/logo\/image\/","url":"https:\/\/vapingnet.de\/wp-content\/uploads\/2025\/03\/cropped-vapingnet.de_.jpg","contentUrl":"https:\/\/vapingnet.de\/wp-content\/uploads\/2025\/03\/cropped-vapingnet.de_.jpg","width":512,"height":512,"caption":"Vapingnet.de"},"image":{"@id":"https:\/\/vapingnet.de\/#\/schema\/logo\/image\/"},"sameAs":["https:\/\/www.facebook.com\/vapingnetde\/"]}]}},"tiered_pricing_type":"fixed","tiered_pricing_fixed_rules":{"10":"8.35","60":"7.52","110":"6.68","200":"5.85"},"tiered_pricing_product_settings":{"layout":"default","base_unit_name":{"singular":null,"plural":null},"default_variation":null},"tiered_pricing_minimum_quantity":null,"tiered_pricing_roles_data":[],"tiered_pricing_percentage_rules":[],"_links":{"self":[{"href":"https:\/\/vapingnet.de\/fr\/wp-json\/wp\/v2\/product\/7028","targetHints":{"allow":["GET"]}}],"collection":[{"href":"https:\/\/vapingnet.de\/fr\/wp-json\/wp\/v2\/product"}],"about":[{"href":"https:\/\/vapingnet.de\/fr\/wp-json\/wp\/v2\/types\/product"}],"version-history":[{"count":3,"href":"https:\/\/vapingnet.de\/fr\/wp-json\/wp\/v2\/product\/7028\/revisions"}],"predecessor-version":[{"id":7530,"href":"https:\/\/vapingnet.de\/fr\/wp-json\/wp\/v2\/product\/7028\/revisions\/7530"}],"wp:featuredmedia":[{"embeddable":true,"href":"https:\/\/vapingnet.de\/fr\/wp-json\/wp\/v2\/media\/7031"}],"wp:attachment":[{"href":"https:\/\/vapingnet.de\/fr\/wp-json\/wp\/v2\/media?parent=7028"}],"wp:term":[{"taxonomy":"brand","embeddable":true,"href":"https:\/\/vapingnet.de\/fr\/wp-json\/wp\/v2\/etheme_brands?post=7028"},{"taxonomy":"product_brand","embeddable":true,"href":"https:\/\/vapingnet.de\/fr\/wp-json\/wp\/v2\/product_brand?post=7028"},{"taxonomy":"product_cat","embeddable":true,"href":"https:\/\/vapingnet.de\/fr\/wp-json\/wp\/v2\/product_cat?post=7028"},{"taxonomy":"product_tag","embeddable":true,"href":"https:\/\/vapingnet.de\/fr\/wp-json\/wp\/v2\/product_tag?post=7028"}],"curies":[{"name":"wp","href":"https:\/\/api.w.org\/{rel}","templated":true}]}}