{"id":7037,"date":"2025-06-06T03:35:30","date_gmt":"2025-06-06T03:35:30","guid":{"rendered":"https:\/\/vapingnet.de\/?post_type=product&#038;p=7037"},"modified":"2026-01-25T08:39:12","modified_gmt":"2026-01-25T08:39:12","slug":"bang-blaze-40000-puffs-einweg-vape-mit-power-und-stil","status":"publish","type":"product","link":"https:\/\/vapingnet.de\/fr\/vape\/bang-blaze-40000-puffs-einweg-vape-mit-power-und-stil\/","title":{"rendered":"Bang Blaze 40000 Puffs Vape jetable avec puissance et style"},"content":{"rendered":"<h2>Bang Blaze 40000 Bouff\u00e9es \u2013 Polyvalence \u00e0 tous \u00e9gards<\/h2>\n<p data-start=\"151\" data-end=\"481\" data-immersive-translate-paragraph=\"1\" data-immersive-translate-walked=\"5e9e62ef-980b-4cb8-b012-77453f084619\">Avec la Bang Blaze 40000 Bouff\u00e9es commence une nouvelle \u00e8re de vapotage. Cette puissante <a href=\"https:\/\/vapingnet.de\/fr\/k\/einweg-e-zigarette\/\" target=\"_blank\" rel=\"noopener\"><strong>cigarette \u00e9lectronique jetable<\/strong><\/a> offre non seulement une endurance impressionnante, mais aussi une exp\u00e9rience gustative triple intense dans un appareil compact. Con\u00e7ue pour tous ceux qui attachent de l'importance \u00e0 la diversit\u00e9, \u00e0 la qualit\u00e9 de vapeur et \u00e0 une technologie fiable.<\/p>\n<h4 data-start=\"488\" data-end=\"512\" data-immersive-translate-walked=\"5e9e62ef-980b-4cb8-b012-77453f084619\">Aper\u00e7u du produit<\/h4>\n<div class=\"_tableContainer_16hzy_1\" data-immersive-translate-walked=\"5e9e62ef-980b-4cb8-b012-77453f084619\">\n<div class=\"_tableWrapper_16hzy_14 group flex w-fit flex-col-reverse\" tabindex=\"-1\" data-immersive-translate-walked=\"5e9e62ef-980b-4cb8-b012-77453f084619\">\n<table class=\"w-fit min-w-(--thread-content-width)\" style=\"height: 337px;\" width=\"814\" data-start=\"514\" data-end=\"1244\" data-immersive-translate-walked=\"5e9e62ef-980b-4cb8-b012-77453f084619\">\n<thead data-start=\"514\" data-end=\"587\" data-immersive-translate-walked=\"5e9e62ef-980b-4cb8-b012-77453f084619\">\n<tr data-start=\"514\" data-end=\"587\" data-immersive-translate-walked=\"5e9e62ef-980b-4cb8-b012-77453f084619\">\n<th data-start=\"514\" data-end=\"545\" data-col-size=\"sm\" data-immersive-translate-walked=\"5e9e62ef-980b-4cb8-b012-77453f084619\" data-immersive-translate-paragraph=\"1\">Caract\u00e9ristiques techniques<\/th>\n<th data-start=\"545\" data-end=\"587\" data-col-size=\"sm\" data-immersive-translate-walked=\"5e9e62ef-980b-4cb8-b012-77453f084619\" data-immersive-translate-paragraph=\"1\">D\u00e9tails<\/th>\n<\/tr>\n<\/thead>\n<tbody data-start=\"661\" data-end=\"1244\" data-immersive-translate-walked=\"5e9e62ef-980b-4cb8-b012-77453f084619\">\n<tr data-start=\"661\" data-end=\"733\" data-immersive-translate-walked=\"5e9e62ef-980b-4cb8-b012-77453f084619\">\n<td data-start=\"661\" data-end=\"691\" data-col-size=\"sm\" data-immersive-translate-walked=\"5e9e62ef-980b-4cb8-b012-77453f084619\" data-immersive-translate-paragraph=\"1\">Mod\u00e8le<\/td>\n<td data-col-size=\"sm\" data-start=\"691\" data-end=\"733\" data-immersive-translate-walked=\"5e9e62ef-980b-4cb8-b012-77453f084619\" data-immersive-translate-paragraph=\"1\">Bang Blaze 40000 Bouff\u00e9es<\/td>\n<\/tr>\n<tr data-start=\"734\" data-end=\"806\" data-immersive-translate-walked=\"5e9e62ef-980b-4cb8-b012-77453f084619\">\n<td data-start=\"734\" data-end=\"764\" data-col-size=\"sm\" data-immersive-translate-walked=\"5e9e62ef-980b-4cb8-b012-77453f084619\" data-immersive-translate-paragraph=\"1\">Nombre de bouff\u00e9es<\/td>\n<td data-col-size=\"sm\" data-start=\"764\" data-end=\"806\" data-immersive-translate-walked=\"5e9e62ef-980b-4cb8-b012-77453f084619\" data-immersive-translate-paragraph=\"1\">Jusqu'\u00e0 40 000<\/td>\n<\/tr>\n<tr data-start=\"807\" data-end=\"879\" data-immersive-translate-walked=\"5e9e62ef-980b-4cb8-b012-77453f084619\">\n<td data-start=\"807\" data-end=\"837\" data-col-size=\"sm\" data-immersive-translate-walked=\"5e9e62ef-980b-4cb8-b012-77453f084619\" data-immersive-translate-paragraph=\"1\">E-liquide<\/td>\n<td data-col-size=\"sm\" data-start=\"837\" data-end=\"879\" data-immersive-translate-walked=\"5e9e62ef-980b-4cb8-b012-77453f084619\" data-immersive-translate-paragraph=\"1\">40 ml (deux ar\u00f4mes pr\u00e9-remplis)<\/td>\n<\/tr>\n<tr data-start=\"880\" data-end=\"952\" data-immersive-translate-walked=\"5e9e62ef-980b-4cb8-b012-77453f084619\">\n<td data-start=\"880\" data-end=\"910\" data-col-size=\"sm\" data-immersive-translate-walked=\"5e9e62ef-980b-4cb8-b012-77453f084619\" data-immersive-translate-paragraph=\"1\">Batterie<\/td>\n<td data-col-size=\"sm\" data-start=\"910\" data-end=\"952\" data-immersive-translate-walked=\"5e9e62ef-980b-4cb8-b012-77453f084619\" data-immersive-translate-paragraph=\"1\">650 mAh, rechargeable<\/td>\n<\/tr>\n<tr data-start=\"953\" data-end=\"1025\" data-immersive-translate-walked=\"5e9e62ef-980b-4cb8-b012-77453f084619\">\n<td data-start=\"953\" data-end=\"983\" data-col-size=\"sm\" data-immersive-translate-walked=\"5e9e62ef-980b-4cb8-b012-77453f084619\" data-immersive-translate-paragraph=\"1\">Port de charge<\/td>\n<td data-col-size=\"sm\" data-start=\"983\" data-end=\"1025\" data-immersive-translate-walked=\"5e9e62ef-980b-4cb8-b012-77453f084619\" data-immersive-translate-paragraph=\"1\">USB Type-C<\/td>\n<\/tr>\n<tr data-start=\"1026\" data-end=\"1098\" data-immersive-translate-walked=\"5e9e62ef-980b-4cb8-b012-77453f084619\">\n<td data-start=\"1026\" data-end=\"1056\" data-col-size=\"sm\" data-immersive-translate-walked=\"5e9e62ef-980b-4cb8-b012-77453f084619\" data-immersive-translate-paragraph=\"1\">R\u00e9sistance<\/td>\n<td data-col-size=\"sm\" data-start=\"1056\" data-end=\"1098\" data-immersive-translate-walked=\"5e9e62ef-980b-4cb8-b012-77453f084619\" data-immersive-translate-paragraph=\"1\">0,6 Ohm Dual Mesh<\/td>\n<\/tr>\n<tr data-start=\"1099\" data-end=\"1171\" data-immersive-translate-walked=\"5e9e62ef-980b-4cb8-b012-77453f084619\">\n<td data-start=\"1099\" data-end=\"1129\" data-col-size=\"sm\" data-immersive-translate-walked=\"5e9e62ef-980b-4cb8-b012-77453f084619\" data-immersive-translate-paragraph=\"1\">Contenu en nicotine<\/td>\n<td data-col-size=\"sm\" data-start=\"1129\" data-end=\"1171\" data-immersive-translate-walked=\"5e9e62ef-980b-4cb8-b012-77453f084619\">0 %, 2 %, 3 %, 5 %<\/td>\n<\/tr>\n<tr data-start=\"1172\" data-end=\"1244\" data-immersive-translate-walked=\"5e9e62ef-980b-4cb8-b012-77453f084619\">\n<td data-start=\"1172\" data-end=\"1202\" data-col-size=\"sm\" data-immersive-translate-walked=\"5e9e62ef-980b-4cb8-b012-77453f084619\" data-immersive-translate-paragraph=\"1\">Saveurs<\/td>\n<td data-col-size=\"sm\" data-start=\"1202\" data-end=\"1244\" data-immersive-translate-walked=\"5e9e62ef-980b-4cb8-b012-77453f084619\" data-immersive-translate-paragraph=\"1\">Limonade Rose \/ Myrtille Cerise Citron<\/td>\n<\/tr>\n<\/tbody>\n<\/table>\n<div class=\"sticky end-(--thread-content-margin) h-0 self-end select-none\" data-immersive-translate-walked=\"5e9e62ef-980b-4cb8-b012-77453f084619\">\n<div class=\"absolute end-0 flex items-end\" data-immersive-translate-walked=\"5e9e62ef-980b-4cb8-b012-77453f084619\"><\/div>\n<\/div>\n<\/div>\n<\/div>\n<h4 data-start=\"1251\" data-end=\"1290\" data-immersive-translate-walked=\"5e9e62ef-980b-4cb8-b012-77453f084619\">Trois saveurs dans un seul appareil<\/h4>\n<p data-start=\"1292\" data-end=\"1583\" data-immersive-translate-paragraph=\"1\" data-immersive-translate-walked=\"5e9e62ef-980b-4cb8-b012-77453f084619\">Avec la Triple Taste Experience, la Bang Blaze se distingue nettement des vapoteuses classiques. Deux chambres \u00e0 ar\u00f4mes s\u00e9par\u00e9es permettent de profiter soit de la saveur A, soit de la saveur B, ou d'une combinaison des deux. Cela cr\u00e9e une toute nouvelle saveur \u2013 sans changer d'appareil.<\/p>\n<ul data-start=\"1585\" data-end=\"1814\" data-immersive-translate-walked=\"5e9e62ef-980b-4cb8-b012-77453f084619\">\n<li data-start=\"1585\" data-end=\"1656\" data-immersive-translate-walked=\"5e9e62ef-980b-4cb8-b012-77453f084619\">\n<p data-start=\"1587\" data-end=\"1656\" data-immersive-translate-walked=\"5e9e62ef-980b-4cb8-b012-77453f084619\" data-immersive-translate-paragraph=\"1\">Limonade Rose : Frais, p\u00e9tillant, fruit\u00e9 \u2013 id\u00e9al pour l'\u00e9t\u00e9.<\/p>\n<\/li>\n<li data-start=\"1657\" data-end=\"1740\" data-immersive-translate-walked=\"5e9e62ef-980b-4cb8-b012-77453f084619\">\n<p data-start=\"1659\" data-end=\"1740\" data-immersive-translate-walked=\"5e9e62ef-980b-4cb8-b012-77453f084619\" data-immersive-translate-paragraph=\"1\">Myrtille Cerise Citron : Fruit\u00e9-intense avec une touche de douceur et d'acidit\u00e9.<\/p>\n<\/li>\n<li data-start=\"1741\" data-end=\"1814\" data-immersive-translate-walked=\"5e9e62ef-980b-4cb8-b012-77453f084619\">\n<p data-start=\"1743\" data-end=\"1814\" data-immersive-translate-walked=\"5e9e62ef-980b-4cb8-b012-77453f084619\" data-immersive-translate-paragraph=\"1\">M\u00e9lange : Un m\u00e9lange individuel et \u00e9quilibr\u00e9 des deux composants.<\/p>\n<\/li>\n<\/ul>\n<h4 data-start=\"1821\" data-end=\"1850\" data-immersive-translate-walked=\"5e9e62ef-980b-4cb8-b012-77453f084619\">La technologie rencontre le plaisir<\/h4>\n<p data-start=\"1852\" data-end=\"2200\" data-immersive-translate-paragraph=\"1\" data-immersive-translate-walked=\"5e9e62ef-980b-4cb8-b012-77453f084619\">La r\u00e9sistance Dual Mesh Coil int\u00e9gr\u00e9e de 0,6 Ohm assure une vapeur dense et une r\u00e9partition uniforme de la chaleur. R\u00e9sultat : une exp\u00e9rience de vapotage douce, aromatique, qui convainc aussi bien les d\u00e9butants que les vapoteurs exp\u00e9riment\u00e9s. Gr\u00e2ce \u00e0 la port USB Type-C, la batterie se recharge rapidement et facilement \u2013 pour une utilisation sans interruption.<\/p>\n<h3>Pour qui la Bang Blaze est-elle adapt\u00e9e ?<\/h3>\n<p data-start=\"2252\" data-end=\"2290\" data-immersive-translate-paragraph=\"1\" data-immersive-translate-walked=\"5e9e62ef-980b-4cb8-b012-77453f084619\">Ce mod\u00e8le est id\u00e9al pour tous ceux qui\u2026<\/p>\n<ul data-start=\"2292\" data-end=\"2591\" data-immersive-translate-walked=\"5e9e62ef-980b-4cb8-b012-77453f084619\">\n<li data-start=\"2292\" data-end=\"2348\" data-immersive-translate-walked=\"5e9e62ef-980b-4cb8-b012-77453f084619\">\n<p data-start=\"2294\" data-end=\"2348\" data-immersive-translate-walked=\"5e9e62ef-980b-4cb8-b012-77453f084619\" data-immersive-translate-paragraph=\"1\">cherchent un appareil durable avec un grand nombre de bouff\u00e9es<\/p>\n<\/li>\n<li data-start=\"2349\" data-end=\"2400\" data-immersive-translate-walked=\"5e9e62ef-980b-4cb8-b012-77453f084619\">\n<p data-start=\"2351\" data-end=\"2400\" data-immersive-translate-walked=\"5e9e62ef-980b-4cb8-b012-77453f084619\" data-immersive-translate-paragraph=\"1\">souhaitent utiliser diff\u00e9rentes saveurs de mani\u00e8re flexible<\/p>\n<\/li>\n<li data-start=\"2401\" data-end=\"2459\" data-immersive-translate-walked=\"5e9e62ef-980b-4cb8-b012-77453f084619\">\n<p data-start=\"2403\" data-end=\"2459\" data-immersive-translate-walked=\"5e9e62ef-980b-4cb8-b012-77453f084619\" data-immersive-translate-paragraph=\"1\">attachent de l'importance \u00e0 des temps de charge rapides et \u00e0 une technologie moderne<\/p>\n<\/li>\n<li data-start=\"2460\" data-end=\"2535\" data-immersive-translate-walked=\"5e9e62ef-980b-4cb8-b012-77453f084619\">\n<p data-start=\"2462\" data-end=\"2535\" data-immersive-translate-walked=\"5e9e62ef-980b-4cb8-b012-77453f084619\" data-immersive-translate-paragraph=\"1\">souhaiter une exp\u00e9rience de vape simple et pr\u00eate \u00e0 l'emploi<\/p>\n<\/li>\n<li data-start=\"2536\" data-end=\"2591\" data-immersive-translate-walked=\"5e9e62ef-980b-4cb8-b012-77453f084619\">\n<p data-start=\"2538\" data-end=\"2591\" data-immersive-translate-walked=\"5e9e62ef-980b-4cb8-b012-77453f084619\" data-immersive-translate-paragraph=\"1\">vouloir choisir entre diff\u00e9rentes concentrations de nicotine<\/p>\n<\/li>\n<\/ul>\n<p data-start=\"2613\" data-end=\"2875\" data-immersive-translate-paragraph=\"1\" data-immersive-translate-walked=\"5e9e62ef-980b-4cb8-b012-77453f084619\">Les <a href=\"https:\/\/vapingnet.de\/fr\/bang-blaze-40000-puffs\/\" target=\"_blank\" rel=\"noopener\"><strong>Bang Blaze 40000 Bouff\u00e9es<\/strong><\/a> est plus qu\u2019une simple cigarette \u00e9lectronique jetable \u2013 c\u2019est une solution de vape multifonctionnelle pour les vapoteurs exigeants. Gr\u00e2ce \u00e0 son syst\u00e8me de saveurs double, sa forte autonomie et sa haute qualit\u00e9 de vapeur, elle convainc pleinement.<\/p>\n<p data-start=\"2877\" data-end=\"2939\" data-is-last-node=\"\" data-is-only-node=\"\" data-immersive-translate-walked=\"5e9e62ef-980b-4cb8-b012-77453f084619\">Commandez d\u00e8s maintenant et red\u00e9couvrez la libert\u00e9 de vapoter.<\/p>","protected":false},"excerpt":{"rendered":"<p>Bang Blaze 40000 Bouff\u00e9es \u2013 Polyvalence \u00e0 tous \u00e9gards Avec la Bang Blaze 40000 Bouff\u00e9es commence une nouvelle \u00e8re du vapotage. Cette cigarette \u00e9lectronique jetable puissante...<\/p>","protected":false},"featured_media":7041,"template":"","meta":[],"etheme_brands":[],"product_brand":[101],"product_cat":[65,49,61,87],"product_tag":[],"class_list":{"0":"post-7037","1":"product","2":"type-product","3":"status-publish","4":"has-post-thumbnail","6":"product_brand-bang-king-vape","7":"product_cat-vape-40000-zuege","8":"product_cat-einweg-e-zigarette","9":"product_cat-f","10":"product_cat-v","12":"first","13":"instock","14":"shipping-taxable","15":"purchasable","16":"product-type-simple"},"yoast_head":"<!-- This site is optimized with the Yoast SEO plugin v26.5 - https:\/\/yoast.com\/wordpress\/plugins\/seo\/ -->\n<title>Bang Blaze 40000 Puffs Einweg Vape mit Power und Stil | Vapingnet.de<\/title>\n<meta name=\"description\" content=\"Entdecke Bang Blaze 40000 Puffs Einweg Vape mit Power und Stil bei vapingnet.de, \u25ba Gro\u00dfe Auswahl an Geschmacksrichtungen &amp; super g\u00fcnstig!\" \/>\n<meta name=\"robots\" content=\"index, follow, max-snippet:-1, max-image-preview:large, max-video-preview:-1\" \/>\n<link rel=\"canonical\" href=\"https:\/\/vapingnet.de\/fr\/vape\/bang-blaze-40000-puffs-einweg-vape-mit-power-und-stil\/\" \/>\n<meta property=\"og:locale\" content=\"fr_FR\" \/>\n<meta property=\"og:type\" content=\"article\" \/>\n<meta property=\"og:title\" content=\"Bang Blaze 40000 Puffs Einweg Vape mit Power und Stil | Vapingnet.de\" \/>\n<meta property=\"og:description\" content=\"Entdecke Bang Blaze 40000 Puffs Einweg Vape mit Power und Stil bei vapingnet.de, \u25ba Gro\u00dfe Auswahl an Geschmacksrichtungen &amp; super g\u00fcnstig!\" \/>\n<meta property=\"og:url\" content=\"https:\/\/vapingnet.de\/fr\/vape\/bang-blaze-40000-puffs-einweg-vape-mit-power-und-stil\/\" \/>\n<meta property=\"og:site_name\" content=\"Vapingnet.de\" \/>\n<meta property=\"article:publisher\" content=\"https:\/\/www.facebook.com\/vapingnetde\/\" \/>\n<meta property=\"article:modified_time\" content=\"2026-01-25T08:39:12+00:00\" \/>\n<meta property=\"og:image\" content=\"https:\/\/vapingnet.de\/wp-content\/uploads\/2025\/06\/Pink-Lemonade-Blueberry-Cherry-Lemon.jpg.webp\" \/>\n\t<meta property=\"og:image:width\" content=\"1000\" \/>\n\t<meta property=\"og:image:height\" content=\"1000\" \/>\n\t<meta property=\"og:image:type\" content=\"image\/webp\" \/>\n<meta name=\"twitter:card\" content=\"summary_large_image\" \/>\n<meta name=\"twitter:label1\" content=\"Dur\u00e9e de lecture estim\u00e9e\" \/>\n\t<meta name=\"twitter:data1\" content=\"2 minutes\" \/>\n<script type=\"application\/ld+json\" class=\"yoast-schema-graph\">{\"@context\":\"https:\/\/schema.org\",\"@graph\":[{\"@type\":\"WebPage\",\"@id\":\"https:\/\/vapingnet.de\/vape\/bang-blaze-40000-puffs-einweg-vape-mit-power-und-stil\/\",\"url\":\"https:\/\/vapingnet.de\/vape\/bang-blaze-40000-puffs-einweg-vape-mit-power-und-stil\/\",\"name\":\"Bang Blaze 40000 Puffs Einweg Vape mit Power und Stil | Vapingnet.de\",\"isPartOf\":{\"@id\":\"https:\/\/vapingnet.de\/#website\"},\"primaryImageOfPage\":{\"@id\":\"https:\/\/vapingnet.de\/vape\/bang-blaze-40000-puffs-einweg-vape-mit-power-und-stil\/#primaryimage\"},\"image\":{\"@id\":\"https:\/\/vapingnet.de\/vape\/bang-blaze-40000-puffs-einweg-vape-mit-power-und-stil\/#primaryimage\"},\"thumbnailUrl\":\"https:\/\/vapingnet.de\/wp-content\/uploads\/2025\/06\/Pink-Lemonade-Blueberry-Cherry-Lemon.jpg.webp\",\"datePublished\":\"2025-06-06T03:35:30+00:00\",\"dateModified\":\"2026-01-25T08:39:12+00:00\",\"description\":\"Entdecke Bang Blaze 40000 Puffs Einweg Vape mit Power und Stil bei vapingnet.de, \u25ba Gro\u00dfe Auswahl an Geschmacksrichtungen & super g\u00fcnstig!\",\"breadcrumb\":{\"@id\":\"https:\/\/vapingnet.de\/vape\/bang-blaze-40000-puffs-einweg-vape-mit-power-und-stil\/#breadcrumb\"},\"inLanguage\":\"fr-FR\",\"potentialAction\":[{\"@type\":\"ReadAction\",\"target\":[\"https:\/\/vapingnet.de\/vape\/bang-blaze-40000-puffs-einweg-vape-mit-power-und-stil\/\"]}]},{\"@type\":\"ImageObject\",\"inLanguage\":\"fr-FR\",\"@id\":\"https:\/\/vapingnet.de\/vape\/bang-blaze-40000-puffs-einweg-vape-mit-power-und-stil\/#primaryimage\",\"url\":\"https:\/\/vapingnet.de\/wp-content\/uploads\/2025\/06\/Pink-Lemonade-Blueberry-Cherry-Lemon.jpg.webp\",\"contentUrl\":\"https:\/\/vapingnet.de\/wp-content\/uploads\/2025\/06\/Pink-Lemonade-Blueberry-Cherry-Lemon.jpg.webp\",\"width\":1000,\"height\":1000},{\"@type\":\"BreadcrumbList\",\"@id\":\"https:\/\/vapingnet.de\/vape\/bang-blaze-40000-puffs-einweg-vape-mit-power-und-stil\/#breadcrumb\",\"itemListElement\":[{\"@type\":\"ListItem\",\"position\":1,\"name\":\"Home\",\"item\":\"https:\/\/vapingnet.de\/\"},{\"@type\":\"ListItem\",\"position\":2,\"name\":\"Shop\",\"item\":\"https:\/\/vapingnet.de\/vape\/\"},{\"@type\":\"ListItem\",\"position\":3,\"name\":\"Bang Blaze 40000 Puffs Einweg Vape mit Power und Stil\"}]},{\"@type\":\"WebSite\",\"@id\":\"https:\/\/vapingnet.de\/#website\",\"url\":\"https:\/\/vapingnet.de\/\",\"name\":\"Vapingnet.de\",\"description\":\"\",\"publisher\":{\"@id\":\"https:\/\/vapingnet.de\/#organization\"},\"potentialAction\":[{\"@type\":\"SearchAction\",\"target\":{\"@type\":\"EntryPoint\",\"urlTemplate\":\"https:\/\/vapingnet.de\/?s={search_term_string}\"},\"query-input\":{\"@type\":\"PropertyValueSpecification\",\"valueRequired\":true,\"valueName\":\"search_term_string\"}}],\"inLanguage\":\"fr-FR\"},{\"@type\":\"Organization\",\"@id\":\"https:\/\/vapingnet.de\/#organization\",\"name\":\"Vapingnet.de\",\"url\":\"https:\/\/vapingnet.de\/\",\"logo\":{\"@type\":\"ImageObject\",\"inLanguage\":\"fr-FR\",\"@id\":\"https:\/\/vapingnet.de\/#\/schema\/logo\/image\/\",\"url\":\"https:\/\/vapingnet.de\/wp-content\/uploads\/2025\/03\/cropped-vapingnet.de_.jpg\",\"contentUrl\":\"https:\/\/vapingnet.de\/wp-content\/uploads\/2025\/03\/cropped-vapingnet.de_.jpg\",\"width\":512,\"height\":512,\"caption\":\"Vapingnet.de\"},\"image\":{\"@id\":\"https:\/\/vapingnet.de\/#\/schema\/logo\/image\/\"},\"sameAs\":[\"https:\/\/www.facebook.com\/vapingnetde\/\"]}]}<\/script>\n<!-- \/ Yoast SEO plugin. -->","yoast_head_json":{"title":"Bang Blaze 40000 Puffs Einweg Vape mit Power und Stil | Vapingnet.de","description":"Entdecke Bang Blaze 40000 Puffs Einweg Vape mit Power und Stil bei vapingnet.de, \u25ba Gro\u00dfe Auswahl an Geschmacksrichtungen & super g\u00fcnstig!","robots":{"index":"index","follow":"follow","max-snippet":"max-snippet:-1","max-image-preview":"max-image-preview:large","max-video-preview":"max-video-preview:-1"},"canonical":"https:\/\/vapingnet.de\/fr\/vape\/bang-blaze-40000-puffs-einweg-vape-mit-power-und-stil\/","og_locale":"fr_FR","og_type":"article","og_title":"Bang Blaze 40000 Puffs Einweg Vape mit Power und Stil | Vapingnet.de","og_description":"Entdecke Bang Blaze 40000 Puffs Einweg Vape mit Power und Stil bei vapingnet.de, \u25ba Gro\u00dfe Auswahl an Geschmacksrichtungen & super g\u00fcnstig!","og_url":"https:\/\/vapingnet.de\/fr\/vape\/bang-blaze-40000-puffs-einweg-vape-mit-power-und-stil\/","og_site_name":"Vapingnet.de","article_publisher":"https:\/\/www.facebook.com\/vapingnetde\/","article_modified_time":"2026-01-25T08:39:12+00:00","og_image":[{"width":1000,"height":1000,"url":"https:\/\/vapingnet.de\/wp-content\/uploads\/2025\/06\/Pink-Lemonade-Blueberry-Cherry-Lemon.jpg.webp","type":"image\/webp"}],"twitter_card":"summary_large_image","twitter_misc":{"Dur\u00e9e de lecture estim\u00e9e":"2 minutes"},"schema":{"@context":"https:\/\/schema.org","@graph":[{"@type":"WebPage","@id":"https:\/\/vapingnet.de\/vape\/bang-blaze-40000-puffs-einweg-vape-mit-power-und-stil\/","url":"https:\/\/vapingnet.de\/vape\/bang-blaze-40000-puffs-einweg-vape-mit-power-und-stil\/","name":"Bang Blaze 40000 Puffs Einweg Vape mit Power und Stil | Vapingnet.de","isPartOf":{"@id":"https:\/\/vapingnet.de\/#website"},"primaryImageOfPage":{"@id":"https:\/\/vapingnet.de\/vape\/bang-blaze-40000-puffs-einweg-vape-mit-power-und-stil\/#primaryimage"},"image":{"@id":"https:\/\/vapingnet.de\/vape\/bang-blaze-40000-puffs-einweg-vape-mit-power-und-stil\/#primaryimage"},"thumbnailUrl":"https:\/\/vapingnet.de\/wp-content\/uploads\/2025\/06\/Pink-Lemonade-Blueberry-Cherry-Lemon.jpg.webp","datePublished":"2025-06-06T03:35:30+00:00","dateModified":"2026-01-25T08:39:12+00:00","description":"Entdecke Bang Blaze 40000 Puffs Einweg Vape mit Power und Stil bei vapingnet.de, \u25ba Gro\u00dfe Auswahl an Geschmacksrichtungen & super g\u00fcnstig!","breadcrumb":{"@id":"https:\/\/vapingnet.de\/vape\/bang-blaze-40000-puffs-einweg-vape-mit-power-und-stil\/#breadcrumb"},"inLanguage":"fr-FR","potentialAction":[{"@type":"ReadAction","target":["https:\/\/vapingnet.de\/vape\/bang-blaze-40000-puffs-einweg-vape-mit-power-und-stil\/"]}]},{"@type":"ImageObject","inLanguage":"fr-FR","@id":"https:\/\/vapingnet.de\/vape\/bang-blaze-40000-puffs-einweg-vape-mit-power-und-stil\/#primaryimage","url":"https:\/\/vapingnet.de\/wp-content\/uploads\/2025\/06\/Pink-Lemonade-Blueberry-Cherry-Lemon.jpg.webp","contentUrl":"https:\/\/vapingnet.de\/wp-content\/uploads\/2025\/06\/Pink-Lemonade-Blueberry-Cherry-Lemon.jpg.webp","width":1000,"height":1000},{"@type":"BreadcrumbList","@id":"https:\/\/vapingnet.de\/vape\/bang-blaze-40000-puffs-einweg-vape-mit-power-und-stil\/#breadcrumb","itemListElement":[{"@type":"ListItem","position":1,"name":"Home","item":"https:\/\/vapingnet.de\/"},{"@type":"ListItem","position":2,"name":"Shop","item":"https:\/\/vapingnet.de\/vape\/"},{"@type":"ListItem","position":3,"name":"Bang Blaze 40000 Puffs Einweg Vape mit Power und Stil"}]},{"@type":"WebSite","@id":"https:\/\/vapingnet.de\/#website","url":"https:\/\/vapingnet.de\/","name":"Vapingnet.de","description":"","publisher":{"@id":"https:\/\/vapingnet.de\/#organization"},"potentialAction":[{"@type":"SearchAction","target":{"@type":"EntryPoint","urlTemplate":"https:\/\/vapingnet.de\/?s={search_term_string}"},"query-input":{"@type":"PropertyValueSpecification","valueRequired":true,"valueName":"search_term_string"}}],"inLanguage":"fr-FR"},{"@type":"Organization","@id":"https:\/\/vapingnet.de\/#organization","name":"Vapingnet.de","url":"https:\/\/vapingnet.de\/","logo":{"@type":"ImageObject","inLanguage":"fr-FR","@id":"https:\/\/vapingnet.de\/#\/schema\/logo\/image\/","url":"https:\/\/vapingnet.de\/wp-content\/uploads\/2025\/03\/cropped-vapingnet.de_.jpg","contentUrl":"https:\/\/vapingnet.de\/wp-content\/uploads\/2025\/03\/cropped-vapingnet.de_.jpg","width":512,"height":512,"caption":"Vapingnet.de"},"image":{"@id":"https:\/\/vapingnet.de\/#\/schema\/logo\/image\/"},"sameAs":["https:\/\/www.facebook.com\/vapingnetde\/"]}]}},"tiered_pricing_type":"fixed","tiered_pricing_fixed_rules":{"10":"8.35","60":"7.52","110":"6.68","200":"5.85"},"tiered_pricing_product_settings":{"layout":"default","base_unit_name":{"singular":null,"plural":null},"default_variation":null},"tiered_pricing_minimum_quantity":null,"tiered_pricing_roles_data":[],"tiered_pricing_percentage_rules":[],"_links":{"self":[{"href":"https:\/\/vapingnet.de\/fr\/wp-json\/wp\/v2\/product\/7037","targetHints":{"allow":["GET"]}}],"collection":[{"href":"https:\/\/vapingnet.de\/fr\/wp-json\/wp\/v2\/product"}],"about":[{"href":"https:\/\/vapingnet.de\/fr\/wp-json\/wp\/v2\/types\/product"}],"version-history":[{"count":3,"href":"https:\/\/vapingnet.de\/fr\/wp-json\/wp\/v2\/product\/7037\/revisions"}],"predecessor-version":[{"id":7527,"href":"https:\/\/vapingnet.de\/fr\/wp-json\/wp\/v2\/product\/7037\/revisions\/7527"}],"wp:featuredmedia":[{"embeddable":true,"href":"https:\/\/vapingnet.de\/fr\/wp-json\/wp\/v2\/media\/7041"}],"wp:attachment":[{"href":"https:\/\/vapingnet.de\/fr\/wp-json\/wp\/v2\/media?parent=7037"}],"wp:term":[{"taxonomy":"brand","embeddable":true,"href":"https:\/\/vapingnet.de\/fr\/wp-json\/wp\/v2\/etheme_brands?post=7037"},{"taxonomy":"product_brand","embeddable":true,"href":"https:\/\/vapingnet.de\/fr\/wp-json\/wp\/v2\/product_brand?post=7037"},{"taxonomy":"product_cat","embeddable":true,"href":"https:\/\/vapingnet.de\/fr\/wp-json\/wp\/v2\/product_cat?post=7037"},{"taxonomy":"product_tag","embeddable":true,"href":"https:\/\/vapingnet.de\/fr\/wp-json\/wp\/v2\/product_tag?post=7037"}],"curies":[{"name":"wp","href":"https:\/\/api.w.org\/{rel}","templated":true}]}}