{"id":5627,"date":"2025-03-18T07:16:05","date_gmt":"2025-03-18T07:16:05","guid":{"rendered":"https:\/\/vapingnet.de\/?page_id=5627"},"modified":"2025-12-25T07:50:32","modified_gmt":"2025-12-25T07:50:32","slug":"datenschutzrichtlinie","status":"publish","type":"page","link":"https:\/\/vapingnet.de\/it\/datenschutzrichtlinie\/","title":{"rendered":"Politica sulla privacy"},"content":{"rendered":"<p>Questa politica sulla privacy descrive come vengono raccolti, utilizzati e condivisi i tuoi dati personali quando visiti vapingnet.de o effettui un acquisto.<\/p><h4 class=\"wp-block-heading\">Dati personali che raccogliamo<\/h4><p>Quando visiti il sito web, raccogliamo automaticamente alcune informazioni sul tuo dispositivo, inclusi dettagli sul tuo browser web, indirizzo IP, fuso orario e alcuni cookie installati sul tuo dispositivo.<br><br>Inoltre, durante la navigazione sul sito, raccogliamo informazioni sulle singole pagine o prodotti che visualizzi, sui siti web o termini di ricerca che ti hanno indirizzato al sito e su come interagisci con il sito. Chiamiamo queste informazioni raccolte automaticamente \u00abinformazioni sul dispositivo\u00bb.<\/p><h4 class=\"wp-block-heading\">Raccogliamo informazioni sul dispositivo utilizzando le seguenti tecnologie:<\/h4><p>\u2013 \u00abCookie\u00bb sono file di dati che vengono memorizzati sul tuo dispositivo o computer e spesso contengono un identificativo univoco anonimo. Per ulteriori informazioni sui cookie e su come disattivarli, visita http:\/\/www.allaboutcookies.org.<br><br>\u2013 \u00abFile di registro\u00bb tracciano le azioni svolte sul sito web e raccolgono dati, inclusi il tuo indirizzo IP, il tipo di browser, il provider di servizi Internet, le pagine di riferimento\/uscita e le date e orari.<br><br>\u2013 \u00abWeb beacon\u00bb, \u00abtag\u00bb e \u00abpixel\u00bb sono file elettronici che servono a registrare informazioni su come navighi sul sito.<br><br>Se effettui un acquisto tramite il sito o tenti di farlo, raccogliamo inoltre alcune informazioni su di te, inclusi nome, indirizzo di fatturazione, indirizzo di consegna, informazioni di pagamento (compresi numeri di carta di credito), indirizzo email e numero di telefono. Chiamiamo queste informazioni \u00abdati dell'ordine\u00bb.<br><br>Quando parliamo di \u00abdati personali\u00bb in questa politica sulla privacy, ci riferiamo sia alle informazioni sul dispositivo sia ai dati dell'ordine.<\/p><h4 class=\"wp-block-heading\">Come utilizziamo i tuoi dati personali?<\/h4><p>Utilizziamo generalmente i dati dell'ordine raccolti per eseguire tutti gli ordini effettuati tramite il sito (inclusa l'elaborazione delle informazioni di pagamento, l'organizzazione della spedizione e la fornitura di fatture e\/o conferme d'ordine). Inoltre, utilizziamo questi dati dell'ordine per:<br><br>\u2013 comunicare con te;<br>\u2013 verificare i nostri ordini per potenziali rischi o frodi; e<br>\u2013 se corrispondono alle preferenze che ci hai comunicato, fornirti informazioni o pubblicit\u00e0 sui nostri prodotti o servizi.<br><br>Utilizziamo le informazioni sul dispositivo raccolte per aiutarci a individuare potenziali rischi e frodi (in particolare il tuo indirizzo IP) e pi\u00f9 in generale per migliorare e ottimizzare il nostro sito web (ad esempio, creando analisi su come i nostri clienti navigano e interagiscono con il sito e per valutare il successo delle nostre campagne di marketing e pubblicitarie).<\/p><h4 class=\"wp-block-heading\">Condivisione dei tuoi dati personali<\/h4><p>Condividiamo i tuoi dati personali con terze parti per aiutarci nell'utilizzo dei tuoi dati personali come descritto sopra.<br><br>Utilizziamo anche Google Analytics per capire come i nostri clienti utilizzano il sito web.<\/p><p><br>Infine, possiamo condividere i tuoi dati personali anche per rispettare le leggi e le normative vigenti, rispondere a una citazione, un mandato di perquisizione o altre richieste legittime di informazioni che riceviamo, o per proteggere in altro modo i nostri diritti.<\/p><h2 class=\"wp-block-heading\">Come proteggiamo i tuoi dati?<\/h2><p>I tuoi dati personali sono conservati in reti protette e sono accessibili solo a un numero limitato di persone che dispongono di diritti di accesso speciali a tali sistemi e sono obbligate alla riservatezza delle informazioni. Inoltre, tutte le informazioni sensibili\/dati di pagamento da te forniti sono criptate tramite la tecnologia Secure Socket Layer (SSL).<\/p><p>Implementiamo una serie di misure di sicurezza quando: Effettui un ordine, inserisci i tuoi dati, li trasmetti o vi accedi, per garantire la sicurezza dei tuoi dati personali.<\/p><p>Tutte le transazioni vengono gestite tramite un fornitore di gateway e non vengono memorizzate o elaborate sui nostri server.<br><br><strong>Pubblicit\u00e0 comportamentale<br><\/strong><br>Come descritto sopra, utilizziamo i tuoi dati personali per inviarti pubblicit\u00e0 mirata o comunicazioni di marketing che riteniamo possano essere di tuo interesse.<br><br><br><strong>Non tracciare<br><\/strong><br>Ti preghiamo di notare che non modifichiamo le pratiche di raccolta e utilizzo dei dati del nostro sito web quando vediamo un segnale di 'Non tracciare' nel tuo browser.<br><br><strong>I tuoi diritti<br><\/strong><br>Se risiedi in Europa, hai il diritto di accedere ai dati personali che abbiamo memorizzato su di te e di richiedere che i tuoi dati personali siano corretti, aggiornati o cancellati. Se desideri esercitare questo diritto, contattaci tramite le informazioni di contatto riportate di seguito.<br><br>Se risiedi in Europa, ti informiamo inoltre che elaboriamo i tuoi dati per adempiere a contratti che potremmo avere con te (ad esempio, se effettui un ordine tramite il sito web) o per perseguire altri nostri legittimi interessi commerciali sopra elencati. Ti preghiamo inoltre di notare che i tuoi dati vengono trasferiti al di fuori dell'Europa, inclusi in Canada e negli Stati Uniti.<br><br><strong>Conservazione dei dati<br><\/strong><br>Se effettui un ordine tramite il sito web, conserviamo le informazioni sul tuo ordine per i nostri archivi, a meno che tu non ci chieda di eliminarle.<br><br><strong>Modifiche<br><\/strong><br>Potremmo aggiornare questa politica sulla privacy di volta in volta, ad esempio per riflettere modifiche alle nostre pratiche o per altri motivi operativi, legali o regolamentari.<br><br><strong>Minorenni<br><\/strong><br>Il sito web non \u00e8 destinato a persone di et\u00e0 inferiore ai 18 anni.<\/p>","protected":false},"excerpt":{"rendered":"<p>Diese Datenschutzrichtlinie beschreibt, wie Ihre pers\u00f6nlichen Daten erfasst, verwendet und weitergegeben werden, wenn Sie vapingnet.de besuchen oder einen Kauf t\u00e4tigen. Pers\u00f6nliche Daten, die wir sammeln&#8230;<\/p>","protected":false},"author":2,"featured_media":0,"parent":0,"menu_order":0,"comment_status":"closed","ping_status":"closed","template":"","meta":{"footnotes":""},"class_list":["post-5627","page","type-page","status-publish","hentry"],"yoast_head":"<!-- This site is optimized with the Yoast SEO plugin v26.5 - https:\/\/yoast.com\/wordpress\/plugins\/seo\/ -->\n<title>Datenschutzrichtlinie | Vapingnet.de<\/title>\n<meta name=\"description\" content=\"A quick overview from vapingnet.de: Datenschutzrichtlinie\" \/>\n<meta name=\"robots\" content=\"index, follow, max-snippet:-1, max-image-preview:large, max-video-preview:-1\" \/>\n<link rel=\"canonical\" href=\"https:\/\/vapingnet.de\/it\/datenschutzrichtlinie\/\" \/>\n<meta property=\"og:locale\" content=\"it_IT\" \/>\n<meta property=\"og:type\" content=\"article\" \/>\n<meta property=\"og:title\" content=\"Datenschutzrichtlinie | Vapingnet.de\" \/>\n<meta property=\"og:description\" content=\"A quick overview from vapingnet.de: Datenschutzrichtlinie\" \/>\n<meta property=\"og:url\" content=\"https:\/\/vapingnet.de\/it\/datenschutzrichtlinie\/\" \/>\n<meta property=\"og:site_name\" content=\"Vapingnet.de\" \/>\n<meta property=\"article:publisher\" content=\"https:\/\/www.facebook.com\/vapingnetde\/\" \/>\n<meta property=\"article:modified_time\" content=\"2025-12-25T07:50:32+00:00\" \/>\n<meta name=\"twitter:card\" content=\"summary_large_image\" \/>\n<meta name=\"twitter:label1\" content=\"Est. reading time\" \/>\n\t<meta name=\"twitter:data1\" content=\"5 minutes\" \/>\n<script type=\"application\/ld+json\" class=\"yoast-schema-graph\">{\"@context\":\"https:\/\/schema.org\",\"@graph\":[{\"@type\":\"WebPage\",\"@id\":\"https:\/\/vapingnet.de\/datenschutzrichtlinie\/\",\"url\":\"https:\/\/vapingnet.de\/datenschutzrichtlinie\/\",\"name\":\"Datenschutzrichtlinie | Vapingnet.de\",\"isPartOf\":{\"@id\":\"https:\/\/vapingnet.de\/#website\"},\"datePublished\":\"2025-03-18T07:16:05+00:00\",\"dateModified\":\"2025-12-25T07:50:32+00:00\",\"description\":\"A quick overview from vapingnet.de: Datenschutzrichtlinie\",\"breadcrumb\":{\"@id\":\"https:\/\/vapingnet.de\/datenschutzrichtlinie\/#breadcrumb\"},\"inLanguage\":\"it-IT\",\"potentialAction\":[{\"@type\":\"ReadAction\",\"target\":[\"https:\/\/vapingnet.de\/datenschutzrichtlinie\/\"]}]},{\"@type\":\"BreadcrumbList\",\"@id\":\"https:\/\/vapingnet.de\/datenschutzrichtlinie\/#breadcrumb\",\"itemListElement\":[{\"@type\":\"ListItem\",\"position\":1,\"name\":\"Home\",\"item\":\"https:\/\/vapingnet.de\/\"},{\"@type\":\"ListItem\",\"position\":2,\"name\":\"Datenschutzrichtlinie\"}]},{\"@type\":\"WebSite\",\"@id\":\"https:\/\/vapingnet.de\/#website\",\"url\":\"https:\/\/vapingnet.de\/\",\"name\":\"Vapingnet.de\",\"description\":\"\",\"publisher\":{\"@id\":\"https:\/\/vapingnet.de\/#organization\"},\"potentialAction\":[{\"@type\":\"SearchAction\",\"target\":{\"@type\":\"EntryPoint\",\"urlTemplate\":\"https:\/\/vapingnet.de\/?s={search_term_string}\"},\"query-input\":{\"@type\":\"PropertyValueSpecification\",\"valueRequired\":true,\"valueName\":\"search_term_string\"}}],\"inLanguage\":\"it-IT\"},{\"@type\":\"Organization\",\"@id\":\"https:\/\/vapingnet.de\/#organization\",\"name\":\"Vapingnet.de\",\"url\":\"https:\/\/vapingnet.de\/\",\"logo\":{\"@type\":\"ImageObject\",\"inLanguage\":\"it-IT\",\"@id\":\"https:\/\/vapingnet.de\/#\/schema\/logo\/image\/\",\"url\":\"https:\/\/vapingnet.de\/wp-content\/uploads\/2025\/03\/cropped-vapingnet.de_.jpg\",\"contentUrl\":\"https:\/\/vapingnet.de\/wp-content\/uploads\/2025\/03\/cropped-vapingnet.de_.jpg\",\"width\":512,\"height\":512,\"caption\":\"Vapingnet.de\"},\"image\":{\"@id\":\"https:\/\/vapingnet.de\/#\/schema\/logo\/image\/\"},\"sameAs\":[\"https:\/\/www.facebook.com\/vapingnetde\/\"]}]}<\/script>\n<!-- \/ Yoast SEO plugin. -->","yoast_head_json":{"title":"Datenschutzrichtlinie | Vapingnet.de","description":"A quick overview from vapingnet.de: Datenschutzrichtlinie","robots":{"index":"index","follow":"follow","max-snippet":"max-snippet:-1","max-image-preview":"max-image-preview:large","max-video-preview":"max-video-preview:-1"},"canonical":"https:\/\/vapingnet.de\/it\/datenschutzrichtlinie\/","og_locale":"it_IT","og_type":"article","og_title":"Datenschutzrichtlinie | Vapingnet.de","og_description":"A quick overview from vapingnet.de: Datenschutzrichtlinie","og_url":"https:\/\/vapingnet.de\/it\/datenschutzrichtlinie\/","og_site_name":"Vapingnet.de","article_publisher":"https:\/\/www.facebook.com\/vapingnetde\/","article_modified_time":"2025-12-25T07:50:32+00:00","twitter_card":"summary_large_image","twitter_misc":{"Est. reading time":"5 minutes"},"schema":{"@context":"https:\/\/schema.org","@graph":[{"@type":"WebPage","@id":"https:\/\/vapingnet.de\/datenschutzrichtlinie\/","url":"https:\/\/vapingnet.de\/datenschutzrichtlinie\/","name":"Datenschutzrichtlinie | Vapingnet.de","isPartOf":{"@id":"https:\/\/vapingnet.de\/#website"},"datePublished":"2025-03-18T07:16:05+00:00","dateModified":"2025-12-25T07:50:32+00:00","description":"A quick overview from vapingnet.de: Datenschutzrichtlinie","breadcrumb":{"@id":"https:\/\/vapingnet.de\/datenschutzrichtlinie\/#breadcrumb"},"inLanguage":"it-IT","potentialAction":[{"@type":"ReadAction","target":["https:\/\/vapingnet.de\/datenschutzrichtlinie\/"]}]},{"@type":"BreadcrumbList","@id":"https:\/\/vapingnet.de\/datenschutzrichtlinie\/#breadcrumb","itemListElement":[{"@type":"ListItem","position":1,"name":"Home","item":"https:\/\/vapingnet.de\/"},{"@type":"ListItem","position":2,"name":"Datenschutzrichtlinie"}]},{"@type":"WebSite","@id":"https:\/\/vapingnet.de\/#website","url":"https:\/\/vapingnet.de\/","name":"Vapingnet.de","description":"","publisher":{"@id":"https:\/\/vapingnet.de\/#organization"},"potentialAction":[{"@type":"SearchAction","target":{"@type":"EntryPoint","urlTemplate":"https:\/\/vapingnet.de\/?s={search_term_string}"},"query-input":{"@type":"PropertyValueSpecification","valueRequired":true,"valueName":"search_term_string"}}],"inLanguage":"it-IT"},{"@type":"Organization","@id":"https:\/\/vapingnet.de\/#organization","name":"Vapingnet.de","url":"https:\/\/vapingnet.de\/","logo":{"@type":"ImageObject","inLanguage":"it-IT","@id":"https:\/\/vapingnet.de\/#\/schema\/logo\/image\/","url":"https:\/\/vapingnet.de\/wp-content\/uploads\/2025\/03\/cropped-vapingnet.de_.jpg","contentUrl":"https:\/\/vapingnet.de\/wp-content\/uploads\/2025\/03\/cropped-vapingnet.de_.jpg","width":512,"height":512,"caption":"Vapingnet.de"},"image":{"@id":"https:\/\/vapingnet.de\/#\/schema\/logo\/image\/"},"sameAs":["https:\/\/www.facebook.com\/vapingnetde\/"]}]}},"_links":{"self":[{"href":"https:\/\/vapingnet.de\/it\/wp-json\/wp\/v2\/pages\/5627","targetHints":{"allow":["GET"]}}],"collection":[{"href":"https:\/\/vapingnet.de\/it\/wp-json\/wp\/v2\/pages"}],"about":[{"href":"https:\/\/vapingnet.de\/it\/wp-json\/wp\/v2\/types\/page"}],"author":[{"embeddable":true,"href":"https:\/\/vapingnet.de\/it\/wp-json\/wp\/v2\/users\/2"}],"replies":[{"embeddable":true,"href":"https:\/\/vapingnet.de\/it\/wp-json\/wp\/v2\/comments?post=5627"}],"version-history":[{"count":3,"href":"https:\/\/vapingnet.de\/it\/wp-json\/wp\/v2\/pages\/5627\/revisions"}],"predecessor-version":[{"id":7417,"href":"https:\/\/vapingnet.de\/it\/wp-json\/wp\/v2\/pages\/5627\/revisions\/7417"}],"wp:attachment":[{"href":"https:\/\/vapingnet.de\/it\/wp-json\/wp\/v2\/media?parent=5627"}],"curies":[{"name":"wp","href":"https:\/\/api.w.org\/{rel}","templated":true}]}}