{"id":4969,"date":"2025-03-11T03:41:41","date_gmt":"2025-03-11T03:41:41","guid":{"rendered":"https:\/\/vapingnet.de\/?post_type=product&#038;p=4969"},"modified":"2025-06-19T03:43:50","modified_gmt":"2025-06-19T03:43:50","slug":"randm-tornado-7000-dr-blue-fuer-einen-coolen-moment","status":"publish","type":"product","link":"https:\/\/vapingnet.de\/it\/vape\/randm-tornado-7000-dr-blue-fuer-einen-coolen-moment\/","title":{"rendered":"RandM Tornado 7000 Dr Blue per un momento fresco"},"content":{"rendered":"<h2 data-start=\"0\" data-end=\"108\" data-immersive-translate-paragraph=\"1\" data-immersive-translate-walked=\"39ea698e-f77c-4820-88a2-7372fce13aa9\">RandM Tornado 7000 \u2013 Scopri il fascino segreto di Dr Blue e goditi l'esperienza definitiva! \ud83c\udf2a\ufe0f\ud83d\udca5<\/h2>\n<p data-start=\"110\" data-end=\"512\" data-immersive-translate-walked=\"39ea698e-f77c-4820-88a2-7372fce13aa9\" data-immersive-translate-paragraph=\"1\">Sei pronto a vivere un'esperienza di svapo completamente nuova? La <a href=\"https:\/\/vapingnet.de\/it\/randm-tornado-7000\/\" target=\"_blank\" rel=\"noopener\"><strong>RandM Tornado 7000<\/strong><\/a> \u00e8 stata progettata per tutti coloro che cercano durata lunga, gusto ricco e design unico. Con 7000 tiri, il gusto esclusivo di Dr Blue e effetti luminosi RGB a 6 colori, questo dispositivo diventer\u00e0 rapidamente il tuo nuovo preferito e ti sorprender\u00e0 ad ogni tiro!<\/p>\n<ul>\n<li data-start=\"514\" data-end=\"571\" data-immersive-translate-walked=\"39ea698e-f77c-4820-88a2-7372fce13aa9\" data-immersive-translate-paragraph=\"1\">\u26a1 Durata lunga per un piacere continuo<\/li>\n<\/ul>\n<p data-start=\"572\" data-end=\"976\" data-immersive-translate-walked=\"39ea698e-f77c-4820-88a2-7372fce13aa9\" data-immersive-translate-paragraph=\"1\">Non preoccuparti pi\u00f9 della durata della batteria! La RandM Tornado 7000 \u00e8 dotata di una potente batteria da 850mAh e supporta la ricarica rapida Type-C, cos\u00ec puoi ricaricare rapidamente in qualsiasi momento. Con 7000 tiri, puoi goderti senza interruzioni, senza dover ricaricare continuamente. Perfetta per l'uso quotidiano o in movimento, per sfruttare al massimo la tua esperienza di svapo.<\/p>\n<ul>\n<li data-start=\"978\" data-end=\"1048\" data-immersive-translate-walked=\"39ea698e-f77c-4820-88a2-7372fce13aa9\" data-immersive-translate-paragraph=\"1\">\ud83c\udf47 Gusto Dr Blue \u2013 Note fruttate e di erbe uniche<\/li>\n<\/ul>\n<p data-start=\"1049\" data-end=\"1410\" data-immersive-translate-walked=\"39ea698e-f77c-4820-88a2-7372fce13aa9\">Il gusto di Dr Blue ti offre un'esperienza completamente unica! Questa sigaretta elettronica combina aromi fruttati con un tocco di erbe fresche, offrendo ogni volta un'esperienza di gusto sorprendente. Con 2% di nicotina, garantisce il perfetto equilibrio tra piacere e soddisfazione, cos\u00ec puoi goderti lo svapo al massimo.<\/p>\n<ul>\n<li data-start=\"1412\" data-end=\"1507\" data-immersive-translate-walked=\"39ea698e-f77c-4820-88a2-7372fce13aa9\">\ud83d\udca1 Effetti luminosi RGB a 6 colori \u2013 Effetti visivi cool per il tuo stile personale<\/li>\n<\/ul>\n<p data-start=\"1508\" data-end=\"1854\" data-immersive-translate-walked=\"39ea698e-f77c-4820-88a2-7372fce13aa9\">La RandM Tornado 7000 \u00e8 dotata di effetti luminosi RGB a 6 colori che cambiano ad ogni tiro. Questi effetti luminosi rendono l'esperienza visiva ancora pi\u00f9 emozionante. Che tu sia in festa, in movimento o da solo \u2013 con questa sigaretta elettronica sarai sicuramente al centro dell'attenzione.<\/p>\n<ul>\n<li data-start=\"1856\" data-end=\"1923\">\ud83d\udd25 Coil Mesh da 1,2\u03a9 \u2013 Gusto perfetto e vapore denso<\/li>\n<\/ul>\n<p data-start=\"1924\" data-end=\"2259\">La coil Mesh da 1,2\u03a9 garantisce una vaporizzazione uniforme del liquido, producendo vapore ricco, morbido e un gusto intenso. Ogni inalazione offre un'esperienza liscia e costante, permettendoti di apprezzare appieno il sapore. Questa coil Mesh assicura un'alta qualit\u00e0 del vapore ad ogni tiro.<\/p>\n<h3 data-start=\"2261\" data-end=\"2323\">\ud83d\ude80 I vantaggi unici della RandM Tornado 7000<\/h3>\n<ul data-start=\"2324\" data-end=\"2895\">\n<li data-start=\"2324\" data-end=\"2391\">7000 tiri \u2013 Durata prolungata per un piacere di vapore duraturo<\/li>\n<li data-start=\"2392\" data-end=\"2473\">Batteria da 850mAh + ricarica rapida Type-C \u2013 Ricarica veloce e lunga durata<\/li>\n<li data-start=\"2474\" data-end=\"2562\">Gusto Dr Blue \u2013 Gusto fruttato e di erbe unico per il tuo piacere<\/li>\n<li data-start=\"2563\" data-end=\"2656\">Effetti luminosi RGB a 6 colori \u2013 Mostra la tua personalit\u00e0 e lascia parlare le luci<\/li>\n<li data-start=\"2657\" data-end=\"2742\">Coil Mesh da 1,2\u03a9 \u2013 Offre vapore ricco, morbido e gusto intenso<\/li>\n<li data-start=\"2743\" data-end=\"2806\">Capacit\u00e0 di liquido di 14ml \u2013 Pi\u00f9 liquido per un piacere pi\u00f9 duraturo<\/li>\n<li data-start=\"2807\" data-end=\"2895\">Nicotine 2% \u2013 Ideale per un colpo di gola perfetto e soddisfazione duratura<\/li>\n<\/ul>\n<p data-start=\"2897\" data-end=\"3162\" data-is-last-node=\"\" data-is-only-node=\"\">La RandM Tornado 7000 ti offre non solo prestazioni eccellenti, ma anche effetti luminosi cool e un'esperienza di gusto ricca. Visita <a href=\"https:\/\/vapingnet.de\/it\/\" target=\"_new\" rel=\"noopener\" data-start=\"3049\" data-end=\"3086\">vapingnet.de<\/a> e inizia il tuo viaggio a vapore con il gusto unico di Dr Blue!<\/p>","protected":false},"excerpt":{"rendered":"<p>Sigarette elettroniche di alta qualit\u00e0\ud83d\udd25, spedite direttamente da magazzino a Bremen, consegna in 2-4 giorni!<\/p>","protected":false},"featured_media":4970,"template":"","meta":[],"etheme_brands":[],"product_brand":[96],"product_cat":[89,59,49,61],"product_tag":[],"class_list":{"0":"post-4969","1":"product","2":"type-product","3":"status-publish","4":"has-post-thumbnail","6":"product_brand-randm-vape","7":"product_cat-vape-7000-zuege","8":"product_cat-de","9":"product_cat-einweg-e-zigarette","10":"product_cat-f","12":"first","13":"instock","14":"shipping-taxable","15":"purchasable","16":"product-type-simple"},"yoast_head":"<!-- This site is optimized with the Yoast SEO plugin v26.5 - https:\/\/yoast.com\/wordpress\/plugins\/seo\/ -->\n<title>RandM Tornado 7000 Dr Blue f\u00fcr einen coolen Moment | Vapingnet.de<\/title>\n<meta name=\"description\" content=\"Entdecke RandM Tornado 7000 Dr Blue f\u00fcr einen coolen Moment bei vapingnet.de, \u25ba Gro\u00dfe Auswahl an Geschmacksrichtungen &amp; super g\u00fcnstig!\" \/>\n<meta name=\"robots\" content=\"index, follow, max-snippet:-1, max-image-preview:large, max-video-preview:-1\" \/>\n<link rel=\"canonical\" href=\"https:\/\/vapingnet.de\/it\/vape\/randm-tornado-7000-dr-blue-fuer-einen-coolen-moment\/\" \/>\n<meta property=\"og:locale\" content=\"it_IT\" \/>\n<meta property=\"og:type\" content=\"article\" \/>\n<meta property=\"og:title\" content=\"RandM Tornado 7000 Dr Blue f\u00fcr einen coolen Moment | Vapingnet.de\" \/>\n<meta property=\"og:description\" content=\"Entdecke RandM Tornado 7000 Dr Blue f\u00fcr einen coolen Moment bei vapingnet.de, \u25ba Gro\u00dfe Auswahl an Geschmacksrichtungen &amp; super g\u00fcnstig!\" \/>\n<meta property=\"og:url\" content=\"https:\/\/vapingnet.de\/it\/vape\/randm-tornado-7000-dr-blue-fuer-einen-coolen-moment\/\" \/>\n<meta property=\"og:site_name\" content=\"Vapingnet.de\" \/>\n<meta property=\"article:publisher\" content=\"https:\/\/www.facebook.com\/vapingnetde\/\" \/>\n<meta property=\"article:modified_time\" content=\"2025-06-19T03:43:50+00:00\" \/>\n<meta property=\"og:image\" content=\"https:\/\/vapingnet.de\/wp-content\/uploads\/2025\/03\/randm-tornado-7000-drblue.webp\" \/>\n\t<meta property=\"og:image:width\" content=\"1000\" \/>\n\t<meta property=\"og:image:height\" content=\"1000\" \/>\n\t<meta property=\"og:image:type\" content=\"image\/webp\" \/>\n<meta name=\"twitter:card\" content=\"summary_large_image\" \/>\n<meta name=\"twitter:label1\" content=\"Est. reading time\" \/>\n\t<meta name=\"twitter:data1\" content=\"3 minutes\" \/>\n<script type=\"application\/ld+json\" class=\"yoast-schema-graph\">{\"@context\":\"https:\/\/schema.org\",\"@graph\":[{\"@type\":\"WebPage\",\"@id\":\"https:\/\/vapingnet.de\/vape\/randm-tornado-7000-dr-blue-fuer-einen-coolen-moment\/\",\"url\":\"https:\/\/vapingnet.de\/vape\/randm-tornado-7000-dr-blue-fuer-einen-coolen-moment\/\",\"name\":\"RandM Tornado 7000 Dr Blue f\u00fcr einen coolen Moment | Vapingnet.de\",\"isPartOf\":{\"@id\":\"https:\/\/vapingnet.de\/#website\"},\"primaryImageOfPage\":{\"@id\":\"https:\/\/vapingnet.de\/vape\/randm-tornado-7000-dr-blue-fuer-einen-coolen-moment\/#primaryimage\"},\"image\":{\"@id\":\"https:\/\/vapingnet.de\/vape\/randm-tornado-7000-dr-blue-fuer-einen-coolen-moment\/#primaryimage\"},\"thumbnailUrl\":\"https:\/\/vapingnet.de\/wp-content\/uploads\/2025\/03\/randm-tornado-7000-drblue.webp\",\"datePublished\":\"2025-03-11T03:41:41+00:00\",\"dateModified\":\"2025-06-19T03:43:50+00:00\",\"description\":\"Entdecke RandM Tornado 7000 Dr Blue f\u00fcr einen coolen Moment bei vapingnet.de, \u25ba Gro\u00dfe Auswahl an Geschmacksrichtungen & super g\u00fcnstig!\",\"breadcrumb\":{\"@id\":\"https:\/\/vapingnet.de\/vape\/randm-tornado-7000-dr-blue-fuer-einen-coolen-moment\/#breadcrumb\"},\"inLanguage\":\"it-IT\",\"potentialAction\":[{\"@type\":\"ReadAction\",\"target\":[\"https:\/\/vapingnet.de\/vape\/randm-tornado-7000-dr-blue-fuer-einen-coolen-moment\/\"]}]},{\"@type\":\"ImageObject\",\"inLanguage\":\"it-IT\",\"@id\":\"https:\/\/vapingnet.de\/vape\/randm-tornado-7000-dr-blue-fuer-einen-coolen-moment\/#primaryimage\",\"url\":\"https:\/\/vapingnet.de\/wp-content\/uploads\/2025\/03\/randm-tornado-7000-drblue.webp\",\"contentUrl\":\"https:\/\/vapingnet.de\/wp-content\/uploads\/2025\/03\/randm-tornado-7000-drblue.webp\",\"width\":1000,\"height\":1000,\"caption\":\"randm-tornado-7000-drblue\"},{\"@type\":\"BreadcrumbList\",\"@id\":\"https:\/\/vapingnet.de\/vape\/randm-tornado-7000-dr-blue-fuer-einen-coolen-moment\/#breadcrumb\",\"itemListElement\":[{\"@type\":\"ListItem\",\"position\":1,\"name\":\"Home\",\"item\":\"https:\/\/vapingnet.de\/\"},{\"@type\":\"ListItem\",\"position\":2,\"name\":\"Shop\",\"item\":\"https:\/\/vapingnet.de\/vape\/\"},{\"@type\":\"ListItem\",\"position\":3,\"name\":\"RandM Tornado 7000 Dr Blue f\u00fcr einen coolen Moment\"}]},{\"@type\":\"WebSite\",\"@id\":\"https:\/\/vapingnet.de\/#website\",\"url\":\"https:\/\/vapingnet.de\/\",\"name\":\"Vapingnet.de\",\"description\":\"\",\"publisher\":{\"@id\":\"https:\/\/vapingnet.de\/#organization\"},\"potentialAction\":[{\"@type\":\"SearchAction\",\"target\":{\"@type\":\"EntryPoint\",\"urlTemplate\":\"https:\/\/vapingnet.de\/?s={search_term_string}\"},\"query-input\":{\"@type\":\"PropertyValueSpecification\",\"valueRequired\":true,\"valueName\":\"search_term_string\"}}],\"inLanguage\":\"it-IT\"},{\"@type\":\"Organization\",\"@id\":\"https:\/\/vapingnet.de\/#organization\",\"name\":\"Vapingnet.de\",\"url\":\"https:\/\/vapingnet.de\/\",\"logo\":{\"@type\":\"ImageObject\",\"inLanguage\":\"it-IT\",\"@id\":\"https:\/\/vapingnet.de\/#\/schema\/logo\/image\/\",\"url\":\"https:\/\/vapingnet.de\/wp-content\/uploads\/2025\/03\/cropped-vapingnet.de_.jpg\",\"contentUrl\":\"https:\/\/vapingnet.de\/wp-content\/uploads\/2025\/03\/cropped-vapingnet.de_.jpg\",\"width\":512,\"height\":512,\"caption\":\"Vapingnet.de\"},\"image\":{\"@id\":\"https:\/\/vapingnet.de\/#\/schema\/logo\/image\/\"},\"sameAs\":[\"https:\/\/www.facebook.com\/vapingnetde\/\"]}]}<\/script>\n<!-- \/ Yoast SEO plugin. -->","yoast_head_json":{"title":"RandM Tornado 7000 Dr Blue f\u00fcr einen coolen Moment | Vapingnet.de","description":"Entdecke RandM Tornado 7000 Dr Blue f\u00fcr einen coolen Moment bei vapingnet.de, \u25ba Gro\u00dfe Auswahl an Geschmacksrichtungen & super g\u00fcnstig!","robots":{"index":"index","follow":"follow","max-snippet":"max-snippet:-1","max-image-preview":"max-image-preview:large","max-video-preview":"max-video-preview:-1"},"canonical":"https:\/\/vapingnet.de\/it\/vape\/randm-tornado-7000-dr-blue-fuer-einen-coolen-moment\/","og_locale":"it_IT","og_type":"article","og_title":"RandM Tornado 7000 Dr Blue f\u00fcr einen coolen Moment | Vapingnet.de","og_description":"Entdecke RandM Tornado 7000 Dr Blue f\u00fcr einen coolen Moment bei vapingnet.de, \u25ba Gro\u00dfe Auswahl an Geschmacksrichtungen & super g\u00fcnstig!","og_url":"https:\/\/vapingnet.de\/it\/vape\/randm-tornado-7000-dr-blue-fuer-einen-coolen-moment\/","og_site_name":"Vapingnet.de","article_publisher":"https:\/\/www.facebook.com\/vapingnetde\/","article_modified_time":"2025-06-19T03:43:50+00:00","og_image":[{"width":1000,"height":1000,"url":"https:\/\/vapingnet.de\/wp-content\/uploads\/2025\/03\/randm-tornado-7000-drblue.webp","type":"image\/webp"}],"twitter_card":"summary_large_image","twitter_misc":{"Est. reading time":"3 minutes"},"schema":{"@context":"https:\/\/schema.org","@graph":[{"@type":"WebPage","@id":"https:\/\/vapingnet.de\/vape\/randm-tornado-7000-dr-blue-fuer-einen-coolen-moment\/","url":"https:\/\/vapingnet.de\/vape\/randm-tornado-7000-dr-blue-fuer-einen-coolen-moment\/","name":"RandM Tornado 7000 Dr Blue f\u00fcr einen coolen Moment | Vapingnet.de","isPartOf":{"@id":"https:\/\/vapingnet.de\/#website"},"primaryImageOfPage":{"@id":"https:\/\/vapingnet.de\/vape\/randm-tornado-7000-dr-blue-fuer-einen-coolen-moment\/#primaryimage"},"image":{"@id":"https:\/\/vapingnet.de\/vape\/randm-tornado-7000-dr-blue-fuer-einen-coolen-moment\/#primaryimage"},"thumbnailUrl":"https:\/\/vapingnet.de\/wp-content\/uploads\/2025\/03\/randm-tornado-7000-drblue.webp","datePublished":"2025-03-11T03:41:41+00:00","dateModified":"2025-06-19T03:43:50+00:00","description":"Entdecke RandM Tornado 7000 Dr Blue f\u00fcr einen coolen Moment bei vapingnet.de, \u25ba Gro\u00dfe Auswahl an Geschmacksrichtungen & super g\u00fcnstig!","breadcrumb":{"@id":"https:\/\/vapingnet.de\/vape\/randm-tornado-7000-dr-blue-fuer-einen-coolen-moment\/#breadcrumb"},"inLanguage":"it-IT","potentialAction":[{"@type":"ReadAction","target":["https:\/\/vapingnet.de\/vape\/randm-tornado-7000-dr-blue-fuer-einen-coolen-moment\/"]}]},{"@type":"ImageObject","inLanguage":"it-IT","@id":"https:\/\/vapingnet.de\/vape\/randm-tornado-7000-dr-blue-fuer-einen-coolen-moment\/#primaryimage","url":"https:\/\/vapingnet.de\/wp-content\/uploads\/2025\/03\/randm-tornado-7000-drblue.webp","contentUrl":"https:\/\/vapingnet.de\/wp-content\/uploads\/2025\/03\/randm-tornado-7000-drblue.webp","width":1000,"height":1000,"caption":"randm-tornado-7000-drblue"},{"@type":"BreadcrumbList","@id":"https:\/\/vapingnet.de\/vape\/randm-tornado-7000-dr-blue-fuer-einen-coolen-moment\/#breadcrumb","itemListElement":[{"@type":"ListItem","position":1,"name":"Home","item":"https:\/\/vapingnet.de\/"},{"@type":"ListItem","position":2,"name":"Shop","item":"https:\/\/vapingnet.de\/vape\/"},{"@type":"ListItem","position":3,"name":"RandM Tornado 7000 Dr Blue f\u00fcr einen coolen Moment"}]},{"@type":"WebSite","@id":"https:\/\/vapingnet.de\/#website","url":"https:\/\/vapingnet.de\/","name":"Vapingnet.de","description":"","publisher":{"@id":"https:\/\/vapingnet.de\/#organization"},"potentialAction":[{"@type":"SearchAction","target":{"@type":"EntryPoint","urlTemplate":"https:\/\/vapingnet.de\/?s={search_term_string}"},"query-input":{"@type":"PropertyValueSpecification","valueRequired":true,"valueName":"search_term_string"}}],"inLanguage":"it-IT"},{"@type":"Organization","@id":"https:\/\/vapingnet.de\/#organization","name":"Vapingnet.de","url":"https:\/\/vapingnet.de\/","logo":{"@type":"ImageObject","inLanguage":"it-IT","@id":"https:\/\/vapingnet.de\/#\/schema\/logo\/image\/","url":"https:\/\/vapingnet.de\/wp-content\/uploads\/2025\/03\/cropped-vapingnet.de_.jpg","contentUrl":"https:\/\/vapingnet.de\/wp-content\/uploads\/2025\/03\/cropped-vapingnet.de_.jpg","width":512,"height":512,"caption":"Vapingnet.de"},"image":{"@id":"https:\/\/vapingnet.de\/#\/schema\/logo\/image\/"},"sameAs":["https:\/\/www.facebook.com\/vapingnetde\/"]}]}},"tiered_pricing_type":"fixed","tiered_pricing_fixed_rules":{"10":"8.22","50":"7.40","110":"6.99","210":"6.58","510":"6.17","1100":"5.75"},"tiered_pricing_product_settings":{"layout":"default","base_unit_name":{"singular":null,"plural":null},"default_variation":null},"tiered_pricing_minimum_quantity":null,"tiered_pricing_roles_data":[],"tiered_pricing_percentage_rules":[],"_links":{"self":[{"href":"https:\/\/vapingnet.de\/it\/wp-json\/wp\/v2\/product\/4969","targetHints":{"allow":["GET"]}}],"collection":[{"href":"https:\/\/vapingnet.de\/it\/wp-json\/wp\/v2\/product"}],"about":[{"href":"https:\/\/vapingnet.de\/it\/wp-json\/wp\/v2\/types\/product"}],"version-history":[{"count":1,"href":"https:\/\/vapingnet.de\/it\/wp-json\/wp\/v2\/product\/4969\/revisions"}],"predecessor-version":[{"id":4971,"href":"https:\/\/vapingnet.de\/it\/wp-json\/wp\/v2\/product\/4969\/revisions\/4971"}],"wp:featuredmedia":[{"embeddable":true,"href":"https:\/\/vapingnet.de\/it\/wp-json\/wp\/v2\/media\/4970"}],"wp:attachment":[{"href":"https:\/\/vapingnet.de\/it\/wp-json\/wp\/v2\/media?parent=4969"}],"wp:term":[{"taxonomy":"brand","embeddable":true,"href":"https:\/\/vapingnet.de\/it\/wp-json\/wp\/v2\/etheme_brands?post=4969"},{"taxonomy":"product_brand","embeddable":true,"href":"https:\/\/vapingnet.de\/it\/wp-json\/wp\/v2\/product_brand?post=4969"},{"taxonomy":"product_cat","embeddable":true,"href":"https:\/\/vapingnet.de\/it\/wp-json\/wp\/v2\/product_cat?post=4969"},{"taxonomy":"product_tag","embeddable":true,"href":"https:\/\/vapingnet.de\/it\/wp-json\/wp\/v2\/product_tag?post=4969"}],"curies":[{"name":"wp","href":"https:\/\/api.w.org\/{rel}","templated":true}]}}