{"id":5086,"date":"2025-03-12T03:10:22","date_gmt":"2025-03-12T03:10:22","guid":{"rendered":"https:\/\/vapingnet.de\/?post_type=product&#038;p=5086"},"modified":"2025-06-19T03:42:04","modified_gmt":"2025-06-19T03:42:04","slug":"exklusiv-bang-king-15-000-puffs-double-apfel-top-geschmack","status":"publish","type":"product","link":"https:\/\/vapingnet.de\/it\/vape\/exklusiv-bang-king-15-000-puffs-double-apfel-top-geschmack\/","title":{"rendered":"Esclusivo Bang King 15000 Puffs Double Apfel gusto superiore"},"content":{"rendered":"<h2 data-start=\"0\" data-end=\"83\">Bang King Digital 15000 Puffs \u2013 Vaporizzatore definitivo, piacere duraturo<\/h2>\n<p data-start=\"85\" data-end=\"551\">Se cerchi una sigaretta elettronica usa e getta di alta qualit\u00e0, durevole e con un gusto intenso, la Bang King Digital 15000 Puffs \u00e8 la scelta perfetta per te! Come uno dei marchi leader nel mercato delle sigarette elettroniche, Bang King offre con questa <a href=\"https:\/\/vapingnet.de\/it\/k\/vape-15000-zuege\/\" target=\"_blank\" rel=\"noopener\"><strong>15000 tiri <\/strong><\/a>lungo sigaretta elettronica usa e getta prestazioni e un'esperienza utente senza paragoni. Che tu sia un principiante o un vaporizzatore esperto, questa sigaretta elettronica soddisfer\u00e0 tutti i tuoi desideri!<\/p>\n<h3 data-start=\"558\" data-end=\"624\">Perch\u00e9 scegliere la Bang King Digital 15000 Puffs?<\/h3>\n<ul>\n<li data-start=\"626\" data-end=\"685\">\ud83d\udd25 Durata estremamente lunga, piacere duraturo<br \/>\nCon 15000 tiri, la Bang King Digital 15000 Puffs offre una durata incredibilmente lunga, permettendoti di goderti il vaping per un lungo periodo. Ogni tiro \u00e8 uniforme e stabile, cos\u00ec puoi sempre goderti un vapore liscio e soddisfacente. Questa sigaretta elettronica \u00e8 perfetta per chi desidera una lunga durata e vuole vivere l'esperienza del vaping senza interruzioni.<\/li>\n<li data-start=\"1160\" data-end=\"1233\">\ud83d\udca8 Gusto vario che soddisfa ogni palato<br \/>\nChe tu cerchi un'esperienza di gusto fruttata o rinfrescante, il sapore Double Apple ti offre un equilibrio perfetto tra la dolcezza naturale e la freschezza delle mele. Ogni tiro \u00e8 come mordere una mela succosa e fresca \u2013 ideale per gli amanti di aromi naturali e rinfrescanti.<\/li>\n<li data-start=\"1617\" data-end=\"1672\">\ud83c\udf08 Effetti luminosi RGB LED per un look moderno<br \/>\nNon solo il gusto, ma anche il design \u00e8 eccezionale! La Bang <a href=\"https:\/\/vapingnet.de\/it\/bang-king-digital-15000-puffs\/\" target=\"_blank\" rel=\"noopener\"><strong>King Digital 15000 Puffs <\/strong><\/a>\u00e8 dotata di un effetto luminoso RGB LED che offre luci dinamiche e colorate. Questo elemento visivo garantisce non solo un'esperienza di svapo fantastica, ma anche un vero e proprio punto di attrazione. Le luci LED rendono la tua sigaretta elettronica un accessorio alla moda \u2013 ideale per sottolineare il tuo stile personale.<\/li>\n<li data-start=\"2133\" data-end=\"2178\">\ud83d\udd0b Batteria potente, ricarica comoda<br \/>\nCon una batteria ricaricabile da 650mAh e una porta Type-C, la Bang King Digital 15000 Puffs offre tempi di ricarica rapidi e un uso prolungato. Puoi ricaricarla facilmente e riutilizzarla pi\u00f9 volte, senza preoccuparti della durata della batteria. La ricarica veloce ti permette di essere sempre pronto all'uso.<\/li>\n<li data-start=\"2538\" data-end=\"2580\">\ud83c\udf0d Spedizione senza dazi e consegna rapida<br \/>\nSu vapingnet.de ordini la Bang King Digital 15000 Puffs con consegna senza dazi, cos\u00ec non devi preoccuparti di costi aggiuntivi. La nostra consegna rapida garantisce che riceverai il prodotto nel pi\u00f9 breve tempo possibile, senza lunghe attese per il tuo ordine.<\/li>\n<li data-start=\"2925\" data-end=\"2984\">\ud83d\udca7 Varie intensit\u00e0 di nicotina \u2013 per ogni gusto<br \/>\nChe tu voglia svapare senza nicotina o preferisca un livello di nicotina leggero o forte, ti offriamo la possibilit\u00e0 di scegliere tra 0%, 2%, 3%, 5% di nicotina. Ricorda che 0% e 3% di nicotina sono disponibili solo in quantit\u00e0 maggiori \u2013 cos\u00ec puoi goderti l'esperienza di nicotina che desideri.<\/li>\n<li data-start=\"3311\" data-end=\"3361\">\ud83d\udce6 Leggera, compatta e ideale per portare con te<br \/>\nCon solo 90g di peso, la Bang King Digital 15000 Puffs \u00e8 particolarmente leggera e portatile, cos\u00ec puoi portarla ovunque. Si adatta facilmente a qualsiasi tasca ed \u00e8 sempre pronta all'uso, ovunque tu sia.<\/li>\n<\/ul>\n<h3 data-start=\"3601\" data-end=\"3694\">Acquista subito la Bang King Digital 15000 Puffs e vivi l'esperienza di svapo perfetta!<\/h3>\n<p data-start=\"3696\" data-end=\"4066\">Se stai cercando una sigaretta elettronica usa e getta di alta qualit\u00e0, potente e elegante, allora il Bang King Digital 15000 Puffs \u00e8 esattamente ci\u00f2 di cui hai bisogno! Visita <a href=\"https:\/\/vapingnet.de\/it\/\" target=\"_new\" rel=\"noopener\" data-start=\"3889\" data-end=\"3926\">vapingnet.de<\/a> e scopri la sigaretta elettronica perfetta per te \u2013 con spedizione rapida, consegna senza dazi e un'ampia scelta di livelli di nicotina.<\/p>\n<p data-start=\"4068\" data-end=\"4148\" data-is-last-node=\"\" data-is-only-node=\"\">Ordina ora, goditi la consegna veloce e inizia la tua esperienza di svapo!<\/p>","protected":false},"excerpt":{"rendered":"<p>Bang King Digital 15000 Puffs \u2013 Ultimatives Dampfen, langanhaltender Genuss Wenn du nach einer hochwertigen, langlebigen und geschmacksintensiven Einweg-E-Zigarette suchst, ist die Bang King Digital&#8230;<\/p>","protected":false},"featured_media":5087,"template":"","meta":[],"etheme_brands":[],"product_brand":[101],"product_cat":[53,49,61],"product_tag":[],"class_list":{"0":"post-5086","1":"product","2":"type-product","3":"status-publish","4":"has-post-thumbnail","6":"product_brand-bang-king-vape","7":"product_cat-vape-15000-zuege","8":"product_cat-einweg-e-zigarette","9":"product_cat-f","11":"first","12":"instock","13":"shipping-taxable","14":"purchasable","15":"product-type-simple"},"yoast_head":"<!-- This site is optimized with the Yoast SEO plugin v26.5 - https:\/\/yoast.com\/wordpress\/plugins\/seo\/ -->\n<title>Exklusiv Bang King 15.000 Puffs Double Apfel Top Geschmack | Vapingnet.de<\/title>\n<meta name=\"description\" content=\"Entdecke Exklusiv Bang King 15.000 Puffs Double Apfel Top Geschmack bei vapingnet.de, \u25ba Gro\u00dfe Auswahl an Geschmacksrichtungen &amp; super g\u00fcnstig!\" \/>\n<meta name=\"robots\" content=\"index, follow, max-snippet:-1, max-image-preview:large, max-video-preview:-1\" \/>\n<link rel=\"canonical\" href=\"https:\/\/vapingnet.de\/it\/vape\/exklusiv-bang-king-15-000-puffs-double-apfel-top-geschmack\/\" \/>\n<meta property=\"og:locale\" content=\"it_IT\" \/>\n<meta property=\"og:type\" content=\"article\" \/>\n<meta property=\"og:title\" content=\"Exklusiv Bang King 15.000 Puffs Double Apfel Top Geschmack | Vapingnet.de\" \/>\n<meta property=\"og:description\" content=\"Entdecke Exklusiv Bang King 15.000 Puffs Double Apfel Top Geschmack bei vapingnet.de, \u25ba Gro\u00dfe Auswahl an Geschmacksrichtungen &amp; super g\u00fcnstig!\" \/>\n<meta property=\"og:url\" content=\"https:\/\/vapingnet.de\/it\/vape\/exklusiv-bang-king-15-000-puffs-double-apfel-top-geschmack\/\" \/>\n<meta property=\"og:site_name\" content=\"Vapingnet.de\" \/>\n<meta property=\"article:publisher\" content=\"https:\/\/www.facebook.com\/vapingnetde\/\" \/>\n<meta property=\"article:modified_time\" content=\"2025-06-19T03:42:04+00:00\" \/>\n<meta property=\"og:image\" content=\"https:\/\/vapingnet.de\/wp-content\/uploads\/2025\/03\/Double-Apple.png\" \/>\n\t<meta property=\"og:image:width\" content=\"900\" \/>\n\t<meta property=\"og:image:height\" content=\"600\" \/>\n\t<meta property=\"og:image:type\" content=\"image\/png\" \/>\n<meta name=\"twitter:card\" content=\"summary_large_image\" \/>\n<meta name=\"twitter:label1\" content=\"Est. reading time\" \/>\n\t<meta name=\"twitter:data1\" content=\"4 minutes\" \/>\n<script type=\"application\/ld+json\" class=\"yoast-schema-graph\">{\"@context\":\"https:\/\/schema.org\",\"@graph\":[{\"@type\":\"WebPage\",\"@id\":\"https:\/\/vapingnet.de\/vape\/exklusiv-bang-king-15-000-puffs-double-apfel-top-geschmack\/\",\"url\":\"https:\/\/vapingnet.de\/vape\/exklusiv-bang-king-15-000-puffs-double-apfel-top-geschmack\/\",\"name\":\"Exklusiv Bang King 15.000 Puffs Double Apfel Top Geschmack | Vapingnet.de\",\"isPartOf\":{\"@id\":\"https:\/\/vapingnet.de\/#website\"},\"primaryImageOfPage\":{\"@id\":\"https:\/\/vapingnet.de\/vape\/exklusiv-bang-king-15-000-puffs-double-apfel-top-geschmack\/#primaryimage\"},\"image\":{\"@id\":\"https:\/\/vapingnet.de\/vape\/exklusiv-bang-king-15-000-puffs-double-apfel-top-geschmack\/#primaryimage\"},\"thumbnailUrl\":\"https:\/\/vapingnet.de\/wp-content\/uploads\/2025\/03\/Double-Apple.png\",\"datePublished\":\"2025-03-12T03:10:22+00:00\",\"dateModified\":\"2025-06-19T03:42:04+00:00\",\"description\":\"Entdecke Exklusiv Bang King 15.000 Puffs Double Apfel Top Geschmack bei vapingnet.de, \u25ba Gro\u00dfe Auswahl an Geschmacksrichtungen & super g\u00fcnstig!\",\"breadcrumb\":{\"@id\":\"https:\/\/vapingnet.de\/vape\/exklusiv-bang-king-15-000-puffs-double-apfel-top-geschmack\/#breadcrumb\"},\"inLanguage\":\"it-IT\",\"potentialAction\":[{\"@type\":\"ReadAction\",\"target\":[\"https:\/\/vapingnet.de\/vape\/exklusiv-bang-king-15-000-puffs-double-apfel-top-geschmack\/\"]}]},{\"@type\":\"ImageObject\",\"inLanguage\":\"it-IT\",\"@id\":\"https:\/\/vapingnet.de\/vape\/exklusiv-bang-king-15-000-puffs-double-apfel-top-geschmack\/#primaryimage\",\"url\":\"https:\/\/vapingnet.de\/wp-content\/uploads\/2025\/03\/Double-Apple.png\",\"contentUrl\":\"https:\/\/vapingnet.de\/wp-content\/uploads\/2025\/03\/Double-Apple.png\",\"width\":900,\"height\":600,\"caption\":\"Double Apple\"},{\"@type\":\"BreadcrumbList\",\"@id\":\"https:\/\/vapingnet.de\/vape\/exklusiv-bang-king-15-000-puffs-double-apfel-top-geschmack\/#breadcrumb\",\"itemListElement\":[{\"@type\":\"ListItem\",\"position\":1,\"name\":\"Home\",\"item\":\"https:\/\/vapingnet.de\/\"},{\"@type\":\"ListItem\",\"position\":2,\"name\":\"Shop\",\"item\":\"https:\/\/vapingnet.de\/vape\/\"},{\"@type\":\"ListItem\",\"position\":3,\"name\":\"Exklusiv Bang King 15.000 Puffs Double Apfel Top Geschmack\"}]},{\"@type\":\"WebSite\",\"@id\":\"https:\/\/vapingnet.de\/#website\",\"url\":\"https:\/\/vapingnet.de\/\",\"name\":\"Vapingnet.de\",\"description\":\"\",\"publisher\":{\"@id\":\"https:\/\/vapingnet.de\/#organization\"},\"potentialAction\":[{\"@type\":\"SearchAction\",\"target\":{\"@type\":\"EntryPoint\",\"urlTemplate\":\"https:\/\/vapingnet.de\/?s={search_term_string}\"},\"query-input\":{\"@type\":\"PropertyValueSpecification\",\"valueRequired\":true,\"valueName\":\"search_term_string\"}}],\"inLanguage\":\"it-IT\"},{\"@type\":\"Organization\",\"@id\":\"https:\/\/vapingnet.de\/#organization\",\"name\":\"Vapingnet.de\",\"url\":\"https:\/\/vapingnet.de\/\",\"logo\":{\"@type\":\"ImageObject\",\"inLanguage\":\"it-IT\",\"@id\":\"https:\/\/vapingnet.de\/#\/schema\/logo\/image\/\",\"url\":\"https:\/\/vapingnet.de\/wp-content\/uploads\/2025\/03\/cropped-vapingnet.de_.jpg\",\"contentUrl\":\"https:\/\/vapingnet.de\/wp-content\/uploads\/2025\/03\/cropped-vapingnet.de_.jpg\",\"width\":512,\"height\":512,\"caption\":\"Vapingnet.de\"},\"image\":{\"@id\":\"https:\/\/vapingnet.de\/#\/schema\/logo\/image\/\"},\"sameAs\":[\"https:\/\/www.facebook.com\/vapingnetde\/\"]}]}<\/script>\n<!-- \/ Yoast SEO plugin. -->","yoast_head_json":{"title":"Exklusiv Bang King 15.000 Puffs Double Apfel Top Geschmack | Vapingnet.de","description":"Entdecke Exklusiv Bang King 15.000 Puffs Double Apfel Top Geschmack bei vapingnet.de, \u25ba Gro\u00dfe Auswahl an Geschmacksrichtungen & super g\u00fcnstig!","robots":{"index":"index","follow":"follow","max-snippet":"max-snippet:-1","max-image-preview":"max-image-preview:large","max-video-preview":"max-video-preview:-1"},"canonical":"https:\/\/vapingnet.de\/it\/vape\/exklusiv-bang-king-15-000-puffs-double-apfel-top-geschmack\/","og_locale":"it_IT","og_type":"article","og_title":"Exklusiv Bang King 15.000 Puffs Double Apfel Top Geschmack | Vapingnet.de","og_description":"Entdecke Exklusiv Bang King 15.000 Puffs Double Apfel Top Geschmack bei vapingnet.de, \u25ba Gro\u00dfe Auswahl an Geschmacksrichtungen & super g\u00fcnstig!","og_url":"https:\/\/vapingnet.de\/it\/vape\/exklusiv-bang-king-15-000-puffs-double-apfel-top-geschmack\/","og_site_name":"Vapingnet.de","article_publisher":"https:\/\/www.facebook.com\/vapingnetde\/","article_modified_time":"2025-06-19T03:42:04+00:00","og_image":[{"width":900,"height":600,"url":"https:\/\/vapingnet.de\/wp-content\/uploads\/2025\/03\/Double-Apple.png","type":"image\/png"}],"twitter_card":"summary_large_image","twitter_misc":{"Est. reading time":"4 minutes"},"schema":{"@context":"https:\/\/schema.org","@graph":[{"@type":"WebPage","@id":"https:\/\/vapingnet.de\/vape\/exklusiv-bang-king-15-000-puffs-double-apfel-top-geschmack\/","url":"https:\/\/vapingnet.de\/vape\/exklusiv-bang-king-15-000-puffs-double-apfel-top-geschmack\/","name":"Exklusiv Bang King 15.000 Puffs Double Apfel Top Geschmack | Vapingnet.de","isPartOf":{"@id":"https:\/\/vapingnet.de\/#website"},"primaryImageOfPage":{"@id":"https:\/\/vapingnet.de\/vape\/exklusiv-bang-king-15-000-puffs-double-apfel-top-geschmack\/#primaryimage"},"image":{"@id":"https:\/\/vapingnet.de\/vape\/exklusiv-bang-king-15-000-puffs-double-apfel-top-geschmack\/#primaryimage"},"thumbnailUrl":"https:\/\/vapingnet.de\/wp-content\/uploads\/2025\/03\/Double-Apple.png","datePublished":"2025-03-12T03:10:22+00:00","dateModified":"2025-06-19T03:42:04+00:00","description":"Entdecke Exklusiv Bang King 15.000 Puffs Double Apfel Top Geschmack bei vapingnet.de, \u25ba Gro\u00dfe Auswahl an Geschmacksrichtungen & super g\u00fcnstig!","breadcrumb":{"@id":"https:\/\/vapingnet.de\/vape\/exklusiv-bang-king-15-000-puffs-double-apfel-top-geschmack\/#breadcrumb"},"inLanguage":"it-IT","potentialAction":[{"@type":"ReadAction","target":["https:\/\/vapingnet.de\/vape\/exklusiv-bang-king-15-000-puffs-double-apfel-top-geschmack\/"]}]},{"@type":"ImageObject","inLanguage":"it-IT","@id":"https:\/\/vapingnet.de\/vape\/exklusiv-bang-king-15-000-puffs-double-apfel-top-geschmack\/#primaryimage","url":"https:\/\/vapingnet.de\/wp-content\/uploads\/2025\/03\/Double-Apple.png","contentUrl":"https:\/\/vapingnet.de\/wp-content\/uploads\/2025\/03\/Double-Apple.png","width":900,"height":600,"caption":"Double Apple"},{"@type":"BreadcrumbList","@id":"https:\/\/vapingnet.de\/vape\/exklusiv-bang-king-15-000-puffs-double-apfel-top-geschmack\/#breadcrumb","itemListElement":[{"@type":"ListItem","position":1,"name":"Home","item":"https:\/\/vapingnet.de\/"},{"@type":"ListItem","position":2,"name":"Shop","item":"https:\/\/vapingnet.de\/vape\/"},{"@type":"ListItem","position":3,"name":"Exklusiv Bang King 15.000 Puffs Double Apfel Top Geschmack"}]},{"@type":"WebSite","@id":"https:\/\/vapingnet.de\/#website","url":"https:\/\/vapingnet.de\/","name":"Vapingnet.de","description":"","publisher":{"@id":"https:\/\/vapingnet.de\/#organization"},"potentialAction":[{"@type":"SearchAction","target":{"@type":"EntryPoint","urlTemplate":"https:\/\/vapingnet.de\/?s={search_term_string}"},"query-input":{"@type":"PropertyValueSpecification","valueRequired":true,"valueName":"search_term_string"}}],"inLanguage":"it-IT"},{"@type":"Organization","@id":"https:\/\/vapingnet.de\/#organization","name":"Vapingnet.de","url":"https:\/\/vapingnet.de\/","logo":{"@type":"ImageObject","inLanguage":"it-IT","@id":"https:\/\/vapingnet.de\/#\/schema\/logo\/image\/","url":"https:\/\/vapingnet.de\/wp-content\/uploads\/2025\/03\/cropped-vapingnet.de_.jpg","contentUrl":"https:\/\/vapingnet.de\/wp-content\/uploads\/2025\/03\/cropped-vapingnet.de_.jpg","width":512,"height":512,"caption":"Vapingnet.de"},"image":{"@id":"https:\/\/vapingnet.de\/#\/schema\/logo\/image\/"},"sameAs":["https:\/\/www.facebook.com\/vapingnetde\/"]}]}},"tiered_pricing_type":"fixed","tiered_pricing_fixed_rules":{"10":"6.83","60":"6.15","110":"5.46","200":"4.78"},"tiered_pricing_product_settings":{"layout":"default","base_unit_name":{"singular":null,"plural":null},"default_variation":null},"tiered_pricing_minimum_quantity":null,"tiered_pricing_roles_data":[],"tiered_pricing_percentage_rules":[],"_links":{"self":[{"href":"https:\/\/vapingnet.de\/it\/wp-json\/wp\/v2\/product\/5086","targetHints":{"allow":["GET"]}}],"collection":[{"href":"https:\/\/vapingnet.de\/it\/wp-json\/wp\/v2\/product"}],"about":[{"href":"https:\/\/vapingnet.de\/it\/wp-json\/wp\/v2\/types\/product"}],"version-history":[{"count":2,"href":"https:\/\/vapingnet.de\/it\/wp-json\/wp\/v2\/product\/5086\/revisions"}],"predecessor-version":[{"id":6316,"href":"https:\/\/vapingnet.de\/it\/wp-json\/wp\/v2\/product\/5086\/revisions\/6316"}],"wp:featuredmedia":[{"embeddable":true,"href":"https:\/\/vapingnet.de\/it\/wp-json\/wp\/v2\/media\/5087"}],"wp:attachment":[{"href":"https:\/\/vapingnet.de\/it\/wp-json\/wp\/v2\/media?parent=5086"}],"wp:term":[{"taxonomy":"brand","embeddable":true,"href":"https:\/\/vapingnet.de\/it\/wp-json\/wp\/v2\/etheme_brands?post=5086"},{"taxonomy":"product_brand","embeddable":true,"href":"https:\/\/vapingnet.de\/it\/wp-json\/wp\/v2\/product_brand?post=5086"},{"taxonomy":"product_cat","embeddable":true,"href":"https:\/\/vapingnet.de\/it\/wp-json\/wp\/v2\/product_cat?post=5086"},{"taxonomy":"product_tag","embeddable":true,"href":"https:\/\/vapingnet.de\/it\/wp-json\/wp\/v2\/product_tag?post=5086"}],"curies":[{"name":"wp","href":"https:\/\/api.w.org\/{rel}","templated":true}]}}