{"id":5134,"date":"2025-03-12T07:47:16","date_gmt":"2025-03-12T07:47:16","guid":{"rendered":"https:\/\/vapingnet.de\/?post_type=product&#038;p=5134"},"modified":"2025-06-19T03:42:01","modified_gmt":"2025-06-19T03:42:01","slug":"20-000-zuege-voller-aroma-bang-blaze-watermelon-bubblegum","status":"publish","type":"product","link":"https:\/\/vapingnet.de\/it\/vape\/20-000-zuege-voller-aroma-bang-blaze-watermelon-bubblegum\/","title":{"rendered":"20.000 tiri pieni di aroma Bang Blaze Anguria Gomme da masticare"},"content":{"rendered":"<h2 data-start=\"0\" data-end=\"112\" data-immersive-translate-paragraph=\"1\" data-immersive-translate-walked=\"1e0d7aa3-5882-432b-89e3-9db3fb44fb98\">Bang Blaze 20000 Puffs \u2013 Vivi il gusto di anguria e chewing gum per un piacere di vapore duraturo!<\/h2>\n<p data-start=\"114\" data-end=\"587\" data-immersive-translate-walked=\"1e0d7aa3-5882-432b-89e3-9db3fb44fb98\" data-immersive-translate-paragraph=\"1\">Se sei un appassionato di sigarette elettroniche di alta qualit\u00e0, allora il Bang Blaze 20000 Puffs \u00e8 sicuramente la scelta che non puoi perdere. Come <a href=\"https:\/\/vapingnet.de\/it\/k\/einweg-e-zigarette\/\" target=\"_blank\" rel=\"noopener\"><strong>Sigaretta elettronica usa e getta<\/strong><\/a> offre non solo una durata di vapore eccezionalmente lunga, ma combina anche perfettamente il sapore di anguria e chewing gum, offrendo un'esperienza gustativa ricca di ricordi dolci. Scopriamo ora i punti salienti di questo prodotto e cosa lo rende cos\u00ec speciale!<\/p>\n<h4 data-start=\"589\" data-end=\"616\" data-immersive-translate-walked=\"1e0d7aa3-5882-432b-89e3-9db3fb44fb98\">Punti salienti del prodotto:<\/h4>\n<p data-start=\"618\" data-end=\"660\" data-immersive-translate-walked=\"1e0d7aa3-5882-432b-89e3-9db3fb44fb98\" data-immersive-translate-paragraph=\"1\">1. Lunga durata di vapore \u2013 20.000 tiri<\/p>\n<p data-start=\"662\" data-end=\"956\" data-immersive-translate-walked=\"1e0d7aa3-5882-432b-89e3-9db3fb44fb98\" data-immersive-translate-paragraph=\"1\">Il Bang Blaze 20000 Puffs ti offre un'incredibile durata di vapore fino a 20.000 tiri, cos\u00ec non dovrai preoccuparti di cambiare frequentemente dispositivo. Ogni tiro rimane uniforme e con un gusto costante, rendendolo ideale per l'uso quotidiano o sessioni di svapo pi\u00f9 lunghe.<\/p>\n<p data-start=\"958\" data-end=\"1029\" data-immersive-translate-walked=\"1e0d7aa3-5882-432b-89e3-9db3fb44fb98\" data-immersive-translate-paragraph=\"1\">2. Dul Mesh Coil \u2013 Sistema di riscaldamento stabile per vapore uniforme<\/p>\n<p data-start=\"1031\" data-end=\"1342\" data-immersive-translate-walked=\"1e0d7aa3-5882-432b-89e3-9db3fb44fb98\" data-immersive-translate-paragraph=\"1\">Il Bang Blaze \u00e8 dotato di un Dul Mesh Coil (1.0\u03a9), che garantisce un riscaldamento uniforme ed efficiente. Cos\u00ec puoi essere sicuro che ogni tiro sia delicato e gustoso. Questa tecnologia avanzata assicura che il vapore rimanga sempre uniforme e pieno di sapore.<\/p>\n<p data-start=\"1344\" data-end=\"1426\" data-immersive-translate-walked=\"1e0d7aa3-5882-432b-89e3-9db3fb44fb98\" data-immersive-translate-paragraph=\"1\">3. Gusto di anguria e chewing gum \u2013 Rinfrescante e dolce allo stesso tempo<\/p>\n<p data-start=\"1428\" data-end=\"1801\" data-immersive-translate-walked=\"1e0d7aa3-5882-432b-89e3-9db3fb44fb98\">Il sapore di anguria e chewing gum nel Bang Blaze 20000 Puffs \u00e8 la combinazione perfetta di freschezza rinfrescante e nostalgia dolce. Ogni tiro \u00e8 come una passeggiata in estate, avvolto dalla fruttosit\u00e0 dell'anguria e dalla dolcezza del chewing gum. Un'esperienza gustativa autentica per tutti gli amanti di aromi fruttati e dolci!<\/p>\n<p data-start=\"1803\" data-end=\"1880\" data-immersive-translate-walked=\"1e0d7aa3-5882-432b-89e3-9db3fb44fb98\">4. Diversi livelli di nicotina \u2013 Per un'esperienza su misura<\/p>\n<p data-start=\"1882\" data-end=\"2191\">Il Bang Blaze 20000 Puffs offre diversi livelli di nicotina: 0%, 2%, 3% e 5%. Puoi scegliere il livello di nicotina pi\u00f9 adatto a te, a seconda se preferisci un vapore pi\u00f9 delicato o pi\u00f9 intenso. Le varianti 0% e 3% possono essere ordinate in grandi quantit\u00e0, ideali per ordini all'ingrosso.<\/p>\n<p data-start=\"2193\" data-end=\"2260\">5. Ricarica rapida \u2013 Connessione Type-C per un piacere immediato<\/p>\n<p data-start=\"2262\" data-end=\"2515\">La connessione Type-C permette una ricarica veloce, cos\u00ec sarai sempre pronto a riprendere. Che tu sia in viaggio o a casa, con il caricatore rapido il Bang Blaze \u00e8 sempre pronto a offrirti un'esperienza di svapo indimenticabile.<\/p>\n<h4 data-start=\"2517\" data-end=\"2599\">Acquisto senza problemi \u2013 Spedizione diretta da Deutschland, senza dazi doganali<\/h4>\n<ul data-start=\"2601\" data-end=\"3211\">\n<li data-start=\"2601\" data-end=\"2895\">\n<p data-start=\"2603\" data-end=\"2895\">Spedizione diretta da Bremen, senza dazi doganali<br data-start=\"2651\" data-end=\"2654\" \/>Tutti gli ordini vengono spediti direttamente dal nostro magazzino a Bremen, cos\u00ec non dovrai preoccuparti di <a href=\"https:\/\/vapingnet.de\/it\/k\/f\/\" target=\"_blank\" rel=\"noopener\"><strong>dazi doganali<\/strong><\/a> o costi nascosti. Con un tempo di consegna di 2-4 giorni riceverai il tuo ordine in modo rapido e affidabile.<\/p>\n<\/li>\n<li data-start=\"2897\" data-end=\"3211\">\n<p data-start=\"2899\" data-end=\"3211\">Compatto e portatile \u2013 Goditelo sempre e ovunque<br data-start=\"2951\" data-end=\"2954\" \/>Nonostante la grande capacit\u00e0, il Bang Blaze pesa solo 85g ed \u00e8 estremamente leggero e compatto. Puoi facilmente riporlo nella tua tasca o nello zaino e usarlo in qualsiasi momento \u2013 durante i viaggi, al lavoro o incontrando amici.<\/p>\n<\/li>\n<\/ul>\n<h3>Perch\u00e9 scegliere il Bang Blaze 20000 Puff?<\/h3>\n<ul data-start=\"3289\" data-end=\"3754\">\n<li data-start=\"3289\" data-end=\"3364\">Lunga durata di vapore: fino a 20.000 tiri per un piacere di vapore duraturo.<\/li>\n<li data-start=\"3365\" data-end=\"3499\">Gusto unico: la miscela perfetta di anguria e chewing gum per un'esperienza di gusto rinfrescante e dolce.<\/li>\n<li data-start=\"3500\" data-end=\"3590\">Ricarica rapida: porta Tipo-C per una ricarica veloce e un piacere in qualsiasi momento.<\/li>\n<li data-start=\"3591\" data-end=\"3678\">Spedizione diretta da Deutschland: spedizione entro 2-4 giorni senza dazi doganali.<\/li>\n<li data-start=\"3679\" data-end=\"3754\">Leggero e portatile: pesa solo 85g ed \u00e8 facile da trasportare.<\/li>\n<\/ul>\n<h4 data-start=\"3756\" data-end=\"3844\">Acquista ora e gusta il gusto straordinario di chewing gum alla anguria!<\/h4>\n<p data-start=\"3846\" data-end=\"4224\" data-is-last-node=\"\" data-is-only-node=\"\">Se cerchi una sigaretta elettronica potente e dal gusto unico, il Bang Blaze 20000 Puffs \u00e8 la scelta perfetta per te. Visita subito il nostro sito <a href=\"https:\/\/vapingnet.de\/it\/\" target=\"_new\" rel=\"noopener\" data-start=\"4034\" data-end=\"4070\">vapingnet.de<\/a>, ordina direttamente e vivi una spedizione rapida e un'esperienza di svapo indimenticabile. Ordina ora e goditi le prestazioni di punta di questa sigaretta elettronica!<\/p>","protected":false},"excerpt":{"rendered":"<p>Bang Blaze 20000 Puff \u2013 Vivi il gusto di anguria e chewing gum per un piacere di vapore duraturo! Se sei un appassionato di sigarette elettroniche di alta qualit\u00e0, allora questa...<\/p>","protected":false},"featured_media":6844,"template":"","meta":[],"etheme_brands":[],"product_brand":[101],"product_cat":[54,49,61],"product_tag":[],"class_list":{"0":"post-5134","1":"product","2":"type-product","3":"status-publish","4":"has-post-thumbnail","6":"product_brand-bang-king-vape","7":"product_cat-vape-20000-zuege","8":"product_cat-einweg-e-zigarette","9":"product_cat-f","11":"first","12":"instock","13":"shipping-taxable","14":"purchasable","15":"product-type-simple"},"yoast_head":"<!-- This site is optimized with the Yoast SEO plugin v26.5 - https:\/\/yoast.com\/wordpress\/plugins\/seo\/ -->\n<title>20.000 Z\u00fcge voller Aroma Bang Blaze Watermelon Bubblegum | Vapingnet.de<\/title>\n<meta name=\"description\" content=\"Entdecke 20.000 Z\u00fcge voller Aroma Bang Blaze Watermelon Bubblegum bei vapingnet.de, \u25ba Gro\u00dfe Auswahl an Geschmacksrichtungen &amp; super g\u00fcnstig!\" \/>\n<meta name=\"robots\" content=\"index, follow, max-snippet:-1, max-image-preview:large, max-video-preview:-1\" \/>\n<link rel=\"canonical\" href=\"https:\/\/vapingnet.de\/it\/vape\/20-000-zuege-voller-aroma-bang-blaze-watermelon-bubblegum\/\" \/>\n<meta property=\"og:locale\" content=\"it_IT\" \/>\n<meta property=\"og:type\" content=\"article\" \/>\n<meta property=\"og:title\" content=\"20.000 Z\u00fcge voller Aroma Bang Blaze Watermelon Bubblegum | Vapingnet.de\" \/>\n<meta property=\"og:description\" content=\"Entdecke 20.000 Z\u00fcge voller Aroma Bang Blaze Watermelon Bubblegum bei vapingnet.de, \u25ba Gro\u00dfe Auswahl an Geschmacksrichtungen &amp; super g\u00fcnstig!\" \/>\n<meta property=\"og:url\" content=\"https:\/\/vapingnet.de\/it\/vape\/20-000-zuege-voller-aroma-bang-blaze-watermelon-bubblegum\/\" \/>\n<meta property=\"og:site_name\" content=\"Vapingnet.de\" \/>\n<meta property=\"article:publisher\" content=\"https:\/\/www.facebook.com\/vapingnetde\/\" \/>\n<meta property=\"article:modified_time\" content=\"2025-06-19T03:42:01+00:00\" \/>\n<meta property=\"og:image\" content=\"https:\/\/vapingnet.de\/wp-content\/uploads\/2025\/03\/bang-blaze.jpg\" \/>\n\t<meta property=\"og:image:width\" content=\"1000\" \/>\n\t<meta property=\"og:image:height\" content=\"1000\" \/>\n\t<meta property=\"og:image:type\" content=\"image\/jpeg\" \/>\n<meta name=\"twitter:card\" content=\"summary_large_image\" \/>\n<meta name=\"twitter:label1\" content=\"Est. reading time\" \/>\n\t<meta name=\"twitter:data1\" content=\"4 minutes\" \/>\n<script type=\"application\/ld+json\" class=\"yoast-schema-graph\">{\"@context\":\"https:\/\/schema.org\",\"@graph\":[{\"@type\":\"WebPage\",\"@id\":\"https:\/\/vapingnet.de\/vape\/20-000-zuege-voller-aroma-bang-blaze-watermelon-bubblegum\/\",\"url\":\"https:\/\/vapingnet.de\/vape\/20-000-zuege-voller-aroma-bang-blaze-watermelon-bubblegum\/\",\"name\":\"20.000 Z\u00fcge voller Aroma Bang Blaze Watermelon Bubblegum | Vapingnet.de\",\"isPartOf\":{\"@id\":\"https:\/\/vapingnet.de\/#website\"},\"primaryImageOfPage\":{\"@id\":\"https:\/\/vapingnet.de\/vape\/20-000-zuege-voller-aroma-bang-blaze-watermelon-bubblegum\/#primaryimage\"},\"image\":{\"@id\":\"https:\/\/vapingnet.de\/vape\/20-000-zuege-voller-aroma-bang-blaze-watermelon-bubblegum\/#primaryimage\"},\"thumbnailUrl\":\"https:\/\/vapingnet.de\/wp-content\/uploads\/2025\/03\/bang-blaze.jpg\",\"datePublished\":\"2025-03-12T07:47:16+00:00\",\"dateModified\":\"2025-06-19T03:42:01+00:00\",\"description\":\"Entdecke 20.000 Z\u00fcge voller Aroma Bang Blaze Watermelon Bubblegum bei vapingnet.de, \u25ba Gro\u00dfe Auswahl an Geschmacksrichtungen & super g\u00fcnstig!\",\"breadcrumb\":{\"@id\":\"https:\/\/vapingnet.de\/vape\/20-000-zuege-voller-aroma-bang-blaze-watermelon-bubblegum\/#breadcrumb\"},\"inLanguage\":\"it-IT\",\"potentialAction\":[{\"@type\":\"ReadAction\",\"target\":[\"https:\/\/vapingnet.de\/vape\/20-000-zuege-voller-aroma-bang-blaze-watermelon-bubblegum\/\"]}]},{\"@type\":\"ImageObject\",\"inLanguage\":\"it-IT\",\"@id\":\"https:\/\/vapingnet.de\/vape\/20-000-zuege-voller-aroma-bang-blaze-watermelon-bubblegum\/#primaryimage\",\"url\":\"https:\/\/vapingnet.de\/wp-content\/uploads\/2025\/03\/bang-blaze.jpg\",\"contentUrl\":\"https:\/\/vapingnet.de\/wp-content\/uploads\/2025\/03\/bang-blaze.jpg\",\"width\":1000,\"height\":1000},{\"@type\":\"BreadcrumbList\",\"@id\":\"https:\/\/vapingnet.de\/vape\/20-000-zuege-voller-aroma-bang-blaze-watermelon-bubblegum\/#breadcrumb\",\"itemListElement\":[{\"@type\":\"ListItem\",\"position\":1,\"name\":\"Home\",\"item\":\"https:\/\/vapingnet.de\/\"},{\"@type\":\"ListItem\",\"position\":2,\"name\":\"Shop\",\"item\":\"https:\/\/vapingnet.de\/vape\/\"},{\"@type\":\"ListItem\",\"position\":3,\"name\":\"20.000 Z\u00fcge voller Aroma Bang Blaze Watermelon Bubblegum\"}]},{\"@type\":\"WebSite\",\"@id\":\"https:\/\/vapingnet.de\/#website\",\"url\":\"https:\/\/vapingnet.de\/\",\"name\":\"Vapingnet.de\",\"description\":\"\",\"publisher\":{\"@id\":\"https:\/\/vapingnet.de\/#organization\"},\"potentialAction\":[{\"@type\":\"SearchAction\",\"target\":{\"@type\":\"EntryPoint\",\"urlTemplate\":\"https:\/\/vapingnet.de\/?s={search_term_string}\"},\"query-input\":{\"@type\":\"PropertyValueSpecification\",\"valueRequired\":true,\"valueName\":\"search_term_string\"}}],\"inLanguage\":\"it-IT\"},{\"@type\":\"Organization\",\"@id\":\"https:\/\/vapingnet.de\/#organization\",\"name\":\"Vapingnet.de\",\"url\":\"https:\/\/vapingnet.de\/\",\"logo\":{\"@type\":\"ImageObject\",\"inLanguage\":\"it-IT\",\"@id\":\"https:\/\/vapingnet.de\/#\/schema\/logo\/image\/\",\"url\":\"https:\/\/vapingnet.de\/wp-content\/uploads\/2025\/03\/cropped-vapingnet.de_.jpg\",\"contentUrl\":\"https:\/\/vapingnet.de\/wp-content\/uploads\/2025\/03\/cropped-vapingnet.de_.jpg\",\"width\":512,\"height\":512,\"caption\":\"Vapingnet.de\"},\"image\":{\"@id\":\"https:\/\/vapingnet.de\/#\/schema\/logo\/image\/\"},\"sameAs\":[\"https:\/\/www.facebook.com\/vapingnetde\/\"]}]}<\/script>\n<!-- \/ Yoast SEO plugin. -->","yoast_head_json":{"title":"20.000 Z\u00fcge voller Aroma Bang Blaze Watermelon Bubblegum | Vapingnet.de","description":"Entdecke 20.000 Z\u00fcge voller Aroma Bang Blaze Watermelon Bubblegum bei vapingnet.de, \u25ba Gro\u00dfe Auswahl an Geschmacksrichtungen & super g\u00fcnstig!","robots":{"index":"index","follow":"follow","max-snippet":"max-snippet:-1","max-image-preview":"max-image-preview:large","max-video-preview":"max-video-preview:-1"},"canonical":"https:\/\/vapingnet.de\/it\/vape\/20-000-zuege-voller-aroma-bang-blaze-watermelon-bubblegum\/","og_locale":"it_IT","og_type":"article","og_title":"20.000 Z\u00fcge voller Aroma Bang Blaze Watermelon Bubblegum | Vapingnet.de","og_description":"Entdecke 20.000 Z\u00fcge voller Aroma Bang Blaze Watermelon Bubblegum bei vapingnet.de, \u25ba Gro\u00dfe Auswahl an Geschmacksrichtungen & super g\u00fcnstig!","og_url":"https:\/\/vapingnet.de\/it\/vape\/20-000-zuege-voller-aroma-bang-blaze-watermelon-bubblegum\/","og_site_name":"Vapingnet.de","article_publisher":"https:\/\/www.facebook.com\/vapingnetde\/","article_modified_time":"2025-06-19T03:42:01+00:00","og_image":[{"width":1000,"height":1000,"url":"https:\/\/vapingnet.de\/wp-content\/uploads\/2025\/03\/bang-blaze.jpg","type":"image\/jpeg"}],"twitter_card":"summary_large_image","twitter_misc":{"Est. reading time":"4 minutes"},"schema":{"@context":"https:\/\/schema.org","@graph":[{"@type":"WebPage","@id":"https:\/\/vapingnet.de\/vape\/20-000-zuege-voller-aroma-bang-blaze-watermelon-bubblegum\/","url":"https:\/\/vapingnet.de\/vape\/20-000-zuege-voller-aroma-bang-blaze-watermelon-bubblegum\/","name":"20.000 Z\u00fcge voller Aroma Bang Blaze Watermelon Bubblegum | Vapingnet.de","isPartOf":{"@id":"https:\/\/vapingnet.de\/#website"},"primaryImageOfPage":{"@id":"https:\/\/vapingnet.de\/vape\/20-000-zuege-voller-aroma-bang-blaze-watermelon-bubblegum\/#primaryimage"},"image":{"@id":"https:\/\/vapingnet.de\/vape\/20-000-zuege-voller-aroma-bang-blaze-watermelon-bubblegum\/#primaryimage"},"thumbnailUrl":"https:\/\/vapingnet.de\/wp-content\/uploads\/2025\/03\/bang-blaze.jpg","datePublished":"2025-03-12T07:47:16+00:00","dateModified":"2025-06-19T03:42:01+00:00","description":"Entdecke 20.000 Z\u00fcge voller Aroma Bang Blaze Watermelon Bubblegum bei vapingnet.de, \u25ba Gro\u00dfe Auswahl an Geschmacksrichtungen & super g\u00fcnstig!","breadcrumb":{"@id":"https:\/\/vapingnet.de\/vape\/20-000-zuege-voller-aroma-bang-blaze-watermelon-bubblegum\/#breadcrumb"},"inLanguage":"it-IT","potentialAction":[{"@type":"ReadAction","target":["https:\/\/vapingnet.de\/vape\/20-000-zuege-voller-aroma-bang-blaze-watermelon-bubblegum\/"]}]},{"@type":"ImageObject","inLanguage":"it-IT","@id":"https:\/\/vapingnet.de\/vape\/20-000-zuege-voller-aroma-bang-blaze-watermelon-bubblegum\/#primaryimage","url":"https:\/\/vapingnet.de\/wp-content\/uploads\/2025\/03\/bang-blaze.jpg","contentUrl":"https:\/\/vapingnet.de\/wp-content\/uploads\/2025\/03\/bang-blaze.jpg","width":1000,"height":1000},{"@type":"BreadcrumbList","@id":"https:\/\/vapingnet.de\/vape\/20-000-zuege-voller-aroma-bang-blaze-watermelon-bubblegum\/#breadcrumb","itemListElement":[{"@type":"ListItem","position":1,"name":"Home","item":"https:\/\/vapingnet.de\/"},{"@type":"ListItem","position":2,"name":"Shop","item":"https:\/\/vapingnet.de\/vape\/"},{"@type":"ListItem","position":3,"name":"20.000 Z\u00fcge voller Aroma Bang Blaze Watermelon Bubblegum"}]},{"@type":"WebSite","@id":"https:\/\/vapingnet.de\/#website","url":"https:\/\/vapingnet.de\/","name":"Vapingnet.de","description":"","publisher":{"@id":"https:\/\/vapingnet.de\/#organization"},"potentialAction":[{"@type":"SearchAction","target":{"@type":"EntryPoint","urlTemplate":"https:\/\/vapingnet.de\/?s={search_term_string}"},"query-input":{"@type":"PropertyValueSpecification","valueRequired":true,"valueName":"search_term_string"}}],"inLanguage":"it-IT"},{"@type":"Organization","@id":"https:\/\/vapingnet.de\/#organization","name":"Vapingnet.de","url":"https:\/\/vapingnet.de\/","logo":{"@type":"ImageObject","inLanguage":"it-IT","@id":"https:\/\/vapingnet.de\/#\/schema\/logo\/image\/","url":"https:\/\/vapingnet.de\/wp-content\/uploads\/2025\/03\/cropped-vapingnet.de_.jpg","contentUrl":"https:\/\/vapingnet.de\/wp-content\/uploads\/2025\/03\/cropped-vapingnet.de_.jpg","width":512,"height":512,"caption":"Vapingnet.de"},"image":{"@id":"https:\/\/vapingnet.de\/#\/schema\/logo\/image\/"},"sameAs":["https:\/\/www.facebook.com\/vapingnetde\/"]}]}},"tiered_pricing_type":"fixed","tiered_pricing_fixed_rules":{"10":"7.59","60":"6.83","110":"6.07","200":"5.31"},"tiered_pricing_product_settings":{"layout":"default","base_unit_name":{"singular":null,"plural":null},"default_variation":null},"tiered_pricing_minimum_quantity":null,"tiered_pricing_roles_data":[],"tiered_pricing_percentage_rules":[],"_links":{"self":[{"href":"https:\/\/vapingnet.de\/it\/wp-json\/wp\/v2\/product\/5134","targetHints":{"allow":["GET"]}}],"collection":[{"href":"https:\/\/vapingnet.de\/it\/wp-json\/wp\/v2\/product"}],"about":[{"href":"https:\/\/vapingnet.de\/it\/wp-json\/wp\/v2\/types\/product"}],"version-history":[{"count":4,"href":"https:\/\/vapingnet.de\/it\/wp-json\/wp\/v2\/product\/5134\/revisions"}],"predecessor-version":[{"id":5137,"href":"https:\/\/vapingnet.de\/it\/wp-json\/wp\/v2\/product\/5134\/revisions\/5137"}],"wp:featuredmedia":[{"embeddable":true,"href":"https:\/\/vapingnet.de\/it\/wp-json\/wp\/v2\/media\/6844"}],"wp:attachment":[{"href":"https:\/\/vapingnet.de\/it\/wp-json\/wp\/v2\/media?parent=5134"}],"wp:term":[{"taxonomy":"brand","embeddable":true,"href":"https:\/\/vapingnet.de\/it\/wp-json\/wp\/v2\/etheme_brands?post=5134"},{"taxonomy":"product_brand","embeddable":true,"href":"https:\/\/vapingnet.de\/it\/wp-json\/wp\/v2\/product_brand?post=5134"},{"taxonomy":"product_cat","embeddable":true,"href":"https:\/\/vapingnet.de\/it\/wp-json\/wp\/v2\/product_cat?post=5134"},{"taxonomy":"product_tag","embeddable":true,"href":"https:\/\/vapingnet.de\/it\/wp-json\/wp\/v2\/product_tag?post=5134"}],"curies":[{"name":"wp","href":"https:\/\/api.w.org\/{rel}","templated":true}]}}