{"id":5139,"date":"2025-03-12T07:54:34","date_gmt":"2025-03-12T07:54:34","guid":{"rendered":"https:\/\/vapingnet.de\/?post_type=product&#038;p=5139"},"modified":"2025-06-19T03:42:00","modified_gmt":"2025-06-19T03:42:00","slug":"bang-blaze-kiwi-passion-fruit-pomegranate-20000-puffs-voller-genuss","status":"publish","type":"product","link":"https:\/\/vapingnet.de\/it\/vape\/bang-blaze-kiwi-passion-fruit-pomegranate-20000-puffs-voller-genuss\/","title":{"rendered":"Bang Blaze Kiwi Frutto della Passione Melograno 20000 Puff pieni di piacere"},"content":{"rendered":"<h2 data-start=\"0\" data-end=\"145\" data-immersive-translate-paragraph=\"1\" data-immersive-translate-walked=\"0bbf4045-d285-4f7d-b72e-79fd8096a181\">Bang Blaze 20000 Puffs \u2013 Goditi il mix di frutta perfetto di Kiwi Passion Fruit Pomegranate per un'esperienza di svapo duratura!<\/h2>\n<p data-start=\"147\" data-end=\"646\" data-immersive-translate-walked=\"0bbf4045-d285-4f7d-b72e-79fd8096a181\" data-immersive-translate-paragraph=\"1\">Il Bang Blaze 20000 Puffs \u00e8 un vero capolavoro nel mercato delle sigarette elettroniche. Con il suo mix unico di gusti fruttati e un'esperienza di utilizzo eccezionalmente lunga, questo vape usa e getta ha rapidamente attirato l'attenzione di molti svapatori. Offre non solo il gusto unico di Kiwi Passion Fruit Pomegranate, ma anche una durata impressionante e facilit\u00e0 d'uso. Scopri perch\u00e9 questo vape \u00e8 un must assoluto per tutti gli svapatori!<\/p>\n<h4 data-start=\"648\" data-end=\"672\" data-immersive-translate-walked=\"0bbf4045-d285-4f7d-b72e-79fd8096a181\">Caratteristiche del prodotto:<\/h4>\n<p data-start=\"674\" data-end=\"716\" data-immersive-translate-walked=\"0bbf4045-d285-4f7d-b72e-79fd8096a181\" data-immersive-translate-paragraph=\"1\">1. Lunga durata di svapo \u2013 20.000 tiri<\/p>\n<p data-start=\"717\" data-end=\"1068\" data-immersive-translate-walked=\"0bbf4045-d285-4f7d-b72e-79fd8096a181\" data-immersive-translate-paragraph=\"1\">Il Bang Blaze 20000 Puffs offre una durata incredibile di svapo fino a <a href=\"https:\/\/vapingnet.de\/it\/k\/vape-20000-zuege\/\" target=\"_blank\" rel=\"noopener\"><strong>20.000 tiri<\/strong><\/a>. Si distingue nettamente dai dispositivi tradizionali, che di solito hanno una vita molto pi\u00f9 breve. Sia per l'uso quotidiano che per sessioni di svapo lunghe durante feste o viaggi \u2013 questo vape fornisce un piacere di vapore costante e duraturo.<\/p>\n<p data-start=\"1070\" data-end=\"1166\" data-immersive-translate-walked=\"0bbf4045-d285-4f7d-b72e-79fd8096a181\" data-immersive-translate-paragraph=\"1\">2. Tecnologia Dul Mesh Coil \u2013 Riscaldamento uniforme per un gusto morbido<\/p>\n<p data-start=\"1167\" data-end=\"1473\" data-immersive-translate-walked=\"0bbf4045-d285-4f7d-b72e-79fd8096a181\">Dotato della tecnologia avanzata Dul Mesh Coil (1.0\u03a9), il Bang Blaze 20000 Puffs garantisce un riscaldamento uniforme e rapido del liquido elettronico, portando a un gusto costantemente morbido e intenso. Ogni tiro garantisce uno sviluppo uniforme del vapore e un'esperienza deliziosa.<\/p>\n<p data-start=\"1475\" data-end=\"1561\" data-immersive-translate-walked=\"0bbf4045-d285-4f7d-b72e-79fd8096a181\">3. Gusto di Kiwi Passion Fruit Pomegranate \u2013 Un piacere fruttato<\/p>\n<p data-start=\"1562\" data-end=\"1967\" data-immersive-translate-walked=\"0bbf4045-d285-4f7d-b72e-79fd8096a181\">Il <a href=\"https:\/\/vapingnet.de\/it\/bang-blaze-20000-puffs\/\" target=\"_blank\" rel=\"noopener\"><strong>Bang Blaze 20000 Puff<\/strong> <\/a>offre un mix di gusti fruttati eccezionale di Kiwi Passion Fruit Pomegranate. Il sapore fresco della kiwi, la dolcezza della passione e la profondit\u00e0 del melograno si fondono in un'esperienza di gusto unica. Ogni tiro \u00e8 come immergersi in un giardino tropicale pieno di frutti succosi \u2013 rinfrescante, dolce e ricco di aromi fruttati.<\/p>\n<p data-start=\"1969\" data-end=\"2054\">4. Diversi livelli di nicotina \u2013 Per ogni esigenza l'intensit\u00e0 giusta<\/p>\n<p data-start=\"2055\" data-end=\"2340\">Il Bang Blaze 20000 Puffs \u00e8 disponibile in livelli di nicotina 0%, 2%, 3% e 5%. A seconda delle tue necessit\u00e0 e preferenze, puoi scegliere l'intensit\u00e0 che fa per te. Soprattutto le varianti 0% e 3% possono essere ordinate in grandi quantit\u00e0, rendendole ideali per ordini all'ingrosso.<\/p>\n<p data-start=\"2342\" data-end=\"2412\">5. Ricarica rapida \u2013 Connessione Type-C per un piacere immediato<\/p>\n<p data-start=\"2413\" data-end=\"2685\">Grazie alla connessione Type-C, la ricarica del Bang Blaze 20000 Puffs \u00e8 particolarmente veloce. Non devi preoccuparti di lunghi tempi di ricarica \u2013 il vape \u00e8 sempre pronto in breve tempo e ti permette di svapare senza interruzioni in qualsiasi momento.<\/p>\n<h4 data-start=\"2687\" data-end=\"2781\">Acquisto comodo \u2013 Nessuna dogana, consegna diretta da Deutschland, consegna in 2-4 giorni<\/h4>\n<ul data-start=\"2783\" data-end=\"3397\">\n<li data-start=\"2783\" data-end=\"3077\">\n<p data-start=\"2785\" data-end=\"3077\">Nessuna dogana, consegna diretta da Bremen<br data-start=\"2828\" data-end=\"2831\" \/>Tutti gli ordini vengono spediti direttamente dal nostro magazzino a Bremen, quindi non devi preoccuparti di tasse doganali o costi aggiuntivi. Con un tempo di consegna di soli 2-4 giorni, riceverai il tuo vape rapidamente e in modo affidabile.<\/p>\n<\/li>\n<li data-start=\"3079\" data-end=\"3397\">\n<p data-start=\"3081\" data-end=\"3397\">Dimensioni compatte e portatili<br data-start=\"3112\" data-end=\"3115\" \/>Il Bang Blaze 20000 Puffs, nonostante il grande volume del serbatoio e la batteria potente, \u00e8 leggero e compatto, pesando solo 85 g. Puoi trasportarlo comodamente in tasca o nello zaino e gustarlo in qualsiasi momento, sia durante i viaggi, al lavoro o con gli amici.<\/p>\n<\/li>\n<\/ul>\n<p>Perch\u00e9 scegliere il Bang Blaze 20000 Puffs?<\/p>\n<ul data-start=\"3461\" data-end=\"4037\">\n<li data-start=\"3461\" data-end=\"3542\">Lunga durata di svapo: Fino a 20.000 tiri per un'esperienza duratura.<\/li>\n<li data-start=\"3543\" data-end=\"3680\">Gusto fruttato: Una miscela unica di Kiwi Passion Fruit Pomegranate per un piacere rinfrescante e dolce.<\/li>\n<li data-start=\"3681\" data-end=\"3798\">Ricarica rapida: la porta Type-C garantisce una ricarica veloce, cos\u00ec puoi tornare a vaporizzare sempre rapidamente.<\/li>\n<li data-start=\"3799\" data-end=\"3920\">Nessun dazio, consegna veloce: consegna diretta da Deutschland entro 2-4 giorni senza costi aggiuntivi.<\/li>\n<li data-start=\"3921\" data-end=\"4037\">Leggero e portatile: con soli 85 g, il vape \u00e8 particolarmente leggero e facile da portare ovunque.<\/li>\n<\/ul>\n<h4 data-start=\"4039\" data-end=\"4142\">Acquista ora e gusta il sapore unico di Kiwi Passion Fruit Pomegranate!<\/h4>\n<p data-start=\"4144\" data-end=\"4537\" data-is-last-node=\"\" data-is-only-node=\"\">Se cerchi una sigaretta elettronica di alta qualit\u00e0 con un gusto eccellente e una lunga esperienza d'uso, il Bang Blaze 20000 Puffs \u00e8 la scelta perfetta. Visita oggi il nostro sito <a href=\"https:\/\/vapingnet.de\/it\/\" target=\"_new\" rel=\"noopener\" data-start=\"4353\" data-end=\"4389\">vapingnet.de<\/a>, ordina direttamente e goditi la spedizione rapida e un'esperienza di svapo di prima classe. Non aspettare oltre e vivi il massimo del piacere vaporizzando!<\/p>","protected":false},"excerpt":{"rendered":"<p>Bang Blaze 20000 Puff \u2013 Goditi il mix di frutta perfetto con Kiwi Passion Fruit Pomegranate per un'esperienza di svapo duratura! Il Bang Blaze 20000 Puff \u00e8...<\/p>","protected":false},"featured_media":6844,"template":"","meta":[],"etheme_brands":[],"product_brand":[101],"product_cat":[54,49,61],"product_tag":[],"class_list":{"0":"post-5139","1":"product","2":"type-product","3":"status-publish","4":"has-post-thumbnail","6":"product_brand-bang-king-vape","7":"product_cat-vape-20000-zuege","8":"product_cat-einweg-e-zigarette","9":"product_cat-f","11":"first","12":"instock","13":"shipping-taxable","14":"purchasable","15":"product-type-simple"},"yoast_head":"<!-- This site is optimized with the Yoast SEO plugin v26.5 - https:\/\/yoast.com\/wordpress\/plugins\/seo\/ -->\n<title>Bang Blaze Kiwi Passion Fruit Pomegranate 20000 Puffs voller Genuss | Vapingnet.de<\/title>\n<meta name=\"description\" content=\"Entdecke Bang Blaze Kiwi Passion Fruit Pomegranate 20000 Puffs voller Genuss bei vapingnet.de, \u25ba Gro\u00dfe Auswahl an Geschmacksrichtungen &amp; super g\u00fcnstig!\" \/>\n<meta name=\"robots\" content=\"index, follow, max-snippet:-1, max-image-preview:large, max-video-preview:-1\" \/>\n<link rel=\"canonical\" href=\"https:\/\/vapingnet.de\/it\/vape\/bang-blaze-kiwi-passion-fruit-pomegranate-20000-puffs-voller-genuss\/\" \/>\n<meta property=\"og:locale\" content=\"it_IT\" \/>\n<meta property=\"og:type\" content=\"article\" \/>\n<meta property=\"og:title\" content=\"Bang Blaze Kiwi Passion Fruit Pomegranate 20000 Puffs voller Genuss | Vapingnet.de\" \/>\n<meta property=\"og:description\" content=\"Entdecke Bang Blaze Kiwi Passion Fruit Pomegranate 20000 Puffs voller Genuss bei vapingnet.de, \u25ba Gro\u00dfe Auswahl an Geschmacksrichtungen &amp; super g\u00fcnstig!\" \/>\n<meta property=\"og:url\" content=\"https:\/\/vapingnet.de\/it\/vape\/bang-blaze-kiwi-passion-fruit-pomegranate-20000-puffs-voller-genuss\/\" \/>\n<meta property=\"og:site_name\" content=\"Vapingnet.de\" \/>\n<meta property=\"article:publisher\" content=\"https:\/\/www.facebook.com\/vapingnetde\/\" \/>\n<meta property=\"article:modified_time\" content=\"2025-06-19T03:42:00+00:00\" \/>\n<meta property=\"og:image\" content=\"https:\/\/vapingnet.de\/wp-content\/uploads\/2025\/03\/bang-blaze.jpg\" \/>\n\t<meta property=\"og:image:width\" content=\"1000\" \/>\n\t<meta property=\"og:image:height\" content=\"1000\" \/>\n\t<meta property=\"og:image:type\" content=\"image\/jpeg\" \/>\n<meta name=\"twitter:card\" content=\"summary_large_image\" \/>\n<meta name=\"twitter:label1\" content=\"Est. reading time\" \/>\n\t<meta name=\"twitter:data1\" content=\"4 minutes\" \/>\n<script type=\"application\/ld+json\" class=\"yoast-schema-graph\">{\"@context\":\"https:\/\/schema.org\",\"@graph\":[{\"@type\":\"WebPage\",\"@id\":\"https:\/\/vapingnet.de\/vape\/bang-blaze-kiwi-passion-fruit-pomegranate-20000-puffs-voller-genuss\/\",\"url\":\"https:\/\/vapingnet.de\/vape\/bang-blaze-kiwi-passion-fruit-pomegranate-20000-puffs-voller-genuss\/\",\"name\":\"Bang Blaze Kiwi Passion Fruit Pomegranate 20000 Puffs voller Genuss | Vapingnet.de\",\"isPartOf\":{\"@id\":\"https:\/\/vapingnet.de\/#website\"},\"primaryImageOfPage\":{\"@id\":\"https:\/\/vapingnet.de\/vape\/bang-blaze-kiwi-passion-fruit-pomegranate-20000-puffs-voller-genuss\/#primaryimage\"},\"image\":{\"@id\":\"https:\/\/vapingnet.de\/vape\/bang-blaze-kiwi-passion-fruit-pomegranate-20000-puffs-voller-genuss\/#primaryimage\"},\"thumbnailUrl\":\"https:\/\/vapingnet.de\/wp-content\/uploads\/2025\/03\/bang-blaze.jpg\",\"datePublished\":\"2025-03-12T07:54:34+00:00\",\"dateModified\":\"2025-06-19T03:42:00+00:00\",\"description\":\"Entdecke Bang Blaze Kiwi Passion Fruit Pomegranate 20000 Puffs voller Genuss bei vapingnet.de, \u25ba Gro\u00dfe Auswahl an Geschmacksrichtungen & super g\u00fcnstig!\",\"breadcrumb\":{\"@id\":\"https:\/\/vapingnet.de\/vape\/bang-blaze-kiwi-passion-fruit-pomegranate-20000-puffs-voller-genuss\/#breadcrumb\"},\"inLanguage\":\"it-IT\",\"potentialAction\":[{\"@type\":\"ReadAction\",\"target\":[\"https:\/\/vapingnet.de\/vape\/bang-blaze-kiwi-passion-fruit-pomegranate-20000-puffs-voller-genuss\/\"]}]},{\"@type\":\"ImageObject\",\"inLanguage\":\"it-IT\",\"@id\":\"https:\/\/vapingnet.de\/vape\/bang-blaze-kiwi-passion-fruit-pomegranate-20000-puffs-voller-genuss\/#primaryimage\",\"url\":\"https:\/\/vapingnet.de\/wp-content\/uploads\/2025\/03\/bang-blaze.jpg\",\"contentUrl\":\"https:\/\/vapingnet.de\/wp-content\/uploads\/2025\/03\/bang-blaze.jpg\",\"width\":1000,\"height\":1000},{\"@type\":\"BreadcrumbList\",\"@id\":\"https:\/\/vapingnet.de\/vape\/bang-blaze-kiwi-passion-fruit-pomegranate-20000-puffs-voller-genuss\/#breadcrumb\",\"itemListElement\":[{\"@type\":\"ListItem\",\"position\":1,\"name\":\"Home\",\"item\":\"https:\/\/vapingnet.de\/\"},{\"@type\":\"ListItem\",\"position\":2,\"name\":\"Shop\",\"item\":\"https:\/\/vapingnet.de\/vape\/\"},{\"@type\":\"ListItem\",\"position\":3,\"name\":\"Bang Blaze Kiwi Passion Fruit Pomegranate 20000 Puffs voller Genuss\"}]},{\"@type\":\"WebSite\",\"@id\":\"https:\/\/vapingnet.de\/#website\",\"url\":\"https:\/\/vapingnet.de\/\",\"name\":\"Vapingnet.de\",\"description\":\"\",\"publisher\":{\"@id\":\"https:\/\/vapingnet.de\/#organization\"},\"potentialAction\":[{\"@type\":\"SearchAction\",\"target\":{\"@type\":\"EntryPoint\",\"urlTemplate\":\"https:\/\/vapingnet.de\/?s={search_term_string}\"},\"query-input\":{\"@type\":\"PropertyValueSpecification\",\"valueRequired\":true,\"valueName\":\"search_term_string\"}}],\"inLanguage\":\"it-IT\"},{\"@type\":\"Organization\",\"@id\":\"https:\/\/vapingnet.de\/#organization\",\"name\":\"Vapingnet.de\",\"url\":\"https:\/\/vapingnet.de\/\",\"logo\":{\"@type\":\"ImageObject\",\"inLanguage\":\"it-IT\",\"@id\":\"https:\/\/vapingnet.de\/#\/schema\/logo\/image\/\",\"url\":\"https:\/\/vapingnet.de\/wp-content\/uploads\/2025\/03\/cropped-vapingnet.de_.jpg\",\"contentUrl\":\"https:\/\/vapingnet.de\/wp-content\/uploads\/2025\/03\/cropped-vapingnet.de_.jpg\",\"width\":512,\"height\":512,\"caption\":\"Vapingnet.de\"},\"image\":{\"@id\":\"https:\/\/vapingnet.de\/#\/schema\/logo\/image\/\"},\"sameAs\":[\"https:\/\/www.facebook.com\/vapingnetde\/\"]}]}<\/script>\n<!-- \/ Yoast SEO plugin. -->","yoast_head_json":{"title":"Bang Blaze Kiwi Passion Fruit Pomegranate 20000 Puffs voller Genuss | Vapingnet.de","description":"Entdecke Bang Blaze Kiwi Passion Fruit Pomegranate 20000 Puffs voller Genuss bei vapingnet.de, \u25ba Gro\u00dfe Auswahl an Geschmacksrichtungen & super g\u00fcnstig!","robots":{"index":"index","follow":"follow","max-snippet":"max-snippet:-1","max-image-preview":"max-image-preview:large","max-video-preview":"max-video-preview:-1"},"canonical":"https:\/\/vapingnet.de\/it\/vape\/bang-blaze-kiwi-passion-fruit-pomegranate-20000-puffs-voller-genuss\/","og_locale":"it_IT","og_type":"article","og_title":"Bang Blaze Kiwi Passion Fruit Pomegranate 20000 Puffs voller Genuss | Vapingnet.de","og_description":"Entdecke Bang Blaze Kiwi Passion Fruit Pomegranate 20000 Puffs voller Genuss bei vapingnet.de, \u25ba Gro\u00dfe Auswahl an Geschmacksrichtungen & super g\u00fcnstig!","og_url":"https:\/\/vapingnet.de\/it\/vape\/bang-blaze-kiwi-passion-fruit-pomegranate-20000-puffs-voller-genuss\/","og_site_name":"Vapingnet.de","article_publisher":"https:\/\/www.facebook.com\/vapingnetde\/","article_modified_time":"2025-06-19T03:42:00+00:00","og_image":[{"width":1000,"height":1000,"url":"https:\/\/vapingnet.de\/wp-content\/uploads\/2025\/03\/bang-blaze.jpg","type":"image\/jpeg"}],"twitter_card":"summary_large_image","twitter_misc":{"Est. reading time":"4 minutes"},"schema":{"@context":"https:\/\/schema.org","@graph":[{"@type":"WebPage","@id":"https:\/\/vapingnet.de\/vape\/bang-blaze-kiwi-passion-fruit-pomegranate-20000-puffs-voller-genuss\/","url":"https:\/\/vapingnet.de\/vape\/bang-blaze-kiwi-passion-fruit-pomegranate-20000-puffs-voller-genuss\/","name":"Bang Blaze Kiwi Passion Fruit Pomegranate 20000 Puffs voller Genuss | Vapingnet.de","isPartOf":{"@id":"https:\/\/vapingnet.de\/#website"},"primaryImageOfPage":{"@id":"https:\/\/vapingnet.de\/vape\/bang-blaze-kiwi-passion-fruit-pomegranate-20000-puffs-voller-genuss\/#primaryimage"},"image":{"@id":"https:\/\/vapingnet.de\/vape\/bang-blaze-kiwi-passion-fruit-pomegranate-20000-puffs-voller-genuss\/#primaryimage"},"thumbnailUrl":"https:\/\/vapingnet.de\/wp-content\/uploads\/2025\/03\/bang-blaze.jpg","datePublished":"2025-03-12T07:54:34+00:00","dateModified":"2025-06-19T03:42:00+00:00","description":"Entdecke Bang Blaze Kiwi Passion Fruit Pomegranate 20000 Puffs voller Genuss bei vapingnet.de, \u25ba Gro\u00dfe Auswahl an Geschmacksrichtungen & super g\u00fcnstig!","breadcrumb":{"@id":"https:\/\/vapingnet.de\/vape\/bang-blaze-kiwi-passion-fruit-pomegranate-20000-puffs-voller-genuss\/#breadcrumb"},"inLanguage":"it-IT","potentialAction":[{"@type":"ReadAction","target":["https:\/\/vapingnet.de\/vape\/bang-blaze-kiwi-passion-fruit-pomegranate-20000-puffs-voller-genuss\/"]}]},{"@type":"ImageObject","inLanguage":"it-IT","@id":"https:\/\/vapingnet.de\/vape\/bang-blaze-kiwi-passion-fruit-pomegranate-20000-puffs-voller-genuss\/#primaryimage","url":"https:\/\/vapingnet.de\/wp-content\/uploads\/2025\/03\/bang-blaze.jpg","contentUrl":"https:\/\/vapingnet.de\/wp-content\/uploads\/2025\/03\/bang-blaze.jpg","width":1000,"height":1000},{"@type":"BreadcrumbList","@id":"https:\/\/vapingnet.de\/vape\/bang-blaze-kiwi-passion-fruit-pomegranate-20000-puffs-voller-genuss\/#breadcrumb","itemListElement":[{"@type":"ListItem","position":1,"name":"Home","item":"https:\/\/vapingnet.de\/"},{"@type":"ListItem","position":2,"name":"Shop","item":"https:\/\/vapingnet.de\/vape\/"},{"@type":"ListItem","position":3,"name":"Bang Blaze Kiwi Passion Fruit Pomegranate 20000 Puffs voller Genuss"}]},{"@type":"WebSite","@id":"https:\/\/vapingnet.de\/#website","url":"https:\/\/vapingnet.de\/","name":"Vapingnet.de","description":"","publisher":{"@id":"https:\/\/vapingnet.de\/#organization"},"potentialAction":[{"@type":"SearchAction","target":{"@type":"EntryPoint","urlTemplate":"https:\/\/vapingnet.de\/?s={search_term_string}"},"query-input":{"@type":"PropertyValueSpecification","valueRequired":true,"valueName":"search_term_string"}}],"inLanguage":"it-IT"},{"@type":"Organization","@id":"https:\/\/vapingnet.de\/#organization","name":"Vapingnet.de","url":"https:\/\/vapingnet.de\/","logo":{"@type":"ImageObject","inLanguage":"it-IT","@id":"https:\/\/vapingnet.de\/#\/schema\/logo\/image\/","url":"https:\/\/vapingnet.de\/wp-content\/uploads\/2025\/03\/cropped-vapingnet.de_.jpg","contentUrl":"https:\/\/vapingnet.de\/wp-content\/uploads\/2025\/03\/cropped-vapingnet.de_.jpg","width":512,"height":512,"caption":"Vapingnet.de"},"image":{"@id":"https:\/\/vapingnet.de\/#\/schema\/logo\/image\/"},"sameAs":["https:\/\/www.facebook.com\/vapingnetde\/"]}]}},"tiered_pricing_type":"fixed","tiered_pricing_fixed_rules":{"10":"7.59","60":"6.83","110":"6.07","200":"5.31"},"tiered_pricing_product_settings":{"layout":"default","base_unit_name":{"singular":null,"plural":null},"default_variation":null},"tiered_pricing_minimum_quantity":null,"tiered_pricing_roles_data":[],"tiered_pricing_percentage_rules":[],"_links":{"self":[{"href":"https:\/\/vapingnet.de\/it\/wp-json\/wp\/v2\/product\/5139","targetHints":{"allow":["GET"]}}],"collection":[{"href":"https:\/\/vapingnet.de\/it\/wp-json\/wp\/v2\/product"}],"about":[{"href":"https:\/\/vapingnet.de\/it\/wp-json\/wp\/v2\/types\/product"}],"version-history":[{"count":2,"href":"https:\/\/vapingnet.de\/it\/wp-json\/wp\/v2\/product\/5139\/revisions"}],"predecessor-version":[{"id":6214,"href":"https:\/\/vapingnet.de\/it\/wp-json\/wp\/v2\/product\/5139\/revisions\/6214"}],"wp:featuredmedia":[{"embeddable":true,"href":"https:\/\/vapingnet.de\/it\/wp-json\/wp\/v2\/media\/6844"}],"wp:attachment":[{"href":"https:\/\/vapingnet.de\/it\/wp-json\/wp\/v2\/media?parent=5139"}],"wp:term":[{"taxonomy":"brand","embeddable":true,"href":"https:\/\/vapingnet.de\/it\/wp-json\/wp\/v2\/etheme_brands?post=5139"},{"taxonomy":"product_brand","embeddable":true,"href":"https:\/\/vapingnet.de\/it\/wp-json\/wp\/v2\/product_brand?post=5139"},{"taxonomy":"product_cat","embeddable":true,"href":"https:\/\/vapingnet.de\/it\/wp-json\/wp\/v2\/product_cat?post=5139"},{"taxonomy":"product_tag","embeddable":true,"href":"https:\/\/vapingnet.de\/it\/wp-json\/wp\/v2\/product_tag?post=5139"}],"curies":[{"name":"wp","href":"https:\/\/api.w.org\/{rel}","templated":true}]}}