{"id":5161,"date":"2025-03-12T08:44:05","date_gmt":"2025-03-12T08:44:05","guid":{"rendered":"https:\/\/vapingnet.de\/?post_type=product&#038;p=5161"},"modified":"2025-06-19T03:41:34","modified_gmt":"2025-06-19T03:41:34","slug":"erlebe-bang-15000-puffs-blue-razz-ice-mit-eiskaltem-kick","status":"publish","type":"product","link":"https:\/\/vapingnet.de\/it\/vape\/erlebe-bang-15000-puffs-blue-razz-ice-mit-eiskaltem-kick\/","title":{"rendered":"Prova Bang 15000 Puff Blue Razz Ice con un colpo glaciale"},"content":{"rendered":"<h2 data-start=\"0\" data-end=\"89\" data-immersive-translate-walked=\"f973a1c5-5d4f-4088-9585-cd2fc30583a6\">Bang15000 Puffs Pod Ricaricabile Usa e Getta: Il futuro dell'esperienza con le sigarette elettroniche<\/h2>\n<p data-start=\"91\" data-end=\"696\" data-immersive-translate-walked=\"f973a1c5-5d4f-4088-9585-cd2fc30583a6\">Con la rapida crescita del mercato delle sigarette elettroniche, le sigarette usa e getta si sono affermate tra i consumatori grazie alla loro facilit\u00e0 d'uso, alla variet\u00e0 di gusti e alla praticit\u00e0. In questa tendenza si distingue il <a href=\"https:\/\/vapingnet.de\/it\/bang-15000-puffs\/\" target=\"_blank\" rel=\"noopener\"><strong>Bang15000 Puffs Pod ricaricabile usa e getta<\/strong><\/a> con le sue prestazioni eccezionali e tecnologia innovativa, diventando uno dei prodotti pi\u00f9 richiesti sul mercato. In questo articolo scoprirai tutto sulle caratteristiche uniche di questo prodotto e su come offre un'esperienza di svapo senza paragoni.<\/p>\n<h4>Le nuove tendenze nel mercato delle sigarette elettroniche<\/h4>\n<p data-start=\"747\" data-end=\"1225\">Negli ultimi anni, la sigaretta elettronica si \u00e8 affermata come alternativa moderna al fumo tradizionale in tutto il mondo. I consumatori oggi non cercano pi\u00f9 solo un'assunzione semplice di nicotina, ma desiderano funzioni migliorate, esperienze di gusto pi\u00f9 intense e un uso pi\u00f9 confortevole. Il Bang15000 Puffs Pod Ricaricabile Usa e Getta non solo soddisfa queste esigenze, ma stabilisce nuovi standard con innovazioni tecniche per le sigarette elettroniche usa e getta.<\/p>\n<h4 data-start=\"1227\" data-end=\"1301\">Punti salienti del prodotto: Perfetta sinergia tra tecnologia e design<\/h4>\n<p data-start=\"1302\" data-end=\"1462\">Il Bang15000 Puffs Pod Ricaricabile Usa e Getta combina tecnologia all'avanguardia con un design facile da usare. Ecco le sue caratteristiche principali:<\/p>\n<p data-start=\"1464\" data-end=\"1658\">\u2705 Dul Mesh Coil 1.1\u03a9<br data-start=\"1488\" data-end=\"1491\" \/>La tecnologia avanzata Dul Mesh Coil garantisce una produzione di vapore uniforme e un'esperienza di gusto intensa con un'inalazione morbida e vellutata.<\/p>\n<p data-start=\"1660\" data-end=\"1942\">\u2705 Batteria ricaricabile da 650mAh e connettore Type-C<br data-start=\"1713\" data-end=\"1716\" \/>La batteria integrata da 650mAh permette un uso prolungato, mentre la connessione di ricarica rapida Type-C assicura una ricarica efficiente \u2013 addio alla mentalit\u00e0 dello<\/p>\n<p data-start=\"1944\" data-end=\"2154\">\u2705 15000 Puffs \u2013 durata eccezionalmente lunga<br data-start=\"1997\" data-end=\"2000\" \/>Con fino a <a href=\"https:\/\/vapingnet.de\/it\/k\/vape-15000-zuege\/\" target=\"_blank\" rel=\"noopener\"><strong>15000 puff<\/strong><\/a> questo modello \u00e8 tra le sigarette elettroniche usa e getta pi\u00f9 durevoli sul mercato, riducendo la frequenza di sostituzione dei dispositivi.<\/p>\n<p data-start=\"2156\" data-end=\"2331\">\u2705 Serbatoio di liquido da 23mL<br data-start=\"2185\" data-end=\"2188\" \/>Il volume di liquido extra grande garantisce un piacere duraturo, senza preoccuparsi di un consumo rapido.<\/p>\n<p data-start=\"2333\" data-end=\"2567\">\u2705 Quattro livelli di nicotina tra cui scegliere<br data-start=\"2370\" data-end=\"2373\" \/>La flessibilit\u00e0 \u00e8 fondamentale: scegli tra 0, %, 2, %, 3, % o 5, % di nicotina \u2013 perfetto per tutti gli svapatori (Nota: 0, % e 3, % disponibili solo su richiesta in quantit\u00e0 maggiori).<\/p>\n<h4 data-start=\"2569\" data-end=\"2644\">Esperienza di gusto: La rinfrescante tentazione di Blue Razz Ice<\/h4>\n<p data-start=\"2645\" data-end=\"3068\">Un punto forte \u00e8 il gusto Blue Razz Ice. Questa combinazione di mirtilli dolci e lamponi leggermente aciduli viene completata da una piacevole sensazione di freschezza \u2013 un'esperienza di gusto che sprigiona una fruttuosit\u00e0 rinfrescante ad ogni inalazione. Che sia in una calda giornata estiva o come momento di relax, questo gusto offre un equilibrio perfetto tra freschezza e fruttuosit\u00e0.<\/p>\n<h4 data-start=\"3070\" data-end=\"3144\">Esperienza utente: Portatile, durevole, facile da usare<\/h4>\n<p data-start=\"3145\" data-end=\"3293\">Oltre alla tecnologia impressionante, il Bang15000 Puffs Rechargeable Disposable Pod si distingue anche per la sua esperienza utente ben pensata:<\/p>\n<p data-start=\"3295\" data-end=\"3603\">\ud83d\udd39 Design compatto e elegante \u2013 Perfetto per essere portato in giro, si adatta facilmente alla tasca.<br data-start=\"3385\" data-end=\"3388\" \/>\ud83d\udd39 Facile da usare \u2013 Nessuna configurazione complicata o manutenzione \u2013 basta scartarlo e goderselo.<br data-start=\"3488\" data-end=\"3491\" \/>\ud83d\udd39 Piacere duraturo \u2013 15000 puff combinati con un serbatoio da 23 mL offrono un pacchetto di svapo potente e duraturo.<\/p>\n<h4 data-start=\"3605\" data-end=\"3650\">Sostenibilit\u00e0 e convenienza<\/h4>\n<p data-start=\"3651\" data-end=\"4072\">In un'epoca in cui la consapevolezza ambientale diventa sempre pi\u00f9 importante, il Bang15000 Puffs Rechargeable Disposable Pod si distingue per la sua funzione ricaricabile. Rispetto ai modelli usa e getta tradizionali, la batteria integrata riduce i rifiuti di batterie e protegge l'ambiente. Allo stesso tempo, gli utenti risparmiano a lungo termine, poich\u00e9 devono acquistare meno dispositivi \u2013 una situazione vantaggiosa sia per gli svapatori che per la natura!<\/p>\n<h3>Perch\u00e9 scegliere il Bang15000 Puffs?<\/h3>\n<p data-start=\"4118\" data-end=\"4438\">Che tu cerchi un'esperienza di gusto intensa o dia importanza all'ecocompatibilit\u00e0 e alla facilit\u00e0 d'uso, il Bang15000 Puffs Rechargeable Disposable Pod \u00e8 la scelta perfetta. Questa sigaretta elettronica \u00e8 pi\u00f9 di un semplice dispositivo \u2013 \u00e8 un'espressione di uno stile di vita moderno, flessibile e sostenibile.<\/p>\n<h4 data-start=\"4440\" data-end=\"4493\">Inizia la tua nuova esperienza di svapo!<\/h4>\n<p data-start=\"4494\" data-end=\"4928\" data-is-last-node=\"\" data-is-only-node=\"\">Con le sue funzioni innovative, l'alta capacit\u00e0 e il gusto unico, il Bang15000 Puffs Rechargeable Disposable Pod definisce il mondo delle <a href=\"https:\/\/vapingnet.de\/it\/k\/einweg-e-zigarette\/\" target=\"_blank\" rel=\"noopener\"><strong>Sigarette elettroniche usa e getta<\/strong> <\/a>nuove esperienze. Se cerchi una sigaretta elettronica di alta qualit\u00e0, durevole e dal gusto intenso, devi provarla assolutamente! Visita ora vapingnet.de per saperne di pi\u00f9 o ordina direttamente e inizia la tua avventura di svapo personale.<\/p>","protected":false},"excerpt":{"rendered":"<p>Bang15000 Puff Ricaricabile Dispositivo usa e getta: Il futuro dell'esperienza con le sigarette elettroniche Con la crescita rapida del mercato delle sigarette elettroniche, le sigarette usa e getta si sono affermate grazie alla loro facilit\u00e0 d'uso, alla variet\u00e0 di gusti...<\/p>","protected":false},"featured_media":5162,"template":"","meta":[],"etheme_brands":[],"product_brand":[101],"product_cat":[53,49,61],"product_tag":[],"class_list":{"0":"post-5161","1":"product","2":"type-product","3":"status-publish","4":"has-post-thumbnail","6":"product_brand-bang-king-vape","7":"product_cat-vape-15000-zuege","8":"product_cat-einweg-e-zigarette","9":"product_cat-f","11":"first","12":"instock","13":"shipping-taxable","14":"purchasable","15":"product-type-simple"},"yoast_head":"<!-- This site is optimized with the Yoast SEO plugin v26.5 - https:\/\/yoast.com\/wordpress\/plugins\/seo\/ -->\n<title>Erlebe Bang 15000 Puffs Blue Razz Ice mit eiskaltem Kick | Vapingnet.de<\/title>\n<meta name=\"description\" content=\"Entdecke Erlebe Bang 15000 Puffs Blue Razz Ice mit eiskaltem Kick bei vapingnet.de, \u25ba Gro\u00dfe Auswahl an Geschmacksrichtungen &amp; super g\u00fcnstig!\" \/>\n<meta name=\"robots\" content=\"index, follow, max-snippet:-1, max-image-preview:large, max-video-preview:-1\" \/>\n<link rel=\"canonical\" href=\"https:\/\/vapingnet.de\/it\/vape\/erlebe-bang-15000-puffs-blue-razz-ice-mit-eiskaltem-kick\/\" \/>\n<meta property=\"og:locale\" content=\"it_IT\" \/>\n<meta property=\"og:type\" content=\"article\" \/>\n<meta property=\"og:title\" content=\"Erlebe Bang 15000 Puffs Blue Razz Ice mit eiskaltem Kick | Vapingnet.de\" \/>\n<meta property=\"og:description\" content=\"Entdecke Erlebe Bang 15000 Puffs Blue Razz Ice mit eiskaltem Kick bei vapingnet.de, \u25ba Gro\u00dfe Auswahl an Geschmacksrichtungen &amp; super g\u00fcnstig!\" \/>\n<meta property=\"og:url\" content=\"https:\/\/vapingnet.de\/it\/vape\/erlebe-bang-15000-puffs-blue-razz-ice-mit-eiskaltem-kick\/\" \/>\n<meta property=\"og:site_name\" content=\"Vapingnet.de\" \/>\n<meta property=\"article:publisher\" content=\"https:\/\/www.facebook.com\/vapingnetde\/\" \/>\n<meta property=\"article:modified_time\" content=\"2025-06-19T03:41:34+00:00\" \/>\n<meta property=\"og:image\" content=\"https:\/\/vapingnet.de\/wp-content\/uploads\/2025\/03\/Blue-Razz-Ice.png\" \/>\n\t<meta property=\"og:image:width\" content=\"900\" \/>\n\t<meta property=\"og:image:height\" content=\"600\" \/>\n\t<meta property=\"og:image:type\" content=\"image\/png\" \/>\n<meta name=\"twitter:card\" content=\"summary_large_image\" \/>\n<meta name=\"twitter:label1\" content=\"Est. reading time\" \/>\n\t<meta name=\"twitter:data1\" content=\"4 minutes\" \/>\n<script type=\"application\/ld+json\" class=\"yoast-schema-graph\">{\"@context\":\"https:\/\/schema.org\",\"@graph\":[{\"@type\":\"WebPage\",\"@id\":\"https:\/\/vapingnet.de\/vape\/erlebe-bang-15000-puffs-blue-razz-ice-mit-eiskaltem-kick\/\",\"url\":\"https:\/\/vapingnet.de\/vape\/erlebe-bang-15000-puffs-blue-razz-ice-mit-eiskaltem-kick\/\",\"name\":\"Erlebe Bang 15000 Puffs Blue Razz Ice mit eiskaltem Kick | Vapingnet.de\",\"isPartOf\":{\"@id\":\"https:\/\/vapingnet.de\/#website\"},\"primaryImageOfPage\":{\"@id\":\"https:\/\/vapingnet.de\/vape\/erlebe-bang-15000-puffs-blue-razz-ice-mit-eiskaltem-kick\/#primaryimage\"},\"image\":{\"@id\":\"https:\/\/vapingnet.de\/vape\/erlebe-bang-15000-puffs-blue-razz-ice-mit-eiskaltem-kick\/#primaryimage\"},\"thumbnailUrl\":\"https:\/\/vapingnet.de\/wp-content\/uploads\/2025\/03\/Blue-Razz-Ice.png\",\"datePublished\":\"2025-03-12T08:44:05+00:00\",\"dateModified\":\"2025-06-19T03:41:34+00:00\",\"description\":\"Entdecke Erlebe Bang 15000 Puffs Blue Razz Ice mit eiskaltem Kick bei vapingnet.de, \u25ba Gro\u00dfe Auswahl an Geschmacksrichtungen & super g\u00fcnstig!\",\"breadcrumb\":{\"@id\":\"https:\/\/vapingnet.de\/vape\/erlebe-bang-15000-puffs-blue-razz-ice-mit-eiskaltem-kick\/#breadcrumb\"},\"inLanguage\":\"it-IT\",\"potentialAction\":[{\"@type\":\"ReadAction\",\"target\":[\"https:\/\/vapingnet.de\/vape\/erlebe-bang-15000-puffs-blue-razz-ice-mit-eiskaltem-kick\/\"]}]},{\"@type\":\"ImageObject\",\"inLanguage\":\"it-IT\",\"@id\":\"https:\/\/vapingnet.de\/vape\/erlebe-bang-15000-puffs-blue-razz-ice-mit-eiskaltem-kick\/#primaryimage\",\"url\":\"https:\/\/vapingnet.de\/wp-content\/uploads\/2025\/03\/Blue-Razz-Ice.png\",\"contentUrl\":\"https:\/\/vapingnet.de\/wp-content\/uploads\/2025\/03\/Blue-Razz-Ice.png\",\"width\":900,\"height\":600,\"caption\":\"Blue Razz Ice\"},{\"@type\":\"BreadcrumbList\",\"@id\":\"https:\/\/vapingnet.de\/vape\/erlebe-bang-15000-puffs-blue-razz-ice-mit-eiskaltem-kick\/#breadcrumb\",\"itemListElement\":[{\"@type\":\"ListItem\",\"position\":1,\"name\":\"Home\",\"item\":\"https:\/\/vapingnet.de\/\"},{\"@type\":\"ListItem\",\"position\":2,\"name\":\"Shop\",\"item\":\"https:\/\/vapingnet.de\/vape\/\"},{\"@type\":\"ListItem\",\"position\":3,\"name\":\"Erlebe Bang 15000 Puffs Blue Razz Ice mit eiskaltem Kick\"}]},{\"@type\":\"WebSite\",\"@id\":\"https:\/\/vapingnet.de\/#website\",\"url\":\"https:\/\/vapingnet.de\/\",\"name\":\"Vapingnet.de\",\"description\":\"\",\"publisher\":{\"@id\":\"https:\/\/vapingnet.de\/#organization\"},\"potentialAction\":[{\"@type\":\"SearchAction\",\"target\":{\"@type\":\"EntryPoint\",\"urlTemplate\":\"https:\/\/vapingnet.de\/?s={search_term_string}\"},\"query-input\":{\"@type\":\"PropertyValueSpecification\",\"valueRequired\":true,\"valueName\":\"search_term_string\"}}],\"inLanguage\":\"it-IT\"},{\"@type\":\"Organization\",\"@id\":\"https:\/\/vapingnet.de\/#organization\",\"name\":\"Vapingnet.de\",\"url\":\"https:\/\/vapingnet.de\/\",\"logo\":{\"@type\":\"ImageObject\",\"inLanguage\":\"it-IT\",\"@id\":\"https:\/\/vapingnet.de\/#\/schema\/logo\/image\/\",\"url\":\"https:\/\/vapingnet.de\/wp-content\/uploads\/2025\/03\/cropped-vapingnet.de_.jpg\",\"contentUrl\":\"https:\/\/vapingnet.de\/wp-content\/uploads\/2025\/03\/cropped-vapingnet.de_.jpg\",\"width\":512,\"height\":512,\"caption\":\"Vapingnet.de\"},\"image\":{\"@id\":\"https:\/\/vapingnet.de\/#\/schema\/logo\/image\/\"},\"sameAs\":[\"https:\/\/www.facebook.com\/vapingnetde\/\"]}]}<\/script>\n<!-- \/ Yoast SEO plugin. -->","yoast_head_json":{"title":"Erlebe Bang 15000 Puffs Blue Razz Ice mit eiskaltem Kick | Vapingnet.de","description":"Entdecke Erlebe Bang 15000 Puffs Blue Razz Ice mit eiskaltem Kick bei vapingnet.de, \u25ba Gro\u00dfe Auswahl an Geschmacksrichtungen & super g\u00fcnstig!","robots":{"index":"index","follow":"follow","max-snippet":"max-snippet:-1","max-image-preview":"max-image-preview:large","max-video-preview":"max-video-preview:-1"},"canonical":"https:\/\/vapingnet.de\/it\/vape\/erlebe-bang-15000-puffs-blue-razz-ice-mit-eiskaltem-kick\/","og_locale":"it_IT","og_type":"article","og_title":"Erlebe Bang 15000 Puffs Blue Razz Ice mit eiskaltem Kick | Vapingnet.de","og_description":"Entdecke Erlebe Bang 15000 Puffs Blue Razz Ice mit eiskaltem Kick bei vapingnet.de, \u25ba Gro\u00dfe Auswahl an Geschmacksrichtungen & super g\u00fcnstig!","og_url":"https:\/\/vapingnet.de\/it\/vape\/erlebe-bang-15000-puffs-blue-razz-ice-mit-eiskaltem-kick\/","og_site_name":"Vapingnet.de","article_publisher":"https:\/\/www.facebook.com\/vapingnetde\/","article_modified_time":"2025-06-19T03:41:34+00:00","og_image":[{"width":900,"height":600,"url":"https:\/\/vapingnet.de\/wp-content\/uploads\/2025\/03\/Blue-Razz-Ice.png","type":"image\/png"}],"twitter_card":"summary_large_image","twitter_misc":{"Est. reading time":"4 minutes"},"schema":{"@context":"https:\/\/schema.org","@graph":[{"@type":"WebPage","@id":"https:\/\/vapingnet.de\/vape\/erlebe-bang-15000-puffs-blue-razz-ice-mit-eiskaltem-kick\/","url":"https:\/\/vapingnet.de\/vape\/erlebe-bang-15000-puffs-blue-razz-ice-mit-eiskaltem-kick\/","name":"Erlebe Bang 15000 Puffs Blue Razz Ice mit eiskaltem Kick | Vapingnet.de","isPartOf":{"@id":"https:\/\/vapingnet.de\/#website"},"primaryImageOfPage":{"@id":"https:\/\/vapingnet.de\/vape\/erlebe-bang-15000-puffs-blue-razz-ice-mit-eiskaltem-kick\/#primaryimage"},"image":{"@id":"https:\/\/vapingnet.de\/vape\/erlebe-bang-15000-puffs-blue-razz-ice-mit-eiskaltem-kick\/#primaryimage"},"thumbnailUrl":"https:\/\/vapingnet.de\/wp-content\/uploads\/2025\/03\/Blue-Razz-Ice.png","datePublished":"2025-03-12T08:44:05+00:00","dateModified":"2025-06-19T03:41:34+00:00","description":"Entdecke Erlebe Bang 15000 Puffs Blue Razz Ice mit eiskaltem Kick bei vapingnet.de, \u25ba Gro\u00dfe Auswahl an Geschmacksrichtungen & super g\u00fcnstig!","breadcrumb":{"@id":"https:\/\/vapingnet.de\/vape\/erlebe-bang-15000-puffs-blue-razz-ice-mit-eiskaltem-kick\/#breadcrumb"},"inLanguage":"it-IT","potentialAction":[{"@type":"ReadAction","target":["https:\/\/vapingnet.de\/vape\/erlebe-bang-15000-puffs-blue-razz-ice-mit-eiskaltem-kick\/"]}]},{"@type":"ImageObject","inLanguage":"it-IT","@id":"https:\/\/vapingnet.de\/vape\/erlebe-bang-15000-puffs-blue-razz-ice-mit-eiskaltem-kick\/#primaryimage","url":"https:\/\/vapingnet.de\/wp-content\/uploads\/2025\/03\/Blue-Razz-Ice.png","contentUrl":"https:\/\/vapingnet.de\/wp-content\/uploads\/2025\/03\/Blue-Razz-Ice.png","width":900,"height":600,"caption":"Blue Razz Ice"},{"@type":"BreadcrumbList","@id":"https:\/\/vapingnet.de\/vape\/erlebe-bang-15000-puffs-blue-razz-ice-mit-eiskaltem-kick\/#breadcrumb","itemListElement":[{"@type":"ListItem","position":1,"name":"Home","item":"https:\/\/vapingnet.de\/"},{"@type":"ListItem","position":2,"name":"Shop","item":"https:\/\/vapingnet.de\/vape\/"},{"@type":"ListItem","position":3,"name":"Erlebe Bang 15000 Puffs Blue Razz Ice mit eiskaltem Kick"}]},{"@type":"WebSite","@id":"https:\/\/vapingnet.de\/#website","url":"https:\/\/vapingnet.de\/","name":"Vapingnet.de","description":"","publisher":{"@id":"https:\/\/vapingnet.de\/#organization"},"potentialAction":[{"@type":"SearchAction","target":{"@type":"EntryPoint","urlTemplate":"https:\/\/vapingnet.de\/?s={search_term_string}"},"query-input":{"@type":"PropertyValueSpecification","valueRequired":true,"valueName":"search_term_string"}}],"inLanguage":"it-IT"},{"@type":"Organization","@id":"https:\/\/vapingnet.de\/#organization","name":"Vapingnet.de","url":"https:\/\/vapingnet.de\/","logo":{"@type":"ImageObject","inLanguage":"it-IT","@id":"https:\/\/vapingnet.de\/#\/schema\/logo\/image\/","url":"https:\/\/vapingnet.de\/wp-content\/uploads\/2025\/03\/cropped-vapingnet.de_.jpg","contentUrl":"https:\/\/vapingnet.de\/wp-content\/uploads\/2025\/03\/cropped-vapingnet.de_.jpg","width":512,"height":512,"caption":"Vapingnet.de"},"image":{"@id":"https:\/\/vapingnet.de\/#\/schema\/logo\/image\/"},"sameAs":["https:\/\/www.facebook.com\/vapingnetde\/"]}]}},"tiered_pricing_type":"fixed","tiered_pricing_fixed_rules":{"10":"7.31","60":"6.58","110":"5.85","200":"5.12"},"tiered_pricing_product_settings":{"layout":"default","base_unit_name":{"singular":null,"plural":null},"default_variation":null},"tiered_pricing_minimum_quantity":null,"tiered_pricing_roles_data":[],"tiered_pricing_percentage_rules":[],"_links":{"self":[{"href":"https:\/\/vapingnet.de\/it\/wp-json\/wp\/v2\/product\/5161","targetHints":{"allow":["GET"]}}],"collection":[{"href":"https:\/\/vapingnet.de\/it\/wp-json\/wp\/v2\/product"}],"about":[{"href":"https:\/\/vapingnet.de\/it\/wp-json\/wp\/v2\/types\/product"}],"version-history":[{"count":1,"href":"https:\/\/vapingnet.de\/it\/wp-json\/wp\/v2\/product\/5161\/revisions"}],"predecessor-version":[{"id":5163,"href":"https:\/\/vapingnet.de\/it\/wp-json\/wp\/v2\/product\/5161\/revisions\/5163"}],"wp:featuredmedia":[{"embeddable":true,"href":"https:\/\/vapingnet.de\/it\/wp-json\/wp\/v2\/media\/5162"}],"wp:attachment":[{"href":"https:\/\/vapingnet.de\/it\/wp-json\/wp\/v2\/media?parent=5161"}],"wp:term":[{"taxonomy":"brand","embeddable":true,"href":"https:\/\/vapingnet.de\/it\/wp-json\/wp\/v2\/etheme_brands?post=5161"},{"taxonomy":"product_brand","embeddable":true,"href":"https:\/\/vapingnet.de\/it\/wp-json\/wp\/v2\/product_brand?post=5161"},{"taxonomy":"product_cat","embeddable":true,"href":"https:\/\/vapingnet.de\/it\/wp-json\/wp\/v2\/product_cat?post=5161"},{"taxonomy":"product_tag","embeddable":true,"href":"https:\/\/vapingnet.de\/it\/wp-json\/wp\/v2\/product_tag?post=5161"}],"curies":[{"name":"wp","href":"https:\/\/api.w.org\/{rel}","templated":true}]}}