{"id":5164,"date":"2025-03-12T09:13:18","date_gmt":"2025-03-12T09:13:18","guid":{"rendered":"https:\/\/vapingnet.de\/?post_type=product&#038;p=5164"},"modified":"2025-06-19T03:41:34","modified_gmt":"2025-06-19T03:41:34","slug":"geniessen-sie-die-unvergleichliche-frische-von-bang-15000-puffs-im-cool-mint-geschmack","status":"publish","type":"product","link":"https:\/\/vapingnet.de\/it\/vape\/geniessen-sie-die-unvergleichliche-frische-von-bang-15000-puffs-im-cool-mint-geschmack\/","title":{"rendered":"Goditi la freschezza ineguagliabile di Bang 15000 Puff al gusto di Cool Mint"},"content":{"rendered":"<h2 data-start=\"0\" data-end=\"84\">Bang15000 Puffs Pod Ricaricabile usa e getta \u2013 La rivoluzione del vapore!<\/h2>\n<p data-start=\"86\" data-end=\"584\">Il mercato delle sigarette elettroniche si sviluppa rapidamente, e le esigenze dei consumatori aumentano. Non cercano pi\u00f9 solo nicotina, ma anche esperienze di gusto pi\u00f9 intense, una durata pi\u00f9 lunga e una massima facilit\u00e0 d'uso. Proprio qui entra in gioco il Bang15000 Puffs Pod Ricaricabile usa e getta \u2013 con tecnologia innovativa, prestazioni eccezionali e un fresco sapore di Cool Mint. Diamo uno sguardo pi\u00f9 approfondito a questo modello rivoluzionario!<\/p>\n<h4 data-start=\"593\" data-end=\"668\">Vape usa e getta ridefinito: lunga durata e prestazioni supreme<\/h4>\n<p data-start=\"669\" data-end=\"954\">Se sei stanco di dover sostituire continuamente i tuoi <a href=\"https:\/\/vapingnet.de\/it\/k\/einweg-e-zigarette\/\" target=\"_blank\" rel=\"noopener\"><strong>Vape usa e getta<\/strong><\/a> costantemente? Ti d\u00e0 fastidio che la batteria si scarichi troppo in fretta? Allora il Bang15000 Puffs \u00e8 quello che fa per te! Con fino a 15.000 tiri, questo modello stabilisce nuovi standard e supera di gran lunga i dispositivi usa e getta tradizionali.<\/p>\n<h4 data-start=\"961\" data-end=\"1039\">Tecnologia che entusiasma \u2013 per un\u2019esperienza di svapo senza paragoni<\/h4>\n<p data-start=\"1041\" data-end=\"1114\">\u2705 Dul Mesh 1.1\u03a9 Coil \u2013 Gusto pi\u00f9 intenso e nuvole pi\u00f9 dense<\/p>\n<p data-start=\"1115\" data-end=\"1331\">La tecnologia innovativa Dul Mesh-Coil garantisce una vaporizzazione uniforme del liquido, rendendo l\u2019aroma pi\u00f9 intenso e il vapore particolarmente morbido. Un\u2019esperienza di svapo perfetta sia per principianti che per professionisti!<\/p>\n<p data-start=\"1333\" data-end=\"1409\">\ud83d\udd0b Batteria da 650mAh e ricarica rapida Type-C \u2013 Massima autonomia e comfort<\/p>\n<p data-start=\"1410\" data-end=\"1701\">Grazie alla potente batteria da 650mAh, puoi usare il dispositivo per un periodo prolungato senza preoccuparti della durata della batteria. Con la ricarica rapida Type-C, il tuo vape \u00e8 pronto in pochissimo tempo \u2013 per un\u2019esperienza di svapo senza interruzioni.<\/p>\n<p data-start=\"1703\" data-end=\"1763\">\ud83d\udd25 15.000 tiri \u2013 Durata d\u2019uso incredibilmente lunga<\/p>\n<p data-start=\"1764\" data-end=\"1989\">Il Bang15000 Puffs offre un numero incredibile di 15.000 tiri, che supera di gran lunga i tradizionali vape usa e getta. Niente pi\u00f9 acquisti continui \u2013 questa sigaretta elettronica ti accompagner\u00e0 a lungo.<\/p>\n<p data-start=\"1991\" data-end=\"2048\">\ud83d\udca6 Capacit\u00e0 di liquido di 23mL \u2013 Mai pi\u00f9 ricariche<\/p>\n<p data-start=\"2049\" data-end=\"2190\">Con 23mL di liquido pre-riempito, questa sigaretta elettronica dura molto a lungo. Niente fastidiose ricariche, niente compromessi \u2013 semplicemente goditi!<\/p>\n<h4 data-start=\"2197\" data-end=\"2234\"><img fetchpriority=\"high\" decoding=\"async\" class=\"size-full wp-image-6907 aligncenter\" src=\"https:\/\/vapingnet.de\/wp-content\/uploads\/2025\/03\/VAPE-2.jpg\" alt=\"\" width=\"1166\" height=\"1080\" srcset=\"https:\/\/vapingnet.de\/wp-content\/uploads\/2025\/03\/VAPE-2.jpg 1166w, https:\/\/vapingnet.de\/wp-content\/uploads\/2025\/03\/VAPE-2-300x278.jpg 300w, https:\/\/vapingnet.de\/wp-content\/uploads\/2025\/03\/VAPE-2-1024x948.jpg 1024w, https:\/\/vapingnet.de\/wp-content\/uploads\/2025\/03\/VAPE-2-768x711.jpg 768w, https:\/\/vapingnet.de\/wp-content\/uploads\/2025\/03\/VAPE-2-600x556.jpg 600w, https:\/\/vapingnet.de\/wp-content\/uploads\/2025\/03\/VAPE-2-1x1.jpg 1w, https:\/\/vapingnet.de\/wp-content\/uploads\/2025\/03\/VAPE-2-10x10.jpg 10w\" sizes=\"(max-width: 1166px) 100vw, 1166px\" \/><\/h4>\n<h4 data-start=\"2197\" data-end=\"2234\">Cool Mint \u2013 Freschezza pura!<\/h4>\n<p data-start=\"2235\" data-end=\"2531\">Uno dei punti di forza \u00e8 il sapore di Cool Mint \u2013 una miscela perfetta di menta fresca e leggerezza rinfrescante. Ogni tiro offre una sensazione piacevole e ghiacciata, garantendo un gusto chiaro e rivitalizzante. Perfetto per le calde giornate estive o come kick di freschezza quotidiano!<\/p>\n<h4>Diversi livelli di nicotina \u2013 Perfetto per ogni svapatore<\/h4>\n<p data-start=\"2603\" data-end=\"2681\">Il Bang15000 Puffs \u00e8 disponibile in quattro diversi livelli di nicotina:<\/p>\n<p data-start=\"2683\" data-end=\"2888\">\ud83d\udd39 0% &amp; 3% (disponibile solo per ordini all\u2019ingrosso) \u2013 Per svapatori che vogliono ridurre o eliminare la nicotina dal loro consumo.<br data-start=\"2814\" data-end=\"2817\" \/>\ud83d\udd39 2% &amp; 5% \u2013 Per tutti coloro che cercano un'esperienza di svapo pi\u00f9 intensa.<\/p>\n<p data-start=\"2890\" data-end=\"2992\">Che tu sia un principiante o un svapatore esperto \u2013 qui troverai sicuramente la giusta concentrazione di nicotina!<\/p>\n<h3 data-start=\"2999\" data-end=\"3030\">Perch\u00e9 Bang15000 Puffs?<\/h3>\n<p data-start=\"3031\" data-end=\"3524\">\u2705 Durata estremamente lunga \u2013 <a href=\"https:\/\/vapingnet.de\/it\/k\/vape-15000-zuege\/\" target=\"_blank\" rel=\"noopener\"><strong>15.000 puff<\/strong><\/a>, un dispositivo per molte settimane.<br data-start=\"3104\" data-end=\"3107\" \/>\u2705 Batteria ricaricabile \u2013 Capacit\u00e0 di 650mAh con ricarica rapida Type-C.<br data-start=\"3179\" data-end=\"3182\" \/>\u2705 Grande serbatoio di liquido \u2013 23mL di liquido per la massima durata d'uso.<br data-start=\"3247\" data-end=\"3250\" \/>\u2705 Esperienza di gusto intensa \u2013 Dul Mesh-Coil per vapore morbido e aromatico.<br data-start=\"3334\" data-end=\"3337\" \/>\u2705 Quattro livelli di nicotina \u2013 Per esigenze individuali.<br data-start=\"3394\" data-end=\"3397\" \/>\u2705 Gusto di Menta Fresca \u2013 Rinfrescante e rinvigorente.<br data-start=\"3450\" data-end=\"3453\" \/>\u2705 Compatto &amp; elegante \u2013 Si adatta a ogni tasca, ideale per portare in giro.<\/p>\n<h4 data-start=\"3531\" data-end=\"3594\">Provalo ora e vivi il futuro dello svapo!<\/h4>\n<p data-start=\"3595\" data-end=\"3775\">La Bang15000 Puffs Ricaricabile Dispositivo usa e getta combina durata, tecnologia all'avanguardia e gusto intenso \u2013 una sigaretta elettronica che stabilisce nuovi standard!<\/p>\n<p data-start=\"3777\" data-end=\"3893\" data-is-last-node=\"\" data-is-only-node=\"\">\ud83d\udd25 Ordina ora su <a href=\"https:\/\/vapingnet.de\/it\/\" target=\"_new\" rel=\"noopener\" data-start=\"3792\" data-end=\"3828\">vapingnet.de<\/a> ordina e goditi l'esperienza di svapo alla menta fresca definitiva!<\/p>","protected":false},"excerpt":{"rendered":"<p>Bang15000 Puffs Rechargeable Disposable Pod \u2013 Die Revolution des Dampfens! Der Markt f\u00fcr E-Zigaretten entwickelt sich rasant weiter, und die Anspr\u00fcche der Konsumenten steigen. Sie&#8230;<\/p>","protected":false},"featured_media":5165,"template":"","meta":[],"etheme_brands":[],"product_brand":[101],"product_cat":[53,49,61],"product_tag":[],"class_list":{"0":"post-5164","1":"product","2":"type-product","3":"status-publish","4":"has-post-thumbnail","6":"product_brand-bang-king-vape","7":"product_cat-vape-15000-zuege","8":"product_cat-einweg-e-zigarette","9":"product_cat-f","11":"first","12":"instock","13":"shipping-taxable","14":"purchasable","15":"product-type-simple"},"yoast_head":"<!-- This site is optimized with the Yoast SEO plugin v26.5 - https:\/\/yoast.com\/wordpress\/plugins\/seo\/ -->\n<title>Genie\u00dfen Sie die unvergleichliche Frische von Bang 15000 Puffs im Cool Mint Geschmack | Vapingnet.de<\/title>\n<meta name=\"description\" content=\"Entdecke Genie\u00dfen Sie die unvergleichliche Frische von Bang 15000 Puffs im Cool Mint Geschmack bei vapingnet.de, \u25ba Gro\u00dfe Auswahl an Geschmacksrichtungen &amp; super g\u00fcnstig!\" \/>\n<meta name=\"robots\" content=\"index, follow, max-snippet:-1, max-image-preview:large, max-video-preview:-1\" \/>\n<link rel=\"canonical\" href=\"https:\/\/vapingnet.de\/it\/vape\/geniessen-sie-die-unvergleichliche-frische-von-bang-15000-puffs-im-cool-mint-geschmack\/\" \/>\n<meta property=\"og:locale\" content=\"it_IT\" \/>\n<meta property=\"og:type\" content=\"article\" \/>\n<meta property=\"og:title\" content=\"Genie\u00dfen Sie die unvergleichliche Frische von Bang 15000 Puffs im Cool Mint Geschmack | Vapingnet.de\" \/>\n<meta property=\"og:description\" content=\"Entdecke Genie\u00dfen Sie die unvergleichliche Frische von Bang 15000 Puffs im Cool Mint Geschmack bei vapingnet.de, \u25ba Gro\u00dfe Auswahl an Geschmacksrichtungen &amp; super g\u00fcnstig!\" \/>\n<meta property=\"og:url\" content=\"https:\/\/vapingnet.de\/it\/vape\/geniessen-sie-die-unvergleichliche-frische-von-bang-15000-puffs-im-cool-mint-geschmack\/\" \/>\n<meta property=\"og:site_name\" content=\"Vapingnet.de\" \/>\n<meta property=\"article:publisher\" content=\"https:\/\/www.facebook.com\/vapingnetde\/\" \/>\n<meta property=\"article:modified_time\" content=\"2025-06-19T03:41:34+00:00\" \/>\n<meta property=\"og:image\" content=\"https:\/\/vapingnet.de\/wp-content\/uploads\/2025\/03\/Cool-Mint.png\" \/>\n\t<meta property=\"og:image:width\" content=\"900\" \/>\n\t<meta property=\"og:image:height\" content=\"600\" \/>\n\t<meta property=\"og:image:type\" content=\"image\/png\" \/>\n<meta name=\"twitter:card\" content=\"summary_large_image\" \/>\n<meta name=\"twitter:label1\" content=\"Est. reading time\" \/>\n\t<meta name=\"twitter:data1\" content=\"3 minutes\" \/>\n<script type=\"application\/ld+json\" class=\"yoast-schema-graph\">{\"@context\":\"https:\/\/schema.org\",\"@graph\":[{\"@type\":\"WebPage\",\"@id\":\"https:\/\/vapingnet.de\/vape\/geniessen-sie-die-unvergleichliche-frische-von-bang-15000-puffs-im-cool-mint-geschmack\/\",\"url\":\"https:\/\/vapingnet.de\/vape\/geniessen-sie-die-unvergleichliche-frische-von-bang-15000-puffs-im-cool-mint-geschmack\/\",\"name\":\"Genie\u00dfen Sie die unvergleichliche Frische von Bang 15000 Puffs im Cool Mint Geschmack | Vapingnet.de\",\"isPartOf\":{\"@id\":\"https:\/\/vapingnet.de\/#website\"},\"primaryImageOfPage\":{\"@id\":\"https:\/\/vapingnet.de\/vape\/geniessen-sie-die-unvergleichliche-frische-von-bang-15000-puffs-im-cool-mint-geschmack\/#primaryimage\"},\"image\":{\"@id\":\"https:\/\/vapingnet.de\/vape\/geniessen-sie-die-unvergleichliche-frische-von-bang-15000-puffs-im-cool-mint-geschmack\/#primaryimage\"},\"thumbnailUrl\":\"https:\/\/vapingnet.de\/wp-content\/uploads\/2025\/03\/Cool-Mint.png\",\"datePublished\":\"2025-03-12T09:13:18+00:00\",\"dateModified\":\"2025-06-19T03:41:34+00:00\",\"description\":\"Entdecke Genie\u00dfen Sie die unvergleichliche Frische von Bang 15000 Puffs im Cool Mint Geschmack bei vapingnet.de, \u25ba Gro\u00dfe Auswahl an Geschmacksrichtungen & super g\u00fcnstig!\",\"breadcrumb\":{\"@id\":\"https:\/\/vapingnet.de\/vape\/geniessen-sie-die-unvergleichliche-frische-von-bang-15000-puffs-im-cool-mint-geschmack\/#breadcrumb\"},\"inLanguage\":\"it-IT\",\"potentialAction\":[{\"@type\":\"ReadAction\",\"target\":[\"https:\/\/vapingnet.de\/vape\/geniessen-sie-die-unvergleichliche-frische-von-bang-15000-puffs-im-cool-mint-geschmack\/\"]}]},{\"@type\":\"ImageObject\",\"inLanguage\":\"it-IT\",\"@id\":\"https:\/\/vapingnet.de\/vape\/geniessen-sie-die-unvergleichliche-frische-von-bang-15000-puffs-im-cool-mint-geschmack\/#primaryimage\",\"url\":\"https:\/\/vapingnet.de\/wp-content\/uploads\/2025\/03\/Cool-Mint.png\",\"contentUrl\":\"https:\/\/vapingnet.de\/wp-content\/uploads\/2025\/03\/Cool-Mint.png\",\"width\":900,\"height\":600,\"caption\":\"Cool Mint\"},{\"@type\":\"BreadcrumbList\",\"@id\":\"https:\/\/vapingnet.de\/vape\/geniessen-sie-die-unvergleichliche-frische-von-bang-15000-puffs-im-cool-mint-geschmack\/#breadcrumb\",\"itemListElement\":[{\"@type\":\"ListItem\",\"position\":1,\"name\":\"Home\",\"item\":\"https:\/\/vapingnet.de\/\"},{\"@type\":\"ListItem\",\"position\":2,\"name\":\"Shop\",\"item\":\"https:\/\/vapingnet.de\/vape\/\"},{\"@type\":\"ListItem\",\"position\":3,\"name\":\"Genie\u00dfen Sie die unvergleichliche Frische von Bang 15000 Puffs im Cool Mint Geschmack\"}]},{\"@type\":\"WebSite\",\"@id\":\"https:\/\/vapingnet.de\/#website\",\"url\":\"https:\/\/vapingnet.de\/\",\"name\":\"Vapingnet.de\",\"description\":\"\",\"publisher\":{\"@id\":\"https:\/\/vapingnet.de\/#organization\"},\"potentialAction\":[{\"@type\":\"SearchAction\",\"target\":{\"@type\":\"EntryPoint\",\"urlTemplate\":\"https:\/\/vapingnet.de\/?s={search_term_string}\"},\"query-input\":{\"@type\":\"PropertyValueSpecification\",\"valueRequired\":true,\"valueName\":\"search_term_string\"}}],\"inLanguage\":\"it-IT\"},{\"@type\":\"Organization\",\"@id\":\"https:\/\/vapingnet.de\/#organization\",\"name\":\"Vapingnet.de\",\"url\":\"https:\/\/vapingnet.de\/\",\"logo\":{\"@type\":\"ImageObject\",\"inLanguage\":\"it-IT\",\"@id\":\"https:\/\/vapingnet.de\/#\/schema\/logo\/image\/\",\"url\":\"https:\/\/vapingnet.de\/wp-content\/uploads\/2025\/03\/cropped-vapingnet.de_.jpg\",\"contentUrl\":\"https:\/\/vapingnet.de\/wp-content\/uploads\/2025\/03\/cropped-vapingnet.de_.jpg\",\"width\":512,\"height\":512,\"caption\":\"Vapingnet.de\"},\"image\":{\"@id\":\"https:\/\/vapingnet.de\/#\/schema\/logo\/image\/\"},\"sameAs\":[\"https:\/\/www.facebook.com\/vapingnetde\/\"]}]}<\/script>\n<!-- \/ Yoast SEO plugin. -->","yoast_head_json":{"title":"Genie\u00dfen Sie die unvergleichliche Frische von Bang 15000 Puffs im Cool Mint Geschmack | Vapingnet.de","description":"Entdecke Genie\u00dfen Sie die unvergleichliche Frische von Bang 15000 Puffs im Cool Mint Geschmack bei vapingnet.de, \u25ba Gro\u00dfe Auswahl an Geschmacksrichtungen & super g\u00fcnstig!","robots":{"index":"index","follow":"follow","max-snippet":"max-snippet:-1","max-image-preview":"max-image-preview:large","max-video-preview":"max-video-preview:-1"},"canonical":"https:\/\/vapingnet.de\/it\/vape\/geniessen-sie-die-unvergleichliche-frische-von-bang-15000-puffs-im-cool-mint-geschmack\/","og_locale":"it_IT","og_type":"article","og_title":"Genie\u00dfen Sie die unvergleichliche Frische von Bang 15000 Puffs im Cool Mint Geschmack | Vapingnet.de","og_description":"Entdecke Genie\u00dfen Sie die unvergleichliche Frische von Bang 15000 Puffs im Cool Mint Geschmack bei vapingnet.de, \u25ba Gro\u00dfe Auswahl an Geschmacksrichtungen & super g\u00fcnstig!","og_url":"https:\/\/vapingnet.de\/it\/vape\/geniessen-sie-die-unvergleichliche-frische-von-bang-15000-puffs-im-cool-mint-geschmack\/","og_site_name":"Vapingnet.de","article_publisher":"https:\/\/www.facebook.com\/vapingnetde\/","article_modified_time":"2025-06-19T03:41:34+00:00","og_image":[{"width":900,"height":600,"url":"https:\/\/vapingnet.de\/wp-content\/uploads\/2025\/03\/Cool-Mint.png","type":"image\/png"}],"twitter_card":"summary_large_image","twitter_misc":{"Est. reading time":"3 minutes"},"schema":{"@context":"https:\/\/schema.org","@graph":[{"@type":"WebPage","@id":"https:\/\/vapingnet.de\/vape\/geniessen-sie-die-unvergleichliche-frische-von-bang-15000-puffs-im-cool-mint-geschmack\/","url":"https:\/\/vapingnet.de\/vape\/geniessen-sie-die-unvergleichliche-frische-von-bang-15000-puffs-im-cool-mint-geschmack\/","name":"Genie\u00dfen Sie die unvergleichliche Frische von Bang 15000 Puffs im Cool Mint Geschmack | Vapingnet.de","isPartOf":{"@id":"https:\/\/vapingnet.de\/#website"},"primaryImageOfPage":{"@id":"https:\/\/vapingnet.de\/vape\/geniessen-sie-die-unvergleichliche-frische-von-bang-15000-puffs-im-cool-mint-geschmack\/#primaryimage"},"image":{"@id":"https:\/\/vapingnet.de\/vape\/geniessen-sie-die-unvergleichliche-frische-von-bang-15000-puffs-im-cool-mint-geschmack\/#primaryimage"},"thumbnailUrl":"https:\/\/vapingnet.de\/wp-content\/uploads\/2025\/03\/Cool-Mint.png","datePublished":"2025-03-12T09:13:18+00:00","dateModified":"2025-06-19T03:41:34+00:00","description":"Entdecke Genie\u00dfen Sie die unvergleichliche Frische von Bang 15000 Puffs im Cool Mint Geschmack bei vapingnet.de, \u25ba Gro\u00dfe Auswahl an Geschmacksrichtungen & super g\u00fcnstig!","breadcrumb":{"@id":"https:\/\/vapingnet.de\/vape\/geniessen-sie-die-unvergleichliche-frische-von-bang-15000-puffs-im-cool-mint-geschmack\/#breadcrumb"},"inLanguage":"it-IT","potentialAction":[{"@type":"ReadAction","target":["https:\/\/vapingnet.de\/vape\/geniessen-sie-die-unvergleichliche-frische-von-bang-15000-puffs-im-cool-mint-geschmack\/"]}]},{"@type":"ImageObject","inLanguage":"it-IT","@id":"https:\/\/vapingnet.de\/vape\/geniessen-sie-die-unvergleichliche-frische-von-bang-15000-puffs-im-cool-mint-geschmack\/#primaryimage","url":"https:\/\/vapingnet.de\/wp-content\/uploads\/2025\/03\/Cool-Mint.png","contentUrl":"https:\/\/vapingnet.de\/wp-content\/uploads\/2025\/03\/Cool-Mint.png","width":900,"height":600,"caption":"Cool Mint"},{"@type":"BreadcrumbList","@id":"https:\/\/vapingnet.de\/vape\/geniessen-sie-die-unvergleichliche-frische-von-bang-15000-puffs-im-cool-mint-geschmack\/#breadcrumb","itemListElement":[{"@type":"ListItem","position":1,"name":"Home","item":"https:\/\/vapingnet.de\/"},{"@type":"ListItem","position":2,"name":"Shop","item":"https:\/\/vapingnet.de\/vape\/"},{"@type":"ListItem","position":3,"name":"Genie\u00dfen Sie die unvergleichliche Frische von Bang 15000 Puffs im Cool Mint Geschmack"}]},{"@type":"WebSite","@id":"https:\/\/vapingnet.de\/#website","url":"https:\/\/vapingnet.de\/","name":"Vapingnet.de","description":"","publisher":{"@id":"https:\/\/vapingnet.de\/#organization"},"potentialAction":[{"@type":"SearchAction","target":{"@type":"EntryPoint","urlTemplate":"https:\/\/vapingnet.de\/?s={search_term_string}"},"query-input":{"@type":"PropertyValueSpecification","valueRequired":true,"valueName":"search_term_string"}}],"inLanguage":"it-IT"},{"@type":"Organization","@id":"https:\/\/vapingnet.de\/#organization","name":"Vapingnet.de","url":"https:\/\/vapingnet.de\/","logo":{"@type":"ImageObject","inLanguage":"it-IT","@id":"https:\/\/vapingnet.de\/#\/schema\/logo\/image\/","url":"https:\/\/vapingnet.de\/wp-content\/uploads\/2025\/03\/cropped-vapingnet.de_.jpg","contentUrl":"https:\/\/vapingnet.de\/wp-content\/uploads\/2025\/03\/cropped-vapingnet.de_.jpg","width":512,"height":512,"caption":"Vapingnet.de"},"image":{"@id":"https:\/\/vapingnet.de\/#\/schema\/logo\/image\/"},"sameAs":["https:\/\/www.facebook.com\/vapingnetde\/"]}]}},"tiered_pricing_type":"fixed","tiered_pricing_fixed_rules":{"10":"7.31","60":"6.58","110":"5.85","200":"5.12"},"tiered_pricing_product_settings":{"layout":"default","base_unit_name":{"singular":null,"plural":null},"default_variation":null},"tiered_pricing_minimum_quantity":null,"tiered_pricing_roles_data":[],"tiered_pricing_percentage_rules":[],"_links":{"self":[{"href":"https:\/\/vapingnet.de\/it\/wp-json\/wp\/v2\/product\/5164","targetHints":{"allow":["GET"]}}],"collection":[{"href":"https:\/\/vapingnet.de\/it\/wp-json\/wp\/v2\/product"}],"about":[{"href":"https:\/\/vapingnet.de\/it\/wp-json\/wp\/v2\/types\/product"}],"version-history":[{"count":2,"href":"https:\/\/vapingnet.de\/it\/wp-json\/wp\/v2\/product\/5164\/revisions"}],"predecessor-version":[{"id":6918,"href":"https:\/\/vapingnet.de\/it\/wp-json\/wp\/v2\/product\/5164\/revisions\/6918"}],"wp:featuredmedia":[{"embeddable":true,"href":"https:\/\/vapingnet.de\/it\/wp-json\/wp\/v2\/media\/5165"}],"wp:attachment":[{"href":"https:\/\/vapingnet.de\/it\/wp-json\/wp\/v2\/media?parent=5164"}],"wp:term":[{"taxonomy":"brand","embeddable":true,"href":"https:\/\/vapingnet.de\/it\/wp-json\/wp\/v2\/etheme_brands?post=5164"},{"taxonomy":"product_brand","embeddable":true,"href":"https:\/\/vapingnet.de\/it\/wp-json\/wp\/v2\/product_brand?post=5164"},{"taxonomy":"product_cat","embeddable":true,"href":"https:\/\/vapingnet.de\/it\/wp-json\/wp\/v2\/product_cat?post=5164"},{"taxonomy":"product_tag","embeddable":true,"href":"https:\/\/vapingnet.de\/it\/wp-json\/wp\/v2\/product_tag?post=5164"}],"curies":[{"name":"wp","href":"https:\/\/api.w.org\/{rel}","templated":true}]}}