{"id":5183,"date":"2025-03-12T09:49:29","date_gmt":"2025-03-12T09:49:29","guid":{"rendered":"https:\/\/vapingnet.de\/?post_type=product&#038;p=5183"},"modified":"2025-06-19T03:41:32","modified_gmt":"2025-06-19T03:41:32","slug":"entzuecken-sie-ihren-gaumen-mit-den-bang15000-puffs-im-himmlischen-peach-berry-geschmack","status":"publish","type":"product","link":"https:\/\/vapingnet.de\/it\/vape\/entzuecken-sie-ihren-gaumen-mit-den-bang15000-puffs-im-himmlischen-peach-berry-geschmack\/","title":{"rendered":"Delizia il tuo palato con i Bang15000 Puff al gusto celestiale di Pesca Bacca"},"content":{"rendered":"<h2 data-start=\"0\" data-end=\"117\">Bang15000 Puffs Pod usa e getta ricaricabile \u2013 Goditi il massimo del gusto e un'esperienza duratura<\/h2>\n<p data-start=\"173\" data-end=\"652\">Il Bang15000 Puffs Pod ricaricabile usa e getta ti offre un'esperienza senza paragoni con un uso prolungato. Dotato di una batteria ricaricabile da 650mAh, ogni unit\u00e0 fornisce fino a<a href=\"https:\/\/vapingnet.de\/it\/k\/vape-15000-zuege\/\" target=\"_blank\" rel=\"noopener\"><strong> 15000 tiri<\/strong><\/a>, il che significa che puoi goderti a lungo senza dover cambiare frequentemente il dispositivo. Sia per l'uso quotidiano che per i viaggi, questo dispositivo ti offre una compagnia duratura, cos\u00ec non dovrai preoccuparti della batteria.<\/p>\n<p data-start=\"654\" data-end=\"901\">Il dispositivo utilizza inoltre la porta Type-C, che permette una ricarica rapida. In pochi minuti il dispositivo sar\u00e0 completamente ricaricato, riducendo i tempi di attesa e permettendoti di continuare ovunque e in qualsiasi momento.<\/p>\n<p data-start=\"654\" data-end=\"901\"><img fetchpriority=\"high\" decoding=\"async\" class=\"size-full wp-image-6909 aligncenter\" src=\"https:\/\/vapingnet.de\/wp-content\/uploads\/2025\/03\/VAPE-1.jpg\" alt=\"\" width=\"1296\" height=\"1080\" srcset=\"https:\/\/vapingnet.de\/wp-content\/uploads\/2025\/03\/VAPE-1.jpg 1296w, https:\/\/vapingnet.de\/wp-content\/uploads\/2025\/03\/VAPE-1-300x250.jpg 300w, https:\/\/vapingnet.de\/wp-content\/uploads\/2025\/03\/VAPE-1-1024x853.jpg 1024w, https:\/\/vapingnet.de\/wp-content\/uploads\/2025\/03\/VAPE-1-768x640.jpg 768w, https:\/\/vapingnet.de\/wp-content\/uploads\/2025\/03\/VAPE-1-600x500.jpg 600w, https:\/\/vapingnet.de\/wp-content\/uploads\/2025\/03\/VAPE-1-1x1.jpg 1w, https:\/\/vapingnet.de\/wp-content\/uploads\/2025\/03\/VAPE-1-10x8.jpg 10w\" sizes=\"(max-width: 1296px) 100vw, 1296px\" \/><\/p>\n<h4 data-start=\"903\" data-end=\"978\">Gusto Pesca Frutti di Bosco \u2013 Una miscela perfetta di freschezza e dolcezza<\/h4>\n<p data-start=\"980\" data-end=\"1486\">Il gusto \u00e8 uno dei fattori pi\u00f9 importanti nella scelta di un prodotto per sigarette elettroniche. Il Bang15000 Puffs Pod ricaricabile usa e getta offre un sapore unico di Pesca Frutti di Bosco. Questo combina la dolcezza della pesca con la freschezza dei frutti di bosco, offrendo un'esperienza di gusto emozionante, dolce e rinfrescante ad ogni tiro. Che tu sia un principiante o un vaporizzatore esperto, questo gusto sicuramente delizier\u00e0 le tue papille gustative.<\/p>\n<h4 data-start=\"1488\" data-end=\"1545\">Selezione flessibile \u2013 Esperienza di svapo personalizzata<\/h4>\n<p data-start=\"1547\" data-end=\"1939\">Per soddisfare le diverse esigenze, il Bang15000 Puffs Pod ricaricabile usa e getta offre quattro livelli di nicotina: 0%, 2%, 3% e 5%. Cos\u00ec puoi scegliere il contenuto di nicotina pi\u00f9 adatto alle tue preferenze e necessit\u00e0. Che tu voglia un'esperienza senza nicotina o un effetto pi\u00f9 forte, c'\u00e8 qualcosa per ogni gusto.<\/p>\n<p data-start=\"1941\" data-end=\"2116\">Per ordini all'ingrosso offriamo anche la possibilit\u00e0 di ordinare nicotina 0% e 3%, per soddisfare ordini di grandi quantit\u00e0 in modo flessibile.<\/p>\n<h4 data-start=\"2118\" data-end=\"2151\">Design pratico usa e getta<\/h4>\n<p data-start=\"2153\" data-end=\"2484\">A differenza delle tradizionali sigarette elettroniche con pod intercambiabili, il Bang15000 Puffs offre un <a href=\"https:\/\/vapingnet.de\/it\/k\/einweg-e-zigarette\/\" target=\"_blank\" rel=\"noopener\"><strong>Design usa e getta<\/strong><\/a>, che semplifica la pulizia e la manutenzione, rendendo l'uso complessivamente pi\u00f9 comodo. Basta ricaricare e continuare. Quando il dispositivo \u00e8 esaurito, puoi smaltirlo facilmente.<\/p>\n<p data-start=\"2486\" data-end=\"2660\">Grazie alle sue dimensioni compatte, \u00e8 anche facile da trasportare. Puoi riporlo facilmente nella tua borsa o nello zaino e gustarlo ovunque e in qualsiasi momento.<\/p>\n<h4 data-start=\"2662\" data-end=\"2712\">Ordine semplice e consegna rapida<\/h4>\n<p data-start=\"2714\" data-end=\"3030\">Visita ora il nostro sito vapingnet.de per ordinare facilmente il Bang15000 Puffs Pod ricaricabile usa e getta. Sia per uso personale che per ordini all'ingrosso, offriamo consegne rapide e affidabili, affinch\u00e9 tu possa ricevere il prodotto il prima possibile.<\/p>\n<h3>Perch\u00e9 scegliere il Bang15000 Puffs Pod ricaricabile usa e getta?<\/h3>\n<p data-start=\"3115\" data-end=\"3550\" data-is-last-node=\"\" data-is-only-node=\"\">Il Bang15000 Puffs Pod ricaricabile usa e getta non offre solo un uso duraturo e molteplici gusti, ma anche ricarica rapida e un design pratico. Con questo dispositivo, vivrai un'esperienza di svapo migliore, pi\u00f9 comoda e pi\u00f9 duratura. Visita oggi stesso <a href=\"https:\/\/vapingnet.de\/it\/\" target=\"_new\" rel=\"noopener\" data-start=\"3442\" data-end=\"3478\">vapingnet.de<\/a> e inizia il tuo viaggio con questa eccezionale sigaretta elettronica!<\/p>","protected":false},"excerpt":{"rendered":"<p>Bang15000 Puffs Rechargeable Disposable Pod \u2013 Genie\u00dfen Sie den ultimativen Geschmack und langanhaltendes Erlebnis Der Bang15000 Puffs Rechargeable Disposable Pod bietet Ihnen ein unvergleichliches Erlebnis&#8230;<\/p>","protected":false},"featured_media":5184,"template":"","meta":[],"etheme_brands":[],"product_brand":[101],"product_cat":[53,49,61],"product_tag":[],"class_list":{"0":"post-5183","1":"product","2":"type-product","3":"status-publish","4":"has-post-thumbnail","6":"product_brand-bang-king-vape","7":"product_cat-vape-15000-zuege","8":"product_cat-einweg-e-zigarette","9":"product_cat-f","11":"first","12":"instock","13":"shipping-taxable","14":"purchasable","15":"product-type-simple"},"yoast_head":"<!-- This site is optimized with the Yoast SEO plugin v26.5 - https:\/\/yoast.com\/wordpress\/plugins\/seo\/ -->\n<title>Entz\u00fccken Sie Ihren Gaumen mit den Bang15000 Puffs im himmlischen Peach Berry Geschmack | Vapingnet.de<\/title>\n<meta name=\"description\" content=\"Entdecke Entz\u00fccken Sie Ihren Gaumen mit den Bang15000 Puffs im himmlischen Peach Berry Geschmack bei vapingnet.de, \u25ba Gro\u00dfe Auswahl an Geschmacksrichtungen &amp; super g\u00fcnstig!\" \/>\n<meta name=\"robots\" content=\"index, follow, max-snippet:-1, max-image-preview:large, max-video-preview:-1\" \/>\n<link rel=\"canonical\" href=\"https:\/\/vapingnet.de\/it\/vape\/entzuecken-sie-ihren-gaumen-mit-den-bang15000-puffs-im-himmlischen-peach-berry-geschmack\/\" \/>\n<meta property=\"og:locale\" content=\"it_IT\" \/>\n<meta property=\"og:type\" content=\"article\" \/>\n<meta property=\"og:title\" content=\"Entz\u00fccken Sie Ihren Gaumen mit den Bang15000 Puffs im himmlischen Peach Berry Geschmack | Vapingnet.de\" \/>\n<meta property=\"og:description\" content=\"Entdecke Entz\u00fccken Sie Ihren Gaumen mit den Bang15000 Puffs im himmlischen Peach Berry Geschmack bei vapingnet.de, \u25ba Gro\u00dfe Auswahl an Geschmacksrichtungen &amp; super g\u00fcnstig!\" \/>\n<meta property=\"og:url\" content=\"https:\/\/vapingnet.de\/it\/vape\/entzuecken-sie-ihren-gaumen-mit-den-bang15000-puffs-im-himmlischen-peach-berry-geschmack\/\" \/>\n<meta property=\"og:site_name\" content=\"Vapingnet.de\" \/>\n<meta property=\"article:publisher\" content=\"https:\/\/www.facebook.com\/vapingnetde\/\" \/>\n<meta property=\"article:modified_time\" content=\"2025-06-19T03:41:32+00:00\" \/>\n<meta property=\"og:image\" content=\"https:\/\/vapingnet.de\/wp-content\/uploads\/2025\/03\/Peach-Berry.png\" \/>\n\t<meta property=\"og:image:width\" content=\"900\" \/>\n\t<meta property=\"og:image:height\" content=\"600\" \/>\n\t<meta property=\"og:image:type\" content=\"image\/png\" \/>\n<meta name=\"twitter:card\" content=\"summary_large_image\" \/>\n<meta name=\"twitter:label1\" content=\"Est. reading time\" \/>\n\t<meta name=\"twitter:data1\" content=\"3 minutes\" \/>\n<script type=\"application\/ld+json\" class=\"yoast-schema-graph\">{\"@context\":\"https:\/\/schema.org\",\"@graph\":[{\"@type\":\"WebPage\",\"@id\":\"https:\/\/vapingnet.de\/vape\/entzuecken-sie-ihren-gaumen-mit-den-bang15000-puffs-im-himmlischen-peach-berry-geschmack\/\",\"url\":\"https:\/\/vapingnet.de\/vape\/entzuecken-sie-ihren-gaumen-mit-den-bang15000-puffs-im-himmlischen-peach-berry-geschmack\/\",\"name\":\"Entz\u00fccken Sie Ihren Gaumen mit den Bang15000 Puffs im himmlischen Peach Berry Geschmack | Vapingnet.de\",\"isPartOf\":{\"@id\":\"https:\/\/vapingnet.de\/#website\"},\"primaryImageOfPage\":{\"@id\":\"https:\/\/vapingnet.de\/vape\/entzuecken-sie-ihren-gaumen-mit-den-bang15000-puffs-im-himmlischen-peach-berry-geschmack\/#primaryimage\"},\"image\":{\"@id\":\"https:\/\/vapingnet.de\/vape\/entzuecken-sie-ihren-gaumen-mit-den-bang15000-puffs-im-himmlischen-peach-berry-geschmack\/#primaryimage\"},\"thumbnailUrl\":\"https:\/\/vapingnet.de\/wp-content\/uploads\/2025\/03\/Peach-Berry.png\",\"datePublished\":\"2025-03-12T09:49:29+00:00\",\"dateModified\":\"2025-06-19T03:41:32+00:00\",\"description\":\"Entdecke Entz\u00fccken Sie Ihren Gaumen mit den Bang15000 Puffs im himmlischen Peach Berry Geschmack bei vapingnet.de, \u25ba Gro\u00dfe Auswahl an Geschmacksrichtungen & super g\u00fcnstig!\",\"breadcrumb\":{\"@id\":\"https:\/\/vapingnet.de\/vape\/entzuecken-sie-ihren-gaumen-mit-den-bang15000-puffs-im-himmlischen-peach-berry-geschmack\/#breadcrumb\"},\"inLanguage\":\"it-IT\",\"potentialAction\":[{\"@type\":\"ReadAction\",\"target\":[\"https:\/\/vapingnet.de\/vape\/entzuecken-sie-ihren-gaumen-mit-den-bang15000-puffs-im-himmlischen-peach-berry-geschmack\/\"]}]},{\"@type\":\"ImageObject\",\"inLanguage\":\"it-IT\",\"@id\":\"https:\/\/vapingnet.de\/vape\/entzuecken-sie-ihren-gaumen-mit-den-bang15000-puffs-im-himmlischen-peach-berry-geschmack\/#primaryimage\",\"url\":\"https:\/\/vapingnet.de\/wp-content\/uploads\/2025\/03\/Peach-Berry.png\",\"contentUrl\":\"https:\/\/vapingnet.de\/wp-content\/uploads\/2025\/03\/Peach-Berry.png\",\"width\":900,\"height\":600,\"caption\":\"Peach Berry\"},{\"@type\":\"BreadcrumbList\",\"@id\":\"https:\/\/vapingnet.de\/vape\/entzuecken-sie-ihren-gaumen-mit-den-bang15000-puffs-im-himmlischen-peach-berry-geschmack\/#breadcrumb\",\"itemListElement\":[{\"@type\":\"ListItem\",\"position\":1,\"name\":\"Home\",\"item\":\"https:\/\/vapingnet.de\/\"},{\"@type\":\"ListItem\",\"position\":2,\"name\":\"Shop\",\"item\":\"https:\/\/vapingnet.de\/vape\/\"},{\"@type\":\"ListItem\",\"position\":3,\"name\":\"Entz\u00fccken Sie Ihren Gaumen mit den Bang15000 Puffs im himmlischen Peach Berry Geschmack\"}]},{\"@type\":\"WebSite\",\"@id\":\"https:\/\/vapingnet.de\/#website\",\"url\":\"https:\/\/vapingnet.de\/\",\"name\":\"Vapingnet.de\",\"description\":\"\",\"publisher\":{\"@id\":\"https:\/\/vapingnet.de\/#organization\"},\"potentialAction\":[{\"@type\":\"SearchAction\",\"target\":{\"@type\":\"EntryPoint\",\"urlTemplate\":\"https:\/\/vapingnet.de\/?s={search_term_string}\"},\"query-input\":{\"@type\":\"PropertyValueSpecification\",\"valueRequired\":true,\"valueName\":\"search_term_string\"}}],\"inLanguage\":\"it-IT\"},{\"@type\":\"Organization\",\"@id\":\"https:\/\/vapingnet.de\/#organization\",\"name\":\"Vapingnet.de\",\"url\":\"https:\/\/vapingnet.de\/\",\"logo\":{\"@type\":\"ImageObject\",\"inLanguage\":\"it-IT\",\"@id\":\"https:\/\/vapingnet.de\/#\/schema\/logo\/image\/\",\"url\":\"https:\/\/vapingnet.de\/wp-content\/uploads\/2025\/03\/cropped-vapingnet.de_.jpg\",\"contentUrl\":\"https:\/\/vapingnet.de\/wp-content\/uploads\/2025\/03\/cropped-vapingnet.de_.jpg\",\"width\":512,\"height\":512,\"caption\":\"Vapingnet.de\"},\"image\":{\"@id\":\"https:\/\/vapingnet.de\/#\/schema\/logo\/image\/\"},\"sameAs\":[\"https:\/\/www.facebook.com\/vapingnetde\/\"]}]}<\/script>\n<!-- \/ Yoast SEO plugin. -->","yoast_head_json":{"title":"Entz\u00fccken Sie Ihren Gaumen mit den Bang15000 Puffs im himmlischen Peach Berry Geschmack | Vapingnet.de","description":"Entdecke Entz\u00fccken Sie Ihren Gaumen mit den Bang15000 Puffs im himmlischen Peach Berry Geschmack bei vapingnet.de, \u25ba Gro\u00dfe Auswahl an Geschmacksrichtungen & super g\u00fcnstig!","robots":{"index":"index","follow":"follow","max-snippet":"max-snippet:-1","max-image-preview":"max-image-preview:large","max-video-preview":"max-video-preview:-1"},"canonical":"https:\/\/vapingnet.de\/it\/vape\/entzuecken-sie-ihren-gaumen-mit-den-bang15000-puffs-im-himmlischen-peach-berry-geschmack\/","og_locale":"it_IT","og_type":"article","og_title":"Entz\u00fccken Sie Ihren Gaumen mit den Bang15000 Puffs im himmlischen Peach Berry Geschmack | Vapingnet.de","og_description":"Entdecke Entz\u00fccken Sie Ihren Gaumen mit den Bang15000 Puffs im himmlischen Peach Berry Geschmack bei vapingnet.de, \u25ba Gro\u00dfe Auswahl an Geschmacksrichtungen & super g\u00fcnstig!","og_url":"https:\/\/vapingnet.de\/it\/vape\/entzuecken-sie-ihren-gaumen-mit-den-bang15000-puffs-im-himmlischen-peach-berry-geschmack\/","og_site_name":"Vapingnet.de","article_publisher":"https:\/\/www.facebook.com\/vapingnetde\/","article_modified_time":"2025-06-19T03:41:32+00:00","og_image":[{"width":900,"height":600,"url":"https:\/\/vapingnet.de\/wp-content\/uploads\/2025\/03\/Peach-Berry.png","type":"image\/png"}],"twitter_card":"summary_large_image","twitter_misc":{"Est. reading time":"3 minutes"},"schema":{"@context":"https:\/\/schema.org","@graph":[{"@type":"WebPage","@id":"https:\/\/vapingnet.de\/vape\/entzuecken-sie-ihren-gaumen-mit-den-bang15000-puffs-im-himmlischen-peach-berry-geschmack\/","url":"https:\/\/vapingnet.de\/vape\/entzuecken-sie-ihren-gaumen-mit-den-bang15000-puffs-im-himmlischen-peach-berry-geschmack\/","name":"Entz\u00fccken Sie Ihren Gaumen mit den Bang15000 Puffs im himmlischen Peach Berry Geschmack | Vapingnet.de","isPartOf":{"@id":"https:\/\/vapingnet.de\/#website"},"primaryImageOfPage":{"@id":"https:\/\/vapingnet.de\/vape\/entzuecken-sie-ihren-gaumen-mit-den-bang15000-puffs-im-himmlischen-peach-berry-geschmack\/#primaryimage"},"image":{"@id":"https:\/\/vapingnet.de\/vape\/entzuecken-sie-ihren-gaumen-mit-den-bang15000-puffs-im-himmlischen-peach-berry-geschmack\/#primaryimage"},"thumbnailUrl":"https:\/\/vapingnet.de\/wp-content\/uploads\/2025\/03\/Peach-Berry.png","datePublished":"2025-03-12T09:49:29+00:00","dateModified":"2025-06-19T03:41:32+00:00","description":"Entdecke Entz\u00fccken Sie Ihren Gaumen mit den Bang15000 Puffs im himmlischen Peach Berry Geschmack bei vapingnet.de, \u25ba Gro\u00dfe Auswahl an Geschmacksrichtungen & super g\u00fcnstig!","breadcrumb":{"@id":"https:\/\/vapingnet.de\/vape\/entzuecken-sie-ihren-gaumen-mit-den-bang15000-puffs-im-himmlischen-peach-berry-geschmack\/#breadcrumb"},"inLanguage":"it-IT","potentialAction":[{"@type":"ReadAction","target":["https:\/\/vapingnet.de\/vape\/entzuecken-sie-ihren-gaumen-mit-den-bang15000-puffs-im-himmlischen-peach-berry-geschmack\/"]}]},{"@type":"ImageObject","inLanguage":"it-IT","@id":"https:\/\/vapingnet.de\/vape\/entzuecken-sie-ihren-gaumen-mit-den-bang15000-puffs-im-himmlischen-peach-berry-geschmack\/#primaryimage","url":"https:\/\/vapingnet.de\/wp-content\/uploads\/2025\/03\/Peach-Berry.png","contentUrl":"https:\/\/vapingnet.de\/wp-content\/uploads\/2025\/03\/Peach-Berry.png","width":900,"height":600,"caption":"Peach Berry"},{"@type":"BreadcrumbList","@id":"https:\/\/vapingnet.de\/vape\/entzuecken-sie-ihren-gaumen-mit-den-bang15000-puffs-im-himmlischen-peach-berry-geschmack\/#breadcrumb","itemListElement":[{"@type":"ListItem","position":1,"name":"Home","item":"https:\/\/vapingnet.de\/"},{"@type":"ListItem","position":2,"name":"Shop","item":"https:\/\/vapingnet.de\/vape\/"},{"@type":"ListItem","position":3,"name":"Entz\u00fccken Sie Ihren Gaumen mit den Bang15000 Puffs im himmlischen Peach Berry Geschmack"}]},{"@type":"WebSite","@id":"https:\/\/vapingnet.de\/#website","url":"https:\/\/vapingnet.de\/","name":"Vapingnet.de","description":"","publisher":{"@id":"https:\/\/vapingnet.de\/#organization"},"potentialAction":[{"@type":"SearchAction","target":{"@type":"EntryPoint","urlTemplate":"https:\/\/vapingnet.de\/?s={search_term_string}"},"query-input":{"@type":"PropertyValueSpecification","valueRequired":true,"valueName":"search_term_string"}}],"inLanguage":"it-IT"},{"@type":"Organization","@id":"https:\/\/vapingnet.de\/#organization","name":"Vapingnet.de","url":"https:\/\/vapingnet.de\/","logo":{"@type":"ImageObject","inLanguage":"it-IT","@id":"https:\/\/vapingnet.de\/#\/schema\/logo\/image\/","url":"https:\/\/vapingnet.de\/wp-content\/uploads\/2025\/03\/cropped-vapingnet.de_.jpg","contentUrl":"https:\/\/vapingnet.de\/wp-content\/uploads\/2025\/03\/cropped-vapingnet.de_.jpg","width":512,"height":512,"caption":"Vapingnet.de"},"image":{"@id":"https:\/\/vapingnet.de\/#\/schema\/logo\/image\/"},"sameAs":["https:\/\/www.facebook.com\/vapingnetde\/"]}]}},"tiered_pricing_type":"fixed","tiered_pricing_fixed_rules":{"10":"7.31","60":"6.58","110":"5.85","200":"5.12"},"tiered_pricing_product_settings":{"layout":"default","base_unit_name":{"singular":null,"plural":null},"default_variation":null},"tiered_pricing_minimum_quantity":null,"tiered_pricing_roles_data":[],"tiered_pricing_percentage_rules":[],"_links":{"self":[{"href":"https:\/\/vapingnet.de\/it\/wp-json\/wp\/v2\/product\/5183","targetHints":{"allow":["GET"]}}],"collection":[{"href":"https:\/\/vapingnet.de\/it\/wp-json\/wp\/v2\/product"}],"about":[{"href":"https:\/\/vapingnet.de\/it\/wp-json\/wp\/v2\/types\/product"}],"version-history":[{"count":3,"href":"https:\/\/vapingnet.de\/it\/wp-json\/wp\/v2\/product\/5183\/revisions"}],"predecessor-version":[{"id":6917,"href":"https:\/\/vapingnet.de\/it\/wp-json\/wp\/v2\/product\/5183\/revisions\/6917"}],"wp:featuredmedia":[{"embeddable":true,"href":"https:\/\/vapingnet.de\/it\/wp-json\/wp\/v2\/media\/5184"}],"wp:attachment":[{"href":"https:\/\/vapingnet.de\/it\/wp-json\/wp\/v2\/media?parent=5183"}],"wp:term":[{"taxonomy":"brand","embeddable":true,"href":"https:\/\/vapingnet.de\/it\/wp-json\/wp\/v2\/etheme_brands?post=5183"},{"taxonomy":"product_brand","embeddable":true,"href":"https:\/\/vapingnet.de\/it\/wp-json\/wp\/v2\/product_brand?post=5183"},{"taxonomy":"product_cat","embeddable":true,"href":"https:\/\/vapingnet.de\/it\/wp-json\/wp\/v2\/product_cat?post=5183"},{"taxonomy":"product_tag","embeddable":true,"href":"https:\/\/vapingnet.de\/it\/wp-json\/wp\/v2\/product_tag?post=5183"}],"curies":[{"name":"wp","href":"https:\/\/api.w.org\/{rel}","templated":true}]}}