{"id":5186,"date":"2025-03-12T09:55:21","date_gmt":"2025-03-12T09:55:21","guid":{"rendered":"https:\/\/vapingnet.de\/?post_type=product&#038;p=5186"},"modified":"2025-06-19T03:41:31","modified_gmt":"2025-06-19T03:41:31","slug":"entdecke-das-sensationelle-bang-15000-puffs-peach-ice-der-perfekte-genuss-fuer-dich","status":"publish","type":"product","link":"https:\/\/vapingnet.de\/it\/vape\/entdecke-das-sensationelle-bang-15000-puffs-peach-ice-der-perfekte-genuss-fuer-dich\/","title":{"rendered":"Scopri il sensazionale Bang 15000 Puffs Peach Ice, il piacere perfetto per te"},"content":{"rendered":"<h2 data-start=\"0\" data-end=\"104\">Rompere le norme, godersi il vapore \u2013 Bang15000 Puff ricaricabile monouso e-cigarette<\/h2>\n<p data-start=\"106\" data-end=\"585\">Se sei un appassionato di sigarette elettroniche alla ricerca di un prodotto che sia sia elegante che pratico e ti offra il perfetto equilibrio tra un'esperienza di utilizzo duratura e gusto, oggi ti presentiamo il Bang15000 Puff Rechargeable Disposable Pod \u2013 un innovativo e potente dispositivo ricaricabile <a href=\"https:\/\/vapingnet.de\/it\/k\/einweg-e-zigarette\/\" target=\"_blank\" rel=\"noopener\"><strong>Sigaretta elettronica usa e getta<\/strong><\/a>. Che tu sia un principiante o un utente esperto, questo prodotto ti offre un'esperienza unica.<\/p>\n<ul>\n<li data-start=\"587\" data-end=\"631\">Elevata quantit\u00e0 di vapore, piacere duraturo<br \/>\nLa Bang15000 Puff ricaricabile monouso e-cigarette offre impressionanti 15000 tiri, permettendoti un'esperienza di svapo duratura. Che tu sia nella vita quotidiana o in viaggio \u2013 puoi godere di un comfort senza precedenti e di una soddisfazione piena. Ogni tiro \u00e8 come una nuvola di vapore morbido e pieno, che soddisfa ogni tua esigenza.<\/li>\n<li data-start=\"996\" data-end=\"1045\">Esperienza di gusto unica \u2013 Peach Ice<br \/>\nLa Bang15000 Puff e-cigarette offre il delizioso sapore di Peach Ice \u2013 una combinazione di dolcezza di pesca e nota rinfrescante di mentolo. Ogni inalazione porta un intenso sapore fruttato e una freschezza rinfrescante al palato, l'equilibrio perfetto tra rinfresco e gusto. Lasciati incantare da questo sapore irresistibile.<\/li>\n<li data-start=\"1421\" data-end=\"1478\">Resistente coil Dul Mesh di alta qualit\u00e0 e batteria potente<br \/>\nLa Bang15000 Puff \u00e8 dotata di un coil Dul Mesh (1,1\u03a9), che garantisce un flusso di vapore particolarmente morbido e mantiene intatto il sapore. La batteria ricaricabile da 650mAh offre una fonte di energia stabile e duratura, permettendoti di godere di un'esperienza di svapo costante. Niente sostituzioni frequenti delle batterie \u2013 basta ricaricare e godersi migliaia di tiri.<\/li>\n<li data-start=\"1869\" data-end=\"1918\">Diversi livelli di nicotina per ogni esigenza<br \/>\nPer soddisfare le esigenze di tutti gli utenti, la Bang15000 Puff offre quattro livelli di nicotina tra cui scegliere: 0%, 2%, 3% e 5%. Puoi scegliere la concentrazione pi\u00f9 adatta alle tue preferenze. Se opti per 0% o 3% di nicotina, \u00e8 necessaria un'ordinazione all'ingrosso per garantire una consegna senza problemi. Cos\u00ec puoi goderti l'esperienza di svapo ottimale per te.<\/li>\n<li data-start=\"2298\" data-end=\"2351\">Pratico connettore Type-C, ricarica rapida<br \/>\nLa Bang15000 Puff \u00e8 dotata di un moderno connettore Type-C che permette una ricarica pi\u00f9 veloce. In questo modo puoi ricaricare rapidamente la batteria e svapare comodamente in qualsiasi momento, sia in ufficio, in viaggio o in movimento.<\/li>\n<li data-start=\"2582\" data-end=\"2623\">Ideale per vendita al dettaglio e all'ingrosso<br \/>\nSia per uso personale che per ordini all'ingrosso, la Bang15000 Puff \u00e8 la scelta perfetta. \u00c8 adatta non solo per l'uso quotidiano, ma anche ottima per il commercio all'ingrosso. Puoi acquistare facilmente questo potente prodotto tramite canali all'ingrosso e beneficiare di spedizioni rapide per godere di esperienze di svapo di alta qualit\u00e0.<\/li>\n<\/ul>\n<h3 data-start=\"2997\" data-end=\"3061\">Perch\u00e9 scegliere la Bang15000 Puff?<\/h3>\n<ul data-start=\"3062\" data-end=\"3497\">\n<li data-start=\"3062\" data-end=\"3179\">Elevata quantit\u00e0 di vapore: Con <a href=\"https:\/\/vapingnet.de\/it\/k\/vape-15000-zuege\/\" target=\"_blank\" rel=\"noopener\"><strong>15000 puff<\/strong><\/a> puoi goderti un'esperienza di svapo duratura senza dover cambiare frequentemente dispositivo.<\/li>\n<li data-start=\"3180\" data-end=\"3295\">Diversi livelli di nicotina: Scegli quello pi\u00f9 adatto a te e gusta il sapore perfetto.<\/li>\n<li data-start=\"3296\" data-end=\"3400\">Coil e batteria di alta qualit\u00e0: Per un flusso di vapore uniforme e un'alimentazione stabile.<\/li>\n<li data-start=\"3401\" data-end=\"3497\">Ricarica rapida con Type-C: L'opzione di ricarica veloce mantiene il tuo dispositivo sempre pronto all'uso.<\/li>\n<\/ul>\n<h4 data-start=\"3499\" data-end=\"3547\">Vivi ora, gusta il vapore<\/h4>\n<p data-start=\"3548\" data-end=\"3857\" data-is-last-node=\"\" data-is-only-node=\"\">Che tu voglia rilassarti o cercare una sigaretta elettronica potente, la Bang15000 Puffs \u00e8 la scelta ideale. Visita vapingnet.de e unisciti al nostro mondo di sigarette elettroniche per un'esperienza di svapo straordinaria. Acquista ora e inizia la tua avventura nel vapore!<\/p>","protected":false},"excerpt":{"rendered":"<p>Brechen Sie die Normen, genie\u00dfen Sie den Dampf \u2013 Bang15000 Puffs wiederaufladbare Einweg E-Zigarette Sind Sie als E-Zigaretten-Liebhaber auf der Suche nach einem Produkt, das&#8230;<\/p>","protected":false},"featured_media":5187,"template":"","meta":[],"etheme_brands":[],"product_brand":[101],"product_cat":[53,49,61],"product_tag":[],"class_list":{"0":"post-5186","1":"product","2":"type-product","3":"status-publish","4":"has-post-thumbnail","6":"product_brand-bang-king-vape","7":"product_cat-vape-15000-zuege","8":"product_cat-einweg-e-zigarette","9":"product_cat-f","11":"first","12":"instock","13":"shipping-taxable","14":"purchasable","15":"product-type-simple"},"yoast_head":"<!-- This site is optimized with the Yoast SEO plugin v26.5 - https:\/\/yoast.com\/wordpress\/plugins\/seo\/ -->\n<title>Entdecke das sensationelle Bang 15000 Puffs Peach Ice Der perfekte Genuss f\u00fcr dich | Vapingnet.de<\/title>\n<meta name=\"description\" content=\"Entdecke Entdecke das sensationelle Bang 15000 Puffs Peach Ice Der perfekte Genuss f\u00fcr dich bei vapingnet.de, \u25ba Gro\u00dfe Auswahl an Geschmacksrichtungen &amp; super g\u00fcnstig!\" \/>\n<meta name=\"robots\" content=\"index, follow, max-snippet:-1, max-image-preview:large, max-video-preview:-1\" \/>\n<link rel=\"canonical\" href=\"https:\/\/vapingnet.de\/it\/vape\/entdecke-das-sensationelle-bang-15000-puffs-peach-ice-der-perfekte-genuss-fuer-dich\/\" \/>\n<meta property=\"og:locale\" content=\"it_IT\" \/>\n<meta property=\"og:type\" content=\"article\" \/>\n<meta property=\"og:title\" content=\"Entdecke das sensationelle Bang 15000 Puffs Peach Ice Der perfekte Genuss f\u00fcr dich | Vapingnet.de\" \/>\n<meta property=\"og:description\" content=\"Entdecke Entdecke das sensationelle Bang 15000 Puffs Peach Ice Der perfekte Genuss f\u00fcr dich bei vapingnet.de, \u25ba Gro\u00dfe Auswahl an Geschmacksrichtungen &amp; super g\u00fcnstig!\" \/>\n<meta property=\"og:url\" content=\"https:\/\/vapingnet.de\/it\/vape\/entdecke-das-sensationelle-bang-15000-puffs-peach-ice-der-perfekte-genuss-fuer-dich\/\" \/>\n<meta property=\"og:site_name\" content=\"Vapingnet.de\" \/>\n<meta property=\"article:publisher\" content=\"https:\/\/www.facebook.com\/vapingnetde\/\" \/>\n<meta property=\"article:modified_time\" content=\"2025-06-19T03:41:31+00:00\" \/>\n<meta property=\"og:image\" content=\"https:\/\/vapingnet.de\/wp-content\/uploads\/2025\/03\/Peach-Ice.png\" \/>\n\t<meta property=\"og:image:width\" content=\"900\" \/>\n\t<meta property=\"og:image:height\" content=\"600\" \/>\n\t<meta property=\"og:image:type\" content=\"image\/png\" \/>\n<meta name=\"twitter:card\" content=\"summary_large_image\" \/>\n<meta name=\"twitter:label1\" content=\"Est. reading time\" \/>\n\t<meta name=\"twitter:data1\" content=\"4 minutes\" \/>\n<script type=\"application\/ld+json\" class=\"yoast-schema-graph\">{\"@context\":\"https:\/\/schema.org\",\"@graph\":[{\"@type\":\"WebPage\",\"@id\":\"https:\/\/vapingnet.de\/vape\/entdecke-das-sensationelle-bang-15000-puffs-peach-ice-der-perfekte-genuss-fuer-dich\/\",\"url\":\"https:\/\/vapingnet.de\/vape\/entdecke-das-sensationelle-bang-15000-puffs-peach-ice-der-perfekte-genuss-fuer-dich\/\",\"name\":\"Entdecke das sensationelle Bang 15000 Puffs Peach Ice Der perfekte Genuss f\u00fcr dich | Vapingnet.de\",\"isPartOf\":{\"@id\":\"https:\/\/vapingnet.de\/#website\"},\"primaryImageOfPage\":{\"@id\":\"https:\/\/vapingnet.de\/vape\/entdecke-das-sensationelle-bang-15000-puffs-peach-ice-der-perfekte-genuss-fuer-dich\/#primaryimage\"},\"image\":{\"@id\":\"https:\/\/vapingnet.de\/vape\/entdecke-das-sensationelle-bang-15000-puffs-peach-ice-der-perfekte-genuss-fuer-dich\/#primaryimage\"},\"thumbnailUrl\":\"https:\/\/vapingnet.de\/wp-content\/uploads\/2025\/03\/Peach-Ice.png\",\"datePublished\":\"2025-03-12T09:55:21+00:00\",\"dateModified\":\"2025-06-19T03:41:31+00:00\",\"description\":\"Entdecke Entdecke das sensationelle Bang 15000 Puffs Peach Ice Der perfekte Genuss f\u00fcr dich bei vapingnet.de, \u25ba Gro\u00dfe Auswahl an Geschmacksrichtungen & super g\u00fcnstig!\",\"breadcrumb\":{\"@id\":\"https:\/\/vapingnet.de\/vape\/entdecke-das-sensationelle-bang-15000-puffs-peach-ice-der-perfekte-genuss-fuer-dich\/#breadcrumb\"},\"inLanguage\":\"it-IT\",\"potentialAction\":[{\"@type\":\"ReadAction\",\"target\":[\"https:\/\/vapingnet.de\/vape\/entdecke-das-sensationelle-bang-15000-puffs-peach-ice-der-perfekte-genuss-fuer-dich\/\"]}]},{\"@type\":\"ImageObject\",\"inLanguage\":\"it-IT\",\"@id\":\"https:\/\/vapingnet.de\/vape\/entdecke-das-sensationelle-bang-15000-puffs-peach-ice-der-perfekte-genuss-fuer-dich\/#primaryimage\",\"url\":\"https:\/\/vapingnet.de\/wp-content\/uploads\/2025\/03\/Peach-Ice.png\",\"contentUrl\":\"https:\/\/vapingnet.de\/wp-content\/uploads\/2025\/03\/Peach-Ice.png\",\"width\":900,\"height\":600,\"caption\":\"Peach Ice\"},{\"@type\":\"BreadcrumbList\",\"@id\":\"https:\/\/vapingnet.de\/vape\/entdecke-das-sensationelle-bang-15000-puffs-peach-ice-der-perfekte-genuss-fuer-dich\/#breadcrumb\",\"itemListElement\":[{\"@type\":\"ListItem\",\"position\":1,\"name\":\"Home\",\"item\":\"https:\/\/vapingnet.de\/\"},{\"@type\":\"ListItem\",\"position\":2,\"name\":\"Shop\",\"item\":\"https:\/\/vapingnet.de\/vape\/\"},{\"@type\":\"ListItem\",\"position\":3,\"name\":\"Entdecke das sensationelle Bang 15000 Puffs Peach Ice Der perfekte Genuss f\u00fcr dich\"}]},{\"@type\":\"WebSite\",\"@id\":\"https:\/\/vapingnet.de\/#website\",\"url\":\"https:\/\/vapingnet.de\/\",\"name\":\"Vapingnet.de\",\"description\":\"\",\"publisher\":{\"@id\":\"https:\/\/vapingnet.de\/#organization\"},\"potentialAction\":[{\"@type\":\"SearchAction\",\"target\":{\"@type\":\"EntryPoint\",\"urlTemplate\":\"https:\/\/vapingnet.de\/?s={search_term_string}\"},\"query-input\":{\"@type\":\"PropertyValueSpecification\",\"valueRequired\":true,\"valueName\":\"search_term_string\"}}],\"inLanguage\":\"it-IT\"},{\"@type\":\"Organization\",\"@id\":\"https:\/\/vapingnet.de\/#organization\",\"name\":\"Vapingnet.de\",\"url\":\"https:\/\/vapingnet.de\/\",\"logo\":{\"@type\":\"ImageObject\",\"inLanguage\":\"it-IT\",\"@id\":\"https:\/\/vapingnet.de\/#\/schema\/logo\/image\/\",\"url\":\"https:\/\/vapingnet.de\/wp-content\/uploads\/2025\/03\/cropped-vapingnet.de_.jpg\",\"contentUrl\":\"https:\/\/vapingnet.de\/wp-content\/uploads\/2025\/03\/cropped-vapingnet.de_.jpg\",\"width\":512,\"height\":512,\"caption\":\"Vapingnet.de\"},\"image\":{\"@id\":\"https:\/\/vapingnet.de\/#\/schema\/logo\/image\/\"},\"sameAs\":[\"https:\/\/www.facebook.com\/vapingnetde\/\"]}]}<\/script>\n<!-- \/ Yoast SEO plugin. -->","yoast_head_json":{"title":"Entdecke das sensationelle Bang 15000 Puffs Peach Ice Der perfekte Genuss f\u00fcr dich | Vapingnet.de","description":"Entdecke Entdecke das sensationelle Bang 15000 Puffs Peach Ice Der perfekte Genuss f\u00fcr dich bei vapingnet.de, \u25ba Gro\u00dfe Auswahl an Geschmacksrichtungen & super g\u00fcnstig!","robots":{"index":"index","follow":"follow","max-snippet":"max-snippet:-1","max-image-preview":"max-image-preview:large","max-video-preview":"max-video-preview:-1"},"canonical":"https:\/\/vapingnet.de\/it\/vape\/entdecke-das-sensationelle-bang-15000-puffs-peach-ice-der-perfekte-genuss-fuer-dich\/","og_locale":"it_IT","og_type":"article","og_title":"Entdecke das sensationelle Bang 15000 Puffs Peach Ice Der perfekte Genuss f\u00fcr dich | Vapingnet.de","og_description":"Entdecke Entdecke das sensationelle Bang 15000 Puffs Peach Ice Der perfekte Genuss f\u00fcr dich bei vapingnet.de, \u25ba Gro\u00dfe Auswahl an Geschmacksrichtungen & super g\u00fcnstig!","og_url":"https:\/\/vapingnet.de\/it\/vape\/entdecke-das-sensationelle-bang-15000-puffs-peach-ice-der-perfekte-genuss-fuer-dich\/","og_site_name":"Vapingnet.de","article_publisher":"https:\/\/www.facebook.com\/vapingnetde\/","article_modified_time":"2025-06-19T03:41:31+00:00","og_image":[{"width":900,"height":600,"url":"https:\/\/vapingnet.de\/wp-content\/uploads\/2025\/03\/Peach-Ice.png","type":"image\/png"}],"twitter_card":"summary_large_image","twitter_misc":{"Est. reading time":"4 minutes"},"schema":{"@context":"https:\/\/schema.org","@graph":[{"@type":"WebPage","@id":"https:\/\/vapingnet.de\/vape\/entdecke-das-sensationelle-bang-15000-puffs-peach-ice-der-perfekte-genuss-fuer-dich\/","url":"https:\/\/vapingnet.de\/vape\/entdecke-das-sensationelle-bang-15000-puffs-peach-ice-der-perfekte-genuss-fuer-dich\/","name":"Entdecke das sensationelle Bang 15000 Puffs Peach Ice Der perfekte Genuss f\u00fcr dich | Vapingnet.de","isPartOf":{"@id":"https:\/\/vapingnet.de\/#website"},"primaryImageOfPage":{"@id":"https:\/\/vapingnet.de\/vape\/entdecke-das-sensationelle-bang-15000-puffs-peach-ice-der-perfekte-genuss-fuer-dich\/#primaryimage"},"image":{"@id":"https:\/\/vapingnet.de\/vape\/entdecke-das-sensationelle-bang-15000-puffs-peach-ice-der-perfekte-genuss-fuer-dich\/#primaryimage"},"thumbnailUrl":"https:\/\/vapingnet.de\/wp-content\/uploads\/2025\/03\/Peach-Ice.png","datePublished":"2025-03-12T09:55:21+00:00","dateModified":"2025-06-19T03:41:31+00:00","description":"Entdecke Entdecke das sensationelle Bang 15000 Puffs Peach Ice Der perfekte Genuss f\u00fcr dich bei vapingnet.de, \u25ba Gro\u00dfe Auswahl an Geschmacksrichtungen & super g\u00fcnstig!","breadcrumb":{"@id":"https:\/\/vapingnet.de\/vape\/entdecke-das-sensationelle-bang-15000-puffs-peach-ice-der-perfekte-genuss-fuer-dich\/#breadcrumb"},"inLanguage":"it-IT","potentialAction":[{"@type":"ReadAction","target":["https:\/\/vapingnet.de\/vape\/entdecke-das-sensationelle-bang-15000-puffs-peach-ice-der-perfekte-genuss-fuer-dich\/"]}]},{"@type":"ImageObject","inLanguage":"it-IT","@id":"https:\/\/vapingnet.de\/vape\/entdecke-das-sensationelle-bang-15000-puffs-peach-ice-der-perfekte-genuss-fuer-dich\/#primaryimage","url":"https:\/\/vapingnet.de\/wp-content\/uploads\/2025\/03\/Peach-Ice.png","contentUrl":"https:\/\/vapingnet.de\/wp-content\/uploads\/2025\/03\/Peach-Ice.png","width":900,"height":600,"caption":"Peach Ice"},{"@type":"BreadcrumbList","@id":"https:\/\/vapingnet.de\/vape\/entdecke-das-sensationelle-bang-15000-puffs-peach-ice-der-perfekte-genuss-fuer-dich\/#breadcrumb","itemListElement":[{"@type":"ListItem","position":1,"name":"Home","item":"https:\/\/vapingnet.de\/"},{"@type":"ListItem","position":2,"name":"Shop","item":"https:\/\/vapingnet.de\/vape\/"},{"@type":"ListItem","position":3,"name":"Entdecke das sensationelle Bang 15000 Puffs Peach Ice Der perfekte Genuss f\u00fcr dich"}]},{"@type":"WebSite","@id":"https:\/\/vapingnet.de\/#website","url":"https:\/\/vapingnet.de\/","name":"Vapingnet.de","description":"","publisher":{"@id":"https:\/\/vapingnet.de\/#organization"},"potentialAction":[{"@type":"SearchAction","target":{"@type":"EntryPoint","urlTemplate":"https:\/\/vapingnet.de\/?s={search_term_string}"},"query-input":{"@type":"PropertyValueSpecification","valueRequired":true,"valueName":"search_term_string"}}],"inLanguage":"it-IT"},{"@type":"Organization","@id":"https:\/\/vapingnet.de\/#organization","name":"Vapingnet.de","url":"https:\/\/vapingnet.de\/","logo":{"@type":"ImageObject","inLanguage":"it-IT","@id":"https:\/\/vapingnet.de\/#\/schema\/logo\/image\/","url":"https:\/\/vapingnet.de\/wp-content\/uploads\/2025\/03\/cropped-vapingnet.de_.jpg","contentUrl":"https:\/\/vapingnet.de\/wp-content\/uploads\/2025\/03\/cropped-vapingnet.de_.jpg","width":512,"height":512,"caption":"Vapingnet.de"},"image":{"@id":"https:\/\/vapingnet.de\/#\/schema\/logo\/image\/"},"sameAs":["https:\/\/www.facebook.com\/vapingnetde\/"]}]}},"tiered_pricing_type":"fixed","tiered_pricing_fixed_rules":{"10":"7.31","60":"6.58","110":"5.85","200":"5.12"},"tiered_pricing_product_settings":{"layout":"default","base_unit_name":{"singular":null,"plural":null},"default_variation":null},"tiered_pricing_minimum_quantity":null,"tiered_pricing_roles_data":[],"tiered_pricing_percentage_rules":[],"_links":{"self":[{"href":"https:\/\/vapingnet.de\/it\/wp-json\/wp\/v2\/product\/5186","targetHints":{"allow":["GET"]}}],"collection":[{"href":"https:\/\/vapingnet.de\/it\/wp-json\/wp\/v2\/product"}],"about":[{"href":"https:\/\/vapingnet.de\/it\/wp-json\/wp\/v2\/types\/product"}],"version-history":[{"count":1,"href":"https:\/\/vapingnet.de\/it\/wp-json\/wp\/v2\/product\/5186\/revisions"}],"predecessor-version":[{"id":5188,"href":"https:\/\/vapingnet.de\/it\/wp-json\/wp\/v2\/product\/5186\/revisions\/5188"}],"wp:featuredmedia":[{"embeddable":true,"href":"https:\/\/vapingnet.de\/it\/wp-json\/wp\/v2\/media\/5187"}],"wp:attachment":[{"href":"https:\/\/vapingnet.de\/it\/wp-json\/wp\/v2\/media?parent=5186"}],"wp:term":[{"taxonomy":"brand","embeddable":true,"href":"https:\/\/vapingnet.de\/it\/wp-json\/wp\/v2\/etheme_brands?post=5186"},{"taxonomy":"product_brand","embeddable":true,"href":"https:\/\/vapingnet.de\/it\/wp-json\/wp\/v2\/product_brand?post=5186"},{"taxonomy":"product_cat","embeddable":true,"href":"https:\/\/vapingnet.de\/it\/wp-json\/wp\/v2\/product_cat?post=5186"},{"taxonomy":"product_tag","embeddable":true,"href":"https:\/\/vapingnet.de\/it\/wp-json\/wp\/v2\/product_tag?post=5186"}],"curies":[{"name":"wp","href":"https:\/\/api.w.org\/{rel}","templated":true}]}}