{"id":5209,"date":"2025-03-13T05:35:21","date_gmt":"2025-03-13T05:35:21","guid":{"rendered":"https:\/\/vapingnet.de\/?post_type=product&#038;p=5209"},"modified":"2025-06-19T03:41:29","modified_gmt":"2025-06-19T03:41:29","slug":"bang15000-puffs-strawberry-kiwi-genuss-der-ewig-haelt","status":"publish","type":"product","link":"https:\/\/vapingnet.de\/it\/vape\/bang15000-puffs-strawberry-kiwi-genuss-der-ewig-haelt\/","title":{"rendered":"Bang15000 Puffs Fragola Kiwi Gusto che dura per sempre"},"content":{"rendered":"<h2 data-start=\"0\" data-end=\"117\">Bang15000 Puff Ricaricabile Dispositivo E-Cigarette usa e getta: Gusto Strawberry Kiwi per un'esperienza di svapo duratura<\/h2>\n<p data-start=\"145\" data-end=\"637\">La Bang15000 Puff Ricaricabile <a href=\"https:\/\/vapingnet.de\/it\/k\/einweg-e-zigarette\/\" target=\"_blank\" rel=\"noopener\"><strong>Sigaretta elettronica usa e getta<\/strong><\/a> \u00e8 un prodotto progettato appositamente per gli utenti che cercano un'esperienza di svapo duratura e un gusto di alta qualit\u00e0. Con una batteria ricaricabile da 650mAh, una durata di 15000 tiri e la tecnologia avanzata Dul Mesh Coil, diventa il tuo compagno ideale per l'uso quotidiano. Che si tratti di gusto, quantit\u00e0 di vapore o durata della batteria \u2013 la Bang15000 ti offre un'esperienza straordinaria.<\/p>\n<h4 data-start=\"644\" data-end=\"661\">Caratteristiche principali<\/h4>\n<ul data-start=\"663\" data-end=\"1592\">\n<li data-start=\"663\" data-end=\"863\">Lunga durata d'uso: Ogni Bang15000 Puff E-Cigarette offre fino a 15000 tiri, superando di gran lunga le tradizionali sigarette usa e getta e permettendoti un'esperienza di svapo continua.<\/li>\n<li data-start=\"864\" data-end=\"1045\">Design ricaricabile: Dotata di una batteria da 650mAh e di una porta Type-C per una ricarica rapida \u2013 non dovrai pi\u00f9 preoccuparti di batteria scarica.<\/li>\n<li data-start=\"1046\" data-end=\"1208\">Tecnologia Dul Mesh Coil: Con la coil Dul Mesh da 1,1\u03a9, garantisce un riscaldamento stabile, offrendo vapore ricco e sapore intenso.<\/li>\n<li data-start=\"1209\" data-end=\"1410\">Gusto Strawberry Kiwi: La combinazione perfetta tra fragola dolce e kiwi rinfrescante per un'esperienza di gusto indimenticabile \u2013 ideale per chi ama note fresche e dolci.<\/li>\n<li data-start=\"1411\" data-end=\"1592\">Diversi livelli di nicotina: La Bang15000 offre livelli di nicotina 0%, 2%, 3% e 5%. Si prega di notare che per 0% e 3% sono necessari ordini in quantit\u00e0 maggiori.<\/li>\n<\/ul>\n<h4 data-start=\"1599\" data-end=\"1629\">Livelli di nicotina tra cui scegliere<\/h4>\n<p data-start=\"1631\" data-end=\"1743\">Per soddisfare le diverse esigenze degli utenti, la Bang15000 offre diversi livelli di nicotina:<\/p>\n<ul data-start=\"1745\" data-end=\"2143\">\n<li data-start=\"1745\" data-end=\"1831\">0% Nicotina: Nessuna nicotina \u2013 ideale per gli utenti che desiderano evitare la nicotina.<\/li>\n<li data-start=\"1832\" data-end=\"1912\">2% Nicotina: Per fumatori leggeri che desiderano un'assunzione moderata di nicotina.<\/li>\n<li data-start=\"1913\" data-end=\"2045\">3% Nicotina: Per un consumo di nicotina pi\u00f9 intenso, per chi cerca un'esperienza pi\u00f9 forte (ordine in quantit\u00e0 richiesto).<\/li>\n<li data-start=\"2046\" data-end=\"2143\">5% Nicotina: Alta concentrazione di nicotina per fumatori forti che cercano un piacere intenso.<\/li>\n<\/ul>\n<h4 data-start=\"2150\" data-end=\"2191\">Nessuna tassa doganale, acquisto semplice<\/h4>\n<p data-start=\"2193\" data-end=\"2449\">Offriamo un servizio senza tasse doganali, cos\u00ec non dovrai preoccuparti di costi aggiuntivi durante l'acquisto entro Deutschland. Che sia per uso personale o per ordini all'ingrosso \u2013 la Bang15000 Puff soddisfa tutte le tue esigenze.<\/p>\n<h3>Perch\u00e9 scegliere Bang15000 Puff?<\/h3>\n<ol data-start=\"2517\" data-end=\"2996\">\n<li data-start=\"2517\" data-end=\"2634\">Lunga durata d'uso: <a href=\"https:\/\/vapingnet.de\/it\/k\/vape-15000-zuege\/\" target=\"_blank\" rel=\"noopener\"><strong>15000 tiri<\/strong><\/a> garantisce un'esperienza di svapo duratura \u2013 goditi ogni singolo secondo.<\/li>\n<li data-start=\"2635\" data-end=\"2793\">Gusto eccellente: La combinazione di fragola e kiwi offre un piacere rinfrescante e dolce, rendendo ogni inalazione un vero piacere.<\/li>\n<li data-start=\"2794\" data-end=\"2878\">Ricarica rapida: porta Type-C per una ricarica veloce e un utilizzo prolungato.<\/li>\n<li data-start=\"2879\" data-end=\"2996\">Ampia scelta: diverse intensit\u00e0 di nicotina per ogni esigenza \u2013 perfettamente adattate alle tue abitudini.<\/li>\n<\/ol>\n<h4 data-start=\"3003\" data-end=\"3028\">Come puoi acquistare?<\/h4>\n<p data-start=\"3030\" data-end=\"3342\">Visita oggi stesso il nostro sito web vapingnet.de e scegli il tuo gusto preferito di Strawberry Kiwi. Inizia il tuo viaggio con la Bang15000 Puffs e vivi l'esperienza di svapo definitiva! Che sia per uso personale o come regalo, la Bang15000 Puffs \u00e8 la scelta perfetta.<\/p>\n<p data-start=\"3349\" data-end=\"3507\" data-is-last-node=\"\" data-is-only-node=\"\">Lascia che la Bang15000 Puffs ti porti nel mondo del vapore delle sigarette elettroniche e goditi il gusto rinfrescante di fragola e kiwi ad ogni tiro!<\/p>","protected":false},"excerpt":{"rendered":"<p>Bang15000 Puffs Sigaretta elettronica usa e getta ricaricabile: Gusto Strawberry Kiwi per un'esperienza di svapo duratura La Bang15000 Puffs Sigaretta elettronica usa e getta ricaricabile \u00e8 un prodotto progettato appositamente per gli utenti,...<\/p>","protected":false},"featured_media":5210,"template":"","meta":[],"etheme_brands":[],"product_brand":[101],"product_cat":[53,49,61],"product_tag":[],"class_list":{"0":"post-5209","1":"product","2":"type-product","3":"status-publish","4":"has-post-thumbnail","6":"product_brand-bang-king-vape","7":"product_cat-vape-15000-zuege","8":"product_cat-einweg-e-zigarette","9":"product_cat-f","11":"first","12":"instock","13":"shipping-taxable","14":"purchasable","15":"product-type-simple"},"yoast_head":"<!-- This site is optimized with the Yoast SEO plugin v26.5 - https:\/\/yoast.com\/wordpress\/plugins\/seo\/ -->\n<title>Bang15000 Puffs Strawberry Kiwi Genuss der ewig h\u00e4lt | Vapingnet.de<\/title>\n<meta name=\"description\" content=\"Entdecke Bang15000 Puffs Strawberry Kiwi Genuss der ewig h\u00e4lt bei vapingnet.de, \u25ba Gro\u00dfe Auswahl an Geschmacksrichtungen &amp; super g\u00fcnstig!\" \/>\n<meta name=\"robots\" content=\"index, follow, max-snippet:-1, max-image-preview:large, max-video-preview:-1\" \/>\n<link rel=\"canonical\" href=\"https:\/\/vapingnet.de\/it\/vape\/bang15000-puffs-strawberry-kiwi-genuss-der-ewig-haelt\/\" \/>\n<meta property=\"og:locale\" content=\"it_IT\" \/>\n<meta property=\"og:type\" content=\"article\" \/>\n<meta property=\"og:title\" content=\"Bang15000 Puffs Strawberry Kiwi Genuss der ewig h\u00e4lt | Vapingnet.de\" \/>\n<meta property=\"og:description\" content=\"Entdecke Bang15000 Puffs Strawberry Kiwi Genuss der ewig h\u00e4lt bei vapingnet.de, \u25ba Gro\u00dfe Auswahl an Geschmacksrichtungen &amp; super g\u00fcnstig!\" \/>\n<meta property=\"og:url\" content=\"https:\/\/vapingnet.de\/it\/vape\/bang15000-puffs-strawberry-kiwi-genuss-der-ewig-haelt\/\" \/>\n<meta property=\"og:site_name\" content=\"Vapingnet.de\" \/>\n<meta property=\"article:publisher\" content=\"https:\/\/www.facebook.com\/vapingnetde\/\" \/>\n<meta property=\"article:modified_time\" content=\"2025-06-19T03:41:29+00:00\" \/>\n<meta property=\"og:image\" content=\"https:\/\/vapingnet.de\/wp-content\/uploads\/2025\/03\/Strawberry-Kiwi-1.png\" \/>\n\t<meta property=\"og:image:width\" content=\"900\" \/>\n\t<meta property=\"og:image:height\" content=\"600\" \/>\n\t<meta property=\"og:image:type\" content=\"image\/png\" \/>\n<meta name=\"twitter:card\" content=\"summary_large_image\" \/>\n<meta name=\"twitter:label1\" content=\"Est. reading time\" \/>\n\t<meta name=\"twitter:data1\" content=\"3 minutes\" \/>\n<script type=\"application\/ld+json\" class=\"yoast-schema-graph\">{\"@context\":\"https:\/\/schema.org\",\"@graph\":[{\"@type\":\"WebPage\",\"@id\":\"https:\/\/vapingnet.de\/vape\/bang15000-puffs-strawberry-kiwi-genuss-der-ewig-haelt\/\",\"url\":\"https:\/\/vapingnet.de\/vape\/bang15000-puffs-strawberry-kiwi-genuss-der-ewig-haelt\/\",\"name\":\"Bang15000 Puffs Strawberry Kiwi Genuss der ewig h\u00e4lt | Vapingnet.de\",\"isPartOf\":{\"@id\":\"https:\/\/vapingnet.de\/#website\"},\"primaryImageOfPage\":{\"@id\":\"https:\/\/vapingnet.de\/vape\/bang15000-puffs-strawberry-kiwi-genuss-der-ewig-haelt\/#primaryimage\"},\"image\":{\"@id\":\"https:\/\/vapingnet.de\/vape\/bang15000-puffs-strawberry-kiwi-genuss-der-ewig-haelt\/#primaryimage\"},\"thumbnailUrl\":\"https:\/\/vapingnet.de\/wp-content\/uploads\/2025\/03\/Strawberry-Kiwi-1.png\",\"datePublished\":\"2025-03-13T05:35:21+00:00\",\"dateModified\":\"2025-06-19T03:41:29+00:00\",\"description\":\"Entdecke Bang15000 Puffs Strawberry Kiwi Genuss der ewig h\u00e4lt bei vapingnet.de, \u25ba Gro\u00dfe Auswahl an Geschmacksrichtungen & super g\u00fcnstig!\",\"breadcrumb\":{\"@id\":\"https:\/\/vapingnet.de\/vape\/bang15000-puffs-strawberry-kiwi-genuss-der-ewig-haelt\/#breadcrumb\"},\"inLanguage\":\"it-IT\",\"potentialAction\":[{\"@type\":\"ReadAction\",\"target\":[\"https:\/\/vapingnet.de\/vape\/bang15000-puffs-strawberry-kiwi-genuss-der-ewig-haelt\/\"]}]},{\"@type\":\"ImageObject\",\"inLanguage\":\"it-IT\",\"@id\":\"https:\/\/vapingnet.de\/vape\/bang15000-puffs-strawberry-kiwi-genuss-der-ewig-haelt\/#primaryimage\",\"url\":\"https:\/\/vapingnet.de\/wp-content\/uploads\/2025\/03\/Strawberry-Kiwi-1.png\",\"contentUrl\":\"https:\/\/vapingnet.de\/wp-content\/uploads\/2025\/03\/Strawberry-Kiwi-1.png\",\"width\":900,\"height\":600,\"caption\":\"Strawberry Kiwi\"},{\"@type\":\"BreadcrumbList\",\"@id\":\"https:\/\/vapingnet.de\/vape\/bang15000-puffs-strawberry-kiwi-genuss-der-ewig-haelt\/#breadcrumb\",\"itemListElement\":[{\"@type\":\"ListItem\",\"position\":1,\"name\":\"Home\",\"item\":\"https:\/\/vapingnet.de\/\"},{\"@type\":\"ListItem\",\"position\":2,\"name\":\"Shop\",\"item\":\"https:\/\/vapingnet.de\/vape\/\"},{\"@type\":\"ListItem\",\"position\":3,\"name\":\"Bang15000 Puffs Strawberry Kiwi Genuss der ewig h\u00e4lt\"}]},{\"@type\":\"WebSite\",\"@id\":\"https:\/\/vapingnet.de\/#website\",\"url\":\"https:\/\/vapingnet.de\/\",\"name\":\"Vapingnet.de\",\"description\":\"\",\"publisher\":{\"@id\":\"https:\/\/vapingnet.de\/#organization\"},\"potentialAction\":[{\"@type\":\"SearchAction\",\"target\":{\"@type\":\"EntryPoint\",\"urlTemplate\":\"https:\/\/vapingnet.de\/?s={search_term_string}\"},\"query-input\":{\"@type\":\"PropertyValueSpecification\",\"valueRequired\":true,\"valueName\":\"search_term_string\"}}],\"inLanguage\":\"it-IT\"},{\"@type\":\"Organization\",\"@id\":\"https:\/\/vapingnet.de\/#organization\",\"name\":\"Vapingnet.de\",\"url\":\"https:\/\/vapingnet.de\/\",\"logo\":{\"@type\":\"ImageObject\",\"inLanguage\":\"it-IT\",\"@id\":\"https:\/\/vapingnet.de\/#\/schema\/logo\/image\/\",\"url\":\"https:\/\/vapingnet.de\/wp-content\/uploads\/2025\/03\/cropped-vapingnet.de_.jpg\",\"contentUrl\":\"https:\/\/vapingnet.de\/wp-content\/uploads\/2025\/03\/cropped-vapingnet.de_.jpg\",\"width\":512,\"height\":512,\"caption\":\"Vapingnet.de\"},\"image\":{\"@id\":\"https:\/\/vapingnet.de\/#\/schema\/logo\/image\/\"},\"sameAs\":[\"https:\/\/www.facebook.com\/vapingnetde\/\"]}]}<\/script>\n<!-- \/ Yoast SEO plugin. -->","yoast_head_json":{"title":"Bang15000 Puffs Strawberry Kiwi Genuss der ewig h\u00e4lt | Vapingnet.de","description":"Entdecke Bang15000 Puffs Strawberry Kiwi Genuss der ewig h\u00e4lt bei vapingnet.de, \u25ba Gro\u00dfe Auswahl an Geschmacksrichtungen & super g\u00fcnstig!","robots":{"index":"index","follow":"follow","max-snippet":"max-snippet:-1","max-image-preview":"max-image-preview:large","max-video-preview":"max-video-preview:-1"},"canonical":"https:\/\/vapingnet.de\/it\/vape\/bang15000-puffs-strawberry-kiwi-genuss-der-ewig-haelt\/","og_locale":"it_IT","og_type":"article","og_title":"Bang15000 Puffs Strawberry Kiwi Genuss der ewig h\u00e4lt | Vapingnet.de","og_description":"Entdecke Bang15000 Puffs Strawberry Kiwi Genuss der ewig h\u00e4lt bei vapingnet.de, \u25ba Gro\u00dfe Auswahl an Geschmacksrichtungen & super g\u00fcnstig!","og_url":"https:\/\/vapingnet.de\/it\/vape\/bang15000-puffs-strawberry-kiwi-genuss-der-ewig-haelt\/","og_site_name":"Vapingnet.de","article_publisher":"https:\/\/www.facebook.com\/vapingnetde\/","article_modified_time":"2025-06-19T03:41:29+00:00","og_image":[{"width":900,"height":600,"url":"https:\/\/vapingnet.de\/wp-content\/uploads\/2025\/03\/Strawberry-Kiwi-1.png","type":"image\/png"}],"twitter_card":"summary_large_image","twitter_misc":{"Est. reading time":"3 minutes"},"schema":{"@context":"https:\/\/schema.org","@graph":[{"@type":"WebPage","@id":"https:\/\/vapingnet.de\/vape\/bang15000-puffs-strawberry-kiwi-genuss-der-ewig-haelt\/","url":"https:\/\/vapingnet.de\/vape\/bang15000-puffs-strawberry-kiwi-genuss-der-ewig-haelt\/","name":"Bang15000 Puffs Strawberry Kiwi Genuss der ewig h\u00e4lt | Vapingnet.de","isPartOf":{"@id":"https:\/\/vapingnet.de\/#website"},"primaryImageOfPage":{"@id":"https:\/\/vapingnet.de\/vape\/bang15000-puffs-strawberry-kiwi-genuss-der-ewig-haelt\/#primaryimage"},"image":{"@id":"https:\/\/vapingnet.de\/vape\/bang15000-puffs-strawberry-kiwi-genuss-der-ewig-haelt\/#primaryimage"},"thumbnailUrl":"https:\/\/vapingnet.de\/wp-content\/uploads\/2025\/03\/Strawberry-Kiwi-1.png","datePublished":"2025-03-13T05:35:21+00:00","dateModified":"2025-06-19T03:41:29+00:00","description":"Entdecke Bang15000 Puffs Strawberry Kiwi Genuss der ewig h\u00e4lt bei vapingnet.de, \u25ba Gro\u00dfe Auswahl an Geschmacksrichtungen & super g\u00fcnstig!","breadcrumb":{"@id":"https:\/\/vapingnet.de\/vape\/bang15000-puffs-strawberry-kiwi-genuss-der-ewig-haelt\/#breadcrumb"},"inLanguage":"it-IT","potentialAction":[{"@type":"ReadAction","target":["https:\/\/vapingnet.de\/vape\/bang15000-puffs-strawberry-kiwi-genuss-der-ewig-haelt\/"]}]},{"@type":"ImageObject","inLanguage":"it-IT","@id":"https:\/\/vapingnet.de\/vape\/bang15000-puffs-strawberry-kiwi-genuss-der-ewig-haelt\/#primaryimage","url":"https:\/\/vapingnet.de\/wp-content\/uploads\/2025\/03\/Strawberry-Kiwi-1.png","contentUrl":"https:\/\/vapingnet.de\/wp-content\/uploads\/2025\/03\/Strawberry-Kiwi-1.png","width":900,"height":600,"caption":"Strawberry Kiwi"},{"@type":"BreadcrumbList","@id":"https:\/\/vapingnet.de\/vape\/bang15000-puffs-strawberry-kiwi-genuss-der-ewig-haelt\/#breadcrumb","itemListElement":[{"@type":"ListItem","position":1,"name":"Home","item":"https:\/\/vapingnet.de\/"},{"@type":"ListItem","position":2,"name":"Shop","item":"https:\/\/vapingnet.de\/vape\/"},{"@type":"ListItem","position":3,"name":"Bang15000 Puffs Strawberry Kiwi Genuss der ewig h\u00e4lt"}]},{"@type":"WebSite","@id":"https:\/\/vapingnet.de\/#website","url":"https:\/\/vapingnet.de\/","name":"Vapingnet.de","description":"","publisher":{"@id":"https:\/\/vapingnet.de\/#organization"},"potentialAction":[{"@type":"SearchAction","target":{"@type":"EntryPoint","urlTemplate":"https:\/\/vapingnet.de\/?s={search_term_string}"},"query-input":{"@type":"PropertyValueSpecification","valueRequired":true,"valueName":"search_term_string"}}],"inLanguage":"it-IT"},{"@type":"Organization","@id":"https:\/\/vapingnet.de\/#organization","name":"Vapingnet.de","url":"https:\/\/vapingnet.de\/","logo":{"@type":"ImageObject","inLanguage":"it-IT","@id":"https:\/\/vapingnet.de\/#\/schema\/logo\/image\/","url":"https:\/\/vapingnet.de\/wp-content\/uploads\/2025\/03\/cropped-vapingnet.de_.jpg","contentUrl":"https:\/\/vapingnet.de\/wp-content\/uploads\/2025\/03\/cropped-vapingnet.de_.jpg","width":512,"height":512,"caption":"Vapingnet.de"},"image":{"@id":"https:\/\/vapingnet.de\/#\/schema\/logo\/image\/"},"sameAs":["https:\/\/www.facebook.com\/vapingnetde\/"]}]}},"tiered_pricing_type":"fixed","tiered_pricing_fixed_rules":{"10":"7.31","60":"6.58","110":"5.85","200":"5.12"},"tiered_pricing_product_settings":{"layout":"default","base_unit_name":{"singular":null,"plural":null},"default_variation":null},"tiered_pricing_minimum_quantity":null,"tiered_pricing_roles_data":[],"tiered_pricing_percentage_rules":[],"_links":{"self":[{"href":"https:\/\/vapingnet.de\/it\/wp-json\/wp\/v2\/product\/5209","targetHints":{"allow":["GET"]}}],"collection":[{"href":"https:\/\/vapingnet.de\/it\/wp-json\/wp\/v2\/product"}],"about":[{"href":"https:\/\/vapingnet.de\/it\/wp-json\/wp\/v2\/types\/product"}],"version-history":[{"count":1,"href":"https:\/\/vapingnet.de\/it\/wp-json\/wp\/v2\/product\/5209\/revisions"}],"predecessor-version":[{"id":5211,"href":"https:\/\/vapingnet.de\/it\/wp-json\/wp\/v2\/product\/5209\/revisions\/5211"}],"wp:featuredmedia":[{"embeddable":true,"href":"https:\/\/vapingnet.de\/it\/wp-json\/wp\/v2\/media\/5210"}],"wp:attachment":[{"href":"https:\/\/vapingnet.de\/it\/wp-json\/wp\/v2\/media?parent=5209"}],"wp:term":[{"taxonomy":"brand","embeddable":true,"href":"https:\/\/vapingnet.de\/it\/wp-json\/wp\/v2\/etheme_brands?post=5209"},{"taxonomy":"product_brand","embeddable":true,"href":"https:\/\/vapingnet.de\/it\/wp-json\/wp\/v2\/product_brand?post=5209"},{"taxonomy":"product_cat","embeddable":true,"href":"https:\/\/vapingnet.de\/it\/wp-json\/wp\/v2\/product_cat?post=5209"},{"taxonomy":"product_tag","embeddable":true,"href":"https:\/\/vapingnet.de\/it\/wp-json\/wp\/v2\/product_tag?post=5209"}],"curies":[{"name":"wp","href":"https:\/\/api.w.org\/{rel}","templated":true}]}}