{"id":5215,"date":"2025-03-13T05:46:38","date_gmt":"2025-03-13T05:46:38","guid":{"rendered":"https:\/\/vapingnet.de\/?post_type=product&#038;p=5215"},"modified":"2025-06-19T03:41:28","modified_gmt":"2025-06-19T03:41:28","slug":"bang15000-puffs-strawberry-watermelon-dein-fruchtgenuss-fuer-tage","status":"publish","type":"product","link":"https:\/\/vapingnet.de\/it\/vape\/bang15000-puffs-strawberry-watermelon-dein-fruchtgenuss-fuer-tage\/","title":{"rendered":"Bang15000 Puff Fragola Anguria Il tuo piacere fruttato per giorni"},"content":{"rendered":"<h2 data-start=\"0\" data-end=\"89\">Bang15000 Puffs Sigaretta Elettronica Monouso Ricaricabile al Gusto di Anguria e Fragola<\/h2>\n<p data-start=\"91\" data-end=\"513\">Se sei alla ricerca di una sigaretta elettronica che ti offra un sapore intenso, una lunga durata e una comoda funzione di ricarica, la Bang15000 Puffs Ricaricabile \u00e8<a href=\"https:\/\/vapingnet.de\/it\/k\/einweg-e-zigarette\/\" target=\"_blank\" rel=\"noopener\"><strong> Sigaretta elettronica usa e getta<\/strong><\/a> la scelta perfetta per te! Non solo offre il gusto rinfrescante di anguria e fragola, ma anche una durata incredibilmente lunga, che soddisfa tutte le tue esigenze di una sigaretta elettronica di alta qualit\u00e0.<\/p>\n<h4 data-start=\"520\" data-end=\"547\">Punti salienti del prodotto:<\/h4>\n<ul data-start=\"549\" data-end=\"1551\">\n<li data-start=\"549\" data-end=\"824\">\n<p data-start=\"551\" data-end=\"824\">15000 tiri per un piacere duraturo<br data-start=\"592\" data-end=\"595\" \/>Ogni sigaretta elettronica Bang15000 Puffs offre fino a 15000 tiri, il che rende superfluo il frequente cambio di dispositivo. Non devi preoccuparti che la batteria si scarichi rapidamente: goditi un'esperienza di svapo di lunga durata.<\/p>\n<\/li>\n<li data-start=\"826\" data-end=\"1084\">\n<p data-start=\"828\" data-end=\"1084\">Gusto rinfrescante di anguria e fragola<br data-start=\"877\" data-end=\"880\" \/>Il sapore dolce delle fragole combinato con la freschezza dell'anguria offre un'esperienza di gusto eccezionale. Ogni tiro ricorda un'estate rinfrescante che rinvigorisce i tuoi sensi.<\/p>\n<\/li>\n<li data-start=\"1086\" data-end=\"1350\">\n<p data-start=\"1088\" data-end=\"1350\">Porta di ricarica rapida Type-C<br data-start=\"1119\" data-end=\"1122\" \/>Con una porta di ricarica Type-C per una ricarica pi\u00f9 veloce e tempi di ricarica pi\u00f9 brevi. La capacit\u00e0 della batteria di 650 mAh garantisce una lunga durata e si ricarica in pochi minuti, cos\u00ec sei sempre pronto per il tuo prossimo tiro.<\/p>\n<\/li>\n<li data-start=\"1352\" data-end=\"1551\">\n<p data-start=\"1354\" data-end=\"1551\">Nessun dazio doganale<br data-start=\"1376\" data-end=\"1379\" \/>Nessun costo aggiuntivo di sdoganamento all'acquisto, quindi non devi preoccuparti di costi nascosti. Il tuo acquisto sar\u00e0 consegnato in modo rapido e senza problemi.<\/p>\n<\/li>\n<\/ul>\n<h4 data-start=\"1558\" data-end=\"1582\">Dettagli del prodotto:<\/h4>\n<ul data-start=\"1584\" data-end=\"1928\">\n<li data-start=\"1584\" data-end=\"1651\">Modello: Bang15000 Puffs Sigaretta Elettronica Monouso Ricaricabile<\/li>\n<li data-start=\"1652\" data-end=\"1692\">Gusto: Fragola Watermelon<\/li>\n<li data-start=\"1693\" data-end=\"1772\">Contenuto di nicotina: 0%, 2%, 3%, 5% (0% e 3% richiedono un ordine all'ingrosso)<\/li>\n<li data-start=\"1773\" data-end=\"1796\">Quantit\u00e0 di riempimento: 23 ml<\/li>\n<li data-start=\"1797\" data-end=\"1848\">Capacit\u00e0 della batteria: 650mAh (ricaricabile)<\/li>\n<li data-start=\"1849\" data-end=\"1873\">Puff: 15000 puff<\/li>\n<li data-start=\"1874\" data-end=\"1899\">Connessione: Type-C<\/li>\n<li data-start=\"1900\" data-end=\"1928\">Nessun costo di sdoganamento: S\u00ec<\/li>\n<\/ul>\n<h3>Perch\u00e9 scegliere Bang15000 Puffs?<\/h3>\n<ul data-start=\"1974\" data-end=\"2559\">\n<li data-start=\"1974\" data-end=\"2085\">Lunga durata: con 15000 tiri non devi pi\u00f9 preoccuparti della sostituzione frequente.<\/li>\n<li data-start=\"2086\" data-end=\"2212\">Gusto unico: il gusto rinfrescante di anguria e fragola offre un'esperienza fruttata inconfondibile.<\/li>\n<li data-start=\"2213\" data-end=\"2353\">Ricarica rapida: La batteria da 650mAh con porta Type-C garantisce una ricarica efficiente, cos\u00ec puoi ripartire rapidamente.<\/li>\n<li data-start=\"2354\" data-end=\"2466\">Contenuto di nicotina flessibile: Scegli tra 0%, 2%, 3% e 5% di nicotina \u2013 perfetto per diverse esigenze.<\/li>\n<li data-start=\"2467\" data-end=\"2559\">Nessun dazio: Goditi un'esperienza di acquisto senza preoccupazioni senza costi aggiuntivi.<\/li>\n<\/ul>\n<h4 data-start=\"2566\" data-end=\"2632\">Gusto Fragola Anguria \u2013 Rinfrescante e fruttato<\/h4>\n<p data-start=\"2634\" data-end=\"2883\">Il gusto Fragola Anguria \u00e8 una combinazione perfetta tra la dolcezza delle fragole e la freschezza dell'anguria \u2013 ideale per l'estate. Ogni tiro offre un piacere rinfrescante e fruttato che ti accompagner\u00e0 tutto il giorno.<\/p>\n<h4 data-start=\"2890\" data-end=\"2911\">Come acquistare<\/h4>\n<p data-start=\"2913\" data-end=\"3165\">Visita il nostro sito web vapingnet.de per acquistare la sigaretta elettronica Strawberry Watermelon Bang15000 Puffs. Che sia per uso personale o per un ordine all'ingrosso, offriamo un'esperienza di acquisto semplice e comoda.<\/p>\n<p data-start=\"3172\" data-end=\"3328\" data-is-last-node=\"\" data-is-only-node=\"\">Bang15000 Puffs \u2013 la scelta ideale per un piacere duraturo e un gusto rinfrescante. Prendi la tua sigaretta elettronica Strawberry Watermelon e gusta ogni tiro!<\/p>","protected":false},"excerpt":{"rendered":"<p>Bang15000 Puffs Wiederaufladbare Einweg-E-Zigarette Strawberry Watermelon Geschmack Wenn du auf der Suche nach einer E-Zigarette bist, die dir intensiven Geschmack, lange Nutzungsdauer und eine bequeme&#8230;<\/p>","protected":false},"featured_media":5220,"template":"","meta":[],"etheme_brands":[],"product_brand":[101],"product_cat":[53,49,61],"product_tag":[],"class_list":{"0":"post-5215","1":"product","2":"type-product","3":"status-publish","4":"has-post-thumbnail","6":"product_brand-bang-king-vape","7":"product_cat-vape-15000-zuege","8":"product_cat-einweg-e-zigarette","9":"product_cat-f","11":"first","12":"instock","13":"shipping-taxable","14":"purchasable","15":"product-type-simple"},"yoast_head":"<!-- This site is optimized with the Yoast SEO plugin v26.5 - https:\/\/yoast.com\/wordpress\/plugins\/seo\/ -->\n<title>Bang15000 Puffs Strawberry Watermelon Dein Fruchtgenuss f\u00fcr Tage | Vapingnet.de<\/title>\n<meta name=\"description\" content=\"Entdecke Bang15000 Puffs Strawberry Watermelon Dein Fruchtgenuss f\u00fcr Tage bei vapingnet.de, \u25ba Gro\u00dfe Auswahl an Geschmacksrichtungen &amp; super g\u00fcnstig!\" \/>\n<meta name=\"robots\" content=\"index, follow, max-snippet:-1, max-image-preview:large, max-video-preview:-1\" \/>\n<link rel=\"canonical\" href=\"https:\/\/vapingnet.de\/it\/vape\/bang15000-puffs-strawberry-watermelon-dein-fruchtgenuss-fuer-tage\/\" \/>\n<meta property=\"og:locale\" content=\"it_IT\" \/>\n<meta property=\"og:type\" content=\"article\" \/>\n<meta property=\"og:title\" content=\"Bang15000 Puffs Strawberry Watermelon Dein Fruchtgenuss f\u00fcr Tage | Vapingnet.de\" \/>\n<meta property=\"og:description\" content=\"Entdecke Bang15000 Puffs Strawberry Watermelon Dein Fruchtgenuss f\u00fcr Tage bei vapingnet.de, \u25ba Gro\u00dfe Auswahl an Geschmacksrichtungen &amp; super g\u00fcnstig!\" \/>\n<meta property=\"og:url\" content=\"https:\/\/vapingnet.de\/it\/vape\/bang15000-puffs-strawberry-watermelon-dein-fruchtgenuss-fuer-tage\/\" \/>\n<meta property=\"og:site_name\" content=\"Vapingnet.de\" \/>\n<meta property=\"article:publisher\" content=\"https:\/\/www.facebook.com\/vapingnetde\/\" \/>\n<meta property=\"article:modified_time\" content=\"2025-06-19T03:41:28+00:00\" \/>\n<meta property=\"og:image\" content=\"https:\/\/vapingnet.de\/wp-content\/uploads\/2025\/03\/Strawberry-Watermelon.png\" \/>\n\t<meta property=\"og:image:width\" content=\"900\" \/>\n\t<meta property=\"og:image:height\" content=\"600\" \/>\n\t<meta property=\"og:image:type\" content=\"image\/png\" \/>\n<meta name=\"twitter:card\" content=\"summary_large_image\" \/>\n<meta name=\"twitter:label1\" content=\"Est. reading time\" \/>\n\t<meta name=\"twitter:data1\" content=\"3 minutes\" \/>\n<script type=\"application\/ld+json\" class=\"yoast-schema-graph\">{\"@context\":\"https:\/\/schema.org\",\"@graph\":[{\"@type\":\"WebPage\",\"@id\":\"https:\/\/vapingnet.de\/vape\/bang15000-puffs-strawberry-watermelon-dein-fruchtgenuss-fuer-tage\/\",\"url\":\"https:\/\/vapingnet.de\/vape\/bang15000-puffs-strawberry-watermelon-dein-fruchtgenuss-fuer-tage\/\",\"name\":\"Bang15000 Puffs Strawberry Watermelon Dein Fruchtgenuss f\u00fcr Tage | Vapingnet.de\",\"isPartOf\":{\"@id\":\"https:\/\/vapingnet.de\/#website\"},\"primaryImageOfPage\":{\"@id\":\"https:\/\/vapingnet.de\/vape\/bang15000-puffs-strawberry-watermelon-dein-fruchtgenuss-fuer-tage\/#primaryimage\"},\"image\":{\"@id\":\"https:\/\/vapingnet.de\/vape\/bang15000-puffs-strawberry-watermelon-dein-fruchtgenuss-fuer-tage\/#primaryimage\"},\"thumbnailUrl\":\"https:\/\/vapingnet.de\/wp-content\/uploads\/2025\/03\/Strawberry-Watermelon.png\",\"datePublished\":\"2025-03-13T05:46:38+00:00\",\"dateModified\":\"2025-06-19T03:41:28+00:00\",\"description\":\"Entdecke Bang15000 Puffs Strawberry Watermelon Dein Fruchtgenuss f\u00fcr Tage bei vapingnet.de, \u25ba Gro\u00dfe Auswahl an Geschmacksrichtungen & super g\u00fcnstig!\",\"breadcrumb\":{\"@id\":\"https:\/\/vapingnet.de\/vape\/bang15000-puffs-strawberry-watermelon-dein-fruchtgenuss-fuer-tage\/#breadcrumb\"},\"inLanguage\":\"it-IT\",\"potentialAction\":[{\"@type\":\"ReadAction\",\"target\":[\"https:\/\/vapingnet.de\/vape\/bang15000-puffs-strawberry-watermelon-dein-fruchtgenuss-fuer-tage\/\"]}]},{\"@type\":\"ImageObject\",\"inLanguage\":\"it-IT\",\"@id\":\"https:\/\/vapingnet.de\/vape\/bang15000-puffs-strawberry-watermelon-dein-fruchtgenuss-fuer-tage\/#primaryimage\",\"url\":\"https:\/\/vapingnet.de\/wp-content\/uploads\/2025\/03\/Strawberry-Watermelon.png\",\"contentUrl\":\"https:\/\/vapingnet.de\/wp-content\/uploads\/2025\/03\/Strawberry-Watermelon.png\",\"width\":900,\"height\":600,\"caption\":\"Strawberry Watermelon\"},{\"@type\":\"BreadcrumbList\",\"@id\":\"https:\/\/vapingnet.de\/vape\/bang15000-puffs-strawberry-watermelon-dein-fruchtgenuss-fuer-tage\/#breadcrumb\",\"itemListElement\":[{\"@type\":\"ListItem\",\"position\":1,\"name\":\"Home\",\"item\":\"https:\/\/vapingnet.de\/\"},{\"@type\":\"ListItem\",\"position\":2,\"name\":\"Shop\",\"item\":\"https:\/\/vapingnet.de\/vape\/\"},{\"@type\":\"ListItem\",\"position\":3,\"name\":\"Bang15000 Puffs Strawberry Watermelon Dein Fruchtgenuss f\u00fcr Tage\"}]},{\"@type\":\"WebSite\",\"@id\":\"https:\/\/vapingnet.de\/#website\",\"url\":\"https:\/\/vapingnet.de\/\",\"name\":\"Vapingnet.de\",\"description\":\"\",\"publisher\":{\"@id\":\"https:\/\/vapingnet.de\/#organization\"},\"potentialAction\":[{\"@type\":\"SearchAction\",\"target\":{\"@type\":\"EntryPoint\",\"urlTemplate\":\"https:\/\/vapingnet.de\/?s={search_term_string}\"},\"query-input\":{\"@type\":\"PropertyValueSpecification\",\"valueRequired\":true,\"valueName\":\"search_term_string\"}}],\"inLanguage\":\"it-IT\"},{\"@type\":\"Organization\",\"@id\":\"https:\/\/vapingnet.de\/#organization\",\"name\":\"Vapingnet.de\",\"url\":\"https:\/\/vapingnet.de\/\",\"logo\":{\"@type\":\"ImageObject\",\"inLanguage\":\"it-IT\",\"@id\":\"https:\/\/vapingnet.de\/#\/schema\/logo\/image\/\",\"url\":\"https:\/\/vapingnet.de\/wp-content\/uploads\/2025\/03\/cropped-vapingnet.de_.jpg\",\"contentUrl\":\"https:\/\/vapingnet.de\/wp-content\/uploads\/2025\/03\/cropped-vapingnet.de_.jpg\",\"width\":512,\"height\":512,\"caption\":\"Vapingnet.de\"},\"image\":{\"@id\":\"https:\/\/vapingnet.de\/#\/schema\/logo\/image\/\"},\"sameAs\":[\"https:\/\/www.facebook.com\/vapingnetde\/\"]}]}<\/script>\n<!-- \/ Yoast SEO plugin. -->","yoast_head_json":{"title":"Bang15000 Puffs Strawberry Watermelon Dein Fruchtgenuss f\u00fcr Tage | Vapingnet.de","description":"Entdecke Bang15000 Puffs Strawberry Watermelon Dein Fruchtgenuss f\u00fcr Tage bei vapingnet.de, \u25ba Gro\u00dfe Auswahl an Geschmacksrichtungen & super g\u00fcnstig!","robots":{"index":"index","follow":"follow","max-snippet":"max-snippet:-1","max-image-preview":"max-image-preview:large","max-video-preview":"max-video-preview:-1"},"canonical":"https:\/\/vapingnet.de\/it\/vape\/bang15000-puffs-strawberry-watermelon-dein-fruchtgenuss-fuer-tage\/","og_locale":"it_IT","og_type":"article","og_title":"Bang15000 Puffs Strawberry Watermelon Dein Fruchtgenuss f\u00fcr Tage | Vapingnet.de","og_description":"Entdecke Bang15000 Puffs Strawberry Watermelon Dein Fruchtgenuss f\u00fcr Tage bei vapingnet.de, \u25ba Gro\u00dfe Auswahl an Geschmacksrichtungen & super g\u00fcnstig!","og_url":"https:\/\/vapingnet.de\/it\/vape\/bang15000-puffs-strawberry-watermelon-dein-fruchtgenuss-fuer-tage\/","og_site_name":"Vapingnet.de","article_publisher":"https:\/\/www.facebook.com\/vapingnetde\/","article_modified_time":"2025-06-19T03:41:28+00:00","og_image":[{"width":900,"height":600,"url":"https:\/\/vapingnet.de\/wp-content\/uploads\/2025\/03\/Strawberry-Watermelon.png","type":"image\/png"}],"twitter_card":"summary_large_image","twitter_misc":{"Est. reading time":"3 minutes"},"schema":{"@context":"https:\/\/schema.org","@graph":[{"@type":"WebPage","@id":"https:\/\/vapingnet.de\/vape\/bang15000-puffs-strawberry-watermelon-dein-fruchtgenuss-fuer-tage\/","url":"https:\/\/vapingnet.de\/vape\/bang15000-puffs-strawberry-watermelon-dein-fruchtgenuss-fuer-tage\/","name":"Bang15000 Puffs Strawberry Watermelon Dein Fruchtgenuss f\u00fcr Tage | Vapingnet.de","isPartOf":{"@id":"https:\/\/vapingnet.de\/#website"},"primaryImageOfPage":{"@id":"https:\/\/vapingnet.de\/vape\/bang15000-puffs-strawberry-watermelon-dein-fruchtgenuss-fuer-tage\/#primaryimage"},"image":{"@id":"https:\/\/vapingnet.de\/vape\/bang15000-puffs-strawberry-watermelon-dein-fruchtgenuss-fuer-tage\/#primaryimage"},"thumbnailUrl":"https:\/\/vapingnet.de\/wp-content\/uploads\/2025\/03\/Strawberry-Watermelon.png","datePublished":"2025-03-13T05:46:38+00:00","dateModified":"2025-06-19T03:41:28+00:00","description":"Entdecke Bang15000 Puffs Strawberry Watermelon Dein Fruchtgenuss f\u00fcr Tage bei vapingnet.de, \u25ba Gro\u00dfe Auswahl an Geschmacksrichtungen & super g\u00fcnstig!","breadcrumb":{"@id":"https:\/\/vapingnet.de\/vape\/bang15000-puffs-strawberry-watermelon-dein-fruchtgenuss-fuer-tage\/#breadcrumb"},"inLanguage":"it-IT","potentialAction":[{"@type":"ReadAction","target":["https:\/\/vapingnet.de\/vape\/bang15000-puffs-strawberry-watermelon-dein-fruchtgenuss-fuer-tage\/"]}]},{"@type":"ImageObject","inLanguage":"it-IT","@id":"https:\/\/vapingnet.de\/vape\/bang15000-puffs-strawberry-watermelon-dein-fruchtgenuss-fuer-tage\/#primaryimage","url":"https:\/\/vapingnet.de\/wp-content\/uploads\/2025\/03\/Strawberry-Watermelon.png","contentUrl":"https:\/\/vapingnet.de\/wp-content\/uploads\/2025\/03\/Strawberry-Watermelon.png","width":900,"height":600,"caption":"Strawberry Watermelon"},{"@type":"BreadcrumbList","@id":"https:\/\/vapingnet.de\/vape\/bang15000-puffs-strawberry-watermelon-dein-fruchtgenuss-fuer-tage\/#breadcrumb","itemListElement":[{"@type":"ListItem","position":1,"name":"Home","item":"https:\/\/vapingnet.de\/"},{"@type":"ListItem","position":2,"name":"Shop","item":"https:\/\/vapingnet.de\/vape\/"},{"@type":"ListItem","position":3,"name":"Bang15000 Puffs Strawberry Watermelon Dein Fruchtgenuss f\u00fcr Tage"}]},{"@type":"WebSite","@id":"https:\/\/vapingnet.de\/#website","url":"https:\/\/vapingnet.de\/","name":"Vapingnet.de","description":"","publisher":{"@id":"https:\/\/vapingnet.de\/#organization"},"potentialAction":[{"@type":"SearchAction","target":{"@type":"EntryPoint","urlTemplate":"https:\/\/vapingnet.de\/?s={search_term_string}"},"query-input":{"@type":"PropertyValueSpecification","valueRequired":true,"valueName":"search_term_string"}}],"inLanguage":"it-IT"},{"@type":"Organization","@id":"https:\/\/vapingnet.de\/#organization","name":"Vapingnet.de","url":"https:\/\/vapingnet.de\/","logo":{"@type":"ImageObject","inLanguage":"it-IT","@id":"https:\/\/vapingnet.de\/#\/schema\/logo\/image\/","url":"https:\/\/vapingnet.de\/wp-content\/uploads\/2025\/03\/cropped-vapingnet.de_.jpg","contentUrl":"https:\/\/vapingnet.de\/wp-content\/uploads\/2025\/03\/cropped-vapingnet.de_.jpg","width":512,"height":512,"caption":"Vapingnet.de"},"image":{"@id":"https:\/\/vapingnet.de\/#\/schema\/logo\/image\/"},"sameAs":["https:\/\/www.facebook.com\/vapingnetde\/"]}]}},"tiered_pricing_type":"fixed","tiered_pricing_fixed_rules":{"10":"7.31","60":"6.58","110":"5.85","200":"5.12"},"tiered_pricing_product_settings":{"layout":"default","base_unit_name":{"singular":null,"plural":null},"default_variation":null},"tiered_pricing_minimum_quantity":null,"tiered_pricing_roles_data":[],"tiered_pricing_percentage_rules":[],"_links":{"self":[{"href":"https:\/\/vapingnet.de\/it\/wp-json\/wp\/v2\/product\/5215","targetHints":{"allow":["GET"]}}],"collection":[{"href":"https:\/\/vapingnet.de\/it\/wp-json\/wp\/v2\/product"}],"about":[{"href":"https:\/\/vapingnet.de\/it\/wp-json\/wp\/v2\/types\/product"}],"version-history":[{"count":2,"href":"https:\/\/vapingnet.de\/it\/wp-json\/wp\/v2\/product\/5215\/revisions"}],"predecessor-version":[{"id":5221,"href":"https:\/\/vapingnet.de\/it\/wp-json\/wp\/v2\/product\/5215\/revisions\/5221"}],"wp:featuredmedia":[{"embeddable":true,"href":"https:\/\/vapingnet.de\/it\/wp-json\/wp\/v2\/media\/5220"}],"wp:attachment":[{"href":"https:\/\/vapingnet.de\/it\/wp-json\/wp\/v2\/media?parent=5215"}],"wp:term":[{"taxonomy":"brand","embeddable":true,"href":"https:\/\/vapingnet.de\/it\/wp-json\/wp\/v2\/etheme_brands?post=5215"},{"taxonomy":"product_brand","embeddable":true,"href":"https:\/\/vapingnet.de\/it\/wp-json\/wp\/v2\/product_brand?post=5215"},{"taxonomy":"product_cat","embeddable":true,"href":"https:\/\/vapingnet.de\/it\/wp-json\/wp\/v2\/product_cat?post=5215"},{"taxonomy":"product_tag","embeddable":true,"href":"https:\/\/vapingnet.de\/it\/wp-json\/wp\/v2\/product_tag?post=5215"}],"curies":[{"name":"wp","href":"https:\/\/api.w.org\/{rel}","templated":true}]}}