{"id":5225,"date":"2025-03-13T06:03:28","date_gmt":"2025-03-13T06:03:28","guid":{"rendered":"https:\/\/vapingnet.de\/?post_type=product&#038;p=5225"},"modified":"2025-06-19T03:41:27","modified_gmt":"2025-06-19T03:41:27","slug":"bang-15000-puffs-watermelon-bubblegum-frisch-fruchtig-und-langanhaltend","status":"publish","type":"product","link":"https:\/\/vapingnet.de\/it\/vape\/bang-15000-puffs-watermelon-bubblegum-frisch-fruchtig-und-langanhaltend\/","title":{"rendered":"Bang 15000 Puffs Watermelon Bubblegum Fresco, fruttato e di lunga durata"},"content":{"rendered":"<h2 data-start=\"0\" data-end=\"117\">Bang15000 Puff Ricaricabile Dispositivo usa e getta E-cig Watermelon Bubblegum gusto, 15000 tiri di puro piacere!<\/h2>\n<p data-start=\"119\" data-end=\"636\">La Bang15000 Puff Ricaricabile Dispositivo usa e getta \u00e8 un'innovativa, ricaricabile <a href=\"https:\/\/vapingnet.de\/it\/k\/einweg-e-zigarette\/\" target=\"_blank\" rel=\"noopener\"><strong>Sigaretta elettronica usa e getta<\/strong><\/a>, che combina una durata eccezionalmente lunga, un gusto superiore e una funzione di ricarica comoda. \u00c8 stata progettata appositamente per utenti che cercano un'esperienza di svapo senza paragoni. Con la tecnologia avanzata Dul Mesh coil, l'ampia capacit\u00e0 di liquido e diverse intensit\u00e0 di nicotina, la Bang15000 \u00e8 la scelta perfetta per un piacere di svapo indimenticabile!<\/p>\n<h4 data-start=\"638\" data-end=\"656\">Caratteristiche principali:<\/h4>\n<ul data-start=\"658\" data-end=\"2222\">\n<li data-start=\"658\" data-end=\"861\">\n<p data-start=\"660\" data-end=\"861\">Lunga durata: 15000 tiri La Bang15000 Puff usa e getta offre fino a 15000 tiri, permettendoti di goderti a lungo senza dover cambiare frequentemente il dispositivo. Ogni tiro \u00e8 un piacere!<\/p>\n<\/li>\n<li data-start=\"863\" data-end=\"1100\">\n<p data-start=\"865\" data-end=\"1100\">Design ricaricabile, porta Type-C Con una batteria ricaricabile da 650mAh e una rapida porta Type-C, la Bang15000 si ricarica rapidamente, cos\u00ec sei sempre pronto a continuare a svapare senza interruzioni.<\/p>\n<\/li>\n<li data-start=\"1102\" data-end=\"1334\">\n<p data-start=\"1104\" data-end=\"1334\">Tecnologia Dul Mesh coil (1.1\u03a9) Dotata di una coil Dul Mesh (1.1\u03a9), la Bang15000 garantisce una produzione di vapore uniforme e un gusto pieno e morbido ad ogni tiro \u2013 un'esperienza di svapo di prima classe!<\/p>\n<\/li>\n<li data-start=\"1336\" data-end=\"1509\">\n<p data-start=\"1338\" data-end=\"1509\">Grande capacit\u00e0 di liquido per un uso prolungato Ogni Bang15000 contiene 23ml di e-liquid, che permette un utilizzo duraturo senza dover continuamente riempire.<\/p>\n<\/li>\n<li data-start=\"1511\" data-end=\"1746\">\n<p data-start=\"1513\" data-end=\"1746\">Diverse intensit\u00e0 di nicotina tra cui scegliere Puoi scegliere tra le intensit\u00e0 di nicotina 0%, 2%, 3% e 5%, in base ai tuoi gusti e preferenze. Nota: le intensit\u00e0 di nicotina 0% e 3% sono disponibili solo per ordini all'ingrosso.<\/p>\n<\/li>\n<li data-start=\"1748\" data-end=\"2018\">\n<p data-start=\"1750\" data-end=\"2018\">Gusto unico \u2013 Watermelon Bubblegum Il gusto Watermelon Bubblegum combina la dolcezza fresca dell'anguria con la nota aromatica della gomma da masticare. Ogni tiro offre un'esperienza rinfrescante e dolce che ti ricorda l'infanzia!<\/p>\n<\/li>\n<li data-start=\"2020\" data-end=\"2222\">\n<p data-start=\"2022\" data-end=\"2222\">Senza dazi, acquisto semplice Acquistando la Bang15000 Puff, non ci sono dazi, garantendoti un'esperienza di acquisto senza problemi. Goditi la tua e-cig senza preoccupazioni e nel modo pi\u00f9 semplice!<\/p>\n<\/li>\n<\/ul>\n<h4 data-start=\"2224\" data-end=\"2248\">Utilizzi:<\/h4>\n<ul data-start=\"2249\" data-end=\"2682\">\n<li data-start=\"2249\" data-end=\"2415\">Per uso personale: Se sei un appassionato di e-cig, la Bang15000 ti offre un'esperienza di svapo duratura, comoda e uniforme.<\/li>\n<li data-start=\"2416\" data-end=\"2682\">Per grossisti: La Bang15000 \u00e8 anche la scelta ideale per ordini all'ingrosso. Con la sua grande capacit\u00e0 e ottimo rapporto qualit\u00e0-prezzo, \u00e8 perfetta per il commercio all'ingrosso e offre ulteriori opportunit\u00e0 di profitto grazie all'esenzione dai dazi.<\/li>\n<\/ul>\n<h4 data-start=\"2684\" data-end=\"3097\">Acquista ora e goditi senza preoccupazioni!<\/h4>\n<p data-start=\"2684\" data-end=\"3097\">Non perdere l'occasione di acquistare la Bang15000 Puff ricaricabile dispositivo usa e getta! Visita oggi il nostro sito web <a href=\"https:\/\/vapingnet.de\/it\/\" target=\"_new\" rel=\"noopener\" data-start=\"2865\" data-end=\"2901\">vapingnet.de<\/a>, scegli il tuo gusto preferito e l'intensit\u00e0 di nicotina e goditi 15000 tiri di puro piacere. Sia per uso personale che per ordini all'ingrosso, la Bang15000 \u00e8 la scelta perfetta!<\/p>\n<p data-start=\"3099\" data-end=\"3199\" data-is-last-node=\"\" data-is-only-node=\"\">Viviamo insieme la nuova era delle e-cig e godiamo ogni tiro al massimo!<\/p>","protected":false},"excerpt":{"rendered":"<p>Bang15000 Puffs Wiederaufladbare Einweg-E-Zigarette Watermelon Bubblegum Geschmack, 15000 Z\u00fcge voller Genuss! Die Bang15000 Puffs Rechargeable Disposable Pod ist eine innovative, wiederaufladbare Einweg-E-Zigarette, die eine au\u00dfergew\u00f6hnlich&#8230;<\/p>","protected":false},"featured_media":5226,"template":"","meta":[],"etheme_brands":[],"product_brand":[101],"product_cat":[53,49,61],"product_tag":[],"class_list":{"0":"post-5225","1":"product","2":"type-product","3":"status-publish","4":"has-post-thumbnail","6":"product_brand-bang-king-vape","7":"product_cat-vape-15000-zuege","8":"product_cat-einweg-e-zigarette","9":"product_cat-f","11":"first","12":"instock","13":"shipping-taxable","14":"purchasable","15":"product-type-simple"},"yoast_head":"<!-- This site is optimized with the Yoast SEO plugin v26.5 - https:\/\/yoast.com\/wordpress\/plugins\/seo\/ -->\n<title>Bang 15000 Puffs Watermelon Bubblegum Frisch fruchtig und langanhaltend | Vapingnet.de<\/title>\n<meta name=\"description\" content=\"Entdecke Bang 15000 Puffs Watermelon Bubblegum Frisch fruchtig und langanhaltend bei vapingnet.de, \u25ba Gro\u00dfe Auswahl an Geschmacksrichtungen &amp; super g\u00fcnstig!\" \/>\n<meta name=\"robots\" content=\"index, follow, max-snippet:-1, max-image-preview:large, max-video-preview:-1\" \/>\n<link rel=\"canonical\" href=\"https:\/\/vapingnet.de\/it\/vape\/bang-15000-puffs-watermelon-bubblegum-frisch-fruchtig-und-langanhaltend\/\" \/>\n<meta property=\"og:locale\" content=\"it_IT\" \/>\n<meta property=\"og:type\" content=\"article\" \/>\n<meta property=\"og:title\" content=\"Bang 15000 Puffs Watermelon Bubblegum Frisch fruchtig und langanhaltend | Vapingnet.de\" \/>\n<meta property=\"og:description\" content=\"Entdecke Bang 15000 Puffs Watermelon Bubblegum Frisch fruchtig und langanhaltend bei vapingnet.de, \u25ba Gro\u00dfe Auswahl an Geschmacksrichtungen &amp; super g\u00fcnstig!\" \/>\n<meta property=\"og:url\" content=\"https:\/\/vapingnet.de\/it\/vape\/bang-15000-puffs-watermelon-bubblegum-frisch-fruchtig-und-langanhaltend\/\" \/>\n<meta property=\"og:site_name\" content=\"Vapingnet.de\" \/>\n<meta property=\"article:publisher\" content=\"https:\/\/www.facebook.com\/vapingnetde\/\" \/>\n<meta property=\"article:modified_time\" content=\"2025-06-19T03:41:27+00:00\" \/>\n<meta property=\"og:image\" content=\"https:\/\/vapingnet.de\/wp-content\/uploads\/2025\/03\/Watermelon-Bubblegum-1.png\" \/>\n\t<meta property=\"og:image:width\" content=\"900\" \/>\n\t<meta property=\"og:image:height\" content=\"600\" \/>\n\t<meta property=\"og:image:type\" content=\"image\/png\" \/>\n<meta name=\"twitter:card\" content=\"summary_large_image\" \/>\n<meta name=\"twitter:label1\" content=\"Est. reading time\" \/>\n\t<meta name=\"twitter:data1\" content=\"3 minutes\" \/>\n<script type=\"application\/ld+json\" class=\"yoast-schema-graph\">{\"@context\":\"https:\/\/schema.org\",\"@graph\":[{\"@type\":\"WebPage\",\"@id\":\"https:\/\/vapingnet.de\/vape\/bang-15000-puffs-watermelon-bubblegum-frisch-fruchtig-und-langanhaltend\/\",\"url\":\"https:\/\/vapingnet.de\/vape\/bang-15000-puffs-watermelon-bubblegum-frisch-fruchtig-und-langanhaltend\/\",\"name\":\"Bang 15000 Puffs Watermelon Bubblegum Frisch fruchtig und langanhaltend | Vapingnet.de\",\"isPartOf\":{\"@id\":\"https:\/\/vapingnet.de\/#website\"},\"primaryImageOfPage\":{\"@id\":\"https:\/\/vapingnet.de\/vape\/bang-15000-puffs-watermelon-bubblegum-frisch-fruchtig-und-langanhaltend\/#primaryimage\"},\"image\":{\"@id\":\"https:\/\/vapingnet.de\/vape\/bang-15000-puffs-watermelon-bubblegum-frisch-fruchtig-und-langanhaltend\/#primaryimage\"},\"thumbnailUrl\":\"https:\/\/vapingnet.de\/wp-content\/uploads\/2025\/03\/Watermelon-Bubblegum-1.png\",\"datePublished\":\"2025-03-13T06:03:28+00:00\",\"dateModified\":\"2025-06-19T03:41:27+00:00\",\"description\":\"Entdecke Bang 15000 Puffs Watermelon Bubblegum Frisch fruchtig und langanhaltend bei vapingnet.de, \u25ba Gro\u00dfe Auswahl an Geschmacksrichtungen & super g\u00fcnstig!\",\"breadcrumb\":{\"@id\":\"https:\/\/vapingnet.de\/vape\/bang-15000-puffs-watermelon-bubblegum-frisch-fruchtig-und-langanhaltend\/#breadcrumb\"},\"inLanguage\":\"it-IT\",\"potentialAction\":[{\"@type\":\"ReadAction\",\"target\":[\"https:\/\/vapingnet.de\/vape\/bang-15000-puffs-watermelon-bubblegum-frisch-fruchtig-und-langanhaltend\/\"]}]},{\"@type\":\"ImageObject\",\"inLanguage\":\"it-IT\",\"@id\":\"https:\/\/vapingnet.de\/vape\/bang-15000-puffs-watermelon-bubblegum-frisch-fruchtig-und-langanhaltend\/#primaryimage\",\"url\":\"https:\/\/vapingnet.de\/wp-content\/uploads\/2025\/03\/Watermelon-Bubblegum-1.png\",\"contentUrl\":\"https:\/\/vapingnet.de\/wp-content\/uploads\/2025\/03\/Watermelon-Bubblegum-1.png\",\"width\":900,\"height\":600,\"caption\":\"Watermelon Bubblegum\"},{\"@type\":\"BreadcrumbList\",\"@id\":\"https:\/\/vapingnet.de\/vape\/bang-15000-puffs-watermelon-bubblegum-frisch-fruchtig-und-langanhaltend\/#breadcrumb\",\"itemListElement\":[{\"@type\":\"ListItem\",\"position\":1,\"name\":\"Home\",\"item\":\"https:\/\/vapingnet.de\/\"},{\"@type\":\"ListItem\",\"position\":2,\"name\":\"Shop\",\"item\":\"https:\/\/vapingnet.de\/vape\/\"},{\"@type\":\"ListItem\",\"position\":3,\"name\":\"Bang 15000 Puffs Watermelon Bubblegum Frisch fruchtig und langanhaltend\"}]},{\"@type\":\"WebSite\",\"@id\":\"https:\/\/vapingnet.de\/#website\",\"url\":\"https:\/\/vapingnet.de\/\",\"name\":\"Vapingnet.de\",\"description\":\"\",\"publisher\":{\"@id\":\"https:\/\/vapingnet.de\/#organization\"},\"potentialAction\":[{\"@type\":\"SearchAction\",\"target\":{\"@type\":\"EntryPoint\",\"urlTemplate\":\"https:\/\/vapingnet.de\/?s={search_term_string}\"},\"query-input\":{\"@type\":\"PropertyValueSpecification\",\"valueRequired\":true,\"valueName\":\"search_term_string\"}}],\"inLanguage\":\"it-IT\"},{\"@type\":\"Organization\",\"@id\":\"https:\/\/vapingnet.de\/#organization\",\"name\":\"Vapingnet.de\",\"url\":\"https:\/\/vapingnet.de\/\",\"logo\":{\"@type\":\"ImageObject\",\"inLanguage\":\"it-IT\",\"@id\":\"https:\/\/vapingnet.de\/#\/schema\/logo\/image\/\",\"url\":\"https:\/\/vapingnet.de\/wp-content\/uploads\/2025\/03\/cropped-vapingnet.de_.jpg\",\"contentUrl\":\"https:\/\/vapingnet.de\/wp-content\/uploads\/2025\/03\/cropped-vapingnet.de_.jpg\",\"width\":512,\"height\":512,\"caption\":\"Vapingnet.de\"},\"image\":{\"@id\":\"https:\/\/vapingnet.de\/#\/schema\/logo\/image\/\"},\"sameAs\":[\"https:\/\/www.facebook.com\/vapingnetde\/\"]}]}<\/script>\n<!-- \/ Yoast SEO plugin. -->","yoast_head_json":{"title":"Bang 15000 Puffs Watermelon Bubblegum Frisch fruchtig und langanhaltend | Vapingnet.de","description":"Entdecke Bang 15000 Puffs Watermelon Bubblegum Frisch fruchtig und langanhaltend bei vapingnet.de, \u25ba Gro\u00dfe Auswahl an Geschmacksrichtungen & super g\u00fcnstig!","robots":{"index":"index","follow":"follow","max-snippet":"max-snippet:-1","max-image-preview":"max-image-preview:large","max-video-preview":"max-video-preview:-1"},"canonical":"https:\/\/vapingnet.de\/it\/vape\/bang-15000-puffs-watermelon-bubblegum-frisch-fruchtig-und-langanhaltend\/","og_locale":"it_IT","og_type":"article","og_title":"Bang 15000 Puffs Watermelon Bubblegum Frisch fruchtig und langanhaltend | Vapingnet.de","og_description":"Entdecke Bang 15000 Puffs Watermelon Bubblegum Frisch fruchtig und langanhaltend bei vapingnet.de, \u25ba Gro\u00dfe Auswahl an Geschmacksrichtungen & super g\u00fcnstig!","og_url":"https:\/\/vapingnet.de\/it\/vape\/bang-15000-puffs-watermelon-bubblegum-frisch-fruchtig-und-langanhaltend\/","og_site_name":"Vapingnet.de","article_publisher":"https:\/\/www.facebook.com\/vapingnetde\/","article_modified_time":"2025-06-19T03:41:27+00:00","og_image":[{"width":900,"height":600,"url":"https:\/\/vapingnet.de\/wp-content\/uploads\/2025\/03\/Watermelon-Bubblegum-1.png","type":"image\/png"}],"twitter_card":"summary_large_image","twitter_misc":{"Est. reading time":"3 minutes"},"schema":{"@context":"https:\/\/schema.org","@graph":[{"@type":"WebPage","@id":"https:\/\/vapingnet.de\/vape\/bang-15000-puffs-watermelon-bubblegum-frisch-fruchtig-und-langanhaltend\/","url":"https:\/\/vapingnet.de\/vape\/bang-15000-puffs-watermelon-bubblegum-frisch-fruchtig-und-langanhaltend\/","name":"Bang 15000 Puffs Watermelon Bubblegum Frisch fruchtig und langanhaltend | Vapingnet.de","isPartOf":{"@id":"https:\/\/vapingnet.de\/#website"},"primaryImageOfPage":{"@id":"https:\/\/vapingnet.de\/vape\/bang-15000-puffs-watermelon-bubblegum-frisch-fruchtig-und-langanhaltend\/#primaryimage"},"image":{"@id":"https:\/\/vapingnet.de\/vape\/bang-15000-puffs-watermelon-bubblegum-frisch-fruchtig-und-langanhaltend\/#primaryimage"},"thumbnailUrl":"https:\/\/vapingnet.de\/wp-content\/uploads\/2025\/03\/Watermelon-Bubblegum-1.png","datePublished":"2025-03-13T06:03:28+00:00","dateModified":"2025-06-19T03:41:27+00:00","description":"Entdecke Bang 15000 Puffs Watermelon Bubblegum Frisch fruchtig und langanhaltend bei vapingnet.de, \u25ba Gro\u00dfe Auswahl an Geschmacksrichtungen & super g\u00fcnstig!","breadcrumb":{"@id":"https:\/\/vapingnet.de\/vape\/bang-15000-puffs-watermelon-bubblegum-frisch-fruchtig-und-langanhaltend\/#breadcrumb"},"inLanguage":"it-IT","potentialAction":[{"@type":"ReadAction","target":["https:\/\/vapingnet.de\/vape\/bang-15000-puffs-watermelon-bubblegum-frisch-fruchtig-und-langanhaltend\/"]}]},{"@type":"ImageObject","inLanguage":"it-IT","@id":"https:\/\/vapingnet.de\/vape\/bang-15000-puffs-watermelon-bubblegum-frisch-fruchtig-und-langanhaltend\/#primaryimage","url":"https:\/\/vapingnet.de\/wp-content\/uploads\/2025\/03\/Watermelon-Bubblegum-1.png","contentUrl":"https:\/\/vapingnet.de\/wp-content\/uploads\/2025\/03\/Watermelon-Bubblegum-1.png","width":900,"height":600,"caption":"Watermelon Bubblegum"},{"@type":"BreadcrumbList","@id":"https:\/\/vapingnet.de\/vape\/bang-15000-puffs-watermelon-bubblegum-frisch-fruchtig-und-langanhaltend\/#breadcrumb","itemListElement":[{"@type":"ListItem","position":1,"name":"Home","item":"https:\/\/vapingnet.de\/"},{"@type":"ListItem","position":2,"name":"Shop","item":"https:\/\/vapingnet.de\/vape\/"},{"@type":"ListItem","position":3,"name":"Bang 15000 Puffs Watermelon Bubblegum Frisch fruchtig und langanhaltend"}]},{"@type":"WebSite","@id":"https:\/\/vapingnet.de\/#website","url":"https:\/\/vapingnet.de\/","name":"Vapingnet.de","description":"","publisher":{"@id":"https:\/\/vapingnet.de\/#organization"},"potentialAction":[{"@type":"SearchAction","target":{"@type":"EntryPoint","urlTemplate":"https:\/\/vapingnet.de\/?s={search_term_string}"},"query-input":{"@type":"PropertyValueSpecification","valueRequired":true,"valueName":"search_term_string"}}],"inLanguage":"it-IT"},{"@type":"Organization","@id":"https:\/\/vapingnet.de\/#organization","name":"Vapingnet.de","url":"https:\/\/vapingnet.de\/","logo":{"@type":"ImageObject","inLanguage":"it-IT","@id":"https:\/\/vapingnet.de\/#\/schema\/logo\/image\/","url":"https:\/\/vapingnet.de\/wp-content\/uploads\/2025\/03\/cropped-vapingnet.de_.jpg","contentUrl":"https:\/\/vapingnet.de\/wp-content\/uploads\/2025\/03\/cropped-vapingnet.de_.jpg","width":512,"height":512,"caption":"Vapingnet.de"},"image":{"@id":"https:\/\/vapingnet.de\/#\/schema\/logo\/image\/"},"sameAs":["https:\/\/www.facebook.com\/vapingnetde\/"]}]}},"tiered_pricing_type":"fixed","tiered_pricing_fixed_rules":{"10":"7.31","60":"6.58","110":"5.85","200":"5.12"},"tiered_pricing_product_settings":{"layout":"default","base_unit_name":{"singular":null,"plural":null},"default_variation":null},"tiered_pricing_minimum_quantity":null,"tiered_pricing_roles_data":[],"tiered_pricing_percentage_rules":[],"_links":{"self":[{"href":"https:\/\/vapingnet.de\/it\/wp-json\/wp\/v2\/product\/5225","targetHints":{"allow":["GET"]}}],"collection":[{"href":"https:\/\/vapingnet.de\/it\/wp-json\/wp\/v2\/product"}],"about":[{"href":"https:\/\/vapingnet.de\/it\/wp-json\/wp\/v2\/types\/product"}],"version-history":[{"count":1,"href":"https:\/\/vapingnet.de\/it\/wp-json\/wp\/v2\/product\/5225\/revisions"}],"predecessor-version":[{"id":5227,"href":"https:\/\/vapingnet.de\/it\/wp-json\/wp\/v2\/product\/5225\/revisions\/5227"}],"wp:featuredmedia":[{"embeddable":true,"href":"https:\/\/vapingnet.de\/it\/wp-json\/wp\/v2\/media\/5226"}],"wp:attachment":[{"href":"https:\/\/vapingnet.de\/it\/wp-json\/wp\/v2\/media?parent=5225"}],"wp:term":[{"taxonomy":"brand","embeddable":true,"href":"https:\/\/vapingnet.de\/it\/wp-json\/wp\/v2\/etheme_brands?post=5225"},{"taxonomy":"product_brand","embeddable":true,"href":"https:\/\/vapingnet.de\/it\/wp-json\/wp\/v2\/product_brand?post=5225"},{"taxonomy":"product_cat","embeddable":true,"href":"https:\/\/vapingnet.de\/it\/wp-json\/wp\/v2\/product_cat?post=5225"},{"taxonomy":"product_tag","embeddable":true,"href":"https:\/\/vapingnet.de\/it\/wp-json\/wp\/v2\/product_tag?post=5225"}],"curies":[{"name":"wp","href":"https:\/\/api.w.org\/{rel}","templated":true}]}}