{"id":5228,"date":"2025-03-13T06:10:14","date_gmt":"2025-03-13T06:10:14","guid":{"rendered":"https:\/\/vapingnet.de\/?post_type=product&#038;p=5228"},"modified":"2025-06-19T03:41:27","modified_gmt":"2025-06-19T03:41:27","slug":"langer-dampfgenuss-mit-watermelon-ice-bang15000-puffs","status":"publish","type":"product","link":"https:\/\/vapingnet.de\/it\/vape\/langer-dampfgenuss-mit-watermelon-ice-bang15000-puffs\/","title":{"rendered":"Lunga durata di svapo con Watermelon Ice Bang15000 Puff"},"content":{"rendered":"<h2 data-start=\"0\" data-end=\"108\">Bang15000 Puff Ricaricabile Disposable E-Cigarette \u2013 Watermelon Ice, 15000 tiri di puro piacere<\/h2>\n<p data-start=\"115\" data-end=\"573\">La <a href=\"https:\/\/vapingnet.de\/it\/bang-15000-puffs\/\" target=\"_blank\" rel=\"noopener\"><strong>Bang15000 Puffs Pod ricaricabile usa e getta<\/strong><\/a> \u00e8 una sigaretta elettronica usa e getta ricaricabile innovativa, che offre fino a 15000 tiri. Combina la tecnologia avanzata Dul Mesh coil, una batteria ricaricabile da 650mAh e una capacit\u00e0 di liquido elettronico di 23mL, per garantire un'esperienza di svapo senza paragoni. Con il gusto rinfrescante di anguria ghiacciata, ogni tiro diventa un'esperienza rinfrescante e piacevole.<\/p>\n<h3 data-start=\"580\" data-end=\"599\">Caratteristiche del prodotto<\/h3>\n<ul data-start=\"601\" data-end=\"2439\">\n<li data-start=\"601\" data-end=\"869\">\n<p data-start=\"603\" data-end=\"869\">15000 tiri per un'esperienza duratura<br data-start=\"651\" data-end=\"654\" \/>Ogni sigaretta elettronica Bang15000 offre fino a 15000 tiri, rendendola la scelta perfetta per un uso a lungo termine. Niente sostituzioni frequenti del dispositivo, ma semplice piacere duraturo ad ogni inalazione.<\/p>\n<\/li>\n<li data-start=\"871\" data-end=\"1126\">\n<p data-start=\"873\" data-end=\"1126\">Batteria ricaricabile con connettore Type-C<br data-start=\"923\" data-end=\"926\" \/>Dotata di una batteria ricaricabile da 650mAh e di una connessione Type-C rapida, la Bang15000 garantisce una ricarica veloce e semplice, cos\u00ec non rimarrai mai senza piacere di svapare.<\/p>\n<\/li>\n<li data-start=\"1128\" data-end=\"1354\">\n<p data-start=\"1130\" data-end=\"1354\">Tecnologia Dul Mesh 1.1\u03a9<br data-start=\"1165\" data-end=\"1168\" \/>Con l'avanzata coil Dul Mesh (1.1\u03a9), la Bang15000 produce vapore uniforme e pieno, offrendo un'esperienza di gusto intensa e costante ad ogni tiro.<\/p>\n<\/li>\n<li data-start=\"1356\" data-end=\"1607\">\n<p data-start=\"1358\" data-end=\"1607\">Grande capacit\u00e0 di liquido (23mL)<br data-start=\"1391\" data-end=\"1394\" \/>Ogni sigaretta elettronica contiene 23mL di liquido, cos\u00ec non dovrai preoccuparti di ricaricare continuamente. Questa alta capacit\u00e0 garantisce un piacere di svapo prolungato e un uso confortevole senza interruzioni.<\/p>\n<\/li>\n<li data-start=\"1609\" data-end=\"1879\">\n<p data-start=\"1611\" data-end=\"1879\">Anguria Ghiaccio<br data-start=\"1639\" data-end=\"1642\" \/>Il gusto Watermelon Ice unisce la dolcezza dell'anguria a una nota rinfrescante e fresca. Ogni tiro ti porta la sensazione di una fresca gita estiva \u2013 rinfrescante e deliziosa allo stesso tempo.<\/p>\n<\/li>\n<li data-start=\"1881\" data-end=\"2149\">\n<p data-start=\"1883\" data-end=\"2149\">Diversi livelli di nicotina<br data-start=\"1914\" data-end=\"1917\" \/>La Bang15000 \u00e8 disponibile nelle concentrazioni di nicotina 0%, 2%, 3% e 5%, cos\u00ec puoi personalizzare il contenuto di nicotina secondo le tue preferenze. Si prega di notare che 0% e 3% nicotina sono disponibili solo per ordini all'ingrosso.<\/p>\n<\/li>\n<li data-start=\"2151\" data-end=\"2439\">\n<p data-start=\"2153\" data-end=\"2439\">Acquisto senza dazi e comodo<br data-start=\"2186\" data-end=\"2189\" \/>L'acquisto della sigaretta elettronica Bang15000 \u00e8 <a href=\"https:\/\/vapingnet.de\/it\/k\/f\/\" target=\"_blank\" rel=\"noopener\"><strong>completamente senza dazi<\/strong><\/a>, cos\u00ec puoi goderti un'esperienza di acquisto senza stress. Che sia per uso personale o per il commercio all'ingrosso \u2013 questa sigaretta elettronica offre un ottimo rapporto qualit\u00e0-prezzo.<\/p>\n<\/li>\n<\/ul>\n<h4 data-start=\"2446\" data-end=\"2461\"><img fetchpriority=\"high\" decoding=\"async\" class=\"size-full wp-image-6909 aligncenter\" src=\"https:\/\/vapingnet.de\/wp-content\/uploads\/2025\/03\/VAPE-1.jpg\" alt=\"\" width=\"1296\" height=\"1080\" srcset=\"https:\/\/vapingnet.de\/wp-content\/uploads\/2025\/03\/VAPE-1.jpg 1296w, https:\/\/vapingnet.de\/wp-content\/uploads\/2025\/03\/VAPE-1-300x250.jpg 300w, https:\/\/vapingnet.de\/wp-content\/uploads\/2025\/03\/VAPE-1-1024x853.jpg 1024w, https:\/\/vapingnet.de\/wp-content\/uploads\/2025\/03\/VAPE-1-768x640.jpg 768w, https:\/\/vapingnet.de\/wp-content\/uploads\/2025\/03\/VAPE-1-600x500.jpg 600w, https:\/\/vapingnet.de\/wp-content\/uploads\/2025\/03\/VAPE-1-1x1.jpg 1w, https:\/\/vapingnet.de\/wp-content\/uploads\/2025\/03\/VAPE-1-10x8.jpg 10w\" sizes=\"(max-width: 1296px) 100vw, 1296px\" \/><\/h4>\n<h4 data-start=\"2446\" data-end=\"2461\">Target di riferimento<\/h4>\n<ul data-start=\"2463\" data-end=\"2917\">\n<li data-start=\"2463\" data-end=\"2697\">Per uso personale: Se sei un appassionato di sigarette elettroniche, la Bang15000 \u00e8 la scelta perfetta per te. Offre un uso duraturo, un gusto eccellente e una funzione di ricarica facile da usare.<\/li>\n<li data-start=\"2698\" data-end=\"2917\">Per grossisti: La Bang15000 \u00e8 anche ideale per il commercio all'ingrosso. Con la sua alta capacit\u00e0, il prezzo competitivo e l'assenza di dazi, \u00e8 la scelta perfetta per ordini all'ingrosso.<\/li>\n<\/ul>\n<h4 data-start=\"2924\" data-end=\"3220\">Come puoi acquistarla<\/h4>\n<p data-start=\"2924\" data-end=\"3220\">Visita ora il nostro sito web <a href=\"https:\/\/vapingnet.de\/it\/\" target=\"_new\" rel=\"noopener\" data-start=\"2983\" data-end=\"3019\">vapingnet.de<\/a>, scegli il tuo gusto preferito e il livello di nicotina e goditi 15000 tiri di puro piacere vaporizzato. Che sia per uso personale o per ordini all'ingrosso \u2013 la Bang15000 \u00e8 la scelta perfetta!<\/p>\n<p data-start=\"3222\" data-end=\"3335\" data-is-last-node=\"\" data-is-only-node=\"\">Vivi il gusto rinfrescante di anguria ghiacciata e immergiti nella nuova era del vaping!<\/p>","protected":false},"excerpt":{"rendered":"<p>Bang15000 Puffs Wiederaufladbare Einweg-E-Zigarette \u2013 Watermelon Ice, 15000 Z\u00fcge voller Genuss Die Bang15000 Puffs Rechargeable Disposable Pod ist eine innovative, wiederaufladbare Einweg-E-Zigarette, die bis zu&#8230;<\/p>","protected":false},"featured_media":5230,"template":"","meta":[],"etheme_brands":[],"product_brand":[101],"product_cat":[53,49,61],"product_tag":[],"class_list":{"0":"post-5228","1":"product","2":"type-product","3":"status-publish","4":"has-post-thumbnail","6":"product_brand-bang-king-vape","7":"product_cat-vape-15000-zuege","8":"product_cat-einweg-e-zigarette","9":"product_cat-f","11":"first","12":"instock","13":"shipping-taxable","14":"purchasable","15":"product-type-simple"},"yoast_head":"<!-- This site is optimized with the Yoast SEO plugin v26.5 - https:\/\/yoast.com\/wordpress\/plugins\/seo\/ -->\n<title>Langer Dampfgenuss mit Watermelon Ice Bang15000 Puffs | Vapingnet.de<\/title>\n<meta name=\"description\" content=\"Entdecke Langer Dampfgenuss mit Watermelon Ice Bang15000 Puffs bei vapingnet.de, \u25ba Gro\u00dfe Auswahl an Geschmacksrichtungen &amp; super g\u00fcnstig!\" \/>\n<meta name=\"robots\" content=\"index, follow, max-snippet:-1, max-image-preview:large, max-video-preview:-1\" \/>\n<link rel=\"canonical\" href=\"https:\/\/vapingnet.de\/it\/vape\/langer-dampfgenuss-mit-watermelon-ice-bang15000-puffs\/\" \/>\n<meta property=\"og:locale\" content=\"it_IT\" \/>\n<meta property=\"og:type\" content=\"article\" \/>\n<meta property=\"og:title\" content=\"Langer Dampfgenuss mit Watermelon Ice Bang15000 Puffs | Vapingnet.de\" \/>\n<meta property=\"og:description\" content=\"Entdecke Langer Dampfgenuss mit Watermelon Ice Bang15000 Puffs bei vapingnet.de, \u25ba Gro\u00dfe Auswahl an Geschmacksrichtungen &amp; super g\u00fcnstig!\" \/>\n<meta property=\"og:url\" content=\"https:\/\/vapingnet.de\/it\/vape\/langer-dampfgenuss-mit-watermelon-ice-bang15000-puffs\/\" \/>\n<meta property=\"og:site_name\" content=\"Vapingnet.de\" \/>\n<meta property=\"article:publisher\" content=\"https:\/\/www.facebook.com\/vapingnetde\/\" \/>\n<meta property=\"article:modified_time\" content=\"2025-06-19T03:41:27+00:00\" \/>\n<meta property=\"og:image\" content=\"https:\/\/vapingnet.de\/wp-content\/uploads\/2025\/03\/Watermelon-Ice.png\" \/>\n\t<meta property=\"og:image:width\" content=\"900\" \/>\n\t<meta property=\"og:image:height\" content=\"600\" \/>\n\t<meta property=\"og:image:type\" content=\"image\/png\" \/>\n<meta name=\"twitter:card\" content=\"summary_large_image\" \/>\n<meta name=\"twitter:label1\" content=\"Est. reading time\" \/>\n\t<meta name=\"twitter:data1\" content=\"3 minutes\" \/>\n<script type=\"application\/ld+json\" class=\"yoast-schema-graph\">{\"@context\":\"https:\/\/schema.org\",\"@graph\":[{\"@type\":\"WebPage\",\"@id\":\"https:\/\/vapingnet.de\/vape\/langer-dampfgenuss-mit-watermelon-ice-bang15000-puffs\/\",\"url\":\"https:\/\/vapingnet.de\/vape\/langer-dampfgenuss-mit-watermelon-ice-bang15000-puffs\/\",\"name\":\"Langer Dampfgenuss mit Watermelon Ice Bang15000 Puffs | Vapingnet.de\",\"isPartOf\":{\"@id\":\"https:\/\/vapingnet.de\/#website\"},\"primaryImageOfPage\":{\"@id\":\"https:\/\/vapingnet.de\/vape\/langer-dampfgenuss-mit-watermelon-ice-bang15000-puffs\/#primaryimage\"},\"image\":{\"@id\":\"https:\/\/vapingnet.de\/vape\/langer-dampfgenuss-mit-watermelon-ice-bang15000-puffs\/#primaryimage\"},\"thumbnailUrl\":\"https:\/\/vapingnet.de\/wp-content\/uploads\/2025\/03\/Watermelon-Ice.png\",\"datePublished\":\"2025-03-13T06:10:14+00:00\",\"dateModified\":\"2025-06-19T03:41:27+00:00\",\"description\":\"Entdecke Langer Dampfgenuss mit Watermelon Ice Bang15000 Puffs bei vapingnet.de, \u25ba Gro\u00dfe Auswahl an Geschmacksrichtungen & super g\u00fcnstig!\",\"breadcrumb\":{\"@id\":\"https:\/\/vapingnet.de\/vape\/langer-dampfgenuss-mit-watermelon-ice-bang15000-puffs\/#breadcrumb\"},\"inLanguage\":\"it-IT\",\"potentialAction\":[{\"@type\":\"ReadAction\",\"target\":[\"https:\/\/vapingnet.de\/vape\/langer-dampfgenuss-mit-watermelon-ice-bang15000-puffs\/\"]}]},{\"@type\":\"ImageObject\",\"inLanguage\":\"it-IT\",\"@id\":\"https:\/\/vapingnet.de\/vape\/langer-dampfgenuss-mit-watermelon-ice-bang15000-puffs\/#primaryimage\",\"url\":\"https:\/\/vapingnet.de\/wp-content\/uploads\/2025\/03\/Watermelon-Ice.png\",\"contentUrl\":\"https:\/\/vapingnet.de\/wp-content\/uploads\/2025\/03\/Watermelon-Ice.png\",\"width\":900,\"height\":600,\"caption\":\"Watermelon Ice\"},{\"@type\":\"BreadcrumbList\",\"@id\":\"https:\/\/vapingnet.de\/vape\/langer-dampfgenuss-mit-watermelon-ice-bang15000-puffs\/#breadcrumb\",\"itemListElement\":[{\"@type\":\"ListItem\",\"position\":1,\"name\":\"Home\",\"item\":\"https:\/\/vapingnet.de\/\"},{\"@type\":\"ListItem\",\"position\":2,\"name\":\"Shop\",\"item\":\"https:\/\/vapingnet.de\/vape\/\"},{\"@type\":\"ListItem\",\"position\":3,\"name\":\"Langer Dampfgenuss mit Watermelon Ice Bang15000 Puffs\"}]},{\"@type\":\"WebSite\",\"@id\":\"https:\/\/vapingnet.de\/#website\",\"url\":\"https:\/\/vapingnet.de\/\",\"name\":\"Vapingnet.de\",\"description\":\"\",\"publisher\":{\"@id\":\"https:\/\/vapingnet.de\/#organization\"},\"potentialAction\":[{\"@type\":\"SearchAction\",\"target\":{\"@type\":\"EntryPoint\",\"urlTemplate\":\"https:\/\/vapingnet.de\/?s={search_term_string}\"},\"query-input\":{\"@type\":\"PropertyValueSpecification\",\"valueRequired\":true,\"valueName\":\"search_term_string\"}}],\"inLanguage\":\"it-IT\"},{\"@type\":\"Organization\",\"@id\":\"https:\/\/vapingnet.de\/#organization\",\"name\":\"Vapingnet.de\",\"url\":\"https:\/\/vapingnet.de\/\",\"logo\":{\"@type\":\"ImageObject\",\"inLanguage\":\"it-IT\",\"@id\":\"https:\/\/vapingnet.de\/#\/schema\/logo\/image\/\",\"url\":\"https:\/\/vapingnet.de\/wp-content\/uploads\/2025\/03\/cropped-vapingnet.de_.jpg\",\"contentUrl\":\"https:\/\/vapingnet.de\/wp-content\/uploads\/2025\/03\/cropped-vapingnet.de_.jpg\",\"width\":512,\"height\":512,\"caption\":\"Vapingnet.de\"},\"image\":{\"@id\":\"https:\/\/vapingnet.de\/#\/schema\/logo\/image\/\"},\"sameAs\":[\"https:\/\/www.facebook.com\/vapingnetde\/\"]}]}<\/script>\n<!-- \/ Yoast SEO plugin. -->","yoast_head_json":{"title":"Langer Dampfgenuss mit Watermelon Ice Bang15000 Puffs | Vapingnet.de","description":"Entdecke Langer Dampfgenuss mit Watermelon Ice Bang15000 Puffs bei vapingnet.de, \u25ba Gro\u00dfe Auswahl an Geschmacksrichtungen & super g\u00fcnstig!","robots":{"index":"index","follow":"follow","max-snippet":"max-snippet:-1","max-image-preview":"max-image-preview:large","max-video-preview":"max-video-preview:-1"},"canonical":"https:\/\/vapingnet.de\/it\/vape\/langer-dampfgenuss-mit-watermelon-ice-bang15000-puffs\/","og_locale":"it_IT","og_type":"article","og_title":"Langer Dampfgenuss mit Watermelon Ice Bang15000 Puffs | Vapingnet.de","og_description":"Entdecke Langer Dampfgenuss mit Watermelon Ice Bang15000 Puffs bei vapingnet.de, \u25ba Gro\u00dfe Auswahl an Geschmacksrichtungen & super g\u00fcnstig!","og_url":"https:\/\/vapingnet.de\/it\/vape\/langer-dampfgenuss-mit-watermelon-ice-bang15000-puffs\/","og_site_name":"Vapingnet.de","article_publisher":"https:\/\/www.facebook.com\/vapingnetde\/","article_modified_time":"2025-06-19T03:41:27+00:00","og_image":[{"width":900,"height":600,"url":"https:\/\/vapingnet.de\/wp-content\/uploads\/2025\/03\/Watermelon-Ice.png","type":"image\/png"}],"twitter_card":"summary_large_image","twitter_misc":{"Est. reading time":"3 minutes"},"schema":{"@context":"https:\/\/schema.org","@graph":[{"@type":"WebPage","@id":"https:\/\/vapingnet.de\/vape\/langer-dampfgenuss-mit-watermelon-ice-bang15000-puffs\/","url":"https:\/\/vapingnet.de\/vape\/langer-dampfgenuss-mit-watermelon-ice-bang15000-puffs\/","name":"Langer Dampfgenuss mit Watermelon Ice Bang15000 Puffs | Vapingnet.de","isPartOf":{"@id":"https:\/\/vapingnet.de\/#website"},"primaryImageOfPage":{"@id":"https:\/\/vapingnet.de\/vape\/langer-dampfgenuss-mit-watermelon-ice-bang15000-puffs\/#primaryimage"},"image":{"@id":"https:\/\/vapingnet.de\/vape\/langer-dampfgenuss-mit-watermelon-ice-bang15000-puffs\/#primaryimage"},"thumbnailUrl":"https:\/\/vapingnet.de\/wp-content\/uploads\/2025\/03\/Watermelon-Ice.png","datePublished":"2025-03-13T06:10:14+00:00","dateModified":"2025-06-19T03:41:27+00:00","description":"Entdecke Langer Dampfgenuss mit Watermelon Ice Bang15000 Puffs bei vapingnet.de, \u25ba Gro\u00dfe Auswahl an Geschmacksrichtungen & super g\u00fcnstig!","breadcrumb":{"@id":"https:\/\/vapingnet.de\/vape\/langer-dampfgenuss-mit-watermelon-ice-bang15000-puffs\/#breadcrumb"},"inLanguage":"it-IT","potentialAction":[{"@type":"ReadAction","target":["https:\/\/vapingnet.de\/vape\/langer-dampfgenuss-mit-watermelon-ice-bang15000-puffs\/"]}]},{"@type":"ImageObject","inLanguage":"it-IT","@id":"https:\/\/vapingnet.de\/vape\/langer-dampfgenuss-mit-watermelon-ice-bang15000-puffs\/#primaryimage","url":"https:\/\/vapingnet.de\/wp-content\/uploads\/2025\/03\/Watermelon-Ice.png","contentUrl":"https:\/\/vapingnet.de\/wp-content\/uploads\/2025\/03\/Watermelon-Ice.png","width":900,"height":600,"caption":"Watermelon Ice"},{"@type":"BreadcrumbList","@id":"https:\/\/vapingnet.de\/vape\/langer-dampfgenuss-mit-watermelon-ice-bang15000-puffs\/#breadcrumb","itemListElement":[{"@type":"ListItem","position":1,"name":"Home","item":"https:\/\/vapingnet.de\/"},{"@type":"ListItem","position":2,"name":"Shop","item":"https:\/\/vapingnet.de\/vape\/"},{"@type":"ListItem","position":3,"name":"Langer Dampfgenuss mit Watermelon Ice Bang15000 Puffs"}]},{"@type":"WebSite","@id":"https:\/\/vapingnet.de\/#website","url":"https:\/\/vapingnet.de\/","name":"Vapingnet.de","description":"","publisher":{"@id":"https:\/\/vapingnet.de\/#organization"},"potentialAction":[{"@type":"SearchAction","target":{"@type":"EntryPoint","urlTemplate":"https:\/\/vapingnet.de\/?s={search_term_string}"},"query-input":{"@type":"PropertyValueSpecification","valueRequired":true,"valueName":"search_term_string"}}],"inLanguage":"it-IT"},{"@type":"Organization","@id":"https:\/\/vapingnet.de\/#organization","name":"Vapingnet.de","url":"https:\/\/vapingnet.de\/","logo":{"@type":"ImageObject","inLanguage":"it-IT","@id":"https:\/\/vapingnet.de\/#\/schema\/logo\/image\/","url":"https:\/\/vapingnet.de\/wp-content\/uploads\/2025\/03\/cropped-vapingnet.de_.jpg","contentUrl":"https:\/\/vapingnet.de\/wp-content\/uploads\/2025\/03\/cropped-vapingnet.de_.jpg","width":512,"height":512,"caption":"Vapingnet.de"},"image":{"@id":"https:\/\/vapingnet.de\/#\/schema\/logo\/image\/"},"sameAs":["https:\/\/www.facebook.com\/vapingnetde\/"]}]}},"tiered_pricing_type":"fixed","tiered_pricing_fixed_rules":{"10":"7.31","60":"6.58","110":"5.85","200":"5.12"},"tiered_pricing_product_settings":{"layout":"default","base_unit_name":{"singular":null,"plural":null},"default_variation":null},"tiered_pricing_minimum_quantity":null,"tiered_pricing_roles_data":[],"tiered_pricing_percentage_rules":[],"_links":{"self":[{"href":"https:\/\/vapingnet.de\/it\/wp-json\/wp\/v2\/product\/5228","targetHints":{"allow":["GET"]}}],"collection":[{"href":"https:\/\/vapingnet.de\/it\/wp-json\/wp\/v2\/product"}],"about":[{"href":"https:\/\/vapingnet.de\/it\/wp-json\/wp\/v2\/types\/product"}],"version-history":[{"count":2,"href":"https:\/\/vapingnet.de\/it\/wp-json\/wp\/v2\/product\/5228\/revisions"}],"predecessor-version":[{"id":6910,"href":"https:\/\/vapingnet.de\/it\/wp-json\/wp\/v2\/product\/5228\/revisions\/6910"}],"wp:featuredmedia":[{"embeddable":true,"href":"https:\/\/vapingnet.de\/it\/wp-json\/wp\/v2\/media\/5230"}],"wp:attachment":[{"href":"https:\/\/vapingnet.de\/it\/wp-json\/wp\/v2\/media?parent=5228"}],"wp:term":[{"taxonomy":"brand","embeddable":true,"href":"https:\/\/vapingnet.de\/it\/wp-json\/wp\/v2\/etheme_brands?post=5228"},{"taxonomy":"product_brand","embeddable":true,"href":"https:\/\/vapingnet.de\/it\/wp-json\/wp\/v2\/product_brand?post=5228"},{"taxonomy":"product_cat","embeddable":true,"href":"https:\/\/vapingnet.de\/it\/wp-json\/wp\/v2\/product_cat?post=5228"},{"taxonomy":"product_tag","embeddable":true,"href":"https:\/\/vapingnet.de\/it\/wp-json\/wp\/v2\/product_tag?post=5228"}],"curies":[{"name":"wp","href":"https:\/\/api.w.org\/{rel}","templated":true}]}}