{"id":5267,"date":"2025-12-13T09:04:10","date_gmt":"2025-12-13T09:04:10","guid":{"rendered":"https:\/\/vapingnet.de\/?post_type=product&#038;p=5267"},"modified":"2026-01-28T08:36:47","modified_gmt":"2026-01-28T08:36:47","slug":"bang-30000-puffs-strawberry-watermelon-und-kiwi-passion-fruit-guava-intensiver-fruchtmix","status":"publish","type":"product","link":"https:\/\/vapingnet.de\/it\/vape\/bang-30000-puffs-strawberry-watermelon-und-kiwi-passion-fruit-guava-intensiver-fruchtmix\/","title":{"rendered":"Bang 30000 puff Fragola Anguria e Kiwi Frutto della Passione Guava mix di frutta pi\u00f9 intenso"},"content":{"rendered":"<h2 data-start=\"0\" data-end=\"89\">Bang King 30000 Puff Dual Flavor Dispositivo usa e getta \u2013 La tua esperienza di vaping definitiva<\/h2>\n<p data-start=\"91\" data-end=\"358\">Sei stanco di cambiare continuamente sigarette elettroniche? Desideri un'esperienza di svapo pi\u00f9 duratura e intensa? Il Bang King 30000 Puff Dual Flavor Dispositivo usa e getta \u00e8 la soluzione perfetta per tutte le tue esigenze e ti offre la massima sensazione di svapo!<\/p>\n<p data-start=\"360\" data-end=\"749\">Questo innovativo vape usa e getta non solo offre una durata estremamente lunga (fino a 30.000 tiri), ma anche una doppia scelta di gusti, permettendoti di gustare ogni volta un sapore nuovo ed emozionante. Che tu sia un principiante o un svapatore esperto, il <a href=\"https:\/\/vapingnet.de\/fr\/Brands\/bang-king-vape\/\" target=\"_blank\" rel=\"noopener\"><strong>Bang King<\/strong><\/a> porter\u00e0 il tuo gusto, il vapore e la durata della batteria a un livello completamente nuovo.<\/p>\n<h4 data-start=\"756\" data-end=\"779\">Caratteristiche del prodotto:<\/h4>\n<h5 data-start=\"781\" data-end=\"839\">Doppia scelta di gusti \u2013 Cambia a piacere<\/h5>\n<ul data-start=\"840\" data-end=\"1233\">\n<li data-start=\"840\" data-end=\"1058\">Fragola Anguria: Il dolce sapore di fragole e l'aroma rinfrescante dell'anguria si uniscono per un'esperienza estiva perfetta. Ogni tiro \u00e8 come un morso fresco dell'anguria pi\u00f9 succosa.<\/li>\n<li data-start=\"1059\" data-end=\"1233\">Kiwi Frutto della Passione Guava: Una miscela esotica di kiwi acidulo, frutto della passione dolce e guava tropicale \u2013 un sapore che seduce il palato ad ogni tiro.<\/li>\n<\/ul>\n<h5 data-start=\"1235\" data-end=\"1288\">Durata estremamente lunga \u2013 Svapo senza fine<\/h5>\n<p data-start=\"1289\" data-end=\"1471\">Con una durata di 30.000 tiri, questo vape usa e getta supera tutti i dispositivi comuni. Non devi cambiarlo continuamente, puoi godertelo a lungo e senza interruzioni.<\/p>\n<h5 data-start=\"1473\" data-end=\"1509\">Mesh-Coil innovativo (1.0\u03a9)<\/h5>\n<p data-start=\"1510\" data-end=\"1697\">Il Mesh-Coil da 1.0\u03a9 garantisce una vaporizzazione uniforme del liquido, portando a vapori ricchi e un sapore intenso. Cos\u00ec ogni tiro sar\u00e0 ancora pi\u00f9 piacevole.<\/p>\n<h5 data-start=\"1699\" data-end=\"1755\">Flusso d'aria regolabile \u2013 Perfetto per ogni svapatore<\/h5>\n<p data-start=\"1756\" data-end=\"1979\">Regola facilmente le impostazioni del flusso d'aria per controllare la resistenza al tiro. Che preferisca un tiro morbido o un vapore pi\u00f9 potente, qui puoi trovare il tuo stile desiderato.<\/p>\n<h5 data-start=\"1981\" data-end=\"2041\">Batteria ricaricabile da 550mAh + ricarica rapida Type-C<\/h5>\n<p data-start=\"2042\" data-end=\"2212\">Con una batteria potente e una porta di ricarica Type-C, \u00e8 facile ricaricare il Bang King in pochissimo tempo, cos\u00ec non rimarrai mai senza vapore.<\/p>\n<h5 data-start=\"2214\" data-end=\"2240\">Display digitale a LED<\/h5>\n<p data-start=\"2241\" data-end=\"2434\">Il dispositivo \u00e8 dotato di un display digitale a LED che mostra sempre lo stato di carica attuale e il gusto selezionato. Cos\u00ec hai sempre il controllo completo.<\/p>\n<h5 data-start=\"2436\" data-end=\"2464\">E-Liquid da 36ml<\/h5>\n<p data-start=\"2465\" data-end=\"2684\">Con 36ml di liquido in ogni vape, puoi goderti a lungo senza dover ricaricare. Scegli tra diverse opzioni di contenuto di nicotina: 0%, 2%, 3%, 5%. (Per nicotina 0% e 3% \u00e8 necessaria un'ordine all'ingrosso.)<\/p>\n<h5 data-start=\"2686\" data-end=\"2729\">Nessuna tassa doganale \u2013 Acquisto semplice<\/h5>\n<p data-start=\"2730\" data-end=\"2867\">Acquista questa sigaretta elettronica senza preoccuparti di tasse doganali aggiuntive, nessuna tassa doganale! In questo modo il tuo acquisto sar\u00e0 senza stress e comodo.<\/p>\n<h3 data-start=\"2874\" data-end=\"2932\">Perch\u00e9 scegliere il Bang King 30000 Puffs?<\/h3>\n<ul data-start=\"2933\" data-end=\"3495\">\n<li data-start=\"2933\" data-end=\"3007\">Lunga durata: <a href=\"https:\/\/vapingnet.de\/it\/k\/vape-30000-zuege\/\" target=\"_blank\" rel=\"noopener\"><strong>30.000 puff<\/strong> <\/a>- niente pi\u00f9 cambi frequenti di dispositivi.<\/li>\n<li data-start=\"3008\" data-end=\"3113\">Doppie opzioni di gusto: passa a piacere tra due fantastici gusti.<\/li>\n<li data-start=\"3114\" data-end=\"3250\">Facile da usare: batteria ricaricabile, presa di ricarica rapida e display digitale per un'esperienza di svapo intelligente.<\/li>\n<li data-start=\"3251\" data-end=\"3338\">Flusso d'aria regolabile individualmente: imposta la resistenza secondo le tue preferenze.<\/li>\n<li data-start=\"3339\" data-end=\"3414\">Grande capacit\u00e0 di liquido elettronico: 36 ml di liquido per svapare a lungo.<\/li>\n<li data-start=\"3415\" data-end=\"3495\">Nessuna tassa doganale: acquista senza preoccupazioni e ricevi il tuo ordine direttamente.<\/li>\n<\/ul>\n<h4 data-start=\"3502\" data-end=\"3555\">Vivi subito l'esperienza di svapo definitiva!<\/h4>\n<p data-start=\"3556\" data-end=\"3840\" data-is-last-node=\"\" data-is-only-node=\"\">Visita vapingnet.de, scegli il tuo gusto preferito e inizia il tuo nuovo viaggio di svapo!<br data-start=\"3673\" data-end=\"3676\" \/>Bang King 30000 Puffs Dual Flavor Dispositivo usa e getta \u2013 per un'esperienza di gusto intensa e svapo duraturo, il vape che non puoi perdere!<\/p>","protected":false},"excerpt":{"rendered":"<p>Bang King 30000 Puffs Dual Flavor Dispositivo usa e getta \u2013 La tua esperienza di svapo definitiva Sei stanco di cambiare continuamente sigarette elettroniche? Desideri qualcosa di pi\u00f9 durevole...<\/p>","protected":false},"featured_media":5268,"template":"","meta":[],"etheme_brands":[],"product_brand":[101],"product_cat":[56,49,61],"product_tag":[],"class_list":{"0":"post-5267","1":"product","2":"type-product","3":"status-publish","4":"has-post-thumbnail","6":"product_brand-bang-king-vape","7":"product_cat-vape-30000-zuege","8":"product_cat-einweg-e-zigarette","9":"product_cat-f","11":"first","12":"instock","13":"shipping-taxable","14":"purchasable","15":"product-type-simple"},"yoast_head":"<!-- This site is optimized with the Yoast SEO plugin v26.5 - https:\/\/yoast.com\/wordpress\/plugins\/seo\/ -->\n<title>Bang 30000 Puffs Strawberry Watermelon und Kiwi Passion Fruit Guava intensiver Fruchtmix | Vapingnet.de<\/title>\n<meta name=\"description\" content=\"Entdecke Bang 30000 Puffs Strawberry Watermelon und Kiwi Passion Fruit Guava intensiver Fruchtmix bei vapingnet.de, \u25ba Gro\u00dfe Auswahl an Geschmacksrichtungen &amp; super g\u00fcnstig!\" \/>\n<meta name=\"robots\" content=\"index, follow, max-snippet:-1, max-image-preview:large, max-video-preview:-1\" \/>\n<link rel=\"canonical\" href=\"https:\/\/vapingnet.de\/it\/vape\/bang-30000-puffs-strawberry-watermelon-und-kiwi-passion-fruit-guava-intensiver-fruchtmix\/\" \/>\n<meta property=\"og:locale\" content=\"it_IT\" \/>\n<meta property=\"og:type\" content=\"article\" \/>\n<meta property=\"og:title\" content=\"Bang 30000 Puffs Strawberry Watermelon und Kiwi Passion Fruit Guava intensiver Fruchtmix | Vapingnet.de\" \/>\n<meta property=\"og:description\" content=\"Entdecke Bang 30000 Puffs Strawberry Watermelon und Kiwi Passion Fruit Guava intensiver Fruchtmix bei vapingnet.de, \u25ba Gro\u00dfe Auswahl an Geschmacksrichtungen &amp; super g\u00fcnstig!\" \/>\n<meta property=\"og:url\" content=\"https:\/\/vapingnet.de\/it\/vape\/bang-30000-puffs-strawberry-watermelon-und-kiwi-passion-fruit-guava-intensiver-fruchtmix\/\" \/>\n<meta property=\"og:site_name\" content=\"Vapingnet.de\" \/>\n<meta property=\"article:publisher\" content=\"https:\/\/www.facebook.com\/vapingnetde\/\" \/>\n<meta property=\"article:modified_time\" content=\"2026-01-28T08:36:47+00:00\" \/>\n<meta property=\"og:image\" content=\"https:\/\/vapingnet.de\/wp-content\/uploads\/2025\/03\/Strawberry-Watermelon-und-Kiwi-Passion-Fruit-Guava.png\" \/>\n\t<meta property=\"og:image:width\" content=\"900\" \/>\n\t<meta property=\"og:image:height\" content=\"600\" \/>\n\t<meta property=\"og:image:type\" content=\"image\/png\" \/>\n<meta name=\"twitter:card\" content=\"summary_large_image\" \/>\n<meta name=\"twitter:label1\" content=\"Est. reading time\" \/>\n\t<meta name=\"twitter:data1\" content=\"3 minutes\" \/>\n<script type=\"application\/ld+json\" class=\"yoast-schema-graph\">{\"@context\":\"https:\/\/schema.org\",\"@graph\":[{\"@type\":\"WebPage\",\"@id\":\"https:\/\/vapingnet.de\/vape\/bang-30000-puffs-strawberry-watermelon-und-kiwi-passion-fruit-guava-intensiver-fruchtmix\/\",\"url\":\"https:\/\/vapingnet.de\/vape\/bang-30000-puffs-strawberry-watermelon-und-kiwi-passion-fruit-guava-intensiver-fruchtmix\/\",\"name\":\"Bang 30000 Puffs Strawberry Watermelon und Kiwi Passion Fruit Guava intensiver Fruchtmix | Vapingnet.de\",\"isPartOf\":{\"@id\":\"https:\/\/vapingnet.de\/#website\"},\"primaryImageOfPage\":{\"@id\":\"https:\/\/vapingnet.de\/vape\/bang-30000-puffs-strawberry-watermelon-und-kiwi-passion-fruit-guava-intensiver-fruchtmix\/#primaryimage\"},\"image\":{\"@id\":\"https:\/\/vapingnet.de\/vape\/bang-30000-puffs-strawberry-watermelon-und-kiwi-passion-fruit-guava-intensiver-fruchtmix\/#primaryimage\"},\"thumbnailUrl\":\"https:\/\/vapingnet.de\/wp-content\/uploads\/2025\/03\/Strawberry-Watermelon-und-Kiwi-Passion-Fruit-Guava.png\",\"datePublished\":\"2025-12-13T09:04:10+00:00\",\"dateModified\":\"2026-01-28T08:36:47+00:00\",\"description\":\"Entdecke Bang 30000 Puffs Strawberry Watermelon und Kiwi Passion Fruit Guava intensiver Fruchtmix bei vapingnet.de, \u25ba Gro\u00dfe Auswahl an Geschmacksrichtungen & super g\u00fcnstig!\",\"breadcrumb\":{\"@id\":\"https:\/\/vapingnet.de\/vape\/bang-30000-puffs-strawberry-watermelon-und-kiwi-passion-fruit-guava-intensiver-fruchtmix\/#breadcrumb\"},\"inLanguage\":\"it-IT\",\"potentialAction\":[{\"@type\":\"ReadAction\",\"target\":[\"https:\/\/vapingnet.de\/vape\/bang-30000-puffs-strawberry-watermelon-und-kiwi-passion-fruit-guava-intensiver-fruchtmix\/\"]}]},{\"@type\":\"ImageObject\",\"inLanguage\":\"it-IT\",\"@id\":\"https:\/\/vapingnet.de\/vape\/bang-30000-puffs-strawberry-watermelon-und-kiwi-passion-fruit-guava-intensiver-fruchtmix\/#primaryimage\",\"url\":\"https:\/\/vapingnet.de\/wp-content\/uploads\/2025\/03\/Strawberry-Watermelon-und-Kiwi-Passion-Fruit-Guava.png\",\"contentUrl\":\"https:\/\/vapingnet.de\/wp-content\/uploads\/2025\/03\/Strawberry-Watermelon-und-Kiwi-Passion-Fruit-Guava.png\",\"width\":900,\"height\":600,\"caption\":\"Strawberry Watermelon und Kiwi Passion Fruit Guava\"},{\"@type\":\"BreadcrumbList\",\"@id\":\"https:\/\/vapingnet.de\/vape\/bang-30000-puffs-strawberry-watermelon-und-kiwi-passion-fruit-guava-intensiver-fruchtmix\/#breadcrumb\",\"itemListElement\":[{\"@type\":\"ListItem\",\"position\":1,\"name\":\"Home\",\"item\":\"https:\/\/vapingnet.de\/\"},{\"@type\":\"ListItem\",\"position\":2,\"name\":\"Shop\",\"item\":\"https:\/\/vapingnet.de\/vape\/\"},{\"@type\":\"ListItem\",\"position\":3,\"name\":\"Bang 30000 Puffs Strawberry Watermelon und Kiwi Passion Fruit Guava intensiver Fruchtmix\"}]},{\"@type\":\"WebSite\",\"@id\":\"https:\/\/vapingnet.de\/#website\",\"url\":\"https:\/\/vapingnet.de\/\",\"name\":\"Vapingnet.de\",\"description\":\"\",\"publisher\":{\"@id\":\"https:\/\/vapingnet.de\/#organization\"},\"potentialAction\":[{\"@type\":\"SearchAction\",\"target\":{\"@type\":\"EntryPoint\",\"urlTemplate\":\"https:\/\/vapingnet.de\/?s={search_term_string}\"},\"query-input\":{\"@type\":\"PropertyValueSpecification\",\"valueRequired\":true,\"valueName\":\"search_term_string\"}}],\"inLanguage\":\"it-IT\"},{\"@type\":\"Organization\",\"@id\":\"https:\/\/vapingnet.de\/#organization\",\"name\":\"Vapingnet.de\",\"url\":\"https:\/\/vapingnet.de\/\",\"logo\":{\"@type\":\"ImageObject\",\"inLanguage\":\"it-IT\",\"@id\":\"https:\/\/vapingnet.de\/#\/schema\/logo\/image\/\",\"url\":\"https:\/\/vapingnet.de\/wp-content\/uploads\/2025\/03\/cropped-vapingnet.de_.jpg\",\"contentUrl\":\"https:\/\/vapingnet.de\/wp-content\/uploads\/2025\/03\/cropped-vapingnet.de_.jpg\",\"width\":512,\"height\":512,\"caption\":\"Vapingnet.de\"},\"image\":{\"@id\":\"https:\/\/vapingnet.de\/#\/schema\/logo\/image\/\"},\"sameAs\":[\"https:\/\/www.facebook.com\/vapingnetde\/\"]}]}<\/script>\n<!-- \/ Yoast SEO plugin. -->","yoast_head_json":{"title":"Bang 30000 Puffs Strawberry Watermelon und Kiwi Passion Fruit Guava intensiver Fruchtmix | Vapingnet.de","description":"Entdecke Bang 30000 Puffs Strawberry Watermelon und Kiwi Passion Fruit Guava intensiver Fruchtmix bei vapingnet.de, \u25ba Gro\u00dfe Auswahl an Geschmacksrichtungen & super g\u00fcnstig!","robots":{"index":"index","follow":"follow","max-snippet":"max-snippet:-1","max-image-preview":"max-image-preview:large","max-video-preview":"max-video-preview:-1"},"canonical":"https:\/\/vapingnet.de\/it\/vape\/bang-30000-puffs-strawberry-watermelon-und-kiwi-passion-fruit-guava-intensiver-fruchtmix\/","og_locale":"it_IT","og_type":"article","og_title":"Bang 30000 Puffs Strawberry Watermelon und Kiwi Passion Fruit Guava intensiver Fruchtmix | Vapingnet.de","og_description":"Entdecke Bang 30000 Puffs Strawberry Watermelon und Kiwi Passion Fruit Guava intensiver Fruchtmix bei vapingnet.de, \u25ba Gro\u00dfe Auswahl an Geschmacksrichtungen & super g\u00fcnstig!","og_url":"https:\/\/vapingnet.de\/it\/vape\/bang-30000-puffs-strawberry-watermelon-und-kiwi-passion-fruit-guava-intensiver-fruchtmix\/","og_site_name":"Vapingnet.de","article_publisher":"https:\/\/www.facebook.com\/vapingnetde\/","article_modified_time":"2026-01-28T08:36:47+00:00","og_image":[{"width":900,"height":600,"url":"https:\/\/vapingnet.de\/wp-content\/uploads\/2025\/03\/Strawberry-Watermelon-und-Kiwi-Passion-Fruit-Guava.png","type":"image\/png"}],"twitter_card":"summary_large_image","twitter_misc":{"Est. reading time":"3 minutes"},"schema":{"@context":"https:\/\/schema.org","@graph":[{"@type":"WebPage","@id":"https:\/\/vapingnet.de\/vape\/bang-30000-puffs-strawberry-watermelon-und-kiwi-passion-fruit-guava-intensiver-fruchtmix\/","url":"https:\/\/vapingnet.de\/vape\/bang-30000-puffs-strawberry-watermelon-und-kiwi-passion-fruit-guava-intensiver-fruchtmix\/","name":"Bang 30000 Puffs Strawberry Watermelon und Kiwi Passion Fruit Guava intensiver Fruchtmix | Vapingnet.de","isPartOf":{"@id":"https:\/\/vapingnet.de\/#website"},"primaryImageOfPage":{"@id":"https:\/\/vapingnet.de\/vape\/bang-30000-puffs-strawberry-watermelon-und-kiwi-passion-fruit-guava-intensiver-fruchtmix\/#primaryimage"},"image":{"@id":"https:\/\/vapingnet.de\/vape\/bang-30000-puffs-strawberry-watermelon-und-kiwi-passion-fruit-guava-intensiver-fruchtmix\/#primaryimage"},"thumbnailUrl":"https:\/\/vapingnet.de\/wp-content\/uploads\/2025\/03\/Strawberry-Watermelon-und-Kiwi-Passion-Fruit-Guava.png","datePublished":"2025-12-13T09:04:10+00:00","dateModified":"2026-01-28T08:36:47+00:00","description":"Entdecke Bang 30000 Puffs Strawberry Watermelon und Kiwi Passion Fruit Guava intensiver Fruchtmix bei vapingnet.de, \u25ba Gro\u00dfe Auswahl an Geschmacksrichtungen & super g\u00fcnstig!","breadcrumb":{"@id":"https:\/\/vapingnet.de\/vape\/bang-30000-puffs-strawberry-watermelon-und-kiwi-passion-fruit-guava-intensiver-fruchtmix\/#breadcrumb"},"inLanguage":"it-IT","potentialAction":[{"@type":"ReadAction","target":["https:\/\/vapingnet.de\/vape\/bang-30000-puffs-strawberry-watermelon-und-kiwi-passion-fruit-guava-intensiver-fruchtmix\/"]}]},{"@type":"ImageObject","inLanguage":"it-IT","@id":"https:\/\/vapingnet.de\/vape\/bang-30000-puffs-strawberry-watermelon-und-kiwi-passion-fruit-guava-intensiver-fruchtmix\/#primaryimage","url":"https:\/\/vapingnet.de\/wp-content\/uploads\/2025\/03\/Strawberry-Watermelon-und-Kiwi-Passion-Fruit-Guava.png","contentUrl":"https:\/\/vapingnet.de\/wp-content\/uploads\/2025\/03\/Strawberry-Watermelon-und-Kiwi-Passion-Fruit-Guava.png","width":900,"height":600,"caption":"Strawberry Watermelon und Kiwi Passion Fruit Guava"},{"@type":"BreadcrumbList","@id":"https:\/\/vapingnet.de\/vape\/bang-30000-puffs-strawberry-watermelon-und-kiwi-passion-fruit-guava-intensiver-fruchtmix\/#breadcrumb","itemListElement":[{"@type":"ListItem","position":1,"name":"Home","item":"https:\/\/vapingnet.de\/"},{"@type":"ListItem","position":2,"name":"Shop","item":"https:\/\/vapingnet.de\/vape\/"},{"@type":"ListItem","position":3,"name":"Bang 30000 Puffs Strawberry Watermelon und Kiwi Passion Fruit Guava intensiver Fruchtmix"}]},{"@type":"WebSite","@id":"https:\/\/vapingnet.de\/#website","url":"https:\/\/vapingnet.de\/","name":"Vapingnet.de","description":"","publisher":{"@id":"https:\/\/vapingnet.de\/#organization"},"potentialAction":[{"@type":"SearchAction","target":{"@type":"EntryPoint","urlTemplate":"https:\/\/vapingnet.de\/?s={search_term_string}"},"query-input":{"@type":"PropertyValueSpecification","valueRequired":true,"valueName":"search_term_string"}}],"inLanguage":"it-IT"},{"@type":"Organization","@id":"https:\/\/vapingnet.de\/#organization","name":"Vapingnet.de","url":"https:\/\/vapingnet.de\/","logo":{"@type":"ImageObject","inLanguage":"it-IT","@id":"https:\/\/vapingnet.de\/#\/schema\/logo\/image\/","url":"https:\/\/vapingnet.de\/wp-content\/uploads\/2025\/03\/cropped-vapingnet.de_.jpg","contentUrl":"https:\/\/vapingnet.de\/wp-content\/uploads\/2025\/03\/cropped-vapingnet.de_.jpg","width":512,"height":512,"caption":"Vapingnet.de"},"image":{"@id":"https:\/\/vapingnet.de\/#\/schema\/logo\/image\/"},"sameAs":["https:\/\/www.facebook.com\/vapingnetde\/"]}]}},"tiered_pricing_type":"fixed","tiered_pricing_fixed_rules":{"10":"9.49","60":"8.54","110":"7.59","200":"6.64"},"tiered_pricing_product_settings":{"layout":"default","base_unit_name":{"singular":null,"plural":null},"default_variation":null},"tiered_pricing_minimum_quantity":null,"tiered_pricing_roles_data":[],"tiered_pricing_percentage_rules":[],"_links":{"self":[{"href":"https:\/\/vapingnet.de\/it\/wp-json\/wp\/v2\/product\/5267","targetHints":{"allow":["GET"]}}],"collection":[{"href":"https:\/\/vapingnet.de\/it\/wp-json\/wp\/v2\/product"}],"about":[{"href":"https:\/\/vapingnet.de\/it\/wp-json\/wp\/v2\/types\/product"}],"version-history":[{"count":2,"href":"https:\/\/vapingnet.de\/it\/wp-json\/wp\/v2\/product\/5267\/revisions"}],"predecessor-version":[{"id":7307,"href":"https:\/\/vapingnet.de\/it\/wp-json\/wp\/v2\/product\/5267\/revisions\/7307"}],"wp:featuredmedia":[{"embeddable":true,"href":"https:\/\/vapingnet.de\/it\/wp-json\/wp\/v2\/media\/5268"}],"wp:attachment":[{"href":"https:\/\/vapingnet.de\/it\/wp-json\/wp\/v2\/media?parent=5267"}],"wp:term":[{"taxonomy":"brand","embeddable":true,"href":"https:\/\/vapingnet.de\/it\/wp-json\/wp\/v2\/etheme_brands?post=5267"},{"taxonomy":"product_brand","embeddable":true,"href":"https:\/\/vapingnet.de\/it\/wp-json\/wp\/v2\/product_brand?post=5267"},{"taxonomy":"product_cat","embeddable":true,"href":"https:\/\/vapingnet.de\/it\/wp-json\/wp\/v2\/product_cat?post=5267"},{"taxonomy":"product_tag","embeddable":true,"href":"https:\/\/vapingnet.de\/it\/wp-json\/wp\/v2\/product_tag?post=5267"}],"curies":[{"name":"wp","href":"https:\/\/api.w.org\/{rel}","templated":true}]}}