{"id":5273,"date":"2025-03-13T09:17:42","date_gmt":"2025-03-13T09:17:42","guid":{"rendered":"https:\/\/vapingnet.de\/?post_type=product&#038;p=5273"},"modified":"2025-06-19T03:41:22","modified_gmt":"2025-06-19T03:41:22","slug":"bang-30000-puffs-dual-flavor-blueberry-ice-und-black-dragon-ice-direktverkauf-ab-werk-und-weltweit-meistverkauft","status":"publish","type":"product","link":"https:\/\/vapingnet.de\/it\/vape\/bang-30000-puffs-dual-flavor-blueberry-ice-und-black-dragon-ice-direktverkauf-ab-werk-und-weltweit-meistverkauft\/","title":{"rendered":"Bang 30000 Puffs Dual Flavor Blueberry Ice e Black Dragon Ice Vendita diretta dalla fabbrica e tra le pi\u00f9 vendute al mondo"},"content":{"rendered":"<h2 data-start=\"0\" data-end=\"102\">Bang King 30000 Puff Dual Flavor Sigaretta Elettronica usa e getta: Esperienza di gusto definitiva, sempre pronta all'uso<\/h2>\n<p data-start=\"104\" data-end=\"466\">Scopri la nuova esperienza di svapo con la Bang King 30000 Puff Dual Flavor <a href=\"https:\/\/vapingnet.de\/it\/k\/einweg-e-zigarette\/\" target=\"_blank\" rel=\"noopener\"><strong>Sigaretta elettronica usa e getta<\/strong><\/a>. Che tu sia un principiante nel mondo delle sigarette elettroniche o un vaporizzatore esperto, questo dispositivo ti offre un'esperienza di svapo senza paragoni. Con un design unico a doppio gusto e una durata incredibilmente lunga, sar\u00e0 il tuo compagno quotidiano.<\/p>\n<h4 data-start=\"473\" data-end=\"498\">Caratteristiche del prodotto:<\/h4>\n<ul data-start=\"500\" data-end=\"2179\">\n<li data-start=\"500\" data-end=\"761\">\n<p data-start=\"502\" data-end=\"761\">Lunga durata con 30000 puff: Con una durata fino a 30000 puff, la Bang King E-Cigarette ti offre un'esperienza di svapo duratura e senza preoccupazioni. Niente pi\u00f9 sostituzioni frequenti \u2013 goditi lo svapo per periodi prolungati.<\/p>\n<\/li>\n<li data-start=\"763\" data-end=\"1030\">\n<p data-start=\"765\" data-end=\"1030\">Doppia esperienza di gusto: La combinazione unica di Blueberry Ice e Black Dragon Ice ti offre un sapore vario e intenso. Ogni tiro \u00e8 una nuova esperienza, che ti porta frutti freschi o freschezza glaciale.<\/p>\n<\/li>\n<li data-start=\"1032\" data-end=\"1231\">\n<p data-start=\"1034\" data-end=\"1231\">Resistenza Mesh di alta qualit\u00e0 (1.0\u03a9): La resistenza Mesh garantisce una vaporizzazione uniforme del liquido e permette uno svapo particolarmente morbido e regolare. Godrai ogni secondo!<\/p>\n<\/li>\n<li data-start=\"1233\" data-end=\"1417\">\n<p data-start=\"1235\" data-end=\"1417\">Funzione di regolazione dell'aria: Regola l'afflusso d'aria secondo le tue preferenze. Puoi controllare l'intensit\u00e0 dello svapo e creare la tua esperienza personalizzata.<\/p>\n<\/li>\n<li data-start=\"1419\" data-end=\"1654\">\n<p data-start=\"1421\" data-end=\"1654\">Batteria ricaricabile da 550mAh: Con una batteria da 550mAh e una porta Type-C, sei sempre pronto. Grazie alla ricarica rapida, non dovrai pi\u00f9 preoccuparti della durata della batteria e potrai goderti lo svapo in qualsiasi momento.<\/p>\n<\/li>\n<li data-start=\"1656\" data-end=\"1856\">\n<p data-start=\"1658\" data-end=\"1856\">Capacit\u00e0 di liquido di 36ml: Goditi una lunga sessione di svapo grazie alla generosa capacit\u00e0 di 36ml di liquido. Non dovrai ricaricare frequentemente e potrai goderti lo svapo per periodi pi\u00f9 lunghi.<\/p>\n<\/li>\n<li data-start=\"1858\" data-end=\"2031\">\n<p data-start=\"1860\" data-end=\"2031\">Display digitale a LED: Il display digitale a LED ti fornisce sempre informazioni sul livello di carica e sull'uso residuo, cos\u00ec da avere sempre il controllo.<\/p>\n<\/li>\n<li data-start=\"2033\" data-end=\"2179\">\n<p data-start=\"2035\" data-end=\"2179\">Nessun dazio doganale: Ordina subito direttamente da vapingnet.de e approfitta dell'assenza di dazi doganali \u2013 un processo di acquisto semplice e senza complicazioni!<\/p>\n<\/li>\n<\/ul>\n<h3 data-start=\"2186\" data-end=\"2230\">Perch\u00e9 scegliere Bang King 30000 Puff?<\/h3>\n<ol data-start=\"2232\" data-end=\"3002\">\n<li data-start=\"2232\" data-end=\"2477\">\n<p data-start=\"2235\" data-end=\"2477\">Esperienza di gusto senza paragoni: Con gli aromi unici di Blueberry Ice e Black Dragon Ice, ogni tiro diventa un'esperienza emozionante. Cambia gusto a piacere per gustare sempre nuove freschezze.<\/p>\n<\/li>\n<li data-start=\"2479\" data-end=\"2636\">\n<p data-start=\"2482\" data-end=\"2636\">Durata estremamente lunga: Con <a href=\"https:\/\/vapingnet.de\/it\/k\/vape-30000-zuege\/\" target=\"_blank\" rel=\"noopener\"><strong>30000 puff<\/strong><\/a> puoi usare la sigaretta elettronica per molto tempo senza dover cercare frequentemente un sostituto.<\/p>\n<\/li>\n<li data-start=\"2638\" data-end=\"2809\">\n<p data-start=\"2641\" data-end=\"2809\">Controllo preciso: La funzione di regolazione dell'aria e la resistenza Mesh ti offrono il controllo perfetto sulla tua esperienza di svapo \u2013 da morbido a intenso.<\/p>\n<\/li>\n<li data-start=\"2811\" data-end=\"3002\">\n<p data-start=\"2814\" data-end=\"3002\">Design e facilit\u00e0 d'uso: Compatta, facile da ricaricare e dotata di una grande capacit\u00e0 di liquido, questa sigaretta elettronica ti offre uno svapo senza sforzo in qualsiasi momento e ovunque.<\/p>\n<\/li>\n<\/ol>\n<h4>Provala ora e vivi l'esperienza di svapo definitiva<\/h4>\n<p data-start=\"3081\" data-end=\"3292\">Sei pronto a provare la sigaretta elettronica usa e getta Bang King 30000 Puff Dual Flavor? Visita <a href=\"https:\/\/vapingnet.de\/it\/\" target=\"_new\" rel=\"noopener\" data-start=\"3180\" data-end=\"3216\">vapingnet.de<\/a> e prendi il tuo dispositivo per il vaporizzatore perfetto, quando vuoi!<\/p>\n<p data-start=\"3299\" data-end=\"3487\" data-is-last-node=\"\" data-is-only-node=\"\">Parole chiave: Bang King, Sigaretta Elettronica, Dual Flavor, Blueberry Ice, Black Dragon Ice, 30000 puff, lunga durata, flusso d'aria regolabile, display LED, 36ml di liquido, nessun dazio<\/p>","protected":false},"excerpt":{"rendered":"<p>Bang King 30000 Puff Dual Flavor Sigaretta elettronica usa e getta: Esperienza di piacere suprema, sempre pronta Scopri la nuova esperienza di svapo con la Bang King 30000 Puff Dual Flavor Sigaretta elettronica usa e getta...<\/p>","protected":false},"featured_media":5274,"template":"","meta":[],"etheme_brands":[],"product_brand":[101],"product_cat":[56,49,61],"product_tag":[],"class_list":{"0":"post-5273","1":"product","2":"type-product","3":"status-publish","4":"has-post-thumbnail","6":"product_brand-bang-king-vape","7":"product_cat-vape-30000-zuege","8":"product_cat-einweg-e-zigarette","9":"product_cat-f","11":"first","12":"instock","13":"shipping-taxable","14":"purchasable","15":"product-type-simple"},"yoast_head":"<!-- This site is optimized with the Yoast SEO plugin v26.5 - https:\/\/yoast.com\/wordpress\/plugins\/seo\/ -->\n<title>Bang 30000 Puffs Dual Flavor Blueberry Ice und Black Dragon Ice Direktverkauf ab Werk und weltweit meistverkauft | Vapingnet.de<\/title>\n<meta name=\"description\" content=\"Entdecke Bang 30000 Puffs Dual Flavor Blueberry Ice und Black Dragon Ice Direktverkauf ab Werk und weltweit meistverkauft bei vapingnet.de, \u25ba Gro\u00dfe Auswahl an Geschmacksrichtungen &amp; super g\u00fcnstig!\" \/>\n<meta name=\"robots\" content=\"index, follow, max-snippet:-1, max-image-preview:large, max-video-preview:-1\" \/>\n<link rel=\"canonical\" href=\"https:\/\/vapingnet.de\/it\/vape\/bang-30000-puffs-dual-flavor-blueberry-ice-und-black-dragon-ice-direktverkauf-ab-werk-und-weltweit-meistverkauft\/\" \/>\n<meta property=\"og:locale\" content=\"it_IT\" \/>\n<meta property=\"og:type\" content=\"article\" \/>\n<meta property=\"og:title\" content=\"Bang 30000 Puffs Dual Flavor Blueberry Ice und Black Dragon Ice Direktverkauf ab Werk und weltweit meistverkauft | Vapingnet.de\" \/>\n<meta property=\"og:description\" content=\"Entdecke Bang 30000 Puffs Dual Flavor Blueberry Ice und Black Dragon Ice Direktverkauf ab Werk und weltweit meistverkauft bei vapingnet.de, \u25ba Gro\u00dfe Auswahl an Geschmacksrichtungen &amp; super g\u00fcnstig!\" \/>\n<meta property=\"og:url\" content=\"https:\/\/vapingnet.de\/it\/vape\/bang-30000-puffs-dual-flavor-blueberry-ice-und-black-dragon-ice-direktverkauf-ab-werk-und-weltweit-meistverkauft\/\" \/>\n<meta property=\"og:site_name\" content=\"Vapingnet.de\" \/>\n<meta property=\"article:publisher\" content=\"https:\/\/www.facebook.com\/vapingnetde\/\" \/>\n<meta property=\"article:modified_time\" content=\"2025-06-19T03:41:22+00:00\" \/>\n<meta property=\"og:image\" content=\"https:\/\/vapingnet.de\/wp-content\/uploads\/2025\/03\/Blueberry-Ice-und-Black-Dragon-Ice.png\" \/>\n\t<meta property=\"og:image:width\" content=\"900\" \/>\n\t<meta property=\"og:image:height\" content=\"600\" \/>\n\t<meta property=\"og:image:type\" content=\"image\/png\" \/>\n<meta name=\"twitter:card\" content=\"summary_large_image\" \/>\n<meta name=\"twitter:label1\" content=\"Est. reading time\" \/>\n\t<meta name=\"twitter:data1\" content=\"3 minutes\" \/>\n<script type=\"application\/ld+json\" class=\"yoast-schema-graph\">{\"@context\":\"https:\/\/schema.org\",\"@graph\":[{\"@type\":\"WebPage\",\"@id\":\"https:\/\/vapingnet.de\/vape\/bang-30000-puffs-dual-flavor-blueberry-ice-und-black-dragon-ice-direktverkauf-ab-werk-und-weltweit-meistverkauft\/\",\"url\":\"https:\/\/vapingnet.de\/vape\/bang-30000-puffs-dual-flavor-blueberry-ice-und-black-dragon-ice-direktverkauf-ab-werk-und-weltweit-meistverkauft\/\",\"name\":\"Bang 30000 Puffs Dual Flavor Blueberry Ice und Black Dragon Ice Direktverkauf ab Werk und weltweit meistverkauft | Vapingnet.de\",\"isPartOf\":{\"@id\":\"https:\/\/vapingnet.de\/#website\"},\"primaryImageOfPage\":{\"@id\":\"https:\/\/vapingnet.de\/vape\/bang-30000-puffs-dual-flavor-blueberry-ice-und-black-dragon-ice-direktverkauf-ab-werk-und-weltweit-meistverkauft\/#primaryimage\"},\"image\":{\"@id\":\"https:\/\/vapingnet.de\/vape\/bang-30000-puffs-dual-flavor-blueberry-ice-und-black-dragon-ice-direktverkauf-ab-werk-und-weltweit-meistverkauft\/#primaryimage\"},\"thumbnailUrl\":\"https:\/\/vapingnet.de\/wp-content\/uploads\/2025\/03\/Blueberry-Ice-und-Black-Dragon-Ice.png\",\"datePublished\":\"2025-03-13T09:17:42+00:00\",\"dateModified\":\"2025-06-19T03:41:22+00:00\",\"description\":\"Entdecke Bang 30000 Puffs Dual Flavor Blueberry Ice und Black Dragon Ice Direktverkauf ab Werk und weltweit meistverkauft bei vapingnet.de, \u25ba Gro\u00dfe Auswahl an Geschmacksrichtungen & super g\u00fcnstig!\",\"breadcrumb\":{\"@id\":\"https:\/\/vapingnet.de\/vape\/bang-30000-puffs-dual-flavor-blueberry-ice-und-black-dragon-ice-direktverkauf-ab-werk-und-weltweit-meistverkauft\/#breadcrumb\"},\"inLanguage\":\"it-IT\",\"potentialAction\":[{\"@type\":\"ReadAction\",\"target\":[\"https:\/\/vapingnet.de\/vape\/bang-30000-puffs-dual-flavor-blueberry-ice-und-black-dragon-ice-direktverkauf-ab-werk-und-weltweit-meistverkauft\/\"]}]},{\"@type\":\"ImageObject\",\"inLanguage\":\"it-IT\",\"@id\":\"https:\/\/vapingnet.de\/vape\/bang-30000-puffs-dual-flavor-blueberry-ice-und-black-dragon-ice-direktverkauf-ab-werk-und-weltweit-meistverkauft\/#primaryimage\",\"url\":\"https:\/\/vapingnet.de\/wp-content\/uploads\/2025\/03\/Blueberry-Ice-und-Black-Dragon-Ice.png\",\"contentUrl\":\"https:\/\/vapingnet.de\/wp-content\/uploads\/2025\/03\/Blueberry-Ice-und-Black-Dragon-Ice.png\",\"width\":900,\"height\":600,\"caption\":\"Blueberry Ice und Black Dragon Ice\"},{\"@type\":\"BreadcrumbList\",\"@id\":\"https:\/\/vapingnet.de\/vape\/bang-30000-puffs-dual-flavor-blueberry-ice-und-black-dragon-ice-direktverkauf-ab-werk-und-weltweit-meistverkauft\/#breadcrumb\",\"itemListElement\":[{\"@type\":\"ListItem\",\"position\":1,\"name\":\"Home\",\"item\":\"https:\/\/vapingnet.de\/\"},{\"@type\":\"ListItem\",\"position\":2,\"name\":\"Shop\",\"item\":\"https:\/\/vapingnet.de\/vape\/\"},{\"@type\":\"ListItem\",\"position\":3,\"name\":\"Bang 30000 Puffs Dual Flavor Blueberry Ice und Black Dragon Ice Direktverkauf ab Werk und weltweit meistverkauft\"}]},{\"@type\":\"WebSite\",\"@id\":\"https:\/\/vapingnet.de\/#website\",\"url\":\"https:\/\/vapingnet.de\/\",\"name\":\"Vapingnet.de\",\"description\":\"\",\"publisher\":{\"@id\":\"https:\/\/vapingnet.de\/#organization\"},\"potentialAction\":[{\"@type\":\"SearchAction\",\"target\":{\"@type\":\"EntryPoint\",\"urlTemplate\":\"https:\/\/vapingnet.de\/?s={search_term_string}\"},\"query-input\":{\"@type\":\"PropertyValueSpecification\",\"valueRequired\":true,\"valueName\":\"search_term_string\"}}],\"inLanguage\":\"it-IT\"},{\"@type\":\"Organization\",\"@id\":\"https:\/\/vapingnet.de\/#organization\",\"name\":\"Vapingnet.de\",\"url\":\"https:\/\/vapingnet.de\/\",\"logo\":{\"@type\":\"ImageObject\",\"inLanguage\":\"it-IT\",\"@id\":\"https:\/\/vapingnet.de\/#\/schema\/logo\/image\/\",\"url\":\"https:\/\/vapingnet.de\/wp-content\/uploads\/2025\/03\/cropped-vapingnet.de_.jpg\",\"contentUrl\":\"https:\/\/vapingnet.de\/wp-content\/uploads\/2025\/03\/cropped-vapingnet.de_.jpg\",\"width\":512,\"height\":512,\"caption\":\"Vapingnet.de\"},\"image\":{\"@id\":\"https:\/\/vapingnet.de\/#\/schema\/logo\/image\/\"},\"sameAs\":[\"https:\/\/www.facebook.com\/vapingnetde\/\"]}]}<\/script>\n<!-- \/ Yoast SEO plugin. -->","yoast_head_json":{"title":"Bang 30000 Puffs Dual Flavor Blueberry Ice und Black Dragon Ice Direktverkauf ab Werk und weltweit meistverkauft | Vapingnet.de","description":"Entdecke Bang 30000 Puffs Dual Flavor Blueberry Ice und Black Dragon Ice Direktverkauf ab Werk und weltweit meistverkauft bei vapingnet.de, \u25ba Gro\u00dfe Auswahl an Geschmacksrichtungen & super g\u00fcnstig!","robots":{"index":"index","follow":"follow","max-snippet":"max-snippet:-1","max-image-preview":"max-image-preview:large","max-video-preview":"max-video-preview:-1"},"canonical":"https:\/\/vapingnet.de\/it\/vape\/bang-30000-puffs-dual-flavor-blueberry-ice-und-black-dragon-ice-direktverkauf-ab-werk-und-weltweit-meistverkauft\/","og_locale":"it_IT","og_type":"article","og_title":"Bang 30000 Puffs Dual Flavor Blueberry Ice und Black Dragon Ice Direktverkauf ab Werk und weltweit meistverkauft | Vapingnet.de","og_description":"Entdecke Bang 30000 Puffs Dual Flavor Blueberry Ice und Black Dragon Ice Direktverkauf ab Werk und weltweit meistverkauft bei vapingnet.de, \u25ba Gro\u00dfe Auswahl an Geschmacksrichtungen & super g\u00fcnstig!","og_url":"https:\/\/vapingnet.de\/it\/vape\/bang-30000-puffs-dual-flavor-blueberry-ice-und-black-dragon-ice-direktverkauf-ab-werk-und-weltweit-meistverkauft\/","og_site_name":"Vapingnet.de","article_publisher":"https:\/\/www.facebook.com\/vapingnetde\/","article_modified_time":"2025-06-19T03:41:22+00:00","og_image":[{"width":900,"height":600,"url":"https:\/\/vapingnet.de\/wp-content\/uploads\/2025\/03\/Blueberry-Ice-und-Black-Dragon-Ice.png","type":"image\/png"}],"twitter_card":"summary_large_image","twitter_misc":{"Est. reading time":"3 minutes"},"schema":{"@context":"https:\/\/schema.org","@graph":[{"@type":"WebPage","@id":"https:\/\/vapingnet.de\/vape\/bang-30000-puffs-dual-flavor-blueberry-ice-und-black-dragon-ice-direktverkauf-ab-werk-und-weltweit-meistverkauft\/","url":"https:\/\/vapingnet.de\/vape\/bang-30000-puffs-dual-flavor-blueberry-ice-und-black-dragon-ice-direktverkauf-ab-werk-und-weltweit-meistverkauft\/","name":"Bang 30000 Puffs Dual Flavor Blueberry Ice und Black Dragon Ice Direktverkauf ab Werk und weltweit meistverkauft | Vapingnet.de","isPartOf":{"@id":"https:\/\/vapingnet.de\/#website"},"primaryImageOfPage":{"@id":"https:\/\/vapingnet.de\/vape\/bang-30000-puffs-dual-flavor-blueberry-ice-und-black-dragon-ice-direktverkauf-ab-werk-und-weltweit-meistverkauft\/#primaryimage"},"image":{"@id":"https:\/\/vapingnet.de\/vape\/bang-30000-puffs-dual-flavor-blueberry-ice-und-black-dragon-ice-direktverkauf-ab-werk-und-weltweit-meistverkauft\/#primaryimage"},"thumbnailUrl":"https:\/\/vapingnet.de\/wp-content\/uploads\/2025\/03\/Blueberry-Ice-und-Black-Dragon-Ice.png","datePublished":"2025-03-13T09:17:42+00:00","dateModified":"2025-06-19T03:41:22+00:00","description":"Entdecke Bang 30000 Puffs Dual Flavor Blueberry Ice und Black Dragon Ice Direktverkauf ab Werk und weltweit meistverkauft bei vapingnet.de, \u25ba Gro\u00dfe Auswahl an Geschmacksrichtungen & super g\u00fcnstig!","breadcrumb":{"@id":"https:\/\/vapingnet.de\/vape\/bang-30000-puffs-dual-flavor-blueberry-ice-und-black-dragon-ice-direktverkauf-ab-werk-und-weltweit-meistverkauft\/#breadcrumb"},"inLanguage":"it-IT","potentialAction":[{"@type":"ReadAction","target":["https:\/\/vapingnet.de\/vape\/bang-30000-puffs-dual-flavor-blueberry-ice-und-black-dragon-ice-direktverkauf-ab-werk-und-weltweit-meistverkauft\/"]}]},{"@type":"ImageObject","inLanguage":"it-IT","@id":"https:\/\/vapingnet.de\/vape\/bang-30000-puffs-dual-flavor-blueberry-ice-und-black-dragon-ice-direktverkauf-ab-werk-und-weltweit-meistverkauft\/#primaryimage","url":"https:\/\/vapingnet.de\/wp-content\/uploads\/2025\/03\/Blueberry-Ice-und-Black-Dragon-Ice.png","contentUrl":"https:\/\/vapingnet.de\/wp-content\/uploads\/2025\/03\/Blueberry-Ice-und-Black-Dragon-Ice.png","width":900,"height":600,"caption":"Blueberry Ice und Black Dragon Ice"},{"@type":"BreadcrumbList","@id":"https:\/\/vapingnet.de\/vape\/bang-30000-puffs-dual-flavor-blueberry-ice-und-black-dragon-ice-direktverkauf-ab-werk-und-weltweit-meistverkauft\/#breadcrumb","itemListElement":[{"@type":"ListItem","position":1,"name":"Home","item":"https:\/\/vapingnet.de\/"},{"@type":"ListItem","position":2,"name":"Shop","item":"https:\/\/vapingnet.de\/vape\/"},{"@type":"ListItem","position":3,"name":"Bang 30000 Puffs Dual Flavor Blueberry Ice und Black Dragon Ice Direktverkauf ab Werk und weltweit meistverkauft"}]},{"@type":"WebSite","@id":"https:\/\/vapingnet.de\/#website","url":"https:\/\/vapingnet.de\/","name":"Vapingnet.de","description":"","publisher":{"@id":"https:\/\/vapingnet.de\/#organization"},"potentialAction":[{"@type":"SearchAction","target":{"@type":"EntryPoint","urlTemplate":"https:\/\/vapingnet.de\/?s={search_term_string}"},"query-input":{"@type":"PropertyValueSpecification","valueRequired":true,"valueName":"search_term_string"}}],"inLanguage":"it-IT"},{"@type":"Organization","@id":"https:\/\/vapingnet.de\/#organization","name":"Vapingnet.de","url":"https:\/\/vapingnet.de\/","logo":{"@type":"ImageObject","inLanguage":"it-IT","@id":"https:\/\/vapingnet.de\/#\/schema\/logo\/image\/","url":"https:\/\/vapingnet.de\/wp-content\/uploads\/2025\/03\/cropped-vapingnet.de_.jpg","contentUrl":"https:\/\/vapingnet.de\/wp-content\/uploads\/2025\/03\/cropped-vapingnet.de_.jpg","width":512,"height":512,"caption":"Vapingnet.de"},"image":{"@id":"https:\/\/vapingnet.de\/#\/schema\/logo\/image\/"},"sameAs":["https:\/\/www.facebook.com\/vapingnetde\/"]}]}},"tiered_pricing_type":"fixed","tiered_pricing_fixed_rules":{"10":"9.49","60":"8.54","110":"7.59","200":"6.64"},"tiered_pricing_product_settings":{"layout":"default","base_unit_name":{"singular":null,"plural":null},"default_variation":null},"tiered_pricing_minimum_quantity":null,"tiered_pricing_roles_data":[],"tiered_pricing_percentage_rules":[],"_links":{"self":[{"href":"https:\/\/vapingnet.de\/it\/wp-json\/wp\/v2\/product\/5273","targetHints":{"allow":["GET"]}}],"collection":[{"href":"https:\/\/vapingnet.de\/it\/wp-json\/wp\/v2\/product"}],"about":[{"href":"https:\/\/vapingnet.de\/it\/wp-json\/wp\/v2\/types\/product"}],"version-history":[{"count":1,"href":"https:\/\/vapingnet.de\/it\/wp-json\/wp\/v2\/product\/5273\/revisions"}],"predecessor-version":[{"id":5275,"href":"https:\/\/vapingnet.de\/it\/wp-json\/wp\/v2\/product\/5273\/revisions\/5275"}],"wp:featuredmedia":[{"embeddable":true,"href":"https:\/\/vapingnet.de\/it\/wp-json\/wp\/v2\/media\/5274"}],"wp:attachment":[{"href":"https:\/\/vapingnet.de\/it\/wp-json\/wp\/v2\/media?parent=5273"}],"wp:term":[{"taxonomy":"brand","embeddable":true,"href":"https:\/\/vapingnet.de\/it\/wp-json\/wp\/v2\/etheme_brands?post=5273"},{"taxonomy":"product_brand","embeddable":true,"href":"https:\/\/vapingnet.de\/it\/wp-json\/wp\/v2\/product_brand?post=5273"},{"taxonomy":"product_cat","embeddable":true,"href":"https:\/\/vapingnet.de\/it\/wp-json\/wp\/v2\/product_cat?post=5273"},{"taxonomy":"product_tag","embeddable":true,"href":"https:\/\/vapingnet.de\/it\/wp-json\/wp\/v2\/product_tag?post=5273"}],"curies":[{"name":"wp","href":"https:\/\/api.w.org\/{rel}","templated":true}]}}