{"id":5361,"date":"2025-03-15T05:34:13","date_gmt":"2025-03-15T05:34:13","guid":{"rendered":"https:\/\/vapingnet.de\/?post_type=product&#038;p=5361"},"modified":"2025-06-19T03:41:16","modified_gmt":"2025-06-19T03:41:16","slug":"bang-king-45000-puffs-geniess-drei-leckere-geschmacksrichtungen-in-einem-geraet","status":"publish","type":"product","link":"https:\/\/vapingnet.de\/it\/vape\/bang-king-45000-puffs-geniess-drei-leckere-geschmacksrichtungen-in-einem-geraet\/","title":{"rendered":"Bang King 45000 Puffs gusta tre deliziosi gusti in un solo dispositivo"},"content":{"rendered":"<h2 data-start=\"0\" data-end=\"44\">Bang King 45000 Puffs Sigaretta Elettronica usa e getta<\/h2>\n<p data-start=\"69\" data-end=\"612\">La sigaretta elettronica usa e getta Bang King 45000 Puffs \u00e8 un dispositivo potente e versatile nel gusto, dotato di un design a triplo coil mesh per garantire un'esperienza di svapo ricca e un tiro morbido. Con una durata di 45.000 puff, questo dispositivo \u00e8 adatto per un uso prolungato e soddisfa le esigenze degli appassionati di sigarette elettroniche che cercano un'esperienza di svapo di alta qualit\u00e0. Il dispositivo supporta la ricarica Type-C e richiede solo 2 ore per una ricarica completa \u2013 veloce e pratico.<\/p>\n<h4 data-start=\"614\" data-end=\"641\">Specifiche del prodotto:<\/h4>\n<div class=\"overflow-x-auto contain-inline-size\">\n<table style=\"height: 431px;\" width=\"1560\" data-start=\"643\" data-end=\"1332\">\n<thead data-start=\"643\" data-end=\"711\">\n<tr data-start=\"643\" data-end=\"711\">\n<th data-start=\"643\" data-end=\"666\">Articoli<\/th>\n<th data-start=\"666\" data-end=\"711\">Dettagli<\/th>\n<\/tr>\n<\/thead>\n<tbody data-start=\"780\" data-end=\"1332\">\n<tr data-start=\"780\" data-end=\"848\">\n<td>Tiri per dispositivo<\/td>\n<td>45.000 tiri<\/td>\n<\/tr>\n<tr data-start=\"849\" data-end=\"918\">\n<td>Capacit\u00e0 di E-Liquid<\/td>\n<td>15ml + 15ml + 15ml<\/td>\n<\/tr>\n<tr data-start=\"919\" data-end=\"987\">\n<td>Tecnologia principale<\/td>\n<td>1.0 Ohm Mesh Coil<\/td>\n<\/tr>\n<tr data-start=\"988\" data-end=\"1056\">\n<td>Contenuto di nicotina<\/td>\n<td>0%, 2%, 3%, 5%<\/td>\n<\/tr>\n<tr data-start=\"1057\" data-end=\"1125\">\n<td>Capacit\u00e0 della batteria<\/td>\n<td>650mAh<\/td>\n<\/tr>\n<tr data-start=\"1126\" data-end=\"1194\">\n<td>Punto di ricarica<\/td>\n<td>Type C<\/td>\n<\/tr>\n<tr data-start=\"1195\" data-end=\"1263\">\n<td>Variet\u00e0 di gusti<\/td>\n<td>12 gusti<\/td>\n<\/tr>\n<tr data-start=\"1264\" data-end=\"1332\">\n<td>Informazioni sulla confezione<\/td>\n<td>10 pezzi\/scatola; 20 scatole\/cartone<\/td>\n<\/tr>\n<\/tbody>\n<\/table>\n<\/div>\n<h4 data-start=\"1334\" data-end=\"1349\">Funzioni:<\/h4>\n<ul data-start=\"1351\" data-end=\"1797\">\n<li data-start=\"1351\" data-end=\"1481\">Doppio Mesh-Coil: Il design unico a doppio mesh-coil garantisce una migliore produzione di vapore e un sapore intenso.<\/li>\n<li data-start=\"1482\" data-end=\"1618\">Varie varianti di gusti di frutta: Una vasta gamma di gusti di frutta garantisce un'esperienza di gusto intensa.<\/li>\n<li data-start=\"1619\" data-end=\"1721\">Ricarica Type C: Supporta la ricarica rapida, solo 2 ore di tempo di ricarica, per un uso comodo.<\/li>\n<li data-start=\"1722\" data-end=\"1797\">Sigaretta elettronica usa e getta: Con 45.000 tiri per un uso duraturo.<\/li>\n<\/ul>\n<h4 data-start=\"1799\" data-end=\"1822\">Opzioni di gusto:<\/h4>\n<ol data-start=\"1824\" data-end=\"2397\">\n<li data-start=\"1824\" data-end=\"1865\">Watermelon e Red Bull e Strawberry Kiwi<\/li>\n<li data-start=\"1866\" data-end=\"1922\">Lemon Lime e Strawberry Watermelon e Blueberry Ice<\/li>\n<li data-start=\"1923\" data-end=\"1981\">Strawberry Banana e Raspberry Watermelon e Lemon Lime<\/li>\n<li data-start=\"1982\" data-end=\"2034\">Strawberry Kiwi e Sour Mango Pineapple e Red Bull<\/li>\n<li data-start=\"2035\" data-end=\"2098\">Frutta Tropicale e Strawberry Watermelon e Pesca Lemon<\/li>\n<li data-start=\"2099\" data-end=\"2148\">Ananas Cocco e Strawberry Banana e Blue Razz<\/li>\n<li data-start=\"2149\" data-end=\"2224\">Strawberry Raspberry e Triple Melon e Sour Mango Pineapple<\/li>\n<li data-start=\"2225\" data-end=\"2280\">Raspberry Watermelon e Mango Pesca e Strawberry Kiwi<\/li>\n<li data-start=\"2281\" data-end=\"2342\">Strawberry Vanilla Coke e Blueberry Raspberry e Lemonlime<\/li>\n<li data-start=\"2343\" data-end=\"2397\">Watermelon e Strawberry Ice Cream e Triplemelon<\/li>\n<\/ol>\n<h4 data-start=\"2399\" data-end=\"2419\">Vantaggi del prodotto:<\/h4>\n<ul data-start=\"2421\" data-end=\"2642\">\n<li data-start=\"2421\" data-end=\"2499\">Nessun dazio: All'acquisto non sono applicate tasse doganali aggiuntive.<\/li>\n<li data-start=\"2500\" data-end=\"2642\">Consegna rapida: Consegna entro 7-15 giorni lavorativi, per godere rapidamente di un'esperienza di svapo di alta qualit\u00e0.<\/li>\n<\/ul>\n<h3 data-start=\"2644\" data-end=\"3079\">Acquista ora su vapingnet.de:<\/h3>\n<p data-start=\"2644\" data-end=\"3079\" data-is-only-node=\"\" data-is-last-node=\"\">La sigaretta elettronica usa e getta BANG KING 45000 Puffs offre non solo una vasta gamma di gusti deliziosi, ma anche prestazioni eccellenti. Grazie alla ricarica rapida e alla lunga durata, \u00e8 la scelta perfetta per gli svapatori che apprezzano comfort e qualit\u00e0. Visita ora vapingnet.de e approfitta della consegna senza dazio e della spedizione veloce.<\/p>","protected":false},"excerpt":{"rendered":"<p>\u2705 Numero estremamente elevato di sigarette \u2013 Fino a 45.000 puff, per un divertimento a vapore ancora pi\u00f9 lungo!<br \/>\n\u2705 Nessuna tassa doganale &amp; spedizione gratuita \u2013 Ordina facilmente, senza costi aggiuntivi!<br \/>\n\u2705 Tre gusti in uno \u2013 Cambia a piacere, triplo piacere!<\/p>","protected":false},"featured_media":5398,"template":"","meta":[],"etheme_brands":[],"product_brand":[101],"product_cat":[66,49,61,87],"product_tag":[],"class_list":{"0":"post-5361","1":"product","2":"type-product","3":"status-publish","4":"has-post-thumbnail","6":"product_brand-bang-king-vape","7":"product_cat-45k-vape","8":"product_cat-einweg-e-zigarette","9":"product_cat-f","10":"product_cat-v","12":"first","13":"instock","14":"shipping-taxable","15":"purchasable","16":"product-type-variable"},"yoast_head":"<!-- This site is optimized with the Yoast SEO plugin v26.5 - https:\/\/yoast.com\/wordpress\/plugins\/seo\/ -->\n<title>Bang King 45000 Puffs Genie\u00df drei leckere Geschmacksrichtungen in einem Ger\u00e4t | vapingnet.de<\/title>\n<meta name=\"description\" content=\"Bang King 45000 Puffs Genie\u00df drei leckere Geschmacksrichtungen in einem Ger\u00e4t \u25ba Viele Geschmacksrichtungen &amp; g\u00fcnstig bei vapingnet.de f\u00fcr E-Zigaretten-Liebhaber\" \/>\n<meta name=\"robots\" content=\"index, follow, max-snippet:-1, max-image-preview:large, max-video-preview:-1\" \/>\n<link rel=\"canonical\" href=\"https:\/\/vapingnet.de\/it\/vape\/bang-king-45000-puffs-geniess-drei-leckere-geschmacksrichtungen-in-einem-geraet\/\" \/>\n<meta property=\"og:locale\" content=\"it_IT\" \/>\n<meta property=\"og:type\" content=\"article\" \/>\n<meta property=\"og:title\" content=\"Bang King 45000 Puffs Genie\u00df drei leckere Geschmacksrichtungen in einem Ger\u00e4t | vapingnet.de\" \/>\n<meta property=\"og:description\" content=\"Bang King 45000 Puffs Genie\u00df drei leckere Geschmacksrichtungen in einem Ger\u00e4t \u25ba Viele Geschmacksrichtungen &amp; g\u00fcnstig bei vapingnet.de f\u00fcr E-Zigaretten-Liebhaber\" \/>\n<meta property=\"og:url\" content=\"https:\/\/vapingnet.de\/it\/vape\/bang-king-45000-puffs-geniess-drei-leckere-geschmacksrichtungen-in-einem-geraet\/\" \/>\n<meta property=\"og:site_name\" content=\"Vapingnet.de\" \/>\n<meta property=\"article:publisher\" content=\"https:\/\/www.facebook.com\/vapingnetde\/\" \/>\n<meta property=\"article:modified_time\" content=\"2025-06-19T03:41:16+00:00\" \/>\n<meta property=\"og:image\" content=\"https:\/\/vapingnet.de\/wp-content\/uploads\/2025\/03\/Bang-King-45000-Puffs.png\" \/>\n\t<meta property=\"og:image:width\" content=\"1000\" \/>\n\t<meta property=\"og:image:height\" content=\"1000\" \/>\n\t<meta property=\"og:image:type\" content=\"image\/png\" \/>\n<meta name=\"twitter:card\" content=\"summary_large_image\" \/>\n<meta name=\"twitter:label1\" content=\"Est. reading time\" \/>\n\t<meta name=\"twitter:data1\" content=\"3 minutes\" \/>\n<script type=\"application\/ld+json\" class=\"yoast-schema-graph\">{\"@context\":\"https:\/\/schema.org\",\"@graph\":[{\"@type\":\"WebPage\",\"@id\":\"https:\/\/vapingnet.de\/vape\/bang-king-45000-puffs-geniess-drei-leckere-geschmacksrichtungen-in-einem-geraet\/\",\"url\":\"https:\/\/vapingnet.de\/vape\/bang-king-45000-puffs-geniess-drei-leckere-geschmacksrichtungen-in-einem-geraet\/\",\"name\":\"Bang King 45000 Puffs Genie\u00df drei leckere Geschmacksrichtungen in einem Ger\u00e4t | vapingnet.de\",\"isPartOf\":{\"@id\":\"https:\/\/vapingnet.de\/#website\"},\"primaryImageOfPage\":{\"@id\":\"https:\/\/vapingnet.de\/vape\/bang-king-45000-puffs-geniess-drei-leckere-geschmacksrichtungen-in-einem-geraet\/#primaryimage\"},\"image\":{\"@id\":\"https:\/\/vapingnet.de\/vape\/bang-king-45000-puffs-geniess-drei-leckere-geschmacksrichtungen-in-einem-geraet\/#primaryimage\"},\"thumbnailUrl\":\"https:\/\/vapingnet.de\/wp-content\/uploads\/2025\/03\/Bang-King-45000-Puffs.png\",\"datePublished\":\"2025-03-15T05:34:13+00:00\",\"dateModified\":\"2025-06-19T03:41:16+00:00\",\"description\":\"Bang King 45000 Puffs Genie\u00df drei leckere Geschmacksrichtungen in einem Ger\u00e4t \u25ba Viele Geschmacksrichtungen & g\u00fcnstig bei vapingnet.de f\u00fcr E-Zigaretten-Liebhaber\",\"breadcrumb\":{\"@id\":\"https:\/\/vapingnet.de\/vape\/bang-king-45000-puffs-geniess-drei-leckere-geschmacksrichtungen-in-einem-geraet\/#breadcrumb\"},\"inLanguage\":\"it-IT\",\"potentialAction\":[{\"@type\":\"ReadAction\",\"target\":[\"https:\/\/vapingnet.de\/vape\/bang-king-45000-puffs-geniess-drei-leckere-geschmacksrichtungen-in-einem-geraet\/\"]}]},{\"@type\":\"ImageObject\",\"inLanguage\":\"it-IT\",\"@id\":\"https:\/\/vapingnet.de\/vape\/bang-king-45000-puffs-geniess-drei-leckere-geschmacksrichtungen-in-einem-geraet\/#primaryimage\",\"url\":\"https:\/\/vapingnet.de\/wp-content\/uploads\/2025\/03\/Bang-King-45000-Puffs.png\",\"contentUrl\":\"https:\/\/vapingnet.de\/wp-content\/uploads\/2025\/03\/Bang-King-45000-Puffs.png\",\"width\":1000,\"height\":1000,\"caption\":\"Bang-King-45000-Puffs\"},{\"@type\":\"BreadcrumbList\",\"@id\":\"https:\/\/vapingnet.de\/vape\/bang-king-45000-puffs-geniess-drei-leckere-geschmacksrichtungen-in-einem-geraet\/#breadcrumb\",\"itemListElement\":[{\"@type\":\"ListItem\",\"position\":1,\"name\":\"Home\",\"item\":\"https:\/\/vapingnet.de\/\"},{\"@type\":\"ListItem\",\"position\":2,\"name\":\"Shop\",\"item\":\"https:\/\/vapingnet.de\/vape\/\"},{\"@type\":\"ListItem\",\"position\":3,\"name\":\"Bang King 45000 Puffs Genie\u00df drei leckere Geschmacksrichtungen in einem Ger\u00e4t\"}]},{\"@type\":\"WebSite\",\"@id\":\"https:\/\/vapingnet.de\/#website\",\"url\":\"https:\/\/vapingnet.de\/\",\"name\":\"Vapingnet.de\",\"description\":\"\",\"publisher\":{\"@id\":\"https:\/\/vapingnet.de\/#organization\"},\"potentialAction\":[{\"@type\":\"SearchAction\",\"target\":{\"@type\":\"EntryPoint\",\"urlTemplate\":\"https:\/\/vapingnet.de\/?s={search_term_string}\"},\"query-input\":{\"@type\":\"PropertyValueSpecification\",\"valueRequired\":true,\"valueName\":\"search_term_string\"}}],\"inLanguage\":\"it-IT\"},{\"@type\":\"Organization\",\"@id\":\"https:\/\/vapingnet.de\/#organization\",\"name\":\"Vapingnet.de\",\"url\":\"https:\/\/vapingnet.de\/\",\"logo\":{\"@type\":\"ImageObject\",\"inLanguage\":\"it-IT\",\"@id\":\"https:\/\/vapingnet.de\/#\/schema\/logo\/image\/\",\"url\":\"https:\/\/vapingnet.de\/wp-content\/uploads\/2025\/03\/cropped-vapingnet.de_.jpg\",\"contentUrl\":\"https:\/\/vapingnet.de\/wp-content\/uploads\/2025\/03\/cropped-vapingnet.de_.jpg\",\"width\":512,\"height\":512,\"caption\":\"Vapingnet.de\"},\"image\":{\"@id\":\"https:\/\/vapingnet.de\/#\/schema\/logo\/image\/\"},\"sameAs\":[\"https:\/\/www.facebook.com\/vapingnetde\/\"]}]}<\/script>\n<!-- \/ Yoast SEO plugin. -->","yoast_head_json":{"title":"Bang King 45000 Puffs Genie\u00df drei leckere Geschmacksrichtungen in einem Ger\u00e4t | vapingnet.de","description":"Bang King 45000 Puffs Genie\u00df drei leckere Geschmacksrichtungen in einem Ger\u00e4t \u25ba Viele Geschmacksrichtungen & g\u00fcnstig bei vapingnet.de f\u00fcr E-Zigaretten-Liebhaber","robots":{"index":"index","follow":"follow","max-snippet":"max-snippet:-1","max-image-preview":"max-image-preview:large","max-video-preview":"max-video-preview:-1"},"canonical":"https:\/\/vapingnet.de\/it\/vape\/bang-king-45000-puffs-geniess-drei-leckere-geschmacksrichtungen-in-einem-geraet\/","og_locale":"it_IT","og_type":"article","og_title":"Bang King 45000 Puffs Genie\u00df drei leckere Geschmacksrichtungen in einem Ger\u00e4t | vapingnet.de","og_description":"Bang King 45000 Puffs Genie\u00df drei leckere Geschmacksrichtungen in einem Ger\u00e4t \u25ba Viele Geschmacksrichtungen & g\u00fcnstig bei vapingnet.de f\u00fcr E-Zigaretten-Liebhaber","og_url":"https:\/\/vapingnet.de\/it\/vape\/bang-king-45000-puffs-geniess-drei-leckere-geschmacksrichtungen-in-einem-geraet\/","og_site_name":"Vapingnet.de","article_publisher":"https:\/\/www.facebook.com\/vapingnetde\/","article_modified_time":"2025-06-19T03:41:16+00:00","og_image":[{"width":1000,"height":1000,"url":"https:\/\/vapingnet.de\/wp-content\/uploads\/2025\/03\/Bang-King-45000-Puffs.png","type":"image\/png"}],"twitter_card":"summary_large_image","twitter_misc":{"Est. reading time":"3 minutes"},"schema":{"@context":"https:\/\/schema.org","@graph":[{"@type":"WebPage","@id":"https:\/\/vapingnet.de\/vape\/bang-king-45000-puffs-geniess-drei-leckere-geschmacksrichtungen-in-einem-geraet\/","url":"https:\/\/vapingnet.de\/vape\/bang-king-45000-puffs-geniess-drei-leckere-geschmacksrichtungen-in-einem-geraet\/","name":"Bang King 45000 Puffs Genie\u00df drei leckere Geschmacksrichtungen in einem Ger\u00e4t | vapingnet.de","isPartOf":{"@id":"https:\/\/vapingnet.de\/#website"},"primaryImageOfPage":{"@id":"https:\/\/vapingnet.de\/vape\/bang-king-45000-puffs-geniess-drei-leckere-geschmacksrichtungen-in-einem-geraet\/#primaryimage"},"image":{"@id":"https:\/\/vapingnet.de\/vape\/bang-king-45000-puffs-geniess-drei-leckere-geschmacksrichtungen-in-einem-geraet\/#primaryimage"},"thumbnailUrl":"https:\/\/vapingnet.de\/wp-content\/uploads\/2025\/03\/Bang-King-45000-Puffs.png","datePublished":"2025-03-15T05:34:13+00:00","dateModified":"2025-06-19T03:41:16+00:00","description":"Bang King 45000 Puffs Genie\u00df drei leckere Geschmacksrichtungen in einem Ger\u00e4t \u25ba Viele Geschmacksrichtungen & g\u00fcnstig bei vapingnet.de f\u00fcr E-Zigaretten-Liebhaber","breadcrumb":{"@id":"https:\/\/vapingnet.de\/vape\/bang-king-45000-puffs-geniess-drei-leckere-geschmacksrichtungen-in-einem-geraet\/#breadcrumb"},"inLanguage":"it-IT","potentialAction":[{"@type":"ReadAction","target":["https:\/\/vapingnet.de\/vape\/bang-king-45000-puffs-geniess-drei-leckere-geschmacksrichtungen-in-einem-geraet\/"]}]},{"@type":"ImageObject","inLanguage":"it-IT","@id":"https:\/\/vapingnet.de\/vape\/bang-king-45000-puffs-geniess-drei-leckere-geschmacksrichtungen-in-einem-geraet\/#primaryimage","url":"https:\/\/vapingnet.de\/wp-content\/uploads\/2025\/03\/Bang-King-45000-Puffs.png","contentUrl":"https:\/\/vapingnet.de\/wp-content\/uploads\/2025\/03\/Bang-King-45000-Puffs.png","width":1000,"height":1000,"caption":"Bang-King-45000-Puffs"},{"@type":"BreadcrumbList","@id":"https:\/\/vapingnet.de\/vape\/bang-king-45000-puffs-geniess-drei-leckere-geschmacksrichtungen-in-einem-geraet\/#breadcrumb","itemListElement":[{"@type":"ListItem","position":1,"name":"Home","item":"https:\/\/vapingnet.de\/"},{"@type":"ListItem","position":2,"name":"Shop","item":"https:\/\/vapingnet.de\/vape\/"},{"@type":"ListItem","position":3,"name":"Bang King 45000 Puffs Genie\u00df drei leckere Geschmacksrichtungen in einem Ger\u00e4t"}]},{"@type":"WebSite","@id":"https:\/\/vapingnet.de\/#website","url":"https:\/\/vapingnet.de\/","name":"Vapingnet.de","description":"","publisher":{"@id":"https:\/\/vapingnet.de\/#organization"},"potentialAction":[{"@type":"SearchAction","target":{"@type":"EntryPoint","urlTemplate":"https:\/\/vapingnet.de\/?s={search_term_string}"},"query-input":{"@type":"PropertyValueSpecification","valueRequired":true,"valueName":"search_term_string"}}],"inLanguage":"it-IT"},{"@type":"Organization","@id":"https:\/\/vapingnet.de\/#organization","name":"Vapingnet.de","url":"https:\/\/vapingnet.de\/","logo":{"@type":"ImageObject","inLanguage":"it-IT","@id":"https:\/\/vapingnet.de\/#\/schema\/logo\/image\/","url":"https:\/\/vapingnet.de\/wp-content\/uploads\/2025\/03\/cropped-vapingnet.de_.jpg","contentUrl":"https:\/\/vapingnet.de\/wp-content\/uploads\/2025\/03\/cropped-vapingnet.de_.jpg","width":512,"height":512,"caption":"Vapingnet.de"},"image":{"@id":"https:\/\/vapingnet.de\/#\/schema\/logo\/image\/"},"sameAs":["https:\/\/www.facebook.com\/vapingnetde\/"]}]}},"tiered_pricing_type":"fixed","tiered_pricing_fixed_rules":[],"tiered_pricing_product_settings":{"layout":"default","base_unit_name":{"singular":null,"plural":null},"default_variation":null},"tiered_pricing_minimum_quantity":null,"tiered_pricing_roles_data":[],"tiered_pricing_percentage_rules":[],"_links":{"self":[{"href":"https:\/\/vapingnet.de\/it\/wp-json\/wp\/v2\/product\/5361","targetHints":{"allow":["GET"]}}],"collection":[{"href":"https:\/\/vapingnet.de\/it\/wp-json\/wp\/v2\/product"}],"about":[{"href":"https:\/\/vapingnet.de\/it\/wp-json\/wp\/v2\/types\/product"}],"version-history":[{"count":4,"href":"https:\/\/vapingnet.de\/it\/wp-json\/wp\/v2\/product\/5361\/revisions"}],"predecessor-version":[{"id":5970,"href":"https:\/\/vapingnet.de\/it\/wp-json\/wp\/v2\/product\/5361\/revisions\/5970"}],"wp:featuredmedia":[{"embeddable":true,"href":"https:\/\/vapingnet.de\/it\/wp-json\/wp\/v2\/media\/5398"}],"wp:attachment":[{"href":"https:\/\/vapingnet.de\/it\/wp-json\/wp\/v2\/media?parent=5361"}],"wp:term":[{"taxonomy":"brand","embeddable":true,"href":"https:\/\/vapingnet.de\/it\/wp-json\/wp\/v2\/etheme_brands?post=5361"},{"taxonomy":"product_brand","embeddable":true,"href":"https:\/\/vapingnet.de\/it\/wp-json\/wp\/v2\/product_brand?post=5361"},{"taxonomy":"product_cat","embeddable":true,"href":"https:\/\/vapingnet.de\/it\/wp-json\/wp\/v2\/product_cat?post=5361"},{"taxonomy":"product_tag","embeddable":true,"href":"https:\/\/vapingnet.de\/it\/wp-json\/wp\/v2\/product_tag?post=5361"}],"curies":[{"name":"wp","href":"https:\/\/api.w.org\/{rel}","templated":true}]}}