{"id":5400,"date":"2025-03-15T06:42:30","date_gmt":"2025-03-15T06:42:30","guid":{"rendered":"https:\/\/vapingnet.de\/?post_type=product&#038;p=5400"},"modified":"2026-04-14T06:41:05","modified_gmt":"2026-04-14T06:41:05","slug":"die-zukunft-des-dampfens-nexa-ultra-50k-mit-3d-display","status":"publish","type":"product","link":"https:\/\/vapingnet.de\/it\/vape\/die-zukunft-des-dampfens-nexa-ultra-50k-mit-3d-display\/","title":{"rendered":"Il futuro dello svapo con NEXA Ultra 50K e 3D-Dis..."},"content":{"rendered":"<h2 data-start=\"0\" data-end=\"42\">NEXA Ultra 50K Puff Sigaretta Elettronica usa e getta<\/h2>\n<p data-start=\"85\" data-end=\"427\">La NEXA Ultra 50K Puff <a href=\"https:\/\/vapingnet.de\/it\/k\/einweg-e-zigarette\/\" target=\"_blank\" rel=\"noopener\"><strong>Sigaretta elettronica usa e getta<\/strong><\/a> offre con 50.000 tiri e un serbatoio di liquido trasparente da 20 ml prestazioni impressionanti. \u00c8 dotata di una batteria da 800mAh, che pu\u00f2 essere ricaricata rapidamente tramite USB-C, e supporta sia la modalit\u00e0 normale che quella turbo, per soddisfare diverse esigenze.<\/p>\n<h4 data-start=\"429\" data-end=\"452\">Punti salienti del prodotto:<\/h4>\n<ul data-start=\"454\" data-end=\"985\">\n<li data-start=\"454\" data-end=\"514\">50.000 tiri: Goditi un gusto puro per lungo tempo.<\/li>\n<li data-start=\"515\" data-end=\"631\">Selezione doppia di modalit\u00e0: modalit\u00e0 normale con 50K tiri, modalit\u00e0 turbo con 30K tiri \u2013 per diverse esigenze.<\/li>\n<li data-start=\"632\" data-end=\"731\">Ricarica rapida: porta USB-C per una ricarica veloce e un'esperienza utente migliorata.<\/li>\n<li data-start=\"732\" data-end=\"882\">Serbatoio di liquido trasparente: capacit\u00e0 di 20 ml, design trasparente che permette di controllare sempre il livello di liquido residuo.<\/li>\n<li data-start=\"883\" data-end=\"985\">15 gusti: 15 aromi diversi che coprono un'ampia gamma di preferenze.<\/li>\n<\/ul>\n<h3 data-start=\"987\" data-end=\"1006\">Dettagli del prodotto:<\/h3>\n<div class=\"overflow-x-auto contain-inline-size\">\n<table data-start=\"1008\" data-end=\"1726\">\n<thead data-start=\"1008\" data-end=\"1079\">\n<tr data-start=\"1008\" data-end=\"1079\">\n<th data-start=\"1008\" data-end=\"1031\">Caratteristica<\/th>\n<th data-start=\"1031\" data-end=\"1079\">Dettagli<\/th>\n<\/tr>\n<\/thead>\n<tbody data-start=\"1151\" data-end=\"1726\">\n<tr data-start=\"1151\" data-end=\"1222\">\n<td>Contenuto di nicotina<\/td>\n<td>5%<\/td>\n<\/tr>\n<tr data-start=\"1223\" data-end=\"1294\">\n<td>Capacit\u00e0 di Liquido<\/td>\n<td>20ml (design trasparente)<\/td>\n<\/tr>\n<tr data-start=\"1295\" data-end=\"1366\">\n<td>Capacit\u00e0 della batteria<\/td>\n<td>800mAh<\/td>\n<\/tr>\n<tr data-start=\"1367\" data-end=\"1438\">\n<td>Punto di ricarica<\/td>\n<td>USB-C (ricarica rapida)<\/td>\n<\/tr>\n<tr data-start=\"1439\" data-end=\"1510\">\n<td>Modalit\u00e0 di funzionamento<\/td>\n<td>Modalit\u00e0 normale 50K, modalit\u00e0 turbo 30K<\/td>\n<\/tr>\n<tr data-start=\"1511\" data-end=\"1582\">\n<td>Display<\/td>\n<td>Display curvato 3D<\/td>\n<\/tr>\n<tr data-start=\"1583\" data-end=\"1654\">\n<td>Attivazione<\/td>\n<td>Attivato a tiro<\/td>\n<\/tr>\n<tr data-start=\"1655\" data-end=\"1726\">\n<td>Unit\u00e0 di imballaggio<\/td>\n<td>5 pezzi\/confezione<\/td>\n<\/tr>\n<\/tbody>\n<\/table>\n<\/div>\n<h4 data-start=\"1728\" data-end=\"1768\">15 gusti selezionati:<\/h4>\n<ol data-start=\"1770\" data-end=\"2056\">\n<li data-start=\"1770\" data-end=\"1780\">B-Pop<\/li>\n<li data-start=\"1781\" data-end=\"1798\">Ghiaccio di mirtillo<\/li>\n<li data-start=\"1799\" data-end=\"1825\">Mirtillo blu e anguria<\/li>\n<li data-start=\"1826\" data-end=\"1842\">Cherry Bomb<\/li>\n<li data-start=\"1843\" data-end=\"1857\">Menta Fresca<\/li>\n<li data-start=\"1858\" data-end=\"1874\">Fucking Fab<\/li>\n<li data-start=\"1875\" data-end=\"1897\">Ghiaccio di Pesca Georgia<\/li>\n<li data-start=\"1898\" data-end=\"1914\">Oasi di Mango<\/li>\n<li data-start=\"1915\" data-end=\"1930\">Miami Mint<\/li>\n<li data-start=\"1931\" data-end=\"1951\">Ghiaccio di Mela Aspro<\/li>\n<li data-start=\"1952\" data-end=\"1975\">Fragola Banana<\/li>\n<li data-start=\"1976\" data-end=\"1996\">Strawberry Ice<\/li>\n<li data-start=\"1997\" data-end=\"2015\">Triple Berry<\/li>\n<li data-start=\"2016\" data-end=\"2036\">Anguria Ghiaccio<\/li>\n<li data-start=\"2037\" data-end=\"2056\">Ghiaccio di Gummy Bianco<\/li>\n<\/ol>\n<h4 data-start=\"2058\" data-end=\"2078\">Vantaggi del prodotto:<\/h4>\n<ul data-start=\"2080\" data-end=\"2271\">\n<li data-start=\"2080\" data-end=\"2158\">Nessun dazio: All'acquisto non sono applicate tasse doganali aggiuntive.<\/li>\n<li data-start=\"2159\" data-end=\"2271\">Spedizione rapida: consegna entro 7-15 giorni lavorativi, in modo da poter gustare rapidamente il prodotto.<\/li>\n<\/ul>\n<h4 data-start=\"2273\" data-end=\"2290\">Acquista ora:<\/h4>\n<p data-start=\"2292\" data-end=\"2627\" data-is-last-node=\"\" data-is-only-node=\"\">La sigaretta elettronica usa e getta NEXA Ultra 50K Puff offre prestazioni potenti e una vasta gamma di gusti per soddisfare le diverse esigenze degli utenti. Visita <a href=\"https:\/\/vapingnet.de\/it\/\" target=\"_blank\" rel=\"noopener\"><strong>vapingnet.de<\/strong><\/a> per consegne rapide, acquisti duty-free e per beneficiare immediatamente della lunga durata e delle funzioni pratiche.<\/p>","protected":false},"excerpt":{"rendered":"<p>NEXA Ultra 50K Puff Einweg E-Zigarette Die NEXA Ultra 50K Puff Einweg E-Zigarette bietet mit 50.000 Z\u00fcgen und einem 20 ml gro\u00dfen transparenten Liquid-Tank eine&#8230;<\/p>","protected":false},"featured_media":5431,"template":"","meta":[],"etheme_brands":[],"product_brand":[],"product_cat":[67,49,61],"product_tag":[],"class_list":{"0":"post-5400","1":"product","2":"type-product","3":"status-publish","4":"has-post-thumbnail","6":"product_cat-50k-vape","7":"product_cat-einweg-e-zigarette","8":"product_cat-f","10":"first","11":"outofstock","12":"shipping-taxable","13":"purchasable","14":"product-type-variable"},"yoast_head":"<!-- This site is optimized with the Yoast SEO plugin v26.5 - https:\/\/yoast.com\/wordpress\/plugins\/seo\/ -->\n<title>Die Zukunft des Dampfens NEXA Ultra 50K mit 3D-Display | Vapingnet.de<\/title>\n<meta name=\"description\" content=\"Wir verkaufen Die Zukunft des Dampfens NEXA Ultra 50K mit 3D-Display , \u2713 Hohe Puffs-Zahl \u2713 Einfach zu verwenden \u2713 Vielseitige Aromen \u2713\u27a4 Jetzt kaufen!\" \/>\n<meta name=\"robots\" content=\"index, follow, max-snippet:-1, max-image-preview:large, max-video-preview:-1\" \/>\n<link rel=\"canonical\" href=\"https:\/\/vapingnet.de\/it\/vape\/die-zukunft-des-dampfens-nexa-ultra-50k-mit-3d-display\/\" \/>\n<meta property=\"og:locale\" content=\"it_IT\" \/>\n<meta property=\"og:type\" content=\"article\" \/>\n<meta property=\"og:title\" content=\"Die Zukunft des Dampfens NEXA Ultra 50K mit 3D-Display | Vapingnet.de\" \/>\n<meta property=\"og:description\" content=\"Wir verkaufen Die Zukunft des Dampfens NEXA Ultra 50K mit 3D-Display , \u2713 Hohe Puffs-Zahl \u2713 Einfach zu verwenden \u2713 Vielseitige Aromen \u2713\u27a4 Jetzt kaufen!\" \/>\n<meta property=\"og:url\" content=\"https:\/\/vapingnet.de\/it\/vape\/die-zukunft-des-dampfens-nexa-ultra-50k-mit-3d-display\/\" \/>\n<meta property=\"og:site_name\" content=\"Vapingnet.de\" \/>\n<meta property=\"article:publisher\" content=\"https:\/\/www.facebook.com\/vapingnetde\/\" \/>\n<meta property=\"article:modified_time\" content=\"2026-04-14T06:41:05+00:00\" \/>\n<meta property=\"og:image\" content=\"https:\/\/vapingnet.de\/wp-content\/uploads\/2025\/03\/NEXA50K.png\" \/>\n\t<meta property=\"og:image:width\" content=\"1000\" \/>\n\t<meta property=\"og:image:height\" content=\"1000\" \/>\n\t<meta property=\"og:image:type\" content=\"image\/png\" \/>\n<meta name=\"twitter:card\" content=\"summary_large_image\" \/>\n<meta name=\"twitter:label1\" content=\"Est. reading time\" \/>\n\t<meta name=\"twitter:data1\" content=\"2 minutes\" \/>\n<script type=\"application\/ld+json\" class=\"yoast-schema-graph\">{\"@context\":\"https:\/\/schema.org\",\"@graph\":[{\"@type\":\"WebPage\",\"@id\":\"https:\/\/vapingnet.de\/vape\/die-zukunft-des-dampfens-nexa-ultra-50k-mit-3d-display\/\",\"url\":\"https:\/\/vapingnet.de\/vape\/die-zukunft-des-dampfens-nexa-ultra-50k-mit-3d-display\/\",\"name\":\"Die Zukunft des Dampfens NEXA Ultra 50K mit 3D-Display | Vapingnet.de\",\"isPartOf\":{\"@id\":\"https:\/\/vapingnet.de\/#website\"},\"primaryImageOfPage\":{\"@id\":\"https:\/\/vapingnet.de\/vape\/die-zukunft-des-dampfens-nexa-ultra-50k-mit-3d-display\/#primaryimage\"},\"image\":{\"@id\":\"https:\/\/vapingnet.de\/vape\/die-zukunft-des-dampfens-nexa-ultra-50k-mit-3d-display\/#primaryimage\"},\"thumbnailUrl\":\"https:\/\/vapingnet.de\/wp-content\/uploads\/2025\/03\/NEXA50K.png\",\"datePublished\":\"2025-03-15T06:42:30+00:00\",\"dateModified\":\"2026-04-14T06:41:05+00:00\",\"description\":\"Wir verkaufen Die Zukunft des Dampfens NEXA Ultra 50K mit 3D-Display , \u2713 Hohe Puffs-Zahl \u2713 Einfach zu verwenden \u2713 Vielseitige Aromen \u2713\u27a4 Jetzt kaufen!\",\"breadcrumb\":{\"@id\":\"https:\/\/vapingnet.de\/vape\/die-zukunft-des-dampfens-nexa-ultra-50k-mit-3d-display\/#breadcrumb\"},\"inLanguage\":\"it-IT\",\"potentialAction\":[{\"@type\":\"ReadAction\",\"target\":[\"https:\/\/vapingnet.de\/vape\/die-zukunft-des-dampfens-nexa-ultra-50k-mit-3d-display\/\"]}]},{\"@type\":\"ImageObject\",\"inLanguage\":\"it-IT\",\"@id\":\"https:\/\/vapingnet.de\/vape\/die-zukunft-des-dampfens-nexa-ultra-50k-mit-3d-display\/#primaryimage\",\"url\":\"https:\/\/vapingnet.de\/wp-content\/uploads\/2025\/03\/NEXA50K.png\",\"contentUrl\":\"https:\/\/vapingnet.de\/wp-content\/uploads\/2025\/03\/NEXA50K.png\",\"width\":1000,\"height\":1000,\"caption\":\"NEXA50K\"},{\"@type\":\"BreadcrumbList\",\"@id\":\"https:\/\/vapingnet.de\/vape\/die-zukunft-des-dampfens-nexa-ultra-50k-mit-3d-display\/#breadcrumb\",\"itemListElement\":[{\"@type\":\"ListItem\",\"position\":1,\"name\":\"Home\",\"item\":\"https:\/\/vapingnet.de\/\"},{\"@type\":\"ListItem\",\"position\":2,\"name\":\"Shop\",\"item\":\"https:\/\/vapingnet.de\/vape\/\"},{\"@type\":\"ListItem\",\"position\":3,\"name\":\"Die Zukunft des Dampfens NEXA Ultra 50K mit 3D-Display\"}]},{\"@type\":\"WebSite\",\"@id\":\"https:\/\/vapingnet.de\/#website\",\"url\":\"https:\/\/vapingnet.de\/\",\"name\":\"Vapingnet.de\",\"description\":\"\",\"publisher\":{\"@id\":\"https:\/\/vapingnet.de\/#organization\"},\"potentialAction\":[{\"@type\":\"SearchAction\",\"target\":{\"@type\":\"EntryPoint\",\"urlTemplate\":\"https:\/\/vapingnet.de\/?s={search_term_string}\"},\"query-input\":{\"@type\":\"PropertyValueSpecification\",\"valueRequired\":true,\"valueName\":\"search_term_string\"}}],\"inLanguage\":\"it-IT\"},{\"@type\":\"Organization\",\"@id\":\"https:\/\/vapingnet.de\/#organization\",\"name\":\"Vapingnet.de\",\"url\":\"https:\/\/vapingnet.de\/\",\"logo\":{\"@type\":\"ImageObject\",\"inLanguage\":\"it-IT\",\"@id\":\"https:\/\/vapingnet.de\/#\/schema\/logo\/image\/\",\"url\":\"https:\/\/vapingnet.de\/wp-content\/uploads\/2025\/03\/cropped-vapingnet.de_.jpg\",\"contentUrl\":\"https:\/\/vapingnet.de\/wp-content\/uploads\/2025\/03\/cropped-vapingnet.de_.jpg\",\"width\":512,\"height\":512,\"caption\":\"Vapingnet.de\"},\"image\":{\"@id\":\"https:\/\/vapingnet.de\/#\/schema\/logo\/image\/\"},\"sameAs\":[\"https:\/\/www.facebook.com\/vapingnetde\/\"]}]}<\/script>\n<!-- \/ Yoast SEO plugin. -->","yoast_head_json":{"title":"Die Zukunft des Dampfens NEXA Ultra 50K mit 3D-Display | Vapingnet.de","description":"Wir verkaufen Die Zukunft des Dampfens NEXA Ultra 50K mit 3D-Display , \u2713 Hohe Puffs-Zahl \u2713 Einfach zu verwenden \u2713 Vielseitige Aromen \u2713\u27a4 Jetzt kaufen!","robots":{"index":"index","follow":"follow","max-snippet":"max-snippet:-1","max-image-preview":"max-image-preview:large","max-video-preview":"max-video-preview:-1"},"canonical":"https:\/\/vapingnet.de\/it\/vape\/die-zukunft-des-dampfens-nexa-ultra-50k-mit-3d-display\/","og_locale":"it_IT","og_type":"article","og_title":"Die Zukunft des Dampfens NEXA Ultra 50K mit 3D-Display | Vapingnet.de","og_description":"Wir verkaufen Die Zukunft des Dampfens NEXA Ultra 50K mit 3D-Display , \u2713 Hohe Puffs-Zahl \u2713 Einfach zu verwenden \u2713 Vielseitige Aromen \u2713\u27a4 Jetzt kaufen!","og_url":"https:\/\/vapingnet.de\/it\/vape\/die-zukunft-des-dampfens-nexa-ultra-50k-mit-3d-display\/","og_site_name":"Vapingnet.de","article_publisher":"https:\/\/www.facebook.com\/vapingnetde\/","article_modified_time":"2026-04-14T06:41:05+00:00","og_image":[{"width":1000,"height":1000,"url":"https:\/\/vapingnet.de\/wp-content\/uploads\/2025\/03\/NEXA50K.png","type":"image\/png"}],"twitter_card":"summary_large_image","twitter_misc":{"Est. reading time":"2 minutes"},"schema":{"@context":"https:\/\/schema.org","@graph":[{"@type":"WebPage","@id":"https:\/\/vapingnet.de\/vape\/die-zukunft-des-dampfens-nexa-ultra-50k-mit-3d-display\/","url":"https:\/\/vapingnet.de\/vape\/die-zukunft-des-dampfens-nexa-ultra-50k-mit-3d-display\/","name":"Die Zukunft des Dampfens NEXA Ultra 50K mit 3D-Display | Vapingnet.de","isPartOf":{"@id":"https:\/\/vapingnet.de\/#website"},"primaryImageOfPage":{"@id":"https:\/\/vapingnet.de\/vape\/die-zukunft-des-dampfens-nexa-ultra-50k-mit-3d-display\/#primaryimage"},"image":{"@id":"https:\/\/vapingnet.de\/vape\/die-zukunft-des-dampfens-nexa-ultra-50k-mit-3d-display\/#primaryimage"},"thumbnailUrl":"https:\/\/vapingnet.de\/wp-content\/uploads\/2025\/03\/NEXA50K.png","datePublished":"2025-03-15T06:42:30+00:00","dateModified":"2026-04-14T06:41:05+00:00","description":"Wir verkaufen Die Zukunft des Dampfens NEXA Ultra 50K mit 3D-Display , \u2713 Hohe Puffs-Zahl \u2713 Einfach zu verwenden \u2713 Vielseitige Aromen \u2713\u27a4 Jetzt kaufen!","breadcrumb":{"@id":"https:\/\/vapingnet.de\/vape\/die-zukunft-des-dampfens-nexa-ultra-50k-mit-3d-display\/#breadcrumb"},"inLanguage":"it-IT","potentialAction":[{"@type":"ReadAction","target":["https:\/\/vapingnet.de\/vape\/die-zukunft-des-dampfens-nexa-ultra-50k-mit-3d-display\/"]}]},{"@type":"ImageObject","inLanguage":"it-IT","@id":"https:\/\/vapingnet.de\/vape\/die-zukunft-des-dampfens-nexa-ultra-50k-mit-3d-display\/#primaryimage","url":"https:\/\/vapingnet.de\/wp-content\/uploads\/2025\/03\/NEXA50K.png","contentUrl":"https:\/\/vapingnet.de\/wp-content\/uploads\/2025\/03\/NEXA50K.png","width":1000,"height":1000,"caption":"NEXA50K"},{"@type":"BreadcrumbList","@id":"https:\/\/vapingnet.de\/vape\/die-zukunft-des-dampfens-nexa-ultra-50k-mit-3d-display\/#breadcrumb","itemListElement":[{"@type":"ListItem","position":1,"name":"Home","item":"https:\/\/vapingnet.de\/"},{"@type":"ListItem","position":2,"name":"Shop","item":"https:\/\/vapingnet.de\/vape\/"},{"@type":"ListItem","position":3,"name":"Die Zukunft des Dampfens NEXA Ultra 50K mit 3D-Display"}]},{"@type":"WebSite","@id":"https:\/\/vapingnet.de\/#website","url":"https:\/\/vapingnet.de\/","name":"Vapingnet.de","description":"","publisher":{"@id":"https:\/\/vapingnet.de\/#organization"},"potentialAction":[{"@type":"SearchAction","target":{"@type":"EntryPoint","urlTemplate":"https:\/\/vapingnet.de\/?s={search_term_string}"},"query-input":{"@type":"PropertyValueSpecification","valueRequired":true,"valueName":"search_term_string"}}],"inLanguage":"it-IT"},{"@type":"Organization","@id":"https:\/\/vapingnet.de\/#organization","name":"Vapingnet.de","url":"https:\/\/vapingnet.de\/","logo":{"@type":"ImageObject","inLanguage":"it-IT","@id":"https:\/\/vapingnet.de\/#\/schema\/logo\/image\/","url":"https:\/\/vapingnet.de\/wp-content\/uploads\/2025\/03\/cropped-vapingnet.de_.jpg","contentUrl":"https:\/\/vapingnet.de\/wp-content\/uploads\/2025\/03\/cropped-vapingnet.de_.jpg","width":512,"height":512,"caption":"Vapingnet.de"},"image":{"@id":"https:\/\/vapingnet.de\/#\/schema\/logo\/image\/"},"sameAs":["https:\/\/www.facebook.com\/vapingnetde\/"]}]}},"tiered_pricing_type":"fixed","tiered_pricing_fixed_rules":[],"tiered_pricing_product_settings":{"layout":"default","base_unit_name":{"singular":null,"plural":null},"default_variation":null},"tiered_pricing_minimum_quantity":null,"tiered_pricing_roles_data":[],"tiered_pricing_percentage_rules":[],"_links":{"self":[{"href":"https:\/\/vapingnet.de\/it\/wp-json\/wp\/v2\/product\/5400","targetHints":{"allow":["GET"]}}],"collection":[{"href":"https:\/\/vapingnet.de\/it\/wp-json\/wp\/v2\/product"}],"about":[{"href":"https:\/\/vapingnet.de\/it\/wp-json\/wp\/v2\/types\/product"}],"version-history":[{"count":1,"href":"https:\/\/vapingnet.de\/it\/wp-json\/wp\/v2\/product\/5400\/revisions"}],"predecessor-version":[{"id":5432,"href":"https:\/\/vapingnet.de\/it\/wp-json\/wp\/v2\/product\/5400\/revisions\/5432"}],"wp:featuredmedia":[{"embeddable":true,"href":"https:\/\/vapingnet.de\/it\/wp-json\/wp\/v2\/media\/5431"}],"wp:attachment":[{"href":"https:\/\/vapingnet.de\/it\/wp-json\/wp\/v2\/media?parent=5400"}],"wp:term":[{"taxonomy":"brand","embeddable":true,"href":"https:\/\/vapingnet.de\/it\/wp-json\/wp\/v2\/etheme_brands?post=5400"},{"taxonomy":"product_brand","embeddable":true,"href":"https:\/\/vapingnet.de\/it\/wp-json\/wp\/v2\/product_brand?post=5400"},{"taxonomy":"product_cat","embeddable":true,"href":"https:\/\/vapingnet.de\/it\/wp-json\/wp\/v2\/product_cat?post=5400"},{"taxonomy":"product_tag","embeddable":true,"href":"https:\/\/vapingnet.de\/it\/wp-json\/wp\/v2\/product_tag?post=5400"}],"curies":[{"name":"wp","href":"https:\/\/api.w.org\/{rel}","templated":true}]}}