{"id":5462,"date":"2025-03-15T09:11:03","date_gmt":"2025-03-15T09:11:03","guid":{"rendered":"https:\/\/vapingnet.de\/?post_type=product&#038;p=5462"},"modified":"2025-06-19T03:40:50","modified_gmt":"2025-06-19T03:40:50","slug":"red-bull-bang-20000puff-langanhaltender-genuss-premium-qualitaet-garantiert","status":"publish","type":"product","link":"https:\/\/vapingnet.de\/it\/vape\/red-bull-bang-20000puff-langanhaltender-genuss-premium-qualitaet-garantiert\/","title":{"rendered":"Red Bull Bang 20000Puff piacere duraturo Qualit\u00e0 premium garantita"},"content":{"rendered":"<h2 data-start=\"0\" data-end=\"106\">Bang 20000Puff Dual Mesh E-Zigarette \u2013 Gusto Red Bull, goditi un'esperienza energizzante<\/h2>\n<p data-start=\"108\" data-end=\"480\">La Bang 20000Puff Dual Mesh E-Zigarette con il suo design eccezionale e il delizioso gusto Red Bull garantisce un'esperienza di svapo unica. Se cerchi un'esperienza di utilizzo lunga e intensa, questa sigaretta elettronica \u00e8 ci\u00f2 che fa per te. Dal design a ogni tiro, ti offre un'esperienza di svapo completamente nuova ed emozionante.<\/p>\n<h4 data-start=\"482\" data-end=\"505\">Caratteristiche del prodotto<\/h4>\n<p data-start=\"507\" data-end=\"861\"><strong data-start=\"507\" data-end=\"551\">Svapo a lungo termine, fino a 20000 tiri<\/strong><br data-start=\"551\" data-end=\"554\" \/>Con una capacit\u00e0 di 28ml di e-liquid, la Bang 20000Puff Dual Mesh E-Zigarette offre fino a <a href=\"https:\/\/vapingnet.de\/it\/k\/vape-20000-zuege\/\" target=\"_blank\" rel=\"noopener\"><strong>20000 tiri<\/strong><\/a>. Non dovrai preoccuparti di ricariche frequenti o di sostituire il dispositivo. Il piacere a lungo termine \u00e8 garantito, cos\u00ec potrai goderti ogni secondo della tua esperienza di svapo.<\/p>\n<p data-start=\"863\" data-end=\"1283\"><strong data-start=\"863\" data-end=\"926\">Sistema di riscaldamento Dual-Mesh innovativo per un gusto pi\u00f9 intenso<\/strong><br data-start=\"926\" data-end=\"929\" \/>Con un sistema di riscaldamento Dual-Mesh da 1,1 Ohm, questa sigaretta elettronica garantisce un riscaldamento rapido e uniforme del liquido. Ci\u00f2 porta a un vapore morbido e fine con un aroma intenso e saporito di Red Bull ad ogni tiro. La tecnologia di riscaldamento esalta il gusto e assicura un'esperienza di svapo di alta qualit\u00e0 e costante.<\/p>\n<p data-start=\"1285\" data-end=\"1568\"><strong data-start=\"1285\" data-end=\"1325\">Quattro livelli di nicotina per ogni esigenza<\/strong><br data-start=\"1325\" data-end=\"1328\" \/>La Bang 20000Puff Dual Mesh E-Zigarette offre quattro diversi livelli di nicotina: 0%, 2%, 3% e 5%. Che tu desideri un'esperienza pi\u00f9 leggera o pi\u00f9 forte, puoi scegliere il livello di nicotina secondo il tuo gusto personale.<\/p>\n<p data-start=\"1570\" data-end=\"1827\"><strong data-start=\"1570\" data-end=\"1614\">Batteria da 650mAh con ricarica rapida Type-C<\/strong><br data-start=\"1614\" data-end=\"1617\" \/>La batteria da 650mAh garantisce un uso prolungato e permette una ricarica rapida grazie alla porta Type-C. Cos\u00ec puoi continuare a svapare rapidamente in qualsiasi momento, senza lunghe attese di ricarica.<\/p>\n<p data-start=\"1829\" data-end=\"2050\"><strong data-start=\"1829\" data-end=\"1851\">Leggera e portatile<\/strong><br data-start=\"1851\" data-end=\"1854\" \/>Con soli 90g di peso, questa sigaretta elettronica \u00e8 incredibilmente leggera e facile da trasportare. Che tu sia a casa o in movimento, si pu\u00f2 facilmente mettere in tasca e godere in qualsiasi momento.<\/p>\n<h4 data-start=\"2052\" data-end=\"2078\">Vantaggi dell'acquisto<\/h4>\n<ul data-start=\"2080\" data-end=\"2439\">\n<li data-start=\"2080\" data-end=\"2230\"><strong data-start=\"2082\" data-end=\"2094\">Dogana gratuita<\/strong>: Durante l'acquisto non sono applicate<a href=\"https:\/\/vapingnet.de\/it\/k\/f\/\" target=\"_blank\" rel=\"noopener\"><strong> dazi doganali<\/strong><\/a> alcun costo, rendendo il processo di acquisto semplice e trasparente.<\/li>\n<li data-start=\"2231\" data-end=\"2439\"><strong data-start=\"2233\" data-end=\"2285\">Spedizione aerea rapida, consegna in 7-15 giorni lavorativi<\/strong>: Garantiamo una consegna rapida entro 7-15 giorni lavorativi, affinch\u00e9 tu possa ricevere il prodotto rapidamente e iniziare subito a svapare.<\/li>\n<\/ul>\n<h3>Gusto Red Bull per energia e freschezza<\/h3>\n<p data-start=\"2494\" data-end=\"2849\">Il gusto Red Bull della Bang 20000Puff Dual Mesh E-Zigarette garantisce un'esperienza di svapo rinfrescante e ricca di energia. Il sapore ricorda la famosa bevanda energizzante e ti offre la sensazione definitiva di freschezza e vitalit\u00e0. Ogni inalazione ti mette in moto e ti permette di vivere tutta l'energia del gusto Red Bull.<\/p>\n<h4 data-start=\"2851\" data-end=\"2894\">Acquista ora e vivi l'esperienza Red Bull<\/h4>\n<p data-start=\"2895\" data-end=\"3131\" data-is-last-node=\"\" data-is-only-node=\"\">Visita <a href=\"https:\/\/vapingnet.de\/it\/\" target=\"_new\" rel=\"noopener\" data-start=\"2908\" data-end=\"2944\">vapingnet.de<\/a>, per acquistare la Bang 20000Puff Dual Mesh E-Zigarette e gustare il rinfrescante sapore Red Bull. Prendi subito la tua sigaretta elettronica e vivi tutta l'energia!<\/p>","protected":false},"excerpt":{"rendered":"<p>Bang 20000Puff Dual Mesh E-Zigarette \u2013 Red Bull Geschmack, genie\u00dfen Sie eine energiegeladene Erfahrung Die Bang 20000Puff Dual Mesh E-Zigarette mit ihrem au\u00dfergew\u00f6hnlichen Design und&#8230;<\/p>","protected":false},"featured_media":5463,"template":"","meta":[],"etheme_brands":[],"product_brand":[101],"product_cat":[54,49,61],"product_tag":[],"class_list":{"0":"post-5462","1":"product","2":"type-product","3":"status-publish","4":"has-post-thumbnail","6":"product_brand-bang-king-vape","7":"product_cat-vape-20000-zuege","8":"product_cat-einweg-e-zigarette","9":"product_cat-f","11":"first","12":"instock","13":"shipping-taxable","14":"purchasable","15":"product-type-simple"},"yoast_head":"<!-- This site is optimized with the Yoast SEO plugin v26.5 - https:\/\/yoast.com\/wordpress\/plugins\/seo\/ -->\n<title>Entdecke Bang 20000Puff Red Bull Geschmack auf vapingnet.de<\/title>\n<meta name=\"description\" content=\"Erlebe den erfrischenden Red Bull Geschmack des Bang 20000Puff. Langanhaltender Genuss, jetzt auf vapingnet.de erh\u00e4ltlich!\" \/>\n<meta name=\"robots\" content=\"index, follow, max-snippet:-1, max-image-preview:large, max-video-preview:-1\" \/>\n<link rel=\"canonical\" href=\"https:\/\/vapingnet.de\/it\/vape\/red-bull-bang-20000puff-langanhaltender-genuss-premium-qualitaet-garantiert\/\" \/>\n<meta property=\"og:locale\" content=\"it_IT\" \/>\n<meta property=\"og:type\" content=\"article\" \/>\n<meta property=\"og:title\" content=\"Entdecke Bang 20000Puff Red Bull Geschmack auf vapingnet.de\" \/>\n<meta property=\"og:description\" content=\"Erlebe den erfrischenden Red Bull Geschmack des Bang 20000Puff. Langanhaltender Genuss, jetzt auf vapingnet.de erh\u00e4ltlich!\" \/>\n<meta property=\"og:url\" content=\"https:\/\/vapingnet.de\/it\/vape\/red-bull-bang-20000puff-langanhaltender-genuss-premium-qualitaet-garantiert\/\" \/>\n<meta property=\"og:site_name\" content=\"Vapingnet.de\" \/>\n<meta property=\"article:publisher\" content=\"https:\/\/www.facebook.com\/vapingnetde\/\" \/>\n<meta property=\"article:modified_time\" content=\"2025-06-19T03:40:50+00:00\" \/>\n<meta property=\"og:image\" content=\"https:\/\/vapingnet.de\/wp-content\/uploads\/2025\/03\/Red-Bull.png\" \/>\n\t<meta property=\"og:image:width\" content=\"1000\" \/>\n\t<meta property=\"og:image:height\" content=\"1000\" \/>\n\t<meta property=\"og:image:type\" content=\"image\/png\" \/>\n<meta name=\"twitter:card\" content=\"summary_large_image\" \/>\n<meta name=\"twitter:label1\" content=\"Est. reading time\" \/>\n\t<meta name=\"twitter:data1\" content=\"3 minutes\" \/>\n<script type=\"application\/ld+json\" class=\"yoast-schema-graph\">{\"@context\":\"https:\/\/schema.org\",\"@graph\":[{\"@type\":\"WebPage\",\"@id\":\"https:\/\/vapingnet.de\/vape\/red-bull-bang-20000puff-langanhaltender-genuss-premium-qualitaet-garantiert\/\",\"url\":\"https:\/\/vapingnet.de\/vape\/red-bull-bang-20000puff-langanhaltender-genuss-premium-qualitaet-garantiert\/\",\"name\":\"Entdecke Bang 20000Puff Red Bull Geschmack auf vapingnet.de\",\"isPartOf\":{\"@id\":\"https:\/\/vapingnet.de\/#website\"},\"primaryImageOfPage\":{\"@id\":\"https:\/\/vapingnet.de\/vape\/red-bull-bang-20000puff-langanhaltender-genuss-premium-qualitaet-garantiert\/#primaryimage\"},\"image\":{\"@id\":\"https:\/\/vapingnet.de\/vape\/red-bull-bang-20000puff-langanhaltender-genuss-premium-qualitaet-garantiert\/#primaryimage\"},\"thumbnailUrl\":\"https:\/\/vapingnet.de\/wp-content\/uploads\/2025\/03\/Red-Bull.png\",\"datePublished\":\"2025-03-15T09:11:03+00:00\",\"dateModified\":\"2025-06-19T03:40:50+00:00\",\"description\":\"Erlebe den erfrischenden Red Bull Geschmack des Bang 20000Puff. Langanhaltender Genuss, jetzt auf vapingnet.de erh\u00e4ltlich!\",\"breadcrumb\":{\"@id\":\"https:\/\/vapingnet.de\/vape\/red-bull-bang-20000puff-langanhaltender-genuss-premium-qualitaet-garantiert\/#breadcrumb\"},\"inLanguage\":\"it-IT\",\"potentialAction\":[{\"@type\":\"ReadAction\",\"target\":[\"https:\/\/vapingnet.de\/vape\/red-bull-bang-20000puff-langanhaltender-genuss-premium-qualitaet-garantiert\/\"]}]},{\"@type\":\"ImageObject\",\"inLanguage\":\"it-IT\",\"@id\":\"https:\/\/vapingnet.de\/vape\/red-bull-bang-20000puff-langanhaltender-genuss-premium-qualitaet-garantiert\/#primaryimage\",\"url\":\"https:\/\/vapingnet.de\/wp-content\/uploads\/2025\/03\/Red-Bull.png\",\"contentUrl\":\"https:\/\/vapingnet.de\/wp-content\/uploads\/2025\/03\/Red-Bull.png\",\"width\":1000,\"height\":1000,\"caption\":\"Red Bull\"},{\"@type\":\"BreadcrumbList\",\"@id\":\"https:\/\/vapingnet.de\/vape\/red-bull-bang-20000puff-langanhaltender-genuss-premium-qualitaet-garantiert\/#breadcrumb\",\"itemListElement\":[{\"@type\":\"ListItem\",\"position\":1,\"name\":\"Home\",\"item\":\"https:\/\/vapingnet.de\/\"},{\"@type\":\"ListItem\",\"position\":2,\"name\":\"Shop\",\"item\":\"https:\/\/vapingnet.de\/vape\/\"},{\"@type\":\"ListItem\",\"position\":3,\"name\":\"Red Bull Bang 20000Puff Langanhaltender Genuss Premium Qualit\u00e4t garantiert\"}]},{\"@type\":\"WebSite\",\"@id\":\"https:\/\/vapingnet.de\/#website\",\"url\":\"https:\/\/vapingnet.de\/\",\"name\":\"Vapingnet.de\",\"description\":\"\",\"publisher\":{\"@id\":\"https:\/\/vapingnet.de\/#organization\"},\"potentialAction\":[{\"@type\":\"SearchAction\",\"target\":{\"@type\":\"EntryPoint\",\"urlTemplate\":\"https:\/\/vapingnet.de\/?s={search_term_string}\"},\"query-input\":{\"@type\":\"PropertyValueSpecification\",\"valueRequired\":true,\"valueName\":\"search_term_string\"}}],\"inLanguage\":\"it-IT\"},{\"@type\":\"Organization\",\"@id\":\"https:\/\/vapingnet.de\/#organization\",\"name\":\"Vapingnet.de\",\"url\":\"https:\/\/vapingnet.de\/\",\"logo\":{\"@type\":\"ImageObject\",\"inLanguage\":\"it-IT\",\"@id\":\"https:\/\/vapingnet.de\/#\/schema\/logo\/image\/\",\"url\":\"https:\/\/vapingnet.de\/wp-content\/uploads\/2025\/03\/cropped-vapingnet.de_.jpg\",\"contentUrl\":\"https:\/\/vapingnet.de\/wp-content\/uploads\/2025\/03\/cropped-vapingnet.de_.jpg\",\"width\":512,\"height\":512,\"caption\":\"Vapingnet.de\"},\"image\":{\"@id\":\"https:\/\/vapingnet.de\/#\/schema\/logo\/image\/\"},\"sameAs\":[\"https:\/\/www.facebook.com\/vapingnetde\/\"]}]}<\/script>\n<!-- \/ Yoast SEO plugin. -->","yoast_head_json":{"title":"Entdecke Bang 20000Puff Red Bull Geschmack auf vapingnet.de","description":"Erlebe den erfrischenden Red Bull Geschmack des Bang 20000Puff. Langanhaltender Genuss, jetzt auf vapingnet.de erh\u00e4ltlich!","robots":{"index":"index","follow":"follow","max-snippet":"max-snippet:-1","max-image-preview":"max-image-preview:large","max-video-preview":"max-video-preview:-1"},"canonical":"https:\/\/vapingnet.de\/it\/vape\/red-bull-bang-20000puff-langanhaltender-genuss-premium-qualitaet-garantiert\/","og_locale":"it_IT","og_type":"article","og_title":"Entdecke Bang 20000Puff Red Bull Geschmack auf vapingnet.de","og_description":"Erlebe den erfrischenden Red Bull Geschmack des Bang 20000Puff. Langanhaltender Genuss, jetzt auf vapingnet.de erh\u00e4ltlich!","og_url":"https:\/\/vapingnet.de\/it\/vape\/red-bull-bang-20000puff-langanhaltender-genuss-premium-qualitaet-garantiert\/","og_site_name":"Vapingnet.de","article_publisher":"https:\/\/www.facebook.com\/vapingnetde\/","article_modified_time":"2025-06-19T03:40:50+00:00","og_image":[{"width":1000,"height":1000,"url":"https:\/\/vapingnet.de\/wp-content\/uploads\/2025\/03\/Red-Bull.png","type":"image\/png"}],"twitter_card":"summary_large_image","twitter_misc":{"Est. reading time":"3 minutes"},"schema":{"@context":"https:\/\/schema.org","@graph":[{"@type":"WebPage","@id":"https:\/\/vapingnet.de\/vape\/red-bull-bang-20000puff-langanhaltender-genuss-premium-qualitaet-garantiert\/","url":"https:\/\/vapingnet.de\/vape\/red-bull-bang-20000puff-langanhaltender-genuss-premium-qualitaet-garantiert\/","name":"Entdecke Bang 20000Puff Red Bull Geschmack auf vapingnet.de","isPartOf":{"@id":"https:\/\/vapingnet.de\/#website"},"primaryImageOfPage":{"@id":"https:\/\/vapingnet.de\/vape\/red-bull-bang-20000puff-langanhaltender-genuss-premium-qualitaet-garantiert\/#primaryimage"},"image":{"@id":"https:\/\/vapingnet.de\/vape\/red-bull-bang-20000puff-langanhaltender-genuss-premium-qualitaet-garantiert\/#primaryimage"},"thumbnailUrl":"https:\/\/vapingnet.de\/wp-content\/uploads\/2025\/03\/Red-Bull.png","datePublished":"2025-03-15T09:11:03+00:00","dateModified":"2025-06-19T03:40:50+00:00","description":"Erlebe den erfrischenden Red Bull Geschmack des Bang 20000Puff. Langanhaltender Genuss, jetzt auf vapingnet.de erh\u00e4ltlich!","breadcrumb":{"@id":"https:\/\/vapingnet.de\/vape\/red-bull-bang-20000puff-langanhaltender-genuss-premium-qualitaet-garantiert\/#breadcrumb"},"inLanguage":"it-IT","potentialAction":[{"@type":"ReadAction","target":["https:\/\/vapingnet.de\/vape\/red-bull-bang-20000puff-langanhaltender-genuss-premium-qualitaet-garantiert\/"]}]},{"@type":"ImageObject","inLanguage":"it-IT","@id":"https:\/\/vapingnet.de\/vape\/red-bull-bang-20000puff-langanhaltender-genuss-premium-qualitaet-garantiert\/#primaryimage","url":"https:\/\/vapingnet.de\/wp-content\/uploads\/2025\/03\/Red-Bull.png","contentUrl":"https:\/\/vapingnet.de\/wp-content\/uploads\/2025\/03\/Red-Bull.png","width":1000,"height":1000,"caption":"Red Bull"},{"@type":"BreadcrumbList","@id":"https:\/\/vapingnet.de\/vape\/red-bull-bang-20000puff-langanhaltender-genuss-premium-qualitaet-garantiert\/#breadcrumb","itemListElement":[{"@type":"ListItem","position":1,"name":"Home","item":"https:\/\/vapingnet.de\/"},{"@type":"ListItem","position":2,"name":"Shop","item":"https:\/\/vapingnet.de\/vape\/"},{"@type":"ListItem","position":3,"name":"Red Bull Bang 20000Puff Langanhaltender Genuss Premium Qualit\u00e4t garantiert"}]},{"@type":"WebSite","@id":"https:\/\/vapingnet.de\/#website","url":"https:\/\/vapingnet.de\/","name":"Vapingnet.de","description":"","publisher":{"@id":"https:\/\/vapingnet.de\/#organization"},"potentialAction":[{"@type":"SearchAction","target":{"@type":"EntryPoint","urlTemplate":"https:\/\/vapingnet.de\/?s={search_term_string}"},"query-input":{"@type":"PropertyValueSpecification","valueRequired":true,"valueName":"search_term_string"}}],"inLanguage":"it-IT"},{"@type":"Organization","@id":"https:\/\/vapingnet.de\/#organization","name":"Vapingnet.de","url":"https:\/\/vapingnet.de\/","logo":{"@type":"ImageObject","inLanguage":"it-IT","@id":"https:\/\/vapingnet.de\/#\/schema\/logo\/image\/","url":"https:\/\/vapingnet.de\/wp-content\/uploads\/2025\/03\/cropped-vapingnet.de_.jpg","contentUrl":"https:\/\/vapingnet.de\/wp-content\/uploads\/2025\/03\/cropped-vapingnet.de_.jpg","width":512,"height":512,"caption":"Vapingnet.de"},"image":{"@id":"https:\/\/vapingnet.de\/#\/schema\/logo\/image\/"},"sameAs":["https:\/\/www.facebook.com\/vapingnetde\/"]}]}},"tiered_pricing_type":"fixed","tiered_pricing_fixed_rules":{"10":"8.92","60":"8.03","110":"7.14","200":"6.24"},"tiered_pricing_product_settings":{"layout":"default","base_unit_name":{"singular":null,"plural":null},"default_variation":null},"tiered_pricing_minimum_quantity":null,"tiered_pricing_roles_data":[],"tiered_pricing_percentage_rules":[],"_links":{"self":[{"href":"https:\/\/vapingnet.de\/it\/wp-json\/wp\/v2\/product\/5462","targetHints":{"allow":["GET"]}}],"collection":[{"href":"https:\/\/vapingnet.de\/it\/wp-json\/wp\/v2\/product"}],"about":[{"href":"https:\/\/vapingnet.de\/it\/wp-json\/wp\/v2\/types\/product"}],"version-history":[{"count":1,"href":"https:\/\/vapingnet.de\/it\/wp-json\/wp\/v2\/product\/5462\/revisions"}],"predecessor-version":[{"id":5464,"href":"https:\/\/vapingnet.de\/it\/wp-json\/wp\/v2\/product\/5462\/revisions\/5464"}],"wp:featuredmedia":[{"embeddable":true,"href":"https:\/\/vapingnet.de\/it\/wp-json\/wp\/v2\/media\/5463"}],"wp:attachment":[{"href":"https:\/\/vapingnet.de\/it\/wp-json\/wp\/v2\/media?parent=5462"}],"wp:term":[{"taxonomy":"brand","embeddable":true,"href":"https:\/\/vapingnet.de\/it\/wp-json\/wp\/v2\/etheme_brands?post=5462"},{"taxonomy":"product_brand","embeddable":true,"href":"https:\/\/vapingnet.de\/it\/wp-json\/wp\/v2\/product_brand?post=5462"},{"taxonomy":"product_cat","embeddable":true,"href":"https:\/\/vapingnet.de\/it\/wp-json\/wp\/v2\/product_cat?post=5462"},{"taxonomy":"product_tag","embeddable":true,"href":"https:\/\/vapingnet.de\/it\/wp-json\/wp\/v2\/product_tag?post=5462"}],"curies":[{"name":"wp","href":"https:\/\/api.w.org\/{rel}","templated":true}]}}