{"id":5465,"date":"2025-03-15T09:21:05","date_gmt":"2025-03-15T09:21:05","guid":{"rendered":"https:\/\/vapingnet.de\/?post_type=product&#038;p=5465"},"modified":"2025-06-19T03:40:50","modified_gmt":"2025-06-19T03:40:50","slug":"erfrischend-und-hochwertig-bang-20000puff-watermelon-ice-direkt-ab-werk","status":"publish","type":"product","link":"https:\/\/vapingnet.de\/it\/vape\/erfrischend-und-hochwertig-bang-20000puff-watermelon-ice-direkt-ab-werk\/","title":{"rendered":"Rinfrescante e di alta qualit\u00e0 Bang 20000Puff Watermelon Ice direttamente dalla fabbrica"},"content":{"rendered":"<h2 data-start=\"0\" data-end=\"62\">Bang 20000Puff Dual Mesh E-Sigaretta \u2013 Ogni tiro un piacere<\/h2>\n<p data-start=\"64\" data-end=\"392\">La Bang 20000Puff Dual Mesh E-Sigaretta \u00e8 stata progettata per gli appassionati di sigarette elettroniche che cercano massimo gusto e lunga durata. Con la sua innovativa tecnologia di nebulizzazione Dual-Mesh, la grande capacit\u00e0 e l'efficiente durata della batteria, offre un'esperienza di svapo senza paragoni.<\/p>\n<h4 data-start=\"394\" data-end=\"413\">Caratteristiche principali<\/h4>\n<ul data-start=\"414\" data-end=\"1848\">\n<li data-start=\"414\" data-end=\"660\">\n<p data-start=\"416\" data-end=\"660\"><strong data-start=\"416\" data-end=\"439\">Esperienza di 20000 tiri<\/strong><br data-start=\"439\" data-end=\"442\" \/>Ogni sigaretta elettronica Bang 20000Puff offre fino a <a href=\"https:\/\/vapingnet.de\/it\/k\/vape-20000-zuege\/\" target=\"_blank\" rel=\"noopener\"><strong>20000 tiri<\/strong><\/a>, cos\u00ec puoi goderti la tua sigaretta elettronica durante l'uso quotidiano o alle feste, senza dover ricaricare continuamente. Lunga durata senza frequenti cambi.<\/p>\n<\/li>\n<li data-start=\"662\" data-end=\"920\">\n<p data-start=\"664\" data-end=\"920\"><strong data-start=\"664\" data-end=\"701\">Tecnologia di nebulizzazione Dual-Mesh<\/strong><br data-start=\"701\" data-end=\"704\" \/>Con una coil Dual-Mesh da 1,1\u03a9, la sigaretta elettronica garantisce un vapore particolarmente uniforme. Ogni tiro produce una nuvola densa, liscia e saporita, che porta l'esperienza di svapo a un livello superiore.<\/p>\n<\/li>\n<li data-start=\"922\" data-end=\"1128\">\n<p data-start=\"924\" data-end=\"1128\"><strong data-start=\"924\" data-end=\"949\">Capacit\u00e0 di 28 ml<\/strong><br data-start=\"949\" data-end=\"952\" \/>La Bang 20000Puff dispone di una generosa capacit\u00e0 di 28 ml di e-liquid, che ti permette di svapare a lungo senza ricaricare. Goditi l'esperienza di svapo senza interruzioni.<\/p>\n<\/li>\n<li data-start=\"1130\" data-end=\"1415\">\n<p data-start=\"1132\" data-end=\"1415\"><strong data-start=\"1132\" data-end=\"1176\">Diversi livelli di nicotina salina<\/strong><br data-start=\"1176\" data-end=\"1179\" \/>Scegli tra 0%, 2%, 3% o 5% di concentrazione di nicotina, a seconda di quanto desideri intensificare l'esperienza di svapo. Che tu preferisca un gusto senza nicotina, rinfrescante, o un colpo di nicotina intenso \u2013 c'\u00e8 qualcosa per tutti.<\/p>\n<\/li>\n<li data-start=\"1417\" data-end=\"1652\">\n<p data-start=\"1419\" data-end=\"1652\"><strong data-start=\"1419\" data-end=\"1457\">Batteria da 650mAh &amp; Ricarica rapida Type-C<\/strong><br data-start=\"1457\" data-end=\"1460\" \/>La batteria da 650mAh garantisce una lunga durata. Con il connettore Type-C, la ricarica \u00e8 ancora pi\u00f9 veloce e comoda, cos\u00ec puoi tornare subito a usare la sigaretta elettronica.<\/p>\n<\/li>\n<li data-start=\"1654\" data-end=\"1848\">\n<p data-start=\"1656\" data-end=\"1848\"><strong data-start=\"1656\" data-end=\"1675\">Design leggero<\/strong><br data-start=\"1675\" data-end=\"1678\" \/>Con soli 90 g, la Bang 20000Puff \u00e8 particolarmente leggera e facile da riporre in borsa o in tasca. Goditi l'esperienza di svapo ovunque e in qualsiasi momento.<\/p>\n<\/li>\n<\/ul>\n<h4 data-start=\"1850\" data-end=\"2205\">Consiglio di gusto: Watermelon Ice<\/h4>\n<p data-start=\"1850\" data-end=\"2205\">Il sapore di Watermelon Ice combina il dolce gusto dell'anguria con una fresca e ghiacciata sensazione di freschezza. Ogni tiro \u00e8 come una brezza estiva rinfrescante. Che sia estate o inverno, il gusto di Watermelon Ice ti offre sempre un'esperienza di svapo rinfrescante.<\/p>\n<h3 data-start=\"2207\" data-end=\"2251\">Perch\u00e9 scegliere Bang 20000Puff Dual Mesh?<\/h3>\n<ul data-start=\"2252\" data-end=\"2716\">\n<li data-start=\"2252\" data-end=\"2356\"><strong data-start=\"2254\" data-end=\"2266\">Dogana gratuita<\/strong>: Tutti gli ordini sono senza dazi, garantendoti un'esperienza di acquisto senza preoccupazioni.<\/li>\n<li data-start=\"2357\" data-end=\"2508\"><strong data-start=\"2359\" data-end=\"2381\">Consegna rapida<\/strong>: Con il trasporto aereo il tuo ordine arriver\u00e0 in soli 7-15 giorni lavorativi \u2013 una consegna veloce che apprezzerai.<\/li>\n<li data-start=\"2509\" data-end=\"2716\"><strong data-start=\"2511\" data-end=\"2535\">Qualit\u00e0 di alta gamma<\/strong>: La Bang 20000Puff \u00e8 realizzata con materiali moderni e design innovativi per offrirti una qualit\u00e0 costante e un'esperienza di svapo soddisfacente.<\/li>\n<\/ul>\n<p data-start=\"2718\" data-end=\"2934\" data-is-last-node=\"\" data-is-only-node=\"\">Scegli la sigaretta elettronica Bang 20000Puff Dual Mesh e vivi un piacere duraturo. Visita ora vapingnet.de e goditi un'esperienza di acquisto senza dazi e consegna rapida. Inizia oggi il tuo percorso di svapo!<\/p>","protected":false},"excerpt":{"rendered":"<p>Bang 20000Puff Dual Mesh Sigaretta Elettronica \u2013 Ogni tiro \u00e8 un piacere. La Bang 20000Puff Dual Mesh sigaretta elettronica \u00e8 stata progettata per gli amanti delle sigarette elettroniche che cercano massimo gusto e...<\/p>","protected":false},"featured_media":5466,"template":"","meta":[],"etheme_brands":[],"product_brand":[101],"product_cat":[54,49,61],"product_tag":[],"class_list":{"0":"post-5465","1":"product","2":"type-product","3":"status-publish","4":"has-post-thumbnail","6":"product_brand-bang-king-vape","7":"product_cat-vape-20000-zuege","8":"product_cat-einweg-e-zigarette","9":"product_cat-f","11":"first","12":"instock","13":"shipping-taxable","14":"purchasable","15":"product-type-simple"},"yoast_head":"<!-- This site is optimized with the Yoast SEO plugin v26.5 - https:\/\/yoast.com\/wordpress\/plugins\/seo\/ -->\n<title>Bang 20000Puff Watermelon Ice Frischer Genuss auf vapingnet.de<\/title>\n<meta name=\"description\" content=\"Genie\u00dfe den erfrischenden Watermelon Ice Geschmack des Bang 20000Puff. Langanhaltender Vaping-Genuss, jetzt auf vapingnet.de\" \/>\n<meta name=\"robots\" content=\"index, follow, max-snippet:-1, max-image-preview:large, max-video-preview:-1\" \/>\n<link rel=\"canonical\" href=\"https:\/\/vapingnet.de\/it\/vape\/erfrischend-und-hochwertig-bang-20000puff-watermelon-ice-direkt-ab-werk\/\" \/>\n<meta property=\"og:locale\" content=\"it_IT\" \/>\n<meta property=\"og:type\" content=\"article\" \/>\n<meta property=\"og:title\" content=\"Bang 20000Puff Watermelon Ice Frischer Genuss auf vapingnet.de\" \/>\n<meta property=\"og:description\" content=\"Genie\u00dfe den erfrischenden Watermelon Ice Geschmack des Bang 20000Puff. Langanhaltender Vaping-Genuss, jetzt auf vapingnet.de\" \/>\n<meta property=\"og:url\" content=\"https:\/\/vapingnet.de\/it\/vape\/erfrischend-und-hochwertig-bang-20000puff-watermelon-ice-direkt-ab-werk\/\" \/>\n<meta property=\"og:site_name\" content=\"Vapingnet.de\" \/>\n<meta property=\"article:publisher\" content=\"https:\/\/www.facebook.com\/vapingnetde\/\" \/>\n<meta property=\"article:modified_time\" content=\"2025-06-19T03:40:50+00:00\" \/>\n<meta property=\"og:image\" content=\"https:\/\/vapingnet.de\/wp-content\/uploads\/2025\/03\/Watermelon-Ice-1.png\" \/>\n\t<meta property=\"og:image:width\" content=\"1000\" \/>\n\t<meta property=\"og:image:height\" content=\"1000\" \/>\n\t<meta property=\"og:image:type\" content=\"image\/png\" \/>\n<meta name=\"twitter:card\" content=\"summary_large_image\" \/>\n<meta name=\"twitter:label1\" content=\"Est. reading time\" \/>\n\t<meta name=\"twitter:data1\" content=\"3 minutes\" \/>\n<script type=\"application\/ld+json\" class=\"yoast-schema-graph\">{\"@context\":\"https:\/\/schema.org\",\"@graph\":[{\"@type\":\"WebPage\",\"@id\":\"https:\/\/vapingnet.de\/vape\/erfrischend-und-hochwertig-bang-20000puff-watermelon-ice-direkt-ab-werk\/\",\"url\":\"https:\/\/vapingnet.de\/vape\/erfrischend-und-hochwertig-bang-20000puff-watermelon-ice-direkt-ab-werk\/\",\"name\":\"Bang 20000Puff Watermelon Ice Frischer Genuss auf vapingnet.de\",\"isPartOf\":{\"@id\":\"https:\/\/vapingnet.de\/#website\"},\"primaryImageOfPage\":{\"@id\":\"https:\/\/vapingnet.de\/vape\/erfrischend-und-hochwertig-bang-20000puff-watermelon-ice-direkt-ab-werk\/#primaryimage\"},\"image\":{\"@id\":\"https:\/\/vapingnet.de\/vape\/erfrischend-und-hochwertig-bang-20000puff-watermelon-ice-direkt-ab-werk\/#primaryimage\"},\"thumbnailUrl\":\"https:\/\/vapingnet.de\/wp-content\/uploads\/2025\/03\/Watermelon-Ice-1.png\",\"datePublished\":\"2025-03-15T09:21:05+00:00\",\"dateModified\":\"2025-06-19T03:40:50+00:00\",\"description\":\"Genie\u00dfe den erfrischenden Watermelon Ice Geschmack des Bang 20000Puff. Langanhaltender Vaping-Genuss, jetzt auf vapingnet.de\",\"breadcrumb\":{\"@id\":\"https:\/\/vapingnet.de\/vape\/erfrischend-und-hochwertig-bang-20000puff-watermelon-ice-direkt-ab-werk\/#breadcrumb\"},\"inLanguage\":\"it-IT\",\"potentialAction\":[{\"@type\":\"ReadAction\",\"target\":[\"https:\/\/vapingnet.de\/vape\/erfrischend-und-hochwertig-bang-20000puff-watermelon-ice-direkt-ab-werk\/\"]}]},{\"@type\":\"ImageObject\",\"inLanguage\":\"it-IT\",\"@id\":\"https:\/\/vapingnet.de\/vape\/erfrischend-und-hochwertig-bang-20000puff-watermelon-ice-direkt-ab-werk\/#primaryimage\",\"url\":\"https:\/\/vapingnet.de\/wp-content\/uploads\/2025\/03\/Watermelon-Ice-1.png\",\"contentUrl\":\"https:\/\/vapingnet.de\/wp-content\/uploads\/2025\/03\/Watermelon-Ice-1.png\",\"width\":1000,\"height\":1000,\"caption\":\"Watermelon Ice\"},{\"@type\":\"BreadcrumbList\",\"@id\":\"https:\/\/vapingnet.de\/vape\/erfrischend-und-hochwertig-bang-20000puff-watermelon-ice-direkt-ab-werk\/#breadcrumb\",\"itemListElement\":[{\"@type\":\"ListItem\",\"position\":1,\"name\":\"Home\",\"item\":\"https:\/\/vapingnet.de\/\"},{\"@type\":\"ListItem\",\"position\":2,\"name\":\"Shop\",\"item\":\"https:\/\/vapingnet.de\/vape\/\"},{\"@type\":\"ListItem\",\"position\":3,\"name\":\"Erfrischend und hochwertig Bang 20000Puff Watermelon Ice direkt ab Werk\"}]},{\"@type\":\"WebSite\",\"@id\":\"https:\/\/vapingnet.de\/#website\",\"url\":\"https:\/\/vapingnet.de\/\",\"name\":\"Vapingnet.de\",\"description\":\"\",\"publisher\":{\"@id\":\"https:\/\/vapingnet.de\/#organization\"},\"potentialAction\":[{\"@type\":\"SearchAction\",\"target\":{\"@type\":\"EntryPoint\",\"urlTemplate\":\"https:\/\/vapingnet.de\/?s={search_term_string}\"},\"query-input\":{\"@type\":\"PropertyValueSpecification\",\"valueRequired\":true,\"valueName\":\"search_term_string\"}}],\"inLanguage\":\"it-IT\"},{\"@type\":\"Organization\",\"@id\":\"https:\/\/vapingnet.de\/#organization\",\"name\":\"Vapingnet.de\",\"url\":\"https:\/\/vapingnet.de\/\",\"logo\":{\"@type\":\"ImageObject\",\"inLanguage\":\"it-IT\",\"@id\":\"https:\/\/vapingnet.de\/#\/schema\/logo\/image\/\",\"url\":\"https:\/\/vapingnet.de\/wp-content\/uploads\/2025\/03\/cropped-vapingnet.de_.jpg\",\"contentUrl\":\"https:\/\/vapingnet.de\/wp-content\/uploads\/2025\/03\/cropped-vapingnet.de_.jpg\",\"width\":512,\"height\":512,\"caption\":\"Vapingnet.de\"},\"image\":{\"@id\":\"https:\/\/vapingnet.de\/#\/schema\/logo\/image\/\"},\"sameAs\":[\"https:\/\/www.facebook.com\/vapingnetde\/\"]}]}<\/script>\n<!-- \/ Yoast SEO plugin. -->","yoast_head_json":{"title":"Bang 20000Puff Watermelon Ice Frischer Genuss auf vapingnet.de","description":"Genie\u00dfe den erfrischenden Watermelon Ice Geschmack des Bang 20000Puff. Langanhaltender Vaping-Genuss, jetzt auf vapingnet.de","robots":{"index":"index","follow":"follow","max-snippet":"max-snippet:-1","max-image-preview":"max-image-preview:large","max-video-preview":"max-video-preview:-1"},"canonical":"https:\/\/vapingnet.de\/it\/vape\/erfrischend-und-hochwertig-bang-20000puff-watermelon-ice-direkt-ab-werk\/","og_locale":"it_IT","og_type":"article","og_title":"Bang 20000Puff Watermelon Ice Frischer Genuss auf vapingnet.de","og_description":"Genie\u00dfe den erfrischenden Watermelon Ice Geschmack des Bang 20000Puff. Langanhaltender Vaping-Genuss, jetzt auf vapingnet.de","og_url":"https:\/\/vapingnet.de\/it\/vape\/erfrischend-und-hochwertig-bang-20000puff-watermelon-ice-direkt-ab-werk\/","og_site_name":"Vapingnet.de","article_publisher":"https:\/\/www.facebook.com\/vapingnetde\/","article_modified_time":"2025-06-19T03:40:50+00:00","og_image":[{"width":1000,"height":1000,"url":"https:\/\/vapingnet.de\/wp-content\/uploads\/2025\/03\/Watermelon-Ice-1.png","type":"image\/png"}],"twitter_card":"summary_large_image","twitter_misc":{"Est. reading time":"3 minutes"},"schema":{"@context":"https:\/\/schema.org","@graph":[{"@type":"WebPage","@id":"https:\/\/vapingnet.de\/vape\/erfrischend-und-hochwertig-bang-20000puff-watermelon-ice-direkt-ab-werk\/","url":"https:\/\/vapingnet.de\/vape\/erfrischend-und-hochwertig-bang-20000puff-watermelon-ice-direkt-ab-werk\/","name":"Bang 20000Puff Watermelon Ice Frischer Genuss auf vapingnet.de","isPartOf":{"@id":"https:\/\/vapingnet.de\/#website"},"primaryImageOfPage":{"@id":"https:\/\/vapingnet.de\/vape\/erfrischend-und-hochwertig-bang-20000puff-watermelon-ice-direkt-ab-werk\/#primaryimage"},"image":{"@id":"https:\/\/vapingnet.de\/vape\/erfrischend-und-hochwertig-bang-20000puff-watermelon-ice-direkt-ab-werk\/#primaryimage"},"thumbnailUrl":"https:\/\/vapingnet.de\/wp-content\/uploads\/2025\/03\/Watermelon-Ice-1.png","datePublished":"2025-03-15T09:21:05+00:00","dateModified":"2025-06-19T03:40:50+00:00","description":"Genie\u00dfe den erfrischenden Watermelon Ice Geschmack des Bang 20000Puff. Langanhaltender Vaping-Genuss, jetzt auf vapingnet.de","breadcrumb":{"@id":"https:\/\/vapingnet.de\/vape\/erfrischend-und-hochwertig-bang-20000puff-watermelon-ice-direkt-ab-werk\/#breadcrumb"},"inLanguage":"it-IT","potentialAction":[{"@type":"ReadAction","target":["https:\/\/vapingnet.de\/vape\/erfrischend-und-hochwertig-bang-20000puff-watermelon-ice-direkt-ab-werk\/"]}]},{"@type":"ImageObject","inLanguage":"it-IT","@id":"https:\/\/vapingnet.de\/vape\/erfrischend-und-hochwertig-bang-20000puff-watermelon-ice-direkt-ab-werk\/#primaryimage","url":"https:\/\/vapingnet.de\/wp-content\/uploads\/2025\/03\/Watermelon-Ice-1.png","contentUrl":"https:\/\/vapingnet.de\/wp-content\/uploads\/2025\/03\/Watermelon-Ice-1.png","width":1000,"height":1000,"caption":"Watermelon Ice"},{"@type":"BreadcrumbList","@id":"https:\/\/vapingnet.de\/vape\/erfrischend-und-hochwertig-bang-20000puff-watermelon-ice-direkt-ab-werk\/#breadcrumb","itemListElement":[{"@type":"ListItem","position":1,"name":"Home","item":"https:\/\/vapingnet.de\/"},{"@type":"ListItem","position":2,"name":"Shop","item":"https:\/\/vapingnet.de\/vape\/"},{"@type":"ListItem","position":3,"name":"Erfrischend und hochwertig Bang 20000Puff Watermelon Ice direkt ab Werk"}]},{"@type":"WebSite","@id":"https:\/\/vapingnet.de\/#website","url":"https:\/\/vapingnet.de\/","name":"Vapingnet.de","description":"","publisher":{"@id":"https:\/\/vapingnet.de\/#organization"},"potentialAction":[{"@type":"SearchAction","target":{"@type":"EntryPoint","urlTemplate":"https:\/\/vapingnet.de\/?s={search_term_string}"},"query-input":{"@type":"PropertyValueSpecification","valueRequired":true,"valueName":"search_term_string"}}],"inLanguage":"it-IT"},{"@type":"Organization","@id":"https:\/\/vapingnet.de\/#organization","name":"Vapingnet.de","url":"https:\/\/vapingnet.de\/","logo":{"@type":"ImageObject","inLanguage":"it-IT","@id":"https:\/\/vapingnet.de\/#\/schema\/logo\/image\/","url":"https:\/\/vapingnet.de\/wp-content\/uploads\/2025\/03\/cropped-vapingnet.de_.jpg","contentUrl":"https:\/\/vapingnet.de\/wp-content\/uploads\/2025\/03\/cropped-vapingnet.de_.jpg","width":512,"height":512,"caption":"Vapingnet.de"},"image":{"@id":"https:\/\/vapingnet.de\/#\/schema\/logo\/image\/"},"sameAs":["https:\/\/www.facebook.com\/vapingnetde\/"]}]}},"tiered_pricing_type":"fixed","tiered_pricing_fixed_rules":{"10":"8.92","60":"8.03","110":"7.14","200":"6.24"},"tiered_pricing_product_settings":{"layout":"default","base_unit_name":{"singular":null,"plural":null},"default_variation":null},"tiered_pricing_minimum_quantity":null,"tiered_pricing_roles_data":[],"tiered_pricing_percentage_rules":[],"_links":{"self":[{"href":"https:\/\/vapingnet.de\/it\/wp-json\/wp\/v2\/product\/5465","targetHints":{"allow":["GET"]}}],"collection":[{"href":"https:\/\/vapingnet.de\/it\/wp-json\/wp\/v2\/product"}],"about":[{"href":"https:\/\/vapingnet.de\/it\/wp-json\/wp\/v2\/types\/product"}],"version-history":[{"count":1,"href":"https:\/\/vapingnet.de\/it\/wp-json\/wp\/v2\/product\/5465\/revisions"}],"predecessor-version":[{"id":5467,"href":"https:\/\/vapingnet.de\/it\/wp-json\/wp\/v2\/product\/5465\/revisions\/5467"}],"wp:featuredmedia":[{"embeddable":true,"href":"https:\/\/vapingnet.de\/it\/wp-json\/wp\/v2\/media\/5466"}],"wp:attachment":[{"href":"https:\/\/vapingnet.de\/it\/wp-json\/wp\/v2\/media?parent=5465"}],"wp:term":[{"taxonomy":"brand","embeddable":true,"href":"https:\/\/vapingnet.de\/it\/wp-json\/wp\/v2\/etheme_brands?post=5465"},{"taxonomy":"product_brand","embeddable":true,"href":"https:\/\/vapingnet.de\/it\/wp-json\/wp\/v2\/product_brand?post=5465"},{"taxonomy":"product_cat","embeddable":true,"href":"https:\/\/vapingnet.de\/it\/wp-json\/wp\/v2\/product_cat?post=5465"},{"taxonomy":"product_tag","embeddable":true,"href":"https:\/\/vapingnet.de\/it\/wp-json\/wp\/v2\/product_tag?post=5465"}],"curies":[{"name":"wp","href":"https:\/\/api.w.org\/{rel}","templated":true}]}}