{"id":5468,"date":"2025-03-15T09:27:14","date_gmt":"2025-03-15T09:27:14","guid":{"rendered":"https:\/\/vapingnet.de\/?post_type=product&#038;p=5468"},"modified":"2025-06-19T03:40:50","modified_gmt":"2025-06-19T03:40:50","slug":"bang-20000puff-grape-ice-erfrischender-genuss-jetzt-werksrabatt-sichern","status":"publish","type":"product","link":"https:\/\/vapingnet.de\/it\/vape\/bang-20000puff-grape-ice-erfrischender-genuss-jetzt-werksrabatt-sichern\/","title":{"rendered":"Bang 20000Puff Grape Ice gusto rinfrescante ora con sconto di fabbrica"},"content":{"rendered":"<h2 data-start=\"0\" data-end=\"83\"><\/h2>\n<h2 data-start=\"90\" data-end=\"137\">Bang 20000Puff Dual Mesh Sigaretta Elettronica usa e getta<\/h2>\n<p data-start=\"139\" data-end=\"191\"><strong data-start=\"139\" data-end=\"191\">Goditi un piacere e un sapore duraturi<\/strong><\/p>\n<p data-start=\"193\" data-end=\"543\">La Bang 20000Puff Dual Mesh<a href=\"https:\/\/vapingnet.de\/it\/k\/einweg-e-zigarette\/\" target=\"_blank\" rel=\"noopener\"><strong> Sigaretta elettronica usa e getta<\/strong><\/a> \u00e8 stata sviluppata per utenti che cercano prestazioni durature e qualit\u00e0 superiore. Questa sigaretta elettronica offre non solo le funzioni di base, ma ogni dettaglio \u00e8 stato accuratamente studiato per garantire che tu possa gustare ogni tiro con vapore e sapore perfetti.<\/p>\n<h4 data-start=\"545\" data-end=\"569\">Punti salienti del prodotto<\/h4>\n<ol data-start=\"570\" data-end=\"2027\">\n<li data-start=\"570\" data-end=\"778\">\n<p data-start=\"573\" data-end=\"778\"><strong data-start=\"573\" data-end=\"597\">Utilizzo estremamente lungo<\/strong><br data-start=\"597\" data-end=\"600\" \/>La Bang 20000Puff offre 20000 tiri, cos\u00ec non dovrai pi\u00f9 preoccuparti di sostituirla frequentemente. Puoi goderti il piacere pi\u00f9 a lungo \u2013 ideale per utenti a lungo termine.<\/p>\n<\/li>\n<li data-start=\"780\" data-end=\"1046\">\n<p data-start=\"783\" data-end=\"1046\"><strong data-start=\"783\" data-end=\"831\">Tecnologia innovativa di nebulizzazione Dual-Mesh<\/strong><br data-start=\"831\" data-end=\"834\" \/>La coil Dual-Mesh da 1,1\u03a9 assicura vapore ricco e saporito. Ad ogni tiro sperimenterai una produzione di vapore fine e uniforme, rendendo l'esperienza di svapo speciale.<\/p>\n<\/li>\n<li data-start=\"1048\" data-end=\"1286\">\n<p data-start=\"1051\" data-end=\"1286\"><strong data-start=\"1051\" data-end=\"1079\">Grande capacit\u00e0 di E-Liquid<\/strong><br data-start=\"1079\" data-end=\"1082\" \/>Con una capacit\u00e0 di 28 ml di liquido, puoi goderti la sigaretta elettronica per un periodo prolungato senza doverla riempire. La Bang 20000Puff combina un uso duraturo con comodit\u00e0.<\/p>\n<\/li>\n<li data-start=\"1288\" data-end=\"1537\">\n<p data-start=\"1291\" data-end=\"1537\"><strong data-start=\"1291\" data-end=\"1322\">Diversi livelli di nicotina<\/strong><br data-start=\"1322\" data-end=\"1325\" \/>La Bang 20000Puff offre quattro livelli di nicotina: 0%, 2%, 3% e 5%. Che tu preferisca un sapore fresco senza nicotina o una dose pi\u00f9 forte di nicotina, questa sigaretta elettronica soddisfa i tuoi desideri.<\/p>\n<\/li>\n<li data-start=\"1539\" data-end=\"1791\">\n<p data-start=\"1542\" data-end=\"1791\"><strong data-start=\"1542\" data-end=\"1580\">Batteria efficiente e ricarica rapida<\/strong><br data-start=\"1580\" data-end=\"1583\" \/>Con una batteria da 650mAh, la Bang 20000Puff garantisce un uso duraturo. La porta Type-C permette una ricarica veloce e comoda, cos\u00ec sarai sempre pronto a svapare rapidamente.<\/p>\n<\/li>\n<li data-start=\"1793\" data-end=\"2027\">\n<p data-start=\"1796\" data-end=\"2027\"><strong data-start=\"1796\" data-end=\"1832\">Design confortevole e leggero<\/strong><br data-start=\"1832\" data-end=\"1835\" \/>Con soli 90 g, la Bang 20000Puff \u00e8 leggera e facile da trasportare. Puoi riporla facilmente nella tasca o nella borsa e goderti sempre il pieno piacere di vapore.<\/p>\n<\/li>\n<\/ol>\n<h4 data-start=\"2029\" data-end=\"2081\">Consiglio di gusto: Grape Ice<\/h4>\n<p data-start=\"2083\" data-end=\"2353\">Il sapore di Grape Ice combina la dolcezza dell'uva con una fresca nota di ghiaccio. Ogni tiro porta una sensazione rinfrescante e estiva. Che sia estate o inverno, questo gusto garantisce una piacevole freschezza e un'esperienza di svapo rinfrescante.<\/p>\n<h3 data-start=\"2355\" data-end=\"2387\">Perch\u00e9 scegliere Bang 20000Puff?<\/h3>\n<ul data-start=\"2389\" data-end=\"2780\">\n<li data-start=\"2389\" data-end=\"2501\"><strong data-start=\"2391\" data-end=\"2403\">Dogana gratuita<\/strong>: Tutti gli ordini beneficiano di consegne senza dazi, cos\u00ec puoi fare acquisti senza preoccupazioni.<\/li>\n<li data-start=\"2502\" data-end=\"2624\"><strong data-start=\"2504\" data-end=\"2526\">Consegna rapida<\/strong>: Con il trasporto aereo, il tuo ordine sar\u00e0 consegnato in modo rapido e sicuro entro 7-15 giorni lavorativi.<\/li>\n<li data-start=\"2625\" data-end=\"2780\"><strong data-start=\"2627\" data-end=\"2651\">Qualit\u00e0 di alta gamma<\/strong>: Offriamo solo prodotti di altissima qualit\u00e0, affinch\u00e9 ogni tiro della Bang 20000Puff sia un'esperienza eccezionale.<\/li>\n<\/ul>\n<p data-start=\"2782\" data-end=\"3123\"><strong data-start=\"2782\" data-end=\"2846\">Acquista ora e goditi un'esperienza di svapo senza paragoni<\/strong><br data-start=\"2846\" data-end=\"2849\" \/>Visita vapingnet.de e acquista oggi la sigaretta elettronica usa e getta Bang 20000Puff Dual Mesh. Approfitta di acquisti duty-free e consegna rapida. Sia per l'uso quotidiano che per rilassarsi \u2013 la Bang 20000Puff soddisfa tutti i tuoi desideri di svapo.<\/p>\n<p data-start=\"3130\" data-end=\"3245\" data-is-last-node=\"\" data-is-only-node=\"\">Spero che questa traduzione soddisfi le tue aspettative. Fammi sapere se desideri apportare ulteriori modifiche!<\/p>","protected":false},"excerpt":{"rendered":"<p>Bang 20000Puff Dual Mesh Einweg E-Zigarette Erleben Sie langanhaltenden Genuss und Geschmack Die Bang 20000Puff Dual Mesh Einweg E-Zigarette wurde f\u00fcr Nutzer entwickelt, die langanhaltende&#8230;<\/p>","protected":false},"featured_media":5469,"template":"","meta":[],"etheme_brands":[],"product_brand":[101],"product_cat":[54,49,61],"product_tag":[],"class_list":{"0":"post-5468","1":"product","2":"type-product","3":"status-publish","4":"has-post-thumbnail","6":"product_brand-bang-king-vape","7":"product_cat-vape-20000-zuege","8":"product_cat-einweg-e-zigarette","9":"product_cat-f","11":"first","12":"instock","13":"shipping-taxable","14":"purchasable","15":"product-type-simple"},"yoast_head":"<!-- This site is optimized with the Yoast SEO plugin v26.5 - https:\/\/yoast.com\/wordpress\/plugins\/seo\/ -->\n<title>Bang 20000Puff Grape Ice Erfrischender Genuss auf vapingnet.de<\/title>\n<meta name=\"description\" content=\"Erlebe den k\u00fchlen Grape Ice Geschmack des Bang 20000Puff. Langanhaltender Genuss, jetzt auf vapingnet.de erh\u00e4ltlich!\" \/>\n<meta name=\"robots\" content=\"index, follow, max-snippet:-1, max-image-preview:large, max-video-preview:-1\" \/>\n<link rel=\"canonical\" href=\"https:\/\/vapingnet.de\/it\/vape\/bang-20000puff-grape-ice-erfrischender-genuss-jetzt-werksrabatt-sichern\/\" \/>\n<meta property=\"og:locale\" content=\"it_IT\" \/>\n<meta property=\"og:type\" content=\"article\" \/>\n<meta property=\"og:title\" content=\"Bang 20000Puff Grape Ice Erfrischender Genuss auf vapingnet.de\" \/>\n<meta property=\"og:description\" content=\"Erlebe den k\u00fchlen Grape Ice Geschmack des Bang 20000Puff. Langanhaltender Genuss, jetzt auf vapingnet.de erh\u00e4ltlich!\" \/>\n<meta property=\"og:url\" content=\"https:\/\/vapingnet.de\/it\/vape\/bang-20000puff-grape-ice-erfrischender-genuss-jetzt-werksrabatt-sichern\/\" \/>\n<meta property=\"og:site_name\" content=\"Vapingnet.de\" \/>\n<meta property=\"article:publisher\" content=\"https:\/\/www.facebook.com\/vapingnetde\/\" \/>\n<meta property=\"article:modified_time\" content=\"2025-06-19T03:40:50+00:00\" \/>\n<meta property=\"og:image\" content=\"https:\/\/vapingnet.de\/wp-content\/uploads\/2025\/03\/Grape-Ice-1.png\" \/>\n\t<meta property=\"og:image:width\" content=\"1000\" \/>\n\t<meta property=\"og:image:height\" content=\"1000\" \/>\n\t<meta property=\"og:image:type\" content=\"image\/png\" \/>\n<meta name=\"twitter:card\" content=\"summary_large_image\" \/>\n<meta name=\"twitter:label1\" content=\"Est. reading time\" \/>\n\t<meta name=\"twitter:data1\" content=\"3 minutes\" \/>\n<script type=\"application\/ld+json\" class=\"yoast-schema-graph\">{\"@context\":\"https:\/\/schema.org\",\"@graph\":[{\"@type\":\"WebPage\",\"@id\":\"https:\/\/vapingnet.de\/vape\/bang-20000puff-grape-ice-erfrischender-genuss-jetzt-werksrabatt-sichern\/\",\"url\":\"https:\/\/vapingnet.de\/vape\/bang-20000puff-grape-ice-erfrischender-genuss-jetzt-werksrabatt-sichern\/\",\"name\":\"Bang 20000Puff Grape Ice Erfrischender Genuss auf vapingnet.de\",\"isPartOf\":{\"@id\":\"https:\/\/vapingnet.de\/#website\"},\"primaryImageOfPage\":{\"@id\":\"https:\/\/vapingnet.de\/vape\/bang-20000puff-grape-ice-erfrischender-genuss-jetzt-werksrabatt-sichern\/#primaryimage\"},\"image\":{\"@id\":\"https:\/\/vapingnet.de\/vape\/bang-20000puff-grape-ice-erfrischender-genuss-jetzt-werksrabatt-sichern\/#primaryimage\"},\"thumbnailUrl\":\"https:\/\/vapingnet.de\/wp-content\/uploads\/2025\/03\/Grape-Ice-1.png\",\"datePublished\":\"2025-03-15T09:27:14+00:00\",\"dateModified\":\"2025-06-19T03:40:50+00:00\",\"description\":\"Erlebe den k\u00fchlen Grape Ice Geschmack des Bang 20000Puff. Langanhaltender Genuss, jetzt auf vapingnet.de erh\u00e4ltlich!\",\"breadcrumb\":{\"@id\":\"https:\/\/vapingnet.de\/vape\/bang-20000puff-grape-ice-erfrischender-genuss-jetzt-werksrabatt-sichern\/#breadcrumb\"},\"inLanguage\":\"it-IT\",\"potentialAction\":[{\"@type\":\"ReadAction\",\"target\":[\"https:\/\/vapingnet.de\/vape\/bang-20000puff-grape-ice-erfrischender-genuss-jetzt-werksrabatt-sichern\/\"]}]},{\"@type\":\"ImageObject\",\"inLanguage\":\"it-IT\",\"@id\":\"https:\/\/vapingnet.de\/vape\/bang-20000puff-grape-ice-erfrischender-genuss-jetzt-werksrabatt-sichern\/#primaryimage\",\"url\":\"https:\/\/vapingnet.de\/wp-content\/uploads\/2025\/03\/Grape-Ice-1.png\",\"contentUrl\":\"https:\/\/vapingnet.de\/wp-content\/uploads\/2025\/03\/Grape-Ice-1.png\",\"width\":1000,\"height\":1000,\"caption\":\"Grape Ice\"},{\"@type\":\"BreadcrumbList\",\"@id\":\"https:\/\/vapingnet.de\/vape\/bang-20000puff-grape-ice-erfrischender-genuss-jetzt-werksrabatt-sichern\/#breadcrumb\",\"itemListElement\":[{\"@type\":\"ListItem\",\"position\":1,\"name\":\"Home\",\"item\":\"https:\/\/vapingnet.de\/\"},{\"@type\":\"ListItem\",\"position\":2,\"name\":\"Shop\",\"item\":\"https:\/\/vapingnet.de\/vape\/\"},{\"@type\":\"ListItem\",\"position\":3,\"name\":\"Bang 20000Puff Grape Ice Erfrischender Genuss jetzt Werksrabatt sichern\"}]},{\"@type\":\"WebSite\",\"@id\":\"https:\/\/vapingnet.de\/#website\",\"url\":\"https:\/\/vapingnet.de\/\",\"name\":\"Vapingnet.de\",\"description\":\"\",\"publisher\":{\"@id\":\"https:\/\/vapingnet.de\/#organization\"},\"potentialAction\":[{\"@type\":\"SearchAction\",\"target\":{\"@type\":\"EntryPoint\",\"urlTemplate\":\"https:\/\/vapingnet.de\/?s={search_term_string}\"},\"query-input\":{\"@type\":\"PropertyValueSpecification\",\"valueRequired\":true,\"valueName\":\"search_term_string\"}}],\"inLanguage\":\"it-IT\"},{\"@type\":\"Organization\",\"@id\":\"https:\/\/vapingnet.de\/#organization\",\"name\":\"Vapingnet.de\",\"url\":\"https:\/\/vapingnet.de\/\",\"logo\":{\"@type\":\"ImageObject\",\"inLanguage\":\"it-IT\",\"@id\":\"https:\/\/vapingnet.de\/#\/schema\/logo\/image\/\",\"url\":\"https:\/\/vapingnet.de\/wp-content\/uploads\/2025\/03\/cropped-vapingnet.de_.jpg\",\"contentUrl\":\"https:\/\/vapingnet.de\/wp-content\/uploads\/2025\/03\/cropped-vapingnet.de_.jpg\",\"width\":512,\"height\":512,\"caption\":\"Vapingnet.de\"},\"image\":{\"@id\":\"https:\/\/vapingnet.de\/#\/schema\/logo\/image\/\"},\"sameAs\":[\"https:\/\/www.facebook.com\/vapingnetde\/\"]}]}<\/script>\n<!-- \/ Yoast SEO plugin. -->","yoast_head_json":{"title":"Bang 20000Puff Grape Ice Erfrischender Genuss auf vapingnet.de","description":"Erlebe den k\u00fchlen Grape Ice Geschmack des Bang 20000Puff. Langanhaltender Genuss, jetzt auf vapingnet.de erh\u00e4ltlich!","robots":{"index":"index","follow":"follow","max-snippet":"max-snippet:-1","max-image-preview":"max-image-preview:large","max-video-preview":"max-video-preview:-1"},"canonical":"https:\/\/vapingnet.de\/it\/vape\/bang-20000puff-grape-ice-erfrischender-genuss-jetzt-werksrabatt-sichern\/","og_locale":"it_IT","og_type":"article","og_title":"Bang 20000Puff Grape Ice Erfrischender Genuss auf vapingnet.de","og_description":"Erlebe den k\u00fchlen Grape Ice Geschmack des Bang 20000Puff. Langanhaltender Genuss, jetzt auf vapingnet.de erh\u00e4ltlich!","og_url":"https:\/\/vapingnet.de\/it\/vape\/bang-20000puff-grape-ice-erfrischender-genuss-jetzt-werksrabatt-sichern\/","og_site_name":"Vapingnet.de","article_publisher":"https:\/\/www.facebook.com\/vapingnetde\/","article_modified_time":"2025-06-19T03:40:50+00:00","og_image":[{"width":1000,"height":1000,"url":"https:\/\/vapingnet.de\/wp-content\/uploads\/2025\/03\/Grape-Ice-1.png","type":"image\/png"}],"twitter_card":"summary_large_image","twitter_misc":{"Est. reading time":"3 minutes"},"schema":{"@context":"https:\/\/schema.org","@graph":[{"@type":"WebPage","@id":"https:\/\/vapingnet.de\/vape\/bang-20000puff-grape-ice-erfrischender-genuss-jetzt-werksrabatt-sichern\/","url":"https:\/\/vapingnet.de\/vape\/bang-20000puff-grape-ice-erfrischender-genuss-jetzt-werksrabatt-sichern\/","name":"Bang 20000Puff Grape Ice Erfrischender Genuss auf vapingnet.de","isPartOf":{"@id":"https:\/\/vapingnet.de\/#website"},"primaryImageOfPage":{"@id":"https:\/\/vapingnet.de\/vape\/bang-20000puff-grape-ice-erfrischender-genuss-jetzt-werksrabatt-sichern\/#primaryimage"},"image":{"@id":"https:\/\/vapingnet.de\/vape\/bang-20000puff-grape-ice-erfrischender-genuss-jetzt-werksrabatt-sichern\/#primaryimage"},"thumbnailUrl":"https:\/\/vapingnet.de\/wp-content\/uploads\/2025\/03\/Grape-Ice-1.png","datePublished":"2025-03-15T09:27:14+00:00","dateModified":"2025-06-19T03:40:50+00:00","description":"Erlebe den k\u00fchlen Grape Ice Geschmack des Bang 20000Puff. Langanhaltender Genuss, jetzt auf vapingnet.de erh\u00e4ltlich!","breadcrumb":{"@id":"https:\/\/vapingnet.de\/vape\/bang-20000puff-grape-ice-erfrischender-genuss-jetzt-werksrabatt-sichern\/#breadcrumb"},"inLanguage":"it-IT","potentialAction":[{"@type":"ReadAction","target":["https:\/\/vapingnet.de\/vape\/bang-20000puff-grape-ice-erfrischender-genuss-jetzt-werksrabatt-sichern\/"]}]},{"@type":"ImageObject","inLanguage":"it-IT","@id":"https:\/\/vapingnet.de\/vape\/bang-20000puff-grape-ice-erfrischender-genuss-jetzt-werksrabatt-sichern\/#primaryimage","url":"https:\/\/vapingnet.de\/wp-content\/uploads\/2025\/03\/Grape-Ice-1.png","contentUrl":"https:\/\/vapingnet.de\/wp-content\/uploads\/2025\/03\/Grape-Ice-1.png","width":1000,"height":1000,"caption":"Grape Ice"},{"@type":"BreadcrumbList","@id":"https:\/\/vapingnet.de\/vape\/bang-20000puff-grape-ice-erfrischender-genuss-jetzt-werksrabatt-sichern\/#breadcrumb","itemListElement":[{"@type":"ListItem","position":1,"name":"Home","item":"https:\/\/vapingnet.de\/"},{"@type":"ListItem","position":2,"name":"Shop","item":"https:\/\/vapingnet.de\/vape\/"},{"@type":"ListItem","position":3,"name":"Bang 20000Puff Grape Ice Erfrischender Genuss jetzt Werksrabatt sichern"}]},{"@type":"WebSite","@id":"https:\/\/vapingnet.de\/#website","url":"https:\/\/vapingnet.de\/","name":"Vapingnet.de","description":"","publisher":{"@id":"https:\/\/vapingnet.de\/#organization"},"potentialAction":[{"@type":"SearchAction","target":{"@type":"EntryPoint","urlTemplate":"https:\/\/vapingnet.de\/?s={search_term_string}"},"query-input":{"@type":"PropertyValueSpecification","valueRequired":true,"valueName":"search_term_string"}}],"inLanguage":"it-IT"},{"@type":"Organization","@id":"https:\/\/vapingnet.de\/#organization","name":"Vapingnet.de","url":"https:\/\/vapingnet.de\/","logo":{"@type":"ImageObject","inLanguage":"it-IT","@id":"https:\/\/vapingnet.de\/#\/schema\/logo\/image\/","url":"https:\/\/vapingnet.de\/wp-content\/uploads\/2025\/03\/cropped-vapingnet.de_.jpg","contentUrl":"https:\/\/vapingnet.de\/wp-content\/uploads\/2025\/03\/cropped-vapingnet.de_.jpg","width":512,"height":512,"caption":"Vapingnet.de"},"image":{"@id":"https:\/\/vapingnet.de\/#\/schema\/logo\/image\/"},"sameAs":["https:\/\/www.facebook.com\/vapingnetde\/"]}]}},"tiered_pricing_type":"fixed","tiered_pricing_fixed_rules":{"10":"8.92","60":"8.03","110":"7.14","200":"6.24"},"tiered_pricing_product_settings":{"layout":"default","base_unit_name":{"singular":null,"plural":null},"default_variation":null},"tiered_pricing_minimum_quantity":null,"tiered_pricing_roles_data":[],"tiered_pricing_percentage_rules":[],"_links":{"self":[{"href":"https:\/\/vapingnet.de\/it\/wp-json\/wp\/v2\/product\/5468","targetHints":{"allow":["GET"]}}],"collection":[{"href":"https:\/\/vapingnet.de\/it\/wp-json\/wp\/v2\/product"}],"about":[{"href":"https:\/\/vapingnet.de\/it\/wp-json\/wp\/v2\/types\/product"}],"version-history":[{"count":1,"href":"https:\/\/vapingnet.de\/it\/wp-json\/wp\/v2\/product\/5468\/revisions"}],"predecessor-version":[{"id":5470,"href":"https:\/\/vapingnet.de\/it\/wp-json\/wp\/v2\/product\/5468\/revisions\/5470"}],"wp:featuredmedia":[{"embeddable":true,"href":"https:\/\/vapingnet.de\/it\/wp-json\/wp\/v2\/media\/5469"}],"wp:attachment":[{"href":"https:\/\/vapingnet.de\/it\/wp-json\/wp\/v2\/media?parent=5468"}],"wp:term":[{"taxonomy":"brand","embeddable":true,"href":"https:\/\/vapingnet.de\/it\/wp-json\/wp\/v2\/etheme_brands?post=5468"},{"taxonomy":"product_brand","embeddable":true,"href":"https:\/\/vapingnet.de\/it\/wp-json\/wp\/v2\/product_brand?post=5468"},{"taxonomy":"product_cat","embeddable":true,"href":"https:\/\/vapingnet.de\/it\/wp-json\/wp\/v2\/product_cat?post=5468"},{"taxonomy":"product_tag","embeddable":true,"href":"https:\/\/vapingnet.de\/it\/wp-json\/wp\/v2\/product_tag?post=5468"}],"curies":[{"name":"wp","href":"https:\/\/api.w.org\/{rel}","templated":true}]}}