{"id":5477,"date":"2025-03-15T09:47:27","date_gmt":"2025-03-15T09:47:27","guid":{"rendered":"https:\/\/vapingnet.de\/?post_type=product&#038;p=5477"},"modified":"2025-06-19T03:40:48","modified_gmt":"2025-06-19T03:40:48","slug":"sparen-mit-bang-20000puff-jetzt-zum-sonderpreis-und-in-bester-qualitaet","status":"publish","type":"product","link":"https:\/\/vapingnet.de\/it\/vape\/sparen-mit-bang-20000puff-jetzt-zum-sonderpreis-und-in-bester-qualitaet\/","title":{"rendered":"Risparmia con Bang 20000Puff ora a prezzo speciale e di alta qualit\u00e0"},"content":{"rendered":"<h2 data-start=\"0\" data-end=\"108\">Bang 20000Puff Dual Mesh Sigaretta Elettronica usa e getta \u2013 Piacere infinito di vapore, gusto delicato, utilizzo duraturo<\/h2>\n<p data-start=\"110\" data-end=\"503\">La Bang 20000Puff Dual Mesh Sigaretta Elettronica usa e getta offre un'esperienza indimenticabile con 20.000 tiri. Dotata della tecnologia innovativa Dual Mesh Coil, garantisce un vapore uniforme e intenso, rendendo ogni tiro un piacere. Che siate in citt\u00e0 o in viaggio, garantisce quantit\u00e0 di vapore eccellenti e un'esperienza di gusto straordinaria.<\/p>\n<h2 data-start=\"505\" data-end=\"525\">Dettagli del prodotto<\/h2>\n<ul data-start=\"526\" data-end=\"779\">\n<li data-start=\"526\" data-end=\"551\"><strong data-start=\"528\" data-end=\"536\">Puff<\/strong>: 20.000 tiri<\/li>\n<li data-start=\"552\" data-end=\"590\"><strong data-start=\"554\" data-end=\"567\">Resistenza Mesh<\/strong>: 1,1\u03a9 Dual Mesh Coil<\/li>\n<li data-start=\"591\" data-end=\"623\"><strong data-start=\"593\" data-end=\"615\">Capacit\u00e0 di E-Liquid<\/strong>: 28ml<\/li>\n<li data-start=\"624\" data-end=\"661\"><strong data-start=\"626\" data-end=\"643\">Contenuto di nicotina<\/strong>: 0%, 2%, 3%, 5%<\/li>\n<li data-start=\"662\" data-end=\"695\"><strong data-start=\"664\" data-end=\"685\">Capacit\u00e0 della batteria<\/strong>: 650mAh<\/li>\n<li data-start=\"696\" data-end=\"725\"><strong data-start=\"698\" data-end=\"715\">Punto di ricarica<\/strong>: Type-C<\/li>\n<li data-start=\"726\" data-end=\"752\"><strong data-start=\"728\" data-end=\"739\">Peso<\/strong>: 90g\/pezzo<\/li>\n<li data-start=\"753\" data-end=\"779\"><strong data-start=\"755\" data-end=\"766\">Display<\/strong>: Display LED<\/li>\n<\/ul>\n<p data-start=\"781\" data-end=\"1067\"><strong data-start=\"781\" data-end=\"808\">Utilizzo duraturo<\/strong><br data-start=\"808\" data-end=\"811\" \/>Con una capacit\u00e0 di 28ml di liquido, la Bang 20000Puff <a href=\"https:\/\/vapingnet.de\/it\/k\/einweg-e-zigarette\/\" target=\"_blank\" rel=\"noopener\"><strong>Sigaretta elettronica usa e getta<\/strong><\/a> fino a 20.000 tiri e permette un utilizzo prolungato senza dover ricaricare o sostituire frequentemente la sigaretta elettronica. Perfetta per l'uso quotidiano o in viaggio.<\/p>\n<p data-start=\"1069\" data-end=\"1356\"><strong data-start=\"1069\" data-end=\"1094\">tecnologia di coil mesh<\/strong><br data-start=\"1094\" data-end=\"1097\" \/>Rispetto alle tradizionali sigarette elettroniche usa e getta, la Bang 20000Puff utilizza Dual Mesh Coils, che garantiscono un riscaldamento uniforme. Questo porta a quantit\u00e0 di vapore pi\u00f9 intense e a un gusto pi\u00f9 morbido. Ogni tiro \u00e8 un piacere uniforme e pieno.<\/p>\n<p data-start=\"1358\" data-end=\"1704\"><strong data-start=\"1358\" data-end=\"1392\">Versatili opzioni di gusto<\/strong><br data-start=\"1392\" data-end=\"1395\" \/>La Bang 20000Puff offre una vasta gamma di gusti, con il sapore \u201cStrawberry Mango\u201d particolarmente popolare. Il gusto fresco delle fragole e la dolcezza tropicale della mango offrono un'esperienza di svapo perfettamente equilibrata e rinfrescante \u2013 ideale per momenti di relax.<\/p>\n<p data-start=\"1706\" data-end=\"1994\"><strong data-start=\"1706\" data-end=\"1753\">Ricarica rapida e prestazioni durature<\/strong><br data-start=\"1753\" data-end=\"1756\" \/>La Bang 20000Puff \u00e8 dotata di una batteria da 650mAh e supporta la ricarica rapida tramite porta Type-C. Con questa tecnologia, sei sempre pronto all'uso in breve tempo, senza lunghe attese di ricarica.<\/p>\n<p data-start=\"1996\" data-end=\"2275\"><strong data-start=\"1996\" data-end=\"2031\">Spedizione gratuita e consegna rapida<\/strong><br data-start=\"2031\" data-end=\"2034\" \/>Acquista comodamente su vapingnet.de e approfitta di ordini senza dazi. Risparmi sui costi aggiuntivi. Inoltre, offriamo una consegna rapida entro 7-15 giorni lavorativi, cos\u00ec il tuo prodotto arriver\u00e0 presto.<\/p>\n<p data-start=\"2277\" data-end=\"2557\" data-is-last-node=\"\" data-is-only-node=\"\"><strong data-start=\"2277\" data-end=\"2293\">Acquista ora<\/strong><br data-start=\"2293\" data-end=\"2296\" \/>La Bang 20000Puff Dual Mesh Sigaretta Elettronica usa e getta, grazie alla lunga durata, al gusto eccellente e alle funzioni di ricarica pratiche, \u00e8 una scelta popolare nel mercato delle sigarette elettroniche. Visita ora vapingnet.de e scopri questo prodotto innovativo!<\/p>","protected":false},"excerpt":{"rendered":"<p>Bang 20000Puff Dual Mesh Sigaretta Elettronica usa e getta \u2013 Vapore senza fine, gusto raffinato, utilizzo duraturo. La Bang 20000Puff Dual Mesh Sigaretta Elettronica usa e getta ti offre un'esperienza indimenticabile...<\/p>","protected":false},"featured_media":5478,"template":"","meta":[],"etheme_brands":[],"product_brand":[101],"product_cat":[54,49,61],"product_tag":[],"class_list":{"0":"post-5477","1":"product","2":"type-product","3":"status-publish","4":"has-post-thumbnail","6":"product_brand-bang-king-vape","7":"product_cat-vape-20000-zuege","8":"product_cat-einweg-e-zigarette","9":"product_cat-f","11":"first","12":"instock","13":"shipping-taxable","14":"purchasable","15":"product-type-simple"},"yoast_head":"<!-- This site is optimized with the Yoast SEO plugin v26.5 - https:\/\/yoast.com\/wordpress\/plugins\/seo\/ -->\n<title>Bang 20000Puff \u2013 Strawberry Mango E-Zigaretten auf vapingnet.de<\/title>\n<meta name=\"description\" content=\"Entdecken Sie die Bang 20000Puff Strawberry Mango E-Zigarette bei vapingnet.de \u2013 Perfekte Mischung aus fruchtigem Genuss und langer Haltbarkeit!\" \/>\n<meta name=\"robots\" content=\"index, follow, max-snippet:-1, max-image-preview:large, max-video-preview:-1\" \/>\n<link rel=\"canonical\" href=\"https:\/\/vapingnet.de\/it\/vape\/sparen-mit-bang-20000puff-jetzt-zum-sonderpreis-und-in-bester-qualitaet\/\" \/>\n<meta property=\"og:locale\" content=\"it_IT\" \/>\n<meta property=\"og:type\" content=\"article\" \/>\n<meta property=\"og:title\" content=\"Bang 20000Puff \u2013 Strawberry Mango E-Zigaretten auf vapingnet.de\" \/>\n<meta property=\"og:description\" content=\"Entdecken Sie die Bang 20000Puff Strawberry Mango E-Zigarette bei vapingnet.de \u2013 Perfekte Mischung aus fruchtigem Genuss und langer Haltbarkeit!\" \/>\n<meta property=\"og:url\" content=\"https:\/\/vapingnet.de\/it\/vape\/sparen-mit-bang-20000puff-jetzt-zum-sonderpreis-und-in-bester-qualitaet\/\" \/>\n<meta property=\"og:site_name\" content=\"Vapingnet.de\" \/>\n<meta property=\"article:publisher\" content=\"https:\/\/www.facebook.com\/vapingnetde\/\" \/>\n<meta property=\"article:modified_time\" content=\"2025-06-19T03:40:48+00:00\" \/>\n<meta property=\"og:image\" content=\"https:\/\/vapingnet.de\/wp-content\/uploads\/2025\/03\/Strawberry-Mango-2.png\" \/>\n\t<meta property=\"og:image:width\" content=\"1000\" \/>\n\t<meta property=\"og:image:height\" content=\"1000\" \/>\n\t<meta property=\"og:image:type\" content=\"image\/png\" \/>\n<meta name=\"twitter:card\" content=\"summary_large_image\" \/>\n<meta name=\"twitter:label1\" content=\"Est. reading time\" \/>\n\t<meta name=\"twitter:data1\" content=\"2 minutes\" \/>\n<script type=\"application\/ld+json\" class=\"yoast-schema-graph\">{\"@context\":\"https:\/\/schema.org\",\"@graph\":[{\"@type\":\"WebPage\",\"@id\":\"https:\/\/vapingnet.de\/vape\/sparen-mit-bang-20000puff-jetzt-zum-sonderpreis-und-in-bester-qualitaet\/\",\"url\":\"https:\/\/vapingnet.de\/vape\/sparen-mit-bang-20000puff-jetzt-zum-sonderpreis-und-in-bester-qualitaet\/\",\"name\":\"Bang 20000Puff \u2013 Strawberry Mango E-Zigaretten auf vapingnet.de\",\"isPartOf\":{\"@id\":\"https:\/\/vapingnet.de\/#website\"},\"primaryImageOfPage\":{\"@id\":\"https:\/\/vapingnet.de\/vape\/sparen-mit-bang-20000puff-jetzt-zum-sonderpreis-und-in-bester-qualitaet\/#primaryimage\"},\"image\":{\"@id\":\"https:\/\/vapingnet.de\/vape\/sparen-mit-bang-20000puff-jetzt-zum-sonderpreis-und-in-bester-qualitaet\/#primaryimage\"},\"thumbnailUrl\":\"https:\/\/vapingnet.de\/wp-content\/uploads\/2025\/03\/Strawberry-Mango-2.png\",\"datePublished\":\"2025-03-15T09:47:27+00:00\",\"dateModified\":\"2025-06-19T03:40:48+00:00\",\"description\":\"Entdecken Sie die Bang 20000Puff Strawberry Mango E-Zigarette bei vapingnet.de \u2013 Perfekte Mischung aus fruchtigem Genuss und langer Haltbarkeit!\",\"breadcrumb\":{\"@id\":\"https:\/\/vapingnet.de\/vape\/sparen-mit-bang-20000puff-jetzt-zum-sonderpreis-und-in-bester-qualitaet\/#breadcrumb\"},\"inLanguage\":\"it-IT\",\"potentialAction\":[{\"@type\":\"ReadAction\",\"target\":[\"https:\/\/vapingnet.de\/vape\/sparen-mit-bang-20000puff-jetzt-zum-sonderpreis-und-in-bester-qualitaet\/\"]}]},{\"@type\":\"ImageObject\",\"inLanguage\":\"it-IT\",\"@id\":\"https:\/\/vapingnet.de\/vape\/sparen-mit-bang-20000puff-jetzt-zum-sonderpreis-und-in-bester-qualitaet\/#primaryimage\",\"url\":\"https:\/\/vapingnet.de\/wp-content\/uploads\/2025\/03\/Strawberry-Mango-2.png\",\"contentUrl\":\"https:\/\/vapingnet.de\/wp-content\/uploads\/2025\/03\/Strawberry-Mango-2.png\",\"width\":1000,\"height\":1000,\"caption\":\"Strawberry Mango\"},{\"@type\":\"BreadcrumbList\",\"@id\":\"https:\/\/vapingnet.de\/vape\/sparen-mit-bang-20000puff-jetzt-zum-sonderpreis-und-in-bester-qualitaet\/#breadcrumb\",\"itemListElement\":[{\"@type\":\"ListItem\",\"position\":1,\"name\":\"Home\",\"item\":\"https:\/\/vapingnet.de\/\"},{\"@type\":\"ListItem\",\"position\":2,\"name\":\"Shop\",\"item\":\"https:\/\/vapingnet.de\/vape\/\"},{\"@type\":\"ListItem\",\"position\":3,\"name\":\"Sparen mit Bang 20000Puff Jetzt zum Sonderpreis und in bester Qualit\u00e4t\"}]},{\"@type\":\"WebSite\",\"@id\":\"https:\/\/vapingnet.de\/#website\",\"url\":\"https:\/\/vapingnet.de\/\",\"name\":\"Vapingnet.de\",\"description\":\"\",\"publisher\":{\"@id\":\"https:\/\/vapingnet.de\/#organization\"},\"potentialAction\":[{\"@type\":\"SearchAction\",\"target\":{\"@type\":\"EntryPoint\",\"urlTemplate\":\"https:\/\/vapingnet.de\/?s={search_term_string}\"},\"query-input\":{\"@type\":\"PropertyValueSpecification\",\"valueRequired\":true,\"valueName\":\"search_term_string\"}}],\"inLanguage\":\"it-IT\"},{\"@type\":\"Organization\",\"@id\":\"https:\/\/vapingnet.de\/#organization\",\"name\":\"Vapingnet.de\",\"url\":\"https:\/\/vapingnet.de\/\",\"logo\":{\"@type\":\"ImageObject\",\"inLanguage\":\"it-IT\",\"@id\":\"https:\/\/vapingnet.de\/#\/schema\/logo\/image\/\",\"url\":\"https:\/\/vapingnet.de\/wp-content\/uploads\/2025\/03\/cropped-vapingnet.de_.jpg\",\"contentUrl\":\"https:\/\/vapingnet.de\/wp-content\/uploads\/2025\/03\/cropped-vapingnet.de_.jpg\",\"width\":512,\"height\":512,\"caption\":\"Vapingnet.de\"},\"image\":{\"@id\":\"https:\/\/vapingnet.de\/#\/schema\/logo\/image\/\"},\"sameAs\":[\"https:\/\/www.facebook.com\/vapingnetde\/\"]}]}<\/script>\n<!-- \/ Yoast SEO plugin. -->","yoast_head_json":{"title":"Bang 20000Puff \u2013 Strawberry Mango E-Zigaretten auf vapingnet.de","description":"Entdecken Sie die Bang 20000Puff Strawberry Mango E-Zigarette bei vapingnet.de \u2013 Perfekte Mischung aus fruchtigem Genuss und langer Haltbarkeit!","robots":{"index":"index","follow":"follow","max-snippet":"max-snippet:-1","max-image-preview":"max-image-preview:large","max-video-preview":"max-video-preview:-1"},"canonical":"https:\/\/vapingnet.de\/it\/vape\/sparen-mit-bang-20000puff-jetzt-zum-sonderpreis-und-in-bester-qualitaet\/","og_locale":"it_IT","og_type":"article","og_title":"Bang 20000Puff \u2013 Strawberry Mango E-Zigaretten auf vapingnet.de","og_description":"Entdecken Sie die Bang 20000Puff Strawberry Mango E-Zigarette bei vapingnet.de \u2013 Perfekte Mischung aus fruchtigem Genuss und langer Haltbarkeit!","og_url":"https:\/\/vapingnet.de\/it\/vape\/sparen-mit-bang-20000puff-jetzt-zum-sonderpreis-und-in-bester-qualitaet\/","og_site_name":"Vapingnet.de","article_publisher":"https:\/\/www.facebook.com\/vapingnetde\/","article_modified_time":"2025-06-19T03:40:48+00:00","og_image":[{"width":1000,"height":1000,"url":"https:\/\/vapingnet.de\/wp-content\/uploads\/2025\/03\/Strawberry-Mango-2.png","type":"image\/png"}],"twitter_card":"summary_large_image","twitter_misc":{"Est. reading time":"2 minutes"},"schema":{"@context":"https:\/\/schema.org","@graph":[{"@type":"WebPage","@id":"https:\/\/vapingnet.de\/vape\/sparen-mit-bang-20000puff-jetzt-zum-sonderpreis-und-in-bester-qualitaet\/","url":"https:\/\/vapingnet.de\/vape\/sparen-mit-bang-20000puff-jetzt-zum-sonderpreis-und-in-bester-qualitaet\/","name":"Bang 20000Puff \u2013 Strawberry Mango E-Zigaretten auf vapingnet.de","isPartOf":{"@id":"https:\/\/vapingnet.de\/#website"},"primaryImageOfPage":{"@id":"https:\/\/vapingnet.de\/vape\/sparen-mit-bang-20000puff-jetzt-zum-sonderpreis-und-in-bester-qualitaet\/#primaryimage"},"image":{"@id":"https:\/\/vapingnet.de\/vape\/sparen-mit-bang-20000puff-jetzt-zum-sonderpreis-und-in-bester-qualitaet\/#primaryimage"},"thumbnailUrl":"https:\/\/vapingnet.de\/wp-content\/uploads\/2025\/03\/Strawberry-Mango-2.png","datePublished":"2025-03-15T09:47:27+00:00","dateModified":"2025-06-19T03:40:48+00:00","description":"Entdecken Sie die Bang 20000Puff Strawberry Mango E-Zigarette bei vapingnet.de \u2013 Perfekte Mischung aus fruchtigem Genuss und langer Haltbarkeit!","breadcrumb":{"@id":"https:\/\/vapingnet.de\/vape\/sparen-mit-bang-20000puff-jetzt-zum-sonderpreis-und-in-bester-qualitaet\/#breadcrumb"},"inLanguage":"it-IT","potentialAction":[{"@type":"ReadAction","target":["https:\/\/vapingnet.de\/vape\/sparen-mit-bang-20000puff-jetzt-zum-sonderpreis-und-in-bester-qualitaet\/"]}]},{"@type":"ImageObject","inLanguage":"it-IT","@id":"https:\/\/vapingnet.de\/vape\/sparen-mit-bang-20000puff-jetzt-zum-sonderpreis-und-in-bester-qualitaet\/#primaryimage","url":"https:\/\/vapingnet.de\/wp-content\/uploads\/2025\/03\/Strawberry-Mango-2.png","contentUrl":"https:\/\/vapingnet.de\/wp-content\/uploads\/2025\/03\/Strawberry-Mango-2.png","width":1000,"height":1000,"caption":"Strawberry Mango"},{"@type":"BreadcrumbList","@id":"https:\/\/vapingnet.de\/vape\/sparen-mit-bang-20000puff-jetzt-zum-sonderpreis-und-in-bester-qualitaet\/#breadcrumb","itemListElement":[{"@type":"ListItem","position":1,"name":"Home","item":"https:\/\/vapingnet.de\/"},{"@type":"ListItem","position":2,"name":"Shop","item":"https:\/\/vapingnet.de\/vape\/"},{"@type":"ListItem","position":3,"name":"Sparen mit Bang 20000Puff Jetzt zum Sonderpreis und in bester Qualit\u00e4t"}]},{"@type":"WebSite","@id":"https:\/\/vapingnet.de\/#website","url":"https:\/\/vapingnet.de\/","name":"Vapingnet.de","description":"","publisher":{"@id":"https:\/\/vapingnet.de\/#organization"},"potentialAction":[{"@type":"SearchAction","target":{"@type":"EntryPoint","urlTemplate":"https:\/\/vapingnet.de\/?s={search_term_string}"},"query-input":{"@type":"PropertyValueSpecification","valueRequired":true,"valueName":"search_term_string"}}],"inLanguage":"it-IT"},{"@type":"Organization","@id":"https:\/\/vapingnet.de\/#organization","name":"Vapingnet.de","url":"https:\/\/vapingnet.de\/","logo":{"@type":"ImageObject","inLanguage":"it-IT","@id":"https:\/\/vapingnet.de\/#\/schema\/logo\/image\/","url":"https:\/\/vapingnet.de\/wp-content\/uploads\/2025\/03\/cropped-vapingnet.de_.jpg","contentUrl":"https:\/\/vapingnet.de\/wp-content\/uploads\/2025\/03\/cropped-vapingnet.de_.jpg","width":512,"height":512,"caption":"Vapingnet.de"},"image":{"@id":"https:\/\/vapingnet.de\/#\/schema\/logo\/image\/"},"sameAs":["https:\/\/www.facebook.com\/vapingnetde\/"]}]}},"tiered_pricing_type":"fixed","tiered_pricing_fixed_rules":{"10":"8.92","60":"8.03","110":"7.14","200":"6.24"},"tiered_pricing_product_settings":{"layout":"default","base_unit_name":{"singular":null,"plural":null},"default_variation":null},"tiered_pricing_minimum_quantity":null,"tiered_pricing_roles_data":[],"tiered_pricing_percentage_rules":[],"_links":{"self":[{"href":"https:\/\/vapingnet.de\/it\/wp-json\/wp\/v2\/product\/5477","targetHints":{"allow":["GET"]}}],"collection":[{"href":"https:\/\/vapingnet.de\/it\/wp-json\/wp\/v2\/product"}],"about":[{"href":"https:\/\/vapingnet.de\/it\/wp-json\/wp\/v2\/types\/product"}],"version-history":[{"count":1,"href":"https:\/\/vapingnet.de\/it\/wp-json\/wp\/v2\/product\/5477\/revisions"}],"predecessor-version":[{"id":5479,"href":"https:\/\/vapingnet.de\/it\/wp-json\/wp\/v2\/product\/5477\/revisions\/5479"}],"wp:featuredmedia":[{"embeddable":true,"href":"https:\/\/vapingnet.de\/it\/wp-json\/wp\/v2\/media\/5478"}],"wp:attachment":[{"href":"https:\/\/vapingnet.de\/it\/wp-json\/wp\/v2\/media?parent=5477"}],"wp:term":[{"taxonomy":"brand","embeddable":true,"href":"https:\/\/vapingnet.de\/it\/wp-json\/wp\/v2\/etheme_brands?post=5477"},{"taxonomy":"product_brand","embeddable":true,"href":"https:\/\/vapingnet.de\/it\/wp-json\/wp\/v2\/product_brand?post=5477"},{"taxonomy":"product_cat","embeddable":true,"href":"https:\/\/vapingnet.de\/it\/wp-json\/wp\/v2\/product_cat?post=5477"},{"taxonomy":"product_tag","embeddable":true,"href":"https:\/\/vapingnet.de\/it\/wp-json\/wp\/v2\/product_tag?post=5477"}],"curies":[{"name":"wp","href":"https:\/\/api.w.org\/{rel}","templated":true}]}}