{"id":5480,"date":"2025-03-15T09:54:43","date_gmt":"2025-03-15T09:54:43","guid":{"rendered":"https:\/\/vapingnet.de\/?post_type=product&#038;p=5480"},"modified":"2025-06-19T03:40:48","modified_gmt":"2025-06-19T03:40:48","slug":"bang-20000puff-zu-unschlagbaren-grosshandelspreisen-jetzt-zugreifen","status":"publish","type":"product","link":"https:\/\/vapingnet.de\/it\/vape\/bang-20000puff-zu-unschlagbaren-grosshandelspreisen-jetzt-zugreifen\/","title":{"rendered":"Bang 20000Puff a prezzi all'ingrosso imbattibili Ora disponibile"},"content":{"rendered":"<h2 data-start=\"0\" data-end=\"108\">Bang 20000Puff Dual Mesh Sigaretta Elettronica usa e getta \u2013 Goditi un sapore duraturo e vapore ricco<\/h2>\n<p data-start=\"110\" data-end=\"578\">La Bang 20000Puff Dual Mesh <a href=\"https:\/\/vapingnet.de\/it\/k\/einweg-e-zigarette\/\" target=\"_blank\" rel=\"noopener\"><strong>Sigaretta elettronica usa e getta<\/strong><\/a> \u00e8 un prodotto potente e durevole, progettato appositamente per gli utenti che danno valore alla qualit\u00e0 e alla comodit\u00e0. Con la tecnologia innovativa Dual Mesh Coil e la grande capacit\u00e0 di E-Liquid, offre una durata d'uso eccezionalmente lunga e un'esperienza di svapo senza paragoni. Che sia per l'uso quotidiano o per portarlo con te, il Bang 20000Puff soddisfa tutte le tue esigenze.<\/p>\n<p data-start=\"580\" data-end=\"599\"><strong data-start=\"580\" data-end=\"599\">Caratteristiche del prodotto<\/strong><\/p>\n<div class=\"overflow-x-auto contain-inline-size\">\n<table style=\"height: 321px;\" width=\"639\" data-start=\"601\" data-end=\"1107\">\n<thead data-start=\"601\" data-end=\"650\">\n<tr data-start=\"601\" data-end=\"650\">\n<th data-start=\"601\" data-end=\"622\"><strong data-start=\"603\" data-end=\"616\">Parametri<\/strong><\/th>\n<th data-start=\"622\" data-end=\"650\"><strong data-start=\"624\" data-end=\"640\">Descrizione<\/strong><\/th>\n<\/tr>\n<\/thead>\n<tbody data-start=\"701\" data-end=\"1107\">\n<tr data-start=\"701\" data-end=\"750\">\n<td><strong data-start=\"703\" data-end=\"711\">Puff<\/strong><\/td>\n<td>20.000 tiri<\/td>\n<\/tr>\n<tr data-start=\"751\" data-end=\"800\">\n<td><strong data-start=\"753\" data-end=\"766\">Resistenza Mesh<\/strong><\/td>\n<td>1,1\u03a9 Dual Mesh Coil<\/td>\n<\/tr>\n<tr data-start=\"801\" data-end=\"851\">\n<td><strong data-start=\"803\" data-end=\"825\">Capacit\u00e0 di E-Liquid<\/strong><\/td>\n<td>28ml<\/td>\n<\/tr>\n<tr data-start=\"852\" data-end=\"902\">\n<td><strong data-start=\"854\" data-end=\"871\">Contenuto di nicotina<\/strong><\/td>\n<td>0%, 2%, 3%, 5%<\/td>\n<\/tr>\n<tr data-start=\"903\" data-end=\"954\">\n<td><strong data-start=\"905\" data-end=\"926\">Capacit\u00e0 della batteria<\/strong><\/td>\n<td>650mAh<\/td>\n<\/tr>\n<tr data-start=\"955\" data-end=\"1005\">\n<td><strong data-start=\"957\" data-end=\"974\">Punto di ricarica<\/strong><\/td>\n<td>Type-C<\/td>\n<\/tr>\n<tr data-start=\"1006\" data-end=\"1056\">\n<td><strong data-start=\"1008\" data-end=\"1019\">Peso<\/strong><\/td>\n<td>90g\/pezzo<\/td>\n<\/tr>\n<tr data-start=\"1057\" data-end=\"1107\">\n<td><strong data-start=\"1059\" data-end=\"1070\">Display<\/strong><\/td>\n<td>Display LED<\/td>\n<\/tr>\n<\/tbody>\n<\/table>\n<\/div>\n<p data-start=\"1109\" data-end=\"1433\"><strong data-start=\"1109\" data-end=\"1126\">Durata<\/strong><br data-start=\"1126\" data-end=\"1129\" \/>Ogni sigaretta elettronica usa e getta Bang 20000Puff \u00e8 riempita con 28 ml di E-Liquid e offre una durata di utilizzo fino a <a href=\"https:\/\/vapingnet.de\/it\/k\/vape-20000-zuege\/\" target=\"_blank\" rel=\"noopener\"><strong>20.000 tiri<\/strong><\/a>. Ci\u00f2 significa che non dovrai preoccuparti di ricariche frequenti o di sostituire la sigaretta elettronica \u2013 ideale per un uso prolungato, come durante i viaggi o nella vita quotidiana.<\/p>\n<p data-start=\"1435\" data-end=\"1750\"><strong data-start=\"1435\" data-end=\"1476\">Tecnologia innovativa Dual Mesh Coil<\/strong><br data-start=\"1476\" data-end=\"1479\" \/>Il Bang 20000Puff utilizza la tecnologia Dual Mesh Coil da 1,1\u03a9, che garantisce un riscaldamento uniforme. Questo porta a vapore pi\u00f9 denso e a un sapore pi\u00f9 morbido e intenso ad ogni tiro. Ogni inspirazione diventa un'esperienza ricca e piacevole.<\/p>\n<p data-start=\"1752\" data-end=\"2109\"><strong data-start=\"1752\" data-end=\"1793\">Gusto consigliato \u2013 Double Apple<\/strong><br data-start=\"1793\" data-end=\"1796\" \/>Il gusto 'Double Apple' del Bang 20000Puff \u00e8 una miscela armoniosa di mela verde e rossa. Il sapore fresco, dolce-aspro delle mele offre un'esperienza di svapo rinfrescante, che pu\u00f2 essere gustata tutto il giorno. Ogni tiro ricorda il piacere di una mela fresca.<\/p>\n<p data-start=\"2111\" data-end=\"2432\"><strong data-start=\"2111\" data-end=\"2141\">Funzione di ricarica rapida Type-C<\/strong><br data-start=\"2141\" data-end=\"2144\" \/>Dotato di una batteria da 650mAh, il Bang 20000Puff supporta la ricarica rapida Type-C. Questo significa che si pu\u00f2 ricaricare completamente in poco tempo e continuare a svapare in qualsiasi momento. Niente pi\u00f9 lunghe attese \u2013 il Bang 20000Puff \u00e8 sempre pronto all'uso.<\/p>\n<p data-start=\"2434\" data-end=\"2718\"><strong data-start=\"2434\" data-end=\"2469\">Spedizione gratuita e consegna rapida<\/strong><br data-start=\"2469\" data-end=\"2472\" \/>Acquistando oltre vapingnet.de, beneficerai di ordini senza dazi, evitando costi aggiuntivi. Inoltre, offriamo una consegna rapida entro 7-15 giorni lavorativi, affinch\u00e9 il tuo prodotto arrivi rapidamente.<\/p>\n<h3 data-start=\"2720\" data-end=\"2764\">Perch\u00e9 scegliere Bang 20000Puff Dual Mesh?<\/h3>\n<ul data-start=\"2765\" data-end=\"3354\">\n<li data-start=\"2765\" data-end=\"2908\"><strong data-start=\"2767\" data-end=\"2794\">Utilizzo duraturo<\/strong>: Offre 20.000 tiri, cos\u00ec puoi usare la sigaretta elettronica per un periodo prolungato senza doverla cambiare frequentemente.<\/li>\n<li data-start=\"2909\" data-end=\"3044\"><strong data-start=\"2911\" data-end=\"2937\">Tecnologia innovativa<\/strong>: Le Dual Mesh Coils garantiscono un riscaldamento uniforme e vapore intenso con il sapore pi\u00f9 fine.<\/li>\n<li data-start=\"3045\" data-end=\"3157\"><strong data-start=\"3047\" data-end=\"3073\">Gusto versatile<\/strong>Il gusto 'Double Apple' offre un'esperienza di svapo rinfrescante, dolce-aspro.<\/li>\n<li data-start=\"3158\" data-end=\"3243\"><strong data-start=\"3160\" data-end=\"3179\">Ricarica rapida<\/strong>Supporta la ricarica rapida Type-C per un tempo di ricarica veloce.<\/li>\n<li data-start=\"3244\" data-end=\"3354\"><strong data-start=\"3246\" data-end=\"3269\">Consegna senza dazi<\/strong>Goditi ordini senza dazi e consegna rapida senza costi aggiuntivi.<\/li>\n<\/ul>\n<p data-start=\"3356\" data-end=\"3487\" data-is-last-node=\"\" data-is-only-node=\"\">Visita ora vapingnet.de e scopri la sigaretta elettronica usa e getta Bang 20000Puff Dual Mesh per un'esperienza di svapo completamente nuova!<\/p>","protected":false},"excerpt":{"rendered":"<p>Bang 20000Puff Dual Mesh Einweg E-Zigarette \u2013 Genie\u00dfen Sie langanhaltenden Geschmack und reichhaltigen Dampf Die Bang 20000Puff Dual Mesh Einweg E-Zigarette ist ein leistungsstarkes und&#8230;<\/p>","protected":false},"featured_media":5481,"template":"","meta":[],"etheme_brands":[],"product_brand":[101],"product_cat":[54,49,61],"product_tag":[],"class_list":{"0":"post-5480","1":"product","2":"type-product","3":"status-publish","4":"has-post-thumbnail","6":"product_brand-bang-king-vape","7":"product_cat-vape-20000-zuege","8":"product_cat-einweg-e-zigarette","9":"product_cat-f","11":"first","12":"instock","13":"shipping-taxable","14":"purchasable","15":"product-type-simple"},"yoast_head":"<!-- This site is optimized with the Yoast SEO plugin v26.5 - https:\/\/yoast.com\/wordpress\/plugins\/seo\/ -->\n<title>Bang 20000Puff Double Apple \u2013 E-Zigarette auf vapingnet.de<\/title>\n<meta name=\"description\" content=\"Entdecken Sie die Bang 20000Puff Double Apple E-Zigarette auf vapingnet.de \u2013 Erleben Sie den einzigartigen Apfelgeschmack mit langer Haltbarkeit!\" \/>\n<meta name=\"robots\" content=\"index, follow, max-snippet:-1, max-image-preview:large, max-video-preview:-1\" \/>\n<link rel=\"canonical\" href=\"https:\/\/vapingnet.de\/it\/vape\/bang-20000puff-zu-unschlagbaren-grosshandelspreisen-jetzt-zugreifen\/\" \/>\n<meta property=\"og:locale\" content=\"it_IT\" \/>\n<meta property=\"og:type\" content=\"article\" \/>\n<meta property=\"og:title\" content=\"Bang 20000Puff Double Apple \u2013 E-Zigarette auf vapingnet.de\" \/>\n<meta property=\"og:description\" content=\"Entdecken Sie die Bang 20000Puff Double Apple E-Zigarette auf vapingnet.de \u2013 Erleben Sie den einzigartigen Apfelgeschmack mit langer Haltbarkeit!\" \/>\n<meta property=\"og:url\" content=\"https:\/\/vapingnet.de\/it\/vape\/bang-20000puff-zu-unschlagbaren-grosshandelspreisen-jetzt-zugreifen\/\" \/>\n<meta property=\"og:site_name\" content=\"Vapingnet.de\" \/>\n<meta property=\"article:publisher\" content=\"https:\/\/www.facebook.com\/vapingnetde\/\" \/>\n<meta property=\"article:modified_time\" content=\"2025-06-19T03:40:48+00:00\" \/>\n<meta property=\"og:image\" content=\"https:\/\/vapingnet.de\/wp-content\/uploads\/2025\/03\/Double-Apple-2.png\" \/>\n\t<meta property=\"og:image:width\" content=\"1000\" \/>\n\t<meta property=\"og:image:height\" content=\"1000\" \/>\n\t<meta property=\"og:image:type\" content=\"image\/png\" \/>\n<meta name=\"twitter:card\" content=\"summary_large_image\" \/>\n<meta name=\"twitter:label1\" content=\"Est. reading time\" \/>\n\t<meta name=\"twitter:data1\" content=\"3 minutes\" \/>\n<script type=\"application\/ld+json\" class=\"yoast-schema-graph\">{\"@context\":\"https:\/\/schema.org\",\"@graph\":[{\"@type\":\"WebPage\",\"@id\":\"https:\/\/vapingnet.de\/vape\/bang-20000puff-zu-unschlagbaren-grosshandelspreisen-jetzt-zugreifen\/\",\"url\":\"https:\/\/vapingnet.de\/vape\/bang-20000puff-zu-unschlagbaren-grosshandelspreisen-jetzt-zugreifen\/\",\"name\":\"Bang 20000Puff Double Apple \u2013 E-Zigarette auf vapingnet.de\",\"isPartOf\":{\"@id\":\"https:\/\/vapingnet.de\/#website\"},\"primaryImageOfPage\":{\"@id\":\"https:\/\/vapingnet.de\/vape\/bang-20000puff-zu-unschlagbaren-grosshandelspreisen-jetzt-zugreifen\/#primaryimage\"},\"image\":{\"@id\":\"https:\/\/vapingnet.de\/vape\/bang-20000puff-zu-unschlagbaren-grosshandelspreisen-jetzt-zugreifen\/#primaryimage\"},\"thumbnailUrl\":\"https:\/\/vapingnet.de\/wp-content\/uploads\/2025\/03\/Double-Apple-2.png\",\"datePublished\":\"2025-03-15T09:54:43+00:00\",\"dateModified\":\"2025-06-19T03:40:48+00:00\",\"description\":\"Entdecken Sie die Bang 20000Puff Double Apple E-Zigarette auf vapingnet.de \u2013 Erleben Sie den einzigartigen Apfelgeschmack mit langer Haltbarkeit!\",\"breadcrumb\":{\"@id\":\"https:\/\/vapingnet.de\/vape\/bang-20000puff-zu-unschlagbaren-grosshandelspreisen-jetzt-zugreifen\/#breadcrumb\"},\"inLanguage\":\"it-IT\",\"potentialAction\":[{\"@type\":\"ReadAction\",\"target\":[\"https:\/\/vapingnet.de\/vape\/bang-20000puff-zu-unschlagbaren-grosshandelspreisen-jetzt-zugreifen\/\"]}]},{\"@type\":\"ImageObject\",\"inLanguage\":\"it-IT\",\"@id\":\"https:\/\/vapingnet.de\/vape\/bang-20000puff-zu-unschlagbaren-grosshandelspreisen-jetzt-zugreifen\/#primaryimage\",\"url\":\"https:\/\/vapingnet.de\/wp-content\/uploads\/2025\/03\/Double-Apple-2.png\",\"contentUrl\":\"https:\/\/vapingnet.de\/wp-content\/uploads\/2025\/03\/Double-Apple-2.png\",\"width\":1000,\"height\":1000,\"caption\":\"Double Apple\"},{\"@type\":\"BreadcrumbList\",\"@id\":\"https:\/\/vapingnet.de\/vape\/bang-20000puff-zu-unschlagbaren-grosshandelspreisen-jetzt-zugreifen\/#breadcrumb\",\"itemListElement\":[{\"@type\":\"ListItem\",\"position\":1,\"name\":\"Home\",\"item\":\"https:\/\/vapingnet.de\/\"},{\"@type\":\"ListItem\",\"position\":2,\"name\":\"Shop\",\"item\":\"https:\/\/vapingnet.de\/vape\/\"},{\"@type\":\"ListItem\",\"position\":3,\"name\":\"Bang 20000Puff zu unschlagbaren Gro\u00dfhandelspreisen Jetzt zugreifen\"}]},{\"@type\":\"WebSite\",\"@id\":\"https:\/\/vapingnet.de\/#website\",\"url\":\"https:\/\/vapingnet.de\/\",\"name\":\"Vapingnet.de\",\"description\":\"\",\"publisher\":{\"@id\":\"https:\/\/vapingnet.de\/#organization\"},\"potentialAction\":[{\"@type\":\"SearchAction\",\"target\":{\"@type\":\"EntryPoint\",\"urlTemplate\":\"https:\/\/vapingnet.de\/?s={search_term_string}\"},\"query-input\":{\"@type\":\"PropertyValueSpecification\",\"valueRequired\":true,\"valueName\":\"search_term_string\"}}],\"inLanguage\":\"it-IT\"},{\"@type\":\"Organization\",\"@id\":\"https:\/\/vapingnet.de\/#organization\",\"name\":\"Vapingnet.de\",\"url\":\"https:\/\/vapingnet.de\/\",\"logo\":{\"@type\":\"ImageObject\",\"inLanguage\":\"it-IT\",\"@id\":\"https:\/\/vapingnet.de\/#\/schema\/logo\/image\/\",\"url\":\"https:\/\/vapingnet.de\/wp-content\/uploads\/2025\/03\/cropped-vapingnet.de_.jpg\",\"contentUrl\":\"https:\/\/vapingnet.de\/wp-content\/uploads\/2025\/03\/cropped-vapingnet.de_.jpg\",\"width\":512,\"height\":512,\"caption\":\"Vapingnet.de\"},\"image\":{\"@id\":\"https:\/\/vapingnet.de\/#\/schema\/logo\/image\/\"},\"sameAs\":[\"https:\/\/www.facebook.com\/vapingnetde\/\"]}]}<\/script>\n<!-- \/ Yoast SEO plugin. -->","yoast_head_json":{"title":"Bang 20000Puff Double Apple \u2013 E-Zigarette auf vapingnet.de","description":"Entdecken Sie die Bang 20000Puff Double Apple E-Zigarette auf vapingnet.de \u2013 Erleben Sie den einzigartigen Apfelgeschmack mit langer Haltbarkeit!","robots":{"index":"index","follow":"follow","max-snippet":"max-snippet:-1","max-image-preview":"max-image-preview:large","max-video-preview":"max-video-preview:-1"},"canonical":"https:\/\/vapingnet.de\/it\/vape\/bang-20000puff-zu-unschlagbaren-grosshandelspreisen-jetzt-zugreifen\/","og_locale":"it_IT","og_type":"article","og_title":"Bang 20000Puff Double Apple \u2013 E-Zigarette auf vapingnet.de","og_description":"Entdecken Sie die Bang 20000Puff Double Apple E-Zigarette auf vapingnet.de \u2013 Erleben Sie den einzigartigen Apfelgeschmack mit langer Haltbarkeit!","og_url":"https:\/\/vapingnet.de\/it\/vape\/bang-20000puff-zu-unschlagbaren-grosshandelspreisen-jetzt-zugreifen\/","og_site_name":"Vapingnet.de","article_publisher":"https:\/\/www.facebook.com\/vapingnetde\/","article_modified_time":"2025-06-19T03:40:48+00:00","og_image":[{"width":1000,"height":1000,"url":"https:\/\/vapingnet.de\/wp-content\/uploads\/2025\/03\/Double-Apple-2.png","type":"image\/png"}],"twitter_card":"summary_large_image","twitter_misc":{"Est. reading time":"3 minutes"},"schema":{"@context":"https:\/\/schema.org","@graph":[{"@type":"WebPage","@id":"https:\/\/vapingnet.de\/vape\/bang-20000puff-zu-unschlagbaren-grosshandelspreisen-jetzt-zugreifen\/","url":"https:\/\/vapingnet.de\/vape\/bang-20000puff-zu-unschlagbaren-grosshandelspreisen-jetzt-zugreifen\/","name":"Bang 20000Puff Double Apple \u2013 E-Zigarette auf vapingnet.de","isPartOf":{"@id":"https:\/\/vapingnet.de\/#website"},"primaryImageOfPage":{"@id":"https:\/\/vapingnet.de\/vape\/bang-20000puff-zu-unschlagbaren-grosshandelspreisen-jetzt-zugreifen\/#primaryimage"},"image":{"@id":"https:\/\/vapingnet.de\/vape\/bang-20000puff-zu-unschlagbaren-grosshandelspreisen-jetzt-zugreifen\/#primaryimage"},"thumbnailUrl":"https:\/\/vapingnet.de\/wp-content\/uploads\/2025\/03\/Double-Apple-2.png","datePublished":"2025-03-15T09:54:43+00:00","dateModified":"2025-06-19T03:40:48+00:00","description":"Entdecken Sie die Bang 20000Puff Double Apple E-Zigarette auf vapingnet.de \u2013 Erleben Sie den einzigartigen Apfelgeschmack mit langer Haltbarkeit!","breadcrumb":{"@id":"https:\/\/vapingnet.de\/vape\/bang-20000puff-zu-unschlagbaren-grosshandelspreisen-jetzt-zugreifen\/#breadcrumb"},"inLanguage":"it-IT","potentialAction":[{"@type":"ReadAction","target":["https:\/\/vapingnet.de\/vape\/bang-20000puff-zu-unschlagbaren-grosshandelspreisen-jetzt-zugreifen\/"]}]},{"@type":"ImageObject","inLanguage":"it-IT","@id":"https:\/\/vapingnet.de\/vape\/bang-20000puff-zu-unschlagbaren-grosshandelspreisen-jetzt-zugreifen\/#primaryimage","url":"https:\/\/vapingnet.de\/wp-content\/uploads\/2025\/03\/Double-Apple-2.png","contentUrl":"https:\/\/vapingnet.de\/wp-content\/uploads\/2025\/03\/Double-Apple-2.png","width":1000,"height":1000,"caption":"Double Apple"},{"@type":"BreadcrumbList","@id":"https:\/\/vapingnet.de\/vape\/bang-20000puff-zu-unschlagbaren-grosshandelspreisen-jetzt-zugreifen\/#breadcrumb","itemListElement":[{"@type":"ListItem","position":1,"name":"Home","item":"https:\/\/vapingnet.de\/"},{"@type":"ListItem","position":2,"name":"Shop","item":"https:\/\/vapingnet.de\/vape\/"},{"@type":"ListItem","position":3,"name":"Bang 20000Puff zu unschlagbaren Gro\u00dfhandelspreisen Jetzt zugreifen"}]},{"@type":"WebSite","@id":"https:\/\/vapingnet.de\/#website","url":"https:\/\/vapingnet.de\/","name":"Vapingnet.de","description":"","publisher":{"@id":"https:\/\/vapingnet.de\/#organization"},"potentialAction":[{"@type":"SearchAction","target":{"@type":"EntryPoint","urlTemplate":"https:\/\/vapingnet.de\/?s={search_term_string}"},"query-input":{"@type":"PropertyValueSpecification","valueRequired":true,"valueName":"search_term_string"}}],"inLanguage":"it-IT"},{"@type":"Organization","@id":"https:\/\/vapingnet.de\/#organization","name":"Vapingnet.de","url":"https:\/\/vapingnet.de\/","logo":{"@type":"ImageObject","inLanguage":"it-IT","@id":"https:\/\/vapingnet.de\/#\/schema\/logo\/image\/","url":"https:\/\/vapingnet.de\/wp-content\/uploads\/2025\/03\/cropped-vapingnet.de_.jpg","contentUrl":"https:\/\/vapingnet.de\/wp-content\/uploads\/2025\/03\/cropped-vapingnet.de_.jpg","width":512,"height":512,"caption":"Vapingnet.de"},"image":{"@id":"https:\/\/vapingnet.de\/#\/schema\/logo\/image\/"},"sameAs":["https:\/\/www.facebook.com\/vapingnetde\/"]}]}},"tiered_pricing_type":"fixed","tiered_pricing_fixed_rules":{"10":"8.92","60":"8.03","110":"7.14","200":"6.24"},"tiered_pricing_product_settings":{"layout":"default","base_unit_name":{"singular":null,"plural":null},"default_variation":null},"tiered_pricing_minimum_quantity":null,"tiered_pricing_roles_data":[],"tiered_pricing_percentage_rules":[],"_links":{"self":[{"href":"https:\/\/vapingnet.de\/it\/wp-json\/wp\/v2\/product\/5480","targetHints":{"allow":["GET"]}}],"collection":[{"href":"https:\/\/vapingnet.de\/it\/wp-json\/wp\/v2\/product"}],"about":[{"href":"https:\/\/vapingnet.de\/it\/wp-json\/wp\/v2\/types\/product"}],"version-history":[{"count":2,"href":"https:\/\/vapingnet.de\/it\/wp-json\/wp\/v2\/product\/5480\/revisions"}],"predecessor-version":[{"id":5483,"href":"https:\/\/vapingnet.de\/it\/wp-json\/wp\/v2\/product\/5480\/revisions\/5483"}],"wp:featuredmedia":[{"embeddable":true,"href":"https:\/\/vapingnet.de\/it\/wp-json\/wp\/v2\/media\/5481"}],"wp:attachment":[{"href":"https:\/\/vapingnet.de\/it\/wp-json\/wp\/v2\/media?parent=5480"}],"wp:term":[{"taxonomy":"brand","embeddable":true,"href":"https:\/\/vapingnet.de\/it\/wp-json\/wp\/v2\/etheme_brands?post=5480"},{"taxonomy":"product_brand","embeddable":true,"href":"https:\/\/vapingnet.de\/it\/wp-json\/wp\/v2\/product_brand?post=5480"},{"taxonomy":"product_cat","embeddable":true,"href":"https:\/\/vapingnet.de\/it\/wp-json\/wp\/v2\/product_cat?post=5480"},{"taxonomy":"product_tag","embeddable":true,"href":"https:\/\/vapingnet.de\/it\/wp-json\/wp\/v2\/product_tag?post=5480"}],"curies":[{"name":"wp","href":"https:\/\/api.w.org\/{rel}","templated":true}]}}