{"id":5484,"date":"2025-03-15T09:59:04","date_gmt":"2025-03-15T09:59:04","guid":{"rendered":"https:\/\/vapingnet.de\/?post_type=product&#038;p=5484"},"modified":"2025-06-19T03:40:48","modified_gmt":"2025-06-19T03:40:48","slug":"raspberry-watermelon-bang-20000puff-e-zigarette-jetzt-im-angebot-ohne-steuer","status":"publish","type":"product","link":"https:\/\/vapingnet.de\/it\/vape\/raspberry-watermelon-bang-20000puff-e-zigarette-jetzt-im-angebot-ohne-steuer\/","title":{"rendered":"Lampone Anguria Bang 20000Puff sigaretta elettronica in offerta senza tasse"},"content":{"rendered":"<h2 data-start=\"0\" data-end=\"96\">Bang 20000Puff Dual Mesh Sigaretta Elettronica usa e getta \u2013 Goditi vapore infinito e gusto fresco<\/h2>\n<p data-start=\"98\" data-end=\"494\">La Bang 20000Puff Dual Mesh Sigaretta Elettronica usa e getta \u00e8 una sigaretta elettronica di alta qualit\u00e0 che combina tecnologia avanzata e prestazioni eccezionali. Offre non solo una lunga durata, ma anche un'esperienza di svapo unica grazie alla tecnologia Dual Mesh Coil. Ogni tiro \u00e8 un piacere con un gusto di frutta fresca, che rende lo svapo un'esperienza straordinaria.<\/p>\n<h4 data-start=\"496\" data-end=\"515\">Caratteristiche del prodotto<\/h4>\n<ul data-start=\"517\" data-end=\"1699\">\n<li data-start=\"517\" data-end=\"765\"><strong data-start=\"519\" data-end=\"542\">Lunga durata<\/strong>: La Bang 20000Puff Sigaretta Elettronica usa e getta dispone di un grande volume di e-liquid di 28ml, che permette fino a <a href=\"https:\/\/vapingnet.de\/it\/k\/vape-20000-zuege\/\" target=\"_blank\" rel=\"noopener\"><strong>20.000 tiri<\/strong> <\/a>offre. Non dovrai pi\u00f9 preoccuparti di frequenti sostituzioni \u2013 ideale per un uso a lungo termine.<\/li>\n<li data-start=\"766\" data-end=\"954\"><strong data-start=\"768\" data-end=\"798\">Tecnologia Dual Mesh Coil<\/strong>: Dotata di una coil Dual Mesh da 1,1\u03a9, questa sigaretta elettronica garantisce un riscaldamento uniforme e vapore ricco con un gusto intenso.<\/li>\n<li data-start=\"955\" data-end=\"1153\"><strong data-start=\"957\" data-end=\"985\">Grande capacit\u00e0 di liquido elettronico<\/strong>: Con 28ml di e-liquid, ogni sigaretta elettronica offre abbastanza liquido per una lunga durata, cos\u00ec non dovrai preoccuparti di ricariche frequenti.<\/li>\n<li data-start=\"1154\" data-end=\"1313\"><strong data-start=\"1156\" data-end=\"1186\">Varie intensit\u00e0 di nicotina<\/strong>: Disponibile in intensit\u00e0 di nicotina 0%, 2%, 3% e 5%, cos\u00ec puoi scegliere quella pi\u00f9 adatta alle tue esigenze e preferenze.<\/li>\n<li data-start=\"1314\" data-end=\"1533\"><strong data-start=\"1316\" data-end=\"1340\">Ricarica rapida Type-C<\/strong>: La Bang 20000Puff \u00e8 dotata di una batteria da 650mAh e supporta la ricarica rapida Type-C, cos\u00ec sarai sempre pronto all'uso senza lunghe attese di ricarica.<\/li>\n<li data-start=\"1534\" data-end=\"1699\"><strong data-start=\"1536\" data-end=\"1551\">Display LED<\/strong>: Con il display LED integrato, hai sempre il controllo dello stato della batteria, cos\u00ec saprai quando \u00e8 il momento di ricaricare la sigaretta elettronica.<\/li>\n<\/ul>\n<h4 data-start=\"1701\" data-end=\"1748\">Consiglio di gusto \u2013 Raspberry Watermelon<\/h4>\n<p data-start=\"1750\" data-end=\"2078\">Il gusto \u201cRaspberry Watermelon\u201d della Bang 20000Puff unisce la dolcezza dell'anguria e la freschezza fruttata del lampone. Il sapore \u00e8 rinfrescante e perfettamente equilibrato \u2013 ogni tiro porta la freschezza e la dolcezza dell'estate. Ideale per chi ama aromi fruttati e leggeri.<\/p>\n<h3 data-start=\"2080\" data-end=\"2104\">Vantaggi e spedizione<\/h3>\n<ul data-start=\"2106\" data-end=\"2542\">\n<li data-start=\"2106\" data-end=\"2251\"><strong data-start=\"2108\" data-end=\"2120\">Dogana gratuita<\/strong>: Acquistando oltre vapingnet.de, beneficerai di ordini senza dazi, il che significa che non ci saranno costi aggiuntivi.<\/li>\n<li data-start=\"2252\" data-end=\"2406\"><strong data-start=\"2254\" data-end=\"2285\">Spedizione aerea rapida<\/strong>: Offriamo spedizioni rapide entro 7-15 giorni lavorativi, cos\u00ec il tuo ordine arriver\u00e0 rapidamente e in sicurezza a casa tua.<\/li>\n<li data-start=\"2407\" data-end=\"2542\"><strong data-start=\"2409\" data-end=\"2438\">Esperienza di acquisto comoda<\/strong>: Visita semplicemente vapingnet.de per scegliere la tua sigaretta elettronica preferita e ordinarla comodamente.<\/li>\n<\/ul>\n<p data-start=\"2555\" data-end=\"3010\" data-is-last-node=\"\" data-is-only-node=\"\">La sigaretta elettronica usa e getta Bang 20000Puff Dual Mesh \u00e8 una scelta eccellente per svapatori di tutti i livelli grazie alla sua lunga durata, aromi intensi e tecnologia innovativa. Che tu sia un principiante o un esperto svapatore, questa sigaretta elettronica ti convincer\u00e0 con il suo gusto fresco e la facilit\u00e0 d'uso. Visita ora <a href=\"https:\/\/vapingnet.de\/it\/\" target=\"_new\" rel=\"noopener\" data-start=\"2921\" data-end=\"2958\">vapingnet.de<\/a> e vivi un'esperienza di svapo straordinaria!<\/p>","protected":false},"excerpt":{"rendered":"<p>Bang 20000Puff Dual Mesh Einweg E-Zigarette \u2013 Genie\u00dfen Sie endlosen Dampf und frischen Geschmack Die Bang 20000Puff Dual Mesh Einweg E-Zigarette ist eine hochwertige E-Zigarette,&#8230;<\/p>","protected":false},"featured_media":5485,"template":"","meta":[],"etheme_brands":[],"product_brand":[101],"product_cat":[54,49,61],"product_tag":[],"class_list":{"0":"post-5484","1":"product","2":"type-product","3":"status-publish","4":"has-post-thumbnail","6":"product_brand-bang-king-vape","7":"product_cat-vape-20000-zuege","8":"product_cat-einweg-e-zigarette","9":"product_cat-f","11":"first","12":"instock","13":"shipping-taxable","14":"purchasable","15":"product-type-simple"},"yoast_head":"<!-- This site is optimized with the Yoast SEO plugin v26.5 - https:\/\/yoast.com\/wordpress\/plugins\/seo\/ -->\n<title>Bang 20000Puff Raspberry Watermelon E-Zigarette auf vapingnet.de<\/title>\n<meta name=\"description\" content=\"Genie\u00dfen Sie die Bang 20000Puff Raspberry Watermelon E-Zigarette bei vapingnet.de \u2013 Fruchtig, frisch und ideal f\u00fcr langanhaltenden Genuss!\" \/>\n<meta name=\"robots\" content=\"index, follow, max-snippet:-1, max-image-preview:large, max-video-preview:-1\" \/>\n<link rel=\"canonical\" href=\"https:\/\/vapingnet.de\/it\/vape\/raspberry-watermelon-bang-20000puff-e-zigarette-jetzt-im-angebot-ohne-steuer\/\" \/>\n<meta property=\"og:locale\" content=\"it_IT\" \/>\n<meta property=\"og:type\" content=\"article\" \/>\n<meta property=\"og:title\" content=\"Bang 20000Puff Raspberry Watermelon E-Zigarette auf vapingnet.de\" \/>\n<meta property=\"og:description\" content=\"Genie\u00dfen Sie die Bang 20000Puff Raspberry Watermelon E-Zigarette bei vapingnet.de \u2013 Fruchtig, frisch und ideal f\u00fcr langanhaltenden Genuss!\" \/>\n<meta property=\"og:url\" content=\"https:\/\/vapingnet.de\/it\/vape\/raspberry-watermelon-bang-20000puff-e-zigarette-jetzt-im-angebot-ohne-steuer\/\" \/>\n<meta property=\"og:site_name\" content=\"Vapingnet.de\" \/>\n<meta property=\"article:publisher\" content=\"https:\/\/www.facebook.com\/vapingnetde\/\" \/>\n<meta property=\"article:modified_time\" content=\"2025-06-19T03:40:48+00:00\" \/>\n<meta property=\"og:image\" content=\"https:\/\/vapingnet.de\/wp-content\/uploads\/2025\/03\/Raspberry-Watermelon.png\" \/>\n\t<meta property=\"og:image:width\" content=\"1000\" \/>\n\t<meta property=\"og:image:height\" content=\"1000\" \/>\n\t<meta property=\"og:image:type\" content=\"image\/png\" \/>\n<meta name=\"twitter:card\" content=\"summary_large_image\" \/>\n<meta name=\"twitter:label1\" content=\"Est. reading time\" \/>\n\t<meta name=\"twitter:data1\" content=\"3 minutes\" \/>\n<script type=\"application\/ld+json\" class=\"yoast-schema-graph\">{\"@context\":\"https:\/\/schema.org\",\"@graph\":[{\"@type\":\"WebPage\",\"@id\":\"https:\/\/vapingnet.de\/vape\/raspberry-watermelon-bang-20000puff-e-zigarette-jetzt-im-angebot-ohne-steuer\/\",\"url\":\"https:\/\/vapingnet.de\/vape\/raspberry-watermelon-bang-20000puff-e-zigarette-jetzt-im-angebot-ohne-steuer\/\",\"name\":\"Bang 20000Puff Raspberry Watermelon E-Zigarette auf vapingnet.de\",\"isPartOf\":{\"@id\":\"https:\/\/vapingnet.de\/#website\"},\"primaryImageOfPage\":{\"@id\":\"https:\/\/vapingnet.de\/vape\/raspberry-watermelon-bang-20000puff-e-zigarette-jetzt-im-angebot-ohne-steuer\/#primaryimage\"},\"image\":{\"@id\":\"https:\/\/vapingnet.de\/vape\/raspberry-watermelon-bang-20000puff-e-zigarette-jetzt-im-angebot-ohne-steuer\/#primaryimage\"},\"thumbnailUrl\":\"https:\/\/vapingnet.de\/wp-content\/uploads\/2025\/03\/Raspberry-Watermelon.png\",\"datePublished\":\"2025-03-15T09:59:04+00:00\",\"dateModified\":\"2025-06-19T03:40:48+00:00\",\"description\":\"Genie\u00dfen Sie die Bang 20000Puff Raspberry Watermelon E-Zigarette bei vapingnet.de \u2013 Fruchtig, frisch und ideal f\u00fcr langanhaltenden Genuss!\",\"breadcrumb\":{\"@id\":\"https:\/\/vapingnet.de\/vape\/raspberry-watermelon-bang-20000puff-e-zigarette-jetzt-im-angebot-ohne-steuer\/#breadcrumb\"},\"inLanguage\":\"it-IT\",\"potentialAction\":[{\"@type\":\"ReadAction\",\"target\":[\"https:\/\/vapingnet.de\/vape\/raspberry-watermelon-bang-20000puff-e-zigarette-jetzt-im-angebot-ohne-steuer\/\"]}]},{\"@type\":\"ImageObject\",\"inLanguage\":\"it-IT\",\"@id\":\"https:\/\/vapingnet.de\/vape\/raspberry-watermelon-bang-20000puff-e-zigarette-jetzt-im-angebot-ohne-steuer\/#primaryimage\",\"url\":\"https:\/\/vapingnet.de\/wp-content\/uploads\/2025\/03\/Raspberry-Watermelon.png\",\"contentUrl\":\"https:\/\/vapingnet.de\/wp-content\/uploads\/2025\/03\/Raspberry-Watermelon.png\",\"width\":1000,\"height\":1000,\"caption\":\"Raspberry Watermelon\"},{\"@type\":\"BreadcrumbList\",\"@id\":\"https:\/\/vapingnet.de\/vape\/raspberry-watermelon-bang-20000puff-e-zigarette-jetzt-im-angebot-ohne-steuer\/#breadcrumb\",\"itemListElement\":[{\"@type\":\"ListItem\",\"position\":1,\"name\":\"Home\",\"item\":\"https:\/\/vapingnet.de\/\"},{\"@type\":\"ListItem\",\"position\":2,\"name\":\"Shop\",\"item\":\"https:\/\/vapingnet.de\/vape\/\"},{\"@type\":\"ListItem\",\"position\":3,\"name\":\"Raspberry Watermelon Bang 20000Puff E-Zigarette Jetzt im Angebot ohne Steuer\"}]},{\"@type\":\"WebSite\",\"@id\":\"https:\/\/vapingnet.de\/#website\",\"url\":\"https:\/\/vapingnet.de\/\",\"name\":\"Vapingnet.de\",\"description\":\"\",\"publisher\":{\"@id\":\"https:\/\/vapingnet.de\/#organization\"},\"potentialAction\":[{\"@type\":\"SearchAction\",\"target\":{\"@type\":\"EntryPoint\",\"urlTemplate\":\"https:\/\/vapingnet.de\/?s={search_term_string}\"},\"query-input\":{\"@type\":\"PropertyValueSpecification\",\"valueRequired\":true,\"valueName\":\"search_term_string\"}}],\"inLanguage\":\"it-IT\"},{\"@type\":\"Organization\",\"@id\":\"https:\/\/vapingnet.de\/#organization\",\"name\":\"Vapingnet.de\",\"url\":\"https:\/\/vapingnet.de\/\",\"logo\":{\"@type\":\"ImageObject\",\"inLanguage\":\"it-IT\",\"@id\":\"https:\/\/vapingnet.de\/#\/schema\/logo\/image\/\",\"url\":\"https:\/\/vapingnet.de\/wp-content\/uploads\/2025\/03\/cropped-vapingnet.de_.jpg\",\"contentUrl\":\"https:\/\/vapingnet.de\/wp-content\/uploads\/2025\/03\/cropped-vapingnet.de_.jpg\",\"width\":512,\"height\":512,\"caption\":\"Vapingnet.de\"},\"image\":{\"@id\":\"https:\/\/vapingnet.de\/#\/schema\/logo\/image\/\"},\"sameAs\":[\"https:\/\/www.facebook.com\/vapingnetde\/\"]}]}<\/script>\n<!-- \/ Yoast SEO plugin. -->","yoast_head_json":{"title":"Bang 20000Puff Raspberry Watermelon E-Zigarette auf vapingnet.de","description":"Genie\u00dfen Sie die Bang 20000Puff Raspberry Watermelon E-Zigarette bei vapingnet.de \u2013 Fruchtig, frisch und ideal f\u00fcr langanhaltenden Genuss!","robots":{"index":"index","follow":"follow","max-snippet":"max-snippet:-1","max-image-preview":"max-image-preview:large","max-video-preview":"max-video-preview:-1"},"canonical":"https:\/\/vapingnet.de\/it\/vape\/raspberry-watermelon-bang-20000puff-e-zigarette-jetzt-im-angebot-ohne-steuer\/","og_locale":"it_IT","og_type":"article","og_title":"Bang 20000Puff Raspberry Watermelon E-Zigarette auf vapingnet.de","og_description":"Genie\u00dfen Sie die Bang 20000Puff Raspberry Watermelon E-Zigarette bei vapingnet.de \u2013 Fruchtig, frisch und ideal f\u00fcr langanhaltenden Genuss!","og_url":"https:\/\/vapingnet.de\/it\/vape\/raspberry-watermelon-bang-20000puff-e-zigarette-jetzt-im-angebot-ohne-steuer\/","og_site_name":"Vapingnet.de","article_publisher":"https:\/\/www.facebook.com\/vapingnetde\/","article_modified_time":"2025-06-19T03:40:48+00:00","og_image":[{"width":1000,"height":1000,"url":"https:\/\/vapingnet.de\/wp-content\/uploads\/2025\/03\/Raspberry-Watermelon.png","type":"image\/png"}],"twitter_card":"summary_large_image","twitter_misc":{"Est. reading time":"3 minutes"},"schema":{"@context":"https:\/\/schema.org","@graph":[{"@type":"WebPage","@id":"https:\/\/vapingnet.de\/vape\/raspberry-watermelon-bang-20000puff-e-zigarette-jetzt-im-angebot-ohne-steuer\/","url":"https:\/\/vapingnet.de\/vape\/raspberry-watermelon-bang-20000puff-e-zigarette-jetzt-im-angebot-ohne-steuer\/","name":"Bang 20000Puff Raspberry Watermelon E-Zigarette auf vapingnet.de","isPartOf":{"@id":"https:\/\/vapingnet.de\/#website"},"primaryImageOfPage":{"@id":"https:\/\/vapingnet.de\/vape\/raspberry-watermelon-bang-20000puff-e-zigarette-jetzt-im-angebot-ohne-steuer\/#primaryimage"},"image":{"@id":"https:\/\/vapingnet.de\/vape\/raspberry-watermelon-bang-20000puff-e-zigarette-jetzt-im-angebot-ohne-steuer\/#primaryimage"},"thumbnailUrl":"https:\/\/vapingnet.de\/wp-content\/uploads\/2025\/03\/Raspberry-Watermelon.png","datePublished":"2025-03-15T09:59:04+00:00","dateModified":"2025-06-19T03:40:48+00:00","description":"Genie\u00dfen Sie die Bang 20000Puff Raspberry Watermelon E-Zigarette bei vapingnet.de \u2013 Fruchtig, frisch und ideal f\u00fcr langanhaltenden Genuss!","breadcrumb":{"@id":"https:\/\/vapingnet.de\/vape\/raspberry-watermelon-bang-20000puff-e-zigarette-jetzt-im-angebot-ohne-steuer\/#breadcrumb"},"inLanguage":"it-IT","potentialAction":[{"@type":"ReadAction","target":["https:\/\/vapingnet.de\/vape\/raspberry-watermelon-bang-20000puff-e-zigarette-jetzt-im-angebot-ohne-steuer\/"]}]},{"@type":"ImageObject","inLanguage":"it-IT","@id":"https:\/\/vapingnet.de\/vape\/raspberry-watermelon-bang-20000puff-e-zigarette-jetzt-im-angebot-ohne-steuer\/#primaryimage","url":"https:\/\/vapingnet.de\/wp-content\/uploads\/2025\/03\/Raspberry-Watermelon.png","contentUrl":"https:\/\/vapingnet.de\/wp-content\/uploads\/2025\/03\/Raspberry-Watermelon.png","width":1000,"height":1000,"caption":"Raspberry Watermelon"},{"@type":"BreadcrumbList","@id":"https:\/\/vapingnet.de\/vape\/raspberry-watermelon-bang-20000puff-e-zigarette-jetzt-im-angebot-ohne-steuer\/#breadcrumb","itemListElement":[{"@type":"ListItem","position":1,"name":"Home","item":"https:\/\/vapingnet.de\/"},{"@type":"ListItem","position":2,"name":"Shop","item":"https:\/\/vapingnet.de\/vape\/"},{"@type":"ListItem","position":3,"name":"Raspberry Watermelon Bang 20000Puff E-Zigarette Jetzt im Angebot ohne Steuer"}]},{"@type":"WebSite","@id":"https:\/\/vapingnet.de\/#website","url":"https:\/\/vapingnet.de\/","name":"Vapingnet.de","description":"","publisher":{"@id":"https:\/\/vapingnet.de\/#organization"},"potentialAction":[{"@type":"SearchAction","target":{"@type":"EntryPoint","urlTemplate":"https:\/\/vapingnet.de\/?s={search_term_string}"},"query-input":{"@type":"PropertyValueSpecification","valueRequired":true,"valueName":"search_term_string"}}],"inLanguage":"it-IT"},{"@type":"Organization","@id":"https:\/\/vapingnet.de\/#organization","name":"Vapingnet.de","url":"https:\/\/vapingnet.de\/","logo":{"@type":"ImageObject","inLanguage":"it-IT","@id":"https:\/\/vapingnet.de\/#\/schema\/logo\/image\/","url":"https:\/\/vapingnet.de\/wp-content\/uploads\/2025\/03\/cropped-vapingnet.de_.jpg","contentUrl":"https:\/\/vapingnet.de\/wp-content\/uploads\/2025\/03\/cropped-vapingnet.de_.jpg","width":512,"height":512,"caption":"Vapingnet.de"},"image":{"@id":"https:\/\/vapingnet.de\/#\/schema\/logo\/image\/"},"sameAs":["https:\/\/www.facebook.com\/vapingnetde\/"]}]}},"tiered_pricing_type":"fixed","tiered_pricing_fixed_rules":{"10":"8.92","60":"8.03","110":"7.14","200":"6.24"},"tiered_pricing_product_settings":{"layout":"default","base_unit_name":{"singular":null,"plural":null},"default_variation":null},"tiered_pricing_minimum_quantity":null,"tiered_pricing_roles_data":[],"tiered_pricing_percentage_rules":[],"_links":{"self":[{"href":"https:\/\/vapingnet.de\/it\/wp-json\/wp\/v2\/product\/5484","targetHints":{"allow":["GET"]}}],"collection":[{"href":"https:\/\/vapingnet.de\/it\/wp-json\/wp\/v2\/product"}],"about":[{"href":"https:\/\/vapingnet.de\/it\/wp-json\/wp\/v2\/types\/product"}],"version-history":[{"count":1,"href":"https:\/\/vapingnet.de\/it\/wp-json\/wp\/v2\/product\/5484\/revisions"}],"predecessor-version":[{"id":5486,"href":"https:\/\/vapingnet.de\/it\/wp-json\/wp\/v2\/product\/5484\/revisions\/5486"}],"wp:featuredmedia":[{"embeddable":true,"href":"https:\/\/vapingnet.de\/it\/wp-json\/wp\/v2\/media\/5485"}],"wp:attachment":[{"href":"https:\/\/vapingnet.de\/it\/wp-json\/wp\/v2\/media?parent=5484"}],"wp:term":[{"taxonomy":"brand","embeddable":true,"href":"https:\/\/vapingnet.de\/it\/wp-json\/wp\/v2\/etheme_brands?post=5484"},{"taxonomy":"product_brand","embeddable":true,"href":"https:\/\/vapingnet.de\/it\/wp-json\/wp\/v2\/product_brand?post=5484"},{"taxonomy":"product_cat","embeddable":true,"href":"https:\/\/vapingnet.de\/it\/wp-json\/wp\/v2\/product_cat?post=5484"},{"taxonomy":"product_tag","embeddable":true,"href":"https:\/\/vapingnet.de\/it\/wp-json\/wp\/v2\/product_tag?post=5484"}],"curies":[{"name":"wp","href":"https:\/\/api.w.org\/{rel}","templated":true}]}}