{"id":5528,"date":"2025-12-13T09:38:40","date_gmt":"2025-12-13T09:38:40","guid":{"rendered":"https:\/\/vapingnet.de\/?post_type=product&#038;p=5528"},"modified":"2026-01-28T08:35:31","modified_gmt":"2026-01-28T08:35:31","slug":"fruchtig-und-suess-bang-blaze-20000-puffs-strawberry-watermelon","status":"publish","type":"product","link":"https:\/\/vapingnet.de\/it\/vape\/fruchtig-und-suess-bang-blaze-20000-puffs-strawberry-watermelon\/","title":{"rendered":"Fruttato e dolce Bang Blaze 20000 Puff Fragola Anguria"},"content":{"rendered":"<h2 data-start=\"0\" data-end=\"68\">Bang Blaze 20000 Puffs \u2013 Esperienza definitiva, lunga durata!<\/h2>\n<p data-start=\"70\" data-end=\"358\">Bang Blaze 20000 Puffs ti offre un'esperienza di svapo senza paragoni! Con <a href=\"https:\/\/vapingnet.de\/it\/k\/vape-20000-zuege\/\" target=\"_blank\" rel=\"noopener\"><strong>20.000 Puffs<\/strong><\/a> capacit\u00e0 enorme e il coil Dul Mesh 1.0\u03a9, ogni tiro offre un gusto morbido e intenso. Questa sigaretta elettronica \u00e8 perfetta per chi cerca un'esperienza di svapo duratura.<\/p>\n<h4 data-start=\"365\" data-end=\"395\">Caratteristiche del prodotto<\/h4>\n<ul data-start=\"397\" data-end=\"1252\">\n<li data-start=\"397\" data-end=\"524\">Durata d'uso estremamente lunga: 20.000 Puffs, molto pi\u00f9 delle sigarette elettroniche comuni \u2013 ideale per il tuo uso quotidiano.<\/li>\n<li data-start=\"525\" data-end=\"612\">Batteria potente: batteria ricaricabile da 1000mAh, niente pi\u00f9 pause frequenti di ricarica.<\/li>\n<li data-start=\"613\" data-end=\"705\">Connettore di ricarica rapida: porta Type-C per ricarica veloce e utilizzo efficiente.<\/li>\n<li data-start=\"706\" data-end=\"820\">Grande capacit\u00e0 di liquido: 26ml di liquido, per un piacere di svapo duraturo senza frequenti ricariche.<\/li>\n<li data-start=\"821\" data-end=\"912\">Contenuto di nicotina tra cui scegliere: 0%, 2%, 3%, 5% \u2013 per tutti i gusti e le esigenze.<\/li>\n<li data-start=\"913\" data-end=\"1051\">Display intelligente: mostra sempre lo stato della batteria e il livello di liquido, per uno svapo ancora pi\u00f9 confortevole.<\/li>\n<li data-start=\"1052\" data-end=\"1150\">Gusto Fragola Anguria: rinfrescante e fruttato, un piacere unico ad ogni tiro.<\/li>\n<li data-start=\"1151\" data-end=\"1252\">Leggera e portatile: con soli 85g, la sigaretta elettronica \u00e8 molto maneggevole e ideale da portare in giro.<\/li>\n<\/ul>\n<h4 data-start=\"1259\" data-end=\"1282\">Vantaggi del prodotto<\/h4>\n<ol data-start=\"1284\" data-end=\"2087\">\n<li data-start=\"1284\" data-end=\"1490\">Lunga durata, goditela in ogni momento: con 20.000 Puffs sei ben fornito, sia in quotidianit\u00e0 che in viaggio. Questa sigaretta elettronica ti accompagna a lungo senza bisogno di ricaricare o ricaricare.<\/li>\n<li data-start=\"1491\" data-end=\"1664\">Gusto fresco, indimenticabile: il sapore Fragola Anguria garantisce un piacere rinfrescante e dolce, che ti entusiasmer\u00e0 ogni volta.<\/li>\n<li data-start=\"1665\" data-end=\"1869\">Diversi livelli di nicotina, per ogni esigenza: che tu voglia svapare senza nicotina o ottenere un effetto pi\u00f9 forte con un contenuto di nicotina pi\u00f9 elevato, <a href=\"https:\/\/vapingnet.de\/fr\/Brands\/bang-king-vape\/\" target=\"_blank\" rel=\"noopener\"><strong>Bang King<\/strong><\/a> ti offre la scelta perfetta.<\/li>\n<li data-start=\"1870\" data-end=\"2087\">Design leggero e senza dazi: con soli 85g \u00e8 molto leggero e facile da trasportare. Inoltre, offriamo consegna senza dazi, cos\u00ec non devi preoccuparti di costi aggiuntivi.<\/li>\n<\/ol>\n<h3>Acquista ora, vivi un'esperienza di svapo indimenticabile<\/h3>\n<p data-start=\"2149\" data-end=\"2331\" data-is-last-node=\"\" data-is-only-node=\"\">Visita ora <a href=\"https:\/\/vapingnet.de\/it\/\" target=\"_new\" rel=\"noopener\" data-start=\"2165\" data-end=\"2201\">vapingnet.de<\/a>, ordina il tuo Bang Blaze 20000 Puffs e vivi l'esperienza di svapo definitiva con lunga durata e gusto rinfrescante!<\/p>","protected":false},"excerpt":{"rendered":"<p>Bang Blaze 20000 Puffs \u2013 Esperienza suprema, lunga durata! Bang Blaze 20000 Puffs ti offre un'esperienza di svapo senza paragoni! Con una capacit\u00e0 di 20.000 Puffs e un...<\/p>","protected":false},"featured_media":6844,"template":"","meta":[],"etheme_brands":[],"product_brand":[101],"product_cat":[54,49,61],"product_tag":[],"class_list":{"0":"post-5528","1":"product","2":"type-product","3":"status-publish","4":"has-post-thumbnail","6":"product_brand-bang-king-vape","7":"product_cat-vape-20000-zuege","8":"product_cat-einweg-e-zigarette","9":"product_cat-f","11":"first","12":"instock","13":"shipping-taxable","14":"purchasable","15":"product-type-simple"},"yoast_head":"<!-- This site is optimized with the Yoast SEO plugin v26.5 - https:\/\/yoast.com\/wordpress\/plugins\/seo\/ -->\n<title>Fruchtig und s\u00fc\u00df Bang Blaze 20000 Puffs Strawberry Watermelon | Vapingnet.de<\/title>\n<meta name=\"description\" content=\"Entdecke Fruchtig und s\u00fc\u00df Bang Blaze 20000 Puffs Strawberry Watermelon bei vapingnet.de, \u25ba Gro\u00dfe Auswahl an Geschmacksrichtungen &amp; super g\u00fcnstig!\" \/>\n<meta name=\"robots\" content=\"index, follow, max-snippet:-1, max-image-preview:large, max-video-preview:-1\" \/>\n<link rel=\"canonical\" href=\"https:\/\/vapingnet.de\/it\/vape\/fruchtig-und-suess-bang-blaze-20000-puffs-strawberry-watermelon\/\" \/>\n<meta property=\"og:locale\" content=\"it_IT\" \/>\n<meta property=\"og:type\" content=\"article\" \/>\n<meta property=\"og:title\" content=\"Fruchtig und s\u00fc\u00df Bang Blaze 20000 Puffs Strawberry Watermelon | Vapingnet.de\" \/>\n<meta property=\"og:description\" content=\"Entdecke Fruchtig und s\u00fc\u00df Bang Blaze 20000 Puffs Strawberry Watermelon bei vapingnet.de, \u25ba Gro\u00dfe Auswahl an Geschmacksrichtungen &amp; super g\u00fcnstig!\" \/>\n<meta property=\"og:url\" content=\"https:\/\/vapingnet.de\/it\/vape\/fruchtig-und-suess-bang-blaze-20000-puffs-strawberry-watermelon\/\" \/>\n<meta property=\"og:site_name\" content=\"Vapingnet.de\" \/>\n<meta property=\"article:publisher\" content=\"https:\/\/www.facebook.com\/vapingnetde\/\" \/>\n<meta property=\"article:modified_time\" content=\"2026-01-28T08:35:31+00:00\" \/>\n<meta property=\"og:image\" content=\"https:\/\/vapingnet.de\/wp-content\/uploads\/2025\/03\/bang-blaze.jpg\" \/>\n\t<meta property=\"og:image:width\" content=\"1000\" \/>\n\t<meta property=\"og:image:height\" content=\"1000\" \/>\n\t<meta property=\"og:image:type\" content=\"image\/jpeg\" \/>\n<meta name=\"twitter:card\" content=\"summary_large_image\" \/>\n<meta name=\"twitter:label1\" content=\"Est. reading time\" \/>\n\t<meta name=\"twitter:data1\" content=\"2 minutes\" \/>\n<script type=\"application\/ld+json\" class=\"yoast-schema-graph\">{\"@context\":\"https:\/\/schema.org\",\"@graph\":[{\"@type\":\"WebPage\",\"@id\":\"https:\/\/vapingnet.de\/vape\/fruchtig-und-suess-bang-blaze-20000-puffs-strawberry-watermelon\/\",\"url\":\"https:\/\/vapingnet.de\/vape\/fruchtig-und-suess-bang-blaze-20000-puffs-strawberry-watermelon\/\",\"name\":\"Fruchtig und s\u00fc\u00df Bang Blaze 20000 Puffs Strawberry Watermelon | Vapingnet.de\",\"isPartOf\":{\"@id\":\"https:\/\/vapingnet.de\/#website\"},\"primaryImageOfPage\":{\"@id\":\"https:\/\/vapingnet.de\/vape\/fruchtig-und-suess-bang-blaze-20000-puffs-strawberry-watermelon\/#primaryimage\"},\"image\":{\"@id\":\"https:\/\/vapingnet.de\/vape\/fruchtig-und-suess-bang-blaze-20000-puffs-strawberry-watermelon\/#primaryimage\"},\"thumbnailUrl\":\"https:\/\/vapingnet.de\/wp-content\/uploads\/2025\/03\/bang-blaze.jpg\",\"datePublished\":\"2025-12-13T09:38:40+00:00\",\"dateModified\":\"2026-01-28T08:35:31+00:00\",\"description\":\"Entdecke Fruchtig und s\u00fc\u00df Bang Blaze 20000 Puffs Strawberry Watermelon bei vapingnet.de, \u25ba Gro\u00dfe Auswahl an Geschmacksrichtungen & super g\u00fcnstig!\",\"breadcrumb\":{\"@id\":\"https:\/\/vapingnet.de\/vape\/fruchtig-und-suess-bang-blaze-20000-puffs-strawberry-watermelon\/#breadcrumb\"},\"inLanguage\":\"it-IT\",\"potentialAction\":[{\"@type\":\"ReadAction\",\"target\":[\"https:\/\/vapingnet.de\/vape\/fruchtig-und-suess-bang-blaze-20000-puffs-strawberry-watermelon\/\"]}]},{\"@type\":\"ImageObject\",\"inLanguage\":\"it-IT\",\"@id\":\"https:\/\/vapingnet.de\/vape\/fruchtig-und-suess-bang-blaze-20000-puffs-strawberry-watermelon\/#primaryimage\",\"url\":\"https:\/\/vapingnet.de\/wp-content\/uploads\/2025\/03\/bang-blaze.jpg\",\"contentUrl\":\"https:\/\/vapingnet.de\/wp-content\/uploads\/2025\/03\/bang-blaze.jpg\",\"width\":1000,\"height\":1000},{\"@type\":\"BreadcrumbList\",\"@id\":\"https:\/\/vapingnet.de\/vape\/fruchtig-und-suess-bang-blaze-20000-puffs-strawberry-watermelon\/#breadcrumb\",\"itemListElement\":[{\"@type\":\"ListItem\",\"position\":1,\"name\":\"Home\",\"item\":\"https:\/\/vapingnet.de\/\"},{\"@type\":\"ListItem\",\"position\":2,\"name\":\"Shop\",\"item\":\"https:\/\/vapingnet.de\/vape\/\"},{\"@type\":\"ListItem\",\"position\":3,\"name\":\"Fruchtig und s\u00fc\u00df Bang Blaze 20000 Puffs Strawberry Watermelon\"}]},{\"@type\":\"WebSite\",\"@id\":\"https:\/\/vapingnet.de\/#website\",\"url\":\"https:\/\/vapingnet.de\/\",\"name\":\"Vapingnet.de\",\"description\":\"\",\"publisher\":{\"@id\":\"https:\/\/vapingnet.de\/#organization\"},\"potentialAction\":[{\"@type\":\"SearchAction\",\"target\":{\"@type\":\"EntryPoint\",\"urlTemplate\":\"https:\/\/vapingnet.de\/?s={search_term_string}\"},\"query-input\":{\"@type\":\"PropertyValueSpecification\",\"valueRequired\":true,\"valueName\":\"search_term_string\"}}],\"inLanguage\":\"it-IT\"},{\"@type\":\"Organization\",\"@id\":\"https:\/\/vapingnet.de\/#organization\",\"name\":\"Vapingnet.de\",\"url\":\"https:\/\/vapingnet.de\/\",\"logo\":{\"@type\":\"ImageObject\",\"inLanguage\":\"it-IT\",\"@id\":\"https:\/\/vapingnet.de\/#\/schema\/logo\/image\/\",\"url\":\"https:\/\/vapingnet.de\/wp-content\/uploads\/2025\/03\/cropped-vapingnet.de_.jpg\",\"contentUrl\":\"https:\/\/vapingnet.de\/wp-content\/uploads\/2025\/03\/cropped-vapingnet.de_.jpg\",\"width\":512,\"height\":512,\"caption\":\"Vapingnet.de\"},\"image\":{\"@id\":\"https:\/\/vapingnet.de\/#\/schema\/logo\/image\/\"},\"sameAs\":[\"https:\/\/www.facebook.com\/vapingnetde\/\"]}]}<\/script>\n<!-- \/ Yoast SEO plugin. -->","yoast_head_json":{"title":"Fruchtig und s\u00fc\u00df Bang Blaze 20000 Puffs Strawberry Watermelon | Vapingnet.de","description":"Entdecke Fruchtig und s\u00fc\u00df Bang Blaze 20000 Puffs Strawberry Watermelon bei vapingnet.de, \u25ba Gro\u00dfe Auswahl an Geschmacksrichtungen & super g\u00fcnstig!","robots":{"index":"index","follow":"follow","max-snippet":"max-snippet:-1","max-image-preview":"max-image-preview:large","max-video-preview":"max-video-preview:-1"},"canonical":"https:\/\/vapingnet.de\/it\/vape\/fruchtig-und-suess-bang-blaze-20000-puffs-strawberry-watermelon\/","og_locale":"it_IT","og_type":"article","og_title":"Fruchtig und s\u00fc\u00df Bang Blaze 20000 Puffs Strawberry Watermelon | Vapingnet.de","og_description":"Entdecke Fruchtig und s\u00fc\u00df Bang Blaze 20000 Puffs Strawberry Watermelon bei vapingnet.de, \u25ba Gro\u00dfe Auswahl an Geschmacksrichtungen & super g\u00fcnstig!","og_url":"https:\/\/vapingnet.de\/it\/vape\/fruchtig-und-suess-bang-blaze-20000-puffs-strawberry-watermelon\/","og_site_name":"Vapingnet.de","article_publisher":"https:\/\/www.facebook.com\/vapingnetde\/","article_modified_time":"2026-01-28T08:35:31+00:00","og_image":[{"width":1000,"height":1000,"url":"https:\/\/vapingnet.de\/wp-content\/uploads\/2025\/03\/bang-blaze.jpg","type":"image\/jpeg"}],"twitter_card":"summary_large_image","twitter_misc":{"Est. reading time":"2 minutes"},"schema":{"@context":"https:\/\/schema.org","@graph":[{"@type":"WebPage","@id":"https:\/\/vapingnet.de\/vape\/fruchtig-und-suess-bang-blaze-20000-puffs-strawberry-watermelon\/","url":"https:\/\/vapingnet.de\/vape\/fruchtig-und-suess-bang-blaze-20000-puffs-strawberry-watermelon\/","name":"Fruchtig und s\u00fc\u00df Bang Blaze 20000 Puffs Strawberry Watermelon | Vapingnet.de","isPartOf":{"@id":"https:\/\/vapingnet.de\/#website"},"primaryImageOfPage":{"@id":"https:\/\/vapingnet.de\/vape\/fruchtig-und-suess-bang-blaze-20000-puffs-strawberry-watermelon\/#primaryimage"},"image":{"@id":"https:\/\/vapingnet.de\/vape\/fruchtig-und-suess-bang-blaze-20000-puffs-strawberry-watermelon\/#primaryimage"},"thumbnailUrl":"https:\/\/vapingnet.de\/wp-content\/uploads\/2025\/03\/bang-blaze.jpg","datePublished":"2025-12-13T09:38:40+00:00","dateModified":"2026-01-28T08:35:31+00:00","description":"Entdecke Fruchtig und s\u00fc\u00df Bang Blaze 20000 Puffs Strawberry Watermelon bei vapingnet.de, \u25ba Gro\u00dfe Auswahl an Geschmacksrichtungen & super g\u00fcnstig!","breadcrumb":{"@id":"https:\/\/vapingnet.de\/vape\/fruchtig-und-suess-bang-blaze-20000-puffs-strawberry-watermelon\/#breadcrumb"},"inLanguage":"it-IT","potentialAction":[{"@type":"ReadAction","target":["https:\/\/vapingnet.de\/vape\/fruchtig-und-suess-bang-blaze-20000-puffs-strawberry-watermelon\/"]}]},{"@type":"ImageObject","inLanguage":"it-IT","@id":"https:\/\/vapingnet.de\/vape\/fruchtig-und-suess-bang-blaze-20000-puffs-strawberry-watermelon\/#primaryimage","url":"https:\/\/vapingnet.de\/wp-content\/uploads\/2025\/03\/bang-blaze.jpg","contentUrl":"https:\/\/vapingnet.de\/wp-content\/uploads\/2025\/03\/bang-blaze.jpg","width":1000,"height":1000},{"@type":"BreadcrumbList","@id":"https:\/\/vapingnet.de\/vape\/fruchtig-und-suess-bang-blaze-20000-puffs-strawberry-watermelon\/#breadcrumb","itemListElement":[{"@type":"ListItem","position":1,"name":"Home","item":"https:\/\/vapingnet.de\/"},{"@type":"ListItem","position":2,"name":"Shop","item":"https:\/\/vapingnet.de\/vape\/"},{"@type":"ListItem","position":3,"name":"Fruchtig und s\u00fc\u00df Bang Blaze 20000 Puffs Strawberry Watermelon"}]},{"@type":"WebSite","@id":"https:\/\/vapingnet.de\/#website","url":"https:\/\/vapingnet.de\/","name":"Vapingnet.de","description":"","publisher":{"@id":"https:\/\/vapingnet.de\/#organization"},"potentialAction":[{"@type":"SearchAction","target":{"@type":"EntryPoint","urlTemplate":"https:\/\/vapingnet.de\/?s={search_term_string}"},"query-input":{"@type":"PropertyValueSpecification","valueRequired":true,"valueName":"search_term_string"}}],"inLanguage":"it-IT"},{"@type":"Organization","@id":"https:\/\/vapingnet.de\/#organization","name":"Vapingnet.de","url":"https:\/\/vapingnet.de\/","logo":{"@type":"ImageObject","inLanguage":"it-IT","@id":"https:\/\/vapingnet.de\/#\/schema\/logo\/image\/","url":"https:\/\/vapingnet.de\/wp-content\/uploads\/2025\/03\/cropped-vapingnet.de_.jpg","contentUrl":"https:\/\/vapingnet.de\/wp-content\/uploads\/2025\/03\/cropped-vapingnet.de_.jpg","width":512,"height":512,"caption":"Vapingnet.de"},"image":{"@id":"https:\/\/vapingnet.de\/#\/schema\/logo\/image\/"},"sameAs":["https:\/\/www.facebook.com\/vapingnetde\/"]}]}},"tiered_pricing_type":"fixed","tiered_pricing_fixed_rules":{"60":"6.83","110":"6.07","200":"5.31"},"tiered_pricing_product_settings":{"layout":"default","base_unit_name":{"singular":null,"plural":null},"default_variation":null},"tiered_pricing_minimum_quantity":null,"tiered_pricing_roles_data":[],"tiered_pricing_percentage_rules":[],"_links":{"self":[{"href":"https:\/\/vapingnet.de\/it\/wp-json\/wp\/v2\/product\/5528","targetHints":{"allow":["GET"]}}],"collection":[{"href":"https:\/\/vapingnet.de\/it\/wp-json\/wp\/v2\/product"}],"about":[{"href":"https:\/\/vapingnet.de\/it\/wp-json\/wp\/v2\/types\/product"}],"version-history":[{"count":4,"href":"https:\/\/vapingnet.de\/it\/wp-json\/wp\/v2\/product\/5528\/revisions"}],"predecessor-version":[{"id":7308,"href":"https:\/\/vapingnet.de\/it\/wp-json\/wp\/v2\/product\/5528\/revisions\/7308"}],"wp:featuredmedia":[{"embeddable":true,"href":"https:\/\/vapingnet.de\/it\/wp-json\/wp\/v2\/media\/6844"}],"wp:attachment":[{"href":"https:\/\/vapingnet.de\/it\/wp-json\/wp\/v2\/media?parent=5528"}],"wp:term":[{"taxonomy":"brand","embeddable":true,"href":"https:\/\/vapingnet.de\/it\/wp-json\/wp\/v2\/etheme_brands?post=5528"},{"taxonomy":"product_brand","embeddable":true,"href":"https:\/\/vapingnet.de\/it\/wp-json\/wp\/v2\/product_brand?post=5528"},{"taxonomy":"product_cat","embeddable":true,"href":"https:\/\/vapingnet.de\/it\/wp-json\/wp\/v2\/product_cat?post=5528"},{"taxonomy":"product_tag","embeddable":true,"href":"https:\/\/vapingnet.de\/it\/wp-json\/wp\/v2\/product_tag?post=5528"}],"curies":[{"name":"wp","href":"https:\/\/api.w.org\/{rel}","templated":true}]}}