{"id":5541,"date":"2025-03-17T10:03:40","date_gmt":"2025-03-17T10:03:40","guid":{"rendered":"https:\/\/vapingnet.de\/?post_type=product&#038;p=5541"},"modified":"2025-06-19T03:40:45","modified_gmt":"2025-06-19T03:40:45","slug":"zwei-fruechte-ein-geschmackserlebnis-bang-blaze-20000-puffs-blueberry-grape","status":"publish","type":"product","link":"https:\/\/vapingnet.de\/it\/vape\/zwei-fruechte-ein-geschmackserlebnis-bang-blaze-20000-puffs-blueberry-grape\/","title":{"rendered":"Due frutti un'esperienza di gusto Bang Blaze 20000 Puff Mirtillo Uva"},"content":{"rendered":"<h2 data-start=\"0\" data-end=\"88\">Vivi un'esperienza di svapo senza pari \u2013 Bang Blaze 20000 Puffs Mirtillo Uva<\/h2>\n<p data-start=\"90\" data-end=\"500\">Se sei alla ricerca di un dispositivo di svapo che ti offra un piacere duraturo senza compromettere il gusto, allora il <a href=\"https:\/\/vapingnet.de\/it\/bang-blaze-20000-puffs\/\" target=\"_blank\" rel=\"noopener\"><strong>Bang Blaze 20000 Puff <\/strong><\/a>\u00e8 la scelta perfetta. Con prestazioni impressionanti e l'irresistibile sapore di Mirtillo Uva, ti trasporta in un'esperienza di gusto completamente nuova! Scopriamo insieme i vantaggi unici di questo dispositivo!<\/p>\n<ul>\n<li data-start=\"502\" data-end=\"545\">Lunga durata e piacere ad ogni tiro<br \/>\nIl Bang Blaze 20000 Puffs \u00e8 dotato di una Dul Mesh Coil e ha una resistenza di 1.0\u03a9, che garantisce uno svapo fluido e piacevole. Che tu sia un principiante o un vaper esperto, potrai goderti un'esperienza di svapo perfetta. Con fino a <a href=\"https:\/\/vapingnet.de\/it\/k\/vape-20000-zuege\/\" target=\"_blank\" rel=\"noopener\"><strong>20000 tiri<\/strong><\/a> questo dispositivo offre una durata eccezionalmente lunga, cos\u00ec non dovrai preoccuparti di frequenti sostituzioni del dispositivo. Ogni tiro \u00e8 stabile e ricco di sapore, cos\u00ec potrai goderti appieno lo svapo.<\/li>\n<li data-start=\"1084\" data-end=\"1129\">Ricarica pratica per la tua comodit\u00e0<br \/>\nIl Bang Blaze 20000 Puffs \u00e8 dotato di una batteria da 1000mAh che pu\u00f2 essere ricaricata rapidamente tramite una porta di tipo C. La ricarica rapida assicura che tu abbia sempre abbastanza energia per il prossimo tiro. Quindi non devi preoccuparti di batterie scariche, sia che tu sia in viaggio o nella vita di tutti i giorni. La funzione di ricarica rapida ti riporta rapidamente a svapare e garantisce un utilizzo senza interruzioni.<\/li>\n<li data-start=\"1560\" data-end=\"1614\">Gusto Mirtillo Uva che ti seduce<br \/>\nUn altro punto forte \u00e8 il gusto unico. Il gusto Mirtillo Uva combina la dolcezza naturale e la leggera acidit\u00e0 di mirtilli e uva per un'esperienza di svapo fresca e fruttata. Ogni tiro sembra di gustare frutta fresca, il che rende lo svapo un vero piacere.<\/li>\n<li data-start=\"1940\" data-end=\"1979\">Contenuto di nicotina per ogni esigenza<br \/>\nPer ogni gusto e preferenza, il Bang Blaze 20000 Puffs offre una selezione di gradazioni di nicotina: 0%, 2%, 3% e 5%. Che tu preferisca il piacere delicato senza nicotina o stia cercando uno svapo pi\u00f9 intenso, qui troverai quello che fa per te. Si prega di notare che 0% e 3% nicotina possono essere ordinati solo in quantit\u00e0 maggiori, in modo che possiamo consentire la spedizione.<\/li>\n<li data-start=\"2379\" data-end=\"2420\">Leggero e compatto per i viaggi<br \/>\nIl design del Bang Blaze convince non solo per le sue prestazioni, ma anche per il suo aspetto esteriore. Con un peso di soli 85g, \u00e8 particolarmente leggero e pu\u00f2 essere portato ovunque senza problemi. Il design elegante soddisfa le moderne esigenze estetiche e ti permette di mostrare il tuo stile anche quando svapi.<\/li>\n<li data-start=\"2767\" data-end=\"2814\">Nessun dazio doganale, consegna rapida<br \/>\nSe acquisti il Bang Blaze 20000 Puffs, puoi essere sicuro<strong><a href=\"https:\/\/vapingnet.de\/it\/k\/f\/\" target=\"_blank\" rel=\"noopener\"> che non ci saranno ulteriori<\/a> dazi doganali<\/strong>. Inoltre, il tempo di consegna \u00e8 di soli 7-15 giorni lavorativi, cos\u00ec potrai goderti rapidamente questo vape di alta qualit\u00e0.<\/li>\n<\/ul>\n<h4 data-start=\"3052\" data-end=\"3103\">Fumo ineguagliabile su vapingnet.de<\/h4>\n<p data-start=\"3105\" data-end=\"3464\">Se sei ancora indeciso, visitaci su vapingnet.de! Ti offriamo solo i migliori dispositivi per svapare e il Bang Blaze 20000 Puffs \u00e8 uno dei prodotti di punta selezionati con cura. Che tu voglia provare nuovi gusti o cercare un'esperienza di svapo potente e durevole, il Bang Blaze soddisfer\u00e0 le tue esigenze.<\/p>\n<p data-start=\"3466\" data-end=\"3558\" data-is-last-node=\"\" data-is-only-node=\"\">Vivi ora il gusto definitivo e gusta ogni tiro di questo vaporizzatore straordinario!<\/p>","protected":false},"excerpt":{"rendered":"<p>Erlebe ein unvergleichliches Dampferlebnis \u2013 Bang Blaze 20000 Puffs Blueberry Grape Wenn du auf der Suche nach einem Vape-Ger\u00e4t bist, das dir langanhaltenden Genuss bietet,&#8230;<\/p>","protected":false},"featured_media":6843,"template":"","meta":[],"etheme_brands":[],"product_brand":[101],"product_cat":[54,49,61],"product_tag":[],"class_list":{"0":"post-5541","1":"product","2":"type-product","3":"status-publish","4":"has-post-thumbnail","6":"product_brand-bang-king-vape","7":"product_cat-vape-20000-zuege","8":"product_cat-einweg-e-zigarette","9":"product_cat-f","11":"first","12":"instock","13":"shipping-taxable","14":"purchasable","15":"product-type-simple"},"yoast_head":"<!-- This site is optimized with the Yoast SEO plugin v26.5 - https:\/\/yoast.com\/wordpress\/plugins\/seo\/ -->\n<title>Zwei Fr\u00fcchte ein Geschmackserlebnis Bang Blaze 20000 Puffs Blueberry Grape | Vapingnet.de<\/title>\n<meta name=\"description\" content=\"Entdecke Zwei Fr\u00fcchte ein Geschmackserlebnis Bang Blaze 20000 Puffs Blueberry Grape bei vapingnet.de, \u25ba Gro\u00dfe Auswahl an Geschmacksrichtungen &amp; super g\u00fcnstig!\" \/>\n<meta name=\"robots\" content=\"index, follow, max-snippet:-1, max-image-preview:large, max-video-preview:-1\" \/>\n<link rel=\"canonical\" href=\"https:\/\/vapingnet.de\/it\/vape\/zwei-fruechte-ein-geschmackserlebnis-bang-blaze-20000-puffs-blueberry-grape\/\" \/>\n<meta property=\"og:locale\" content=\"it_IT\" \/>\n<meta property=\"og:type\" content=\"article\" \/>\n<meta property=\"og:title\" content=\"Zwei Fr\u00fcchte ein Geschmackserlebnis Bang Blaze 20000 Puffs Blueberry Grape | Vapingnet.de\" \/>\n<meta property=\"og:description\" content=\"Entdecke Zwei Fr\u00fcchte ein Geschmackserlebnis Bang Blaze 20000 Puffs Blueberry Grape bei vapingnet.de, \u25ba Gro\u00dfe Auswahl an Geschmacksrichtungen &amp; super g\u00fcnstig!\" \/>\n<meta property=\"og:url\" content=\"https:\/\/vapingnet.de\/it\/vape\/zwei-fruechte-ein-geschmackserlebnis-bang-blaze-20000-puffs-blueberry-grape\/\" \/>\n<meta property=\"og:site_name\" content=\"Vapingnet.de\" \/>\n<meta property=\"article:publisher\" content=\"https:\/\/www.facebook.com\/vapingnetde\/\" \/>\n<meta property=\"article:modified_time\" content=\"2025-06-19T03:40:45+00:00\" \/>\n<meta property=\"og:image\" content=\"https:\/\/vapingnet.de\/wp-content\/uploads\/2025\/03\/bang-blueberry-grape.png\" \/>\n\t<meta property=\"og:image:width\" content=\"1000\" \/>\n\t<meta property=\"og:image:height\" content=\"1000\" \/>\n\t<meta property=\"og:image:type\" content=\"image\/png\" \/>\n<meta name=\"twitter:card\" content=\"summary_large_image\" \/>\n<meta name=\"twitter:label1\" content=\"Est. reading time\" \/>\n\t<meta name=\"twitter:data1\" content=\"4 minutes\" \/>\n<script type=\"application\/ld+json\" class=\"yoast-schema-graph\">{\"@context\":\"https:\/\/schema.org\",\"@graph\":[{\"@type\":\"WebPage\",\"@id\":\"https:\/\/vapingnet.de\/vape\/zwei-fruechte-ein-geschmackserlebnis-bang-blaze-20000-puffs-blueberry-grape\/\",\"url\":\"https:\/\/vapingnet.de\/vape\/zwei-fruechte-ein-geschmackserlebnis-bang-blaze-20000-puffs-blueberry-grape\/\",\"name\":\"Zwei Fr\u00fcchte ein Geschmackserlebnis Bang Blaze 20000 Puffs Blueberry Grape | Vapingnet.de\",\"isPartOf\":{\"@id\":\"https:\/\/vapingnet.de\/#website\"},\"primaryImageOfPage\":{\"@id\":\"https:\/\/vapingnet.de\/vape\/zwei-fruechte-ein-geschmackserlebnis-bang-blaze-20000-puffs-blueberry-grape\/#primaryimage\"},\"image\":{\"@id\":\"https:\/\/vapingnet.de\/vape\/zwei-fruechte-ein-geschmackserlebnis-bang-blaze-20000-puffs-blueberry-grape\/#primaryimage\"},\"thumbnailUrl\":\"https:\/\/vapingnet.de\/wp-content\/uploads\/2025\/03\/bang-blueberry-grape.png\",\"datePublished\":\"2025-03-17T10:03:40+00:00\",\"dateModified\":\"2025-06-19T03:40:45+00:00\",\"description\":\"Entdecke Zwei Fr\u00fcchte ein Geschmackserlebnis Bang Blaze 20000 Puffs Blueberry Grape bei vapingnet.de, \u25ba Gro\u00dfe Auswahl an Geschmacksrichtungen & super g\u00fcnstig!\",\"breadcrumb\":{\"@id\":\"https:\/\/vapingnet.de\/vape\/zwei-fruechte-ein-geschmackserlebnis-bang-blaze-20000-puffs-blueberry-grape\/#breadcrumb\"},\"inLanguage\":\"it-IT\",\"potentialAction\":[{\"@type\":\"ReadAction\",\"target\":[\"https:\/\/vapingnet.de\/vape\/zwei-fruechte-ein-geschmackserlebnis-bang-blaze-20000-puffs-blueberry-grape\/\"]}]},{\"@type\":\"ImageObject\",\"inLanguage\":\"it-IT\",\"@id\":\"https:\/\/vapingnet.de\/vape\/zwei-fruechte-ein-geschmackserlebnis-bang-blaze-20000-puffs-blueberry-grape\/#primaryimage\",\"url\":\"https:\/\/vapingnet.de\/wp-content\/uploads\/2025\/03\/bang-blueberry-grape.png\",\"contentUrl\":\"https:\/\/vapingnet.de\/wp-content\/uploads\/2025\/03\/bang-blueberry-grape.png\",\"width\":1000,\"height\":1000},{\"@type\":\"BreadcrumbList\",\"@id\":\"https:\/\/vapingnet.de\/vape\/zwei-fruechte-ein-geschmackserlebnis-bang-blaze-20000-puffs-blueberry-grape\/#breadcrumb\",\"itemListElement\":[{\"@type\":\"ListItem\",\"position\":1,\"name\":\"Home\",\"item\":\"https:\/\/vapingnet.de\/\"},{\"@type\":\"ListItem\",\"position\":2,\"name\":\"Shop\",\"item\":\"https:\/\/vapingnet.de\/vape\/\"},{\"@type\":\"ListItem\",\"position\":3,\"name\":\"Zwei Fr\u00fcchte ein Geschmackserlebnis Bang Blaze 20000 Puffs Blueberry Grape\"}]},{\"@type\":\"WebSite\",\"@id\":\"https:\/\/vapingnet.de\/#website\",\"url\":\"https:\/\/vapingnet.de\/\",\"name\":\"Vapingnet.de\",\"description\":\"\",\"publisher\":{\"@id\":\"https:\/\/vapingnet.de\/#organization\"},\"potentialAction\":[{\"@type\":\"SearchAction\",\"target\":{\"@type\":\"EntryPoint\",\"urlTemplate\":\"https:\/\/vapingnet.de\/?s={search_term_string}\"},\"query-input\":{\"@type\":\"PropertyValueSpecification\",\"valueRequired\":true,\"valueName\":\"search_term_string\"}}],\"inLanguage\":\"it-IT\"},{\"@type\":\"Organization\",\"@id\":\"https:\/\/vapingnet.de\/#organization\",\"name\":\"Vapingnet.de\",\"url\":\"https:\/\/vapingnet.de\/\",\"logo\":{\"@type\":\"ImageObject\",\"inLanguage\":\"it-IT\",\"@id\":\"https:\/\/vapingnet.de\/#\/schema\/logo\/image\/\",\"url\":\"https:\/\/vapingnet.de\/wp-content\/uploads\/2025\/03\/cropped-vapingnet.de_.jpg\",\"contentUrl\":\"https:\/\/vapingnet.de\/wp-content\/uploads\/2025\/03\/cropped-vapingnet.de_.jpg\",\"width\":512,\"height\":512,\"caption\":\"Vapingnet.de\"},\"image\":{\"@id\":\"https:\/\/vapingnet.de\/#\/schema\/logo\/image\/\"},\"sameAs\":[\"https:\/\/www.facebook.com\/vapingnetde\/\"]}]}<\/script>\n<!-- \/ Yoast SEO plugin. -->","yoast_head_json":{"title":"Zwei Fr\u00fcchte ein Geschmackserlebnis Bang Blaze 20000 Puffs Blueberry Grape | Vapingnet.de","description":"Entdecke Zwei Fr\u00fcchte ein Geschmackserlebnis Bang Blaze 20000 Puffs Blueberry Grape bei vapingnet.de, \u25ba Gro\u00dfe Auswahl an Geschmacksrichtungen & super g\u00fcnstig!","robots":{"index":"index","follow":"follow","max-snippet":"max-snippet:-1","max-image-preview":"max-image-preview:large","max-video-preview":"max-video-preview:-1"},"canonical":"https:\/\/vapingnet.de\/it\/vape\/zwei-fruechte-ein-geschmackserlebnis-bang-blaze-20000-puffs-blueberry-grape\/","og_locale":"it_IT","og_type":"article","og_title":"Zwei Fr\u00fcchte ein Geschmackserlebnis Bang Blaze 20000 Puffs Blueberry Grape | Vapingnet.de","og_description":"Entdecke Zwei Fr\u00fcchte ein Geschmackserlebnis Bang Blaze 20000 Puffs Blueberry Grape bei vapingnet.de, \u25ba Gro\u00dfe Auswahl an Geschmacksrichtungen & super g\u00fcnstig!","og_url":"https:\/\/vapingnet.de\/it\/vape\/zwei-fruechte-ein-geschmackserlebnis-bang-blaze-20000-puffs-blueberry-grape\/","og_site_name":"Vapingnet.de","article_publisher":"https:\/\/www.facebook.com\/vapingnetde\/","article_modified_time":"2025-06-19T03:40:45+00:00","og_image":[{"width":1000,"height":1000,"url":"https:\/\/vapingnet.de\/wp-content\/uploads\/2025\/03\/bang-blueberry-grape.png","type":"image\/png"}],"twitter_card":"summary_large_image","twitter_misc":{"Est. reading time":"4 minutes"},"schema":{"@context":"https:\/\/schema.org","@graph":[{"@type":"WebPage","@id":"https:\/\/vapingnet.de\/vape\/zwei-fruechte-ein-geschmackserlebnis-bang-blaze-20000-puffs-blueberry-grape\/","url":"https:\/\/vapingnet.de\/vape\/zwei-fruechte-ein-geschmackserlebnis-bang-blaze-20000-puffs-blueberry-grape\/","name":"Zwei Fr\u00fcchte ein Geschmackserlebnis Bang Blaze 20000 Puffs Blueberry Grape | Vapingnet.de","isPartOf":{"@id":"https:\/\/vapingnet.de\/#website"},"primaryImageOfPage":{"@id":"https:\/\/vapingnet.de\/vape\/zwei-fruechte-ein-geschmackserlebnis-bang-blaze-20000-puffs-blueberry-grape\/#primaryimage"},"image":{"@id":"https:\/\/vapingnet.de\/vape\/zwei-fruechte-ein-geschmackserlebnis-bang-blaze-20000-puffs-blueberry-grape\/#primaryimage"},"thumbnailUrl":"https:\/\/vapingnet.de\/wp-content\/uploads\/2025\/03\/bang-blueberry-grape.png","datePublished":"2025-03-17T10:03:40+00:00","dateModified":"2025-06-19T03:40:45+00:00","description":"Entdecke Zwei Fr\u00fcchte ein Geschmackserlebnis Bang Blaze 20000 Puffs Blueberry Grape bei vapingnet.de, \u25ba Gro\u00dfe Auswahl an Geschmacksrichtungen & super g\u00fcnstig!","breadcrumb":{"@id":"https:\/\/vapingnet.de\/vape\/zwei-fruechte-ein-geschmackserlebnis-bang-blaze-20000-puffs-blueberry-grape\/#breadcrumb"},"inLanguage":"it-IT","potentialAction":[{"@type":"ReadAction","target":["https:\/\/vapingnet.de\/vape\/zwei-fruechte-ein-geschmackserlebnis-bang-blaze-20000-puffs-blueberry-grape\/"]}]},{"@type":"ImageObject","inLanguage":"it-IT","@id":"https:\/\/vapingnet.de\/vape\/zwei-fruechte-ein-geschmackserlebnis-bang-blaze-20000-puffs-blueberry-grape\/#primaryimage","url":"https:\/\/vapingnet.de\/wp-content\/uploads\/2025\/03\/bang-blueberry-grape.png","contentUrl":"https:\/\/vapingnet.de\/wp-content\/uploads\/2025\/03\/bang-blueberry-grape.png","width":1000,"height":1000},{"@type":"BreadcrumbList","@id":"https:\/\/vapingnet.de\/vape\/zwei-fruechte-ein-geschmackserlebnis-bang-blaze-20000-puffs-blueberry-grape\/#breadcrumb","itemListElement":[{"@type":"ListItem","position":1,"name":"Home","item":"https:\/\/vapingnet.de\/"},{"@type":"ListItem","position":2,"name":"Shop","item":"https:\/\/vapingnet.de\/vape\/"},{"@type":"ListItem","position":3,"name":"Zwei Fr\u00fcchte ein Geschmackserlebnis Bang Blaze 20000 Puffs Blueberry Grape"}]},{"@type":"WebSite","@id":"https:\/\/vapingnet.de\/#website","url":"https:\/\/vapingnet.de\/","name":"Vapingnet.de","description":"","publisher":{"@id":"https:\/\/vapingnet.de\/#organization"},"potentialAction":[{"@type":"SearchAction","target":{"@type":"EntryPoint","urlTemplate":"https:\/\/vapingnet.de\/?s={search_term_string}"},"query-input":{"@type":"PropertyValueSpecification","valueRequired":true,"valueName":"search_term_string"}}],"inLanguage":"it-IT"},{"@type":"Organization","@id":"https:\/\/vapingnet.de\/#organization","name":"Vapingnet.de","url":"https:\/\/vapingnet.de\/","logo":{"@type":"ImageObject","inLanguage":"it-IT","@id":"https:\/\/vapingnet.de\/#\/schema\/logo\/image\/","url":"https:\/\/vapingnet.de\/wp-content\/uploads\/2025\/03\/cropped-vapingnet.de_.jpg","contentUrl":"https:\/\/vapingnet.de\/wp-content\/uploads\/2025\/03\/cropped-vapingnet.de_.jpg","width":512,"height":512,"caption":"Vapingnet.de"},"image":{"@id":"https:\/\/vapingnet.de\/#\/schema\/logo\/image\/"},"sameAs":["https:\/\/www.facebook.com\/vapingnetde\/"]}]}},"tiered_pricing_type":"fixed","tiered_pricing_fixed_rules":{"10":"7.59","60":"6.83","110":"6.07","200":"5.31"},"tiered_pricing_product_settings":{"layout":"default","base_unit_name":{"singular":null,"plural":null},"default_variation":null},"tiered_pricing_minimum_quantity":null,"tiered_pricing_roles_data":[],"tiered_pricing_percentage_rules":[],"_links":{"self":[{"href":"https:\/\/vapingnet.de\/it\/wp-json\/wp\/v2\/product\/5541","targetHints":{"allow":["GET"]}}],"collection":[{"href":"https:\/\/vapingnet.de\/it\/wp-json\/wp\/v2\/product"}],"about":[{"href":"https:\/\/vapingnet.de\/it\/wp-json\/wp\/v2\/types\/product"}],"version-history":[{"count":1,"href":"https:\/\/vapingnet.de\/it\/wp-json\/wp\/v2\/product\/5541\/revisions"}],"predecessor-version":[{"id":5543,"href":"https:\/\/vapingnet.de\/it\/wp-json\/wp\/v2\/product\/5541\/revisions\/5543"}],"wp:featuredmedia":[{"embeddable":true,"href":"https:\/\/vapingnet.de\/it\/wp-json\/wp\/v2\/media\/6843"}],"wp:attachment":[{"href":"https:\/\/vapingnet.de\/it\/wp-json\/wp\/v2\/media?parent=5541"}],"wp:term":[{"taxonomy":"brand","embeddable":true,"href":"https:\/\/vapingnet.de\/it\/wp-json\/wp\/v2\/etheme_brands?post=5541"},{"taxonomy":"product_brand","embeddable":true,"href":"https:\/\/vapingnet.de\/it\/wp-json\/wp\/v2\/product_brand?post=5541"},{"taxonomy":"product_cat","embeddable":true,"href":"https:\/\/vapingnet.de\/it\/wp-json\/wp\/v2\/product_cat?post=5541"},{"taxonomy":"product_tag","embeddable":true,"href":"https:\/\/vapingnet.de\/it\/wp-json\/wp\/v2\/product_tag?post=5541"}],"curies":[{"name":"wp","href":"https:\/\/api.w.org\/{rel}","templated":true}]}}