{"id":5654,"date":"2025-03-18T08:05:19","date_gmt":"2025-03-18T08:05:19","guid":{"rendered":"https:\/\/vapingnet.de\/?post_type=product&#038;p=5654"},"modified":"2025-06-19T03:40:37","modified_gmt":"2025-06-19T03:40:37","slug":"bang-king-45000-puffs-erhaeltlich-in-3-erfrischenden-geschmacksrichtungen-erdbeer-vanille-cola-blaubeere-himbeere-und-zitrone-limette","status":"publish","type":"product","link":"https:\/\/vapingnet.de\/it\/vape\/bang-king-45000-puffs-erhaeltlich-in-3-erfrischenden-geschmacksrichtungen-erdbeer-vanille-cola-blaubeere-himbeere-und-zitrone-limette\/","title":{"rendered":"BANG KING 45000 Puffs disponibile in 3 gusti rinfrescanti: Fragola-Vaniglia-Cola, Mirtillo-Ribes e Limone-Limetta"},"content":{"rendered":"<h2 data-start=\"0\" data-end=\"92\">BANG KING 45000 Puffs Esperienze di gusto uniche con tre aromi intensi: Strawberry Vanilla Coke, Blueberry Raspberry e Lemonlime<\/h2>\n<p data-start=\"94\" data-end=\"688\">Il mercato per <strong><a href=\"https:\/\/vapingnet.de\/it\/k\/einweg-e-zigarette\/\">Sigarette elettroniche usa e getta<\/a><\/strong> si \u00e8 sviluppato rapidamente negli ultimi anni. L'offerta di dispositivi e aromi \u00e8 in continua crescita, ma solo pochi modelli riescono davvero a convincere. Il BANG KING 45000 Puffs stabilisce nuovi standard nel settore delle vape usa e getta con un numero impressionante di tiri di <strong><a href=\"https:\/\/vapingnet.de\/it\/k\/45k-vape\/\">45k vape<\/a><\/strong>, un innovativo sistema di aromi 3 in 1 e la moderna tecnologia Mesh-Coil. Se siete alla ricerca di un dispositivo duraturo, versatile e allo stesso tempo potente, allora il <strong><a href=\"https:\/\/vapingnet.de\/it\/bang-king-45000-puffs\/\">BANG KING 45000 Puffs<\/a><\/strong> \u00e8 la scelta ideale.<\/p>\n<p data-start=\"690\" data-end=\"1049\">Questo dispositivo non solo offre un numero eccezionale di tiri, ma consente anche un facile passaggio tra tre aromi intensi. Con Strawberry Vanilla Coke, Blueberry Raspberry e Lemonlime, avete a disposizione tre gusti fruttati e rinfrescanti che garantiscono un'esperienza di svapo intensa.<\/p>\n<h3 data-start=\"1051\" data-end=\"1087\">Caratteristiche del prodotto in breve<\/h3>\n<div class=\"overflow-x-auto contain-inline-size\">\n<table data-start=\"1089\" data-end=\"2937\">\n<thead data-start=\"1089\" data-end=\"1272\">\n<tr data-start=\"1089\" data-end=\"1272\">\n<th data-start=\"1089\" data-end=\"1114\">Caratteristica<\/th>\n<th data-start=\"1114\" data-end=\"1272\">Descrizione<\/th>\n<\/tr>\n<\/thead>\n<tbody data-start=\"1456\" data-end=\"2937\">\n<tr data-start=\"1456\" data-end=\"1640\">\n<td>Numero di puff<\/td>\n<td>45.000 Puff<\/td>\n<\/tr>\n<tr data-start=\"1641\" data-end=\"1826\">\n<td>Sistema di aromi<\/td>\n<td>Tecnologia di gusto 3-in-1<\/td>\n<\/tr>\n<tr data-start=\"1827\" data-end=\"2011\">\n<td>Tecnologia della coil<\/td>\n<td>Coil a maglia da 1,0 ohm per un gusto intenso e uniforme<\/td>\n<\/tr>\n<tr data-start=\"2012\" data-end=\"2197\">\n<td>Capacit\u00e0 della batteria<\/td>\n<td>650mAh, ricaricabile<\/td>\n<\/tr>\n<tr data-start=\"2198\" data-end=\"2382\">\n<td>Punto di ricarica<\/td>\n<td>Ricarica rapida Type-C<\/td>\n<\/tr>\n<tr data-start=\"2383\" data-end=\"2567\">\n<td>Intensit\u00e0 di nicotina<\/td>\n<td>0%, 2%, 3%, 5%<\/td>\n<\/tr>\n<tr data-start=\"2568\" data-end=\"2752\">\n<td>Unit\u00e0 di imballaggio<\/td>\n<td>10 pezzi per scatola, 20 scatole per cartone<\/td>\n<\/tr>\n<tr data-start=\"2753\" data-end=\"2937\">\n<td>Dimensioni di trasporto<\/td>\n<td>100 o 200 pezzi per cartone<\/td>\n<\/tr>\n<\/tbody>\n<\/table>\n<\/div>\n<hr data-start=\"2939\" data-end=\"2942\" \/>\n<h3 data-start=\"2944\" data-end=\"3004\">Tre aromi eccezionali per un piacere indimenticabile<\/h3>\n<p data-start=\"3006\" data-end=\"3392\">Il BANG KING 45000 Puffs vi permette di passare da un aroma esclusivo e intenso all'altro con un solo dispositivo. Grazie alla tecnologia di aromi 3 in 1, potete scegliere tra Strawberry Vanilla Coke, Blueberry Raspberry e Lemonlime a seconda del vostro umore. Tutti gli aromi sono accuratamente selezionati e garantiscono un'esperienza di svapo eccezionale.<\/p>\n<h4 data-start=\"3394\" data-end=\"3429\">1. Strawberry Vanilla Coke<\/h4>\n<p data-start=\"3430\" data-end=\"3753\">Il gusto della fragola \u00e8 combinato con una fine nota di vaniglia e il sapore rinfrescante della cola. Questo aroma unisce la dolcezza fruttata della fragola, la morbidezza vellutata della vaniglia e la freschezza frizzante della cola in una miscela unica che potrete gustare tutto il giorno.<\/p>\n<ul data-start=\"3755\" data-end=\"4009\">\n<li data-start=\"3755\" data-end=\"3834\">Fruttato e dolce \u2013 La fragola apporta una dolcezza naturale all'aroma.<\/li>\n<li data-start=\"3835\" data-end=\"3918\">Vaniglia vellutata \u2013 La vaniglia conferisce al gusto una nota morbida e rotonda.<\/li>\n<li data-start=\"3919\" data-end=\"4009\">Cola rinfrescante \u2013 Il gusto di cola dona un finale frizzante e vivace.<\/li>\n<\/ul>\n<h4 data-start=\"4011\" data-end=\"4042\">2. Blueberry Raspberry<\/h4>\n<p data-start=\"4043\" data-end=\"4405\">La combinazione di mirtillo e lampone offre un'esperienza intensa e fruttata. I mirtilli apportano una nota leggermente dolce, ma anche aspra, mentre i lamponi aggiungono un'acidit\u00e0 rinfrescante e fresca. Questa miscela crea un'esperienza di gusto equilibrata e aromatica che manda le papille gustative in viaggio.<\/p>\n<ul data-start=\"4407\" data-end=\"4707\">\n<li data-start=\"4407\" data-end=\"4489\">Mirtillo dolce \u2013 Per un gusto intenso, ma non travolgente.<\/li>\n<li data-start=\"4490\" data-end=\"4589\">Lampone rinfrescante \u2013 Il lampone apporta una freschezza frizzante che rinfresca il palato.<\/li>\n<li data-start=\"4590\" data-end=\"4707\">Equilibrio armonioso \u2013 La combinazione di dolce e aspro garantisce un'esperienza di gusto perfettamente bilanciata.<\/li>\n<\/ul>\n<h4 data-start=\"4709\" data-end=\"4730\">3. Lemonlime<\/h4>\n<p data-start=\"4731\" data-end=\"5072\">La combinazione di limone e lime \u00e8 un classico tra i gusti di agrumi. Lemonlime offre un gusto intenso e rinfrescante che unisce sia l'acidit\u00e0 del limone che la freschezza frizzante del lime. Questo aroma \u00e8 ideale per i vapers che amano un gusto rinfrescante e tonificante.<\/p>\n<ul data-start=\"5074\" data-end=\"5365\">\n<li data-start=\"5074\" data-end=\"5159\">Limone frizzante \u2013 Il limone dona un tocco intenso e rinfrescante.<\/li>\n<li data-start=\"5160\" data-end=\"5254\">Lime fresco \u2013 Il lime completa il limone con una nota rinfrescante in pi\u00f9.<\/li>\n<li data-start=\"5255\" data-end=\"5365\">Raffreddamento perfetto \u2013 Un aroma ideale per chi preferisce un gusto chiaro e rinfrescante.<\/li>\n<\/ul>\n<h3 data-start=\"5372\" data-end=\"5426\">Tecnologia Mesh-Coil per un Gusto Intenso<\/h3>\n<p data-start=\"5428\" data-end=\"5580\">Il BANG KING 45000 Puffs utilizza la tecnologia avanzata di coil in mesh da 1.0 ohm, che garantisce una vaporizzazione uniforme ed efficiente.<\/p>\n<h4 data-start=\"5582\" data-end=\"5626\">Vantaggi della tecnologia Mesh-Coil:<\/h4>\n<ul data-start=\"5628\" data-end=\"6117\">\n<li data-start=\"5628\" data-end=\"5783\">Sviluppo pi\u00f9 intenso degli aromi \u2013 Grazie alla superficie maggiore delle coil in mesh, il liquido viene vaporizzato in modo pi\u00f9 efficiente, massimizzando l'intensit\u00e0 del sapore.<\/li>\n<li data-start=\"5784\" data-end=\"5931\">Nuvole di vapore pi\u00f9 dense \u2013 La tecnologia assicura una produzione ottimale di vapore, offrendo un'esperienza di svapo piacevole e piena di gusto.<\/li>\n<li data-start=\"5932\" data-end=\"6117\">Durata e costanza \u2013 Rispetto alle coil tradizionali, il mesh offre una distribuzione del calore pi\u00f9 uniforme, mantenendo il sapore originale del liquido pi\u00f9 a lungo.<\/li>\n<\/ul>\n<p data-start=\"6119\" data-end=\"6298\">Grazie a questa tecnologia, il sapore del BANG KING 45000 Puffs rimane intenso fino all'ultimo tiro, senza bruciare o perdere intensit\u00e0.<\/p>\n<h3 data-start=\"6305\" data-end=\"6367\">Batteria ricaricabile da 650mAh con ricarica rapida Type-C<\/h3>\n<p data-start=\"6369\" data-end=\"6869\">Il BANG KING 45000 Puffs \u00e8 dotato di una batteria ricaricabile da 650mAh, che garantisce una lunga durata d'uso. Con una porta di ricarica Type-C, la batteria si ricarica completamente in sole due ore. Questa funzione di ricarica rapida assicura di non dover aspettare a lungo per il prossimo utilizzo. La batteria ricaricabile rende il dispositivo pi\u00f9 ecologico ed economico rispetto a molti altri vape usa e getta, che vengono usati una sola volta.<\/p>\n<h4 data-start=\"6871\" data-end=\"6917\">Vantaggi della batteria ricaricabile:<\/h4>\n<ul data-start=\"6919\" data-end=\"7250\">\n<li data-start=\"6919\" data-end=\"7011\">Ricarica rapida con porta Type-C \u2013 Per una ricarica efficiente in tempi brevissimi.<\/li>\n<li data-start=\"7012\" data-end=\"7120\">Durata prolungata \u2013 Una batteria che dura per molti tiri e richiede meno frequenti ricariche.<\/li>\n<li data-start=\"7121\" data-end=\"7250\">Economico \u2013 Poich\u00e9 la batteria \u00e8 ricaricabile, non \u00e8 necessario acquistare nuovi dispositivi, risparmiando a lungo termine.<\/li>\n<\/ul>\n<h3 data-start=\"7257\" data-end=\"7300\">Nicotina a livelli personalizzabili<\/h3>\n<p data-start=\"7302\" data-end=\"7429\">Il BANG KING 45000 Puffs \u00e8 disponibile in quattro diverse concentrazioni di nicotina, per soddisfare tutte le esigenze:<\/p>\n<div class=\"overflow-x-auto contain-inline-size\">\n<table data-start=\"7431\" data-end=\"7967\">\n<thead data-start=\"7431\" data-end=\"7491\">\n<tr data-start=\"7431\" data-end=\"7491\">\n<th data-start=\"7431\" data-end=\"7456\">Intensit\u00e0 di nicotina<\/th>\n<th data-start=\"7456\" data-end=\"7491\">Adatto per<\/th>\n<\/tr>\n<\/thead>\n<tbody data-start=\"7553\" data-end=\"7967\">\n<tr data-start=\"7553\" data-end=\"7664\">\n<td>0% (Senza nicotina)<\/td>\n<td>Per svapatori che desiderano gustare solo il sapore, senza consumare nicotina.<\/td>\n<\/tr>\n<tr data-start=\"7665\" data-end=\"7760\">\n<td>2% (20mg\/ml)<\/td>\n<td>Per svapatori occasionali che preferiscono una dose di nicotina pi\u00f9 leggera.<\/td>\n<\/tr>\n<tr data-start=\"7761\" data-end=\"7870\">\n<td>3% (30mg\/ml)<\/td>\n<td>Per svapatori che preferiscono una miscela equilibrata di gusto e nicotina.<\/td>\n<\/tr>\n<tr data-start=\"7871\" data-end=\"7967\">\n<td>5% (50mg\/ml)<\/td>\n<td>Per svapatori esperti che desiderano un colpo di nicotina pi\u00f9 intenso.<\/td>\n<\/tr>\n<\/tbody>\n<\/table>\n<\/div>\n<p data-start=\"7969\" data-end=\"8223\">Questa scelta di concentrazioni di nicotina garantisce che il BANG KING 45000 Puffs sia adatto a svapatori di tutti i livelli di esperienza. Che tu sia un principiante o un esperto, puoi personalizzare il dispositivo secondo le tue preferenze.<\/p>\n<h3 data-start=\"8230\" data-end=\"8262\">Imballaggio e trasporto<\/h3>\n<p data-start=\"8264\" data-end=\"8364\">Per rivenditori e grossisti, il BANG KING 45000 Puffs offre una soluzione di confezionamento pratica:<\/p>\n<ul data-start=\"8366\" data-end=\"8616\">\n<li data-start=\"8366\" data-end=\"8445\">10 pezzi per scatola \u2013 Ideale per il dettaglio e piccoli punti vendita.<\/li>\n<li data-start=\"8446\" data-end=\"8515\">20 scatole per cartone \u2013 Perfetto per grossisti e spedizioni.<\/li>\n<li data-start=\"8516\" data-end=\"8616\">Dimensioni di trasporto: 100 o 200 pezzi per cartone \u2013 Per un'efficiente conservazione e spedizione.<\/li>\n<\/ul>\n<p data-start=\"8618\" data-end=\"8790\">Questa struttura di confezionamento rende il BANG KING 45000 Puffs facile da maneggiare e permette una spedizione senza problemi, sia per il dettaglio che per il grossista.<\/p>\n<h3 data-start=\"8797\" data-end=\"8870\">Conclusione: una sigaretta elettronica innovativa con tre aromi intensi<\/h3>\n<p data-start=\"8872\" data-end=\"9489\">Il BANG KING 45000 Puffs si distingue per la sua combinazione unica di tre aromi diversi, tecnologia moderna di coil in mesh, batteria ricaricabile e un alto numero di tiri. Con gli aromi Strawberry Vanilla Coke, Blueberry Raspberry e Lemonlime, questo vape usa e getta offre un'esperienza di svapo versatile e duratura, che soddisfa anche i palati pi\u00f9 esigenti. Grazie alle diverse concentrazioni di nicotina e alla pratica confezione, il BANG KING 45000 Puffs \u00e8 adatto sia al dettaglio che ai grossisti.<\/p>\n<p data-start=\"9491\" data-end=\"9637\" data-is-last-node=\"\" data-is-only-node=\"\">Scopri il prossimo livello di svapo \u2013 ordina ora il BANG KING 45000 Puff e vivi un'esperienza di svapo senza paragoni!<\/p>","protected":false},"excerpt":{"rendered":"<p>\u2705 Numero estremamente elevato di sigarette \u2013 Fino a 45.000 puff, per un divertimento a vapore ancora pi\u00f9 lungo!<br \/>\n\u2705 Nessuna tassa doganale &amp; spedizione gratuita \u2013 Ordina facilmente, senza costi aggiuntivi!<br \/>\n\u2705 Tre gusti in uno \u2013 Cambia a piacere, triplo piacere!<\/p>","protected":false},"featured_media":5622,"template":"","meta":[],"etheme_brands":[],"product_brand":[101],"product_cat":[66,49,61,87],"product_tag":[],"class_list":{"0":"post-5654","1":"product","2":"type-product","3":"status-publish","4":"has-post-thumbnail","6":"product_brand-bang-king-vape","7":"product_cat-45k-vape","8":"product_cat-einweg-e-zigarette","9":"product_cat-f","10":"product_cat-v","12":"first","13":"instock","14":"shipping-taxable","15":"purchasable","16":"product-type-variable"},"yoast_head":"<!-- This site is optimized with the Yoast SEO plugin v26.5 - https:\/\/yoast.com\/wordpress\/plugins\/seo\/ -->\n<title>BANG KING 45000 Puffs erh\u00e4ltlich in 3 erfrischenden Geschmacksrichtungen Erdbeer-Vanille-Cola Blaubeere-Himbeere und Zitrone-Limette | vapingnet.de<\/title>\n<meta name=\"description\" content=\"BANG KING 45000 Puffs bietet 3 erfrischende Aromen: Strawberry Vanilla Coke, Blueberry Raspberry und Lemonlime f\u00fcr intensiven Genuss.\" \/>\n<meta name=\"robots\" content=\"index, follow, max-snippet:-1, max-image-preview:large, max-video-preview:-1\" \/>\n<link rel=\"canonical\" href=\"https:\/\/vapingnet.de\/it\/vape\/bang-king-45000-puffs-erhaeltlich-in-3-erfrischenden-geschmacksrichtungen-erdbeer-vanille-cola-blaubeere-himbeere-und-zitrone-limette\/\" \/>\n<meta property=\"og:locale\" content=\"it_IT\" \/>\n<meta property=\"og:type\" content=\"article\" \/>\n<meta property=\"og:title\" content=\"BANG KING 45000 Puffs erh\u00e4ltlich in 3 erfrischenden Geschmacksrichtungen Erdbeer-Vanille-Cola Blaubeere-Himbeere und Zitrone-Limette | vapingnet.de\" \/>\n<meta property=\"og:description\" content=\"BANG KING 45000 Puffs bietet 3 erfrischende Aromen: Strawberry Vanilla Coke, Blueberry Raspberry und Lemonlime f\u00fcr intensiven Genuss.\" \/>\n<meta property=\"og:url\" content=\"https:\/\/vapingnet.de\/it\/vape\/bang-king-45000-puffs-erhaeltlich-in-3-erfrischenden-geschmacksrichtungen-erdbeer-vanille-cola-blaubeere-himbeere-und-zitrone-limette\/\" \/>\n<meta property=\"og:site_name\" content=\"Vapingnet.de\" \/>\n<meta property=\"article:publisher\" content=\"https:\/\/www.facebook.com\/vapingnetde\/\" \/>\n<meta property=\"article:modified_time\" content=\"2025-06-19T03:40:37+00:00\" \/>\n<meta property=\"og:image\" content=\"https:\/\/vapingnet.de\/wp-content\/uploads\/2025\/03\/45k_Strawberry-Vanilla-Coke_Blueberry-Raspberry_Lemonlime-1.png\" \/>\n\t<meta property=\"og:image:width\" content=\"1000\" \/>\n\t<meta property=\"og:image:height\" content=\"1000\" \/>\n\t<meta property=\"og:image:type\" content=\"image\/png\" \/>\n<meta name=\"twitter:card\" content=\"summary_large_image\" \/>\n<meta name=\"twitter:label1\" content=\"Est. reading time\" \/>\n\t<meta name=\"twitter:data1\" content=\"6 minutes\" \/>\n<script type=\"application\/ld+json\" class=\"yoast-schema-graph\">{\"@context\":\"https:\/\/schema.org\",\"@graph\":[{\"@type\":\"WebPage\",\"@id\":\"https:\/\/vapingnet.de\/vape\/bang-king-45000-puffs-erhaeltlich-in-3-erfrischenden-geschmacksrichtungen-erdbeer-vanille-cola-blaubeere-himbeere-und-zitrone-limette\/\",\"url\":\"https:\/\/vapingnet.de\/vape\/bang-king-45000-puffs-erhaeltlich-in-3-erfrischenden-geschmacksrichtungen-erdbeer-vanille-cola-blaubeere-himbeere-und-zitrone-limette\/\",\"name\":\"BANG KING 45000 Puffs erh\u00e4ltlich in 3 erfrischenden Geschmacksrichtungen Erdbeer-Vanille-Cola Blaubeere-Himbeere und Zitrone-Limette | vapingnet.de\",\"isPartOf\":{\"@id\":\"https:\/\/vapingnet.de\/#website\"},\"primaryImageOfPage\":{\"@id\":\"https:\/\/vapingnet.de\/vape\/bang-king-45000-puffs-erhaeltlich-in-3-erfrischenden-geschmacksrichtungen-erdbeer-vanille-cola-blaubeere-himbeere-und-zitrone-limette\/#primaryimage\"},\"image\":{\"@id\":\"https:\/\/vapingnet.de\/vape\/bang-king-45000-puffs-erhaeltlich-in-3-erfrischenden-geschmacksrichtungen-erdbeer-vanille-cola-blaubeere-himbeere-und-zitrone-limette\/#primaryimage\"},\"thumbnailUrl\":\"https:\/\/vapingnet.de\/wp-content\/uploads\/2025\/03\/45k_Strawberry-Vanilla-Coke_Blueberry-Raspberry_Lemonlime-1.png\",\"datePublished\":\"2025-03-18T08:05:19+00:00\",\"dateModified\":\"2025-06-19T03:40:37+00:00\",\"description\":\"BANG KING 45000 Puffs bietet 3 erfrischende Aromen: Strawberry Vanilla Coke, Blueberry Raspberry und Lemonlime f\u00fcr intensiven Genuss.\",\"breadcrumb\":{\"@id\":\"https:\/\/vapingnet.de\/vape\/bang-king-45000-puffs-erhaeltlich-in-3-erfrischenden-geschmacksrichtungen-erdbeer-vanille-cola-blaubeere-himbeere-und-zitrone-limette\/#breadcrumb\"},\"inLanguage\":\"it-IT\",\"potentialAction\":[{\"@type\":\"ReadAction\",\"target\":[\"https:\/\/vapingnet.de\/vape\/bang-king-45000-puffs-erhaeltlich-in-3-erfrischenden-geschmacksrichtungen-erdbeer-vanille-cola-blaubeere-himbeere-und-zitrone-limette\/\"]}]},{\"@type\":\"ImageObject\",\"inLanguage\":\"it-IT\",\"@id\":\"https:\/\/vapingnet.de\/vape\/bang-king-45000-puffs-erhaeltlich-in-3-erfrischenden-geschmacksrichtungen-erdbeer-vanille-cola-blaubeere-himbeere-und-zitrone-limette\/#primaryimage\",\"url\":\"https:\/\/vapingnet.de\/wp-content\/uploads\/2025\/03\/45k_Strawberry-Vanilla-Coke_Blueberry-Raspberry_Lemonlime-1.png\",\"contentUrl\":\"https:\/\/vapingnet.de\/wp-content\/uploads\/2025\/03\/45k_Strawberry-Vanilla-Coke_Blueberry-Raspberry_Lemonlime-1.png\",\"width\":1000,\"height\":1000},{\"@type\":\"BreadcrumbList\",\"@id\":\"https:\/\/vapingnet.de\/vape\/bang-king-45000-puffs-erhaeltlich-in-3-erfrischenden-geschmacksrichtungen-erdbeer-vanille-cola-blaubeere-himbeere-und-zitrone-limette\/#breadcrumb\",\"itemListElement\":[{\"@type\":\"ListItem\",\"position\":1,\"name\":\"Home\",\"item\":\"https:\/\/vapingnet.de\/\"},{\"@type\":\"ListItem\",\"position\":2,\"name\":\"Shop\",\"item\":\"https:\/\/vapingnet.de\/vape\/\"},{\"@type\":\"ListItem\",\"position\":3,\"name\":\"BANG KING 45000 Puffs erh\u00e4ltlich in 3 erfrischenden Geschmacksrichtungen Erdbeer-Vanille-Cola Blaubeere-Himbeere und Zitrone-Limette\"}]},{\"@type\":\"WebSite\",\"@id\":\"https:\/\/vapingnet.de\/#website\",\"url\":\"https:\/\/vapingnet.de\/\",\"name\":\"Vapingnet.de\",\"description\":\"\",\"publisher\":{\"@id\":\"https:\/\/vapingnet.de\/#organization\"},\"potentialAction\":[{\"@type\":\"SearchAction\",\"target\":{\"@type\":\"EntryPoint\",\"urlTemplate\":\"https:\/\/vapingnet.de\/?s={search_term_string}\"},\"query-input\":{\"@type\":\"PropertyValueSpecification\",\"valueRequired\":true,\"valueName\":\"search_term_string\"}}],\"inLanguage\":\"it-IT\"},{\"@type\":\"Organization\",\"@id\":\"https:\/\/vapingnet.de\/#organization\",\"name\":\"Vapingnet.de\",\"url\":\"https:\/\/vapingnet.de\/\",\"logo\":{\"@type\":\"ImageObject\",\"inLanguage\":\"it-IT\",\"@id\":\"https:\/\/vapingnet.de\/#\/schema\/logo\/image\/\",\"url\":\"https:\/\/vapingnet.de\/wp-content\/uploads\/2025\/03\/cropped-vapingnet.de_.jpg\",\"contentUrl\":\"https:\/\/vapingnet.de\/wp-content\/uploads\/2025\/03\/cropped-vapingnet.de_.jpg\",\"width\":512,\"height\":512,\"caption\":\"Vapingnet.de\"},\"image\":{\"@id\":\"https:\/\/vapingnet.de\/#\/schema\/logo\/image\/\"},\"sameAs\":[\"https:\/\/www.facebook.com\/vapingnetde\/\"]}]}<\/script>\n<!-- \/ Yoast SEO plugin. -->","yoast_head_json":{"title":"BANG KING 45000 Puffs erh\u00e4ltlich in 3 erfrischenden Geschmacksrichtungen Erdbeer-Vanille-Cola Blaubeere-Himbeere und Zitrone-Limette | vapingnet.de","description":"BANG KING 45000 Puffs bietet 3 erfrischende Aromen: Strawberry Vanilla Coke, Blueberry Raspberry und Lemonlime f\u00fcr intensiven Genuss.","robots":{"index":"index","follow":"follow","max-snippet":"max-snippet:-1","max-image-preview":"max-image-preview:large","max-video-preview":"max-video-preview:-1"},"canonical":"https:\/\/vapingnet.de\/it\/vape\/bang-king-45000-puffs-erhaeltlich-in-3-erfrischenden-geschmacksrichtungen-erdbeer-vanille-cola-blaubeere-himbeere-und-zitrone-limette\/","og_locale":"it_IT","og_type":"article","og_title":"BANG KING 45000 Puffs erh\u00e4ltlich in 3 erfrischenden Geschmacksrichtungen Erdbeer-Vanille-Cola Blaubeere-Himbeere und Zitrone-Limette | vapingnet.de","og_description":"BANG KING 45000 Puffs bietet 3 erfrischende Aromen: Strawberry Vanilla Coke, Blueberry Raspberry und Lemonlime f\u00fcr intensiven Genuss.","og_url":"https:\/\/vapingnet.de\/it\/vape\/bang-king-45000-puffs-erhaeltlich-in-3-erfrischenden-geschmacksrichtungen-erdbeer-vanille-cola-blaubeere-himbeere-und-zitrone-limette\/","og_site_name":"Vapingnet.de","article_publisher":"https:\/\/www.facebook.com\/vapingnetde\/","article_modified_time":"2025-06-19T03:40:37+00:00","og_image":[{"width":1000,"height":1000,"url":"https:\/\/vapingnet.de\/wp-content\/uploads\/2025\/03\/45k_Strawberry-Vanilla-Coke_Blueberry-Raspberry_Lemonlime-1.png","type":"image\/png"}],"twitter_card":"summary_large_image","twitter_misc":{"Est. reading time":"6 minutes"},"schema":{"@context":"https:\/\/schema.org","@graph":[{"@type":"WebPage","@id":"https:\/\/vapingnet.de\/vape\/bang-king-45000-puffs-erhaeltlich-in-3-erfrischenden-geschmacksrichtungen-erdbeer-vanille-cola-blaubeere-himbeere-und-zitrone-limette\/","url":"https:\/\/vapingnet.de\/vape\/bang-king-45000-puffs-erhaeltlich-in-3-erfrischenden-geschmacksrichtungen-erdbeer-vanille-cola-blaubeere-himbeere-und-zitrone-limette\/","name":"BANG KING 45000 Puffs erh\u00e4ltlich in 3 erfrischenden Geschmacksrichtungen Erdbeer-Vanille-Cola Blaubeere-Himbeere und Zitrone-Limette | vapingnet.de","isPartOf":{"@id":"https:\/\/vapingnet.de\/#website"},"primaryImageOfPage":{"@id":"https:\/\/vapingnet.de\/vape\/bang-king-45000-puffs-erhaeltlich-in-3-erfrischenden-geschmacksrichtungen-erdbeer-vanille-cola-blaubeere-himbeere-und-zitrone-limette\/#primaryimage"},"image":{"@id":"https:\/\/vapingnet.de\/vape\/bang-king-45000-puffs-erhaeltlich-in-3-erfrischenden-geschmacksrichtungen-erdbeer-vanille-cola-blaubeere-himbeere-und-zitrone-limette\/#primaryimage"},"thumbnailUrl":"https:\/\/vapingnet.de\/wp-content\/uploads\/2025\/03\/45k_Strawberry-Vanilla-Coke_Blueberry-Raspberry_Lemonlime-1.png","datePublished":"2025-03-18T08:05:19+00:00","dateModified":"2025-06-19T03:40:37+00:00","description":"BANG KING 45000 Puffs bietet 3 erfrischende Aromen: Strawberry Vanilla Coke, Blueberry Raspberry und Lemonlime f\u00fcr intensiven Genuss.","breadcrumb":{"@id":"https:\/\/vapingnet.de\/vape\/bang-king-45000-puffs-erhaeltlich-in-3-erfrischenden-geschmacksrichtungen-erdbeer-vanille-cola-blaubeere-himbeere-und-zitrone-limette\/#breadcrumb"},"inLanguage":"it-IT","potentialAction":[{"@type":"ReadAction","target":["https:\/\/vapingnet.de\/vape\/bang-king-45000-puffs-erhaeltlich-in-3-erfrischenden-geschmacksrichtungen-erdbeer-vanille-cola-blaubeere-himbeere-und-zitrone-limette\/"]}]},{"@type":"ImageObject","inLanguage":"it-IT","@id":"https:\/\/vapingnet.de\/vape\/bang-king-45000-puffs-erhaeltlich-in-3-erfrischenden-geschmacksrichtungen-erdbeer-vanille-cola-blaubeere-himbeere-und-zitrone-limette\/#primaryimage","url":"https:\/\/vapingnet.de\/wp-content\/uploads\/2025\/03\/45k_Strawberry-Vanilla-Coke_Blueberry-Raspberry_Lemonlime-1.png","contentUrl":"https:\/\/vapingnet.de\/wp-content\/uploads\/2025\/03\/45k_Strawberry-Vanilla-Coke_Blueberry-Raspberry_Lemonlime-1.png","width":1000,"height":1000},{"@type":"BreadcrumbList","@id":"https:\/\/vapingnet.de\/vape\/bang-king-45000-puffs-erhaeltlich-in-3-erfrischenden-geschmacksrichtungen-erdbeer-vanille-cola-blaubeere-himbeere-und-zitrone-limette\/#breadcrumb","itemListElement":[{"@type":"ListItem","position":1,"name":"Home","item":"https:\/\/vapingnet.de\/"},{"@type":"ListItem","position":2,"name":"Shop","item":"https:\/\/vapingnet.de\/vape\/"},{"@type":"ListItem","position":3,"name":"BANG KING 45000 Puffs erh\u00e4ltlich in 3 erfrischenden Geschmacksrichtungen Erdbeer-Vanille-Cola Blaubeere-Himbeere und Zitrone-Limette"}]},{"@type":"WebSite","@id":"https:\/\/vapingnet.de\/#website","url":"https:\/\/vapingnet.de\/","name":"Vapingnet.de","description":"","publisher":{"@id":"https:\/\/vapingnet.de\/#organization"},"potentialAction":[{"@type":"SearchAction","target":{"@type":"EntryPoint","urlTemplate":"https:\/\/vapingnet.de\/?s={search_term_string}"},"query-input":{"@type":"PropertyValueSpecification","valueRequired":true,"valueName":"search_term_string"}}],"inLanguage":"it-IT"},{"@type":"Organization","@id":"https:\/\/vapingnet.de\/#organization","name":"Vapingnet.de","url":"https:\/\/vapingnet.de\/","logo":{"@type":"ImageObject","inLanguage":"it-IT","@id":"https:\/\/vapingnet.de\/#\/schema\/logo\/image\/","url":"https:\/\/vapingnet.de\/wp-content\/uploads\/2025\/03\/cropped-vapingnet.de_.jpg","contentUrl":"https:\/\/vapingnet.de\/wp-content\/uploads\/2025\/03\/cropped-vapingnet.de_.jpg","width":512,"height":512,"caption":"Vapingnet.de"},"image":{"@id":"https:\/\/vapingnet.de\/#\/schema\/logo\/image\/"},"sameAs":["https:\/\/www.facebook.com\/vapingnetde\/"]}]}},"tiered_pricing_type":"fixed","tiered_pricing_fixed_rules":[],"tiered_pricing_product_settings":{"layout":"default","base_unit_name":{"singular":null,"plural":null},"default_variation":null},"tiered_pricing_minimum_quantity":null,"tiered_pricing_roles_data":[],"tiered_pricing_percentage_rules":[],"_links":{"self":[{"href":"https:\/\/vapingnet.de\/it\/wp-json\/wp\/v2\/product\/5654","targetHints":{"allow":["GET"]}}],"collection":[{"href":"https:\/\/vapingnet.de\/it\/wp-json\/wp\/v2\/product"}],"about":[{"href":"https:\/\/vapingnet.de\/it\/wp-json\/wp\/v2\/types\/product"}],"version-history":[{"count":3,"href":"https:\/\/vapingnet.de\/it\/wp-json\/wp\/v2\/product\/5654\/revisions"}],"predecessor-version":[{"id":5960,"href":"https:\/\/vapingnet.de\/it\/wp-json\/wp\/v2\/product\/5654\/revisions\/5960"}],"wp:featuredmedia":[{"embeddable":true,"href":"https:\/\/vapingnet.de\/it\/wp-json\/wp\/v2\/media\/5622"}],"wp:attachment":[{"href":"https:\/\/vapingnet.de\/it\/wp-json\/wp\/v2\/media?parent=5654"}],"wp:term":[{"taxonomy":"brand","embeddable":true,"href":"https:\/\/vapingnet.de\/it\/wp-json\/wp\/v2\/etheme_brands?post=5654"},{"taxonomy":"product_brand","embeddable":true,"href":"https:\/\/vapingnet.de\/it\/wp-json\/wp\/v2\/product_brand?post=5654"},{"taxonomy":"product_cat","embeddable":true,"href":"https:\/\/vapingnet.de\/it\/wp-json\/wp\/v2\/product_cat?post=5654"},{"taxonomy":"product_tag","embeddable":true,"href":"https:\/\/vapingnet.de\/it\/wp-json\/wp\/v2\/product_tag?post=5654"}],"curies":[{"name":"wp","href":"https:\/\/api.w.org\/{rel}","templated":true}]}}