{"id":5727,"date":"2025-03-19T05:38:06","date_gmt":"2025-03-19T05:38:06","guid":{"rendered":"https:\/\/vapingnet.de\/?post_type=product&#038;p=5727"},"modified":"2026-04-14T06:41:05","modified_gmt":"2026-04-14T06:41:05","slug":"cooles-e-zigaretten-erlebnis-nexa-ultra-50k-eine-reichhaltige-mischung-aus-suesser-blaubeere-und-erfrischendem-eisgeschmack","status":"publish","type":"product","link":"https:\/\/vapingnet.de\/it\/vape\/cooles-e-zigaretten-erlebnis-nexa-ultra-50k-eine-reichhaltige-mischung-aus-suesser-blaubeere-und-erfrischendem-eisgeschmack\/","title":{"rendered":"Esperienza di svapo fantastica con NEXA Ultra 50K: una ricca miscela di mirtillo dolce e gusto rinfrescante di ghiaccio"},"content":{"rendered":"<h2 data-start=\"0\" data-end=\"70\">NEXA Ultra 50K Puff Sigaretta Elettronica usa e getta Blue Razz Ice Edition<\/h2>\n<p data-start=\"72\" data-end=\"438\">La NEXA Ultra 50K definisce lo standard per <strong><a href=\"https:\/\/vapingnet.de\/it\/k\/einweg-e-zigarette\/\">Sigarette elettroniche usa e getta<\/a><\/strong> nuovo e combina alte prestazioni, design innovativo e un'esperienza di gusto senza paragoni. Con una capacit\u00e0 impressionante, <strong><a href=\"https:\/\/vapingnet.de\/it\/k\/50k-vape\/\">50k vape<\/a><\/strong> una batteria da 800 mAh con ricarica rapida USB-C e un serbatoio trasparente in cristallo da 20 ml, questo modello stabilisce nuovi standard.<\/p>\n<p data-start=\"440\" data-end=\"751\">Particolarmente eccezionale \u00e8 la Blue Razz Ice Edition, che conquista con una miscela perfettamente equilibrata di dolci lamponi blu e nota di ghiaccio rinfrescante. Questa combinazione garantisce un'esperienza di svapo intensa, fruttata e fresca, che entusiasma sia i principianti che gli svapatori esperti.<\/p>\n<h3 data-start=\"758\" data-end=\"796\">Dati tecnici e caratteristiche<\/h3>\n<p data-start=\"798\" data-end=\"1000\">La <strong><a href=\"https:\/\/vapingnet.de\/it\/nexa-ultra-50000-puffs\/\">NEXA Ultra 50K puff<\/a><\/strong> offre una vasta gamma di funzioni che la rendono la scelta ideale per svapatori esigenti. Nella tabella seguente sono riassunti i principali dati tecnici:<\/p>\n<div class=\"overflow-x-auto contain-inline-size\">\n<table data-start=\"1002\" data-end=\"1819\">\n<thead data-start=\"1002\" data-end=\"1044\">\n<tr data-start=\"1002\" data-end=\"1044\">\n<th data-start=\"1002\" data-end=\"1024\">Caratteristica<\/th>\n<th data-start=\"1024\" data-end=\"1044\">Descrizione<\/th>\n<\/tr>\n<\/thead>\n<tbody data-start=\"1088\" data-end=\"1819\">\n<tr data-start=\"1088\" data-end=\"1136\">\n<td>Numero di puff<\/td>\n<td>Fino a 50.000 tiri<\/td>\n<\/tr>\n<tr data-start=\"1137\" data-end=\"1178\">\n<td>Contenuto di nicotina<\/td>\n<td>5 % Sale di nicotina<\/td>\n<\/tr>\n<tr data-start=\"1179\" data-end=\"1231\">\n<td>Capacit\u00e0 di E-Liquid<\/td>\n<td>20 ml (serbatoio visibile)<\/td>\n<\/tr>\n<tr data-start=\"1232\" data-end=\"1339\">\n<td>Gusto<\/td>\n<td>Blue Razz Ice \u2013 dolci, succosi lamponi blu con nota di ghiaccio rinfrescante<\/td>\n<\/tr>\n<tr data-start=\"1340\" data-end=\"1409\">\n<td>Capacit\u00e0 della batteria<\/td>\n<td>800 mAh, ricaricabile tramite USB-C<\/td>\n<\/tr>\n<tr data-start=\"1410\" data-end=\"1499\">\n<td>Modalit\u00e0 di alimentazione<\/td>\n<td>Tecnologia Dual-Mode: Modalit\u00e0 Normale (50K) \/ Modalit\u00e0 Turbo (30K)<\/td>\n<\/tr>\n<tr data-start=\"1500\" data-end=\"1612\">\n<td>Display<\/td>\n<td>Schermo curvo 3D con visualizzazione dello stato della batteria, livello di liquido e modalit\u00e0 di alimentazione<\/td>\n<\/tr>\n<tr data-start=\"1613\" data-end=\"1682\">\n<td>Attivazione<\/td>\n<td>Attivazione tramite tiro \u2013 nessun pulsante necessario<\/td>\n<\/tr>\n<tr data-start=\"1683\" data-end=\"1778\">\n<td>Design<\/td>\n<td>Serbatoio trasparente in cristallo per una visibilit\u00e0 chiara del livello di liquido<\/td>\n<\/tr>\n<tr data-start=\"1779\" data-end=\"1819\">\n<td>Confezione<\/td>\n<td>5 pezzi per scatola<\/td>\n<\/tr>\n<\/tbody>\n<\/table>\n<\/div>\n<h3 data-start=\"1826\" data-end=\"1892\">Perch\u00e9 la NEXA Ultra 50K \u00e8 una delle migliori sigarette elettroniche usa e getta<\/h3>\n<p data-start=\"1894\" data-end=\"2120\">La NEXA Ultra 50K Blue Razz Ice Edition \u00e8 stata sviluppata appositamente per gli appassionati di svapo che cercano qualit\u00e0, prestazioni e gusto. Unisce tecnologia all'avanguardia a un'esperienza di gusto straordinaria.<\/p>\n<h4 data-start=\"2122\" data-end=\"2179\">1. Capacit\u00e0 massima di puff \u2013 Fino a 50.000 tiri<\/h4>\n<p data-start=\"2180\" data-end=\"2400\">La maggior parte delle sigarette elettroniche usa e getta ha una capacit\u00e0 limitata di puff da 5.000 a <strong><a href=\"https:\/\/vapingnet.de\/it\/k\/vape-15000-zuege\/\">15000 puff<\/a><\/strong>. La NEXA Ultra 50K va ben oltre e offre con la sua tecnologia Dual-Mode due modalit\u00e0 diverse:<\/p>\n<p data-start=\"2402\" data-end=\"2563\">Modalit\u00e0 Normale (50K vape) \u2013 Durata pi\u00f9 lunga per il massimo piacere<br data-start=\"2479\" data-end=\"2482\" \/>Modalit\u00e0 Turbo (<strong><a href=\"https:\/\/vapingnet.de\/it\/k\/vape-30000-zuege\/\">30K vape<\/a><\/strong>) \u2013 Prestazioni aumentate per una produzione di vapore pi\u00f9 intensa<\/p>\n<p data-start=\"2565\" data-end=\"2708\">Grazie a queste opzioni, l'utente pu\u00f2 personalizzare la propria esperienza di svapo \u2013 una funzione che finora si trovava solo nei dispositivi di alta gamma.<\/p>\n<h4 data-start=\"2715\" data-end=\"2773\">2. Un gusto che entusiasma \u2013 Blue Razz Ice<\/h4>\n<p data-start=\"2774\" data-end=\"2926\">Il gusto \u00e8 un fattore decisivo nella scelta di una sigaretta elettronica, e l'edizione Blue Razz Ice offre un aroma incomparabile.<\/p>\n<p data-start=\"2928\" data-end=\"3194\">La dolcezza fruttata delle more blu garantisce una nota intensa e succosa.<br data-start=\"3014\" data-end=\"3017\" \/>Effetto rinfrescante di raffreddamento, che crea un'esperienza di svapo piacevolmente fresca.<br data-start=\"3099\" data-end=\"3102\" \/>Gusto chiaro e intenso grazie a aromi di alta qualit\u00e0 e tecnologia Mesh-Coil.<\/p>\n<p data-start=\"3196\" data-end=\"3317\">Questa combinazione di sapori rende la NEXA Ultra 50K perfetta per chi ama vaporizzatori fruttati e rinfrescanti.<\/p>\n<h4 data-start=\"3324\" data-end=\"3396\">Serbatoio di cristallo trasparente \u2013 Sempre sotto controllo il livello di liquido<\/h4>\n<p data-start=\"3397\" data-end=\"3646\">Una delle caratteristiche di design pi\u00f9 notevoli della NEXA Ultra 50K \u00e8 il serbatoio visibile. Mentre molti dispositivi usa e getta hanno un serbatoio chiuso, il serbatoio di cristallo trasparente permette di vedere direttamente il livello di e-liquid residuo.<\/p>\n<p data-start=\"3648\" data-end=\"3796\">Design elegante e moderno<br data-start=\"3685\" data-end=\"3688\" \/>Previene il consumo imprevisto di liquido<br data-start=\"3741\" data-end=\"3744\" \/>Facilita il monitoraggio del consumo<\/p>\n<p data-start=\"3798\" data-end=\"3923\">Particolarmente vantaggioso per chi svapa frequentemente, poich\u00e9 pu\u00f2 controllare sempre il livello di liquido.<\/p>\n<h4 data-start=\"3930\" data-end=\"3988\">4. Batteria potente con ricarica rapida USB-C<\/h4>\n<p data-start=\"3989\" data-end=\"4129\">La batteria da 800 mAh della NEXA Ultra 50K \u00e8 ricaricabile e pu\u00f2 essere caricata rapidamente grazie alla ricarica rapida USB-C.<\/p>\n<p data-start=\"4131\" data-end=\"4293\">Durata d'uso pi\u00f9 lunga senza interruzioni<br data-start=\"4180\" data-end=\"4183\" \/>Ricarica rapida per un piacere continuo di vapore<br data-start=\"4237\" data-end=\"4240\" \/>Livello della batteria sempre visibile sul display<\/p>\n<p data-start=\"4295\" data-end=\"4406\">Ci\u00f2 prolunga notevolmente l'uso del dispositivo, distinguendolo dalle tradizionali sigarette elettroniche usa e getta.<\/p>\n<h4>5. Display curvo 3D \u2013 Tutte le informazioni importanti a colpo d'occhio<\/h4>\n<p data-start=\"4483\" data-end=\"4689\">La maggior parte delle sigarette elettroniche usa e getta non dispone di display o hanno solo indicatori LED semplici. La NEXA Ultra 50K \u00e8 dotata di uno schermo moderno curvo 3D che mostra informazioni importanti:<\/p>\n<p data-start=\"4691\" data-end=\"4907\">Stato della batteria \u2013 Mostra quando \u00e8 necessario ricaricare.<br data-start=\"4755\" data-end=\"4758\" \/>Livello di e-liquid \u2013 Previene sorprese di esaurimento improvvise.<br data-start=\"4816\" data-end=\"4819\" \/>Modo di alimentazione attuale (Normale \/ Turbo) \u2013 Personalizza l'esperienza di svapo.<\/p>\n<p data-start=\"4909\" data-end=\"5004\">Questa funzione offre il massimo comfort e rende il dispositivo particolarmente facile da usare.<\/p>\n<h3>Per chi \u00e8 adatta la NEXA Ultra 50K Blue Razz Ice?<\/h3>\n<p data-start=\"5076\" data-end=\"5117\">La NEXA Ultra 50K si rivolge a:<\/p>\n<p data-start=\"5119\" data-end=\"5449\">Vapori di piacere che apprezzano un'esperienza di gusto intensa.<br data-start=\"5193\" data-end=\"5196\" \/>Utilizzatori a lungo termine che preferiscono un'alta capacit\u00e0 di puff.<br data-start=\"5262\" data-end=\"5265\" \/>Principianti che cercano una sigaretta elettronica usa e getta semplice e di alta qualit\u00e0.<br data-start=\"5349\" data-end=\"5352\" \/>Rivenditori che desiderano offrire ai propri clienti un vape usa e getta di alta gamma con alta domanda.<\/p>\n<h3>Un vape usa e getta di prima classe<\/h3>\n<p data-start=\"5514\" data-end=\"5769\">La NEXA Ultra 50K Blue Razz Ice Edition combina tecnologia potente, un design accurato e un gusto eccezionale. \u00c8 una delle sigarette elettroniche usa e getta pi\u00f9 avanzate sul mercato e offre i seguenti vantaggi:<\/p>\n<p data-start=\"5771\" data-end=\"6055\">Fino a 50.000 puff con tecnologia dual-mode<br data-start=\"5821\" data-end=\"5824\" \/>Gusto intenso di Blue Razz Ice \u2013 fruttato &amp; rinfrescante<br data-start=\"5893\" data-end=\"5896\" \/>Batteria ricaricabile da 800 mAh con USB-C<br data-start=\"5942\" data-end=\"5945\" \/>Serbatoio trasparente in cristallo per visualizzazione chiara del liquido<br data-start=\"6001\" data-end=\"6004\" \/>Display curvo 3D con tutte le informazioni importanti<\/p>\n<p data-start=\"6057\" data-end=\"6182\" data-is-last-node=\"\" data-is-only-node=\"\">Per chi cerca un'esperienza di svapo di prima qualit\u00e0, la NEXA Ultra 50K Blue Razz Ice \u00e8 un acquisto consigliato!<\/p>","protected":false},"excerpt":{"rendered":"<p>NEXA Ultra 50K Puff Einweg E-Zigarette Blue Razz Ice Edition Die NEXA Ultra 50K definiert den Standard f\u00fcr Einweg-E-Zigaretten neu und kombiniert hohe Leistung, innovatives&#8230;<\/p>","protected":false},"featured_media":5710,"template":"","meta":[],"etheme_brands":[],"product_brand":[],"product_cat":[67,49,61],"product_tag":[],"class_list":{"0":"post-5727","1":"product","2":"type-product","3":"status-publish","4":"has-post-thumbnail","6":"product_cat-50k-vape","7":"product_cat-einweg-e-zigarette","8":"product_cat-f","10":"first","11":"outofstock","12":"shipping-taxable","13":"purchasable","14":"product-type-variable"},"yoast_head":"<!-- This site is optimized with the Yoast SEO plugin v26.5 - https:\/\/yoast.com\/wordpress\/plugins\/seo\/ -->\n<title>Cooles E-Zigaretten-Erlebnis NEXA Ultra 50K Eine reichhaltige Mischung aus s\u00fc\u00dfer Blaubeere und erfrischendem Eisgeschmack | Vapingnet.de<\/title>\n<meta name=\"description\" content=\"NEXA Ultra 50K Ein intensiver Mix aus s\u00fc\u00dfen blauen Himbeeren und erfrischender Eisnote f\u00fcr ein angenehm k\u00fchles Dampferlebnis!\" \/>\n<meta name=\"robots\" content=\"index, follow, max-snippet:-1, max-image-preview:large, max-video-preview:-1\" \/>\n<link rel=\"canonical\" href=\"https:\/\/vapingnet.de\/it\/vape\/cooles-e-zigaretten-erlebnis-nexa-ultra-50k-eine-reichhaltige-mischung-aus-suesser-blaubeere-und-erfrischendem-eisgeschmack\/\" \/>\n<meta property=\"og:locale\" content=\"it_IT\" \/>\n<meta property=\"og:type\" content=\"article\" \/>\n<meta property=\"og:title\" content=\"Cooles E-Zigaretten-Erlebnis NEXA Ultra 50K Eine reichhaltige Mischung aus s\u00fc\u00dfer Blaubeere und erfrischendem Eisgeschmack | Vapingnet.de\" \/>\n<meta property=\"og:description\" content=\"NEXA Ultra 50K Ein intensiver Mix aus s\u00fc\u00dfen blauen Himbeeren und erfrischender Eisnote f\u00fcr ein angenehm k\u00fchles Dampferlebnis!\" \/>\n<meta property=\"og:url\" content=\"https:\/\/vapingnet.de\/it\/vape\/cooles-e-zigaretten-erlebnis-nexa-ultra-50k-eine-reichhaltige-mischung-aus-suesser-blaubeere-und-erfrischendem-eisgeschmack\/\" \/>\n<meta property=\"og:site_name\" content=\"Vapingnet.de\" \/>\n<meta property=\"article:publisher\" content=\"https:\/\/www.facebook.com\/vapingnetde\/\" \/>\n<meta property=\"article:modified_time\" content=\"2026-04-14T06:41:05+00:00\" \/>\n<meta property=\"og:image\" content=\"https:\/\/vapingnet.de\/wp-content\/uploads\/2025\/03\/50K_BLUE_RAZZ_ICE-1.png\" \/>\n\t<meta property=\"og:image:width\" content=\"1000\" \/>\n\t<meta property=\"og:image:height\" content=\"1000\" \/>\n\t<meta property=\"og:image:type\" content=\"image\/png\" \/>\n<meta name=\"twitter:card\" content=\"summary_large_image\" \/>\n<meta name=\"twitter:label1\" content=\"Est. reading time\" \/>\n\t<meta name=\"twitter:data1\" content=\"5 minutes\" \/>\n<script type=\"application\/ld+json\" class=\"yoast-schema-graph\">{\"@context\":\"https:\/\/schema.org\",\"@graph\":[{\"@type\":\"WebPage\",\"@id\":\"https:\/\/vapingnet.de\/vape\/cooles-e-zigaretten-erlebnis-nexa-ultra-50k-eine-reichhaltige-mischung-aus-suesser-blaubeere-und-erfrischendem-eisgeschmack\/\",\"url\":\"https:\/\/vapingnet.de\/vape\/cooles-e-zigaretten-erlebnis-nexa-ultra-50k-eine-reichhaltige-mischung-aus-suesser-blaubeere-und-erfrischendem-eisgeschmack\/\",\"name\":\"Cooles E-Zigaretten-Erlebnis NEXA Ultra 50K Eine reichhaltige Mischung aus s\u00fc\u00dfer Blaubeere und erfrischendem Eisgeschmack | Vapingnet.de\",\"isPartOf\":{\"@id\":\"https:\/\/vapingnet.de\/#website\"},\"primaryImageOfPage\":{\"@id\":\"https:\/\/vapingnet.de\/vape\/cooles-e-zigaretten-erlebnis-nexa-ultra-50k-eine-reichhaltige-mischung-aus-suesser-blaubeere-und-erfrischendem-eisgeschmack\/#primaryimage\"},\"image\":{\"@id\":\"https:\/\/vapingnet.de\/vape\/cooles-e-zigaretten-erlebnis-nexa-ultra-50k-eine-reichhaltige-mischung-aus-suesser-blaubeere-und-erfrischendem-eisgeschmack\/#primaryimage\"},\"thumbnailUrl\":\"https:\/\/vapingnet.de\/wp-content\/uploads\/2025\/03\/50K_BLUE_RAZZ_ICE-1.png\",\"datePublished\":\"2025-03-19T05:38:06+00:00\",\"dateModified\":\"2026-04-14T06:41:05+00:00\",\"description\":\"NEXA Ultra 50K Ein intensiver Mix aus s\u00fc\u00dfen blauen Himbeeren und erfrischender Eisnote f\u00fcr ein angenehm k\u00fchles Dampferlebnis!\",\"breadcrumb\":{\"@id\":\"https:\/\/vapingnet.de\/vape\/cooles-e-zigaretten-erlebnis-nexa-ultra-50k-eine-reichhaltige-mischung-aus-suesser-blaubeere-und-erfrischendem-eisgeschmack\/#breadcrumb\"},\"inLanguage\":\"it-IT\",\"potentialAction\":[{\"@type\":\"ReadAction\",\"target\":[\"https:\/\/vapingnet.de\/vape\/cooles-e-zigaretten-erlebnis-nexa-ultra-50k-eine-reichhaltige-mischung-aus-suesser-blaubeere-und-erfrischendem-eisgeschmack\/\"]}]},{\"@type\":\"ImageObject\",\"inLanguage\":\"it-IT\",\"@id\":\"https:\/\/vapingnet.de\/vape\/cooles-e-zigaretten-erlebnis-nexa-ultra-50k-eine-reichhaltige-mischung-aus-suesser-blaubeere-und-erfrischendem-eisgeschmack\/#primaryimage\",\"url\":\"https:\/\/vapingnet.de\/wp-content\/uploads\/2025\/03\/50K_BLUE_RAZZ_ICE-1.png\",\"contentUrl\":\"https:\/\/vapingnet.de\/wp-content\/uploads\/2025\/03\/50K_BLUE_RAZZ_ICE-1.png\",\"width\":1000,\"height\":1000},{\"@type\":\"BreadcrumbList\",\"@id\":\"https:\/\/vapingnet.de\/vape\/cooles-e-zigaretten-erlebnis-nexa-ultra-50k-eine-reichhaltige-mischung-aus-suesser-blaubeere-und-erfrischendem-eisgeschmack\/#breadcrumb\",\"itemListElement\":[{\"@type\":\"ListItem\",\"position\":1,\"name\":\"Home\",\"item\":\"https:\/\/vapingnet.de\/\"},{\"@type\":\"ListItem\",\"position\":2,\"name\":\"Shop\",\"item\":\"https:\/\/vapingnet.de\/vape\/\"},{\"@type\":\"ListItem\",\"position\":3,\"name\":\"Cooles E-Zigaretten-Erlebnis NEXA Ultra 50K Eine reichhaltige Mischung aus s\u00fc\u00dfer Blaubeere und erfrischendem Eisgeschmack\"}]},{\"@type\":\"WebSite\",\"@id\":\"https:\/\/vapingnet.de\/#website\",\"url\":\"https:\/\/vapingnet.de\/\",\"name\":\"Vapingnet.de\",\"description\":\"\",\"publisher\":{\"@id\":\"https:\/\/vapingnet.de\/#organization\"},\"potentialAction\":[{\"@type\":\"SearchAction\",\"target\":{\"@type\":\"EntryPoint\",\"urlTemplate\":\"https:\/\/vapingnet.de\/?s={search_term_string}\"},\"query-input\":{\"@type\":\"PropertyValueSpecification\",\"valueRequired\":true,\"valueName\":\"search_term_string\"}}],\"inLanguage\":\"it-IT\"},{\"@type\":\"Organization\",\"@id\":\"https:\/\/vapingnet.de\/#organization\",\"name\":\"Vapingnet.de\",\"url\":\"https:\/\/vapingnet.de\/\",\"logo\":{\"@type\":\"ImageObject\",\"inLanguage\":\"it-IT\",\"@id\":\"https:\/\/vapingnet.de\/#\/schema\/logo\/image\/\",\"url\":\"https:\/\/vapingnet.de\/wp-content\/uploads\/2025\/03\/cropped-vapingnet.de_.jpg\",\"contentUrl\":\"https:\/\/vapingnet.de\/wp-content\/uploads\/2025\/03\/cropped-vapingnet.de_.jpg\",\"width\":512,\"height\":512,\"caption\":\"Vapingnet.de\"},\"image\":{\"@id\":\"https:\/\/vapingnet.de\/#\/schema\/logo\/image\/\"},\"sameAs\":[\"https:\/\/www.facebook.com\/vapingnetde\/\"]}]}<\/script>\n<!-- \/ Yoast SEO plugin. -->","yoast_head_json":{"title":"Cooles E-Zigaretten-Erlebnis NEXA Ultra 50K Eine reichhaltige Mischung aus s\u00fc\u00dfer Blaubeere und erfrischendem Eisgeschmack | Vapingnet.de","description":"NEXA Ultra 50K Ein intensiver Mix aus s\u00fc\u00dfen blauen Himbeeren und erfrischender Eisnote f\u00fcr ein angenehm k\u00fchles Dampferlebnis!","robots":{"index":"index","follow":"follow","max-snippet":"max-snippet:-1","max-image-preview":"max-image-preview:large","max-video-preview":"max-video-preview:-1"},"canonical":"https:\/\/vapingnet.de\/it\/vape\/cooles-e-zigaretten-erlebnis-nexa-ultra-50k-eine-reichhaltige-mischung-aus-suesser-blaubeere-und-erfrischendem-eisgeschmack\/","og_locale":"it_IT","og_type":"article","og_title":"Cooles E-Zigaretten-Erlebnis NEXA Ultra 50K Eine reichhaltige Mischung aus s\u00fc\u00dfer Blaubeere und erfrischendem Eisgeschmack | Vapingnet.de","og_description":"NEXA Ultra 50K Ein intensiver Mix aus s\u00fc\u00dfen blauen Himbeeren und erfrischender Eisnote f\u00fcr ein angenehm k\u00fchles Dampferlebnis!","og_url":"https:\/\/vapingnet.de\/it\/vape\/cooles-e-zigaretten-erlebnis-nexa-ultra-50k-eine-reichhaltige-mischung-aus-suesser-blaubeere-und-erfrischendem-eisgeschmack\/","og_site_name":"Vapingnet.de","article_publisher":"https:\/\/www.facebook.com\/vapingnetde\/","article_modified_time":"2026-04-14T06:41:05+00:00","og_image":[{"width":1000,"height":1000,"url":"https:\/\/vapingnet.de\/wp-content\/uploads\/2025\/03\/50K_BLUE_RAZZ_ICE-1.png","type":"image\/png"}],"twitter_card":"summary_large_image","twitter_misc":{"Est. reading time":"5 minutes"},"schema":{"@context":"https:\/\/schema.org","@graph":[{"@type":"WebPage","@id":"https:\/\/vapingnet.de\/vape\/cooles-e-zigaretten-erlebnis-nexa-ultra-50k-eine-reichhaltige-mischung-aus-suesser-blaubeere-und-erfrischendem-eisgeschmack\/","url":"https:\/\/vapingnet.de\/vape\/cooles-e-zigaretten-erlebnis-nexa-ultra-50k-eine-reichhaltige-mischung-aus-suesser-blaubeere-und-erfrischendem-eisgeschmack\/","name":"Cooles E-Zigaretten-Erlebnis NEXA Ultra 50K Eine reichhaltige Mischung aus s\u00fc\u00dfer Blaubeere und erfrischendem Eisgeschmack | Vapingnet.de","isPartOf":{"@id":"https:\/\/vapingnet.de\/#website"},"primaryImageOfPage":{"@id":"https:\/\/vapingnet.de\/vape\/cooles-e-zigaretten-erlebnis-nexa-ultra-50k-eine-reichhaltige-mischung-aus-suesser-blaubeere-und-erfrischendem-eisgeschmack\/#primaryimage"},"image":{"@id":"https:\/\/vapingnet.de\/vape\/cooles-e-zigaretten-erlebnis-nexa-ultra-50k-eine-reichhaltige-mischung-aus-suesser-blaubeere-und-erfrischendem-eisgeschmack\/#primaryimage"},"thumbnailUrl":"https:\/\/vapingnet.de\/wp-content\/uploads\/2025\/03\/50K_BLUE_RAZZ_ICE-1.png","datePublished":"2025-03-19T05:38:06+00:00","dateModified":"2026-04-14T06:41:05+00:00","description":"NEXA Ultra 50K Ein intensiver Mix aus s\u00fc\u00dfen blauen Himbeeren und erfrischender Eisnote f\u00fcr ein angenehm k\u00fchles Dampferlebnis!","breadcrumb":{"@id":"https:\/\/vapingnet.de\/vape\/cooles-e-zigaretten-erlebnis-nexa-ultra-50k-eine-reichhaltige-mischung-aus-suesser-blaubeere-und-erfrischendem-eisgeschmack\/#breadcrumb"},"inLanguage":"it-IT","potentialAction":[{"@type":"ReadAction","target":["https:\/\/vapingnet.de\/vape\/cooles-e-zigaretten-erlebnis-nexa-ultra-50k-eine-reichhaltige-mischung-aus-suesser-blaubeere-und-erfrischendem-eisgeschmack\/"]}]},{"@type":"ImageObject","inLanguage":"it-IT","@id":"https:\/\/vapingnet.de\/vape\/cooles-e-zigaretten-erlebnis-nexa-ultra-50k-eine-reichhaltige-mischung-aus-suesser-blaubeere-und-erfrischendem-eisgeschmack\/#primaryimage","url":"https:\/\/vapingnet.de\/wp-content\/uploads\/2025\/03\/50K_BLUE_RAZZ_ICE-1.png","contentUrl":"https:\/\/vapingnet.de\/wp-content\/uploads\/2025\/03\/50K_BLUE_RAZZ_ICE-1.png","width":1000,"height":1000},{"@type":"BreadcrumbList","@id":"https:\/\/vapingnet.de\/vape\/cooles-e-zigaretten-erlebnis-nexa-ultra-50k-eine-reichhaltige-mischung-aus-suesser-blaubeere-und-erfrischendem-eisgeschmack\/#breadcrumb","itemListElement":[{"@type":"ListItem","position":1,"name":"Home","item":"https:\/\/vapingnet.de\/"},{"@type":"ListItem","position":2,"name":"Shop","item":"https:\/\/vapingnet.de\/vape\/"},{"@type":"ListItem","position":3,"name":"Cooles E-Zigaretten-Erlebnis NEXA Ultra 50K Eine reichhaltige Mischung aus s\u00fc\u00dfer Blaubeere und erfrischendem Eisgeschmack"}]},{"@type":"WebSite","@id":"https:\/\/vapingnet.de\/#website","url":"https:\/\/vapingnet.de\/","name":"Vapingnet.de","description":"","publisher":{"@id":"https:\/\/vapingnet.de\/#organization"},"potentialAction":[{"@type":"SearchAction","target":{"@type":"EntryPoint","urlTemplate":"https:\/\/vapingnet.de\/?s={search_term_string}"},"query-input":{"@type":"PropertyValueSpecification","valueRequired":true,"valueName":"search_term_string"}}],"inLanguage":"it-IT"},{"@type":"Organization","@id":"https:\/\/vapingnet.de\/#organization","name":"Vapingnet.de","url":"https:\/\/vapingnet.de\/","logo":{"@type":"ImageObject","inLanguage":"it-IT","@id":"https:\/\/vapingnet.de\/#\/schema\/logo\/image\/","url":"https:\/\/vapingnet.de\/wp-content\/uploads\/2025\/03\/cropped-vapingnet.de_.jpg","contentUrl":"https:\/\/vapingnet.de\/wp-content\/uploads\/2025\/03\/cropped-vapingnet.de_.jpg","width":512,"height":512,"caption":"Vapingnet.de"},"image":{"@id":"https:\/\/vapingnet.de\/#\/schema\/logo\/image\/"},"sameAs":["https:\/\/www.facebook.com\/vapingnetde\/"]}]}},"tiered_pricing_type":"fixed","tiered_pricing_fixed_rules":[],"tiered_pricing_product_settings":{"layout":"default","base_unit_name":{"singular":null,"plural":null},"default_variation":null},"tiered_pricing_minimum_quantity":null,"tiered_pricing_roles_data":[],"tiered_pricing_percentage_rules":[],"_links":{"self":[{"href":"https:\/\/vapingnet.de\/it\/wp-json\/wp\/v2\/product\/5727","targetHints":{"allow":["GET"]}}],"collection":[{"href":"https:\/\/vapingnet.de\/it\/wp-json\/wp\/v2\/product"}],"about":[{"href":"https:\/\/vapingnet.de\/it\/wp-json\/wp\/v2\/types\/product"}],"version-history":[{"count":1,"href":"https:\/\/vapingnet.de\/it\/wp-json\/wp\/v2\/product\/5727\/revisions"}],"predecessor-version":[{"id":5755,"href":"https:\/\/vapingnet.de\/it\/wp-json\/wp\/v2\/product\/5727\/revisions\/5755"}],"wp:featuredmedia":[{"embeddable":true,"href":"https:\/\/vapingnet.de\/it\/wp-json\/wp\/v2\/media\/5710"}],"wp:attachment":[{"href":"https:\/\/vapingnet.de\/it\/wp-json\/wp\/v2\/media?parent=5727"}],"wp:term":[{"taxonomy":"brand","embeddable":true,"href":"https:\/\/vapingnet.de\/it\/wp-json\/wp\/v2\/etheme_brands?post=5727"},{"taxonomy":"product_brand","embeddable":true,"href":"https:\/\/vapingnet.de\/it\/wp-json\/wp\/v2\/product_brand?post=5727"},{"taxonomy":"product_cat","embeddable":true,"href":"https:\/\/vapingnet.de\/it\/wp-json\/wp\/v2\/product_cat?post=5727"},{"taxonomy":"product_tag","embeddable":true,"href":"https:\/\/vapingnet.de\/it\/wp-json\/wp\/v2\/product_tag?post=5727"}],"curies":[{"name":"wp","href":"https:\/\/api.w.org\/{rel}","templated":true}]}}