{"id":5731,"date":"2025-03-19T05:38:11","date_gmt":"2025-03-19T05:38:11","guid":{"rendered":"https:\/\/vapingnet.de\/?post_type=product&#038;p=5731"},"modified":"2026-04-14T06:41:05","modified_gmt":"2026-04-14T06:41:05","slug":"nexa-ultra-50k-cherry-bomb-liefert-eine-explosion-suesser-reifer-kirschen","status":"publish","type":"product","link":"https:\/\/vapingnet.de\/it\/vape\/nexa-ultra-50k-cherry-bomb-liefert-eine-explosion-suesser-reifer-kirschen\/","title":{"rendered":"NEXA Ultra 50K Cherry Bomb offre un'esplosione di dolci ciliegie mature"},"content":{"rendered":"<h2 data-start=\"0\" data-end=\"66\">NEXA Ultra 50K Puff Sigaretta Elettronica usa e getta Cherry Bomb Edition<\/h2>\n<p data-start=\"68\" data-end=\"456\">La NEXA Ultra 50K Cherry Bomb \u00e8 un'innovativa <strong><a href=\"https:\/\/vapingnet.de\/it\/k\/einweg-e-zigarette\/\">Sigaretta elettronica usa e getta<\/a><\/strong>, che stabilisce nuovi standard in termini di prestazioni e gusto. Con un impressionante numero di <strong><a href=\"https:\/\/vapingnet.de\/it\/k\/50k-vape\/\">50k vape<\/a><\/strong>, una batteria da 800 mAh con ricarica rapida USB-C e un serbatoio trasparente da 20 ml, questa sigaretta elettronica offre tutto ci\u00f2 di cui un vaper ha bisogno per un'esperienza di prima classe.<\/p>\n<p data-start=\"458\" data-end=\"724\">La variante di gusto Cherry Bomb combina la dolcezza intensa delle ciliegie mature con una freschezza frizzante, offrendo un'esperienza di svapo emozionante e soddisfacente. Ideale per chi ama aromi fruttati e rinfrescanti.<\/p>\n<h3 data-start=\"726\" data-end=\"756\">Specifiche del prodotto:<\/h3>\n<div class=\"overflow-x-auto contain-inline-size\">\n<table data-start=\"758\" data-end=\"1779\">\n<thead data-start=\"758\" data-end=\"842\">\n<tr data-start=\"758\" data-end=\"842\">\n<th data-start=\"758\" data-end=\"787\">Caratteristica<\/th>\n<th data-start=\"787\" data-end=\"842\">Dettagli<\/th>\n<\/tr>\n<\/thead>\n<tbody data-start=\"928\" data-end=\"1779\">\n<tr data-start=\"928\" data-end=\"1012\">\n<td>Numero di puff<\/td>\n<td>Fino a 50.000 tiri<\/td>\n<\/tr>\n<tr data-start=\"1013\" data-end=\"1098\">\n<td>Contenuto di nicotina<\/td>\n<td>5%<\/td>\n<\/tr>\n<tr data-start=\"1099\" data-end=\"1183\">\n<td>Capacit\u00e0 di liquido<\/td>\n<td>Serbatoio trasparente in cristallo da 20 ml<\/td>\n<\/tr>\n<tr data-start=\"1184\" data-end=\"1269\">\n<td>Batteria<\/td>\n<td>800 mAh con ricarica rapida USB-C<\/td>\n<\/tr>\n<tr data-start=\"1270\" data-end=\"1354\">\n<td>Modalit\u00e0 di funzionamento<\/td>\n<td>Modalit\u00e0 Dual<\/td>\n<\/tr>\n<tr data-start=\"1355\" data-end=\"1439\">\n<td>Modalit\u00e0 Normale<\/td>\n<td>50K puff per una durata pi\u00f9 lunga<\/td>\n<\/tr>\n<tr data-start=\"1440\" data-end=\"1524\">\n<td>Modalit\u00e0 Turbo<\/td>\n<td>30K puff per vaporizzazione e gusto pi\u00f9 intensi<\/td>\n<\/tr>\n<tr data-start=\"1525\" data-end=\"1609\">\n<td>Display<\/td>\n<td>Display curvato 3D<\/td>\n<\/tr>\n<tr data-start=\"1610\" data-end=\"1694\">\n<td>Attivazione<\/td>\n<td>Attivazione tramite tiro per uso semplice<\/td>\n<\/tr>\n<tr data-start=\"1695\" data-end=\"1779\">\n<td>Confezione<\/td>\n<td>5 pezzi per scatola<\/td>\n<\/tr>\n<\/tbody>\n<\/table>\n<\/div>\n<h3 data-start=\"1781\" data-end=\"1817\">FAQ \u2013 Domande frequenti<\/h3>\n<h4 data-start=\"1819\" data-end=\"1881\">1. Cosa rende speciale la NEXA Ultra 50K Cherry Bomb?<\/h4>\n<p data-start=\"1882\" data-end=\"2028\">La NEXA Ultra 50K Cherry Bomb offre una combinazione unica di alta quantit\u00e0 di puff, gusto intenso e funzioni facili da usare:<\/p>\n<ul data-start=\"2030\" data-end=\"2317\">\n<li data-start=\"2030\" data-end=\"2078\">Fino a 50.000 puff per un vaping duraturo<\/li>\n<li data-start=\"2079\" data-end=\"2158\">Sistema a modalit\u00e0 doppia con modalit\u00e0 Normale e Turbo per personalizzazioni<\/li>\n<li data-start=\"2159\" data-end=\"2233\">Ricarica rapida USB-C per una ricarica veloce ed efficiente<\/li>\n<li data-start=\"2234\" data-end=\"2317\">Serbatoio trasparente in cristallo che permette un controllo costante del livello di liquido<\/li>\n<\/ul>\n<h4 data-start=\"2319\" data-end=\"2367\">2. Come si presenta il gusto Cherry Bomb?<\/h4>\n<p data-start=\"2368\" data-end=\"2461\">La variante di gusto Cherry Bomb offre un'esperienza di svapo intensa e rinfrescante:<\/p>\n<ul data-start=\"2463\" data-end=\"2695\">\n<li data-start=\"2463\" data-end=\"2531\">Le ciliegie mature e dolci garantiscono un sapore fruttato e dolce<\/li>\n<li data-start=\"2532\" data-end=\"2626\">Una freschezza frizzante completa l'esperienza di gusto e dona un effetto rinvigorente<\/li>\n<li data-start=\"2627\" data-end=\"2695\">Perfettamente bilanciata per un vaping duraturo e emozionante<\/li>\n<\/ul>\n<h4 data-start=\"2697\" data-end=\"2737\">3. Cos'\u00e8 il sistema Dual-Mode?<\/h4>\n<p data-start=\"2738\" data-end=\"2834\">La NEXA Ultra 50K offre due modalit\u00e0 di funzionamento per personalizzare l'esperienza di svapo a piacere:<\/p>\n<ul data-start=\"2836\" data-end=\"2992\">\n<li data-start=\"2836\" data-end=\"2916\">Modalit\u00e0 Normale (50K tiri): Una durata pi\u00f9 lunga con tiri uniformi<\/li>\n<li data-start=\"2917\" data-end=\"2992\">Modalit\u00e0 Turbo (30K tiri): Per vapore pi\u00f9 intenso e sapore pi\u00f9 forte<\/li>\n<\/ul>\n<h4 data-start=\"2994\" data-end=\"3056\">4. Quanto dura la batteria e come si ricarica?<\/h4>\n<ul data-start=\"3057\" data-end=\"3306\">\n<li data-start=\"3057\" data-end=\"3116\">Batteria da 800 mAh: Progettata per una lunga durata<\/li>\n<li data-start=\"3117\" data-end=\"3219\">Ricarica rapida USB-C: Ricarica veloce ed efficiente, per non interrompere lo svapo<\/li>\n<li data-start=\"3220\" data-end=\"3306\">Indicatore di livello della batteria nel display 3D mostra sempre lo stato di carica attuale<\/li>\n<\/ul>\n<h4 data-start=\"3308\" data-end=\"3372\">5. Quali sono i vantaggi del serbatoio in cristallo trasparente?<\/h4>\n<p data-start=\"3373\" data-end=\"3453\">Il serbatoio in cristallo permette una visibilit\u00e0 chiara del livello di liquido e offre:<\/p>\n<ul data-start=\"3455\" data-end=\"3641\">\n<li data-start=\"3455\" data-end=\"3498\">Design moderno con un aspetto elegante<\/li>\n<li data-start=\"3499\" data-end=\"3573\">Controllo costante del livello di liquido per ricaricare in tempo<\/li>\n<li data-start=\"3574\" data-end=\"3641\">Facilit\u00e0 nel monitorare il consumo durante lo svapo<\/li>\n<\/ul>\n<h4 data-start=\"3643\" data-end=\"3706\">6. Per chi \u00e8 adatta la NEXA Ultra 50K Cherry Bomb?<\/h4>\n<ul data-start=\"3707\" data-end=\"4018\">\n<li data-start=\"3707\" data-end=\"3783\">Vapori appassionati che amano il sapore intenso delle ciliegie mature<\/li>\n<li data-start=\"3784\" data-end=\"3860\">Vapori che necessitano di un prodotto con alta capacit\u00e0 di puff<\/li>\n<li data-start=\"3861\" data-end=\"3942\">Principianti che cercano una sigaretta elettronica usa e getta semplice e potente<\/li>\n<li data-start=\"3943\" data-end=\"4018\">Rivenditori che vogliono offrire un prodotto premium con alta domanda<\/li>\n<\/ul>\n<h4 data-start=\"4020\" data-end=\"4073\">7. Cosa rende speciale il display curvo 3D?<\/h4>\n<p data-start=\"4074\" data-end=\"4148\">Il display curvo 3D offre un'interfaccia utente intuitiva, che:<\/p>\n<ul data-start=\"4150\" data-end=\"4266\">\n<li data-start=\"4150\" data-end=\"4182\">Mostra lo stato della batteria<\/li>\n<li data-start=\"4183\" data-end=\"4214\">Monitora il livello del liquido<\/li>\n<li data-start=\"4215\" data-end=\"4266\">Mostra la modalit\u00e0 attiva (Normale o Turbo)<\/li>\n<\/ul>\n<h4 data-start=\"4268\" data-end=\"4329\">8. Conclusione \u2013 Vale la pena la NEXA Ultra 50K Cherry Bomb?<\/h4>\n<p data-start=\"4330\" data-end=\"4390\">Assolutamente s\u00ec. La NEXA Ultra 50K Cherry Bomb si distingue per:<\/p>\n<ul data-start=\"4392\" data-end=\"4710\">\n<li data-start=\"4392\" data-end=\"4438\">Fino a 50.000 tiri e tecnologia Dual-Mode<\/li>\n<li data-start=\"4439\" data-end=\"4517\">Il gusto unico di ciliegie dolci e freschezza rinfrescante<\/li>\n<li data-start=\"4518\" data-end=\"4579\">Ricarica rapida USB-C per una ricarica veloce e comoda<\/li>\n<li data-start=\"4580\" data-end=\"4633\">Serbatoi trasparenti da 20 ml per un controllo semplice<\/li>\n<li data-start=\"4634\" data-end=\"4710\">Un display 3D che mostra tutte le informazioni importanti in un colpo d'occhio<\/li>\n<\/ul>\n<p data-start=\"4712\" data-end=\"4899\" data-is-last-node=\"\" data-is-only-node=\"\">Chi cerca un'esperienza di svapo potente, dal gusto intenso e innovativa, far\u00e0 la scelta perfetta con la <strong><a href=\"https:\/\/vapingnet.de\/it\/nexa-ultra-50000-puffs\/\">NEXA Ultra 50K puff<\/a><\/strong> Cherry Bomb Edition.<\/p>","protected":false},"excerpt":{"rendered":"<p>NEXA Ultra 50K Puff Einweg E-Zigarette Cherry Bomb Edition Die NEXA Ultra 50K Cherry Bomb ist eine innovative Einweg-E-Zigarette, die in Bezug auf Leistung und&#8230;<\/p>","protected":false},"featured_media":5712,"template":"","meta":[],"etheme_brands":[],"product_brand":[],"product_cat":[67,49,61],"product_tag":[],"class_list":{"0":"post-5731","1":"product","2":"type-product","3":"status-publish","4":"has-post-thumbnail","6":"product_cat-50k-vape","7":"product_cat-einweg-e-zigarette","8":"product_cat-f","10":"first","11":"outofstock","12":"shipping-taxable","13":"purchasable","14":"product-type-variable"},"yoast_head":"<!-- This site is optimized with the Yoast SEO plugin v26.5 - https:\/\/yoast.com\/wordpress\/plugins\/seo\/ -->\n<title>NEXA Ultra 50K Cherry Bomb liefert eine Explosion s\u00fc\u00dfer reifer Kirschen | Vapingnet.de<\/title>\n<meta name=\"description\" content=\"NEXA Ultra 50K Cherry Bomb bietet einen explosiven Geschmack s\u00fc\u00dfer, reifer Kirschen und macht jeden Zug zu einem aufregenden Erlebnis.\" \/>\n<meta name=\"robots\" content=\"index, follow, max-snippet:-1, max-image-preview:large, max-video-preview:-1\" \/>\n<link rel=\"canonical\" href=\"https:\/\/vapingnet.de\/it\/vape\/nexa-ultra-50k-cherry-bomb-liefert-eine-explosion-suesser-reifer-kirschen\/\" \/>\n<meta property=\"og:locale\" content=\"it_IT\" \/>\n<meta property=\"og:type\" content=\"article\" \/>\n<meta property=\"og:title\" content=\"NEXA Ultra 50K Cherry Bomb liefert eine Explosion s\u00fc\u00dfer reifer Kirschen | Vapingnet.de\" \/>\n<meta property=\"og:description\" content=\"NEXA Ultra 50K Cherry Bomb bietet einen explosiven Geschmack s\u00fc\u00dfer, reifer Kirschen und macht jeden Zug zu einem aufregenden Erlebnis.\" \/>\n<meta property=\"og:url\" content=\"https:\/\/vapingnet.de\/it\/vape\/nexa-ultra-50k-cherry-bomb-liefert-eine-explosion-suesser-reifer-kirschen\/\" \/>\n<meta property=\"og:site_name\" content=\"Vapingnet.de\" \/>\n<meta property=\"article:publisher\" content=\"https:\/\/www.facebook.com\/vapingnetde\/\" \/>\n<meta property=\"article:modified_time\" content=\"2026-04-14T06:41:05+00:00\" \/>\n<meta property=\"og:image\" content=\"https:\/\/vapingnet.de\/wp-content\/uploads\/2025\/03\/50K_CHERRY_BOMB-1.png\" \/>\n\t<meta property=\"og:image:width\" content=\"1000\" \/>\n\t<meta property=\"og:image:height\" content=\"1000\" \/>\n\t<meta property=\"og:image:type\" content=\"image\/png\" \/>\n<meta name=\"twitter:card\" content=\"summary_large_image\" \/>\n<meta name=\"twitter:label1\" content=\"Est. reading time\" \/>\n\t<meta name=\"twitter:data1\" content=\"4 minutes\" \/>\n<script type=\"application\/ld+json\" class=\"yoast-schema-graph\">{\"@context\":\"https:\/\/schema.org\",\"@graph\":[{\"@type\":\"WebPage\",\"@id\":\"https:\/\/vapingnet.de\/vape\/nexa-ultra-50k-cherry-bomb-liefert-eine-explosion-suesser-reifer-kirschen\/\",\"url\":\"https:\/\/vapingnet.de\/vape\/nexa-ultra-50k-cherry-bomb-liefert-eine-explosion-suesser-reifer-kirschen\/\",\"name\":\"NEXA Ultra 50K Cherry Bomb liefert eine Explosion s\u00fc\u00dfer reifer Kirschen | Vapingnet.de\",\"isPartOf\":{\"@id\":\"https:\/\/vapingnet.de\/#website\"},\"primaryImageOfPage\":{\"@id\":\"https:\/\/vapingnet.de\/vape\/nexa-ultra-50k-cherry-bomb-liefert-eine-explosion-suesser-reifer-kirschen\/#primaryimage\"},\"image\":{\"@id\":\"https:\/\/vapingnet.de\/vape\/nexa-ultra-50k-cherry-bomb-liefert-eine-explosion-suesser-reifer-kirschen\/#primaryimage\"},\"thumbnailUrl\":\"https:\/\/vapingnet.de\/wp-content\/uploads\/2025\/03\/50K_CHERRY_BOMB-1.png\",\"datePublished\":\"2025-03-19T05:38:11+00:00\",\"dateModified\":\"2026-04-14T06:41:05+00:00\",\"description\":\"NEXA Ultra 50K Cherry Bomb bietet einen explosiven Geschmack s\u00fc\u00dfer, reifer Kirschen und macht jeden Zug zu einem aufregenden Erlebnis.\",\"breadcrumb\":{\"@id\":\"https:\/\/vapingnet.de\/vape\/nexa-ultra-50k-cherry-bomb-liefert-eine-explosion-suesser-reifer-kirschen\/#breadcrumb\"},\"inLanguage\":\"it-IT\",\"potentialAction\":[{\"@type\":\"ReadAction\",\"target\":[\"https:\/\/vapingnet.de\/vape\/nexa-ultra-50k-cherry-bomb-liefert-eine-explosion-suesser-reifer-kirschen\/\"]}]},{\"@type\":\"ImageObject\",\"inLanguage\":\"it-IT\",\"@id\":\"https:\/\/vapingnet.de\/vape\/nexa-ultra-50k-cherry-bomb-liefert-eine-explosion-suesser-reifer-kirschen\/#primaryimage\",\"url\":\"https:\/\/vapingnet.de\/wp-content\/uploads\/2025\/03\/50K_CHERRY_BOMB-1.png\",\"contentUrl\":\"https:\/\/vapingnet.de\/wp-content\/uploads\/2025\/03\/50K_CHERRY_BOMB-1.png\",\"width\":1000,\"height\":1000},{\"@type\":\"BreadcrumbList\",\"@id\":\"https:\/\/vapingnet.de\/vape\/nexa-ultra-50k-cherry-bomb-liefert-eine-explosion-suesser-reifer-kirschen\/#breadcrumb\",\"itemListElement\":[{\"@type\":\"ListItem\",\"position\":1,\"name\":\"Home\",\"item\":\"https:\/\/vapingnet.de\/\"},{\"@type\":\"ListItem\",\"position\":2,\"name\":\"Shop\",\"item\":\"https:\/\/vapingnet.de\/vape\/\"},{\"@type\":\"ListItem\",\"position\":3,\"name\":\"NEXA Ultra 50K Cherry Bomb liefert eine Explosion s\u00fc\u00dfer reifer Kirschen\"}]},{\"@type\":\"WebSite\",\"@id\":\"https:\/\/vapingnet.de\/#website\",\"url\":\"https:\/\/vapingnet.de\/\",\"name\":\"Vapingnet.de\",\"description\":\"\",\"publisher\":{\"@id\":\"https:\/\/vapingnet.de\/#organization\"},\"potentialAction\":[{\"@type\":\"SearchAction\",\"target\":{\"@type\":\"EntryPoint\",\"urlTemplate\":\"https:\/\/vapingnet.de\/?s={search_term_string}\"},\"query-input\":{\"@type\":\"PropertyValueSpecification\",\"valueRequired\":true,\"valueName\":\"search_term_string\"}}],\"inLanguage\":\"it-IT\"},{\"@type\":\"Organization\",\"@id\":\"https:\/\/vapingnet.de\/#organization\",\"name\":\"Vapingnet.de\",\"url\":\"https:\/\/vapingnet.de\/\",\"logo\":{\"@type\":\"ImageObject\",\"inLanguage\":\"it-IT\",\"@id\":\"https:\/\/vapingnet.de\/#\/schema\/logo\/image\/\",\"url\":\"https:\/\/vapingnet.de\/wp-content\/uploads\/2025\/03\/cropped-vapingnet.de_.jpg\",\"contentUrl\":\"https:\/\/vapingnet.de\/wp-content\/uploads\/2025\/03\/cropped-vapingnet.de_.jpg\",\"width\":512,\"height\":512,\"caption\":\"Vapingnet.de\"},\"image\":{\"@id\":\"https:\/\/vapingnet.de\/#\/schema\/logo\/image\/\"},\"sameAs\":[\"https:\/\/www.facebook.com\/vapingnetde\/\"]}]}<\/script>\n<!-- \/ Yoast SEO plugin. -->","yoast_head_json":{"title":"NEXA Ultra 50K Cherry Bomb liefert eine Explosion s\u00fc\u00dfer reifer Kirschen | Vapingnet.de","description":"NEXA Ultra 50K Cherry Bomb bietet einen explosiven Geschmack s\u00fc\u00dfer, reifer Kirschen und macht jeden Zug zu einem aufregenden Erlebnis.","robots":{"index":"index","follow":"follow","max-snippet":"max-snippet:-1","max-image-preview":"max-image-preview:large","max-video-preview":"max-video-preview:-1"},"canonical":"https:\/\/vapingnet.de\/it\/vape\/nexa-ultra-50k-cherry-bomb-liefert-eine-explosion-suesser-reifer-kirschen\/","og_locale":"it_IT","og_type":"article","og_title":"NEXA Ultra 50K Cherry Bomb liefert eine Explosion s\u00fc\u00dfer reifer Kirschen | Vapingnet.de","og_description":"NEXA Ultra 50K Cherry Bomb bietet einen explosiven Geschmack s\u00fc\u00dfer, reifer Kirschen und macht jeden Zug zu einem aufregenden Erlebnis.","og_url":"https:\/\/vapingnet.de\/it\/vape\/nexa-ultra-50k-cherry-bomb-liefert-eine-explosion-suesser-reifer-kirschen\/","og_site_name":"Vapingnet.de","article_publisher":"https:\/\/www.facebook.com\/vapingnetde\/","article_modified_time":"2026-04-14T06:41:05+00:00","og_image":[{"width":1000,"height":1000,"url":"https:\/\/vapingnet.de\/wp-content\/uploads\/2025\/03\/50K_CHERRY_BOMB-1.png","type":"image\/png"}],"twitter_card":"summary_large_image","twitter_misc":{"Est. reading time":"4 minutes"},"schema":{"@context":"https:\/\/schema.org","@graph":[{"@type":"WebPage","@id":"https:\/\/vapingnet.de\/vape\/nexa-ultra-50k-cherry-bomb-liefert-eine-explosion-suesser-reifer-kirschen\/","url":"https:\/\/vapingnet.de\/vape\/nexa-ultra-50k-cherry-bomb-liefert-eine-explosion-suesser-reifer-kirschen\/","name":"NEXA Ultra 50K Cherry Bomb liefert eine Explosion s\u00fc\u00dfer reifer Kirschen | Vapingnet.de","isPartOf":{"@id":"https:\/\/vapingnet.de\/#website"},"primaryImageOfPage":{"@id":"https:\/\/vapingnet.de\/vape\/nexa-ultra-50k-cherry-bomb-liefert-eine-explosion-suesser-reifer-kirschen\/#primaryimage"},"image":{"@id":"https:\/\/vapingnet.de\/vape\/nexa-ultra-50k-cherry-bomb-liefert-eine-explosion-suesser-reifer-kirschen\/#primaryimage"},"thumbnailUrl":"https:\/\/vapingnet.de\/wp-content\/uploads\/2025\/03\/50K_CHERRY_BOMB-1.png","datePublished":"2025-03-19T05:38:11+00:00","dateModified":"2026-04-14T06:41:05+00:00","description":"NEXA Ultra 50K Cherry Bomb bietet einen explosiven Geschmack s\u00fc\u00dfer, reifer Kirschen und macht jeden Zug zu einem aufregenden Erlebnis.","breadcrumb":{"@id":"https:\/\/vapingnet.de\/vape\/nexa-ultra-50k-cherry-bomb-liefert-eine-explosion-suesser-reifer-kirschen\/#breadcrumb"},"inLanguage":"it-IT","potentialAction":[{"@type":"ReadAction","target":["https:\/\/vapingnet.de\/vape\/nexa-ultra-50k-cherry-bomb-liefert-eine-explosion-suesser-reifer-kirschen\/"]}]},{"@type":"ImageObject","inLanguage":"it-IT","@id":"https:\/\/vapingnet.de\/vape\/nexa-ultra-50k-cherry-bomb-liefert-eine-explosion-suesser-reifer-kirschen\/#primaryimage","url":"https:\/\/vapingnet.de\/wp-content\/uploads\/2025\/03\/50K_CHERRY_BOMB-1.png","contentUrl":"https:\/\/vapingnet.de\/wp-content\/uploads\/2025\/03\/50K_CHERRY_BOMB-1.png","width":1000,"height":1000},{"@type":"BreadcrumbList","@id":"https:\/\/vapingnet.de\/vape\/nexa-ultra-50k-cherry-bomb-liefert-eine-explosion-suesser-reifer-kirschen\/#breadcrumb","itemListElement":[{"@type":"ListItem","position":1,"name":"Home","item":"https:\/\/vapingnet.de\/"},{"@type":"ListItem","position":2,"name":"Shop","item":"https:\/\/vapingnet.de\/vape\/"},{"@type":"ListItem","position":3,"name":"NEXA Ultra 50K Cherry Bomb liefert eine Explosion s\u00fc\u00dfer reifer Kirschen"}]},{"@type":"WebSite","@id":"https:\/\/vapingnet.de\/#website","url":"https:\/\/vapingnet.de\/","name":"Vapingnet.de","description":"","publisher":{"@id":"https:\/\/vapingnet.de\/#organization"},"potentialAction":[{"@type":"SearchAction","target":{"@type":"EntryPoint","urlTemplate":"https:\/\/vapingnet.de\/?s={search_term_string}"},"query-input":{"@type":"PropertyValueSpecification","valueRequired":true,"valueName":"search_term_string"}}],"inLanguage":"it-IT"},{"@type":"Organization","@id":"https:\/\/vapingnet.de\/#organization","name":"Vapingnet.de","url":"https:\/\/vapingnet.de\/","logo":{"@type":"ImageObject","inLanguage":"it-IT","@id":"https:\/\/vapingnet.de\/#\/schema\/logo\/image\/","url":"https:\/\/vapingnet.de\/wp-content\/uploads\/2025\/03\/cropped-vapingnet.de_.jpg","contentUrl":"https:\/\/vapingnet.de\/wp-content\/uploads\/2025\/03\/cropped-vapingnet.de_.jpg","width":512,"height":512,"caption":"Vapingnet.de"},"image":{"@id":"https:\/\/vapingnet.de\/#\/schema\/logo\/image\/"},"sameAs":["https:\/\/www.facebook.com\/vapingnetde\/"]}]}},"tiered_pricing_type":"fixed","tiered_pricing_fixed_rules":[],"tiered_pricing_product_settings":{"layout":"default","base_unit_name":{"singular":null,"plural":null},"default_variation":null},"tiered_pricing_minimum_quantity":null,"tiered_pricing_roles_data":[],"tiered_pricing_percentage_rules":[],"_links":{"self":[{"href":"https:\/\/vapingnet.de\/it\/wp-json\/wp\/v2\/product\/5731","targetHints":{"allow":["GET"]}}],"collection":[{"href":"https:\/\/vapingnet.de\/it\/wp-json\/wp\/v2\/product"}],"about":[{"href":"https:\/\/vapingnet.de\/it\/wp-json\/wp\/v2\/types\/product"}],"version-history":[{"count":3,"href":"https:\/\/vapingnet.de\/it\/wp-json\/wp\/v2\/product\/5731\/revisions"}],"predecessor-version":[{"id":5760,"href":"https:\/\/vapingnet.de\/it\/wp-json\/wp\/v2\/product\/5731\/revisions\/5760"}],"wp:featuredmedia":[{"embeddable":true,"href":"https:\/\/vapingnet.de\/it\/wp-json\/wp\/v2\/media\/5712"}],"wp:attachment":[{"href":"https:\/\/vapingnet.de\/it\/wp-json\/wp\/v2\/media?parent=5731"}],"wp:term":[{"taxonomy":"brand","embeddable":true,"href":"https:\/\/vapingnet.de\/it\/wp-json\/wp\/v2\/etheme_brands?post=5731"},{"taxonomy":"product_brand","embeddable":true,"href":"https:\/\/vapingnet.de\/it\/wp-json\/wp\/v2\/product_brand?post=5731"},{"taxonomy":"product_cat","embeddable":true,"href":"https:\/\/vapingnet.de\/it\/wp-json\/wp\/v2\/product_cat?post=5731"},{"taxonomy":"product_tag","embeddable":true,"href":"https:\/\/vapingnet.de\/it\/wp-json\/wp\/v2\/product_tag?post=5731"}],"curies":[{"name":"wp","href":"https:\/\/api.w.org\/{rel}","templated":true}]}}