{"id":5737,"date":"2025-03-19T05:38:17","date_gmt":"2025-03-19T05:38:17","guid":{"rendered":"https:\/\/vapingnet.de\/?post_type=product&#038;p=5737"},"modified":"2026-04-14T06:41:05","modified_gmt":"2026-04-14T06:41:05","slug":"der-nexa-ultra-50k-mit-georgia-peach-ice-liefert-50000-zuege-spitzentechnologie-und-vollen-geschmack","status":"publish","type":"product","link":"https:\/\/vapingnet.de\/it\/vape\/der-nexa-ultra-50k-mit-georgia-peach-ice-liefert-50000-zuege-spitzentechnologie-und-vollen-geschmack\/","title":{"rendered":"Il NEXA Ultra 50K con Georgia Peach Ice offre 50000 puff, tecnologia all'avanguardia e gusto pieno"},"content":{"rendered":"<h2 data-start=\"0\" data-end=\"96\">NEXA Ultra 50K Puff Sigaretta Elettronica usa e getta Georgia Peach Ice Rivoluzionaria performance per svapatori esigenti<\/h2>\n<p data-start=\"98\" data-end=\"470\">Benvenuto nel futuro del svapo \u2013 con la NEXA Ultra 50K Puff Sigaretta Elettronica usa e getta si raggiunge un livello completamente nuovo di performance e piacere. Questa sigaretta elettronica all'avanguardia combina tecnologia impressionante con un design intuitivo ed \u00e8 appositamente sviluppata per svapatori che cercano qualit\u00e0, durata e gusto intenso.<\/p>\n<h3 data-start=\"472\" data-end=\"528\">Prestazioni massime per un piacere senza paragoni<\/h3>\n<p data-start=\"529\" data-end=\"882\">La NEXA Ultra stabilisce nuovi standard con una capacit\u00e0 di puffing eccezionale fino a <strong><a href=\"https:\/\/vapingnet.de\/it\/k\/50k-vape\/\">50k vape<\/a><\/strong> \u2013 una rarit\u00e0 assoluta nel mercato delle <strong><a href=\"https:\/\/vapingnet.de\/it\/k\/einweg-e-zigarette\/\">Sigarette elettroniche usa e getta<\/a><\/strong>. Offrendo una durata eccezionale, \u00e8 perfetta per svapatori che desiderano un'esperienza duratura senza dover acquistare continuamente un nuovo dispositivo.<\/p>\n<p data-start=\"884\" data-end=\"986\">Per chi preferisce un'esperienza ancora pi\u00f9 intensa, la NEXA Ultra offre due modalit\u00e0 di svapo:<\/p>\n<ul data-start=\"987\" data-end=\"1362\">\n<li data-start=\"987\" data-end=\"1136\">Modalit\u00e0 Normale (50K Puff) \u2013 Ideale per un utilizzo uniforme e duraturo con batteria ottimizzata e sviluppo di sapore delicato.<\/li>\n<li data-start=\"1137\" data-end=\"1362\">Modalit\u00e0 Turbo (30K Puff) \u2013 Per chi desidera massima performance in minor tempo. Questa modalit\u00e0 fornisce una produzione di vapore pi\u00f9 forte e un gusto pi\u00f9 intenso a scapito di un numero di puff leggermente ridotto.<\/li>\n<\/ul>\n<p data-start=\"1364\" data-end=\"1532\">Questa tecnologia a doppia modalit\u00e0 garantisce massima flessibilit\u00e0 e rende la NEXA Ultra la scelta perfetta per chi desidera personalizzare la propria esperienza di svapo.<\/p>\n<h3 data-start=\"1534\" data-end=\"1594\">Serbatoio trasparente in cristallo \u2013 Vedi cosa svapi<\/h3>\n<p data-start=\"1595\" data-end=\"1892\">Uno degli aspetti pi\u00f9 innovativi della NEXA Ultra \u00e8 il suo serbatoio visibile da 20 ml. Questo design trasparente in cristallo permette all'utente di monitorare sempre il livello di liquido, eliminando sorprese dovute a un dispositivo improvvisamente vuoto.<\/p>\n<p data-start=\"1894\" data-end=\"2079\">Il design di alta qualit\u00e0 del serbatoio in cristallo non solo ha un aspetto elegante, ma garantisce anche una distribuzione uniforme del liquido e un'esperienza di svapo costante dall'inizio alla fine.<\/p>\n<h3 data-start=\"2081\" data-end=\"2133\">Gusto unico: Georgia Peach Ice<\/h3>\n<p data-start=\"2134\" data-end=\"2502\">La NEXA Ultra 50K nel gusto Georgia Peach Ice porta un tocco di atmosfera del sud direttamente a casa tua. Il sapore intenso di pesche succose e maturate al sole si combina con una piacevole freschezza di mentolo, offrendo un'esperienza di svapo unica. Perfetta per chi ama aromi fruttati con un tocco di freschezza.<\/p>\n<p data-start=\"2504\" data-end=\"2729\">La formula di liquido di alta qualit\u00e0 con 5% di nicotina offre un effetto nicotinico forte ma piacevole \u2013 ideale per chi passa da sigarette tradizionali a svapo e per svapatori esperti che cercano un'esperienza intensa ma equilibrata nel gusto.<\/p>\n<h3 data-start=\"2731\" data-end=\"2791\">Tecnologia avanzata con display curvo 3D<\/h3>\n<p data-start=\"2792\" data-end=\"3051\">Un altro punto forte della NEXA Ultra \u00e8 il suo moderno display curvo 3D. Questo display di alta qualit\u00e0 mostra tutte le informazioni rilevanti a colpo d'occhio, tra cui livello di batteria e quantit\u00e0 di liquido residuo. In questo modo, gli utenti hanno sempre il pieno controllo del loro dispositivo.<\/p>\n<p data-start=\"3053\" data-end=\"3303\">L'elegica forma curva in vetro non solo conferisce un'estetica futuristica, ma offre anche una presa confortevole. Questo design distingue chiaramente la NEXA Ultra dalle sigarette elettroniche usa e getta tradizionali e ne sottolinea il carattere premium.<\/p>\n<h3 data-start=\"3305\" data-end=\"3360\">Batteria potente con funzione di ricarica rapida<\/h3>\n<p data-start=\"3361\" data-end=\"3617\">Nonostante la loro capacit\u00e0 di puffing gigante, la NEXA Ultra \u00e8 dotata di una potente batteria da 800 mAh, che pu\u00f2 essere ricaricata rapidamente tramite USB-C Quick Charge. Niente attese lunghe \u2013 basta ricaricare e continuare a svapare.<\/p>\n<p data-start=\"3619\" data-end=\"3818\">La combinazione di design a basso consumo energetico e tecnologia chip all'avanguardia garantisce una lunga durata della batteria e prestazioni costanti, sia in modalit\u00e0 normale che in modalit\u00e0 turbo.<\/p>\n<h3 data-start=\"3820\" data-end=\"3874\">Facile da usare \u2013 Perfetta per l'uso quotidiano<\/h3>\n<p data-start=\"3875\" data-end=\"4129\">Come ci si aspetta da una sigaretta elettronica usa e getta moderna, la NEXA Ultra \u00e8 attivata dall'aspirazione, cio\u00e8 non necessita di un pulsante per essere attivata. Basta aspirare e gustare \u2013 proprio questo rende questa sigaretta elettronica particolarmente comoda e adatta ai principianti.<\/p>\n<p data-start=\"4131\" data-end=\"4264\">La struttura compatta ma elegante la rende ideale per essere portata in giro, senza rinunciare a prestazioni o gusto.<\/p>\n<h3 data-start=\"4266\" data-end=\"4324\">Confezione pratica per utenti frequenti e rivenditori<\/h3>\n<p data-start=\"4325\" data-end=\"4543\">La <strong><a href=\"https:\/\/vapingnet.de\/it\/nexa-ultra-50000-puffs\/\">NEXA Ultra 50K Puff<\/a><\/strong> viene fornita in una scatola con 5 pezzi \u2013 ideale per scorte personali o per rivenditori che vogliono offrire ai propri clienti un prodotto premium con una durata eccezionale.<\/p>\n<h3>Perch\u00e9 la NEXA Ultra 50K \u00e8 il futuro delle sigarette elettroniche usa e getta<\/h3>\n<p data-start=\"4628\" data-end=\"4871\">Con una capacit\u00e0 di oltre 50.000 puff, il serbatoio in cristallo innovativo, due modalit\u00e0 di funzionamento, il display 3D di alta qualit\u00e0 e una potente batteria, la NEXA Ultra stabilisce nuovi standard nel mondo delle vape usa e getta.<\/p>\n<p data-start=\"4873\" data-end=\"5161\">Il gusto Georgia Peach Ice offre un'esperienza rinfrescante e fruttata, che trasforma ogni tiro in un piacere. Sia per svapatori esperti che per principianti \u2013 questa sigaretta elettronica convince in ogni aspetto e offre il meglio che il mercato attualmente pu\u00f2 offrire.<\/p>\n<p data-start=\"5163\" data-end=\"5376\" data-is-last-node=\"\" data-is-only-node=\"\">Con la sigaretta elettronica usa e getta NEXA Ultra 50K Puff si vive lo svapo in una dimensione completamente nuova. Chi punta sulla massima qualit\u00e0, tecnologia all'avanguardia e gusto massimo, non pu\u00f2 fare a meno di questo dispositivo.<\/p>","protected":false},"excerpt":{"rendered":"<p>NEXA Ultra 50K Puff Einweg E-Zigarette Georgia Peach lce Revolution\u00e4re Leistung f\u00fcr anspruchsvolle Dampfer Willkommen in der Zukunft des Dampfens \u2013 mit der NEXA Ultra&#8230;<\/p>","protected":false},"featured_media":5715,"template":"","meta":[],"etheme_brands":[],"product_brand":[],"product_cat":[67,49,61],"product_tag":[],"class_list":{"0":"post-5737","1":"product","2":"type-product","3":"status-publish","4":"has-post-thumbnail","6":"product_cat-50k-vape","7":"product_cat-einweg-e-zigarette","8":"product_cat-f","10":"first","11":"outofstock","12":"shipping-taxable","13":"purchasable","14":"product-type-variable"},"yoast_head":"<!-- This site is optimized with the Yoast SEO plugin v26.5 - https:\/\/yoast.com\/wordpress\/plugins\/seo\/ -->\n<title>Der NEXA Ultra 50K mit Georgia Peach Ice liefert 50000 Z\u00fcge Spitzentechnologie und vollen Geschmack | Vapingnet.de<\/title>\n<meta name=\"description\" content=\"Die NEXA Ultra 50K mit Georgia Peach Ice bietet 50.000 Z\u00fcge, 20 ml Kristalltank, 800 mAh Akku &amp; 3D-Display \u2013 High-Tech &amp; intensiver Geschmack!\" \/>\n<meta name=\"robots\" content=\"index, follow, max-snippet:-1, max-image-preview:large, max-video-preview:-1\" \/>\n<link rel=\"canonical\" href=\"https:\/\/vapingnet.de\/it\/vape\/der-nexa-ultra-50k-mit-georgia-peach-ice-liefert-50000-zuege-spitzentechnologie-und-vollen-geschmack\/\" \/>\n<meta property=\"og:locale\" content=\"it_IT\" \/>\n<meta property=\"og:type\" content=\"article\" \/>\n<meta property=\"og:title\" content=\"Der NEXA Ultra 50K mit Georgia Peach Ice liefert 50000 Z\u00fcge Spitzentechnologie und vollen Geschmack | Vapingnet.de\" \/>\n<meta property=\"og:description\" content=\"Die NEXA Ultra 50K mit Georgia Peach Ice bietet 50.000 Z\u00fcge, 20 ml Kristalltank, 800 mAh Akku &amp; 3D-Display \u2013 High-Tech &amp; intensiver Geschmack!\" \/>\n<meta property=\"og:url\" content=\"https:\/\/vapingnet.de\/it\/vape\/der-nexa-ultra-50k-mit-georgia-peach-ice-liefert-50000-zuege-spitzentechnologie-und-vollen-geschmack\/\" \/>\n<meta property=\"og:site_name\" content=\"Vapingnet.de\" \/>\n<meta property=\"article:publisher\" content=\"https:\/\/www.facebook.com\/vapingnetde\/\" \/>\n<meta property=\"article:modified_time\" content=\"2026-04-14T06:41:05+00:00\" \/>\n<meta property=\"og:image\" content=\"https:\/\/vapingnet.de\/wp-content\/uploads\/2025\/03\/50K_GEORGIA_PEACH_ICE-1.png\" \/>\n\t<meta property=\"og:image:width\" content=\"1000\" \/>\n\t<meta property=\"og:image:height\" content=\"1000\" \/>\n\t<meta property=\"og:image:type\" content=\"image\/png\" \/>\n<meta name=\"twitter:card\" content=\"summary_large_image\" \/>\n<meta name=\"twitter:label1\" content=\"Est. reading time\" \/>\n\t<meta name=\"twitter:data1\" content=\"5 minutes\" \/>\n<script type=\"application\/ld+json\" class=\"yoast-schema-graph\">{\"@context\":\"https:\/\/schema.org\",\"@graph\":[{\"@type\":\"WebPage\",\"@id\":\"https:\/\/vapingnet.de\/vape\/der-nexa-ultra-50k-mit-georgia-peach-ice-liefert-50000-zuege-spitzentechnologie-und-vollen-geschmack\/\",\"url\":\"https:\/\/vapingnet.de\/vape\/der-nexa-ultra-50k-mit-georgia-peach-ice-liefert-50000-zuege-spitzentechnologie-und-vollen-geschmack\/\",\"name\":\"Der NEXA Ultra 50K mit Georgia Peach Ice liefert 50000 Z\u00fcge Spitzentechnologie und vollen Geschmack | Vapingnet.de\",\"isPartOf\":{\"@id\":\"https:\/\/vapingnet.de\/#website\"},\"primaryImageOfPage\":{\"@id\":\"https:\/\/vapingnet.de\/vape\/der-nexa-ultra-50k-mit-georgia-peach-ice-liefert-50000-zuege-spitzentechnologie-und-vollen-geschmack\/#primaryimage\"},\"image\":{\"@id\":\"https:\/\/vapingnet.de\/vape\/der-nexa-ultra-50k-mit-georgia-peach-ice-liefert-50000-zuege-spitzentechnologie-und-vollen-geschmack\/#primaryimage\"},\"thumbnailUrl\":\"https:\/\/vapingnet.de\/wp-content\/uploads\/2025\/03\/50K_GEORGIA_PEACH_ICE-1.png\",\"datePublished\":\"2025-03-19T05:38:17+00:00\",\"dateModified\":\"2026-04-14T06:41:05+00:00\",\"description\":\"Die NEXA Ultra 50K mit Georgia Peach Ice bietet 50.000 Z\u00fcge, 20 ml Kristalltank, 800 mAh Akku & 3D-Display \u2013 High-Tech & intensiver Geschmack!\",\"breadcrumb\":{\"@id\":\"https:\/\/vapingnet.de\/vape\/der-nexa-ultra-50k-mit-georgia-peach-ice-liefert-50000-zuege-spitzentechnologie-und-vollen-geschmack\/#breadcrumb\"},\"inLanguage\":\"it-IT\",\"potentialAction\":[{\"@type\":\"ReadAction\",\"target\":[\"https:\/\/vapingnet.de\/vape\/der-nexa-ultra-50k-mit-georgia-peach-ice-liefert-50000-zuege-spitzentechnologie-und-vollen-geschmack\/\"]}]},{\"@type\":\"ImageObject\",\"inLanguage\":\"it-IT\",\"@id\":\"https:\/\/vapingnet.de\/vape\/der-nexa-ultra-50k-mit-georgia-peach-ice-liefert-50000-zuege-spitzentechnologie-und-vollen-geschmack\/#primaryimage\",\"url\":\"https:\/\/vapingnet.de\/wp-content\/uploads\/2025\/03\/50K_GEORGIA_PEACH_ICE-1.png\",\"contentUrl\":\"https:\/\/vapingnet.de\/wp-content\/uploads\/2025\/03\/50K_GEORGIA_PEACH_ICE-1.png\",\"width\":1000,\"height\":1000},{\"@type\":\"BreadcrumbList\",\"@id\":\"https:\/\/vapingnet.de\/vape\/der-nexa-ultra-50k-mit-georgia-peach-ice-liefert-50000-zuege-spitzentechnologie-und-vollen-geschmack\/#breadcrumb\",\"itemListElement\":[{\"@type\":\"ListItem\",\"position\":1,\"name\":\"Home\",\"item\":\"https:\/\/vapingnet.de\/\"},{\"@type\":\"ListItem\",\"position\":2,\"name\":\"Shop\",\"item\":\"https:\/\/vapingnet.de\/vape\/\"},{\"@type\":\"ListItem\",\"position\":3,\"name\":\"Der NEXA Ultra 50K mit Georgia Peach Ice liefert 50000 Z\u00fcge Spitzentechnologie und vollen Geschmack\"}]},{\"@type\":\"WebSite\",\"@id\":\"https:\/\/vapingnet.de\/#website\",\"url\":\"https:\/\/vapingnet.de\/\",\"name\":\"Vapingnet.de\",\"description\":\"\",\"publisher\":{\"@id\":\"https:\/\/vapingnet.de\/#organization\"},\"potentialAction\":[{\"@type\":\"SearchAction\",\"target\":{\"@type\":\"EntryPoint\",\"urlTemplate\":\"https:\/\/vapingnet.de\/?s={search_term_string}\"},\"query-input\":{\"@type\":\"PropertyValueSpecification\",\"valueRequired\":true,\"valueName\":\"search_term_string\"}}],\"inLanguage\":\"it-IT\"},{\"@type\":\"Organization\",\"@id\":\"https:\/\/vapingnet.de\/#organization\",\"name\":\"Vapingnet.de\",\"url\":\"https:\/\/vapingnet.de\/\",\"logo\":{\"@type\":\"ImageObject\",\"inLanguage\":\"it-IT\",\"@id\":\"https:\/\/vapingnet.de\/#\/schema\/logo\/image\/\",\"url\":\"https:\/\/vapingnet.de\/wp-content\/uploads\/2025\/03\/cropped-vapingnet.de_.jpg\",\"contentUrl\":\"https:\/\/vapingnet.de\/wp-content\/uploads\/2025\/03\/cropped-vapingnet.de_.jpg\",\"width\":512,\"height\":512,\"caption\":\"Vapingnet.de\"},\"image\":{\"@id\":\"https:\/\/vapingnet.de\/#\/schema\/logo\/image\/\"},\"sameAs\":[\"https:\/\/www.facebook.com\/vapingnetde\/\"]}]}<\/script>\n<!-- \/ Yoast SEO plugin. -->","yoast_head_json":{"title":"Der NEXA Ultra 50K mit Georgia Peach Ice liefert 50000 Z\u00fcge Spitzentechnologie und vollen Geschmack | Vapingnet.de","description":"Die NEXA Ultra 50K mit Georgia Peach Ice bietet 50.000 Z\u00fcge, 20 ml Kristalltank, 800 mAh Akku & 3D-Display \u2013 High-Tech & intensiver Geschmack!","robots":{"index":"index","follow":"follow","max-snippet":"max-snippet:-1","max-image-preview":"max-image-preview:large","max-video-preview":"max-video-preview:-1"},"canonical":"https:\/\/vapingnet.de\/it\/vape\/der-nexa-ultra-50k-mit-georgia-peach-ice-liefert-50000-zuege-spitzentechnologie-und-vollen-geschmack\/","og_locale":"it_IT","og_type":"article","og_title":"Der NEXA Ultra 50K mit Georgia Peach Ice liefert 50000 Z\u00fcge Spitzentechnologie und vollen Geschmack | Vapingnet.de","og_description":"Die NEXA Ultra 50K mit Georgia Peach Ice bietet 50.000 Z\u00fcge, 20 ml Kristalltank, 800 mAh Akku & 3D-Display \u2013 High-Tech & intensiver Geschmack!","og_url":"https:\/\/vapingnet.de\/it\/vape\/der-nexa-ultra-50k-mit-georgia-peach-ice-liefert-50000-zuege-spitzentechnologie-und-vollen-geschmack\/","og_site_name":"Vapingnet.de","article_publisher":"https:\/\/www.facebook.com\/vapingnetde\/","article_modified_time":"2026-04-14T06:41:05+00:00","og_image":[{"width":1000,"height":1000,"url":"https:\/\/vapingnet.de\/wp-content\/uploads\/2025\/03\/50K_GEORGIA_PEACH_ICE-1.png","type":"image\/png"}],"twitter_card":"summary_large_image","twitter_misc":{"Est. reading time":"5 minutes"},"schema":{"@context":"https:\/\/schema.org","@graph":[{"@type":"WebPage","@id":"https:\/\/vapingnet.de\/vape\/der-nexa-ultra-50k-mit-georgia-peach-ice-liefert-50000-zuege-spitzentechnologie-und-vollen-geschmack\/","url":"https:\/\/vapingnet.de\/vape\/der-nexa-ultra-50k-mit-georgia-peach-ice-liefert-50000-zuege-spitzentechnologie-und-vollen-geschmack\/","name":"Der NEXA Ultra 50K mit Georgia Peach Ice liefert 50000 Z\u00fcge Spitzentechnologie und vollen Geschmack | Vapingnet.de","isPartOf":{"@id":"https:\/\/vapingnet.de\/#website"},"primaryImageOfPage":{"@id":"https:\/\/vapingnet.de\/vape\/der-nexa-ultra-50k-mit-georgia-peach-ice-liefert-50000-zuege-spitzentechnologie-und-vollen-geschmack\/#primaryimage"},"image":{"@id":"https:\/\/vapingnet.de\/vape\/der-nexa-ultra-50k-mit-georgia-peach-ice-liefert-50000-zuege-spitzentechnologie-und-vollen-geschmack\/#primaryimage"},"thumbnailUrl":"https:\/\/vapingnet.de\/wp-content\/uploads\/2025\/03\/50K_GEORGIA_PEACH_ICE-1.png","datePublished":"2025-03-19T05:38:17+00:00","dateModified":"2026-04-14T06:41:05+00:00","description":"Die NEXA Ultra 50K mit Georgia Peach Ice bietet 50.000 Z\u00fcge, 20 ml Kristalltank, 800 mAh Akku & 3D-Display \u2013 High-Tech & intensiver Geschmack!","breadcrumb":{"@id":"https:\/\/vapingnet.de\/vape\/der-nexa-ultra-50k-mit-georgia-peach-ice-liefert-50000-zuege-spitzentechnologie-und-vollen-geschmack\/#breadcrumb"},"inLanguage":"it-IT","potentialAction":[{"@type":"ReadAction","target":["https:\/\/vapingnet.de\/vape\/der-nexa-ultra-50k-mit-georgia-peach-ice-liefert-50000-zuege-spitzentechnologie-und-vollen-geschmack\/"]}]},{"@type":"ImageObject","inLanguage":"it-IT","@id":"https:\/\/vapingnet.de\/vape\/der-nexa-ultra-50k-mit-georgia-peach-ice-liefert-50000-zuege-spitzentechnologie-und-vollen-geschmack\/#primaryimage","url":"https:\/\/vapingnet.de\/wp-content\/uploads\/2025\/03\/50K_GEORGIA_PEACH_ICE-1.png","contentUrl":"https:\/\/vapingnet.de\/wp-content\/uploads\/2025\/03\/50K_GEORGIA_PEACH_ICE-1.png","width":1000,"height":1000},{"@type":"BreadcrumbList","@id":"https:\/\/vapingnet.de\/vape\/der-nexa-ultra-50k-mit-georgia-peach-ice-liefert-50000-zuege-spitzentechnologie-und-vollen-geschmack\/#breadcrumb","itemListElement":[{"@type":"ListItem","position":1,"name":"Home","item":"https:\/\/vapingnet.de\/"},{"@type":"ListItem","position":2,"name":"Shop","item":"https:\/\/vapingnet.de\/vape\/"},{"@type":"ListItem","position":3,"name":"Der NEXA Ultra 50K mit Georgia Peach Ice liefert 50000 Z\u00fcge Spitzentechnologie und vollen Geschmack"}]},{"@type":"WebSite","@id":"https:\/\/vapingnet.de\/#website","url":"https:\/\/vapingnet.de\/","name":"Vapingnet.de","description":"","publisher":{"@id":"https:\/\/vapingnet.de\/#organization"},"potentialAction":[{"@type":"SearchAction","target":{"@type":"EntryPoint","urlTemplate":"https:\/\/vapingnet.de\/?s={search_term_string}"},"query-input":{"@type":"PropertyValueSpecification","valueRequired":true,"valueName":"search_term_string"}}],"inLanguage":"it-IT"},{"@type":"Organization","@id":"https:\/\/vapingnet.de\/#organization","name":"Vapingnet.de","url":"https:\/\/vapingnet.de\/","logo":{"@type":"ImageObject","inLanguage":"it-IT","@id":"https:\/\/vapingnet.de\/#\/schema\/logo\/image\/","url":"https:\/\/vapingnet.de\/wp-content\/uploads\/2025\/03\/cropped-vapingnet.de_.jpg","contentUrl":"https:\/\/vapingnet.de\/wp-content\/uploads\/2025\/03\/cropped-vapingnet.de_.jpg","width":512,"height":512,"caption":"Vapingnet.de"},"image":{"@id":"https:\/\/vapingnet.de\/#\/schema\/logo\/image\/"},"sameAs":["https:\/\/www.facebook.com\/vapingnetde\/"]}]}},"tiered_pricing_type":"fixed","tiered_pricing_fixed_rules":[],"tiered_pricing_product_settings":{"layout":"default","base_unit_name":{"singular":null,"plural":null},"default_variation":null},"tiered_pricing_minimum_quantity":null,"tiered_pricing_roles_data":[],"tiered_pricing_percentage_rules":[],"_links":{"self":[{"href":"https:\/\/vapingnet.de\/it\/wp-json\/wp\/v2\/product\/5737","targetHints":{"allow":["GET"]}}],"collection":[{"href":"https:\/\/vapingnet.de\/it\/wp-json\/wp\/v2\/product"}],"about":[{"href":"https:\/\/vapingnet.de\/it\/wp-json\/wp\/v2\/types\/product"}],"version-history":[{"count":1,"href":"https:\/\/vapingnet.de\/it\/wp-json\/wp\/v2\/product\/5737\/revisions"}],"predecessor-version":[{"id":5764,"href":"https:\/\/vapingnet.de\/it\/wp-json\/wp\/v2\/product\/5737\/revisions\/5764"}],"wp:featuredmedia":[{"embeddable":true,"href":"https:\/\/vapingnet.de\/it\/wp-json\/wp\/v2\/media\/5715"}],"wp:attachment":[{"href":"https:\/\/vapingnet.de\/it\/wp-json\/wp\/v2\/media?parent=5737"}],"wp:term":[{"taxonomy":"brand","embeddable":true,"href":"https:\/\/vapingnet.de\/it\/wp-json\/wp\/v2\/etheme_brands?post=5737"},{"taxonomy":"product_brand","embeddable":true,"href":"https:\/\/vapingnet.de\/it\/wp-json\/wp\/v2\/product_brand?post=5737"},{"taxonomy":"product_cat","embeddable":true,"href":"https:\/\/vapingnet.de\/it\/wp-json\/wp\/v2\/product_cat?post=5737"},{"taxonomy":"product_tag","embeddable":true,"href":"https:\/\/vapingnet.de\/it\/wp-json\/wp\/v2\/product_tag?post=5737"}],"curies":[{"name":"wp","href":"https:\/\/api.w.org\/{rel}","templated":true}]}}