{"id":5741,"date":"2025-03-19T05:38:20","date_gmt":"2025-03-19T05:38:20","guid":{"rendered":"https:\/\/vapingnet.de\/?post_type=product&#038;p=5741"},"modified":"2026-04-14T06:41:05","modified_gmt":"2026-04-14T06:41:05","slug":"nexa-ultra-50k-miami-mint-bietet-eine-erfrischende-minz-mischung-mit-einem-hauch-suesse-perfekt-fuer-einen-kuehlen-mentholigen-genuss","status":"publish","type":"product","link":"https:\/\/vapingnet.de\/it\/vape\/nexa-ultra-50k-miami-mint-bietet-eine-erfrischende-minz-mischung-mit-einem-hauch-suesse-perfekt-fuer-einen-kuehlen-mentholigen-genuss\/","title":{"rendered":"NEXA Ultra 50K Miami Mint offre una fresca miscela di menta con un tocco di dolcezza, perfetta per un piacere mentolato rinfrescante"},"content":{"rendered":"<h2 data-start=\"0\" data-end=\"111\">NEXA Ultra 50K Puff Sigaretta Elettronica usa e getta \u2013 Potenza massima incontra il rinfrescante piacere di Miami Mint<\/h2>\n<p data-start=\"113\" data-end=\"465\">La NEXA Ultra 50K Puff <strong><a href=\"https:\/\/vapingnet.de\/it\/k\/einweg-e-zigarette\/\">Sigaretta elettronica usa e getta<\/a><\/strong> stabilisce nuovi standard nel mondo del vapore. Con una capacit\u00e0 gigantesca di <strong><a href=\"https:\/\/vapingnet.de\/it\/k\/50k-vape\/\">50k vape<\/a><\/strong>, un serbatoio visibile da 20 ml di cristallo, batteria potente da 800 mAh con ricarica rapida USB-C e un moderno display curvo 3D, questo dispositivo \u00e8 la scelta perfetta per i vapers esigenti.<\/p>\n<h3 data-start=\"467\" data-end=\"539\">Prestazioni massime \u2013 Due modalit\u00e0 per un piacere personalizzato del vapore<\/h3>\n<p data-start=\"540\" data-end=\"635\">La NEXA Ultra offre un\u2019esperienza di svapo personalizzabile con due diverse modalit\u00e0 di vaporizzazione:<\/p>\n<ul data-start=\"636\" data-end=\"858\">\n<li data-start=\"636\" data-end=\"740\">Modalit\u00e0 Normale (50K Puff) \u2013 Ottimizzata per la massima capacit\u00e0 di puff e un\u2019esplosione di sapore delicata.<\/li>\n<li data-start=\"741\" data-end=\"858\">Modalit\u00e0 Turbo (30K Puff) \u2013 Per vapore intenso e sapore pi\u00f9 forte \u2013 perfetta per gli amanti di tiri decisi.<\/li>\n<\/ul>\n<p data-start=\"860\" data-end=\"1016\">Con questa tecnologia a doppia modalit\u00e0, la NEXA Ultra 50K si distingue chiaramente da altre vape usa e getta e permette un utilizzo flessibile a seconda delle preferenze.<\/p>\n<h3 data-start=\"1018\" data-end=\"1088\">Serbatoio di cristallo trasparente \u2013 Vista chiara sul livello di liquido<\/h3>\n<p data-start=\"1089\" data-end=\"1405\">Grazie al serbatoio di cristallo da 20 ml, \u00e8 possibile controllare sempre il livello di liquido \u2013 niente pi\u00f9 indovinelli su quando finir\u00e0. Il design elegante in cristallo non solo conferisce un aspetto raffinato, ma contribuisce anche a una distribuzione uniforme del liquido, mantenendo ogni tiro costante e intenso.<\/p>\n<h3 data-start=\"1407\" data-end=\"1492\">Gusto: Miami Mint \u2013 Freschezza glaciale con un tocco di lusso<\/h3>\n<p data-start=\"1493\" data-end=\"1749\">La <a href=\"https:\/\/vapingnet.de\/it\/nexa-ultra-50000-puffs\/\"><strong>NEXA Ultra 50K puff<\/strong><\/a> Miami Mint offre un\u2019esperienza di svapo unica, che incarna la pura freschezza. Ispirato alla vivace vita notturna di Miami, questo aroma combina menta cristallina con una brezza fresca che rinfresca e rivitalizza immediatamente.<\/p>\n<p data-start=\"1751\" data-end=\"1990\">Ogni tiro rivela un mix perfettamente equilibrato di menta fresca e un leggero retrogusto dolce, che garantisce una sensazione in bocca duratura e rinfrescante. Ideale per i vaper che amano una nota mentolata decisa.<\/p>\n<p data-start=\"1992\" data-end=\"2203\">Con una concentrazione di nicotina di 5 %, la variante Miami Mint fornisce un\u2019intensa ma piacevole scarica di nicotina \u2013 perfetta per chi passa da sigarette tradizionali a vaping e per i vaper esperti che cercano un\u2019esperienza forte ma morbida.<\/p>\n<h3 data-start=\"2205\" data-end=\"2275\">Tecnologia avanzata con display curvo 3D \u2013 Tutte le informazioni a portata di vista<\/h3>\n<p data-start=\"2276\" data-end=\"2554\">Il moderno display curvo 3D mostra tutte le informazioni importanti:<br data-start=\"2348\" data-end=\"2351\" \/>Livello batteria \u2013 Mai pi\u00f9 sorprese di batteria scarica.<br data-start=\"2405\" data-end=\"2408\" \/>Livello liquido \u2013 Sempre visibile grazie al serbatoio trasparente.<br data-start=\"2476\" data-end=\"2479\" \/>Indicatore modalit\u00e0 \u2013 Cambio semplice tra modalit\u00e0 Normale e Turbo.<\/p>\n<p data-start=\"2556\" data-end=\"2669\">L\u2019alta qualit\u00e0 dell\u2019ottica in vetro conferisce alla NEXA Ultra un tocco di lusso e sottolinea il suo design moderno.<\/p>\n<h3 data-start=\"2671\" data-end=\"2726\">Batteria potente con ricarica rapida USB-C<\/h3>\n<p data-start=\"2727\" data-end=\"2935\">La capacit\u00e0 della batteria da 800 mAh garantisce una lunga durata d\u2019uso. Grazie alla ricarica rapida USB-C, il dispositivo \u00e8 pronto all\u2019uso in pochissimo tempo \u2013 niente attese lunghe, basta ricaricare e continuare a vapare.<\/p>\n<p data-start=\"2937\" data-end=\"3089\">La tecnologia chip ad alta efficienza energetica assicura che le prestazioni rimangano stabili fino all\u2019ultimo tiro \u2013 indipendentemente dalla modalit\u00e0, normale o turbo.<\/p>\n<h3 data-start=\"3091\" data-end=\"3144\">Maneggevolezza semplice \u2013 Perfetta per l'uso quotidiano<\/h3>\n<p data-start=\"3145\" data-end=\"3356\">La NEXA Ultra 50K \u00e8 attivata per tiro, cio\u00e8 non richiede un pulsante per essere attivata \u2013 basta tirare e godere. Con il suo design compatto ed elegante, \u00e8 il compagno ideale per essere portata ovunque.<\/p>\n<h3 data-start=\"3358\" data-end=\"3424\">Confezione pratica \u2013 Ideale per rivenditori e utenti frequenti<\/h3>\n<p data-start=\"3425\" data-end=\"3649\">La NEXA Ultra 50K Miami Mint viene fornita in una confezione con 5 pezzi \u2013 ideale per scorte personali o per rivenditori che desiderano offrire ai propri clienti un prodotto di alta qualit\u00e0 con una durata eccezionale.<\/p>\n<h3 data-start=\"3651\" data-end=\"3722\">Perch\u00e9 la NEXA Ultra 50K Miami Mint \u00e8 un must-have<\/h3>\n<p data-start=\"3723\" data-end=\"3957\">Con la sua enorme capacit\u00e0 di puff, il serbatoio in cristallo innovativo, le due modalit\u00e0 di vapore, il display 3D di alta qualit\u00e0 e la lunga durata della batteria, la NEXA Ultra 50K Puff Disposable E-Cigarette \u00e8 di un'altra categoria.<\/p>\n<p data-start=\"3959\" data-end=\"4117\">La variante Miami Mint offre una freschezza incomparabile e garantisce un'esperienza di svapo fresca e rinvigorente, ideale per il piacere quotidiano.<\/p>\n<p data-start=\"4119\" data-end=\"4346\" data-is-last-node=\"\" data-is-only-node=\"\">Sia per svapatori esperti che per principianti \u2013 la NEXA Ultra 50K Puff Miami Mint combina tecnologia all'avanguardia con una rinfrescante intensit\u00e0 ed \u00e8 la scelta perfetta per chi cerca la massima qualit\u00e0 e il massimo piacere.<\/p>","protected":false},"excerpt":{"rendered":"<p>NEXA Ultra 50K Puff Einweg E-Zigarette \u2013 Maximale Leistung trifft auf erfrischenden Miami Mint Genuss Die NEXA Ultra 50K Puff Einweg E-Zigarette setzt neue Ma\u00dfst\u00e4be&#8230;<\/p>","protected":false},"featured_media":5717,"template":"","meta":[],"etheme_brands":[],"product_brand":[],"product_cat":[67,49,61],"product_tag":[],"class_list":{"0":"post-5741","1":"product","2":"type-product","3":"status-publish","4":"has-post-thumbnail","6":"product_cat-50k-vape","7":"product_cat-einweg-e-zigarette","8":"product_cat-f","10":"first","11":"outofstock","12":"shipping-taxable","13":"purchasable","14":"product-type-variable"},"yoast_head":"<!-- This site is optimized with the Yoast SEO plugin v26.5 - https:\/\/yoast.com\/wordpress\/plugins\/seo\/ -->\n<title>NEXA Ultra 50K Miami Mint bietet eine erfrischende Minz-Mischung mit einem Hauch S\u00fc\u00dfe perfekt f\u00fcr einen k\u00fchlen mentholigen Genuss | Vapingnet.de<\/title>\n<meta name=\"description\" content=\"NEXA Ultra 50K Miami Mint bietet eine erfrischende Minz-Mischung mit einem Hauch S\u00fc\u00dfe \u2013 perfekt f\u00fcr einen k\u00fchlen, mentholigen Genuss.\" \/>\n<meta name=\"robots\" content=\"index, follow, max-snippet:-1, max-image-preview:large, max-video-preview:-1\" \/>\n<link rel=\"canonical\" href=\"https:\/\/vapingnet.de\/it\/vape\/nexa-ultra-50k-miami-mint-bietet-eine-erfrischende-minz-mischung-mit-einem-hauch-suesse-perfekt-fuer-einen-kuehlen-mentholigen-genuss\/\" \/>\n<meta property=\"og:locale\" content=\"it_IT\" \/>\n<meta property=\"og:type\" content=\"article\" \/>\n<meta property=\"og:title\" content=\"NEXA Ultra 50K Miami Mint bietet eine erfrischende Minz-Mischung mit einem Hauch S\u00fc\u00dfe perfekt f\u00fcr einen k\u00fchlen mentholigen Genuss | Vapingnet.de\" \/>\n<meta property=\"og:description\" content=\"NEXA Ultra 50K Miami Mint bietet eine erfrischende Minz-Mischung mit einem Hauch S\u00fc\u00dfe \u2013 perfekt f\u00fcr einen k\u00fchlen, mentholigen Genuss.\" \/>\n<meta property=\"og:url\" content=\"https:\/\/vapingnet.de\/it\/vape\/nexa-ultra-50k-miami-mint-bietet-eine-erfrischende-minz-mischung-mit-einem-hauch-suesse-perfekt-fuer-einen-kuehlen-mentholigen-genuss\/\" \/>\n<meta property=\"og:site_name\" content=\"Vapingnet.de\" \/>\n<meta property=\"article:publisher\" content=\"https:\/\/www.facebook.com\/vapingnetde\/\" \/>\n<meta property=\"article:modified_time\" content=\"2026-04-14T06:41:05+00:00\" \/>\n<meta property=\"og:image\" content=\"https:\/\/vapingnet.de\/wp-content\/uploads\/2025\/03\/50K_MIAMI_MINT-1.png\" \/>\n\t<meta property=\"og:image:width\" content=\"1000\" \/>\n\t<meta property=\"og:image:height\" content=\"1000\" \/>\n\t<meta property=\"og:image:type\" content=\"image\/png\" \/>\n<meta name=\"twitter:card\" content=\"summary_large_image\" \/>\n<meta name=\"twitter:label1\" content=\"Est. reading time\" \/>\n\t<meta name=\"twitter:data1\" content=\"4 minutes\" \/>\n<script type=\"application\/ld+json\" class=\"yoast-schema-graph\">{\"@context\":\"https:\/\/schema.org\",\"@graph\":[{\"@type\":\"WebPage\",\"@id\":\"https:\/\/vapingnet.de\/vape\/nexa-ultra-50k-miami-mint-bietet-eine-erfrischende-minz-mischung-mit-einem-hauch-suesse-perfekt-fuer-einen-kuehlen-mentholigen-genuss\/\",\"url\":\"https:\/\/vapingnet.de\/vape\/nexa-ultra-50k-miami-mint-bietet-eine-erfrischende-minz-mischung-mit-einem-hauch-suesse-perfekt-fuer-einen-kuehlen-mentholigen-genuss\/\",\"name\":\"NEXA Ultra 50K Miami Mint bietet eine erfrischende Minz-Mischung mit einem Hauch S\u00fc\u00dfe perfekt f\u00fcr einen k\u00fchlen mentholigen Genuss | Vapingnet.de\",\"isPartOf\":{\"@id\":\"https:\/\/vapingnet.de\/#website\"},\"primaryImageOfPage\":{\"@id\":\"https:\/\/vapingnet.de\/vape\/nexa-ultra-50k-miami-mint-bietet-eine-erfrischende-minz-mischung-mit-einem-hauch-suesse-perfekt-fuer-einen-kuehlen-mentholigen-genuss\/#primaryimage\"},\"image\":{\"@id\":\"https:\/\/vapingnet.de\/vape\/nexa-ultra-50k-miami-mint-bietet-eine-erfrischende-minz-mischung-mit-einem-hauch-suesse-perfekt-fuer-einen-kuehlen-mentholigen-genuss\/#primaryimage\"},\"thumbnailUrl\":\"https:\/\/vapingnet.de\/wp-content\/uploads\/2025\/03\/50K_MIAMI_MINT-1.png\",\"datePublished\":\"2025-03-19T05:38:20+00:00\",\"dateModified\":\"2026-04-14T06:41:05+00:00\",\"description\":\"NEXA Ultra 50K Miami Mint bietet eine erfrischende Minz-Mischung mit einem Hauch S\u00fc\u00dfe \u2013 perfekt f\u00fcr einen k\u00fchlen, mentholigen Genuss.\",\"breadcrumb\":{\"@id\":\"https:\/\/vapingnet.de\/vape\/nexa-ultra-50k-miami-mint-bietet-eine-erfrischende-minz-mischung-mit-einem-hauch-suesse-perfekt-fuer-einen-kuehlen-mentholigen-genuss\/#breadcrumb\"},\"inLanguage\":\"it-IT\",\"potentialAction\":[{\"@type\":\"ReadAction\",\"target\":[\"https:\/\/vapingnet.de\/vape\/nexa-ultra-50k-miami-mint-bietet-eine-erfrischende-minz-mischung-mit-einem-hauch-suesse-perfekt-fuer-einen-kuehlen-mentholigen-genuss\/\"]}]},{\"@type\":\"ImageObject\",\"inLanguage\":\"it-IT\",\"@id\":\"https:\/\/vapingnet.de\/vape\/nexa-ultra-50k-miami-mint-bietet-eine-erfrischende-minz-mischung-mit-einem-hauch-suesse-perfekt-fuer-einen-kuehlen-mentholigen-genuss\/#primaryimage\",\"url\":\"https:\/\/vapingnet.de\/wp-content\/uploads\/2025\/03\/50K_MIAMI_MINT-1.png\",\"contentUrl\":\"https:\/\/vapingnet.de\/wp-content\/uploads\/2025\/03\/50K_MIAMI_MINT-1.png\",\"width\":1000,\"height\":1000},{\"@type\":\"BreadcrumbList\",\"@id\":\"https:\/\/vapingnet.de\/vape\/nexa-ultra-50k-miami-mint-bietet-eine-erfrischende-minz-mischung-mit-einem-hauch-suesse-perfekt-fuer-einen-kuehlen-mentholigen-genuss\/#breadcrumb\",\"itemListElement\":[{\"@type\":\"ListItem\",\"position\":1,\"name\":\"Home\",\"item\":\"https:\/\/vapingnet.de\/\"},{\"@type\":\"ListItem\",\"position\":2,\"name\":\"Shop\",\"item\":\"https:\/\/vapingnet.de\/vape\/\"},{\"@type\":\"ListItem\",\"position\":3,\"name\":\"NEXA Ultra 50K Miami Mint bietet eine erfrischende Minz-Mischung mit einem Hauch S\u00fc\u00dfe perfekt f\u00fcr einen k\u00fchlen mentholigen Genuss\"}]},{\"@type\":\"WebSite\",\"@id\":\"https:\/\/vapingnet.de\/#website\",\"url\":\"https:\/\/vapingnet.de\/\",\"name\":\"Vapingnet.de\",\"description\":\"\",\"publisher\":{\"@id\":\"https:\/\/vapingnet.de\/#organization\"},\"potentialAction\":[{\"@type\":\"SearchAction\",\"target\":{\"@type\":\"EntryPoint\",\"urlTemplate\":\"https:\/\/vapingnet.de\/?s={search_term_string}\"},\"query-input\":{\"@type\":\"PropertyValueSpecification\",\"valueRequired\":true,\"valueName\":\"search_term_string\"}}],\"inLanguage\":\"it-IT\"},{\"@type\":\"Organization\",\"@id\":\"https:\/\/vapingnet.de\/#organization\",\"name\":\"Vapingnet.de\",\"url\":\"https:\/\/vapingnet.de\/\",\"logo\":{\"@type\":\"ImageObject\",\"inLanguage\":\"it-IT\",\"@id\":\"https:\/\/vapingnet.de\/#\/schema\/logo\/image\/\",\"url\":\"https:\/\/vapingnet.de\/wp-content\/uploads\/2025\/03\/cropped-vapingnet.de_.jpg\",\"contentUrl\":\"https:\/\/vapingnet.de\/wp-content\/uploads\/2025\/03\/cropped-vapingnet.de_.jpg\",\"width\":512,\"height\":512,\"caption\":\"Vapingnet.de\"},\"image\":{\"@id\":\"https:\/\/vapingnet.de\/#\/schema\/logo\/image\/\"},\"sameAs\":[\"https:\/\/www.facebook.com\/vapingnetde\/\"]}]}<\/script>\n<!-- \/ Yoast SEO plugin. -->","yoast_head_json":{"title":"NEXA Ultra 50K Miami Mint bietet eine erfrischende Minz-Mischung mit einem Hauch S\u00fc\u00dfe perfekt f\u00fcr einen k\u00fchlen mentholigen Genuss | Vapingnet.de","description":"NEXA Ultra 50K Miami Mint bietet eine erfrischende Minz-Mischung mit einem Hauch S\u00fc\u00dfe \u2013 perfekt f\u00fcr einen k\u00fchlen, mentholigen Genuss.","robots":{"index":"index","follow":"follow","max-snippet":"max-snippet:-1","max-image-preview":"max-image-preview:large","max-video-preview":"max-video-preview:-1"},"canonical":"https:\/\/vapingnet.de\/it\/vape\/nexa-ultra-50k-miami-mint-bietet-eine-erfrischende-minz-mischung-mit-einem-hauch-suesse-perfekt-fuer-einen-kuehlen-mentholigen-genuss\/","og_locale":"it_IT","og_type":"article","og_title":"NEXA Ultra 50K Miami Mint bietet eine erfrischende Minz-Mischung mit einem Hauch S\u00fc\u00dfe perfekt f\u00fcr einen k\u00fchlen mentholigen Genuss | Vapingnet.de","og_description":"NEXA Ultra 50K Miami Mint bietet eine erfrischende Minz-Mischung mit einem Hauch S\u00fc\u00dfe \u2013 perfekt f\u00fcr einen k\u00fchlen, mentholigen Genuss.","og_url":"https:\/\/vapingnet.de\/it\/vape\/nexa-ultra-50k-miami-mint-bietet-eine-erfrischende-minz-mischung-mit-einem-hauch-suesse-perfekt-fuer-einen-kuehlen-mentholigen-genuss\/","og_site_name":"Vapingnet.de","article_publisher":"https:\/\/www.facebook.com\/vapingnetde\/","article_modified_time":"2026-04-14T06:41:05+00:00","og_image":[{"width":1000,"height":1000,"url":"https:\/\/vapingnet.de\/wp-content\/uploads\/2025\/03\/50K_MIAMI_MINT-1.png","type":"image\/png"}],"twitter_card":"summary_large_image","twitter_misc":{"Est. reading time":"4 minutes"},"schema":{"@context":"https:\/\/schema.org","@graph":[{"@type":"WebPage","@id":"https:\/\/vapingnet.de\/vape\/nexa-ultra-50k-miami-mint-bietet-eine-erfrischende-minz-mischung-mit-einem-hauch-suesse-perfekt-fuer-einen-kuehlen-mentholigen-genuss\/","url":"https:\/\/vapingnet.de\/vape\/nexa-ultra-50k-miami-mint-bietet-eine-erfrischende-minz-mischung-mit-einem-hauch-suesse-perfekt-fuer-einen-kuehlen-mentholigen-genuss\/","name":"NEXA Ultra 50K Miami Mint bietet eine erfrischende Minz-Mischung mit einem Hauch S\u00fc\u00dfe perfekt f\u00fcr einen k\u00fchlen mentholigen Genuss | Vapingnet.de","isPartOf":{"@id":"https:\/\/vapingnet.de\/#website"},"primaryImageOfPage":{"@id":"https:\/\/vapingnet.de\/vape\/nexa-ultra-50k-miami-mint-bietet-eine-erfrischende-minz-mischung-mit-einem-hauch-suesse-perfekt-fuer-einen-kuehlen-mentholigen-genuss\/#primaryimage"},"image":{"@id":"https:\/\/vapingnet.de\/vape\/nexa-ultra-50k-miami-mint-bietet-eine-erfrischende-minz-mischung-mit-einem-hauch-suesse-perfekt-fuer-einen-kuehlen-mentholigen-genuss\/#primaryimage"},"thumbnailUrl":"https:\/\/vapingnet.de\/wp-content\/uploads\/2025\/03\/50K_MIAMI_MINT-1.png","datePublished":"2025-03-19T05:38:20+00:00","dateModified":"2026-04-14T06:41:05+00:00","description":"NEXA Ultra 50K Miami Mint bietet eine erfrischende Minz-Mischung mit einem Hauch S\u00fc\u00dfe \u2013 perfekt f\u00fcr einen k\u00fchlen, mentholigen Genuss.","breadcrumb":{"@id":"https:\/\/vapingnet.de\/vape\/nexa-ultra-50k-miami-mint-bietet-eine-erfrischende-minz-mischung-mit-einem-hauch-suesse-perfekt-fuer-einen-kuehlen-mentholigen-genuss\/#breadcrumb"},"inLanguage":"it-IT","potentialAction":[{"@type":"ReadAction","target":["https:\/\/vapingnet.de\/vape\/nexa-ultra-50k-miami-mint-bietet-eine-erfrischende-minz-mischung-mit-einem-hauch-suesse-perfekt-fuer-einen-kuehlen-mentholigen-genuss\/"]}]},{"@type":"ImageObject","inLanguage":"it-IT","@id":"https:\/\/vapingnet.de\/vape\/nexa-ultra-50k-miami-mint-bietet-eine-erfrischende-minz-mischung-mit-einem-hauch-suesse-perfekt-fuer-einen-kuehlen-mentholigen-genuss\/#primaryimage","url":"https:\/\/vapingnet.de\/wp-content\/uploads\/2025\/03\/50K_MIAMI_MINT-1.png","contentUrl":"https:\/\/vapingnet.de\/wp-content\/uploads\/2025\/03\/50K_MIAMI_MINT-1.png","width":1000,"height":1000},{"@type":"BreadcrumbList","@id":"https:\/\/vapingnet.de\/vape\/nexa-ultra-50k-miami-mint-bietet-eine-erfrischende-minz-mischung-mit-einem-hauch-suesse-perfekt-fuer-einen-kuehlen-mentholigen-genuss\/#breadcrumb","itemListElement":[{"@type":"ListItem","position":1,"name":"Home","item":"https:\/\/vapingnet.de\/"},{"@type":"ListItem","position":2,"name":"Shop","item":"https:\/\/vapingnet.de\/vape\/"},{"@type":"ListItem","position":3,"name":"NEXA Ultra 50K Miami Mint bietet eine erfrischende Minz-Mischung mit einem Hauch S\u00fc\u00dfe perfekt f\u00fcr einen k\u00fchlen mentholigen Genuss"}]},{"@type":"WebSite","@id":"https:\/\/vapingnet.de\/#website","url":"https:\/\/vapingnet.de\/","name":"Vapingnet.de","description":"","publisher":{"@id":"https:\/\/vapingnet.de\/#organization"},"potentialAction":[{"@type":"SearchAction","target":{"@type":"EntryPoint","urlTemplate":"https:\/\/vapingnet.de\/?s={search_term_string}"},"query-input":{"@type":"PropertyValueSpecification","valueRequired":true,"valueName":"search_term_string"}}],"inLanguage":"it-IT"},{"@type":"Organization","@id":"https:\/\/vapingnet.de\/#organization","name":"Vapingnet.de","url":"https:\/\/vapingnet.de\/","logo":{"@type":"ImageObject","inLanguage":"it-IT","@id":"https:\/\/vapingnet.de\/#\/schema\/logo\/image\/","url":"https:\/\/vapingnet.de\/wp-content\/uploads\/2025\/03\/cropped-vapingnet.de_.jpg","contentUrl":"https:\/\/vapingnet.de\/wp-content\/uploads\/2025\/03\/cropped-vapingnet.de_.jpg","width":512,"height":512,"caption":"Vapingnet.de"},"image":{"@id":"https:\/\/vapingnet.de\/#\/schema\/logo\/image\/"},"sameAs":["https:\/\/www.facebook.com\/vapingnetde\/"]}]}},"tiered_pricing_type":"fixed","tiered_pricing_fixed_rules":[],"tiered_pricing_product_settings":{"layout":"default","base_unit_name":{"singular":null,"plural":null},"default_variation":null},"tiered_pricing_minimum_quantity":null,"tiered_pricing_roles_data":[],"tiered_pricing_percentage_rules":[],"_links":{"self":[{"href":"https:\/\/vapingnet.de\/it\/wp-json\/wp\/v2\/product\/5741","targetHints":{"allow":["GET"]}}],"collection":[{"href":"https:\/\/vapingnet.de\/it\/wp-json\/wp\/v2\/product"}],"about":[{"href":"https:\/\/vapingnet.de\/it\/wp-json\/wp\/v2\/types\/product"}],"version-history":[{"count":1,"href":"https:\/\/vapingnet.de\/it\/wp-json\/wp\/v2\/product\/5741\/revisions"}],"predecessor-version":[{"id":5766,"href":"https:\/\/vapingnet.de\/it\/wp-json\/wp\/v2\/product\/5741\/revisions\/5766"}],"wp:featuredmedia":[{"embeddable":true,"href":"https:\/\/vapingnet.de\/it\/wp-json\/wp\/v2\/media\/5717"}],"wp:attachment":[{"href":"https:\/\/vapingnet.de\/it\/wp-json\/wp\/v2\/media?parent=5741"}],"wp:term":[{"taxonomy":"brand","embeddable":true,"href":"https:\/\/vapingnet.de\/it\/wp-json\/wp\/v2\/etheme_brands?post=5741"},{"taxonomy":"product_brand","embeddable":true,"href":"https:\/\/vapingnet.de\/it\/wp-json\/wp\/v2\/product_brand?post=5741"},{"taxonomy":"product_cat","embeddable":true,"href":"https:\/\/vapingnet.de\/it\/wp-json\/wp\/v2\/product_cat?post=5741"},{"taxonomy":"product_tag","embeddable":true,"href":"https:\/\/vapingnet.de\/it\/wp-json\/wp\/v2\/product_tag?post=5741"}],"curies":[{"name":"wp","href":"https:\/\/api.w.org\/{rel}","templated":true}]}}