{"id":5743,"date":"2025-03-19T05:38:24","date_gmt":"2025-03-19T05:38:24","guid":{"rendered":"https:\/\/vapingnet.de\/?post_type=product&#038;p=5743"},"modified":"2026-04-14T06:41:05","modified_gmt":"2026-04-14T06:41:05","slug":"nexa-ultra-50k-sour-apple-ice-bringt-den-reichen-geschmack-von-gruenen-aepfeln","status":"publish","type":"product","link":"https:\/\/vapingnet.de\/it\/vape\/nexa-ultra-50k-sour-apple-ice-bringt-den-reichen-geschmack-von-gruenen-aepfeln\/","title":{"rendered":"NEXA Ultra 50K Sour Apple Ice porta il ricco sapore di mele verdi"},"content":{"rendered":"<h2 data-start=\"0\" data-end=\"112\"><strong data-start=\"0\" data-end=\"112\">NEXA Ultra 50K Puff Sigaretta Elettronica usa e getta Sour Apple Ice \u2013 La rinfrescata perfetta per gli svapatori esigenti<\/strong><\/h2>\n<p data-start=\"114\" data-end=\"504\">La NEXA Ultra 50K Puff <strong><a href=\"https:\/\/vapingnet.de\/it\/k\/einweg-e-zigarette\/\">Sigaretta elettronica usa e getta<\/a><\/strong> \u00e8 un vero innovatore nel settore delle vape usa e getta e stabilisce nuovi standard in termini di prestazioni, design e gusto. Se stai cercando un'esperienza intensa e rinfrescante che delizi il palato con una freschezza unica, allora la NEXA Ultra 50K nella variante \u00abSour Apple Ice\u00bb \u00e8 esattamente ci\u00f2 che fa per te.<\/p>\n<h3 data-start=\"506\" data-end=\"583\">1. La perfetta combinazione di dolcezza fruttata e freschezza rinfrescante<\/h3>\n<p data-start=\"585\" data-end=\"1247\">Il gusto \u00abSour Apple Ice\u00bb della NEXA Ultra 50K \u00e8 una combinazione riuscita tra la dolcezza fresca delle mele verdi e una nota ghiacciata e rinfrescante che lascia un'impressione duratura. Il sapore inizia con un'acidit\u00e0 fruttata vivace, che si trasforma immediatamente in una dolcezza leggermente agrumata, mentre la nota mentolata ghiacciata avvolge il palato in modo fresco e rinvigorente. Il risultato \u00e8 un'esperienza di svapo equilibrata e intensa, che entusiasma sia gli amanti della frutta che i fan di aromi rinfrescanti. Il gusto Sour Apple Ice \u00e8 perfetto per il consumo quotidiano e offre una sensazione di freschezza e raffreddamento ad ogni tiro.<\/p>\n<h3 data-start=\"1249\" data-end=\"1320\">2. Capacit\u00e0 eccezionale \u2013 50.000 tiri per un piacere duraturo<\/h3>\n<p data-start=\"1322\" data-end=\"1794\">Una caratteristica eccezionale di <strong><a href=\"https:\/\/vapingnet.de\/it\/nexa-ultra-50000-puffs\/\">NEXA Ultra 50K puff<\/a><\/strong> \u00e8 la sua incredibile capacit\u00e0 di <strong><a href=\"https:\/\/vapingnet.de\/it\/k\/50k-vape\/\">50k vape<\/a><\/strong>. Rispetto a molte altre vape usa e getta sul mercato, che spesso offrono un numero inferiore di tiri, la NEXA Ultra 50K si distingue per la sua durata eccezionale. Questa alta quantit\u00e0 di puff garantisce che tu possa usare la sigaretta elettronica per un lungo periodo senza preoccuparti di un rapido consumo del liquido.<\/p>\n<p data-start=\"1796\" data-end=\"2239\">Il serbatoio trasparente da 20 ml con liquido elettronico offre abbastanza scorta per un uso prolungato e garantisce allo stesso tempo di poter godere appieno dell'esperienza di gusto. Il serbatoio trasparente permette di controllare sempre il livello del liquido, cos\u00ec da non essere mai sorpreso quando la scorta sta per finire. Questo offre maggiore comodit\u00e0 e facilit\u00e0 d'uso.<\/p>\n<h3 data-start=\"2241\" data-end=\"2307\">3. Tecnologia a doppia modalit\u00e0 \u2013 Flessibilit\u00e0 per ogni piacere di svapo<\/h3>\n<p data-start=\"2309\" data-end=\"2463\">La NEXA Ultra 50K \u00e8 dotata di due modalit\u00e0 di vaporizzazione diverse, che permettono di personalizzare l'esperienza di svapo secondo le proprie preferenze.<\/p>\n<ul data-start=\"2465\" data-end=\"3339\">\n<li data-start=\"2465\" data-end=\"2846\">\n<p data-start=\"2467\" data-end=\"2846\"><strong data-start=\"2467\" data-end=\"2495\">Modalit\u00e0 Normale (50K puff):<\/strong> Questa modalit\u00e0 \u00e8 ottimizzata per una capacit\u00e0 massima di puff e garantisce una diffusione del sapore morbida e uniforme. Ideale per l'uso quotidiano, in cui la freschezza del gusto Sour Apple Ice si mette in risalto in modo armonioso. In questa modalit\u00e0 puoi goderti tutti i 50.000 tiri senza compromessi sulla qualit\u00e0 del vapore.<\/p>\n<\/li>\n<li data-start=\"2850\" data-end=\"3339\">\n<p data-start=\"2852\" data-end=\"3339\"><strong data-start=\"2852\" data-end=\"2879\">Modalit\u00e0 Turbo (30K puff):<\/strong> Se preferisci un'esperienza pi\u00f9 intensa, la modalit\u00e0 turbo \u00e8 la scelta perfetta. In questa modalit\u00e0 il vapore diventa pi\u00f9 denso e il sapore pi\u00f9 intenso, portando a un maggiore effetto di nicotina. Ideale per gli svapatori che preferiscono tiri pi\u00f9 decisi e vogliono un gusto pi\u00f9 forte del Sour Apple Ice. Sebbene la capacit\u00e0 di puff sia limitata a 30.000 tiri in modalit\u00e0 turbo, questa modalit\u00e0 offre un'esperienza di svapo potente e distintiva.<\/p>\n<\/li>\n<\/ul>\n<p data-start=\"3341\" data-end=\"3552\">Con la tecnologia a doppia modalit\u00e0, la NEXA Ultra 50K si distingue da altre vape usa e getta offrendo un uso flessibile che soddisfa le diverse esigenze e preferenze degli svapatori.<\/p>\n<h3 data-start=\"3554\" data-end=\"3608\">4. Design innovativo \u2013 Display curvo 3D moderno<\/h3>\n<p data-start=\"3610\" data-end=\"3844\">La NEXA Ultra 50K non \u00e8 solo un capolavoro tecnologico, ma anche un elemento di design di grande impatto visivo. Il dispositivo \u00e8 dotato di un display curvo 3D moderno che mostra tutte le informazioni principali a colpo d'occhio. Tra queste:<\/p>\n<ul data-start=\"3846\" data-end=\"4297\">\n<li data-start=\"3846\" data-end=\"3973\"><strong data-start=\"3848\" data-end=\"3862\">Stato della batteria:<\/strong> Puoi leggere lo stato della batteria in qualsiasi momento e sapere esattamente quando \u00e8 il momento di ricaricare il dispositivo.<\/li>\n<li data-start=\"3974\" data-end=\"4134\"><strong data-start=\"3976\" data-end=\"3992\">Livello del liquido:<\/strong> Attraverso il serbatoio trasparente, il livello del liquido \u00e8 sempre visibile, cos\u00ec puoi vedere in qualsiasi momento quanta quantit\u00e0 di liquido rimane.<\/li>\n<li data-start=\"4135\" data-end=\"4297\"><strong data-start=\"4137\" data-end=\"4155\">Indicatore modalit\u00e0:<\/strong> Visualizzazione semplice della modalit\u00e0 di vapore attuale (Normale o Turbo), in modo da poter passare rapidamente e facilmente tra le due modalit\u00e0.<\/li>\n<\/ul>\n<p data-start=\"4299\" data-end=\"4455\">Il design di alta qualit\u00e0 del display conferisce a NEXA Ultra 50K un tocco di lusso, perfettamente abbinato al suo aspetto moderno ed elegante.<\/p>\n<h3 data-start=\"4457\" data-end=\"4506\">5. Maneggevolezza pratica e facile utilizzo<\/h3>\n<p data-start=\"4508\" data-end=\"4954\">NEXA Ultra 50K \u00e8 estremamente facile da usare e si adatta perfettamente a svapatori di ogni livello di esperienza. Il dispositivo \u00e8 <strong data-start=\"4637\" data-end=\"4655\">attivato a tiraggio<\/strong>, il che significa che puoi semplicemente avvicinare e tirare per attivarlo \u2013 niente pulsanti, nessuna operazione complicata. Questa semplice gestione rende NEXA Ultra 50K una scelta pratica per l'uso quotidiano e perfetta per svapatori che cercano un'esperienza senza complicazioni.<\/p>\n<p data-start=\"4956\" data-end=\"5198\">Grazie al design compatto, il dispositivo si adatta comodamente a qualsiasi tasca e pu\u00f2 essere facilmente utilizzato in movimento. Che tu sia in viaggio verso il lavoro o fai una passeggiata, NEXA Ultra 50K \u00e8 il compagno ideale per la vita quotidiana.<\/p>\n<h3 data-start=\"5200\" data-end=\"5252\">6. Batteria potente con ricarica rapida USB-C<\/h3>\n<p data-start=\"5254\" data-end=\"5643\">Un altro vantaggio di NEXA Ultra 50K \u00e8 la potente <strong data-start=\"5318\" data-end=\"5334\">batteria da 800 mAh<\/strong>, che garantisce una lunga durata d'uso. Grazie alla <strong data-start=\"5385\" data-end=\"5408\">ricarica rapida USB-C<\/strong> puoi ricaricare il dispositivo in pochissimo tempo e tornare subito operativo. Ci\u00f2 significa che non dovrai mai dipendere da un caricatore e la tua NEXA Ultra 50K sar\u00e0 sempre pronta quando ne hai bisogno.<\/p>\n<p data-start=\"5645\" data-end=\"5869\">La tecnologia del chip ad alta efficienza energetica assicura che la potenza del dispositivo rimanga costante fino all'ultimo tiro, permettendoti di godere sempre di un'esperienza di svapo di alta qualit\u00e0, sia in modalit\u00e0 Normale che Turbo.<\/p>\n<h3 data-start=\"5871\" data-end=\"5922\">7. La scelta perfetta per utenti frequenti e rivenditori<\/h3>\n<p data-start=\"5924\" data-end=\"6374\">NEXA Ultra 50K viene fornita in una confezione pratica con <strong data-start=\"5984\" data-end=\"6003\">5 pezzi per scatola<\/strong> consegnato. Questa confezione \u00e8 ideale sia per il consumo personale sia per i rivenditori che desiderano offrire ai propri clienti un prodotto premium, che si distingue per durata e prestazioni eccezionali. L'alta capacit\u00e0 di puff e il gusto unico rendono la NEXA Ultra 50K un'offerta attraente per gli utenti frequenti e gli svapatori esigenti.<\/p>\n<h3>Perch\u00e9 dovresti assolutamente provare la NEXA Ultra 50K Sour Apple Ice<\/h3>\n<p data-start=\"6461\" data-end=\"6831\">La sigaretta elettronica usa e getta NEXA Ultra 50K Puff nella variante Sour Apple Ice \u00e8 una vera innovazione nel mercato delle vape usa e getta. Con un'enorme capacit\u00e0 di puff, una tecnologia dual-mode flessibile, un serbatoio di cristallo trasparente, un display moderno 3D curvato e una batteria potente, questo dispositivo offre tutto ci\u00f2 che desidera il cuore dello svapatore.<\/p>\n<p data-start=\"6833\" data-end=\"7157\">Il gusto Sour Apple Ice \u00e8 la combinazione perfetta tra freschezza fruttata e freschezza glaciale \u2013 ideale per gli svapatori che cercano un'esperienza intensa e rinfrescante. Con una concentrazione di nicotina di 5 %, la NEXA Ultra 50K offre un piacevole flash di nicotina, che interessa sia i principianti sia gli svapatori esperti.<\/p>\n<p data-start=\"7159\" data-end=\"7377\" data-is-last-node=\"\" data-is-only-node=\"\">Che tu stia cercando un compagno quotidiano per la tua routine di svapo o voglia offrire un prodotto straordinario per la vendita professionale, la NEXA Ultra 50K Sour Apple Ice \u00e8 sicuramente la scelta giusta.<\/p>","protected":false},"excerpt":{"rendered":"<p>NEXA Ultra 50K Puff Einweg E-Zigarette Sour Apple Ice \u2013 Die perfekte Erfrischung f\u00fcr anspruchsvolle Dampfer Die NEXA Ultra 50K Puff Einweg E-Zigarette ist ein&#8230;<\/p>","protected":false},"featured_media":5718,"template":"","meta":[],"etheme_brands":[],"product_brand":[],"product_cat":[67,49,61],"product_tag":[],"class_list":{"0":"post-5743","1":"product","2":"type-product","3":"status-publish","4":"has-post-thumbnail","6":"product_cat-50k-vape","7":"product_cat-einweg-e-zigarette","8":"product_cat-f","10":"first","11":"outofstock","12":"shipping-taxable","13":"purchasable","14":"product-type-variable"},"yoast_head":"<!-- This site is optimized with the Yoast SEO plugin v26.5 - https:\/\/yoast.com\/wordpress\/plugins\/seo\/ -->\n<title>NEXA Ultra 50K Sour Apple Ice bringt den reichen Geschmack von gr\u00fcnen \u00c4pfeln | Vapingnet.de<\/title>\n<meta name=\"description\" content=\"NEXA Ultra 50K Sour Apple Ice kombiniert den intensiven Geschmack gr\u00fcner \u00c4pfel mit einer k\u00fchlen, eisigen Note \u2013 erfrischend und fruchtig.\" \/>\n<meta name=\"robots\" content=\"index, follow, max-snippet:-1, max-image-preview:large, max-video-preview:-1\" \/>\n<link rel=\"canonical\" href=\"https:\/\/vapingnet.de\/it\/vape\/nexa-ultra-50k-sour-apple-ice-bringt-den-reichen-geschmack-von-gruenen-aepfeln\/\" \/>\n<meta property=\"og:locale\" content=\"it_IT\" \/>\n<meta property=\"og:type\" content=\"article\" \/>\n<meta property=\"og:title\" content=\"NEXA Ultra 50K Sour Apple Ice bringt den reichen Geschmack von gr\u00fcnen \u00c4pfeln | Vapingnet.de\" \/>\n<meta property=\"og:description\" content=\"NEXA Ultra 50K Sour Apple Ice kombiniert den intensiven Geschmack gr\u00fcner \u00c4pfel mit einer k\u00fchlen, eisigen Note \u2013 erfrischend und fruchtig.\" \/>\n<meta property=\"og:url\" content=\"https:\/\/vapingnet.de\/it\/vape\/nexa-ultra-50k-sour-apple-ice-bringt-den-reichen-geschmack-von-gruenen-aepfeln\/\" \/>\n<meta property=\"og:site_name\" content=\"Vapingnet.de\" \/>\n<meta property=\"article:publisher\" content=\"https:\/\/www.facebook.com\/vapingnetde\/\" \/>\n<meta property=\"article:modified_time\" content=\"2026-04-14T06:41:05+00:00\" \/>\n<meta property=\"og:image\" content=\"https:\/\/vapingnet.de\/wp-content\/uploads\/2025\/03\/50K_SOUR_APPLE_ICE-1.png\" \/>\n\t<meta property=\"og:image:width\" content=\"1000\" \/>\n\t<meta property=\"og:image:height\" content=\"1000\" \/>\n\t<meta property=\"og:image:type\" content=\"image\/png\" \/>\n<meta name=\"twitter:card\" content=\"summary_large_image\" \/>\n<meta name=\"twitter:label1\" content=\"Est. reading time\" \/>\n\t<meta name=\"twitter:data1\" content=\"6 minutes\" \/>\n<script type=\"application\/ld+json\" class=\"yoast-schema-graph\">{\"@context\":\"https:\/\/schema.org\",\"@graph\":[{\"@type\":\"WebPage\",\"@id\":\"https:\/\/vapingnet.de\/vape\/nexa-ultra-50k-sour-apple-ice-bringt-den-reichen-geschmack-von-gruenen-aepfeln\/\",\"url\":\"https:\/\/vapingnet.de\/vape\/nexa-ultra-50k-sour-apple-ice-bringt-den-reichen-geschmack-von-gruenen-aepfeln\/\",\"name\":\"NEXA Ultra 50K Sour Apple Ice bringt den reichen Geschmack von gr\u00fcnen \u00c4pfeln | Vapingnet.de\",\"isPartOf\":{\"@id\":\"https:\/\/vapingnet.de\/#website\"},\"primaryImageOfPage\":{\"@id\":\"https:\/\/vapingnet.de\/vape\/nexa-ultra-50k-sour-apple-ice-bringt-den-reichen-geschmack-von-gruenen-aepfeln\/#primaryimage\"},\"image\":{\"@id\":\"https:\/\/vapingnet.de\/vape\/nexa-ultra-50k-sour-apple-ice-bringt-den-reichen-geschmack-von-gruenen-aepfeln\/#primaryimage\"},\"thumbnailUrl\":\"https:\/\/vapingnet.de\/wp-content\/uploads\/2025\/03\/50K_SOUR_APPLE_ICE-1.png\",\"datePublished\":\"2025-03-19T05:38:24+00:00\",\"dateModified\":\"2026-04-14T06:41:05+00:00\",\"description\":\"NEXA Ultra 50K Sour Apple Ice kombiniert den intensiven Geschmack gr\u00fcner \u00c4pfel mit einer k\u00fchlen, eisigen Note \u2013 erfrischend und fruchtig.\",\"breadcrumb\":{\"@id\":\"https:\/\/vapingnet.de\/vape\/nexa-ultra-50k-sour-apple-ice-bringt-den-reichen-geschmack-von-gruenen-aepfeln\/#breadcrumb\"},\"inLanguage\":\"it-IT\",\"potentialAction\":[{\"@type\":\"ReadAction\",\"target\":[\"https:\/\/vapingnet.de\/vape\/nexa-ultra-50k-sour-apple-ice-bringt-den-reichen-geschmack-von-gruenen-aepfeln\/\"]}]},{\"@type\":\"ImageObject\",\"inLanguage\":\"it-IT\",\"@id\":\"https:\/\/vapingnet.de\/vape\/nexa-ultra-50k-sour-apple-ice-bringt-den-reichen-geschmack-von-gruenen-aepfeln\/#primaryimage\",\"url\":\"https:\/\/vapingnet.de\/wp-content\/uploads\/2025\/03\/50K_SOUR_APPLE_ICE-1.png\",\"contentUrl\":\"https:\/\/vapingnet.de\/wp-content\/uploads\/2025\/03\/50K_SOUR_APPLE_ICE-1.png\",\"width\":1000,\"height\":1000},{\"@type\":\"BreadcrumbList\",\"@id\":\"https:\/\/vapingnet.de\/vape\/nexa-ultra-50k-sour-apple-ice-bringt-den-reichen-geschmack-von-gruenen-aepfeln\/#breadcrumb\",\"itemListElement\":[{\"@type\":\"ListItem\",\"position\":1,\"name\":\"Home\",\"item\":\"https:\/\/vapingnet.de\/\"},{\"@type\":\"ListItem\",\"position\":2,\"name\":\"Shop\",\"item\":\"https:\/\/vapingnet.de\/vape\/\"},{\"@type\":\"ListItem\",\"position\":3,\"name\":\"NEXA Ultra 50K Sour Apple Ice bringt den reichen Geschmack von gr\u00fcnen \u00c4pfeln\"}]},{\"@type\":\"WebSite\",\"@id\":\"https:\/\/vapingnet.de\/#website\",\"url\":\"https:\/\/vapingnet.de\/\",\"name\":\"Vapingnet.de\",\"description\":\"\",\"publisher\":{\"@id\":\"https:\/\/vapingnet.de\/#organization\"},\"potentialAction\":[{\"@type\":\"SearchAction\",\"target\":{\"@type\":\"EntryPoint\",\"urlTemplate\":\"https:\/\/vapingnet.de\/?s={search_term_string}\"},\"query-input\":{\"@type\":\"PropertyValueSpecification\",\"valueRequired\":true,\"valueName\":\"search_term_string\"}}],\"inLanguage\":\"it-IT\"},{\"@type\":\"Organization\",\"@id\":\"https:\/\/vapingnet.de\/#organization\",\"name\":\"Vapingnet.de\",\"url\":\"https:\/\/vapingnet.de\/\",\"logo\":{\"@type\":\"ImageObject\",\"inLanguage\":\"it-IT\",\"@id\":\"https:\/\/vapingnet.de\/#\/schema\/logo\/image\/\",\"url\":\"https:\/\/vapingnet.de\/wp-content\/uploads\/2025\/03\/cropped-vapingnet.de_.jpg\",\"contentUrl\":\"https:\/\/vapingnet.de\/wp-content\/uploads\/2025\/03\/cropped-vapingnet.de_.jpg\",\"width\":512,\"height\":512,\"caption\":\"Vapingnet.de\"},\"image\":{\"@id\":\"https:\/\/vapingnet.de\/#\/schema\/logo\/image\/\"},\"sameAs\":[\"https:\/\/www.facebook.com\/vapingnetde\/\"]}]}<\/script>\n<!-- \/ Yoast SEO plugin. -->","yoast_head_json":{"title":"NEXA Ultra 50K Sour Apple Ice bringt den reichen Geschmack von gr\u00fcnen \u00c4pfeln | Vapingnet.de","description":"NEXA Ultra 50K Sour Apple Ice kombiniert den intensiven Geschmack gr\u00fcner \u00c4pfel mit einer k\u00fchlen, eisigen Note \u2013 erfrischend und fruchtig.","robots":{"index":"index","follow":"follow","max-snippet":"max-snippet:-1","max-image-preview":"max-image-preview:large","max-video-preview":"max-video-preview:-1"},"canonical":"https:\/\/vapingnet.de\/it\/vape\/nexa-ultra-50k-sour-apple-ice-bringt-den-reichen-geschmack-von-gruenen-aepfeln\/","og_locale":"it_IT","og_type":"article","og_title":"NEXA Ultra 50K Sour Apple Ice bringt den reichen Geschmack von gr\u00fcnen \u00c4pfeln | Vapingnet.de","og_description":"NEXA Ultra 50K Sour Apple Ice kombiniert den intensiven Geschmack gr\u00fcner \u00c4pfel mit einer k\u00fchlen, eisigen Note \u2013 erfrischend und fruchtig.","og_url":"https:\/\/vapingnet.de\/it\/vape\/nexa-ultra-50k-sour-apple-ice-bringt-den-reichen-geschmack-von-gruenen-aepfeln\/","og_site_name":"Vapingnet.de","article_publisher":"https:\/\/www.facebook.com\/vapingnetde\/","article_modified_time":"2026-04-14T06:41:05+00:00","og_image":[{"width":1000,"height":1000,"url":"https:\/\/vapingnet.de\/wp-content\/uploads\/2025\/03\/50K_SOUR_APPLE_ICE-1.png","type":"image\/png"}],"twitter_card":"summary_large_image","twitter_misc":{"Est. reading time":"6 minutes"},"schema":{"@context":"https:\/\/schema.org","@graph":[{"@type":"WebPage","@id":"https:\/\/vapingnet.de\/vape\/nexa-ultra-50k-sour-apple-ice-bringt-den-reichen-geschmack-von-gruenen-aepfeln\/","url":"https:\/\/vapingnet.de\/vape\/nexa-ultra-50k-sour-apple-ice-bringt-den-reichen-geschmack-von-gruenen-aepfeln\/","name":"NEXA Ultra 50K Sour Apple Ice bringt den reichen Geschmack von gr\u00fcnen \u00c4pfeln | Vapingnet.de","isPartOf":{"@id":"https:\/\/vapingnet.de\/#website"},"primaryImageOfPage":{"@id":"https:\/\/vapingnet.de\/vape\/nexa-ultra-50k-sour-apple-ice-bringt-den-reichen-geschmack-von-gruenen-aepfeln\/#primaryimage"},"image":{"@id":"https:\/\/vapingnet.de\/vape\/nexa-ultra-50k-sour-apple-ice-bringt-den-reichen-geschmack-von-gruenen-aepfeln\/#primaryimage"},"thumbnailUrl":"https:\/\/vapingnet.de\/wp-content\/uploads\/2025\/03\/50K_SOUR_APPLE_ICE-1.png","datePublished":"2025-03-19T05:38:24+00:00","dateModified":"2026-04-14T06:41:05+00:00","description":"NEXA Ultra 50K Sour Apple Ice kombiniert den intensiven Geschmack gr\u00fcner \u00c4pfel mit einer k\u00fchlen, eisigen Note \u2013 erfrischend und fruchtig.","breadcrumb":{"@id":"https:\/\/vapingnet.de\/vape\/nexa-ultra-50k-sour-apple-ice-bringt-den-reichen-geschmack-von-gruenen-aepfeln\/#breadcrumb"},"inLanguage":"it-IT","potentialAction":[{"@type":"ReadAction","target":["https:\/\/vapingnet.de\/vape\/nexa-ultra-50k-sour-apple-ice-bringt-den-reichen-geschmack-von-gruenen-aepfeln\/"]}]},{"@type":"ImageObject","inLanguage":"it-IT","@id":"https:\/\/vapingnet.de\/vape\/nexa-ultra-50k-sour-apple-ice-bringt-den-reichen-geschmack-von-gruenen-aepfeln\/#primaryimage","url":"https:\/\/vapingnet.de\/wp-content\/uploads\/2025\/03\/50K_SOUR_APPLE_ICE-1.png","contentUrl":"https:\/\/vapingnet.de\/wp-content\/uploads\/2025\/03\/50K_SOUR_APPLE_ICE-1.png","width":1000,"height":1000},{"@type":"BreadcrumbList","@id":"https:\/\/vapingnet.de\/vape\/nexa-ultra-50k-sour-apple-ice-bringt-den-reichen-geschmack-von-gruenen-aepfeln\/#breadcrumb","itemListElement":[{"@type":"ListItem","position":1,"name":"Home","item":"https:\/\/vapingnet.de\/"},{"@type":"ListItem","position":2,"name":"Shop","item":"https:\/\/vapingnet.de\/vape\/"},{"@type":"ListItem","position":3,"name":"NEXA Ultra 50K Sour Apple Ice bringt den reichen Geschmack von gr\u00fcnen \u00c4pfeln"}]},{"@type":"WebSite","@id":"https:\/\/vapingnet.de\/#website","url":"https:\/\/vapingnet.de\/","name":"Vapingnet.de","description":"","publisher":{"@id":"https:\/\/vapingnet.de\/#organization"},"potentialAction":[{"@type":"SearchAction","target":{"@type":"EntryPoint","urlTemplate":"https:\/\/vapingnet.de\/?s={search_term_string}"},"query-input":{"@type":"PropertyValueSpecification","valueRequired":true,"valueName":"search_term_string"}}],"inLanguage":"it-IT"},{"@type":"Organization","@id":"https:\/\/vapingnet.de\/#organization","name":"Vapingnet.de","url":"https:\/\/vapingnet.de\/","logo":{"@type":"ImageObject","inLanguage":"it-IT","@id":"https:\/\/vapingnet.de\/#\/schema\/logo\/image\/","url":"https:\/\/vapingnet.de\/wp-content\/uploads\/2025\/03\/cropped-vapingnet.de_.jpg","contentUrl":"https:\/\/vapingnet.de\/wp-content\/uploads\/2025\/03\/cropped-vapingnet.de_.jpg","width":512,"height":512,"caption":"Vapingnet.de"},"image":{"@id":"https:\/\/vapingnet.de\/#\/schema\/logo\/image\/"},"sameAs":["https:\/\/www.facebook.com\/vapingnetde\/"]}]}},"tiered_pricing_type":"fixed","tiered_pricing_fixed_rules":[],"tiered_pricing_product_settings":{"layout":"default","base_unit_name":{"singular":null,"plural":null},"default_variation":null},"tiered_pricing_minimum_quantity":null,"tiered_pricing_roles_data":[],"tiered_pricing_percentage_rules":[],"_links":{"self":[{"href":"https:\/\/vapingnet.de\/it\/wp-json\/wp\/v2\/product\/5743","targetHints":{"allow":["GET"]}}],"collection":[{"href":"https:\/\/vapingnet.de\/it\/wp-json\/wp\/v2\/product"}],"about":[{"href":"https:\/\/vapingnet.de\/it\/wp-json\/wp\/v2\/types\/product"}],"version-history":[{"count":1,"href":"https:\/\/vapingnet.de\/it\/wp-json\/wp\/v2\/product\/5743\/revisions"}],"predecessor-version":[{"id":5767,"href":"https:\/\/vapingnet.de\/it\/wp-json\/wp\/v2\/product\/5743\/revisions\/5767"}],"wp:featuredmedia":[{"embeddable":true,"href":"https:\/\/vapingnet.de\/it\/wp-json\/wp\/v2\/media\/5718"}],"wp:attachment":[{"href":"https:\/\/vapingnet.de\/it\/wp-json\/wp\/v2\/media?parent=5743"}],"wp:term":[{"taxonomy":"brand","embeddable":true,"href":"https:\/\/vapingnet.de\/it\/wp-json\/wp\/v2\/etheme_brands?post=5743"},{"taxonomy":"product_brand","embeddable":true,"href":"https:\/\/vapingnet.de\/it\/wp-json\/wp\/v2\/product_brand?post=5743"},{"taxonomy":"product_cat","embeddable":true,"href":"https:\/\/vapingnet.de\/it\/wp-json\/wp\/v2\/product_cat?post=5743"},{"taxonomy":"product_tag","embeddable":true,"href":"https:\/\/vapingnet.de\/it\/wp-json\/wp\/v2\/product_tag?post=5743"}],"curies":[{"name":"wp","href":"https:\/\/api.w.org\/{rel}","templated":true}]}}